{"id":8193,"date":"2019-11-07T11:17:56","date_gmt":"2019-11-07T10:17:56","guid":{"rendered":"https:\/\/www.casavio.com\/umgebung\/venezia-e-isole\/"},"modified":"2020-02-17T14:24:11","modified_gmt":"2020-02-17T13:24:11","slug":"venedig-und-lagune","status":"publish","type":"page","link":"https:\/\/www.casavio.com\/de\/umgebung\/venedig-und-lagune\/","title":{"rendered":"Venedig und die Lagune"},"content":{"rendered":"<p>Der Campingplatz Ca&#8217;Savio blickt auf das Meer und die Lagune von Venedig liegt befindet sich dahinter. Sie k\u00f6nnen das historische Zentrum nach einer kurzen Bootsfahrt erreichen. Hier finden Sie alle n\u00fctzlichen Informationen f\u00fcr Ihren Besuch.<\/p>\n","protected":false},"excerpt":{"rendered":"<p>Alle Informationen, um Venedig von dem Campingplatz Ca&#8217;Savio zu erreichen.<\/p>\n","protected":false},"author":3,"featured_media":4656,"parent":8177,"menu_order":79,"comment_status":"closed","ping_status":"closed","template":"templates\/tpl-children-with-intro.php","meta":{"_acf_changed":false},"class_list":["post-8193","page","type-page","status-publish","has-post-thumbnail","hentry"],"acf":[],"yoast_head":"<!-- This site is optimized with the Yoast SEO plugin v25.3 - https:\/\/yoast.com\/wordpress\/plugins\/seo\/ -->\n<title>Von Cavallino Treporti Venedig und die Lagune besichtigen &#8211; Camping Ca&#039; Savio<\/title>\n<meta name=\"description\" content=\"Vom Campingplatz Ca\u2019Savio in Cavallino ist Venedig einfach zu erreichen. Von Punta Sabbioni k\u00f6nnen Sie mit dem Vaporetto durch die Lagune nach Venedig fahren.\" \/>\n<meta name=\"robots\" content=\"index, follow, max-snippet:-1, max-image-preview:large, max-video-preview:-1\" \/>\n<link rel=\"canonical\" href=\"https:\/\/www.casavio.com\/de\/umgebung\/venedig-und-lagune\/\" \/>\n<meta property=\"og:locale\" content=\"de_DE\" \/>\n<meta property=\"og:type\" content=\"article\" \/>\n<meta property=\"og:title\" content=\"Von Cavallino Treporti Venedig und die Lagune besichtigen &#8211; Camping Ca&#039; Savio\" \/>\n<meta property=\"og:description\" content=\"Vom Campingplatz Ca\u2019Savio in Cavallino ist Venedig einfach zu erreichen. Von Punta Sabbioni k\u00f6nnen Sie mit dem Vaporetto durch die Lagune nach Venedig fahren.\" \/>\n<meta property=\"og:url\" content=\"https:\/\/www.casavio.com\/de\/umgebung\/venedig-und-lagune\/\" \/>\n<meta property=\"og:site_name\" content=\"Camping Ca&#039; Savio\" \/>\n<meta property=\"article:publisher\" content=\"https:\/\/www.facebook.com\/campingcasavio\" \/>\n<meta property=\"article:modified_time\" content=\"2020-02-17T13:24:11+00:00\" \/>\n<meta property=\"og:image\" content=\"https:\/\/www.casavio.com\/wp-content\/uploads\/2019\/11\/ca-savio-territorio-venezia.jpg\" \/>\n\t<meta property=\"og:image:width\" content=\"440\" \/>\n\t<meta property=\"og:image:height\" content=\"600\" \/>\n\t<meta property=\"og:image:type\" content=\"image\/jpeg\" \/>\n<meta name=\"twitter:card\" content=\"summary_large_image\" \/>\n<script type=\"application\/ld+json\" class=\"yoast-schema-graph\">{\"@context\":\"https:\/\/schema.org\",\"@graph\":[{\"@type\":\"WebPage\",\"@id\":\"https:\/\/www.casavio.com\/de\/umgebung\/venedig-und-lagune\/\",\"url\":\"https:\/\/www.casavio.com\/de\/umgebung\/venedig-und-lagune\/\",\"name\":\"Von Cavallino Treporti Venedig und die Lagune besichtigen &#8211; Camping Ca&#039; Savio\",\"isPartOf\":{\"@id\":\"https:\/\/www.casavio.com\/de\/#website\"},\"primaryImageOfPage\":{\"@id\":\"https:\/\/www.casavio.com\/de\/umgebung\/venedig-und-lagune\/#primaryimage\"},\"image\":{\"@id\":\"https:\/\/www.casavio.com\/de\/umgebung\/venedig-und-lagune\/#primaryimage\"},\"thumbnailUrl\":\"https:\/\/www.casavio.com\/wp-content\/uploads\/2019\/11\/ca-savio-territorio-venezia.jpg\",\"datePublished\":\"2019-11-07T10:17:56+00:00\",\"dateModified\":\"2020-02-17T13:24:11+00:00\",\"description\":\"Vom Campingplatz Ca\u2019Savio in Cavallino ist Venedig einfach zu erreichen. Von Punta Sabbioni k\u00f6nnen Sie mit dem Vaporetto durch die Lagune nach Venedig fahren.\",\"breadcrumb\":{\"@id\":\"https:\/\/www.casavio.com\/de\/umgebung\/venedig-und-lagune\/#breadcrumb\"},\"inLanguage\":\"de\",\"potentialAction\":[{\"@type\":\"ReadAction\",\"target\":[\"https:\/\/www.casavio.com\/de\/umgebung\/venedig-und-lagune\/\"]}]},{\"@type\":\"ImageObject\",\"inLanguage\":\"de\",\"@id\":\"https:\/\/www.casavio.com\/de\/umgebung\/venedig-und-lagune\/#primaryimage\",\"url\":\"https:\/\/www.casavio.com\/wp-content\/uploads\/2019\/11\/ca-savio-territorio-venezia.jpg\",\"contentUrl\":\"https:\/\/www.casavio.com\/wp-content\/uploads\/2019\/11\/ca-savio-territorio-venezia.jpg\",\"width\":440,\"height\":600},{\"@type\":\"BreadcrumbList\",\"@id\":\"https:\/\/www.casavio.com\/de\/umgebung\/venedig-und-lagune\/#breadcrumb\",\"itemListElement\":[{\"@type\":\"ListItem\",\"position\":1,\"name\":\"Home\",\"item\":\"https:\/\/www.casavio.com\/de\/\"},{\"@type\":\"ListItem\",\"position\":2,\"name\":\"Umgebung\",\"item\":\"https:\/\/www.casavio.com\/de\/umgebung\/\"},{\"@type\":\"ListItem\",\"position\":3,\"name\":\"Venedig und die Lagune\"}]},{\"@type\":\"WebSite\",\"@id\":\"https:\/\/www.casavio.com\/de\/#website\",\"url\":\"https:\/\/www.casavio.com\/de\/\",\"name\":\"Camping Ca&#039; Savio\",\"description\":\"\",\"publisher\":{\"@id\":\"https:\/\/www.casavio.com\/de\/#organization\"},\"potentialAction\":[{\"@type\":\"SearchAction\",\"target\":{\"@type\":\"EntryPoint\",\"urlTemplate\":\"https:\/\/www.casavio.com\/de\/?s={search_term_string}\"},\"query-input\":{\"@type\":\"PropertyValueSpecification\",\"valueRequired\":true,\"valueName\":\"search_term_string\"}}],\"inLanguage\":\"de\"},{\"@type\":\"Organization\",\"@id\":\"https:\/\/www.casavio.com\/de\/#organization\",\"name\":\"Camping Ca'Savio\",\"url\":\"https:\/\/www.casavio.com\/de\/\",\"logo\":{\"@type\":\"ImageObject\",\"inLanguage\":\"de\",\"@id\":\"https:\/\/www.casavio.com\/de\/#\/schema\/logo\/image\/\",\"url\":\"https:\/\/www.casavio.com\/wp-content\/uploads\/2024\/04\/favicon.png\",\"contentUrl\":\"https:\/\/www.casavio.com\/wp-content\/uploads\/2024\/04\/favicon.png\",\"width\":144,\"height\":144,\"caption\":\"Camping Ca'Savio\"},\"image\":{\"@id\":\"https:\/\/www.casavio.com\/de\/#\/schema\/logo\/image\/\"},\"sameAs\":[\"https:\/\/www.facebook.com\/campingcasavio\",\"https:\/\/www.instagram.com\/campingcasavio\",\"https:\/\/www.youtube.com\/user\/campingcasavio\"]}]}<\/script>\n<!-- \/ Yoast SEO plugin. -->","yoast_head_json":{"title":"Von Cavallino Treporti Venedig und die Lagune besichtigen &#8211; Camping Ca&#039; Savio","description":"Vom Campingplatz Ca\u2019Savio in Cavallino ist Venedig einfach zu erreichen. Von Punta Sabbioni k\u00f6nnen Sie mit dem Vaporetto durch die Lagune nach Venedig fahren.","robots":{"index":"index","follow":"follow","max-snippet":"max-snippet:-1","max-image-preview":"max-image-preview:large","max-video-preview":"max-video-preview:-1"},"canonical":"https:\/\/www.casavio.com\/de\/umgebung\/venedig-und-lagune\/","og_locale":"de_DE","og_type":"article","og_title":"Von Cavallino Treporti Venedig und die Lagune besichtigen &#8211; Camping Ca&#039; Savio","og_description":"Vom Campingplatz Ca\u2019Savio in Cavallino ist Venedig einfach zu erreichen. Von Punta Sabbioni k\u00f6nnen Sie mit dem Vaporetto durch die Lagune nach Venedig fahren.","og_url":"https:\/\/www.casavio.com\/de\/umgebung\/venedig-und-lagune\/","og_site_name":"Camping Ca&#039; Savio","article_publisher":"https:\/\/www.facebook.com\/campingcasavio","article_modified_time":"2020-02-17T13:24:11+00:00","og_image":[{"width":440,"height":600,"url":"https:\/\/www.casavio.com\/wp-content\/uploads\/2019\/11\/ca-savio-territorio-venezia.jpg","type":"image\/jpeg"}],"twitter_card":"summary_large_image","schema":{"@context":"https:\/\/schema.org","@graph":[{"@type":"WebPage","@id":"https:\/\/www.casavio.com\/de\/umgebung\/venedig-und-lagune\/","url":"https:\/\/www.casavio.com\/de\/umgebung\/venedig-und-lagune\/","name":"Von Cavallino Treporti Venedig und die Lagune besichtigen &#8211; Camping Ca&#039; Savio","isPartOf":{"@id":"https:\/\/www.casavio.com\/de\/#website"},"primaryImageOfPage":{"@id":"https:\/\/www.casavio.com\/de\/umgebung\/venedig-und-lagune\/#primaryimage"},"image":{"@id":"https:\/\/www.casavio.com\/de\/umgebung\/venedig-und-lagune\/#primaryimage"},"thumbnailUrl":"https:\/\/www.casavio.com\/wp-content\/uploads\/2019\/11\/ca-savio-territorio-venezia.jpg","datePublished":"2019-11-07T10:17:56+00:00","dateModified":"2020-02-17T13:24:11+00:00","description":"Vom Campingplatz Ca\u2019Savio in Cavallino ist Venedig einfach zu erreichen. Von Punta Sabbioni k\u00f6nnen Sie mit dem Vaporetto durch die Lagune nach Venedig fahren.","breadcrumb":{"@id":"https:\/\/www.casavio.com\/de\/umgebung\/venedig-und-lagune\/#breadcrumb"},"inLanguage":"de","potentialAction":[{"@type":"ReadAction","target":["https:\/\/www.casavio.com\/de\/umgebung\/venedig-und-lagune\/"]}]},{"@type":"ImageObject","inLanguage":"de","@id":"https:\/\/www.casavio.com\/de\/umgebung\/venedig-und-lagune\/#primaryimage","url":"https:\/\/www.casavio.com\/wp-content\/uploads\/2019\/11\/ca-savio-territorio-venezia.jpg","contentUrl":"https:\/\/www.casavio.com\/wp-content\/uploads\/2019\/11\/ca-savio-territorio-venezia.jpg","width":440,"height":600},{"@type":"BreadcrumbList","@id":"https:\/\/www.casavio.com\/de\/umgebung\/venedig-und-lagune\/#breadcrumb","itemListElement":[{"@type":"ListItem","position":1,"name":"Home","item":"https:\/\/www.casavio.com\/de\/"},{"@type":"ListItem","position":2,"name":"Umgebung","item":"https:\/\/www.casavio.com\/de\/umgebung\/"},{"@type":"ListItem","position":3,"name":"Venedig und die Lagune"}]},{"@type":"WebSite","@id":"https:\/\/www.casavio.com\/de\/#website","url":"https:\/\/www.casavio.com\/de\/","name":"Camping Ca&#039; Savio","description":"","publisher":{"@id":"https:\/\/www.casavio.com\/de\/#organization"},"potentialAction":[{"@type":"SearchAction","target":{"@type":"EntryPoint","urlTemplate":"https:\/\/www.casavio.com\/de\/?s={search_term_string}"},"query-input":{"@type":"PropertyValueSpecification","valueRequired":true,"valueName":"search_term_string"}}],"inLanguage":"de"},{"@type":"Organization","@id":"https:\/\/www.casavio.com\/de\/#organization","name":"Camping Ca'Savio","url":"https:\/\/www.casavio.com\/de\/","logo":{"@type":"ImageObject","inLanguage":"de","@id":"https:\/\/www.casavio.com\/de\/#\/schema\/logo\/image\/","url":"https:\/\/www.casavio.com\/wp-content\/uploads\/2024\/04\/favicon.png","contentUrl":"https:\/\/www.casavio.com\/wp-content\/uploads\/2024\/04\/favicon.png","width":144,"height":144,"caption":"Camping Ca'Savio"},"image":{"@id":"https:\/\/www.casavio.com\/de\/#\/schema\/logo\/image\/"},"sameAs":["https:\/\/www.facebook.com\/campingcasavio","https:\/\/www.instagram.com\/campingcasavio","https:\/\/www.youtube.com\/user\/campingcasavio"]}]}},"_links":{"self":[{"href":"https:\/\/www.casavio.com\/de\/wp-json\/wp\/v2\/pages\/8193","targetHints":{"allow":["GET"]}}],"collection":[{"href":"https:\/\/www.casavio.com\/de\/wp-json\/wp\/v2\/pages"}],"about":[{"href":"https:\/\/www.casavio.com\/de\/wp-json\/wp\/v2\/types\/page"}],"author":[{"embeddable":true,"href":"https:\/\/www.casavio.com\/de\/wp-json\/wp\/v2\/users\/3"}],"replies":[{"embeddable":true,"href":"https:\/\/www.casavio.com\/de\/wp-json\/wp\/v2\/comments?post=8193"}],"version-history":[{"count":2,"href":"https:\/\/www.casavio.com\/de\/wp-json\/wp\/v2\/pages\/8193\/revisions"}],"predecessor-version":[{"id":8195,"href":"https:\/\/www.casavio.com\/de\/wp-json\/wp\/v2\/pages\/8193\/revisions\/8195"}],"up":[{"embeddable":true,"href":"https:\/\/www.casavio.com\/de\/wp-json\/wp\/v2\/pages\/8177"}],"wp:featuredmedia":[{"embeddable":true,"href":"https:\/\/www.casavio.com\/de\/wp-json\/wp\/v2\/media\/4656"}],"wp:attachment":[{"href":"https:\/\/www.casavio.com\/de\/wp-json\/wp\/v2\/media?parent=8193"}],"curies":[{"name":"wp","href":"https:\/\/api.w.org\/{rel}","templated":true}]}}