{"id":8207,"date":"2019-11-27T09:50:06","date_gmt":"2019-11-27T08:50:06","guid":{"rendered":"https:\/\/www.casavio.com\/umgebung\/venedig-und-lagune\/visitare-venezia-e-le-isole\/"},"modified":"2025-12-10T10:36:59","modified_gmt":"2025-12-10T09:36:59","slug":"venedig-und-die-inseln","status":"publish","type":"page","link":"https:\/\/www.casavio.com\/de\/umgebung\/venedig-und-lagune\/venedig-und-die-inseln\/","title":{"rendered":"Venedig und die Inseln"},"content":{"rendered":"<p>Ein Besuch nach Venedig lohnt sich immer, auch wenn Sie die Stadt schon kennen.<\/p>\n<p>Vom Camping Ca\u2019Savio aus ist es einfach Venedig zu <a href=\"https:\/\/www.casavio.com\/de\/umgebung\/venedig-und-lagune\/verbindungen-nach-venedig\/\">erreichen<\/a>. Mit Abfahrt von Punta Sabbioni, k\u00f6nnen Sie <strong>mit dem Schiff<\/strong> durch der Lagune fahren und in Markusplatz aussteigen. Von dort k\u00f6nnen Sie die Stadt und ihren \u201cCalli\u201d (Gassen), Kan\u00e4len Museen und Denkm\u00e4lern besuchen.<br \/>\nDie Insel von <a href=\"https:\/\/www.casavio.com\/de\/umgebung\/venedig-und-lagune\/verbindungen-zu-den-inseln\/\">Burano, Murano und Torcello<\/a>, welche f\u00fcr Spitzenstoffe, Glas und f\u00fcr ihre besondere Sch\u00f6nheit bekannt sind, sind nicht weit vom Campingplatz enfernt.<\/p>\n","protected":false},"excerpt":{"rendered":"<p>Informationen, um Venedig zu besichtigen.<\/p>\n","protected":false},"author":4,"featured_media":4754,"parent":8193,"menu_order":0,"comment_status":"closed","ping_status":"closed","template":"","meta":{"_acf_changed":false},"class_list":["post-8207","page","type-page","status-publish","has-post-thumbnail","hentry"],"acf":[],"yoast_head":"<!-- This site is optimized with the Yoast SEO plugin v25.3 - https:\/\/yoast.com\/wordpress\/plugins\/seo\/ -->\n<title>Von Cavallino Treporti Venedig und die Lagune besichtigen &#8211; Camping Ca&#039; Savio<\/title>\n<meta name=\"description\" content=\"Vom Campingplatz Ca\u2019Savio in Cavallino ist Venedig einfach zu erreichen. Von Punta Sabbioni k\u00f6nnen Sie mit dem Vaporetto durch die Lagune nach Venedig fahren.\" \/>\n<meta name=\"robots\" content=\"index, follow, max-snippet:-1, max-image-preview:large, max-video-preview:-1\" \/>\n<link rel=\"canonical\" href=\"https:\/\/www.casavio.com\/de\/umgebung\/venedig-und-lagune\/venedig-und-die-inseln\/\" \/>\n<meta property=\"og:locale\" content=\"de_DE\" \/>\n<meta property=\"og:type\" content=\"article\" \/>\n<meta property=\"og:title\" content=\"Von Cavallino Treporti Venedig und die Lagune besichtigen &#8211; Camping Ca&#039; Savio\" \/>\n<meta property=\"og:description\" content=\"Vom Campingplatz Ca\u2019Savio in Cavallino ist Venedig einfach zu erreichen. Von Punta Sabbioni k\u00f6nnen Sie mit dem Vaporetto durch die Lagune nach Venedig fahren.\" \/>\n<meta property=\"og:url\" content=\"https:\/\/www.casavio.com\/de\/umgebung\/venedig-und-lagune\/venedig-und-die-inseln\/\" \/>\n<meta property=\"og:site_name\" content=\"Camping Ca&#039; Savio\" \/>\n<meta property=\"article:publisher\" content=\"https:\/\/www.facebook.com\/campingcasavio\" \/>\n<meta property=\"article:modified_time\" content=\"2025-12-10T09:36:59+00:00\" \/>\n<meta property=\"og:image\" content=\"https:\/\/www.casavio.com\/wp-content\/uploads\/2019\/11\/ca-savio-territorio-venezia-visitare-venezia.jpg\" \/>\n\t<meta property=\"og:image:width\" content=\"440\" \/>\n\t<meta property=\"og:image:height\" content=\"600\" \/>\n\t<meta property=\"og:image:type\" content=\"image\/jpeg\" \/>\n<meta name=\"twitter:card\" content=\"summary_large_image\" \/>\n<meta name=\"twitter:label1\" content=\"Gesch\u00e4tzte Lesezeit\" \/>\n\t<meta name=\"twitter:data1\" content=\"1\u00a0Minute\" \/>\n<script type=\"application\/ld+json\" class=\"yoast-schema-graph\">{\"@context\":\"https:\/\/schema.org\",\"@graph\":[{\"@type\":\"WebPage\",\"@id\":\"https:\/\/www.casavio.com\/de\/umgebung\/venedig-und-lagune\/venedig-und-die-inseln\/\",\"url\":\"https:\/\/www.casavio.com\/de\/umgebung\/venedig-und-lagune\/venedig-und-die-inseln\/\",\"name\":\"Von Cavallino Treporti Venedig und die Lagune besichtigen &#8211; Camping Ca&#039; Savio\",\"isPartOf\":{\"@id\":\"https:\/\/www.casavio.com\/de\/#website\"},\"primaryImageOfPage\":{\"@id\":\"https:\/\/www.casavio.com\/de\/umgebung\/venedig-und-lagune\/venedig-und-die-inseln\/#primaryimage\"},\"image\":{\"@id\":\"https:\/\/www.casavio.com\/de\/umgebung\/venedig-und-lagune\/venedig-und-die-inseln\/#primaryimage\"},\"thumbnailUrl\":\"https:\/\/www.casavio.com\/wp-content\/uploads\/2019\/11\/ca-savio-territorio-venezia-visitare-venezia.jpg\",\"datePublished\":\"2019-11-27T08:50:06+00:00\",\"dateModified\":\"2025-12-10T09:36:59+00:00\",\"description\":\"Vom Campingplatz Ca\u2019Savio in Cavallino ist Venedig einfach zu erreichen. Von Punta Sabbioni k\u00f6nnen Sie mit dem Vaporetto durch die Lagune nach Venedig fahren.\",\"breadcrumb\":{\"@id\":\"https:\/\/www.casavio.com\/de\/umgebung\/venedig-und-lagune\/venedig-und-die-inseln\/#breadcrumb\"},\"inLanguage\":\"de\",\"potentialAction\":[{\"@type\":\"ReadAction\",\"target\":[\"https:\/\/www.casavio.com\/de\/umgebung\/venedig-und-lagune\/venedig-und-die-inseln\/\"]}]},{\"@type\":\"ImageObject\",\"inLanguage\":\"de\",\"@id\":\"https:\/\/www.casavio.com\/de\/umgebung\/venedig-und-lagune\/venedig-und-die-inseln\/#primaryimage\",\"url\":\"https:\/\/www.casavio.com\/wp-content\/uploads\/2019\/11\/ca-savio-territorio-venezia-visitare-venezia.jpg\",\"contentUrl\":\"https:\/\/www.casavio.com\/wp-content\/uploads\/2019\/11\/ca-savio-territorio-venezia-visitare-venezia.jpg\",\"width\":440,\"height\":600},{\"@type\":\"BreadcrumbList\",\"@id\":\"https:\/\/www.casavio.com\/de\/umgebung\/venedig-und-lagune\/venedig-und-die-inseln\/#breadcrumb\",\"itemListElement\":[{\"@type\":\"ListItem\",\"position\":1,\"name\":\"Home\",\"item\":\"https:\/\/www.casavio.com\/de\/\"},{\"@type\":\"ListItem\",\"position\":2,\"name\":\"Umgebung\",\"item\":\"https:\/\/www.casavio.com\/de\/umgebung\/\"},{\"@type\":\"ListItem\",\"position\":3,\"name\":\"Venedig und die Lagune\",\"item\":\"https:\/\/www.casavio.com\/de\/umgebung\/venedig-und-lagune\/\"},{\"@type\":\"ListItem\",\"position\":4,\"name\":\"Venedig und die Inseln\"}]},{\"@type\":\"WebSite\",\"@id\":\"https:\/\/www.casavio.com\/de\/#website\",\"url\":\"https:\/\/www.casavio.com\/de\/\",\"name\":\"Camping Ca&#039; Savio\",\"description\":\"\",\"publisher\":{\"@id\":\"https:\/\/www.casavio.com\/de\/#organization\"},\"potentialAction\":[{\"@type\":\"SearchAction\",\"target\":{\"@type\":\"EntryPoint\",\"urlTemplate\":\"https:\/\/www.casavio.com\/de\/?s={search_term_string}\"},\"query-input\":{\"@type\":\"PropertyValueSpecification\",\"valueRequired\":true,\"valueName\":\"search_term_string\"}}],\"inLanguage\":\"de\"},{\"@type\":\"Organization\",\"@id\":\"https:\/\/www.casavio.com\/de\/#organization\",\"name\":\"Camping Ca'Savio\",\"url\":\"https:\/\/www.casavio.com\/de\/\",\"logo\":{\"@type\":\"ImageObject\",\"inLanguage\":\"de\",\"@id\":\"https:\/\/www.casavio.com\/de\/#\/schema\/logo\/image\/\",\"url\":\"https:\/\/www.casavio.com\/wp-content\/uploads\/2024\/04\/favicon.png\",\"contentUrl\":\"https:\/\/www.casavio.com\/wp-content\/uploads\/2024\/04\/favicon.png\",\"width\":144,\"height\":144,\"caption\":\"Camping Ca'Savio\"},\"image\":{\"@id\":\"https:\/\/www.casavio.com\/de\/#\/schema\/logo\/image\/\"},\"sameAs\":[\"https:\/\/www.facebook.com\/campingcasavio\",\"https:\/\/www.instagram.com\/campingcasavio\",\"https:\/\/www.youtube.com\/user\/campingcasavio\"]}]}<\/script>\n<!-- \/ Yoast SEO plugin. -->","yoast_head_json":{"title":"Von Cavallino Treporti Venedig und die Lagune besichtigen &#8211; Camping Ca&#039; Savio","description":"Vom Campingplatz Ca\u2019Savio in Cavallino ist Venedig einfach zu erreichen. Von Punta Sabbioni k\u00f6nnen Sie mit dem Vaporetto durch die Lagune nach Venedig fahren.","robots":{"index":"index","follow":"follow","max-snippet":"max-snippet:-1","max-image-preview":"max-image-preview:large","max-video-preview":"max-video-preview:-1"},"canonical":"https:\/\/www.casavio.com\/de\/umgebung\/venedig-und-lagune\/venedig-und-die-inseln\/","og_locale":"de_DE","og_type":"article","og_title":"Von Cavallino Treporti Venedig und die Lagune besichtigen &#8211; Camping Ca&#039; Savio","og_description":"Vom Campingplatz Ca\u2019Savio in Cavallino ist Venedig einfach zu erreichen. Von Punta Sabbioni k\u00f6nnen Sie mit dem Vaporetto durch die Lagune nach Venedig fahren.","og_url":"https:\/\/www.casavio.com\/de\/umgebung\/venedig-und-lagune\/venedig-und-die-inseln\/","og_site_name":"Camping Ca&#039; Savio","article_publisher":"https:\/\/www.facebook.com\/campingcasavio","article_modified_time":"2025-12-10T09:36:59+00:00","og_image":[{"width":440,"height":600,"url":"https:\/\/www.casavio.com\/wp-content\/uploads\/2019\/11\/ca-savio-territorio-venezia-visitare-venezia.jpg","type":"image\/jpeg"}],"twitter_card":"summary_large_image","twitter_misc":{"Gesch\u00e4tzte Lesezeit":"1\u00a0Minute"},"schema":{"@context":"https:\/\/schema.org","@graph":[{"@type":"WebPage","@id":"https:\/\/www.casavio.com\/de\/umgebung\/venedig-und-lagune\/venedig-und-die-inseln\/","url":"https:\/\/www.casavio.com\/de\/umgebung\/venedig-und-lagune\/venedig-und-die-inseln\/","name":"Von Cavallino Treporti Venedig und die Lagune besichtigen &#8211; Camping Ca&#039; Savio","isPartOf":{"@id":"https:\/\/www.casavio.com\/de\/#website"},"primaryImageOfPage":{"@id":"https:\/\/www.casavio.com\/de\/umgebung\/venedig-und-lagune\/venedig-und-die-inseln\/#primaryimage"},"image":{"@id":"https:\/\/www.casavio.com\/de\/umgebung\/venedig-und-lagune\/venedig-und-die-inseln\/#primaryimage"},"thumbnailUrl":"https:\/\/www.casavio.com\/wp-content\/uploads\/2019\/11\/ca-savio-territorio-venezia-visitare-venezia.jpg","datePublished":"2019-11-27T08:50:06+00:00","dateModified":"2025-12-10T09:36:59+00:00","description":"Vom Campingplatz Ca\u2019Savio in Cavallino ist Venedig einfach zu erreichen. Von Punta Sabbioni k\u00f6nnen Sie mit dem Vaporetto durch die Lagune nach Venedig fahren.","breadcrumb":{"@id":"https:\/\/www.casavio.com\/de\/umgebung\/venedig-und-lagune\/venedig-und-die-inseln\/#breadcrumb"},"inLanguage":"de","potentialAction":[{"@type":"ReadAction","target":["https:\/\/www.casavio.com\/de\/umgebung\/venedig-und-lagune\/venedig-und-die-inseln\/"]}]},{"@type":"ImageObject","inLanguage":"de","@id":"https:\/\/www.casavio.com\/de\/umgebung\/venedig-und-lagune\/venedig-und-die-inseln\/#primaryimage","url":"https:\/\/www.casavio.com\/wp-content\/uploads\/2019\/11\/ca-savio-territorio-venezia-visitare-venezia.jpg","contentUrl":"https:\/\/www.casavio.com\/wp-content\/uploads\/2019\/11\/ca-savio-territorio-venezia-visitare-venezia.jpg","width":440,"height":600},{"@type":"BreadcrumbList","@id":"https:\/\/www.casavio.com\/de\/umgebung\/venedig-und-lagune\/venedig-und-die-inseln\/#breadcrumb","itemListElement":[{"@type":"ListItem","position":1,"name":"Home","item":"https:\/\/www.casavio.com\/de\/"},{"@type":"ListItem","position":2,"name":"Umgebung","item":"https:\/\/www.casavio.com\/de\/umgebung\/"},{"@type":"ListItem","position":3,"name":"Venedig und die Lagune","item":"https:\/\/www.casavio.com\/de\/umgebung\/venedig-und-lagune\/"},{"@type":"ListItem","position":4,"name":"Venedig und die Inseln"}]},{"@type":"WebSite","@id":"https:\/\/www.casavio.com\/de\/#website","url":"https:\/\/www.casavio.com\/de\/","name":"Camping Ca&#039; Savio","description":"","publisher":{"@id":"https:\/\/www.casavio.com\/de\/#organization"},"potentialAction":[{"@type":"SearchAction","target":{"@type":"EntryPoint","urlTemplate":"https:\/\/www.casavio.com\/de\/?s={search_term_string}"},"query-input":{"@type":"PropertyValueSpecification","valueRequired":true,"valueName":"search_term_string"}}],"inLanguage":"de"},{"@type":"Organization","@id":"https:\/\/www.casavio.com\/de\/#organization","name":"Camping Ca'Savio","url":"https:\/\/www.casavio.com\/de\/","logo":{"@type":"ImageObject","inLanguage":"de","@id":"https:\/\/www.casavio.com\/de\/#\/schema\/logo\/image\/","url":"https:\/\/www.casavio.com\/wp-content\/uploads\/2024\/04\/favicon.png","contentUrl":"https:\/\/www.casavio.com\/wp-content\/uploads\/2024\/04\/favicon.png","width":144,"height":144,"caption":"Camping Ca'Savio"},"image":{"@id":"https:\/\/www.casavio.com\/de\/#\/schema\/logo\/image\/"},"sameAs":["https:\/\/www.facebook.com\/campingcasavio","https:\/\/www.instagram.com\/campingcasavio","https:\/\/www.youtube.com\/user\/campingcasavio"]}]}},"_links":{"self":[{"href":"https:\/\/www.casavio.com\/de\/wp-json\/wp\/v2\/pages\/8207","targetHints":{"allow":["GET"]}}],"collection":[{"href":"https:\/\/www.casavio.com\/de\/wp-json\/wp\/v2\/pages"}],"about":[{"href":"https:\/\/www.casavio.com\/de\/wp-json\/wp\/v2\/types\/page"}],"author":[{"embeddable":true,"href":"https:\/\/www.casavio.com\/de\/wp-json\/wp\/v2\/users\/4"}],"replies":[{"embeddable":true,"href":"https:\/\/www.casavio.com\/de\/wp-json\/wp\/v2\/comments?post=8207"}],"version-history":[{"count":2,"href":"https:\/\/www.casavio.com\/de\/wp-json\/wp\/v2\/pages\/8207\/revisions"}],"predecessor-version":[{"id":8208,"href":"https:\/\/www.casavio.com\/de\/wp-json\/wp\/v2\/pages\/8207\/revisions\/8208"}],"up":[{"embeddable":true,"href":"https:\/\/www.casavio.com\/de\/wp-json\/wp\/v2\/pages\/8193"}],"wp:featuredmedia":[{"embeddable":true,"href":"https:\/\/www.casavio.com\/de\/wp-json\/wp\/v2\/media\/4754"}],"wp:attachment":[{"href":"https:\/\/www.casavio.com\/de\/wp-json\/wp\/v2\/media?parent=8207"}],"curies":[{"name":"wp","href":"https:\/\/api.w.org\/{rel}","templated":true}]}}