{"id":8211,"date":"2019-11-07T11:18:30","date_gmt":"2019-11-07T10:18:30","guid":{"rendered":"https:\/\/www.casavio.com\/umgebung\/citta-darte\/"},"modified":"2020-03-03T15:29:40","modified_gmt":"2020-03-03T14:29:40","slug":"kunststaedte","status":"publish","type":"page","link":"https:\/\/www.casavio.com\/de\/umgebung\/kunststaedte\/","title":{"rendered":"Kunstst\u00e4dte"},"content":{"rendered":"<p>W\u00e4hrend Ihres Urlaubs in Ca\u2019Savio k\u00f6nnen Sie einige der sch\u00f6nsten St\u00e4dte Italiens besuchen, die kurzem Weg vom Campingplatz sind.<\/p>\n<p>Au\u00dfer <a href=\"https:\/\/www.casavio.com\/de\/umgebung\/venedig-und-lagune\/venedig-und-die-inseln\/\">Venedig<\/a> kann man <strong>Treviso<\/strong> bekannt f\u00fcr den Prosecco Wein, die Landh\u00e4user und ihre Umgebung besuchen, oder <strong>Padua<\/strong>, die Stadt der Sankt Antonio und der Giotto aber auch <strong>Verona<\/strong> mit der Arena und dem Balkon der Julia.<\/p>\n","protected":false},"excerpt":{"rendered":"<p>Tipps f\u00fcr einen Ausflug nach Triest, Verona, Vicenza, Treviso und Padua.<\/p>\n","protected":false},"author":3,"featured_media":4570,"parent":8177,"menu_order":80,"comment_status":"closed","ping_status":"closed","template":"","meta":{"_acf_changed":false},"class_list":["post-8211","page","type-page","status-publish","has-post-thumbnail","hentry"],"acf":[],"yoast_head":"<!-- This site is optimized with the Yoast SEO plugin v25.3 - https:\/\/yoast.com\/wordpress\/plugins\/seo\/ -->\n<title>Entdecken Sie die Kunstst\u00e4dte Venetiens: Ausfl\u00fcge und Besuche &#8211; Camping Ca&#039; Savio<\/title>\n<meta name=\"description\" content=\"Vom Camping Ca\u2019Savio in Cavallino aus k\u00f6nnen Sie einige der sch\u00f6nsten St\u00e4dte Italiens besuchen: Venedig und Treviso, aber auch Verona, Vicenza, Padua, Triest.\" \/>\n<meta name=\"robots\" content=\"index, follow, max-snippet:-1, max-image-preview:large, max-video-preview:-1\" \/>\n<link rel=\"canonical\" href=\"https:\/\/www.casavio.com\/de\/umgebung\/kunststaedte\/\" \/>\n<meta property=\"og:locale\" content=\"de_DE\" \/>\n<meta property=\"og:type\" content=\"article\" \/>\n<meta property=\"og:title\" content=\"Entdecken Sie die Kunstst\u00e4dte Venetiens: Ausfl\u00fcge und Besuche &#8211; Camping Ca&#039; Savio\" \/>\n<meta property=\"og:description\" content=\"Vom Camping Ca\u2019Savio in Cavallino aus k\u00f6nnen Sie einige der sch\u00f6nsten St\u00e4dte Italiens besuchen: Venedig und Treviso, aber auch Verona, Vicenza, Padua, Triest.\" \/>\n<meta property=\"og:url\" content=\"https:\/\/www.casavio.com\/de\/umgebung\/kunststaedte\/\" \/>\n<meta property=\"og:site_name\" content=\"Camping Ca&#039; Savio\" \/>\n<meta property=\"article:publisher\" content=\"https:\/\/www.facebook.com\/campingcasavio\" \/>\n<meta property=\"article:modified_time\" content=\"2020-03-03T14:29:40+00:00\" \/>\n<meta property=\"og:image\" content=\"https:\/\/www.casavio.com\/wp-content\/uploads\/2019\/11\/ca-savio-territorio-citt\u00e0-arte.jpg\" \/>\n\t<meta property=\"og:image:width\" content=\"440\" \/>\n\t<meta property=\"og:image:height\" content=\"600\" \/>\n\t<meta property=\"og:image:type\" content=\"image\/jpeg\" \/>\n<meta name=\"twitter:card\" content=\"summary_large_image\" \/>\n<script type=\"application\/ld+json\" class=\"yoast-schema-graph\">{\"@context\":\"https:\/\/schema.org\",\"@graph\":[{\"@type\":\"WebPage\",\"@id\":\"https:\/\/www.casavio.com\/de\/umgebung\/kunststaedte\/\",\"url\":\"https:\/\/www.casavio.com\/de\/umgebung\/kunststaedte\/\",\"name\":\"Entdecken Sie die Kunstst\u00e4dte Venetiens: Ausfl\u00fcge und Besuche &#8211; Camping Ca&#039; Savio\",\"isPartOf\":{\"@id\":\"https:\/\/www.casavio.com\/de\/#website\"},\"primaryImageOfPage\":{\"@id\":\"https:\/\/www.casavio.com\/de\/umgebung\/kunststaedte\/#primaryimage\"},\"image\":{\"@id\":\"https:\/\/www.casavio.com\/de\/umgebung\/kunststaedte\/#primaryimage\"},\"thumbnailUrl\":\"https:\/\/www.casavio.com\/wp-content\/uploads\/2019\/11\/ca-savio-territorio-citt\u00e0-arte.jpg\",\"datePublished\":\"2019-11-07T10:18:30+00:00\",\"dateModified\":\"2020-03-03T14:29:40+00:00\",\"description\":\"Vom Camping Ca\u2019Savio in Cavallino aus k\u00f6nnen Sie einige der sch\u00f6nsten St\u00e4dte Italiens besuchen: Venedig und Treviso, aber auch Verona, Vicenza, Padua, Triest.\",\"breadcrumb\":{\"@id\":\"https:\/\/www.casavio.com\/de\/umgebung\/kunststaedte\/#breadcrumb\"},\"inLanguage\":\"de\",\"potentialAction\":[{\"@type\":\"ReadAction\",\"target\":[\"https:\/\/www.casavio.com\/de\/umgebung\/kunststaedte\/\"]}]},{\"@type\":\"ImageObject\",\"inLanguage\":\"de\",\"@id\":\"https:\/\/www.casavio.com\/de\/umgebung\/kunststaedte\/#primaryimage\",\"url\":\"https:\/\/www.casavio.com\/wp-content\/uploads\/2019\/11\/ca-savio-territorio-citt\u00e0-arte.jpg\",\"contentUrl\":\"https:\/\/www.casavio.com\/wp-content\/uploads\/2019\/11\/ca-savio-territorio-citt\u00e0-arte.jpg\",\"width\":440,\"height\":600},{\"@type\":\"BreadcrumbList\",\"@id\":\"https:\/\/www.casavio.com\/de\/umgebung\/kunststaedte\/#breadcrumb\",\"itemListElement\":[{\"@type\":\"ListItem\",\"position\":1,\"name\":\"Home\",\"item\":\"https:\/\/www.casavio.com\/de\/\"},{\"@type\":\"ListItem\",\"position\":2,\"name\":\"Umgebung\",\"item\":\"https:\/\/www.casavio.com\/de\/umgebung\/\"},{\"@type\":\"ListItem\",\"position\":3,\"name\":\"Kunstst\u00e4dte\"}]},{\"@type\":\"WebSite\",\"@id\":\"https:\/\/www.casavio.com\/de\/#website\",\"url\":\"https:\/\/www.casavio.com\/de\/\",\"name\":\"Camping Ca&#039; Savio\",\"description\":\"\",\"publisher\":{\"@id\":\"https:\/\/www.casavio.com\/de\/#organization\"},\"potentialAction\":[{\"@type\":\"SearchAction\",\"target\":{\"@type\":\"EntryPoint\",\"urlTemplate\":\"https:\/\/www.casavio.com\/de\/?s={search_term_string}\"},\"query-input\":{\"@type\":\"PropertyValueSpecification\",\"valueRequired\":true,\"valueName\":\"search_term_string\"}}],\"inLanguage\":\"de\"},{\"@type\":\"Organization\",\"@id\":\"https:\/\/www.casavio.com\/de\/#organization\",\"name\":\"Camping Ca'Savio\",\"url\":\"https:\/\/www.casavio.com\/de\/\",\"logo\":{\"@type\":\"ImageObject\",\"inLanguage\":\"de\",\"@id\":\"https:\/\/www.casavio.com\/de\/#\/schema\/logo\/image\/\",\"url\":\"https:\/\/www.casavio.com\/wp-content\/uploads\/2024\/04\/favicon.png\",\"contentUrl\":\"https:\/\/www.casavio.com\/wp-content\/uploads\/2024\/04\/favicon.png\",\"width\":144,\"height\":144,\"caption\":\"Camping Ca'Savio\"},\"image\":{\"@id\":\"https:\/\/www.casavio.com\/de\/#\/schema\/logo\/image\/\"},\"sameAs\":[\"https:\/\/www.facebook.com\/campingcasavio\",\"https:\/\/www.instagram.com\/campingcasavio\",\"https:\/\/www.youtube.com\/user\/campingcasavio\"]}]}<\/script>\n<!-- \/ Yoast SEO plugin. -->","yoast_head_json":{"title":"Entdecken Sie die Kunstst\u00e4dte Venetiens: Ausfl\u00fcge und Besuche &#8211; Camping Ca&#039; Savio","description":"Vom Camping Ca\u2019Savio in Cavallino aus k\u00f6nnen Sie einige der sch\u00f6nsten St\u00e4dte Italiens besuchen: Venedig und Treviso, aber auch Verona, Vicenza, Padua, Triest.","robots":{"index":"index","follow":"follow","max-snippet":"max-snippet:-1","max-image-preview":"max-image-preview:large","max-video-preview":"max-video-preview:-1"},"canonical":"https:\/\/www.casavio.com\/de\/umgebung\/kunststaedte\/","og_locale":"de_DE","og_type":"article","og_title":"Entdecken Sie die Kunstst\u00e4dte Venetiens: Ausfl\u00fcge und Besuche &#8211; Camping Ca&#039; Savio","og_description":"Vom Camping Ca\u2019Savio in Cavallino aus k\u00f6nnen Sie einige der sch\u00f6nsten St\u00e4dte Italiens besuchen: Venedig und Treviso, aber auch Verona, Vicenza, Padua, Triest.","og_url":"https:\/\/www.casavio.com\/de\/umgebung\/kunststaedte\/","og_site_name":"Camping Ca&#039; Savio","article_publisher":"https:\/\/www.facebook.com\/campingcasavio","article_modified_time":"2020-03-03T14:29:40+00:00","og_image":[{"width":440,"height":600,"url":"https:\/\/www.casavio.com\/wp-content\/uploads\/2019\/11\/ca-savio-territorio-citt\u00e0-arte.jpg","type":"image\/jpeg"}],"twitter_card":"summary_large_image","schema":{"@context":"https:\/\/schema.org","@graph":[{"@type":"WebPage","@id":"https:\/\/www.casavio.com\/de\/umgebung\/kunststaedte\/","url":"https:\/\/www.casavio.com\/de\/umgebung\/kunststaedte\/","name":"Entdecken Sie die Kunstst\u00e4dte Venetiens: Ausfl\u00fcge und Besuche &#8211; Camping Ca&#039; Savio","isPartOf":{"@id":"https:\/\/www.casavio.com\/de\/#website"},"primaryImageOfPage":{"@id":"https:\/\/www.casavio.com\/de\/umgebung\/kunststaedte\/#primaryimage"},"image":{"@id":"https:\/\/www.casavio.com\/de\/umgebung\/kunststaedte\/#primaryimage"},"thumbnailUrl":"https:\/\/www.casavio.com\/wp-content\/uploads\/2019\/11\/ca-savio-territorio-citt\u00e0-arte.jpg","datePublished":"2019-11-07T10:18:30+00:00","dateModified":"2020-03-03T14:29:40+00:00","description":"Vom Camping Ca\u2019Savio in Cavallino aus k\u00f6nnen Sie einige der sch\u00f6nsten St\u00e4dte Italiens besuchen: Venedig und Treviso, aber auch Verona, Vicenza, Padua, Triest.","breadcrumb":{"@id":"https:\/\/www.casavio.com\/de\/umgebung\/kunststaedte\/#breadcrumb"},"inLanguage":"de","potentialAction":[{"@type":"ReadAction","target":["https:\/\/www.casavio.com\/de\/umgebung\/kunststaedte\/"]}]},{"@type":"ImageObject","inLanguage":"de","@id":"https:\/\/www.casavio.com\/de\/umgebung\/kunststaedte\/#primaryimage","url":"https:\/\/www.casavio.com\/wp-content\/uploads\/2019\/11\/ca-savio-territorio-citt\u00e0-arte.jpg","contentUrl":"https:\/\/www.casavio.com\/wp-content\/uploads\/2019\/11\/ca-savio-territorio-citt\u00e0-arte.jpg","width":440,"height":600},{"@type":"BreadcrumbList","@id":"https:\/\/www.casavio.com\/de\/umgebung\/kunststaedte\/#breadcrumb","itemListElement":[{"@type":"ListItem","position":1,"name":"Home","item":"https:\/\/www.casavio.com\/de\/"},{"@type":"ListItem","position":2,"name":"Umgebung","item":"https:\/\/www.casavio.com\/de\/umgebung\/"},{"@type":"ListItem","position":3,"name":"Kunstst\u00e4dte"}]},{"@type":"WebSite","@id":"https:\/\/www.casavio.com\/de\/#website","url":"https:\/\/www.casavio.com\/de\/","name":"Camping Ca&#039; Savio","description":"","publisher":{"@id":"https:\/\/www.casavio.com\/de\/#organization"},"potentialAction":[{"@type":"SearchAction","target":{"@type":"EntryPoint","urlTemplate":"https:\/\/www.casavio.com\/de\/?s={search_term_string}"},"query-input":{"@type":"PropertyValueSpecification","valueRequired":true,"valueName":"search_term_string"}}],"inLanguage":"de"},{"@type":"Organization","@id":"https:\/\/www.casavio.com\/de\/#organization","name":"Camping Ca'Savio","url":"https:\/\/www.casavio.com\/de\/","logo":{"@type":"ImageObject","inLanguage":"de","@id":"https:\/\/www.casavio.com\/de\/#\/schema\/logo\/image\/","url":"https:\/\/www.casavio.com\/wp-content\/uploads\/2024\/04\/favicon.png","contentUrl":"https:\/\/www.casavio.com\/wp-content\/uploads\/2024\/04\/favicon.png","width":144,"height":144,"caption":"Camping Ca'Savio"},"image":{"@id":"https:\/\/www.casavio.com\/de\/#\/schema\/logo\/image\/"},"sameAs":["https:\/\/www.facebook.com\/campingcasavio","https:\/\/www.instagram.com\/campingcasavio","https:\/\/www.youtube.com\/user\/campingcasavio"]}]}},"_links":{"self":[{"href":"https:\/\/www.casavio.com\/de\/wp-json\/wp\/v2\/pages\/8211","targetHints":{"allow":["GET"]}}],"collection":[{"href":"https:\/\/www.casavio.com\/de\/wp-json\/wp\/v2\/pages"}],"about":[{"href":"https:\/\/www.casavio.com\/de\/wp-json\/wp\/v2\/types\/page"}],"author":[{"embeddable":true,"href":"https:\/\/www.casavio.com\/de\/wp-json\/wp\/v2\/users\/3"}],"replies":[{"embeddable":true,"href":"https:\/\/www.casavio.com\/de\/wp-json\/wp\/v2\/comments?post=8211"}],"version-history":[{"count":2,"href":"https:\/\/www.casavio.com\/de\/wp-json\/wp\/v2\/pages\/8211\/revisions"}],"predecessor-version":[{"id":9433,"href":"https:\/\/www.casavio.com\/de\/wp-json\/wp\/v2\/pages\/8211\/revisions\/9433"}],"up":[{"embeddable":true,"href":"https:\/\/www.casavio.com\/de\/wp-json\/wp\/v2\/pages\/8177"}],"wp:featuredmedia":[{"embeddable":true,"href":"https:\/\/www.casavio.com\/de\/wp-json\/wp\/v2\/media\/4570"}],"wp:attachment":[{"href":"https:\/\/www.casavio.com\/de\/wp-json\/wp\/v2\/media?parent=8211"}],"curies":[{"name":"wp","href":"https:\/\/api.w.org\/{rel}","templated":true}]}}