{"id":8235,"date":"2019-11-07T11:32:36","date_gmt":"2019-11-07T10:32:36","guid":{"rendered":"https:\/\/www.casavio.com\/kontakt\/come-prenotare\/"},"modified":"2026-02-06T14:11:48","modified_gmt":"2026-02-06T13:11:48","slug":"wie-buchen","status":"publish","type":"page","link":"https:\/\/www.casavio.com\/de\/kontakt\/wie-buchen\/","title":{"rendered":"Wie buchen"},"content":{"rendered":"<p>M\u00f6chten Sie einen Urlaub auf Camping Ca&#8217;Savio buchen? So geht&#8217;s!<\/p>\n<h4><a href=\"https:\/\/reservierung.casavio.com\/search\" target=\"_blank\" rel=\"noopener noreferrer\">Online<\/a><\/h4>\n<p>Pr\u00fcfen Sie schnell und einfach die <strong>Verf\u00fcgbarkeit<\/strong> Ihrer gew\u00fcnschten Unterkunft oder Stellplatzes, buchen Sie Ihren Aufenthalt mit nur <strong>wenigen Klicks<\/strong>, zahlen Sie die erforderliche Anzahlung Sorgenfrei mit <strong>Kreditkarte\/Paypal<\/strong> und Ihre Buchung wird <strong>sofort best\u00e4tigt<\/strong>. Wenn Sie mit <strong>Bank\u00fcberweisung<\/strong> bezahlen m\u00f6chten, erhalten Sie eine <strong>E-Mail<\/strong> mit allen Details (Betrag, Zahlungsfrist usw..).<\/p>\n<h4><a href=\"https:\/\/reservierung.casavio.com\/contact\" target=\"_blank\" rel=\"noopener noreferrer\"><u>Anfrage-Formular<\/u><\/a><\/h4>\n<p>M\u00f6chten Sie einen unverbindlichen Voranschlag oder weitere Informationen von unseren Mitarbeitern erhalten? F\u00fcllen Sie das Formular aus und geben Sie die Anzahl der Personen, die Typologie der Unterkunft oder des Stellplatzes an.<\/p>\n<p>Wenn Sie sich f\u00fcr eine Buchung entscheiden, werden wir die Verf\u00fcgbarkeit wieder \u00fcberpr\u00fcfen und Ihren Voranschlag in eine Reservierung umwandeln, die Sie mit der von Ihnen gew\u00e4hlten Zahlungsmethode best\u00e4tigen k\u00f6nnen.<\/p>\n<h4>Wir erinnern Sie daran, da\u00df:<\/h4>\n<ul>\n<li>Sie k\u00f6nnen Ihre Reservierung mit der Zahlung der <strong>Anzahlung<\/strong> (<strong>30%<\/strong> des Gesamtpreis des Aufenthaltes) best\u00e4tigen. Sie bezahlen den Restbetrag direkt auf dem Campingplatz w\u00e4hrend Ihres Aufenthalts<\/li>\n<li>Eventuelle Geb\u00fchren f\u00fcr die Zahlung per <strong>Bank \u00dcberweisung<\/strong> auf das Konto der Firma &#8222;Vianello Vittorio S.p.A.&#8220; h\u00e4ngen von Ihrer Bank ab<\/li>\n<li><strong>Benutzername und Passwort<\/strong>, die f\u00fcr die Reservierung verwendet werden, sind pers\u00f6nlich und streng vertraulich und k\u00f6nnen nur zu einem einzigen Reservierungsinhaber verkn\u00fcpft werden<\/li>\n<li>Sie k\u00f6nnen Ihre Benutzername und Ihr Passwort benutzen, um weitere Reservierungen in der Zukunft zu duchf\u00fchren oder in dem <a href=\"https:\/\/reservierung.casavio.com\/contact\" target=\"_blank\" rel=\"noopener noreferrer\"><u>privaten Bereich<\/u><\/a> zu zugreifen, in dem Sie Ihr Profil aktualisieren k\u00f6nnen, die Details Ihrer Reservierungen anzeigen und die zuvor gew\u00e4hlte Zahlungsmethode \u00e4ndern (von Bank\u00fcberweisung auf Kreditkarte\/Paypal und umgekehrt).<\/li>\n<\/ul>\n","protected":false},"excerpt":{"rendered":"<p>Schritt-f\u00fcr-Schritt- Anweisungen.<\/p>\n","protected":false},"author":3,"featured_media":4388,"parent":8227,"menu_order":89,"comment_status":"closed","ping_status":"closed","template":"","meta":{"_acf_changed":false},"class_list":["post-8235","page","type-page","status-publish","has-post-thumbnail","hentry"],"acf":[],"yoast_head":"<!-- This site is optimized with the Yoast SEO plugin v25.3 - https:\/\/yoast.com\/wordpress\/plugins\/seo\/ -->\n<title>Campingplatz online buchen: Camping Ca Savio, Italien &#8211; Camping Ca&#039; Savio<\/title>\n<meta name=\"description\" content=\"Den Campingplatz Ca Savio in Cavallino bei Jesolo in Italien k\u00f6nnen Sie im Voraus online buchen. Ganz einfach per Kreditkarte oder \u00dcberweisung.\" \/>\n<meta name=\"robots\" content=\"index, follow, max-snippet:-1, max-image-preview:large, max-video-preview:-1\" \/>\n<link rel=\"canonical\" href=\"https:\/\/www.casavio.com\/de\/kontakt\/wie-buchen\/\" \/>\n<meta property=\"og:locale\" content=\"de_DE\" \/>\n<meta property=\"og:type\" content=\"article\" \/>\n<meta property=\"og:title\" content=\"Campingplatz online buchen: Camping Ca Savio, Italien &#8211; Camping Ca&#039; Savio\" \/>\n<meta property=\"og:description\" content=\"Den Campingplatz Ca Savio in Cavallino bei Jesolo in Italien k\u00f6nnen Sie im Voraus online buchen. Ganz einfach per Kreditkarte oder \u00dcberweisung.\" \/>\n<meta property=\"og:url\" content=\"https:\/\/www.casavio.com\/de\/kontakt\/wie-buchen\/\" \/>\n<meta property=\"og:site_name\" content=\"Camping Ca&#039; Savio\" \/>\n<meta property=\"article:publisher\" content=\"https:\/\/www.facebook.com\/campingcasavio\" \/>\n<meta property=\"article:modified_time\" content=\"2026-02-06T13:11:48+00:00\" \/>\n<meta property=\"og:image\" content=\"https:\/\/www.casavio.com\/wp-content\/uploads\/2019\/11\/ca-savio-contatti-come-prenotare.jpg\" \/>\n\t<meta property=\"og:image:width\" content=\"440\" \/>\n\t<meta property=\"og:image:height\" content=\"600\" \/>\n\t<meta property=\"og:image:type\" content=\"image\/jpeg\" \/>\n<meta name=\"twitter:card\" content=\"summary_large_image\" \/>\n<meta name=\"twitter:label1\" content=\"Gesch\u00e4tzte Lesezeit\" \/>\n\t<meta name=\"twitter:data1\" content=\"2\u00a0Minuten\" \/>\n<script type=\"application\/ld+json\" class=\"yoast-schema-graph\">{\"@context\":\"https:\/\/schema.org\",\"@graph\":[{\"@type\":\"WebPage\",\"@id\":\"https:\/\/www.casavio.com\/de\/kontakt\/wie-buchen\/\",\"url\":\"https:\/\/www.casavio.com\/de\/kontakt\/wie-buchen\/\",\"name\":\"Campingplatz online buchen: Camping Ca Savio, Italien &#8211; Camping Ca&#039; Savio\",\"isPartOf\":{\"@id\":\"https:\/\/www.casavio.com\/de\/#website\"},\"primaryImageOfPage\":{\"@id\":\"https:\/\/www.casavio.com\/de\/kontakt\/wie-buchen\/#primaryimage\"},\"image\":{\"@id\":\"https:\/\/www.casavio.com\/de\/kontakt\/wie-buchen\/#primaryimage\"},\"thumbnailUrl\":\"https:\/\/www.casavio.com\/wp-content\/uploads\/2019\/11\/ca-savio-contatti-come-prenotare.jpg\",\"datePublished\":\"2019-11-07T10:32:36+00:00\",\"dateModified\":\"2026-02-06T13:11:48+00:00\",\"description\":\"Den Campingplatz Ca Savio in Cavallino bei Jesolo in Italien k\u00f6nnen Sie im Voraus online buchen. Ganz einfach per Kreditkarte oder \u00dcberweisung.\",\"breadcrumb\":{\"@id\":\"https:\/\/www.casavio.com\/de\/kontakt\/wie-buchen\/#breadcrumb\"},\"inLanguage\":\"de\",\"potentialAction\":[{\"@type\":\"ReadAction\",\"target\":[\"https:\/\/www.casavio.com\/de\/kontakt\/wie-buchen\/\"]}]},{\"@type\":\"ImageObject\",\"inLanguage\":\"de\",\"@id\":\"https:\/\/www.casavio.com\/de\/kontakt\/wie-buchen\/#primaryimage\",\"url\":\"https:\/\/www.casavio.com\/wp-content\/uploads\/2019\/11\/ca-savio-contatti-come-prenotare.jpg\",\"contentUrl\":\"https:\/\/www.casavio.com\/wp-content\/uploads\/2019\/11\/ca-savio-contatti-come-prenotare.jpg\",\"width\":440,\"height\":600},{\"@type\":\"BreadcrumbList\",\"@id\":\"https:\/\/www.casavio.com\/de\/kontakt\/wie-buchen\/#breadcrumb\",\"itemListElement\":[{\"@type\":\"ListItem\",\"position\":1,\"name\":\"Home\",\"item\":\"https:\/\/www.casavio.com\/de\/\"},{\"@type\":\"ListItem\",\"position\":2,\"name\":\"Kontakt uns\",\"item\":\"https:\/\/www.casavio.com\/de\/kontakt\/\"},{\"@type\":\"ListItem\",\"position\":3,\"name\":\"Wie buchen\"}]},{\"@type\":\"WebSite\",\"@id\":\"https:\/\/www.casavio.com\/de\/#website\",\"url\":\"https:\/\/www.casavio.com\/de\/\",\"name\":\"Camping Ca&#039; Savio\",\"description\":\"\",\"publisher\":{\"@id\":\"https:\/\/www.casavio.com\/de\/#organization\"},\"potentialAction\":[{\"@type\":\"SearchAction\",\"target\":{\"@type\":\"EntryPoint\",\"urlTemplate\":\"https:\/\/www.casavio.com\/de\/?s={search_term_string}\"},\"query-input\":{\"@type\":\"PropertyValueSpecification\",\"valueRequired\":true,\"valueName\":\"search_term_string\"}}],\"inLanguage\":\"de\"},{\"@type\":\"Organization\",\"@id\":\"https:\/\/www.casavio.com\/de\/#organization\",\"name\":\"Camping Ca'Savio\",\"url\":\"https:\/\/www.casavio.com\/de\/\",\"logo\":{\"@type\":\"ImageObject\",\"inLanguage\":\"de\",\"@id\":\"https:\/\/www.casavio.com\/de\/#\/schema\/logo\/image\/\",\"url\":\"https:\/\/www.casavio.com\/wp-content\/uploads\/2024\/04\/favicon.png\",\"contentUrl\":\"https:\/\/www.casavio.com\/wp-content\/uploads\/2024\/04\/favicon.png\",\"width\":144,\"height\":144,\"caption\":\"Camping Ca'Savio\"},\"image\":{\"@id\":\"https:\/\/www.casavio.com\/de\/#\/schema\/logo\/image\/\"},\"sameAs\":[\"https:\/\/www.facebook.com\/campingcasavio\",\"https:\/\/www.instagram.com\/campingcasavio\",\"https:\/\/www.youtube.com\/user\/campingcasavio\"]}]}<\/script>\n<!-- \/ Yoast SEO plugin. -->","yoast_head_json":{"title":"Campingplatz online buchen: Camping Ca Savio, Italien &#8211; Camping Ca&#039; Savio","description":"Den Campingplatz Ca Savio in Cavallino bei Jesolo in Italien k\u00f6nnen Sie im Voraus online buchen. Ganz einfach per Kreditkarte oder \u00dcberweisung.","robots":{"index":"index","follow":"follow","max-snippet":"max-snippet:-1","max-image-preview":"max-image-preview:large","max-video-preview":"max-video-preview:-1"},"canonical":"https:\/\/www.casavio.com\/de\/kontakt\/wie-buchen\/","og_locale":"de_DE","og_type":"article","og_title":"Campingplatz online buchen: Camping Ca Savio, Italien &#8211; Camping Ca&#039; Savio","og_description":"Den Campingplatz Ca Savio in Cavallino bei Jesolo in Italien k\u00f6nnen Sie im Voraus online buchen. Ganz einfach per Kreditkarte oder \u00dcberweisung.","og_url":"https:\/\/www.casavio.com\/de\/kontakt\/wie-buchen\/","og_site_name":"Camping Ca&#039; Savio","article_publisher":"https:\/\/www.facebook.com\/campingcasavio","article_modified_time":"2026-02-06T13:11:48+00:00","og_image":[{"width":440,"height":600,"url":"https:\/\/www.casavio.com\/wp-content\/uploads\/2019\/11\/ca-savio-contatti-come-prenotare.jpg","type":"image\/jpeg"}],"twitter_card":"summary_large_image","twitter_misc":{"Gesch\u00e4tzte Lesezeit":"2\u00a0Minuten"},"schema":{"@context":"https:\/\/schema.org","@graph":[{"@type":"WebPage","@id":"https:\/\/www.casavio.com\/de\/kontakt\/wie-buchen\/","url":"https:\/\/www.casavio.com\/de\/kontakt\/wie-buchen\/","name":"Campingplatz online buchen: Camping Ca Savio, Italien &#8211; Camping Ca&#039; Savio","isPartOf":{"@id":"https:\/\/www.casavio.com\/de\/#website"},"primaryImageOfPage":{"@id":"https:\/\/www.casavio.com\/de\/kontakt\/wie-buchen\/#primaryimage"},"image":{"@id":"https:\/\/www.casavio.com\/de\/kontakt\/wie-buchen\/#primaryimage"},"thumbnailUrl":"https:\/\/www.casavio.com\/wp-content\/uploads\/2019\/11\/ca-savio-contatti-come-prenotare.jpg","datePublished":"2019-11-07T10:32:36+00:00","dateModified":"2026-02-06T13:11:48+00:00","description":"Den Campingplatz Ca Savio in Cavallino bei Jesolo in Italien k\u00f6nnen Sie im Voraus online buchen. Ganz einfach per Kreditkarte oder \u00dcberweisung.","breadcrumb":{"@id":"https:\/\/www.casavio.com\/de\/kontakt\/wie-buchen\/#breadcrumb"},"inLanguage":"de","potentialAction":[{"@type":"ReadAction","target":["https:\/\/www.casavio.com\/de\/kontakt\/wie-buchen\/"]}]},{"@type":"ImageObject","inLanguage":"de","@id":"https:\/\/www.casavio.com\/de\/kontakt\/wie-buchen\/#primaryimage","url":"https:\/\/www.casavio.com\/wp-content\/uploads\/2019\/11\/ca-savio-contatti-come-prenotare.jpg","contentUrl":"https:\/\/www.casavio.com\/wp-content\/uploads\/2019\/11\/ca-savio-contatti-come-prenotare.jpg","width":440,"height":600},{"@type":"BreadcrumbList","@id":"https:\/\/www.casavio.com\/de\/kontakt\/wie-buchen\/#breadcrumb","itemListElement":[{"@type":"ListItem","position":1,"name":"Home","item":"https:\/\/www.casavio.com\/de\/"},{"@type":"ListItem","position":2,"name":"Kontakt uns","item":"https:\/\/www.casavio.com\/de\/kontakt\/"},{"@type":"ListItem","position":3,"name":"Wie buchen"}]},{"@type":"WebSite","@id":"https:\/\/www.casavio.com\/de\/#website","url":"https:\/\/www.casavio.com\/de\/","name":"Camping Ca&#039; Savio","description":"","publisher":{"@id":"https:\/\/www.casavio.com\/de\/#organization"},"potentialAction":[{"@type":"SearchAction","target":{"@type":"EntryPoint","urlTemplate":"https:\/\/www.casavio.com\/de\/?s={search_term_string}"},"query-input":{"@type":"PropertyValueSpecification","valueRequired":true,"valueName":"search_term_string"}}],"inLanguage":"de"},{"@type":"Organization","@id":"https:\/\/www.casavio.com\/de\/#organization","name":"Camping Ca'Savio","url":"https:\/\/www.casavio.com\/de\/","logo":{"@type":"ImageObject","inLanguage":"de","@id":"https:\/\/www.casavio.com\/de\/#\/schema\/logo\/image\/","url":"https:\/\/www.casavio.com\/wp-content\/uploads\/2024\/04\/favicon.png","contentUrl":"https:\/\/www.casavio.com\/wp-content\/uploads\/2024\/04\/favicon.png","width":144,"height":144,"caption":"Camping Ca'Savio"},"image":{"@id":"https:\/\/www.casavio.com\/de\/#\/schema\/logo\/image\/"},"sameAs":["https:\/\/www.facebook.com\/campingcasavio","https:\/\/www.instagram.com\/campingcasavio","https:\/\/www.youtube.com\/user\/campingcasavio"]}]}},"_links":{"self":[{"href":"https:\/\/www.casavio.com\/de\/wp-json\/wp\/v2\/pages\/8235","targetHints":{"allow":["GET"]}}],"collection":[{"href":"https:\/\/www.casavio.com\/de\/wp-json\/wp\/v2\/pages"}],"about":[{"href":"https:\/\/www.casavio.com\/de\/wp-json\/wp\/v2\/types\/page"}],"author":[{"embeddable":true,"href":"https:\/\/www.casavio.com\/de\/wp-json\/wp\/v2\/users\/3"}],"replies":[{"embeddable":true,"href":"https:\/\/www.casavio.com\/de\/wp-json\/wp\/v2\/comments?post=8235"}],"version-history":[{"count":2,"href":"https:\/\/www.casavio.com\/de\/wp-json\/wp\/v2\/pages\/8235\/revisions"}],"predecessor-version":[{"id":45880,"href":"https:\/\/www.casavio.com\/de\/wp-json\/wp\/v2\/pages\/8235\/revisions\/45880"}],"up":[{"embeddable":true,"href":"https:\/\/www.casavio.com\/de\/wp-json\/wp\/v2\/pages\/8227"}],"wp:featuredmedia":[{"embeddable":true,"href":"https:\/\/www.casavio.com\/de\/wp-json\/wp\/v2\/media\/4388"}],"wp:attachment":[{"href":"https:\/\/www.casavio.com\/de\/wp-json\/wp\/v2\/media?parent=8235"}],"curies":[{"name":"wp","href":"https:\/\/api.w.org\/{rel}","templated":true}]}}