{"id":8244,"date":"2019-11-27T11:33:15","date_gmt":"2019-11-27T10:33:15","guid":{"rendered":"https:\/\/www.casavio.com\/wo-sind-wir\/come-raggiungerci-in-aereo\/"},"modified":"2025-06-17T14:23:11","modified_gmt":"2025-06-17T12:23:11","slug":"wie-uns-erreichen-mit-flugzeug","status":"publish","type":"page","link":"https:\/\/www.casavio.com\/de\/wo-sind-wir\/wie-uns-erreichen-mit-flugzeug\/","title":{"rendered":"Mit dem Flugzeug"},"content":{"rendered":"<p>So k\u00f6nnen Sie den Campingplatz vom Flughafen \u201cMarco Polo\u201d in Venedig (ca. 50 km) oder vom Flughafen in Treviso (ca.60 km) erreichen:<\/p>\n<h4><strong>1. Bus: Verbindung Flughafen Venedig \u2013 Campingplatz<br \/>\n<\/strong><\/h4>\n<p><strong>Vom Flughafen Venedig<\/strong> nimmt man den direkten Bus nach Jesolo. An der letzten Haltestelle wechselt man auf Bus Nr. 5 nach Punta Sabbioni und steigt im Zentrum von Ca\u2019Savio aus.<\/p>\n<h4><strong>2. Bus: Verbindung Flughafen Treviso \u2013 Campingplatz<\/strong><\/h4>\n<p>Vom Flughafen Treviso kann der Campingplatz mit Umsteigen in Mestre FS und Jesolo erreicht werden. Am Bahnhof von Mestre nehmen Sie den Bus nach Jesolo und steigen Sie an der Endhaltestelle (Busbahnhof) aus. Dort nehmen Sie den Bus Nr. 5 nach Punta Sabbioni und steigen Sie im Zentrum von Ca&#8217;Savio aus.<\/p>\n<p>Bevor Sie anreisen, empfehlen wir Ihnen, die offizielle Website der Firma <a href=\"https:\/\/www.atvo.it\/index.php?lingua=de&amp;area=menustandard&amp;idpadre=25&amp;idmenu=25\" target=\"_blank\" rel=\"noopener\"><u>ATVO<\/u><\/a> zu besuchen, um Preise und Fahrpl\u00e4ne zu pr\u00fcfen.<\/p>\n<h4><strong>3. Taxi<\/strong><\/h4>\n<p>Der <a href=\"https:\/\/www.casavio.com\/de\/dienstleistungen\/zusatzleistungen\/flughafentransfer\/\"><u>Taxi Service<\/u><\/a> steht f\u00fcr Kunden des Campingplatzes Ca\u2019Savio zum Sondertarif zur Verf\u00fcgung<strong>.<\/strong><\/p>\n","protected":false},"excerpt":{"rendered":"<p>Vom Flughafen Venedig (Marco Polo) und vom Flughafen Treviso.<\/p>\n","protected":false},"author":4,"featured_media":6896,"parent":8241,"menu_order":0,"comment_status":"closed","ping_status":"closed","template":"","meta":{"_acf_changed":false},"class_list":["post-8244","page","type-page","status-publish","has-post-thumbnail","hentry"],"acf":[],"yoast_head":"<!-- This site is optimized with the Yoast SEO plugin v25.3 - https:\/\/yoast.com\/wordpress\/plugins\/seo\/ -->\n<title>Wo sind wir und wie uns erreichen mit mit dem Flugzeug &#8211; Camping Ca&#039; Savio<\/title>\n<meta name=\"description\" content=\"Informationen und Wegbeschreibungen, um uns zu erreichen, wenn Sie in Venedig oder Treviso landen. Entdecken Sie die Dienstleistungen und Erm\u00e4\u00dfigungen f\u00fcr Campingg\u00e4ste.\" \/>\n<meta name=\"robots\" content=\"index, follow, max-snippet:-1, max-image-preview:large, max-video-preview:-1\" \/>\n<link rel=\"canonical\" href=\"https:\/\/www.casavio.com\/de\/wo-sind-wir\/wie-uns-erreichen-mit-flugzeug\/\" \/>\n<meta property=\"og:locale\" content=\"de_DE\" \/>\n<meta property=\"og:type\" content=\"article\" \/>\n<meta property=\"og:title\" content=\"Wo sind wir und wie uns erreichen mit mit dem Flugzeug &#8211; Camping Ca&#039; Savio\" \/>\n<meta property=\"og:description\" content=\"Informationen und Wegbeschreibungen, um uns zu erreichen, wenn Sie in Venedig oder Treviso landen. Entdecken Sie die Dienstleistungen und Erm\u00e4\u00dfigungen f\u00fcr Campingg\u00e4ste.\" \/>\n<meta property=\"og:url\" content=\"https:\/\/www.casavio.com\/de\/wo-sind-wir\/wie-uns-erreichen-mit-flugzeug\/\" \/>\n<meta property=\"og:site_name\" content=\"Camping Ca&#039; Savio\" \/>\n<meta property=\"article:publisher\" content=\"https:\/\/www.facebook.com\/campingcasavio\" \/>\n<meta property=\"article:modified_time\" content=\"2025-06-17T12:23:11+00:00\" \/>\n<meta property=\"og:image\" content=\"https:\/\/www.casavio.com\/wp-content\/uploads\/2020\/01\/ca-savio-dove-siamo-in-aereo-box-2.jpg\" \/>\n\t<meta property=\"og:image:width\" content=\"440\" \/>\n\t<meta property=\"og:image:height\" content=\"600\" \/>\n\t<meta property=\"og:image:type\" content=\"image\/jpeg\" \/>\n<meta name=\"twitter:card\" content=\"summary_large_image\" \/>\n<meta name=\"twitter:label1\" content=\"Gesch\u00e4tzte Lesezeit\" \/>\n\t<meta name=\"twitter:data1\" content=\"1\u00a0Minute\" \/>\n<script type=\"application\/ld+json\" class=\"yoast-schema-graph\">{\"@context\":\"https:\/\/schema.org\",\"@graph\":[{\"@type\":\"WebPage\",\"@id\":\"https:\/\/www.casavio.com\/de\/wo-sind-wir\/wie-uns-erreichen-mit-flugzeug\/\",\"url\":\"https:\/\/www.casavio.com\/de\/wo-sind-wir\/wie-uns-erreichen-mit-flugzeug\/\",\"name\":\"Wo sind wir und wie uns erreichen mit mit dem Flugzeug &#8211; Camping Ca&#039; Savio\",\"isPartOf\":{\"@id\":\"https:\/\/www.casavio.com\/de\/#website\"},\"primaryImageOfPage\":{\"@id\":\"https:\/\/www.casavio.com\/de\/wo-sind-wir\/wie-uns-erreichen-mit-flugzeug\/#primaryimage\"},\"image\":{\"@id\":\"https:\/\/www.casavio.com\/de\/wo-sind-wir\/wie-uns-erreichen-mit-flugzeug\/#primaryimage\"},\"thumbnailUrl\":\"https:\/\/www.casavio.com\/wp-content\/uploads\/2020\/01\/ca-savio-dove-siamo-in-aereo-box-2.jpg\",\"datePublished\":\"2019-11-27T10:33:15+00:00\",\"dateModified\":\"2025-06-17T12:23:11+00:00\",\"description\":\"Informationen und Wegbeschreibungen, um uns zu erreichen, wenn Sie in Venedig oder Treviso landen. Entdecken Sie die Dienstleistungen und Erm\u00e4\u00dfigungen f\u00fcr Campingg\u00e4ste.\",\"breadcrumb\":{\"@id\":\"https:\/\/www.casavio.com\/de\/wo-sind-wir\/wie-uns-erreichen-mit-flugzeug\/#breadcrumb\"},\"inLanguage\":\"de\",\"potentialAction\":[{\"@type\":\"ReadAction\",\"target\":[\"https:\/\/www.casavio.com\/de\/wo-sind-wir\/wie-uns-erreichen-mit-flugzeug\/\"]}]},{\"@type\":\"ImageObject\",\"inLanguage\":\"de\",\"@id\":\"https:\/\/www.casavio.com\/de\/wo-sind-wir\/wie-uns-erreichen-mit-flugzeug\/#primaryimage\",\"url\":\"https:\/\/www.casavio.com\/wp-content\/uploads\/2020\/01\/ca-savio-dove-siamo-in-aereo-box-2.jpg\",\"contentUrl\":\"https:\/\/www.casavio.com\/wp-content\/uploads\/2020\/01\/ca-savio-dove-siamo-in-aereo-box-2.jpg\",\"width\":440,\"height\":600},{\"@type\":\"BreadcrumbList\",\"@id\":\"https:\/\/www.casavio.com\/de\/wo-sind-wir\/wie-uns-erreichen-mit-flugzeug\/#breadcrumb\",\"itemListElement\":[{\"@type\":\"ListItem\",\"position\":1,\"name\":\"Home\",\"item\":\"https:\/\/www.casavio.com\/de\/\"},{\"@type\":\"ListItem\",\"position\":2,\"name\":\"Wo sind wir\",\"item\":\"https:\/\/www.casavio.com\/de\/wo-sind-wir\/\"},{\"@type\":\"ListItem\",\"position\":3,\"name\":\"Mit dem Flugzeug\"}]},{\"@type\":\"WebSite\",\"@id\":\"https:\/\/www.casavio.com\/de\/#website\",\"url\":\"https:\/\/www.casavio.com\/de\/\",\"name\":\"Camping Ca&#039; Savio\",\"description\":\"\",\"publisher\":{\"@id\":\"https:\/\/www.casavio.com\/de\/#organization\"},\"potentialAction\":[{\"@type\":\"SearchAction\",\"target\":{\"@type\":\"EntryPoint\",\"urlTemplate\":\"https:\/\/www.casavio.com\/de\/?s={search_term_string}\"},\"query-input\":{\"@type\":\"PropertyValueSpecification\",\"valueRequired\":true,\"valueName\":\"search_term_string\"}}],\"inLanguage\":\"de\"},{\"@type\":\"Organization\",\"@id\":\"https:\/\/www.casavio.com\/de\/#organization\",\"name\":\"Camping Ca'Savio\",\"url\":\"https:\/\/www.casavio.com\/de\/\",\"logo\":{\"@type\":\"ImageObject\",\"inLanguage\":\"de\",\"@id\":\"https:\/\/www.casavio.com\/de\/#\/schema\/logo\/image\/\",\"url\":\"https:\/\/www.casavio.com\/wp-content\/uploads\/2024\/04\/favicon.png\",\"contentUrl\":\"https:\/\/www.casavio.com\/wp-content\/uploads\/2024\/04\/favicon.png\",\"width\":144,\"height\":144,\"caption\":\"Camping Ca'Savio\"},\"image\":{\"@id\":\"https:\/\/www.casavio.com\/de\/#\/schema\/logo\/image\/\"},\"sameAs\":[\"https:\/\/www.facebook.com\/campingcasavio\",\"https:\/\/www.instagram.com\/campingcasavio\",\"https:\/\/www.youtube.com\/user\/campingcasavio\"]}]}<\/script>\n<!-- \/ Yoast SEO plugin. -->","yoast_head_json":{"title":"Wo sind wir und wie uns erreichen mit mit dem Flugzeug &#8211; Camping Ca&#039; Savio","description":"Informationen und Wegbeschreibungen, um uns zu erreichen, wenn Sie in Venedig oder Treviso landen. Entdecken Sie die Dienstleistungen und Erm\u00e4\u00dfigungen f\u00fcr Campingg\u00e4ste.","robots":{"index":"index","follow":"follow","max-snippet":"max-snippet:-1","max-image-preview":"max-image-preview:large","max-video-preview":"max-video-preview:-1"},"canonical":"https:\/\/www.casavio.com\/de\/wo-sind-wir\/wie-uns-erreichen-mit-flugzeug\/","og_locale":"de_DE","og_type":"article","og_title":"Wo sind wir und wie uns erreichen mit mit dem Flugzeug &#8211; Camping Ca&#039; Savio","og_description":"Informationen und Wegbeschreibungen, um uns zu erreichen, wenn Sie in Venedig oder Treviso landen. Entdecken Sie die Dienstleistungen und Erm\u00e4\u00dfigungen f\u00fcr Campingg\u00e4ste.","og_url":"https:\/\/www.casavio.com\/de\/wo-sind-wir\/wie-uns-erreichen-mit-flugzeug\/","og_site_name":"Camping Ca&#039; Savio","article_publisher":"https:\/\/www.facebook.com\/campingcasavio","article_modified_time":"2025-06-17T12:23:11+00:00","og_image":[{"width":440,"height":600,"url":"https:\/\/www.casavio.com\/wp-content\/uploads\/2020\/01\/ca-savio-dove-siamo-in-aereo-box-2.jpg","type":"image\/jpeg"}],"twitter_card":"summary_large_image","twitter_misc":{"Gesch\u00e4tzte Lesezeit":"1\u00a0Minute"},"schema":{"@context":"https:\/\/schema.org","@graph":[{"@type":"WebPage","@id":"https:\/\/www.casavio.com\/de\/wo-sind-wir\/wie-uns-erreichen-mit-flugzeug\/","url":"https:\/\/www.casavio.com\/de\/wo-sind-wir\/wie-uns-erreichen-mit-flugzeug\/","name":"Wo sind wir und wie uns erreichen mit mit dem Flugzeug &#8211; Camping Ca&#039; Savio","isPartOf":{"@id":"https:\/\/www.casavio.com\/de\/#website"},"primaryImageOfPage":{"@id":"https:\/\/www.casavio.com\/de\/wo-sind-wir\/wie-uns-erreichen-mit-flugzeug\/#primaryimage"},"image":{"@id":"https:\/\/www.casavio.com\/de\/wo-sind-wir\/wie-uns-erreichen-mit-flugzeug\/#primaryimage"},"thumbnailUrl":"https:\/\/www.casavio.com\/wp-content\/uploads\/2020\/01\/ca-savio-dove-siamo-in-aereo-box-2.jpg","datePublished":"2019-11-27T10:33:15+00:00","dateModified":"2025-06-17T12:23:11+00:00","description":"Informationen und Wegbeschreibungen, um uns zu erreichen, wenn Sie in Venedig oder Treviso landen. Entdecken Sie die Dienstleistungen und Erm\u00e4\u00dfigungen f\u00fcr Campingg\u00e4ste.","breadcrumb":{"@id":"https:\/\/www.casavio.com\/de\/wo-sind-wir\/wie-uns-erreichen-mit-flugzeug\/#breadcrumb"},"inLanguage":"de","potentialAction":[{"@type":"ReadAction","target":["https:\/\/www.casavio.com\/de\/wo-sind-wir\/wie-uns-erreichen-mit-flugzeug\/"]}]},{"@type":"ImageObject","inLanguage":"de","@id":"https:\/\/www.casavio.com\/de\/wo-sind-wir\/wie-uns-erreichen-mit-flugzeug\/#primaryimage","url":"https:\/\/www.casavio.com\/wp-content\/uploads\/2020\/01\/ca-savio-dove-siamo-in-aereo-box-2.jpg","contentUrl":"https:\/\/www.casavio.com\/wp-content\/uploads\/2020\/01\/ca-savio-dove-siamo-in-aereo-box-2.jpg","width":440,"height":600},{"@type":"BreadcrumbList","@id":"https:\/\/www.casavio.com\/de\/wo-sind-wir\/wie-uns-erreichen-mit-flugzeug\/#breadcrumb","itemListElement":[{"@type":"ListItem","position":1,"name":"Home","item":"https:\/\/www.casavio.com\/de\/"},{"@type":"ListItem","position":2,"name":"Wo sind wir","item":"https:\/\/www.casavio.com\/de\/wo-sind-wir\/"},{"@type":"ListItem","position":3,"name":"Mit dem Flugzeug"}]},{"@type":"WebSite","@id":"https:\/\/www.casavio.com\/de\/#website","url":"https:\/\/www.casavio.com\/de\/","name":"Camping Ca&#039; Savio","description":"","publisher":{"@id":"https:\/\/www.casavio.com\/de\/#organization"},"potentialAction":[{"@type":"SearchAction","target":{"@type":"EntryPoint","urlTemplate":"https:\/\/www.casavio.com\/de\/?s={search_term_string}"},"query-input":{"@type":"PropertyValueSpecification","valueRequired":true,"valueName":"search_term_string"}}],"inLanguage":"de"},{"@type":"Organization","@id":"https:\/\/www.casavio.com\/de\/#organization","name":"Camping Ca'Savio","url":"https:\/\/www.casavio.com\/de\/","logo":{"@type":"ImageObject","inLanguage":"de","@id":"https:\/\/www.casavio.com\/de\/#\/schema\/logo\/image\/","url":"https:\/\/www.casavio.com\/wp-content\/uploads\/2024\/04\/favicon.png","contentUrl":"https:\/\/www.casavio.com\/wp-content\/uploads\/2024\/04\/favicon.png","width":144,"height":144,"caption":"Camping Ca'Savio"},"image":{"@id":"https:\/\/www.casavio.com\/de\/#\/schema\/logo\/image\/"},"sameAs":["https:\/\/www.facebook.com\/campingcasavio","https:\/\/www.instagram.com\/campingcasavio","https:\/\/www.youtube.com\/user\/campingcasavio"]}]}},"_links":{"self":[{"href":"https:\/\/www.casavio.com\/de\/wp-json\/wp\/v2\/pages\/8244","targetHints":{"allow":["GET"]}}],"collection":[{"href":"https:\/\/www.casavio.com\/de\/wp-json\/wp\/v2\/pages"}],"about":[{"href":"https:\/\/www.casavio.com\/de\/wp-json\/wp\/v2\/types\/page"}],"author":[{"embeddable":true,"href":"https:\/\/www.casavio.com\/de\/wp-json\/wp\/v2\/users\/4"}],"replies":[{"embeddable":true,"href":"https:\/\/www.casavio.com\/de\/wp-json\/wp\/v2\/comments?post=8244"}],"version-history":[{"count":3,"href":"https:\/\/www.casavio.com\/de\/wp-json\/wp\/v2\/pages\/8244\/revisions"}],"predecessor-version":[{"id":41153,"href":"https:\/\/www.casavio.com\/de\/wp-json\/wp\/v2\/pages\/8244\/revisions\/41153"}],"up":[{"embeddable":true,"href":"https:\/\/www.casavio.com\/de\/wp-json\/wp\/v2\/pages\/8241"}],"wp:featuredmedia":[{"embeddable":true,"href":"https:\/\/www.casavio.com\/de\/wp-json\/wp\/v2\/media\/6896"}],"wp:attachment":[{"href":"https:\/\/www.casavio.com\/de\/wp-json\/wp\/v2\/media?parent=8244"}],"curies":[{"name":"wp","href":"https:\/\/api.w.org\/{rel}","templated":true}]}}