{"id":8249,"date":"2019-11-27T11:49:45","date_gmt":"2019-11-27T10:49:45","guid":{"rendered":"https:\/\/www.casavio.com\/wo-sind-wir\/come-raggiungerci-in-auto\/"},"modified":"2020-02-18T11:44:11","modified_gmt":"2020-02-18T10:44:11","slug":"wie-uns-erreichen-mit-dem-wagen","status":"publish","type":"page","link":"https:\/\/www.casavio.com\/de\/wo-sind-wir\/wie-uns-erreichen-mit-dem-wagen\/","title":{"rendered":"Mit dem Wagen"},"content":{"rendered":"<p>Camping Ca\u2019Savio liegt auf der Halbinsel von <a href=\"https:\/\/www.casavio.com\/de\/umgebung\/cavallino-treporti-und-lagune\/\">Cavallino-Treporti<\/a> und ist leicht mit dem Wagen zu erreichen. Erreichen Sie zuerst die Stadt <strong>Jesolo Lido<\/strong> und dann fahren Sie in Richtung <strong>Cavallino-Treporti<\/strong> weiter.<\/p>\n<p><strong>Von Tarvisio-Triest:<\/strong><\/p>\n<p>An der Zahlstelle Noventa di Piave &#8211; San Don\u00e0 (von Autobahn A4) abfahren und den Wegweisern in Richtung Jesolo Lido folgen.<\/p>\n<p><strong>Von Mailand, Brenner, Bologna:<\/strong><\/p>\n<p>An Padua vorbeifahren und die Wegweiser in Richtung <strong>Aeroporto-MESTRE<\/strong> (Flughafen-MESTRE) folgen. Kurz vor Mestre auf die <strong>A57-Tangenziale<\/strong> fahren und in Richtung <strong>Aeroporto-Jesolo<\/strong> (Flughafen-Jesolo) weiterfahren. Kurz vor dem Flughafen den Wegweisern Richtung <strong>Jesolo-Mare<\/strong> folgen und auf die SS14 in Richtung Jesolo weiterfahren.<\/p>\n<p>Ab dem <strong>Kreisverkehr in Jesolo Lido<\/strong> den Wegweisern in Richtung <strong>Cavallino-Punta Sabbioni<\/strong> folgen.<br \/>\nAuf der Via Fausta bis zur Ortschaft <strong>Ca&#8217;Savio<\/strong> weiterfahren.<br \/>\nNach dem Schild f\u00fcr den Campingplatz, links auf die Via Varsavia abbiegen und an der n\u00e4chsten Stra\u00dfengabelung rechts abbiegen.<br \/>\nAn der ersten Kreuzung links in Richtung Meer abbiegen.<br \/>\nAuf der linken Seite der Strasse liegt die Einfahrt des Campingplatzes.<\/p>\n<H5 class=\"h5\"><a href=\"https:\/\/www.casavio.com\/de\/vermeiden-sie-den-verkehr\/\">VERMEIDEN SIE DEN VERKEHR<\/a><\/H5>\n<p>&nbsp;<\/p>\n","protected":false},"excerpt":{"rendered":"<p>Hier finden Sie alle Informationen und einige Tipps zur Vermeidung von Verkehr.<\/p>\n","protected":false},"author":4,"featured_media":4854,"parent":8241,"menu_order":0,"comment_status":"closed","ping_status":"closed","template":"","meta":{"_acf_changed":false},"class_list":["post-8249","page","type-page","status-publish","has-post-thumbnail","hentry"],"acf":[],"yoast_head":"<!-- This site is optimized with the Yoast SEO plugin v25.3 - https:\/\/yoast.com\/wordpress\/plugins\/seo\/ -->\n<title>Wo sind wir und wie erreichen Sie uns mit dem Wagen &#8211; Camping Ca&#039; Savio<\/title>\n<meta name=\"description\" content=\"Schauen Sie auf die Karte, um uns zu erreichen, wenn Sie mit dem Auto, Wohnmobil oder Wohnwagen anreisen. Berechnen Sie die Route und laden Sie die Wegbeschreibung herunter. Kontaktieren Sie uns f\u00fcr jeden Bedarf!\" \/>\n<meta name=\"robots\" content=\"index, follow, max-snippet:-1, max-image-preview:large, max-video-preview:-1\" \/>\n<link rel=\"canonical\" href=\"https:\/\/www.casavio.com\/de\/wo-sind-wir\/wie-uns-erreichen-mit-dem-wagen\/\" \/>\n<meta property=\"og:locale\" content=\"de_DE\" \/>\n<meta property=\"og:type\" content=\"article\" \/>\n<meta property=\"og:title\" content=\"Wo sind wir und wie erreichen Sie uns mit dem Wagen &#8211; Camping Ca&#039; Savio\" \/>\n<meta property=\"og:description\" content=\"Schauen Sie auf die Karte, um uns zu erreichen, wenn Sie mit dem Auto, Wohnmobil oder Wohnwagen anreisen. Berechnen Sie die Route und laden Sie die Wegbeschreibung herunter. Kontaktieren Sie uns f\u00fcr jeden Bedarf!\" \/>\n<meta property=\"og:url\" content=\"https:\/\/www.casavio.com\/de\/wo-sind-wir\/wie-uns-erreichen-mit-dem-wagen\/\" \/>\n<meta property=\"og:site_name\" content=\"Camping Ca&#039; Savio\" \/>\n<meta property=\"article:publisher\" content=\"https:\/\/www.facebook.com\/campingcasavio\" \/>\n<meta property=\"article:modified_time\" content=\"2020-02-18T10:44:11+00:00\" \/>\n<meta property=\"og:image\" content=\"https:\/\/www.casavio.com\/wp-content\/uploads\/2019\/11\/ca-savio-dove-siamo-in-auto-box.jpg\" \/>\n\t<meta property=\"og:image:width\" content=\"440\" \/>\n\t<meta property=\"og:image:height\" content=\"600\" \/>\n\t<meta property=\"og:image:type\" content=\"image\/jpeg\" \/>\n<meta name=\"twitter:card\" content=\"summary_large_image\" \/>\n<meta name=\"twitter:label1\" content=\"Gesch\u00e4tzte Lesezeit\" \/>\n\t<meta name=\"twitter:data1\" content=\"1\u00a0Minute\" \/>\n<script type=\"application\/ld+json\" class=\"yoast-schema-graph\">{\"@context\":\"https:\/\/schema.org\",\"@graph\":[{\"@type\":\"WebPage\",\"@id\":\"https:\/\/www.casavio.com\/de\/wo-sind-wir\/wie-uns-erreichen-mit-dem-wagen\/\",\"url\":\"https:\/\/www.casavio.com\/de\/wo-sind-wir\/wie-uns-erreichen-mit-dem-wagen\/\",\"name\":\"Wo sind wir und wie erreichen Sie uns mit dem Wagen &#8211; Camping Ca&#039; Savio\",\"isPartOf\":{\"@id\":\"https:\/\/www.casavio.com\/de\/#website\"},\"primaryImageOfPage\":{\"@id\":\"https:\/\/www.casavio.com\/de\/wo-sind-wir\/wie-uns-erreichen-mit-dem-wagen\/#primaryimage\"},\"image\":{\"@id\":\"https:\/\/www.casavio.com\/de\/wo-sind-wir\/wie-uns-erreichen-mit-dem-wagen\/#primaryimage\"},\"thumbnailUrl\":\"https:\/\/www.casavio.com\/wp-content\/uploads\/2019\/11\/ca-savio-dove-siamo-in-auto-box.jpg\",\"datePublished\":\"2019-11-27T10:49:45+00:00\",\"dateModified\":\"2020-02-18T10:44:11+00:00\",\"description\":\"Schauen Sie auf die Karte, um uns zu erreichen, wenn Sie mit dem Auto, Wohnmobil oder Wohnwagen anreisen. Berechnen Sie die Route und laden Sie die Wegbeschreibung herunter. Kontaktieren Sie uns f\u00fcr jeden Bedarf!\",\"breadcrumb\":{\"@id\":\"https:\/\/www.casavio.com\/de\/wo-sind-wir\/wie-uns-erreichen-mit-dem-wagen\/#breadcrumb\"},\"inLanguage\":\"de\",\"potentialAction\":[{\"@type\":\"ReadAction\",\"target\":[\"https:\/\/www.casavio.com\/de\/wo-sind-wir\/wie-uns-erreichen-mit-dem-wagen\/\"]}]},{\"@type\":\"ImageObject\",\"inLanguage\":\"de\",\"@id\":\"https:\/\/www.casavio.com\/de\/wo-sind-wir\/wie-uns-erreichen-mit-dem-wagen\/#primaryimage\",\"url\":\"https:\/\/www.casavio.com\/wp-content\/uploads\/2019\/11\/ca-savio-dove-siamo-in-auto-box.jpg\",\"contentUrl\":\"https:\/\/www.casavio.com\/wp-content\/uploads\/2019\/11\/ca-savio-dove-siamo-in-auto-box.jpg\",\"width\":440,\"height\":600},{\"@type\":\"BreadcrumbList\",\"@id\":\"https:\/\/www.casavio.com\/de\/wo-sind-wir\/wie-uns-erreichen-mit-dem-wagen\/#breadcrumb\",\"itemListElement\":[{\"@type\":\"ListItem\",\"position\":1,\"name\":\"Home\",\"item\":\"https:\/\/www.casavio.com\/de\/\"},{\"@type\":\"ListItem\",\"position\":2,\"name\":\"Wo sind wir\",\"item\":\"https:\/\/www.casavio.com\/de\/wo-sind-wir\/\"},{\"@type\":\"ListItem\",\"position\":3,\"name\":\"Mit dem Wagen\"}]},{\"@type\":\"WebSite\",\"@id\":\"https:\/\/www.casavio.com\/de\/#website\",\"url\":\"https:\/\/www.casavio.com\/de\/\",\"name\":\"Camping Ca&#039; Savio\",\"description\":\"\",\"publisher\":{\"@id\":\"https:\/\/www.casavio.com\/de\/#organization\"},\"potentialAction\":[{\"@type\":\"SearchAction\",\"target\":{\"@type\":\"EntryPoint\",\"urlTemplate\":\"https:\/\/www.casavio.com\/de\/?s={search_term_string}\"},\"query-input\":{\"@type\":\"PropertyValueSpecification\",\"valueRequired\":true,\"valueName\":\"search_term_string\"}}],\"inLanguage\":\"de\"},{\"@type\":\"Organization\",\"@id\":\"https:\/\/www.casavio.com\/de\/#organization\",\"name\":\"Camping Ca'Savio\",\"url\":\"https:\/\/www.casavio.com\/de\/\",\"logo\":{\"@type\":\"ImageObject\",\"inLanguage\":\"de\",\"@id\":\"https:\/\/www.casavio.com\/de\/#\/schema\/logo\/image\/\",\"url\":\"https:\/\/www.casavio.com\/wp-content\/uploads\/2024\/04\/favicon.png\",\"contentUrl\":\"https:\/\/www.casavio.com\/wp-content\/uploads\/2024\/04\/favicon.png\",\"width\":144,\"height\":144,\"caption\":\"Camping Ca'Savio\"},\"image\":{\"@id\":\"https:\/\/www.casavio.com\/de\/#\/schema\/logo\/image\/\"},\"sameAs\":[\"https:\/\/www.facebook.com\/campingcasavio\",\"https:\/\/www.instagram.com\/campingcasavio\",\"https:\/\/www.youtube.com\/user\/campingcasavio\"]}]}<\/script>\n<!-- \/ Yoast SEO plugin. -->","yoast_head_json":{"title":"Wo sind wir und wie erreichen Sie uns mit dem Wagen &#8211; Camping Ca&#039; Savio","description":"Schauen Sie auf die Karte, um uns zu erreichen, wenn Sie mit dem Auto, Wohnmobil oder Wohnwagen anreisen. Berechnen Sie die Route und laden Sie die Wegbeschreibung herunter. Kontaktieren Sie uns f\u00fcr jeden Bedarf!","robots":{"index":"index","follow":"follow","max-snippet":"max-snippet:-1","max-image-preview":"max-image-preview:large","max-video-preview":"max-video-preview:-1"},"canonical":"https:\/\/www.casavio.com\/de\/wo-sind-wir\/wie-uns-erreichen-mit-dem-wagen\/","og_locale":"de_DE","og_type":"article","og_title":"Wo sind wir und wie erreichen Sie uns mit dem Wagen &#8211; Camping Ca&#039; Savio","og_description":"Schauen Sie auf die Karte, um uns zu erreichen, wenn Sie mit dem Auto, Wohnmobil oder Wohnwagen anreisen. Berechnen Sie die Route und laden Sie die Wegbeschreibung herunter. Kontaktieren Sie uns f\u00fcr jeden Bedarf!","og_url":"https:\/\/www.casavio.com\/de\/wo-sind-wir\/wie-uns-erreichen-mit-dem-wagen\/","og_site_name":"Camping Ca&#039; Savio","article_publisher":"https:\/\/www.facebook.com\/campingcasavio","article_modified_time":"2020-02-18T10:44:11+00:00","og_image":[{"width":440,"height":600,"url":"https:\/\/www.casavio.com\/wp-content\/uploads\/2019\/11\/ca-savio-dove-siamo-in-auto-box.jpg","type":"image\/jpeg"}],"twitter_card":"summary_large_image","twitter_misc":{"Gesch\u00e4tzte Lesezeit":"1\u00a0Minute"},"schema":{"@context":"https:\/\/schema.org","@graph":[{"@type":"WebPage","@id":"https:\/\/www.casavio.com\/de\/wo-sind-wir\/wie-uns-erreichen-mit-dem-wagen\/","url":"https:\/\/www.casavio.com\/de\/wo-sind-wir\/wie-uns-erreichen-mit-dem-wagen\/","name":"Wo sind wir und wie erreichen Sie uns mit dem Wagen &#8211; Camping Ca&#039; Savio","isPartOf":{"@id":"https:\/\/www.casavio.com\/de\/#website"},"primaryImageOfPage":{"@id":"https:\/\/www.casavio.com\/de\/wo-sind-wir\/wie-uns-erreichen-mit-dem-wagen\/#primaryimage"},"image":{"@id":"https:\/\/www.casavio.com\/de\/wo-sind-wir\/wie-uns-erreichen-mit-dem-wagen\/#primaryimage"},"thumbnailUrl":"https:\/\/www.casavio.com\/wp-content\/uploads\/2019\/11\/ca-savio-dove-siamo-in-auto-box.jpg","datePublished":"2019-11-27T10:49:45+00:00","dateModified":"2020-02-18T10:44:11+00:00","description":"Schauen Sie auf die Karte, um uns zu erreichen, wenn Sie mit dem Auto, Wohnmobil oder Wohnwagen anreisen. Berechnen Sie die Route und laden Sie die Wegbeschreibung herunter. Kontaktieren Sie uns f\u00fcr jeden Bedarf!","breadcrumb":{"@id":"https:\/\/www.casavio.com\/de\/wo-sind-wir\/wie-uns-erreichen-mit-dem-wagen\/#breadcrumb"},"inLanguage":"de","potentialAction":[{"@type":"ReadAction","target":["https:\/\/www.casavio.com\/de\/wo-sind-wir\/wie-uns-erreichen-mit-dem-wagen\/"]}]},{"@type":"ImageObject","inLanguage":"de","@id":"https:\/\/www.casavio.com\/de\/wo-sind-wir\/wie-uns-erreichen-mit-dem-wagen\/#primaryimage","url":"https:\/\/www.casavio.com\/wp-content\/uploads\/2019\/11\/ca-savio-dove-siamo-in-auto-box.jpg","contentUrl":"https:\/\/www.casavio.com\/wp-content\/uploads\/2019\/11\/ca-savio-dove-siamo-in-auto-box.jpg","width":440,"height":600},{"@type":"BreadcrumbList","@id":"https:\/\/www.casavio.com\/de\/wo-sind-wir\/wie-uns-erreichen-mit-dem-wagen\/#breadcrumb","itemListElement":[{"@type":"ListItem","position":1,"name":"Home","item":"https:\/\/www.casavio.com\/de\/"},{"@type":"ListItem","position":2,"name":"Wo sind wir","item":"https:\/\/www.casavio.com\/de\/wo-sind-wir\/"},{"@type":"ListItem","position":3,"name":"Mit dem Wagen"}]},{"@type":"WebSite","@id":"https:\/\/www.casavio.com\/de\/#website","url":"https:\/\/www.casavio.com\/de\/","name":"Camping Ca&#039; Savio","description":"","publisher":{"@id":"https:\/\/www.casavio.com\/de\/#organization"},"potentialAction":[{"@type":"SearchAction","target":{"@type":"EntryPoint","urlTemplate":"https:\/\/www.casavio.com\/de\/?s={search_term_string}"},"query-input":{"@type":"PropertyValueSpecification","valueRequired":true,"valueName":"search_term_string"}}],"inLanguage":"de"},{"@type":"Organization","@id":"https:\/\/www.casavio.com\/de\/#organization","name":"Camping Ca'Savio","url":"https:\/\/www.casavio.com\/de\/","logo":{"@type":"ImageObject","inLanguage":"de","@id":"https:\/\/www.casavio.com\/de\/#\/schema\/logo\/image\/","url":"https:\/\/www.casavio.com\/wp-content\/uploads\/2024\/04\/favicon.png","contentUrl":"https:\/\/www.casavio.com\/wp-content\/uploads\/2024\/04\/favicon.png","width":144,"height":144,"caption":"Camping Ca'Savio"},"image":{"@id":"https:\/\/www.casavio.com\/de\/#\/schema\/logo\/image\/"},"sameAs":["https:\/\/www.facebook.com\/campingcasavio","https:\/\/www.instagram.com\/campingcasavio","https:\/\/www.youtube.com\/user\/campingcasavio"]}]}},"_links":{"self":[{"href":"https:\/\/www.casavio.com\/de\/wp-json\/wp\/v2\/pages\/8249","targetHints":{"allow":["GET"]}}],"collection":[{"href":"https:\/\/www.casavio.com\/de\/wp-json\/wp\/v2\/pages"}],"about":[{"href":"https:\/\/www.casavio.com\/de\/wp-json\/wp\/v2\/types\/page"}],"author":[{"embeddable":true,"href":"https:\/\/www.casavio.com\/de\/wp-json\/wp\/v2\/users\/4"}],"replies":[{"embeddable":true,"href":"https:\/\/www.casavio.com\/de\/wp-json\/wp\/v2\/comments?post=8249"}],"version-history":[{"count":2,"href":"https:\/\/www.casavio.com\/de\/wp-json\/wp\/v2\/pages\/8249\/revisions"}],"predecessor-version":[{"id":8256,"href":"https:\/\/www.casavio.com\/de\/wp-json\/wp\/v2\/pages\/8249\/revisions\/8256"}],"up":[{"embeddable":true,"href":"https:\/\/www.casavio.com\/de\/wp-json\/wp\/v2\/pages\/8241"}],"wp:featuredmedia":[{"embeddable":true,"href":"https:\/\/www.casavio.com\/de\/wp-json\/wp\/v2\/media\/4854"}],"wp:attachment":[{"href":"https:\/\/www.casavio.com\/de\/wp-json\/wp\/v2\/media?parent=8249"}],"curies":[{"name":"wp","href":"https:\/\/api.w.org\/{rel}","templated":true}]}}