{"id":8253,"date":"2019-11-27T11:59:47","date_gmt":"2019-11-27T10:59:47","guid":{"rendered":"https:\/\/www.casavio.com\/come-raggiungere-il-campeggio-casavio-evitando-il-traffico\/"},"modified":"2022-11-21T12:37:54","modified_gmt":"2022-11-21T11:37:54","slug":"vermeiden-sie-den-verkehr","status":"publish","type":"page","link":"https:\/\/www.casavio.com\/de\/vermeiden-sie-den-verkehr\/","title":{"rendered":"Wie Sie den Campingplatz Ca\u2019Savio mit dem Wagen erreichen und dabei den Verkehr vermeiden"},"content":{"rendered":"<p>Der Campingplatz Ca\u2019 Savio befindet sich auf der Halbinsel Cavallino Treporti und ist mit dem Wagen erreichbar. Nachdem Sie die Autobahn verlassen haben, m\u00fcssen Sie zuerst zur Stadt Jesolo Lido gelangen und dann in Richtung Cavallino-Treporti weiterfahren.<\/p>\n<p>Am Wochenende kann es in Jesolo zu Verz\u00f6gerungen und <strong>Stau<\/strong> kommen. Daher empfehlen wir Ihnen, bei starkem Verkehr nicht die Via Roma Destra in Richtung Punta Sabbioni entlangzufahren, sondern die Parallelstra\u00dfe zu nehmen, die von der Piazza Brescia die viale Padania entlangf\u00fchrt bis zur <strong>Br\u00fccke<\/strong>, die Jesolo mit Cavallino verbindet.<\/p>\n<p><strong>Nach der Br\u00fccke Cavallino-Treporti<\/strong><\/p>\n<p>Nach der Br\u00fccke \u00fcber den Fluss Sile k\u00f6nnen Sie die <strong>via Fausta<\/strong> einschlagen, die Alleestra\u00dfe, die durch die ganze Halbinsel Cavallino f\u00fchrt und die Ortschaften Ca\u2019 Ballarin, Ca&#8216; Di Valle, Ca&#8216; Pasquali bis Punta Sabbioni durchquert.<\/p>\n<p>Als Alternative empfehlen wir Ihnen die <strong>via Pordelio<\/strong> entlang zu fahren, die Lagunenstra\u00dfe, die bis Treporti f\u00fchrt.<\/p>\n<p>Diese Stra\u00dfe mit ihrem herrlichen Panorama ist jedoch ziemlich schmal und k\u00f6nnte, wenn Sie mit dem Wohnmobil oder Wohnwagen reisen, eher beschwerlich sein, doch ist sie normalerweise weniger befahren.<\/p>\n<p><strong>Wann ist die Anreise zum Campingplatz ideal?<\/strong><\/p>\n<p>Wir raten Ihnen ab, am Samstag anzureisen. Wenn Sie jedoch am Wochenende anreisen m\u00fcssen, ist es vormittags ratsamer.<\/p>\n<p>Damit unsere G\u00e4ste die Organisation Ihrer Reise frei bestimmen k\u00f6nnen, bieten wir seit vielen Jahren die M\u00f6glichkeit, an <strong>jedem Wochentag<\/strong> und nicht nur am Samstag anreisen zu k\u00f6nnen!<\/p>\n<p>Au\u00dferdem ist die Campingplatz-<a href=\"https:\/\/www.casavio.com\/de\/dienstleistungen\/inklusivleistungen\/rezeption\/\"><strong>Rezeption<\/strong><\/a> <strong>ab 7.00 Uhr morgens ge\u00f6ffnet<\/strong> und so k\u00f6nnen Sie bereits im Laufe des Vormittags einchecken und sogleich Ihren Urlaub in vollen Z\u00fcgen genie\u00dfen!<\/p>\n<p><strong>Ab in den Urlaub!<\/strong><\/p>\n<p>W\u00e4hrend Sie darauf warten, Ihren <a href=\"https:\/\/www.casavio.com\/de\/camping\/bungalows-chalets-de\/\">Bungalow\/Ihr Chalet<\/a>\/Ihr <a href=\"https:\/\/www.casavio.com\/de\/camping\/mobilheime\/\">Mobilheim<\/a>\/Ihr <a href=\"https:\/\/www.casavio.com\/de\/camping\/lodge-de\/\">Lodge<\/a>\/Ihren <a href=\"https:\/\/www.casavio.com\/de\/camping\/glamping-camping-de\/\">Glamping Zelt<\/a> oder Ihren <a href=\"https:\/\/www.casavio.com\/de\/camping\/glamping-camping-de\/airstream\/\">Airstream-Caravan<\/a> zu beziehen, k\u00f6nnen Sie ins <a href=\"https:\/\/www.casavio.com\/de\/dienstleistungen\/schwimmbaeder-ca-savio\/\">Schwimmbad<\/a> gehen, einen <a href=\"https:\/\/www.casavio.com\/de\/dienstleistungen\/ca-savio-strand\/\">Strandspaziergang<\/a> unternehmen oder auch einen Cappuccino im Caf\u00e9 trinken oder im <a href=\"https:\/\/www.casavio.com\/de\/dienstleistungen\/restaurant-ca-savio\/\">Restaurant<\/a> zu Mittag essen.<\/p>\n","protected":false},"excerpt":{"rendered":"<p>Der Campingplatz Ca\u2019 Savio befindet sich auf der Halbinsel Cavallino Treporti und ist mit dem Wagen erreichbar.<\/p>\n","protected":false},"author":4,"featured_media":4901,"parent":0,"menu_order":305,"comment_status":"closed","ping_status":"closed","template":"","meta":{"_acf_changed":false},"class_list":["post-8253","page","type-page","status-publish","has-post-thumbnail","hentry"],"acf":[],"yoast_head":"<!-- This site is optimized with the Yoast SEO plugin v25.3 - https:\/\/yoast.com\/wordpress\/plugins\/seo\/ -->\n<title>Hier unsere Tipps, wie Sie auch bei starkem Verkehr zum Camping Ca&#039;Savio gelangen! &#8211; Camping Ca&#039; Savio<\/title>\n<meta name=\"description\" content=\"Dank unserer Wegbeschreibungen k\u00f6nnen Sie auch bei starkem Wochenendverkehr in Jesolo unseren Campingplatz in der N\u00e4he von Venedig erreichen. Wir erwarten Sie!\" \/>\n<meta name=\"robots\" content=\"index, follow, max-snippet:-1, max-image-preview:large, max-video-preview:-1\" \/>\n<link rel=\"canonical\" href=\"https:\/\/www.casavio.com\/de\/vermeiden-sie-den-verkehr\/\" \/>\n<meta property=\"og:locale\" content=\"de_DE\" \/>\n<meta property=\"og:type\" content=\"article\" \/>\n<meta property=\"og:title\" content=\"Hier unsere Tipps, wie Sie auch bei starkem Verkehr zum Camping Ca&#039;Savio gelangen! &#8211; Camping Ca&#039; Savio\" \/>\n<meta property=\"og:description\" content=\"Dank unserer Wegbeschreibungen k\u00f6nnen Sie auch bei starkem Wochenendverkehr in Jesolo unseren Campingplatz in der N\u00e4he von Venedig erreichen. Wir erwarten Sie!\" \/>\n<meta property=\"og:url\" content=\"https:\/\/www.casavio.com\/de\/vermeiden-sie-den-verkehr\/\" \/>\n<meta property=\"og:site_name\" content=\"Camping Ca&#039; Savio\" \/>\n<meta property=\"article:publisher\" content=\"https:\/\/www.facebook.com\/campingcasavio\" \/>\n<meta property=\"article:modified_time\" content=\"2022-11-21T11:37:54+00:00\" \/>\n<meta property=\"og:image\" content=\"https:\/\/www.casavio.com\/wp-content\/uploads\/2019\/11\/ca-savio-evita-traffico-box.jpg\" \/>\n\t<meta property=\"og:image:width\" content=\"440\" \/>\n\t<meta property=\"og:image:height\" content=\"600\" \/>\n\t<meta property=\"og:image:type\" content=\"image\/jpeg\" \/>\n<meta name=\"twitter:card\" content=\"summary_large_image\" \/>\n<meta name=\"twitter:label1\" content=\"Gesch\u00e4tzte Lesezeit\" \/>\n\t<meta name=\"twitter:data1\" content=\"2\u00a0Minuten\" \/>\n<script type=\"application\/ld+json\" class=\"yoast-schema-graph\">{\"@context\":\"https:\/\/schema.org\",\"@graph\":[{\"@type\":\"WebPage\",\"@id\":\"https:\/\/www.casavio.com\/de\/vermeiden-sie-den-verkehr\/\",\"url\":\"https:\/\/www.casavio.com\/de\/vermeiden-sie-den-verkehr\/\",\"name\":\"Hier unsere Tipps, wie Sie auch bei starkem Verkehr zum Camping Ca'Savio gelangen! &#8211; Camping Ca&#039; Savio\",\"isPartOf\":{\"@id\":\"https:\/\/www.casavio.com\/de\/#website\"},\"primaryImageOfPage\":{\"@id\":\"https:\/\/www.casavio.com\/de\/vermeiden-sie-den-verkehr\/#primaryimage\"},\"image\":{\"@id\":\"https:\/\/www.casavio.com\/de\/vermeiden-sie-den-verkehr\/#primaryimage\"},\"thumbnailUrl\":\"https:\/\/www.casavio.com\/wp-content\/uploads\/2019\/11\/ca-savio-evita-traffico-box.jpg\",\"datePublished\":\"2019-11-27T10:59:47+00:00\",\"dateModified\":\"2022-11-21T11:37:54+00:00\",\"description\":\"Dank unserer Wegbeschreibungen k\u00f6nnen Sie auch bei starkem Wochenendverkehr in Jesolo unseren Campingplatz in der N\u00e4he von Venedig erreichen. Wir erwarten Sie!\",\"breadcrumb\":{\"@id\":\"https:\/\/www.casavio.com\/de\/vermeiden-sie-den-verkehr\/#breadcrumb\"},\"inLanguage\":\"de\",\"potentialAction\":[{\"@type\":\"ReadAction\",\"target\":[\"https:\/\/www.casavio.com\/de\/vermeiden-sie-den-verkehr\/\"]}]},{\"@type\":\"ImageObject\",\"inLanguage\":\"de\",\"@id\":\"https:\/\/www.casavio.com\/de\/vermeiden-sie-den-verkehr\/#primaryimage\",\"url\":\"https:\/\/www.casavio.com\/wp-content\/uploads\/2019\/11\/ca-savio-evita-traffico-box.jpg\",\"contentUrl\":\"https:\/\/www.casavio.com\/wp-content\/uploads\/2019\/11\/ca-savio-evita-traffico-box.jpg\",\"width\":440,\"height\":600},{\"@type\":\"BreadcrumbList\",\"@id\":\"https:\/\/www.casavio.com\/de\/vermeiden-sie-den-verkehr\/#breadcrumb\",\"itemListElement\":[{\"@type\":\"ListItem\",\"position\":1,\"name\":\"Home\",\"item\":\"https:\/\/www.casavio.com\/de\/\"},{\"@type\":\"ListItem\",\"position\":2,\"name\":\"Wie Sie den Campingplatz Ca\u2019Savio mit dem Wagen erreichen und dabei den Verkehr vermeiden\"}]},{\"@type\":\"WebSite\",\"@id\":\"https:\/\/www.casavio.com\/de\/#website\",\"url\":\"https:\/\/www.casavio.com\/de\/\",\"name\":\"Camping Ca&#039; Savio\",\"description\":\"\",\"publisher\":{\"@id\":\"https:\/\/www.casavio.com\/de\/#organization\"},\"potentialAction\":[{\"@type\":\"SearchAction\",\"target\":{\"@type\":\"EntryPoint\",\"urlTemplate\":\"https:\/\/www.casavio.com\/de\/?s={search_term_string}\"},\"query-input\":{\"@type\":\"PropertyValueSpecification\",\"valueRequired\":true,\"valueName\":\"search_term_string\"}}],\"inLanguage\":\"de\"},{\"@type\":\"Organization\",\"@id\":\"https:\/\/www.casavio.com\/de\/#organization\",\"name\":\"Camping Ca'Savio\",\"url\":\"https:\/\/www.casavio.com\/de\/\",\"logo\":{\"@type\":\"ImageObject\",\"inLanguage\":\"de\",\"@id\":\"https:\/\/www.casavio.com\/de\/#\/schema\/logo\/image\/\",\"url\":\"https:\/\/www.casavio.com\/wp-content\/uploads\/2024\/04\/favicon.png\",\"contentUrl\":\"https:\/\/www.casavio.com\/wp-content\/uploads\/2024\/04\/favicon.png\",\"width\":144,\"height\":144,\"caption\":\"Camping Ca'Savio\"},\"image\":{\"@id\":\"https:\/\/www.casavio.com\/de\/#\/schema\/logo\/image\/\"},\"sameAs\":[\"https:\/\/www.facebook.com\/campingcasavio\",\"https:\/\/www.instagram.com\/campingcasavio\",\"https:\/\/www.youtube.com\/user\/campingcasavio\"]}]}<\/script>\n<!-- \/ Yoast SEO plugin. -->","yoast_head_json":{"title":"Hier unsere Tipps, wie Sie auch bei starkem Verkehr zum Camping Ca'Savio gelangen! &#8211; Camping Ca&#039; Savio","description":"Dank unserer Wegbeschreibungen k\u00f6nnen Sie auch bei starkem Wochenendverkehr in Jesolo unseren Campingplatz in der N\u00e4he von Venedig erreichen. Wir erwarten Sie!","robots":{"index":"index","follow":"follow","max-snippet":"max-snippet:-1","max-image-preview":"max-image-preview:large","max-video-preview":"max-video-preview:-1"},"canonical":"https:\/\/www.casavio.com\/de\/vermeiden-sie-den-verkehr\/","og_locale":"de_DE","og_type":"article","og_title":"Hier unsere Tipps, wie Sie auch bei starkem Verkehr zum Camping Ca'Savio gelangen! &#8211; Camping Ca&#039; Savio","og_description":"Dank unserer Wegbeschreibungen k\u00f6nnen Sie auch bei starkem Wochenendverkehr in Jesolo unseren Campingplatz in der N\u00e4he von Venedig erreichen. Wir erwarten Sie!","og_url":"https:\/\/www.casavio.com\/de\/vermeiden-sie-den-verkehr\/","og_site_name":"Camping Ca&#039; Savio","article_publisher":"https:\/\/www.facebook.com\/campingcasavio","article_modified_time":"2022-11-21T11:37:54+00:00","og_image":[{"width":440,"height":600,"url":"https:\/\/www.casavio.com\/wp-content\/uploads\/2019\/11\/ca-savio-evita-traffico-box.jpg","type":"image\/jpeg"}],"twitter_card":"summary_large_image","twitter_misc":{"Gesch\u00e4tzte Lesezeit":"2\u00a0Minuten"},"schema":{"@context":"https:\/\/schema.org","@graph":[{"@type":"WebPage","@id":"https:\/\/www.casavio.com\/de\/vermeiden-sie-den-verkehr\/","url":"https:\/\/www.casavio.com\/de\/vermeiden-sie-den-verkehr\/","name":"Hier unsere Tipps, wie Sie auch bei starkem Verkehr zum Camping Ca'Savio gelangen! &#8211; Camping Ca&#039; Savio","isPartOf":{"@id":"https:\/\/www.casavio.com\/de\/#website"},"primaryImageOfPage":{"@id":"https:\/\/www.casavio.com\/de\/vermeiden-sie-den-verkehr\/#primaryimage"},"image":{"@id":"https:\/\/www.casavio.com\/de\/vermeiden-sie-den-verkehr\/#primaryimage"},"thumbnailUrl":"https:\/\/www.casavio.com\/wp-content\/uploads\/2019\/11\/ca-savio-evita-traffico-box.jpg","datePublished":"2019-11-27T10:59:47+00:00","dateModified":"2022-11-21T11:37:54+00:00","description":"Dank unserer Wegbeschreibungen k\u00f6nnen Sie auch bei starkem Wochenendverkehr in Jesolo unseren Campingplatz in der N\u00e4he von Venedig erreichen. Wir erwarten Sie!","breadcrumb":{"@id":"https:\/\/www.casavio.com\/de\/vermeiden-sie-den-verkehr\/#breadcrumb"},"inLanguage":"de","potentialAction":[{"@type":"ReadAction","target":["https:\/\/www.casavio.com\/de\/vermeiden-sie-den-verkehr\/"]}]},{"@type":"ImageObject","inLanguage":"de","@id":"https:\/\/www.casavio.com\/de\/vermeiden-sie-den-verkehr\/#primaryimage","url":"https:\/\/www.casavio.com\/wp-content\/uploads\/2019\/11\/ca-savio-evita-traffico-box.jpg","contentUrl":"https:\/\/www.casavio.com\/wp-content\/uploads\/2019\/11\/ca-savio-evita-traffico-box.jpg","width":440,"height":600},{"@type":"BreadcrumbList","@id":"https:\/\/www.casavio.com\/de\/vermeiden-sie-den-verkehr\/#breadcrumb","itemListElement":[{"@type":"ListItem","position":1,"name":"Home","item":"https:\/\/www.casavio.com\/de\/"},{"@type":"ListItem","position":2,"name":"Wie Sie den Campingplatz Ca\u2019Savio mit dem Wagen erreichen und dabei den Verkehr vermeiden"}]},{"@type":"WebSite","@id":"https:\/\/www.casavio.com\/de\/#website","url":"https:\/\/www.casavio.com\/de\/","name":"Camping Ca&#039; Savio","description":"","publisher":{"@id":"https:\/\/www.casavio.com\/de\/#organization"},"potentialAction":[{"@type":"SearchAction","target":{"@type":"EntryPoint","urlTemplate":"https:\/\/www.casavio.com\/de\/?s={search_term_string}"},"query-input":{"@type":"PropertyValueSpecification","valueRequired":true,"valueName":"search_term_string"}}],"inLanguage":"de"},{"@type":"Organization","@id":"https:\/\/www.casavio.com\/de\/#organization","name":"Camping Ca'Savio","url":"https:\/\/www.casavio.com\/de\/","logo":{"@type":"ImageObject","inLanguage":"de","@id":"https:\/\/www.casavio.com\/de\/#\/schema\/logo\/image\/","url":"https:\/\/www.casavio.com\/wp-content\/uploads\/2024\/04\/favicon.png","contentUrl":"https:\/\/www.casavio.com\/wp-content\/uploads\/2024\/04\/favicon.png","width":144,"height":144,"caption":"Camping Ca'Savio"},"image":{"@id":"https:\/\/www.casavio.com\/de\/#\/schema\/logo\/image\/"},"sameAs":["https:\/\/www.facebook.com\/campingcasavio","https:\/\/www.instagram.com\/campingcasavio","https:\/\/www.youtube.com\/user\/campingcasavio"]}]}},"_links":{"self":[{"href":"https:\/\/www.casavio.com\/de\/wp-json\/wp\/v2\/pages\/8253","targetHints":{"allow":["GET"]}}],"collection":[{"href":"https:\/\/www.casavio.com\/de\/wp-json\/wp\/v2\/pages"}],"about":[{"href":"https:\/\/www.casavio.com\/de\/wp-json\/wp\/v2\/types\/page"}],"author":[{"embeddable":true,"href":"https:\/\/www.casavio.com\/de\/wp-json\/wp\/v2\/users\/4"}],"replies":[{"embeddable":true,"href":"https:\/\/www.casavio.com\/de\/wp-json\/wp\/v2\/comments?post=8253"}],"version-history":[{"count":2,"href":"https:\/\/www.casavio.com\/de\/wp-json\/wp\/v2\/pages\/8253\/revisions"}],"predecessor-version":[{"id":26063,"href":"https:\/\/www.casavio.com\/de\/wp-json\/wp\/v2\/pages\/8253\/revisions\/26063"}],"wp:featuredmedia":[{"embeddable":true,"href":"https:\/\/www.casavio.com\/de\/wp-json\/wp\/v2\/media\/4901"}],"wp:attachment":[{"href":"https:\/\/www.casavio.com\/de\/wp-json\/wp\/v2\/media?parent=8253"}],"curies":[{"name":"wp","href":"https:\/\/api.w.org\/{rel}","templated":true}]}}