{"id":8739,"date":"2019-10-01T15:11:23","date_gmt":"2019-10-01T13:11:23","guid":{"rendered":"https:\/\/www.casavio.com\/privacy-policy\/"},"modified":"2020-02-27T14:48:11","modified_gmt":"2020-02-27T13:48:11","slug":"privacy-policy","status":"publish","type":"page","link":"https:\/\/www.casavio.com\/de\/privacy-policy\/","title":{"rendered":"Privacy Policy"},"content":{"rendered":"<p>Lieber Gast!<br \/>\nIn \u00dcbereinstimmung mit den g\u00fcltigen Datenschutzbestimmungen (EU-Verordnung 679\/2016) m\u00f6chten wir Ihnen mitteilen, dass die Verarbeitung Ihrer personenbezogenen Daten unter Einhaltung der Korrektheit und Transparenz erfolgt, zu rechtm\u00e4\u00dfigen Zwecken und unter Wahrung Ihrer Privatsph\u00e4re und Ihrer Rechte.<br \/>\nDie Verarbeitung erfolgt auch mit EDV-Systemen zu folgenden Zwecken:<\/p>\n<ol>\n<li>Annahme und Best\u00e4tigung Ihrer Buchung von Ferienunterk\u00fcnften und zus\u00e4tzlichen Leistungen sowie Erbringung der gew\u00fcnschten Leistungen. Da es sich um eine Datenverarbeitung handelt, die zur Bestimmung der Vertragsvereinbarung und ihre anschlie\u00dfende Umsetzung erforderlich ist, ist eine Zustimmung nicht notwendig, au\u00dfer wenn spezielle, sogenannte sensible Daten angegeben werden. Sollten Sie die Bekanntgabe der personenbezogenen Daten ablehnen, k\u00f6nnen wir die Buchung nicht best\u00e4tigen oder die gew\u00fcnschten Leistungen erbringen. Die Verarbeitung endet mit Ihrer Abreise, doch einige personenbezogene Daten k\u00f6nnen oder m\u00fcssen weiterhin verarbeitet werden, n\u00e4mlich zu den unter den nachfolgenden Punkten angegebenen Zwecken und Bedingungen.<\/li>\n<li>Erf\u00fcllung der geltenden verwaltungstechnischen, buchhalterischen und steuerlichen Pflichten. Zu diesem Zweck erfolgt die Verarbeitung, ohne dass die Einholung Ihrer Zustimmung erforderlich ist. Die Daten werden von uns und unseren Beauftragten verarbeitet und werden an Dritte nur weitergegeben, um die gesetzlichen Pflichten zu erf\u00fcllen. Wenn Sie die Angabe der Daten, die zur Erf\u00fcllung der oben genannten Pflichten notwendig sind, ablehnen, k\u00f6nnen wir die gew\u00fcnschten Leistungen nicht erbringen. Die zu diesem Zweck eingeholten Daten werden von uns f\u00fcr den von den entsprechenden Bestimmungen vorgesehenen Zeitraum aufbewahrt (10 Jahre und auch l\u00e4nger im Falle von steuerlichen Ermittlungen).<\/li>\n<li>Beschleunigung des Anmeldeverfahrens bei k\u00fcnftigen Aufenthalten in unserer Anlage. Zu diesem Zweck werden Ihre Daten nach Einholung Ihrer jederzeit widerruflichen Zustimmung f\u00fcr einen Zeitraum von h\u00f6chstens 5 Jahren aufbewahrt und werden f\u00fcr den in den vorherigen Punkten angef\u00fchrten Zweck verwendet, wenn Sie erneut bei uns zu Gast sind.<\/li>\n<li>Zusendung unserer Werbenachrichten und aktuellen Preise sowie Angebote. Zu diesem Zweck werden Ihre Daten nach vorheriger Einholung Ihrer Zustimmung f\u00fcr einen Zeitraum von h\u00f6chstens 5 Jahren aufbewahrt und werden nicht an Dritte weitergegeben. Die Zustimmung kann jederzeit widerrufen werden.<\/li>\n<\/ol>\n<p>Wir m\u00f6chten Ihnen au\u00dferdem mitteilen, dass Ihnen die EU-Verordnung einige Rechte zuerkennt, darunter das Recht auf Auskunft, auf Berichtigung oder L\u00f6schung oder auf Einschr\u00e4nkung der Verarbeitung oder den Widerspruch gegen die Verarbeitung sowie das Recht auf Daten\u00fcbertragbarkeit, wenn diese anwendbar sind (Artikel 15 bis 22 der EU-Verordnung 679\/2016). Sie k\u00f6nnen zudem gem\u00e4\u00df den Verfahren, die von den g\u00fcltigen Bestimmungen vorgesehen sind, bei der Kontrollbeh\u00f6rde Beschwerde einlegen.<br \/>\nSollten Sie weitere Informationen ben\u00f6tigen oder Ihre von der EU-Verordnung anerkannten Rechte geltend machen wollen, k\u00f6nnen Sie sich an folgende Stellen wenden:<\/p>\n<p>&nbsp;<\/p>\n<p>DER \u201eINHABER\u201c DER DATENVERARBEITUNGSGENEHMIGUNG<\/p>\n<p>Der \u201eInhaber\u201c der Datenverarbeitungsgenehmigung ist der Vianello Vittorio S.p.A., Via don Tosatto 6 \u2013 30170 Mestre (VE)<\/p>\n<p>Campingplatz Ca&#8217;Savio<br \/>\nVia di Ca&#8217;Savio, 77<br \/>\n30010 Cavallino-Treporti<br \/>\nTel. +39 041.966017<br \/>\nE-mail: info@casavio.it<br \/>\nVAT Code 00304410277<\/p>\n<p>&nbsp;<\/p>\n<p>ORT DER DATENVERARBEITUNG<\/p>\n<p>Die Vorg\u00e4nge, die sich auf den Web-Service, der mit dieser Internetsite verbunden ist, beziehen, finden in dem Firmensitz des Campingplatzes Ca&#8216; Savio statt und werden ausschlie\u00dflich von dem technischen Personal des Campingplatzes Ca&#8216; Savio ausgef\u00fchrt.<\/p>\n<p>Keinerlei Daten, welche auf den Webservice zur\u00fcckzuf\u00fchren sind, werden weitergeleitet oder verbreitet.<\/p>\n<p>Die pers\u00f6nlichen Daten, welche von den Benutzern, die Informationsmaterial (\u00fcber Praktika, Vorschl\u00e4ge zur Zusammenarbeit, Newsletter, Beantwortung von Fragen, etc.) anfordern, \u00fcbermittelt werden, werden ausschlie\u00dflich verwendet, um die verlangte Leistung zu erbringen und werden Dritten nur dann mitgeteilt, wenn dies dem Zweck dienlich ist.<\/p>\n<p>&nbsp;<\/p>\n<p>KATEGORIEN VON VERARBEITETEN DATEN<\/p>\n<p>Data provided voluntarily by the user<\/p>\n<p>The facultative, explicit and voluntary sending of e-mails to the addresses given in this site automatically leads to the later acquisition of the sender\u2019s email address, required in order to be able to reply to the request, as well as the acquisition of any other personal data provided in the message.<\/p>\n<p>Specific summary information notices are progressively referred to or shown in the pages of the site dedicated to specific optional services.<\/p>\n<p>Daten \u00fcber das Internetsurfen<\/p>\n<p>Die Computersysteme und die Softwarevorg\u00e4nge, die f\u00fcr das Funktionieren dieser Internetseite notwendig sind, empfangen w\u00e4hrend der normalen Ausf\u00fchrung gewisser Vorg\u00e4nge einige pers\u00f6nlichen Daten, deren \u00dcbertragung in den Internet-Kommunikationsprotokollen beinhaltet ist.<\/p>\n<p>Es handelt sich um Informationen, die nicht zu dem Zweck gesammelt werden, mit identifizierten Interessenten assoziiert zu werden, welche aber aufgrund ihrer Charakteristiken, durch die Verarbeitung und Assoziierung mit Daten, die im Besitz von Dritten sind, die Benutzer identifizierbar machen k\u00f6nnte.<\/p>\n<p>In diese Kategorie von Daten fallen die IP-Adressen und die Domain-Namen der Computer, im Gebrauch der Personen, die die Internetsite besuchen, die URI (Uniform Resource Identifier) Adressen der verlangten Ressourcen, die Uhrzeit der Anfrage, die Methode, die benutzt wird, um die Anfrage dem Server zuzuleiten, die Gr\u00f6\u00dfe der Datei, welche als Antwort erhalten wird, der Zifferncode, welcher den Status der Antwort des Servers bezeichnet (Erfolg, Fehler, etc.) und andere Parameter, die sich auf das Betriebssystem und die PC-Umgebung des Benutzers beziehen.<\/p>\n<p>Diese Daten werden ausschlie\u00dflich zu dem Zweck gebraucht, anonyme statistische Informationen \u00fcber die Benutzung der Internetseite zu erstellen und dessen korrektes Funktionieren zu \u00fcberpr\u00fcfen, und werden sofort nach ihrer Auswertung vernichtet. Diese Daten k\u00f6nnten benutzt werden, um die Verursacher von eventuellen Sch\u00e4den an der Internetseite im Fall von hypothetischen Hackerattacken o.\u00e4. festzustellen: abgesehen von dieser Eventualit\u00e4t, werden die Daten der Webkontakte zur Zeit nicht l\u00e4nger als sieben Tage gespeichert.<\/p>\n<p>Google Analytics<\/p>\n<p>Questo sito web utilizza Google Analytics, un servizio di analisi web fornito da Google, Inc. (&#8222;Google&#8220;). Google Analytics utilizza dei &#8222;cookies&#8220;, che sono file di testo che vengono depositati sul Vostro computer per consentire al sito web di analizzare come gli utenti utilizzano il sito. Le informazioni generate dal cookie sull&#8217;utilizzo del sito web da parte Vostra (compreso il Vostro indirizzo IP) verranno trasmesse a, e depositate presso i server di Google negli Stati Uniti.<\/p>\n<p>Google utilizzer\u00e0 queste informazioni allo scopo di tracciare e esaminare il Vostro utilizzo del sito web, compilare report sulle attivit\u00e0 del sito web per gli operatori del sito web e fornire altri servizi relativi alle attivit\u00e0 del sito web e all&#8217;utilizzo di Internet. Google pu\u00f2 anche trasferire queste informazioni a terzi ove ci\u00f2 sia imposto dalla legge o laddove tali terzi trattino le suddette informazioni per conto di Google. Google non assocer\u00e0 il vostro indirizzo IP a nessun altro dato posseduto da Google. Potete rifiutarvi di usare i cookies selezionando l&#8217;impostazione appropriata sul vostro browser, ma ci\u00f2 potrebbe impedirvi di utilizzare tutte le funzionalit\u00e0 di questo sito web. Utilizzando il presente sito web, voi acconsentite al trattamento dei Vostri dati da parte di Google per le modalit\u00e0 e i fini sopraindicati.<\/p>\n<p>Pixel di monitoraggio<\/p>\n<p>I pixel di monitoraggio sono piccoli file di immagine incorporati nel sito per raccogliere dati relativi al traffico. Ci\u00f2 consente di valutare quanti visitatori hanno visitato le nostre pagine e a quali pubblicit\u00e0 hanno accesso. Le informazioni raccolte con i cookie e i pixel non includono il tuo nome, indirizzo, numero di telefono o indirizzo e-mail.<\/p>\n<p>Cookies<\/p>\n<p>No personal data of the users is deliberately acquired by the site.<\/p>\n<p>No use is made of cookies for the transmission of personal information, and no type of so-called persistent cookies (user tracer systems) are used at all.<\/p>\n<p>The use of so-alled session cookies (which are not persistently memorised on the user computer and disappear when the browser is switched off) is strictly limited to the transmission of session ids (which are composed of random numbers generated by the server) needed to ensure safe and efficient website surfing.<\/p>\n<p>The so-called session cookies used in this site avoid the need to use other computing techniques that potentially compromise the confidentiality of user surfing and do not permit the acquisition of personal data that could identify the user.<\/p>\n<p>VOLUNTARY NATURE OF THE SUPPLY OF INFORMATION<\/p>\n<p>With the exception of the navigation data, the user is free to provide the personal data requested in the request forms sent to Camping Ca&#8217;Savio or in any case provided in other contacts with the company.<\/p>\n<p>If you do not provide the requested data it may be impossible to process your request.<\/p>\n<p>Please also note that in some cases (not considered among the normal management of this site) the Authority may request information, for the purposes of personal data processing controls. In these cases the reply is obligatory, and administrative sanctions may apply in the case of non-collaboration.<\/p>\n<p>PROCESSING METHODS<\/p>\n<p>The personal data is processed using automated machines for the time strictly required to assure the purposes for which the data was collected.<\/p>\n<p>Specific safety measures are taken to prevent the loss of data, illegal or improper use and unauthorised access.<\/p>\n<p>USER RIGHTS<\/p>\n<p>The persons to whom the personal data refers have the right at any time to receive confirmation of the existence or otherwise of their data, and to know the contents and origin, check the correctness and request the integration or updating, or correction, of such information.<\/p>\n<p>The users also have the right to request the deletion, transformation into an anonymous form or the suspension of the data processed unlawfully, as well as to oppose the processing of such data for legitimate reasons.<\/p>\n<p>Such requests must be made to the Ca&#8216; Savio Campsite.<\/p>\n<div data-ce-id=\"2510\">\n<div class=\"ce_text\">\n<h1>Kontakt uns<\/h1>\n<div class=\"datisocietari\">\n<h3><strong>Camping Ca&#8217;Savio<\/strong><\/h3>\n<p>Via di Ca&#8217;Savio, 77<br \/>\n30013 Cavallino Treporti, Venezia (IT)<br \/>\nT. <a href=\"tel:+39041966017\">+39 041 966 017<\/a>, <a href=\"tel:+39041966570\">+39 041 966 570<\/a><\/p>\n<h3><strong>Firmeninformation (Hauptsitz)<br \/>\n<\/strong><\/h3>\n<p>Vianello Vittorio SpA<\/p>\n<p>Via don Tosatto 6<\/p>\n<p>30174 Mestre Venezia<\/p>\n<p>p.iva 00304410277.<\/p>\n<\/div>\n<\/div>\n<\/div>\n","protected":false},"excerpt":{"rendered":"<p>Lieber Gast! In \u00dcbereinstimmung mit den g\u00fcltigen Datenschutzbestimmungen (EU-Verordnung 679\/2016) m\u00f6chten wir Ihnen mitteilen, dass die Verarbeitung Ihrer personenbezogenen Daten unter Einhaltung der Korrektheit und Transparenz erfolgt, zu rechtm\u00e4\u00dfigen Zwecken und unter Wahrung Ihrer Privatsph\u00e4re und Ihrer Rechte. Die Verarbeitung erfolgt auch mit EDV-Systemen zu folgenden Zwecken: Annahme und Best\u00e4tigung Ihrer Buchung von Ferienunterk\u00fcnften und [&hellip;]<\/p>\n","protected":false},"author":2,"featured_media":0,"parent":0,"menu_order":99,"comment_status":"closed","ping_status":"closed","template":"templates\/tpl-simple-page.php","meta":{"_acf_changed":false},"class_list":["post-8739","page","type-page","status-publish","hentry"],"acf":[],"yoast_head":"<!-- This site is optimized with the Yoast SEO plugin v25.3 - https:\/\/yoast.com\/wordpress\/plugins\/seo\/ -->\n<title>Privacy Policy &#8211; Camping Ca&#039; Savio<\/title>\n<meta name=\"robots\" content=\"index, follow, max-snippet:-1, max-image-preview:large, max-video-preview:-1\" \/>\n<link rel=\"canonical\" href=\"https:\/\/www.casavio.com\/de\/privacy-policy\/\" \/>\n<meta property=\"og:locale\" content=\"de_DE\" \/>\n<meta property=\"og:type\" content=\"article\" \/>\n<meta property=\"og:title\" content=\"Privacy Policy &#8211; Camping Ca&#039; Savio\" \/>\n<meta property=\"og:description\" content=\"Lieber Gast! In \u00dcbereinstimmung mit den g\u00fcltigen Datenschutzbestimmungen (EU-Verordnung 679\/2016) m\u00f6chten wir Ihnen mitteilen, dass die Verarbeitung Ihrer personenbezogenen Daten unter Einhaltung der Korrektheit und Transparenz erfolgt, zu rechtm\u00e4\u00dfigen Zwecken und unter Wahrung Ihrer Privatsph\u00e4re und Ihrer Rechte. Die Verarbeitung erfolgt auch mit EDV-Systemen zu folgenden Zwecken: Annahme und Best\u00e4tigung Ihrer Buchung von Ferienunterk\u00fcnften und [&hellip;]\" \/>\n<meta property=\"og:url\" content=\"https:\/\/www.casavio.com\/de\/privacy-policy\/\" \/>\n<meta property=\"og:site_name\" content=\"Camping Ca&#039; Savio\" \/>\n<meta property=\"article:publisher\" content=\"https:\/\/www.facebook.com\/campingcasavio\" \/>\n<meta property=\"article:modified_time\" content=\"2020-02-27T13:48:11+00:00\" \/>\n<meta name=\"twitter:card\" content=\"summary_large_image\" \/>\n<meta name=\"twitter:label1\" content=\"Gesch\u00e4tzte Lesezeit\" \/>\n\t<meta name=\"twitter:data1\" content=\"8\u00a0Minuten\" \/>\n<script type=\"application\/ld+json\" class=\"yoast-schema-graph\">{\"@context\":\"https:\/\/schema.org\",\"@graph\":[{\"@type\":\"WebPage\",\"@id\":\"https:\/\/www.casavio.com\/de\/privacy-policy\/\",\"url\":\"https:\/\/www.casavio.com\/de\/privacy-policy\/\",\"name\":\"Privacy Policy &#8211; Camping Ca&#039; Savio\",\"isPartOf\":{\"@id\":\"https:\/\/www.casavio.com\/de\/#website\"},\"datePublished\":\"2019-10-01T13:11:23+00:00\",\"dateModified\":\"2020-02-27T13:48:11+00:00\",\"breadcrumb\":{\"@id\":\"https:\/\/www.casavio.com\/de\/privacy-policy\/#breadcrumb\"},\"inLanguage\":\"de\",\"potentialAction\":[{\"@type\":\"ReadAction\",\"target\":[\"https:\/\/www.casavio.com\/de\/privacy-policy\/\"]}]},{\"@type\":\"BreadcrumbList\",\"@id\":\"https:\/\/www.casavio.com\/de\/privacy-policy\/#breadcrumb\",\"itemListElement\":[{\"@type\":\"ListItem\",\"position\":1,\"name\":\"Home\",\"item\":\"https:\/\/www.casavio.com\/de\/\"},{\"@type\":\"ListItem\",\"position\":2,\"name\":\"Privacy Policy\"}]},{\"@type\":\"WebSite\",\"@id\":\"https:\/\/www.casavio.com\/de\/#website\",\"url\":\"https:\/\/www.casavio.com\/de\/\",\"name\":\"Camping Ca&#039; Savio\",\"description\":\"\",\"publisher\":{\"@id\":\"https:\/\/www.casavio.com\/de\/#organization\"},\"potentialAction\":[{\"@type\":\"SearchAction\",\"target\":{\"@type\":\"EntryPoint\",\"urlTemplate\":\"https:\/\/www.casavio.com\/de\/?s={search_term_string}\"},\"query-input\":{\"@type\":\"PropertyValueSpecification\",\"valueRequired\":true,\"valueName\":\"search_term_string\"}}],\"inLanguage\":\"de\"},{\"@type\":\"Organization\",\"@id\":\"https:\/\/www.casavio.com\/de\/#organization\",\"name\":\"Camping Ca'Savio\",\"url\":\"https:\/\/www.casavio.com\/de\/\",\"logo\":{\"@type\":\"ImageObject\",\"inLanguage\":\"de\",\"@id\":\"https:\/\/www.casavio.com\/de\/#\/schema\/logo\/image\/\",\"url\":\"https:\/\/www.casavio.com\/wp-content\/uploads\/2024\/04\/favicon.png\",\"contentUrl\":\"https:\/\/www.casavio.com\/wp-content\/uploads\/2024\/04\/favicon.png\",\"width\":144,\"height\":144,\"caption\":\"Camping Ca'Savio\"},\"image\":{\"@id\":\"https:\/\/www.casavio.com\/de\/#\/schema\/logo\/image\/\"},\"sameAs\":[\"https:\/\/www.facebook.com\/campingcasavio\",\"https:\/\/www.instagram.com\/campingcasavio\",\"https:\/\/www.youtube.com\/user\/campingcasavio\"]}]}<\/script>\n<!-- \/ Yoast SEO plugin. -->","yoast_head_json":{"title":"Privacy Policy &#8211; Camping Ca&#039; Savio","robots":{"index":"index","follow":"follow","max-snippet":"max-snippet:-1","max-image-preview":"max-image-preview:large","max-video-preview":"max-video-preview:-1"},"canonical":"https:\/\/www.casavio.com\/de\/privacy-policy\/","og_locale":"de_DE","og_type":"article","og_title":"Privacy Policy &#8211; Camping Ca&#039; Savio","og_description":"Lieber Gast! In \u00dcbereinstimmung mit den g\u00fcltigen Datenschutzbestimmungen (EU-Verordnung 679\/2016) m\u00f6chten wir Ihnen mitteilen, dass die Verarbeitung Ihrer personenbezogenen Daten unter Einhaltung der Korrektheit und Transparenz erfolgt, zu rechtm\u00e4\u00dfigen Zwecken und unter Wahrung Ihrer Privatsph\u00e4re und Ihrer Rechte. Die Verarbeitung erfolgt auch mit EDV-Systemen zu folgenden Zwecken: Annahme und Best\u00e4tigung Ihrer Buchung von Ferienunterk\u00fcnften und [&hellip;]","og_url":"https:\/\/www.casavio.com\/de\/privacy-policy\/","og_site_name":"Camping Ca&#039; Savio","article_publisher":"https:\/\/www.facebook.com\/campingcasavio","article_modified_time":"2020-02-27T13:48:11+00:00","twitter_card":"summary_large_image","twitter_misc":{"Gesch\u00e4tzte Lesezeit":"8\u00a0Minuten"},"schema":{"@context":"https:\/\/schema.org","@graph":[{"@type":"WebPage","@id":"https:\/\/www.casavio.com\/de\/privacy-policy\/","url":"https:\/\/www.casavio.com\/de\/privacy-policy\/","name":"Privacy Policy &#8211; Camping Ca&#039; Savio","isPartOf":{"@id":"https:\/\/www.casavio.com\/de\/#website"},"datePublished":"2019-10-01T13:11:23+00:00","dateModified":"2020-02-27T13:48:11+00:00","breadcrumb":{"@id":"https:\/\/www.casavio.com\/de\/privacy-policy\/#breadcrumb"},"inLanguage":"de","potentialAction":[{"@type":"ReadAction","target":["https:\/\/www.casavio.com\/de\/privacy-policy\/"]}]},{"@type":"BreadcrumbList","@id":"https:\/\/www.casavio.com\/de\/privacy-policy\/#breadcrumb","itemListElement":[{"@type":"ListItem","position":1,"name":"Home","item":"https:\/\/www.casavio.com\/de\/"},{"@type":"ListItem","position":2,"name":"Privacy Policy"}]},{"@type":"WebSite","@id":"https:\/\/www.casavio.com\/de\/#website","url":"https:\/\/www.casavio.com\/de\/","name":"Camping Ca&#039; Savio","description":"","publisher":{"@id":"https:\/\/www.casavio.com\/de\/#organization"},"potentialAction":[{"@type":"SearchAction","target":{"@type":"EntryPoint","urlTemplate":"https:\/\/www.casavio.com\/de\/?s={search_term_string}"},"query-input":{"@type":"PropertyValueSpecification","valueRequired":true,"valueName":"search_term_string"}}],"inLanguage":"de"},{"@type":"Organization","@id":"https:\/\/www.casavio.com\/de\/#organization","name":"Camping Ca'Savio","url":"https:\/\/www.casavio.com\/de\/","logo":{"@type":"ImageObject","inLanguage":"de","@id":"https:\/\/www.casavio.com\/de\/#\/schema\/logo\/image\/","url":"https:\/\/www.casavio.com\/wp-content\/uploads\/2024\/04\/favicon.png","contentUrl":"https:\/\/www.casavio.com\/wp-content\/uploads\/2024\/04\/favicon.png","width":144,"height":144,"caption":"Camping Ca'Savio"},"image":{"@id":"https:\/\/www.casavio.com\/de\/#\/schema\/logo\/image\/"},"sameAs":["https:\/\/www.facebook.com\/campingcasavio","https:\/\/www.instagram.com\/campingcasavio","https:\/\/www.youtube.com\/user\/campingcasavio"]}]}},"_links":{"self":[{"href":"https:\/\/www.casavio.com\/de\/wp-json\/wp\/v2\/pages\/8739","targetHints":{"allow":["GET"]}}],"collection":[{"href":"https:\/\/www.casavio.com\/de\/wp-json\/wp\/v2\/pages"}],"about":[{"href":"https:\/\/www.casavio.com\/de\/wp-json\/wp\/v2\/types\/page"}],"author":[{"embeddable":true,"href":"https:\/\/www.casavio.com\/de\/wp-json\/wp\/v2\/users\/2"}],"replies":[{"embeddable":true,"href":"https:\/\/www.casavio.com\/de\/wp-json\/wp\/v2\/comments?post=8739"}],"version-history":[{"count":2,"href":"https:\/\/www.casavio.com\/de\/wp-json\/wp\/v2\/pages\/8739\/revisions"}],"predecessor-version":[{"id":9155,"href":"https:\/\/www.casavio.com\/de\/wp-json\/wp\/v2\/pages\/8739\/revisions\/9155"}],"wp:attachment":[{"href":"https:\/\/www.casavio.com\/de\/wp-json\/wp\/v2\/media?parent=8739"}],"curies":[{"name":"wp","href":"https:\/\/api.w.org\/{rel}","templated":true}]}}