{"id":17862,"date":"2019-11-07T11:08:55","date_gmt":"2019-11-07T10:08:55","guid":{"rendered":"https:\/\/www.casavio.com\/?page_id=17862"},"modified":"2022-09-02T12:51:57","modified_gmt":"2022-09-02T10:51:57","slug":"italian-lessons","status":"publish","type":"page","link":"https:\/\/www.casavio.com\/fr\/activites-au-camping\/casavio-plus\/italian-lessons\/","title":{"rendered":"Italian Lessons"},"content":{"rendered":"<p><em>Gelato<\/em> &#8211; qu&rsquo;est-ce que c&rsquo;est ? Suivez nos conseils pour \u00eatre bien pr\u00e9par\u00e9 pour vos vacances en Italie.<\/p>\n","protected":false},"excerpt":{"rendered":"<p>Apprenez l&rsquo;italien avec nous!<\/p>\n","protected":false},"author":6,"featured_media":18159,"parent":11984,"menu_order":63,"comment_status":"closed","ping_status":"closed","template":"","meta":{"_acf_changed":false},"class_list":["post-17862","page","type-page","status-publish","has-post-thumbnail","hentry"],"acf":[],"yoast_head":"<!-- This site is optimized with the Yoast SEO plugin v25.3 - https:\/\/yoast.com\/wordpress\/plugins\/seo\/ -->\n<title>Ca&#039;Savio PLUS - Cours d&#039;italien &#8211; Camping Ca&#039; Savio<\/title>\n<meta name=\"description\" content=\"Cours d&#039;italien sur la nouvelle cha\u00eene de divertissement pour familles et enfants con\u00e7ue par Camping Ca&#039;Savio \u00e0 Cavallino-Italie. Suivez nous!\" \/>\n<meta name=\"robots\" content=\"index, follow, max-snippet:-1, max-image-preview:large, max-video-preview:-1\" \/>\n<link rel=\"canonical\" href=\"https:\/\/www.casavio.com\/fr\/activites-au-camping\/casavio-plus\/italian-lessons\/\" \/>\n<meta property=\"og:locale\" content=\"fr_FR\" \/>\n<meta property=\"og:type\" content=\"article\" \/>\n<meta property=\"og:title\" content=\"Ca&#039;Savio PLUS - Cours d&#039;italien &#8211; Camping Ca&#039; Savio\" \/>\n<meta property=\"og:description\" content=\"Cours d&#039;italien sur la nouvelle cha\u00eene de divertissement pour familles et enfants con\u00e7ue par Camping Ca&#039;Savio \u00e0 Cavallino-Italie. Suivez nous!\" \/>\n<meta property=\"og:url\" content=\"https:\/\/www.casavio.com\/fr\/activites-au-camping\/casavio-plus\/italian-lessons\/\" \/>\n<meta property=\"og:site_name\" content=\"Camping Ca&#039; Savio\" \/>\n<meta property=\"article:publisher\" content=\"https:\/\/www.facebook.com\/campingcasavio\" \/>\n<meta property=\"article:modified_time\" content=\"2022-09-02T10:51:57+00:00\" \/>\n<meta property=\"og:image\" content=\"https:\/\/www.casavio.com\/wp-content\/uploads\/2021\/06\/preview-italian.jpg\" \/>\n\t<meta property=\"og:image:width\" content=\"918\" \/>\n\t<meta property=\"og:image:height\" content=\"1251\" \/>\n\t<meta property=\"og:image:type\" content=\"image\/jpeg\" \/>\n<meta name=\"twitter:card\" content=\"summary_large_image\" \/>\n<meta name=\"twitter:label1\" content=\"Dur\u00e9e de lecture estim\u00e9e\" \/>\n\t<meta name=\"twitter:data1\" content=\"1 minute\" \/>\n<script type=\"application\/ld+json\" class=\"yoast-schema-graph\">{\"@context\":\"https:\/\/schema.org\",\"@graph\":[{\"@type\":\"WebPage\",\"@id\":\"https:\/\/www.casavio.com\/fr\/activites-au-camping\/casavio-plus\/italian-lessons\/\",\"url\":\"https:\/\/www.casavio.com\/fr\/activites-au-camping\/casavio-plus\/italian-lessons\/\",\"name\":\"Ca'Savio PLUS - Cours d'italien &#8211; Camping Ca&#039; Savio\",\"isPartOf\":{\"@id\":\"https:\/\/www.casavio.com\/fr\/#website\"},\"primaryImageOfPage\":{\"@id\":\"https:\/\/www.casavio.com\/fr\/activites-au-camping\/casavio-plus\/italian-lessons\/#primaryimage\"},\"image\":{\"@id\":\"https:\/\/www.casavio.com\/fr\/activites-au-camping\/casavio-plus\/italian-lessons\/#primaryimage\"},\"thumbnailUrl\":\"https:\/\/www.casavio.com\/wp-content\/uploads\/2021\/06\/preview-italian.jpg\",\"datePublished\":\"2019-11-07T10:08:55+00:00\",\"dateModified\":\"2022-09-02T10:51:57+00:00\",\"description\":\"Cours d'italien sur la nouvelle cha\u00eene de divertissement pour familles et enfants con\u00e7ue par Camping Ca'Savio \u00e0 Cavallino-Italie. Suivez nous!\",\"breadcrumb\":{\"@id\":\"https:\/\/www.casavio.com\/fr\/activites-au-camping\/casavio-plus\/italian-lessons\/#breadcrumb\"},\"inLanguage\":\"fr-FR\",\"potentialAction\":[{\"@type\":\"ReadAction\",\"target\":[\"https:\/\/www.casavio.com\/fr\/activites-au-camping\/casavio-plus\/italian-lessons\/\"]}]},{\"@type\":\"ImageObject\",\"inLanguage\":\"fr-FR\",\"@id\":\"https:\/\/www.casavio.com\/fr\/activites-au-camping\/casavio-plus\/italian-lessons\/#primaryimage\",\"url\":\"https:\/\/www.casavio.com\/wp-content\/uploads\/2021\/06\/preview-italian.jpg\",\"contentUrl\":\"https:\/\/www.casavio.com\/wp-content\/uploads\/2021\/06\/preview-italian.jpg\",\"width\":918,\"height\":1251},{\"@type\":\"BreadcrumbList\",\"@id\":\"https:\/\/www.casavio.com\/fr\/activites-au-camping\/casavio-plus\/italian-lessons\/#breadcrumb\",\"itemListElement\":[{\"@type\":\"ListItem\",\"position\":1,\"name\":\"Home\",\"item\":\"https:\/\/www.casavio.com\/fr\/\"},{\"@type\":\"ListItem\",\"position\":2,\"name\":\"Activit\u00e9s\",\"item\":\"https:\/\/www.casavio.com\/fr\/activites-au-camping\/\"},{\"@type\":\"ListItem\",\"position\":3,\"name\":\"Ca&rsquo;Savio PLUS\",\"item\":\"https:\/\/www.casavio.com\/fr\/activites-au-camping\/casavio-plus\/\"},{\"@type\":\"ListItem\",\"position\":4,\"name\":\"Italian Lessons\"}]},{\"@type\":\"WebSite\",\"@id\":\"https:\/\/www.casavio.com\/fr\/#website\",\"url\":\"https:\/\/www.casavio.com\/fr\/\",\"name\":\"Camping Ca&#039; Savio\",\"description\":\"\",\"publisher\":{\"@id\":\"https:\/\/www.casavio.com\/fr\/#organization\"},\"potentialAction\":[{\"@type\":\"SearchAction\",\"target\":{\"@type\":\"EntryPoint\",\"urlTemplate\":\"https:\/\/www.casavio.com\/fr\/?s={search_term_string}\"},\"query-input\":{\"@type\":\"PropertyValueSpecification\",\"valueRequired\":true,\"valueName\":\"search_term_string\"}}],\"inLanguage\":\"fr-FR\"},{\"@type\":\"Organization\",\"@id\":\"https:\/\/www.casavio.com\/fr\/#organization\",\"name\":\"Camping Ca'Savio\",\"url\":\"https:\/\/www.casavio.com\/fr\/\",\"logo\":{\"@type\":\"ImageObject\",\"inLanguage\":\"fr-FR\",\"@id\":\"https:\/\/www.casavio.com\/fr\/#\/schema\/logo\/image\/\",\"url\":\"https:\/\/www.casavio.com\/wp-content\/uploads\/2024\/04\/favicon.png\",\"contentUrl\":\"https:\/\/www.casavio.com\/wp-content\/uploads\/2024\/04\/favicon.png\",\"width\":144,\"height\":144,\"caption\":\"Camping Ca'Savio\"},\"image\":{\"@id\":\"https:\/\/www.casavio.com\/fr\/#\/schema\/logo\/image\/\"},\"sameAs\":[\"https:\/\/www.facebook.com\/campingcasavio\",\"https:\/\/www.instagram.com\/campingcasavio\",\"https:\/\/www.youtube.com\/user\/campingcasavio\"]}]}<\/script>\n<!-- \/ Yoast SEO plugin. -->","yoast_head_json":{"title":"Ca'Savio PLUS - Cours d'italien &#8211; Camping Ca&#039; Savio","description":"Cours d'italien sur la nouvelle cha\u00eene de divertissement pour familles et enfants con\u00e7ue par Camping Ca'Savio \u00e0 Cavallino-Italie. Suivez nous!","robots":{"index":"index","follow":"follow","max-snippet":"max-snippet:-1","max-image-preview":"max-image-preview:large","max-video-preview":"max-video-preview:-1"},"canonical":"https:\/\/www.casavio.com\/fr\/activites-au-camping\/casavio-plus\/italian-lessons\/","og_locale":"fr_FR","og_type":"article","og_title":"Ca'Savio PLUS - Cours d'italien &#8211; Camping Ca&#039; Savio","og_description":"Cours d'italien sur la nouvelle cha\u00eene de divertissement pour familles et enfants con\u00e7ue par Camping Ca'Savio \u00e0 Cavallino-Italie. Suivez nous!","og_url":"https:\/\/www.casavio.com\/fr\/activites-au-camping\/casavio-plus\/italian-lessons\/","og_site_name":"Camping Ca&#039; Savio","article_publisher":"https:\/\/www.facebook.com\/campingcasavio","article_modified_time":"2022-09-02T10:51:57+00:00","og_image":[{"width":918,"height":1251,"url":"https:\/\/www.casavio.com\/wp-content\/uploads\/2021\/06\/preview-italian.jpg","type":"image\/jpeg"}],"twitter_card":"summary_large_image","twitter_misc":{"Dur\u00e9e de lecture estim\u00e9e":"1 minute"},"schema":{"@context":"https:\/\/schema.org","@graph":[{"@type":"WebPage","@id":"https:\/\/www.casavio.com\/fr\/activites-au-camping\/casavio-plus\/italian-lessons\/","url":"https:\/\/www.casavio.com\/fr\/activites-au-camping\/casavio-plus\/italian-lessons\/","name":"Ca'Savio PLUS - Cours d'italien &#8211; Camping Ca&#039; Savio","isPartOf":{"@id":"https:\/\/www.casavio.com\/fr\/#website"},"primaryImageOfPage":{"@id":"https:\/\/www.casavio.com\/fr\/activites-au-camping\/casavio-plus\/italian-lessons\/#primaryimage"},"image":{"@id":"https:\/\/www.casavio.com\/fr\/activites-au-camping\/casavio-plus\/italian-lessons\/#primaryimage"},"thumbnailUrl":"https:\/\/www.casavio.com\/wp-content\/uploads\/2021\/06\/preview-italian.jpg","datePublished":"2019-11-07T10:08:55+00:00","dateModified":"2022-09-02T10:51:57+00:00","description":"Cours d'italien sur la nouvelle cha\u00eene de divertissement pour familles et enfants con\u00e7ue par Camping Ca'Savio \u00e0 Cavallino-Italie. Suivez nous!","breadcrumb":{"@id":"https:\/\/www.casavio.com\/fr\/activites-au-camping\/casavio-plus\/italian-lessons\/#breadcrumb"},"inLanguage":"fr-FR","potentialAction":[{"@type":"ReadAction","target":["https:\/\/www.casavio.com\/fr\/activites-au-camping\/casavio-plus\/italian-lessons\/"]}]},{"@type":"ImageObject","inLanguage":"fr-FR","@id":"https:\/\/www.casavio.com\/fr\/activites-au-camping\/casavio-plus\/italian-lessons\/#primaryimage","url":"https:\/\/www.casavio.com\/wp-content\/uploads\/2021\/06\/preview-italian.jpg","contentUrl":"https:\/\/www.casavio.com\/wp-content\/uploads\/2021\/06\/preview-italian.jpg","width":918,"height":1251},{"@type":"BreadcrumbList","@id":"https:\/\/www.casavio.com\/fr\/activites-au-camping\/casavio-plus\/italian-lessons\/#breadcrumb","itemListElement":[{"@type":"ListItem","position":1,"name":"Home","item":"https:\/\/www.casavio.com\/fr\/"},{"@type":"ListItem","position":2,"name":"Activit\u00e9s","item":"https:\/\/www.casavio.com\/fr\/activites-au-camping\/"},{"@type":"ListItem","position":3,"name":"Ca&rsquo;Savio PLUS","item":"https:\/\/www.casavio.com\/fr\/activites-au-camping\/casavio-plus\/"},{"@type":"ListItem","position":4,"name":"Italian Lessons"}]},{"@type":"WebSite","@id":"https:\/\/www.casavio.com\/fr\/#website","url":"https:\/\/www.casavio.com\/fr\/","name":"Camping Ca&#039; Savio","description":"","publisher":{"@id":"https:\/\/www.casavio.com\/fr\/#organization"},"potentialAction":[{"@type":"SearchAction","target":{"@type":"EntryPoint","urlTemplate":"https:\/\/www.casavio.com\/fr\/?s={search_term_string}"},"query-input":{"@type":"PropertyValueSpecification","valueRequired":true,"valueName":"search_term_string"}}],"inLanguage":"fr-FR"},{"@type":"Organization","@id":"https:\/\/www.casavio.com\/fr\/#organization","name":"Camping Ca'Savio","url":"https:\/\/www.casavio.com\/fr\/","logo":{"@type":"ImageObject","inLanguage":"fr-FR","@id":"https:\/\/www.casavio.com\/fr\/#\/schema\/logo\/image\/","url":"https:\/\/www.casavio.com\/wp-content\/uploads\/2024\/04\/favicon.png","contentUrl":"https:\/\/www.casavio.com\/wp-content\/uploads\/2024\/04\/favicon.png","width":144,"height":144,"caption":"Camping Ca'Savio"},"image":{"@id":"https:\/\/www.casavio.com\/fr\/#\/schema\/logo\/image\/"},"sameAs":["https:\/\/www.facebook.com\/campingcasavio","https:\/\/www.instagram.com\/campingcasavio","https:\/\/www.youtube.com\/user\/campingcasavio"]}]}},"_links":{"self":[{"href":"https:\/\/www.casavio.com\/fr\/wp-json\/wp\/v2\/pages\/17862","targetHints":{"allow":["GET"]}}],"collection":[{"href":"https:\/\/www.casavio.com\/fr\/wp-json\/wp\/v2\/pages"}],"about":[{"href":"https:\/\/www.casavio.com\/fr\/wp-json\/wp\/v2\/types\/page"}],"author":[{"embeddable":true,"href":"https:\/\/www.casavio.com\/fr\/wp-json\/wp\/v2\/users\/6"}],"replies":[{"embeddable":true,"href":"https:\/\/www.casavio.com\/fr\/wp-json\/wp\/v2\/comments?post=17862"}],"version-history":[{"count":2,"href":"https:\/\/www.casavio.com\/fr\/wp-json\/wp\/v2\/pages\/17862\/revisions"}],"predecessor-version":[{"id":18044,"href":"https:\/\/www.casavio.com\/fr\/wp-json\/wp\/v2\/pages\/17862\/revisions\/18044"}],"up":[{"embeddable":true,"href":"https:\/\/www.casavio.com\/fr\/wp-json\/wp\/v2\/pages\/11984"}],"wp:featuredmedia":[{"embeddable":true,"href":"https:\/\/www.casavio.com\/fr\/wp-json\/wp\/v2\/media\/18159"}],"wp:attachment":[{"href":"https:\/\/www.casavio.com\/fr\/wp-json\/wp\/v2\/media?parent=17862"}],"curies":[{"name":"wp","href":"https:\/\/api.w.org\/{rel}","templated":true}]}}