{"id":30777,"date":"2019-11-21T10:39:19","date_gmt":"2019-11-21T09:39:19","guid":{"rendered":"https:\/\/www.casavio.com\/?page_id=30777"},"modified":"2026-03-25T09:51:18","modified_gmt":"2026-03-25T08:51:18","slug":"basket-ball","status":"publish","type":"page","link":"https:\/\/www.casavio.com\/fr\/activites-au-camping\/sport-et-fitness\/basket-ball\/","title":{"rendered":"Basket-ball"},"content":{"rendered":"<p>Voici une bonne occasion pour les amateurs de basket-ball de tous \u00e2ges et pour ceux qui aiment les jeux d&rsquo;\u00e9quipe en plein air.<\/p>\n<p>Notre <strong>demi-terrain de basket<\/strong> est id\u00e9al pour les d\u00e9butants et les joueurs exp\u00e9riment\u00e9s qui peuvent se faire de nouveaux amis en se d\u00e9fiant dans des matchs passionnants \u00e0 <strong>3 contre 3<\/strong>.<\/p>\n<p>Contactez notre \u00e9quipe d&rsquo;animation pour participer \u00e0 l&rsquo;un des nombreux <strong>tournois<\/strong> de basket-ball.<\/p>\n","protected":false},"excerpt":{"rendered":"<p>Jouez avec vos amis et participez \u00e0 des tournois.<\/p>\n","protected":false},"author":6,"featured_media":31215,"parent":8915,"menu_order":0,"comment_status":"closed","ping_status":"closed","template":"","meta":{"_acf_changed":false},"class_list":["post-30777","page","type-page","status-publish","has-post-thumbnail","hentry"],"acf":[],"yoast_head":"<!-- This site is optimized with the Yoast SEO plugin v25.3 - https:\/\/yoast.com\/wordpress\/plugins\/seo\/ -->\n<title>Basket-ball au Camping | Sport et Fitness &#8211; Camping Ca&#039; Savio<\/title>\n<meta name=\"description\" content=\"Jouez au basket-ball sur notre demi-terrain situ\u00e9 sur le camping. Amusez-vous avec vos amis et participez aux nombreux tournois organis\u00e9s par l&#039;\u00e9quipe d&#039;animation.\" \/>\n<meta name=\"robots\" content=\"index, follow, max-snippet:-1, max-image-preview:large, max-video-preview:-1\" \/>\n<link rel=\"canonical\" href=\"https:\/\/www.casavio.com\/fr\/activites-au-camping\/sport-et-fitness\/basket-ball\/\" \/>\n<meta property=\"og:locale\" content=\"fr_FR\" \/>\n<meta property=\"og:type\" content=\"article\" \/>\n<meta property=\"og:title\" content=\"Basket-ball au Camping | Sport et Fitness &#8211; Camping Ca&#039; Savio\" \/>\n<meta property=\"og:description\" content=\"Jouez au basket-ball sur notre demi-terrain situ\u00e9 sur le camping. Amusez-vous avec vos amis et participez aux nombreux tournois organis\u00e9s par l&#039;\u00e9quipe d&#039;animation.\" \/>\n<meta property=\"og:url\" content=\"https:\/\/www.casavio.com\/fr\/activites-au-camping\/sport-et-fitness\/basket-ball\/\" \/>\n<meta property=\"og:site_name\" content=\"Camping Ca&#039; Savio\" \/>\n<meta property=\"article:publisher\" content=\"https:\/\/www.facebook.com\/campingcasavio\" \/>\n<meta property=\"article:modified_time\" content=\"2026-03-25T08:51:18+00:00\" \/>\n<meta property=\"og:image\" content=\"https:\/\/www.casavio.com\/wp-content\/uploads\/2024\/04\/Basketball_casavio.jpg\" \/>\n\t<meta property=\"og:image:width\" content=\"440\" \/>\n\t<meta property=\"og:image:height\" content=\"600\" \/>\n\t<meta property=\"og:image:type\" content=\"image\/jpeg\" \/>\n<meta name=\"twitter:card\" content=\"summary_large_image\" \/>\n<meta name=\"twitter:label1\" content=\"Dur\u00e9e de lecture estim\u00e9e\" \/>\n\t<meta name=\"twitter:data1\" content=\"1 minute\" \/>\n<script type=\"application\/ld+json\" class=\"yoast-schema-graph\">{\"@context\":\"https:\/\/schema.org\",\"@graph\":[{\"@type\":\"WebPage\",\"@id\":\"https:\/\/www.casavio.com\/fr\/activites-au-camping\/sport-et-fitness\/basket-ball\/\",\"url\":\"https:\/\/www.casavio.com\/fr\/activites-au-camping\/sport-et-fitness\/basket-ball\/\",\"name\":\"Basket-ball au Camping | Sport et Fitness &#8211; Camping Ca&#039; Savio\",\"isPartOf\":{\"@id\":\"https:\/\/www.casavio.com\/fr\/#website\"},\"primaryImageOfPage\":{\"@id\":\"https:\/\/www.casavio.com\/fr\/activites-au-camping\/sport-et-fitness\/basket-ball\/#primaryimage\"},\"image\":{\"@id\":\"https:\/\/www.casavio.com\/fr\/activites-au-camping\/sport-et-fitness\/basket-ball\/#primaryimage\"},\"thumbnailUrl\":\"https:\/\/www.casavio.com\/wp-content\/uploads\/2024\/04\/Basketball_casavio.jpg\",\"datePublished\":\"2019-11-21T09:39:19+00:00\",\"dateModified\":\"2026-03-25T08:51:18+00:00\",\"description\":\"Jouez au basket-ball sur notre demi-terrain situ\u00e9 sur le camping. Amusez-vous avec vos amis et participez aux nombreux tournois organis\u00e9s par l'\u00e9quipe d'animation.\",\"breadcrumb\":{\"@id\":\"https:\/\/www.casavio.com\/fr\/activites-au-camping\/sport-et-fitness\/basket-ball\/#breadcrumb\"},\"inLanguage\":\"fr-FR\",\"potentialAction\":[{\"@type\":\"ReadAction\",\"target\":[\"https:\/\/www.casavio.com\/fr\/activites-au-camping\/sport-et-fitness\/basket-ball\/\"]}]},{\"@type\":\"ImageObject\",\"inLanguage\":\"fr-FR\",\"@id\":\"https:\/\/www.casavio.com\/fr\/activites-au-camping\/sport-et-fitness\/basket-ball\/#primaryimage\",\"url\":\"https:\/\/www.casavio.com\/wp-content\/uploads\/2024\/04\/Basketball_casavio.jpg\",\"contentUrl\":\"https:\/\/www.casavio.com\/wp-content\/uploads\/2024\/04\/Basketball_casavio.jpg\",\"width\":440,\"height\":600},{\"@type\":\"BreadcrumbList\",\"@id\":\"https:\/\/www.casavio.com\/fr\/activites-au-camping\/sport-et-fitness\/basket-ball\/#breadcrumb\",\"itemListElement\":[{\"@type\":\"ListItem\",\"position\":1,\"name\":\"Home\",\"item\":\"https:\/\/www.casavio.com\/fr\/\"},{\"@type\":\"ListItem\",\"position\":2,\"name\":\"Activit\u00e9s\",\"item\":\"https:\/\/www.casavio.com\/fr\/activites-au-camping\/\"},{\"@type\":\"ListItem\",\"position\":3,\"name\":\"Sport et Fitness\",\"item\":\"https:\/\/www.casavio.com\/fr\/activites-au-camping\/sport-et-fitness\/\"},{\"@type\":\"ListItem\",\"position\":4,\"name\":\"Basket-ball\"}]},{\"@type\":\"WebSite\",\"@id\":\"https:\/\/www.casavio.com\/fr\/#website\",\"url\":\"https:\/\/www.casavio.com\/fr\/\",\"name\":\"Camping Ca&#039; Savio\",\"description\":\"\",\"publisher\":{\"@id\":\"https:\/\/www.casavio.com\/fr\/#organization\"},\"potentialAction\":[{\"@type\":\"SearchAction\",\"target\":{\"@type\":\"EntryPoint\",\"urlTemplate\":\"https:\/\/www.casavio.com\/fr\/?s={search_term_string}\"},\"query-input\":{\"@type\":\"PropertyValueSpecification\",\"valueRequired\":true,\"valueName\":\"search_term_string\"}}],\"inLanguage\":\"fr-FR\"},{\"@type\":\"Organization\",\"@id\":\"https:\/\/www.casavio.com\/fr\/#organization\",\"name\":\"Camping Ca'Savio\",\"url\":\"https:\/\/www.casavio.com\/fr\/\",\"logo\":{\"@type\":\"ImageObject\",\"inLanguage\":\"fr-FR\",\"@id\":\"https:\/\/www.casavio.com\/fr\/#\/schema\/logo\/image\/\",\"url\":\"https:\/\/www.casavio.com\/wp-content\/uploads\/2024\/04\/favicon.png\",\"contentUrl\":\"https:\/\/www.casavio.com\/wp-content\/uploads\/2024\/04\/favicon.png\",\"width\":144,\"height\":144,\"caption\":\"Camping Ca'Savio\"},\"image\":{\"@id\":\"https:\/\/www.casavio.com\/fr\/#\/schema\/logo\/image\/\"},\"sameAs\":[\"https:\/\/www.facebook.com\/campingcasavio\",\"https:\/\/www.instagram.com\/campingcasavio\",\"https:\/\/www.youtube.com\/user\/campingcasavio\"]}]}<\/script>\n<!-- \/ Yoast SEO plugin. -->","yoast_head_json":{"title":"Basket-ball au Camping | Sport et Fitness &#8211; Camping Ca&#039; Savio","description":"Jouez au basket-ball sur notre demi-terrain situ\u00e9 sur le camping. Amusez-vous avec vos amis et participez aux nombreux tournois organis\u00e9s par l'\u00e9quipe d'animation.","robots":{"index":"index","follow":"follow","max-snippet":"max-snippet:-1","max-image-preview":"max-image-preview:large","max-video-preview":"max-video-preview:-1"},"canonical":"https:\/\/www.casavio.com\/fr\/activites-au-camping\/sport-et-fitness\/basket-ball\/","og_locale":"fr_FR","og_type":"article","og_title":"Basket-ball au Camping | Sport et Fitness &#8211; Camping Ca&#039; Savio","og_description":"Jouez au basket-ball sur notre demi-terrain situ\u00e9 sur le camping. Amusez-vous avec vos amis et participez aux nombreux tournois organis\u00e9s par l'\u00e9quipe d'animation.","og_url":"https:\/\/www.casavio.com\/fr\/activites-au-camping\/sport-et-fitness\/basket-ball\/","og_site_name":"Camping Ca&#039; Savio","article_publisher":"https:\/\/www.facebook.com\/campingcasavio","article_modified_time":"2026-03-25T08:51:18+00:00","og_image":[{"width":440,"height":600,"url":"https:\/\/www.casavio.com\/wp-content\/uploads\/2024\/04\/Basketball_casavio.jpg","type":"image\/jpeg"}],"twitter_card":"summary_large_image","twitter_misc":{"Dur\u00e9e de lecture estim\u00e9e":"1 minute"},"schema":{"@context":"https:\/\/schema.org","@graph":[{"@type":"WebPage","@id":"https:\/\/www.casavio.com\/fr\/activites-au-camping\/sport-et-fitness\/basket-ball\/","url":"https:\/\/www.casavio.com\/fr\/activites-au-camping\/sport-et-fitness\/basket-ball\/","name":"Basket-ball au Camping | Sport et Fitness &#8211; Camping Ca&#039; Savio","isPartOf":{"@id":"https:\/\/www.casavio.com\/fr\/#website"},"primaryImageOfPage":{"@id":"https:\/\/www.casavio.com\/fr\/activites-au-camping\/sport-et-fitness\/basket-ball\/#primaryimage"},"image":{"@id":"https:\/\/www.casavio.com\/fr\/activites-au-camping\/sport-et-fitness\/basket-ball\/#primaryimage"},"thumbnailUrl":"https:\/\/www.casavio.com\/wp-content\/uploads\/2024\/04\/Basketball_casavio.jpg","datePublished":"2019-11-21T09:39:19+00:00","dateModified":"2026-03-25T08:51:18+00:00","description":"Jouez au basket-ball sur notre demi-terrain situ\u00e9 sur le camping. Amusez-vous avec vos amis et participez aux nombreux tournois organis\u00e9s par l'\u00e9quipe d'animation.","breadcrumb":{"@id":"https:\/\/www.casavio.com\/fr\/activites-au-camping\/sport-et-fitness\/basket-ball\/#breadcrumb"},"inLanguage":"fr-FR","potentialAction":[{"@type":"ReadAction","target":["https:\/\/www.casavio.com\/fr\/activites-au-camping\/sport-et-fitness\/basket-ball\/"]}]},{"@type":"ImageObject","inLanguage":"fr-FR","@id":"https:\/\/www.casavio.com\/fr\/activites-au-camping\/sport-et-fitness\/basket-ball\/#primaryimage","url":"https:\/\/www.casavio.com\/wp-content\/uploads\/2024\/04\/Basketball_casavio.jpg","contentUrl":"https:\/\/www.casavio.com\/wp-content\/uploads\/2024\/04\/Basketball_casavio.jpg","width":440,"height":600},{"@type":"BreadcrumbList","@id":"https:\/\/www.casavio.com\/fr\/activites-au-camping\/sport-et-fitness\/basket-ball\/#breadcrumb","itemListElement":[{"@type":"ListItem","position":1,"name":"Home","item":"https:\/\/www.casavio.com\/fr\/"},{"@type":"ListItem","position":2,"name":"Activit\u00e9s","item":"https:\/\/www.casavio.com\/fr\/activites-au-camping\/"},{"@type":"ListItem","position":3,"name":"Sport et Fitness","item":"https:\/\/www.casavio.com\/fr\/activites-au-camping\/sport-et-fitness\/"},{"@type":"ListItem","position":4,"name":"Basket-ball"}]},{"@type":"WebSite","@id":"https:\/\/www.casavio.com\/fr\/#website","url":"https:\/\/www.casavio.com\/fr\/","name":"Camping Ca&#039; Savio","description":"","publisher":{"@id":"https:\/\/www.casavio.com\/fr\/#organization"},"potentialAction":[{"@type":"SearchAction","target":{"@type":"EntryPoint","urlTemplate":"https:\/\/www.casavio.com\/fr\/?s={search_term_string}"},"query-input":{"@type":"PropertyValueSpecification","valueRequired":true,"valueName":"search_term_string"}}],"inLanguage":"fr-FR"},{"@type":"Organization","@id":"https:\/\/www.casavio.com\/fr\/#organization","name":"Camping Ca'Savio","url":"https:\/\/www.casavio.com\/fr\/","logo":{"@type":"ImageObject","inLanguage":"fr-FR","@id":"https:\/\/www.casavio.com\/fr\/#\/schema\/logo\/image\/","url":"https:\/\/www.casavio.com\/wp-content\/uploads\/2024\/04\/favicon.png","contentUrl":"https:\/\/www.casavio.com\/wp-content\/uploads\/2024\/04\/favicon.png","width":144,"height":144,"caption":"Camping Ca'Savio"},"image":{"@id":"https:\/\/www.casavio.com\/fr\/#\/schema\/logo\/image\/"},"sameAs":["https:\/\/www.facebook.com\/campingcasavio","https:\/\/www.instagram.com\/campingcasavio","https:\/\/www.youtube.com\/user\/campingcasavio"]}]}},"_links":{"self":[{"href":"https:\/\/www.casavio.com\/fr\/wp-json\/wp\/v2\/pages\/30777","targetHints":{"allow":["GET"]}}],"collection":[{"href":"https:\/\/www.casavio.com\/fr\/wp-json\/wp\/v2\/pages"}],"about":[{"href":"https:\/\/www.casavio.com\/fr\/wp-json\/wp\/v2\/types\/page"}],"author":[{"embeddable":true,"href":"https:\/\/www.casavio.com\/fr\/wp-json\/wp\/v2\/users\/6"}],"replies":[{"embeddable":true,"href":"https:\/\/www.casavio.com\/fr\/wp-json\/wp\/v2\/comments?post=30777"}],"version-history":[{"count":1,"href":"https:\/\/www.casavio.com\/fr\/wp-json\/wp\/v2\/pages\/30777\/revisions"}],"predecessor-version":[{"id":46215,"href":"https:\/\/www.casavio.com\/fr\/wp-json\/wp\/v2\/pages\/30777\/revisions\/46215"}],"up":[{"embeddable":true,"href":"https:\/\/www.casavio.com\/fr\/wp-json\/wp\/v2\/pages\/8915"}],"wp:featuredmedia":[{"embeddable":true,"href":"https:\/\/www.casavio.com\/fr\/wp-json\/wp\/v2\/media\/31215"}],"wp:attachment":[{"href":"https:\/\/www.casavio.com\/fr\/wp-json\/wp\/v2\/media?parent=30777"}],"curies":[{"name":"wp","href":"https:\/\/api.w.org\/{rel}","templated":true}]}}