{"id":31849,"date":"2024-03-20T10:22:38","date_gmt":"2024-03-20T09:22:38","guid":{"rendered":"https:\/\/www.casavio.com\/vacanze-a-settembre\/"},"modified":"2025-08-28T16:01:04","modified_gmt":"2025-08-28T14:01:04","slug":"vacances-a-septembre","status":"publish","type":"page","link":"https:\/\/www.casavio.com\/fr\/vacances-a-septembre\/","title":{"rendered":"Vacances \u00e0 Septembre"},"content":{"rendered":"","protected":false},"excerpt":{"rendered":"","protected":false},"author":3,"featured_media":0,"parent":0,"menu_order":0,"comment_status":"closed","ping_status":"closed","template":"templates\/tpl-dynamic-layout.php","meta":{"_acf_changed":false},"class_list":["post-31849","page","type-page","status-publish","hentry"],"acf":[],"yoast_head":"<!-- This site is optimized with the Yoast SEO plugin v25.3 - https:\/\/yoast.com\/wordpress\/plugins\/seo\/ -->\n<title>Vacances \u00e0 Septembre 2025 &#8211; Camping Ca&#039; Savio<\/title>\n<meta name=\"description\" content=\"Souhaitez-vous passer vos vacances en septembre ? Le camping Ca&#039;Savio est le choix id\u00e9al. Pendant cette p\u00e9riode, vous pourrez profiter de la tranquillit\u00e9 de notre plage, participer aux nombreux \u00e9v\u00e9nements \u00e0 Venise et vous immerger dans la beaut\u00e9 et la culture des environs de Cavallino Treporti.\" \/>\n<meta name=\"robots\" content=\"index, follow, max-snippet:-1, max-image-preview:large, max-video-preview:-1\" \/>\n<link rel=\"canonical\" href=\"https:\/\/www.casavio.com\/fr\/vacances-a-septembre\/\" \/>\n<meta property=\"og:locale\" content=\"fr_FR\" \/>\n<meta property=\"og:type\" content=\"article\" \/>\n<meta property=\"og:title\" content=\"Vacances \u00e0 Septembre 2025 &#8211; Camping Ca&#039; Savio\" \/>\n<meta property=\"og:description\" content=\"Souhaitez-vous passer vos vacances en septembre ? Le camping Ca&#039;Savio est le choix id\u00e9al. Pendant cette p\u00e9riode, vous pourrez profiter de la tranquillit\u00e9 de notre plage, participer aux nombreux \u00e9v\u00e9nements \u00e0 Venise et vous immerger dans la beaut\u00e9 et la culture des environs de Cavallino Treporti.\" \/>\n<meta property=\"og:url\" content=\"https:\/\/www.casavio.com\/fr\/vacances-a-septembre\/\" \/>\n<meta property=\"og:site_name\" content=\"Camping Ca&#039; Savio\" \/>\n<meta property=\"article:publisher\" content=\"https:\/\/www.facebook.com\/campingcasavio\" \/>\n<meta property=\"article:modified_time\" content=\"2025-08-28T14:01:04+00:00\" \/>\n<meta name=\"twitter:card\" content=\"summary_large_image\" \/>\n<script type=\"application\/ld+json\" class=\"yoast-schema-graph\">{\"@context\":\"https:\/\/schema.org\",\"@graph\":[{\"@type\":\"WebPage\",\"@id\":\"https:\/\/www.casavio.com\/fr\/vacances-a-septembre\/\",\"url\":\"https:\/\/www.casavio.com\/fr\/vacances-a-septembre\/\",\"name\":\"Vacances \u00e0 Septembre 2025 &#8211; Camping Ca&#039; Savio\",\"isPartOf\":{\"@id\":\"https:\/\/www.casavio.com\/fr\/#website\"},\"datePublished\":\"2024-03-20T09:22:38+00:00\",\"dateModified\":\"2025-08-28T14:01:04+00:00\",\"description\":\"Souhaitez-vous passer vos vacances en septembre ? Le camping Ca'Savio est le choix id\u00e9al. Pendant cette p\u00e9riode, vous pourrez profiter de la tranquillit\u00e9 de notre plage, participer aux nombreux \u00e9v\u00e9nements \u00e0 Venise et vous immerger dans la beaut\u00e9 et la culture des environs de Cavallino Treporti.\",\"breadcrumb\":{\"@id\":\"https:\/\/www.casavio.com\/fr\/vacances-a-septembre\/#breadcrumb\"},\"inLanguage\":\"fr-FR\",\"potentialAction\":[{\"@type\":\"ReadAction\",\"target\":[\"https:\/\/www.casavio.com\/fr\/vacances-a-septembre\/\"]}]},{\"@type\":\"BreadcrumbList\",\"@id\":\"https:\/\/www.casavio.com\/fr\/vacances-a-septembre\/#breadcrumb\",\"itemListElement\":[{\"@type\":\"ListItem\",\"position\":1,\"name\":\"Home\",\"item\":\"https:\/\/www.casavio.com\/fr\/\"},{\"@type\":\"ListItem\",\"position\":2,\"name\":\"Vacances \u00e0 Septembre\"}]},{\"@type\":\"WebSite\",\"@id\":\"https:\/\/www.casavio.com\/fr\/#website\",\"url\":\"https:\/\/www.casavio.com\/fr\/\",\"name\":\"Camping Ca&#039; Savio\",\"description\":\"\",\"publisher\":{\"@id\":\"https:\/\/www.casavio.com\/fr\/#organization\"},\"potentialAction\":[{\"@type\":\"SearchAction\",\"target\":{\"@type\":\"EntryPoint\",\"urlTemplate\":\"https:\/\/www.casavio.com\/fr\/?s={search_term_string}\"},\"query-input\":{\"@type\":\"PropertyValueSpecification\",\"valueRequired\":true,\"valueName\":\"search_term_string\"}}],\"inLanguage\":\"fr-FR\"},{\"@type\":\"Organization\",\"@id\":\"https:\/\/www.casavio.com\/fr\/#organization\",\"name\":\"Camping Ca'Savio\",\"url\":\"https:\/\/www.casavio.com\/fr\/\",\"logo\":{\"@type\":\"ImageObject\",\"inLanguage\":\"fr-FR\",\"@id\":\"https:\/\/www.casavio.com\/fr\/#\/schema\/logo\/image\/\",\"url\":\"https:\/\/www.casavio.com\/wp-content\/uploads\/2024\/04\/favicon.png\",\"contentUrl\":\"https:\/\/www.casavio.com\/wp-content\/uploads\/2024\/04\/favicon.png\",\"width\":144,\"height\":144,\"caption\":\"Camping Ca'Savio\"},\"image\":{\"@id\":\"https:\/\/www.casavio.com\/fr\/#\/schema\/logo\/image\/\"},\"sameAs\":[\"https:\/\/www.facebook.com\/campingcasavio\",\"https:\/\/www.instagram.com\/campingcasavio\",\"https:\/\/www.youtube.com\/user\/campingcasavio\"]}]}<\/script>\n<!-- \/ Yoast SEO plugin. -->","yoast_head_json":{"title":"Vacances \u00e0 Septembre 2025 &#8211; Camping Ca&#039; Savio","description":"Souhaitez-vous passer vos vacances en septembre ? Le camping Ca'Savio est le choix id\u00e9al. Pendant cette p\u00e9riode, vous pourrez profiter de la tranquillit\u00e9 de notre plage, participer aux nombreux \u00e9v\u00e9nements \u00e0 Venise et vous immerger dans la beaut\u00e9 et la culture des environs de Cavallino Treporti.","robots":{"index":"index","follow":"follow","max-snippet":"max-snippet:-1","max-image-preview":"max-image-preview:large","max-video-preview":"max-video-preview:-1"},"canonical":"https:\/\/www.casavio.com\/fr\/vacances-a-septembre\/","og_locale":"fr_FR","og_type":"article","og_title":"Vacances \u00e0 Septembre 2025 &#8211; Camping Ca&#039; Savio","og_description":"Souhaitez-vous passer vos vacances en septembre ? Le camping Ca'Savio est le choix id\u00e9al. Pendant cette p\u00e9riode, vous pourrez profiter de la tranquillit\u00e9 de notre plage, participer aux nombreux \u00e9v\u00e9nements \u00e0 Venise et vous immerger dans la beaut\u00e9 et la culture des environs de Cavallino Treporti.","og_url":"https:\/\/www.casavio.com\/fr\/vacances-a-septembre\/","og_site_name":"Camping Ca&#039; Savio","article_publisher":"https:\/\/www.facebook.com\/campingcasavio","article_modified_time":"2025-08-28T14:01:04+00:00","twitter_card":"summary_large_image","schema":{"@context":"https:\/\/schema.org","@graph":[{"@type":"WebPage","@id":"https:\/\/www.casavio.com\/fr\/vacances-a-septembre\/","url":"https:\/\/www.casavio.com\/fr\/vacances-a-septembre\/","name":"Vacances \u00e0 Septembre 2025 &#8211; Camping Ca&#039; Savio","isPartOf":{"@id":"https:\/\/www.casavio.com\/fr\/#website"},"datePublished":"2024-03-20T09:22:38+00:00","dateModified":"2025-08-28T14:01:04+00:00","description":"Souhaitez-vous passer vos vacances en septembre ? Le camping Ca'Savio est le choix id\u00e9al. Pendant cette p\u00e9riode, vous pourrez profiter de la tranquillit\u00e9 de notre plage, participer aux nombreux \u00e9v\u00e9nements \u00e0 Venise et vous immerger dans la beaut\u00e9 et la culture des environs de Cavallino Treporti.","breadcrumb":{"@id":"https:\/\/www.casavio.com\/fr\/vacances-a-septembre\/#breadcrumb"},"inLanguage":"fr-FR","potentialAction":[{"@type":"ReadAction","target":["https:\/\/www.casavio.com\/fr\/vacances-a-septembre\/"]}]},{"@type":"BreadcrumbList","@id":"https:\/\/www.casavio.com\/fr\/vacances-a-septembre\/#breadcrumb","itemListElement":[{"@type":"ListItem","position":1,"name":"Home","item":"https:\/\/www.casavio.com\/fr\/"},{"@type":"ListItem","position":2,"name":"Vacances \u00e0 Septembre"}]},{"@type":"WebSite","@id":"https:\/\/www.casavio.com\/fr\/#website","url":"https:\/\/www.casavio.com\/fr\/","name":"Camping Ca&#039; Savio","description":"","publisher":{"@id":"https:\/\/www.casavio.com\/fr\/#organization"},"potentialAction":[{"@type":"SearchAction","target":{"@type":"EntryPoint","urlTemplate":"https:\/\/www.casavio.com\/fr\/?s={search_term_string}"},"query-input":{"@type":"PropertyValueSpecification","valueRequired":true,"valueName":"search_term_string"}}],"inLanguage":"fr-FR"},{"@type":"Organization","@id":"https:\/\/www.casavio.com\/fr\/#organization","name":"Camping Ca'Savio","url":"https:\/\/www.casavio.com\/fr\/","logo":{"@type":"ImageObject","inLanguage":"fr-FR","@id":"https:\/\/www.casavio.com\/fr\/#\/schema\/logo\/image\/","url":"https:\/\/www.casavio.com\/wp-content\/uploads\/2024\/04\/favicon.png","contentUrl":"https:\/\/www.casavio.com\/wp-content\/uploads\/2024\/04\/favicon.png","width":144,"height":144,"caption":"Camping Ca'Savio"},"image":{"@id":"https:\/\/www.casavio.com\/fr\/#\/schema\/logo\/image\/"},"sameAs":["https:\/\/www.facebook.com\/campingcasavio","https:\/\/www.instagram.com\/campingcasavio","https:\/\/www.youtube.com\/user\/campingcasavio"]}]}},"_links":{"self":[{"href":"https:\/\/www.casavio.com\/fr\/wp-json\/wp\/v2\/pages\/31849","targetHints":{"allow":["GET"]}}],"collection":[{"href":"https:\/\/www.casavio.com\/fr\/wp-json\/wp\/v2\/pages"}],"about":[{"href":"https:\/\/www.casavio.com\/fr\/wp-json\/wp\/v2\/types\/page"}],"author":[{"embeddable":true,"href":"https:\/\/www.casavio.com\/fr\/wp-json\/wp\/v2\/users\/3"}],"replies":[{"embeddable":true,"href":"https:\/\/www.casavio.com\/fr\/wp-json\/wp\/v2\/comments?post=31849"}],"version-history":[{"count":2,"href":"https:\/\/www.casavio.com\/fr\/wp-json\/wp\/v2\/pages\/31849\/revisions"}],"predecessor-version":[{"id":43135,"href":"https:\/\/www.casavio.com\/fr\/wp-json\/wp\/v2\/pages\/31849\/revisions\/43135"}],"wp:attachment":[{"href":"https:\/\/www.casavio.com\/fr\/wp-json\/wp\/v2\/media?parent=31849"}],"curies":[{"name":"wp","href":"https:\/\/api.w.org\/{rel}","templated":true}]}}