{"id":32678,"date":"2024-05-29T11:37:32","date_gmt":"2024-05-29T09:37:32","guid":{"rendered":"https:\/\/www.casavio.com\/services\/services-supplementaires\/noleggio-ombrellone-e-lettini\/"},"modified":"2025-05-21T15:45:25","modified_gmt":"2025-05-21T13:45:25","slug":"location-de-parasols-et-de-chaises-longues","status":"publish","type":"page","link":"https:\/\/www.casavio.com\/fr\/services\/services-supplementaires\/location-de-parasols-et-de-chaises-longues\/","title":{"rendered":"Location de parasols et de chaises longues"},"content":{"rendered":"<p>Le service est disponible du 08\/06 au 08\/09. Notre personnel est \u00e0 votre disposition sur la <a href=\"https:\/\/www.casavio.com\/fr\/services\/plage-ca-savio\/\"><u>plage<\/u><\/a> tous les jours de 9h00 \u00e0 19h00 pour vous accueillir, vous assigner des parasols et des chaises longues et vous fournir toute l&rsquo;assistance dont vous pourriez avoir besoin.<\/p>\n<p>Le service est r\u00e9serv\u00e9 aux h\u00f4tes <strong>du camping<\/strong>, vous pouvez donc <a href=\"https:\/\/reservations.casavio.com\/contact\" target=\"_blank\" rel=\"noopener\">le demander \u00e0 l&rsquo;avance<\/a> et le r\u00e9gler dans votre r\u00e9servation ou le payer sur place \u00e0 la R\u00e9ception ou au Bureau Customer Care.<\/p>\n<p>Vous pourrez louer <strong>1 parasol et 2 chaises longues<\/strong> au prix de <strong>21 \u20ac par jour<\/strong>, et b\u00e9n\u00e9ficier d&rsquo;un tarif r\u00e9duit de 19 \u20ac par jour si vous louez pour plus de 7 jours.<\/p>\n<p>La plage avec parasols et chaises longues est situ\u00e9e \u00e0 l&rsquo;<strong>acc\u00e8s \u00e0 la mer n\u00b0 7<\/strong> et est enti\u00e8rement\u00a0<strong>non-fumeur<\/strong>, ce qui vous permet de profiter de tous les bienfaits de l\u2019air marin sans fum\u00e9e passive ni m\u00e9gots de cigarettes dans le sable qui g\u00e2chent l\u2019environnement et perturbent les jeux de vos enfants.<\/p>\n<p>Afin de rendre la plage plus accessible et inclusive, le camping offre \u00e9galement la possibilit\u00e9 de louer un fauteuil roulant de plage (<a href=\"https:\/\/reservations.casavio.com\/contact\" target=\"_blank\" rel=\"noopener\">sur demande<\/a>) pour les personnes handicap\u00e9es, dont les roues permettent de se d\u00e9placer sur le sable et d\u2019entrer dans l\u2019eau.<\/p>\n<p>D\u00e9couvrez notre grande plage et ses services, pour des journ\u00e9es de d\u00e9tente et d&rsquo;amusement \u00e0 la plage, avec toute la libert\u00e9 que vous souhaitez et seulement quelques <a href=\"https:\/\/www.casavio.com\/fr\/notre-camping\/reglement\/\"><u>r\u00e8gles<\/u><\/a> importantes pour votre s\u00e9curit\u00e9 et le respect de la nature.<\/p>\n","protected":false},"excerpt":{"rendered":"<p>Le service est r\u00e9serv\u00e9 aux h\u00f4tes du camping.<\/p>\n","protected":false},"author":6,"featured_media":39988,"parent":8840,"menu_order":4,"comment_status":"closed","ping_status":"closed","template":"","meta":{"_acf_changed":false},"class_list":["post-32678","page","type-page","status-publish","has-post-thumbnail","hentry"],"acf":[],"yoast_head":"<!-- This site is optimized with the Yoast SEO plugin v25.3 - https:\/\/yoast.com\/wordpress\/plugins\/seo\/ -->\n<title>Location de parasols et de chaises longues &#8211; Camping Ca&#039; Savio<\/title>\n<meta name=\"robots\" content=\"index, follow, max-snippet:-1, max-image-preview:large, max-video-preview:-1\" \/>\n<link rel=\"canonical\" href=\"https:\/\/www.casavio.com\/fr\/services\/services-supplementaires\/location-de-parasols-et-de-chaises-longues\/\" \/>\n<meta property=\"og:locale\" content=\"fr_FR\" \/>\n<meta property=\"og:type\" content=\"article\" \/>\n<meta property=\"og:title\" content=\"Location de parasols et de chaises longues &#8211; Camping Ca&#039; Savio\" \/>\n<meta property=\"og:description\" content=\"Le service est r\u00e9serv\u00e9 aux h\u00f4tes du camping.\" \/>\n<meta property=\"og:url\" content=\"https:\/\/www.casavio.com\/fr\/services\/services-supplementaires\/location-de-parasols-et-de-chaises-longues\/\" \/>\n<meta property=\"og:site_name\" content=\"Camping Ca&#039; Savio\" \/>\n<meta property=\"article:publisher\" content=\"https:\/\/www.facebook.com\/campingcasavio\" \/>\n<meta property=\"article:modified_time\" content=\"2025-05-21T13:45:25+00:00\" \/>\n<meta property=\"og:image\" content=\"https:\/\/www.casavio.com\/wp-content\/uploads\/2025\/05\/spiaggia-attrezzata_ev.jpg\" \/>\n\t<meta property=\"og:image:width\" content=\"440\" \/>\n\t<meta property=\"og:image:height\" content=\"600\" \/>\n\t<meta property=\"og:image:type\" content=\"image\/jpeg\" \/>\n<meta name=\"twitter:card\" content=\"summary_large_image\" \/>\n<meta name=\"twitter:label1\" content=\"Dur\u00e9e de lecture estim\u00e9e\" \/>\n\t<meta name=\"twitter:data1\" content=\"2 minutes\" \/>\n<script type=\"application\/ld+json\" class=\"yoast-schema-graph\">{\"@context\":\"https:\/\/schema.org\",\"@graph\":[{\"@type\":\"WebPage\",\"@id\":\"https:\/\/www.casavio.com\/fr\/services\/services-supplementaires\/location-de-parasols-et-de-chaises-longues\/\",\"url\":\"https:\/\/www.casavio.com\/fr\/services\/services-supplementaires\/location-de-parasols-et-de-chaises-longues\/\",\"name\":\"Location de parasols et de chaises longues &#8211; Camping Ca&#039; Savio\",\"isPartOf\":{\"@id\":\"https:\/\/www.casavio.com\/fr\/#website\"},\"primaryImageOfPage\":{\"@id\":\"https:\/\/www.casavio.com\/fr\/services\/services-supplementaires\/location-de-parasols-et-de-chaises-longues\/#primaryimage\"},\"image\":{\"@id\":\"https:\/\/www.casavio.com\/fr\/services\/services-supplementaires\/location-de-parasols-et-de-chaises-longues\/#primaryimage\"},\"thumbnailUrl\":\"https:\/\/www.casavio.com\/wp-content\/uploads\/2025\/05\/spiaggia-attrezzata_ev.jpg\",\"datePublished\":\"2024-05-29T09:37:32+00:00\",\"dateModified\":\"2025-05-21T13:45:25+00:00\",\"breadcrumb\":{\"@id\":\"https:\/\/www.casavio.com\/fr\/services\/services-supplementaires\/location-de-parasols-et-de-chaises-longues\/#breadcrumb\"},\"inLanguage\":\"fr-FR\",\"potentialAction\":[{\"@type\":\"ReadAction\",\"target\":[\"https:\/\/www.casavio.com\/fr\/services\/services-supplementaires\/location-de-parasols-et-de-chaises-longues\/\"]}]},{\"@type\":\"ImageObject\",\"inLanguage\":\"fr-FR\",\"@id\":\"https:\/\/www.casavio.com\/fr\/services\/services-supplementaires\/location-de-parasols-et-de-chaises-longues\/#primaryimage\",\"url\":\"https:\/\/www.casavio.com\/wp-content\/uploads\/2025\/05\/spiaggia-attrezzata_ev.jpg\",\"contentUrl\":\"https:\/\/www.casavio.com\/wp-content\/uploads\/2025\/05\/spiaggia-attrezzata_ev.jpg\",\"width\":440,\"height\":600},{\"@type\":\"BreadcrumbList\",\"@id\":\"https:\/\/www.casavio.com\/fr\/services\/services-supplementaires\/location-de-parasols-et-de-chaises-longues\/#breadcrumb\",\"itemListElement\":[{\"@type\":\"ListItem\",\"position\":1,\"name\":\"Home\",\"item\":\"https:\/\/www.casavio.com\/fr\/\"},{\"@type\":\"ListItem\",\"position\":2,\"name\":\"Services\",\"item\":\"https:\/\/www.casavio.com\/fr\/services\/\"},{\"@type\":\"ListItem\",\"position\":3,\"name\":\"Services suppl\u00e9mentaires\",\"item\":\"https:\/\/www.casavio.com\/fr\/services\/services-supplementaires\/\"},{\"@type\":\"ListItem\",\"position\":4,\"name\":\"Location de parasols et de chaises longues\"}]},{\"@type\":\"WebSite\",\"@id\":\"https:\/\/www.casavio.com\/fr\/#website\",\"url\":\"https:\/\/www.casavio.com\/fr\/\",\"name\":\"Camping Ca&#039; Savio\",\"description\":\"\",\"publisher\":{\"@id\":\"https:\/\/www.casavio.com\/fr\/#organization\"},\"potentialAction\":[{\"@type\":\"SearchAction\",\"target\":{\"@type\":\"EntryPoint\",\"urlTemplate\":\"https:\/\/www.casavio.com\/fr\/?s={search_term_string}\"},\"query-input\":{\"@type\":\"PropertyValueSpecification\",\"valueRequired\":true,\"valueName\":\"search_term_string\"}}],\"inLanguage\":\"fr-FR\"},{\"@type\":\"Organization\",\"@id\":\"https:\/\/www.casavio.com\/fr\/#organization\",\"name\":\"Camping Ca'Savio\",\"url\":\"https:\/\/www.casavio.com\/fr\/\",\"logo\":{\"@type\":\"ImageObject\",\"inLanguage\":\"fr-FR\",\"@id\":\"https:\/\/www.casavio.com\/fr\/#\/schema\/logo\/image\/\",\"url\":\"https:\/\/www.casavio.com\/wp-content\/uploads\/2024\/04\/favicon.png\",\"contentUrl\":\"https:\/\/www.casavio.com\/wp-content\/uploads\/2024\/04\/favicon.png\",\"width\":144,\"height\":144,\"caption\":\"Camping Ca'Savio\"},\"image\":{\"@id\":\"https:\/\/www.casavio.com\/fr\/#\/schema\/logo\/image\/\"},\"sameAs\":[\"https:\/\/www.facebook.com\/campingcasavio\",\"https:\/\/www.instagram.com\/campingcasavio\",\"https:\/\/www.youtube.com\/user\/campingcasavio\"]}]}<\/script>\n<!-- \/ Yoast SEO plugin. -->","yoast_head_json":{"title":"Location de parasols et de chaises longues &#8211; Camping Ca&#039; Savio","robots":{"index":"index","follow":"follow","max-snippet":"max-snippet:-1","max-image-preview":"max-image-preview:large","max-video-preview":"max-video-preview:-1"},"canonical":"https:\/\/www.casavio.com\/fr\/services\/services-supplementaires\/location-de-parasols-et-de-chaises-longues\/","og_locale":"fr_FR","og_type":"article","og_title":"Location de parasols et de chaises longues &#8211; Camping Ca&#039; Savio","og_description":"Le service est r\u00e9serv\u00e9 aux h\u00f4tes du camping.","og_url":"https:\/\/www.casavio.com\/fr\/services\/services-supplementaires\/location-de-parasols-et-de-chaises-longues\/","og_site_name":"Camping Ca&#039; Savio","article_publisher":"https:\/\/www.facebook.com\/campingcasavio","article_modified_time":"2025-05-21T13:45:25+00:00","og_image":[{"width":440,"height":600,"url":"https:\/\/www.casavio.com\/wp-content\/uploads\/2025\/05\/spiaggia-attrezzata_ev.jpg","type":"image\/jpeg"}],"twitter_card":"summary_large_image","twitter_misc":{"Dur\u00e9e de lecture estim\u00e9e":"2 minutes"},"schema":{"@context":"https:\/\/schema.org","@graph":[{"@type":"WebPage","@id":"https:\/\/www.casavio.com\/fr\/services\/services-supplementaires\/location-de-parasols-et-de-chaises-longues\/","url":"https:\/\/www.casavio.com\/fr\/services\/services-supplementaires\/location-de-parasols-et-de-chaises-longues\/","name":"Location de parasols et de chaises longues &#8211; Camping Ca&#039; Savio","isPartOf":{"@id":"https:\/\/www.casavio.com\/fr\/#website"},"primaryImageOfPage":{"@id":"https:\/\/www.casavio.com\/fr\/services\/services-supplementaires\/location-de-parasols-et-de-chaises-longues\/#primaryimage"},"image":{"@id":"https:\/\/www.casavio.com\/fr\/services\/services-supplementaires\/location-de-parasols-et-de-chaises-longues\/#primaryimage"},"thumbnailUrl":"https:\/\/www.casavio.com\/wp-content\/uploads\/2025\/05\/spiaggia-attrezzata_ev.jpg","datePublished":"2024-05-29T09:37:32+00:00","dateModified":"2025-05-21T13:45:25+00:00","breadcrumb":{"@id":"https:\/\/www.casavio.com\/fr\/services\/services-supplementaires\/location-de-parasols-et-de-chaises-longues\/#breadcrumb"},"inLanguage":"fr-FR","potentialAction":[{"@type":"ReadAction","target":["https:\/\/www.casavio.com\/fr\/services\/services-supplementaires\/location-de-parasols-et-de-chaises-longues\/"]}]},{"@type":"ImageObject","inLanguage":"fr-FR","@id":"https:\/\/www.casavio.com\/fr\/services\/services-supplementaires\/location-de-parasols-et-de-chaises-longues\/#primaryimage","url":"https:\/\/www.casavio.com\/wp-content\/uploads\/2025\/05\/spiaggia-attrezzata_ev.jpg","contentUrl":"https:\/\/www.casavio.com\/wp-content\/uploads\/2025\/05\/spiaggia-attrezzata_ev.jpg","width":440,"height":600},{"@type":"BreadcrumbList","@id":"https:\/\/www.casavio.com\/fr\/services\/services-supplementaires\/location-de-parasols-et-de-chaises-longues\/#breadcrumb","itemListElement":[{"@type":"ListItem","position":1,"name":"Home","item":"https:\/\/www.casavio.com\/fr\/"},{"@type":"ListItem","position":2,"name":"Services","item":"https:\/\/www.casavio.com\/fr\/services\/"},{"@type":"ListItem","position":3,"name":"Services suppl\u00e9mentaires","item":"https:\/\/www.casavio.com\/fr\/services\/services-supplementaires\/"},{"@type":"ListItem","position":4,"name":"Location de parasols et de chaises longues"}]},{"@type":"WebSite","@id":"https:\/\/www.casavio.com\/fr\/#website","url":"https:\/\/www.casavio.com\/fr\/","name":"Camping Ca&#039; Savio","description":"","publisher":{"@id":"https:\/\/www.casavio.com\/fr\/#organization"},"potentialAction":[{"@type":"SearchAction","target":{"@type":"EntryPoint","urlTemplate":"https:\/\/www.casavio.com\/fr\/?s={search_term_string}"},"query-input":{"@type":"PropertyValueSpecification","valueRequired":true,"valueName":"search_term_string"}}],"inLanguage":"fr-FR"},{"@type":"Organization","@id":"https:\/\/www.casavio.com\/fr\/#organization","name":"Camping Ca'Savio","url":"https:\/\/www.casavio.com\/fr\/","logo":{"@type":"ImageObject","inLanguage":"fr-FR","@id":"https:\/\/www.casavio.com\/fr\/#\/schema\/logo\/image\/","url":"https:\/\/www.casavio.com\/wp-content\/uploads\/2024\/04\/favicon.png","contentUrl":"https:\/\/www.casavio.com\/wp-content\/uploads\/2024\/04\/favicon.png","width":144,"height":144,"caption":"Camping Ca'Savio"},"image":{"@id":"https:\/\/www.casavio.com\/fr\/#\/schema\/logo\/image\/"},"sameAs":["https:\/\/www.facebook.com\/campingcasavio","https:\/\/www.instagram.com\/campingcasavio","https:\/\/www.youtube.com\/user\/campingcasavio"]}]}},"_links":{"self":[{"href":"https:\/\/www.casavio.com\/fr\/wp-json\/wp\/v2\/pages\/32678","targetHints":{"allow":["GET"]}}],"collection":[{"href":"https:\/\/www.casavio.com\/fr\/wp-json\/wp\/v2\/pages"}],"about":[{"href":"https:\/\/www.casavio.com\/fr\/wp-json\/wp\/v2\/types\/page"}],"author":[{"embeddable":true,"href":"https:\/\/www.casavio.com\/fr\/wp-json\/wp\/v2\/users\/6"}],"replies":[{"embeddable":true,"href":"https:\/\/www.casavio.com\/fr\/wp-json\/wp\/v2\/comments?post=32678"}],"version-history":[{"count":2,"href":"https:\/\/www.casavio.com\/fr\/wp-json\/wp\/v2\/pages\/32678\/revisions"}],"predecessor-version":[{"id":40005,"href":"https:\/\/www.casavio.com\/fr\/wp-json\/wp\/v2\/pages\/32678\/revisions\/40005"}],"up":[{"embeddable":true,"href":"https:\/\/www.casavio.com\/fr\/wp-json\/wp\/v2\/pages\/8840"}],"wp:featuredmedia":[{"embeddable":true,"href":"https:\/\/www.casavio.com\/fr\/wp-json\/wp\/v2\/media\/39988"}],"wp:attachment":[{"href":"https:\/\/www.casavio.com\/fr\/wp-json\/wp\/v2\/media?parent=32678"}],"curies":[{"name":"wp","href":"https:\/\/api.w.org\/{rel}","templated":true}]}}