{"id":34941,"date":"2024-07-09T11:37:30","date_gmt":"2024-07-09T09:37:30","guid":{"rendered":"https:\/\/www.casavio.com\/?page_id=34941"},"modified":"2026-04-27T16:26:41","modified_gmt":"2026-04-27T14:26:41","slug":"plan-du-camping","status":"publish","type":"page","link":"https:\/\/www.casavio.com\/fr\/notre-camping\/plan-du-camping\/","title":{"rendered":"Plan du Camping"},"content":{"rendered":"<p>Explorez les espaces du camping, d\u00e9couvrez nos <a href=\"https:\/\/www.casavio.com\/fr\/activites-au-camping\/\">activit\u00e9s<\/a>, nos <a href=\"https:\/\/www.casavio.com\/fr\/camping\/\">logements<\/a>, nos <a href=\"https:\/\/www.casavio.com\/fr\/camping\/emplacements\/\">emplacements<\/a> et nos <a href=\"https:\/\/www.casavio.com\/fr\/services\/\">services<\/a>.<br \/>\n<strong>Cliquez sur les zones color\u00e9es pour d\u00e9couvrir les h\u00e9bergements, sur les ic\u00f4nes pour les principaux services !<\/strong><\/p>\n<p>T\u00e9l\u00e9charger la <a href=\"https:\/\/www.casavio.com\/wp-content\/uploads\/2026\/04\/mappa_2026_CampingCasavio.pdf\" target=\"_blank\" rel=\"noopener\">carte en pdf<\/a>.<\/p>\n","protected":false},"excerpt":{"rendered":"<p>Explorez les espaces du camping, d\u00e9couvrez nos activit\u00e9s, nos logements, nos emplacements et nos services. Cliquez sur les zones color\u00e9es pour d\u00e9couvrir les h\u00e9bergements, sur les ic\u00f4nes pour les principaux services ! T\u00e9l\u00e9charger la carte en pdf.<\/p>\n","protected":false},"author":2,"featured_media":0,"parent":8774,"menu_order":4,"comment_status":"closed","ping_status":"closed","template":"templates\/tpl-map.php","meta":{"_acf_changed":false},"class_list":["post-34941","page","type-page","status-publish","hentry"],"acf":[],"yoast_head":"<!-- This site is optimized with the Yoast SEO plugin v25.3 - https:\/\/yoast.com\/wordpress\/plugins\/seo\/ -->\n<title>Plan du Camping &#8211; Camping Ca&#039; Savio<\/title>\n<meta name=\"description\" content=\"Explore the campsite areas, find out our\u00a0activities, our\u00a0accommodations,\u00a0pitches\u00a0and our\u00a0services.\" \/>\n<meta name=\"robots\" content=\"index, follow, max-snippet:-1, max-image-preview:large, max-video-preview:-1\" \/>\n<link rel=\"canonical\" href=\"https:\/\/www.casavio.com\/fr\/notre-camping\/plan-du-camping\/\" \/>\n<meta property=\"og:locale\" content=\"fr_FR\" \/>\n<meta property=\"og:type\" content=\"article\" \/>\n<meta property=\"og:title\" content=\"Plan du Camping &#8211; Camping Ca&#039; Savio\" \/>\n<meta property=\"og:description\" content=\"Explore the campsite areas, find out our\u00a0activities, our\u00a0accommodations,\u00a0pitches\u00a0and our\u00a0services.\" \/>\n<meta property=\"og:url\" content=\"https:\/\/www.casavio.com\/fr\/notre-camping\/plan-du-camping\/\" \/>\n<meta property=\"og:site_name\" content=\"Camping Ca&#039; Savio\" \/>\n<meta property=\"article:publisher\" content=\"https:\/\/www.facebook.com\/campingcasavio\" \/>\n<meta property=\"article:modified_time\" content=\"2026-04-27T14:26:41+00:00\" \/>\n<meta name=\"twitter:card\" content=\"summary_large_image\" \/>\n<meta name=\"twitter:label1\" content=\"Dur\u00e9e de lecture estim\u00e9e\" \/>\n\t<meta name=\"twitter:data1\" content=\"1 minute\" \/>\n<script type=\"application\/ld+json\" class=\"yoast-schema-graph\">{\"@context\":\"https:\/\/schema.org\",\"@graph\":[{\"@type\":\"WebPage\",\"@id\":\"https:\/\/www.casavio.com\/fr\/notre-camping\/plan-du-camping\/\",\"url\":\"https:\/\/www.casavio.com\/fr\/notre-camping\/plan-du-camping\/\",\"name\":\"Plan du Camping &#8211; Camping Ca&#039; Savio\",\"isPartOf\":{\"@id\":\"https:\/\/www.casavio.com\/fr\/#website\"},\"datePublished\":\"2024-07-09T09:37:30+00:00\",\"dateModified\":\"2026-04-27T14:26:41+00:00\",\"description\":\"Explore the campsite areas, find out our\u00a0activities, our\u00a0accommodations,\u00a0pitches\u00a0and our\u00a0services.\",\"breadcrumb\":{\"@id\":\"https:\/\/www.casavio.com\/fr\/notre-camping\/plan-du-camping\/#breadcrumb\"},\"inLanguage\":\"fr-FR\",\"potentialAction\":[{\"@type\":\"ReadAction\",\"target\":[\"https:\/\/www.casavio.com\/fr\/notre-camping\/plan-du-camping\/\"]}]},{\"@type\":\"BreadcrumbList\",\"@id\":\"https:\/\/www.casavio.com\/fr\/notre-camping\/plan-du-camping\/#breadcrumb\",\"itemListElement\":[{\"@type\":\"ListItem\",\"position\":1,\"name\":\"Home\",\"item\":\"https:\/\/www.casavio.com\/fr\/\"},{\"@type\":\"ListItem\",\"position\":2,\"name\":\"Notre camping\",\"item\":\"https:\/\/www.casavio.com\/fr\/notre-camping\/\"},{\"@type\":\"ListItem\",\"position\":3,\"name\":\"Plan du Camping\"}]},{\"@type\":\"WebSite\",\"@id\":\"https:\/\/www.casavio.com\/fr\/#website\",\"url\":\"https:\/\/www.casavio.com\/fr\/\",\"name\":\"Camping Ca&#039; Savio\",\"description\":\"\",\"publisher\":{\"@id\":\"https:\/\/www.casavio.com\/fr\/#organization\"},\"potentialAction\":[{\"@type\":\"SearchAction\",\"target\":{\"@type\":\"EntryPoint\",\"urlTemplate\":\"https:\/\/www.casavio.com\/fr\/?s={search_term_string}\"},\"query-input\":{\"@type\":\"PropertyValueSpecification\",\"valueRequired\":true,\"valueName\":\"search_term_string\"}}],\"inLanguage\":\"fr-FR\"},{\"@type\":\"Organization\",\"@id\":\"https:\/\/www.casavio.com\/fr\/#organization\",\"name\":\"Camping Ca'Savio\",\"url\":\"https:\/\/www.casavio.com\/fr\/\",\"logo\":{\"@type\":\"ImageObject\",\"inLanguage\":\"fr-FR\",\"@id\":\"https:\/\/www.casavio.com\/fr\/#\/schema\/logo\/image\/\",\"url\":\"https:\/\/www.casavio.com\/wp-content\/uploads\/2024\/04\/favicon.png\",\"contentUrl\":\"https:\/\/www.casavio.com\/wp-content\/uploads\/2024\/04\/favicon.png\",\"width\":144,\"height\":144,\"caption\":\"Camping Ca'Savio\"},\"image\":{\"@id\":\"https:\/\/www.casavio.com\/fr\/#\/schema\/logo\/image\/\"},\"sameAs\":[\"https:\/\/www.facebook.com\/campingcasavio\",\"https:\/\/www.instagram.com\/campingcasavio\",\"https:\/\/www.youtube.com\/user\/campingcasavio\"]}]}<\/script>\n<!-- \/ Yoast SEO plugin. -->","yoast_head_json":{"title":"Plan du Camping &#8211; Camping Ca&#039; Savio","description":"Explore the campsite areas, find out our\u00a0activities, our\u00a0accommodations,\u00a0pitches\u00a0and our\u00a0services.","robots":{"index":"index","follow":"follow","max-snippet":"max-snippet:-1","max-image-preview":"max-image-preview:large","max-video-preview":"max-video-preview:-1"},"canonical":"https:\/\/www.casavio.com\/fr\/notre-camping\/plan-du-camping\/","og_locale":"fr_FR","og_type":"article","og_title":"Plan du Camping &#8211; Camping Ca&#039; Savio","og_description":"Explore the campsite areas, find out our\u00a0activities, our\u00a0accommodations,\u00a0pitches\u00a0and our\u00a0services.","og_url":"https:\/\/www.casavio.com\/fr\/notre-camping\/plan-du-camping\/","og_site_name":"Camping Ca&#039; Savio","article_publisher":"https:\/\/www.facebook.com\/campingcasavio","article_modified_time":"2026-04-27T14:26:41+00:00","twitter_card":"summary_large_image","twitter_misc":{"Dur\u00e9e de lecture estim\u00e9e":"1 minute"},"schema":{"@context":"https:\/\/schema.org","@graph":[{"@type":"WebPage","@id":"https:\/\/www.casavio.com\/fr\/notre-camping\/plan-du-camping\/","url":"https:\/\/www.casavio.com\/fr\/notre-camping\/plan-du-camping\/","name":"Plan du Camping &#8211; Camping Ca&#039; Savio","isPartOf":{"@id":"https:\/\/www.casavio.com\/fr\/#website"},"datePublished":"2024-07-09T09:37:30+00:00","dateModified":"2026-04-27T14:26:41+00:00","description":"Explore the campsite areas, find out our\u00a0activities, our\u00a0accommodations,\u00a0pitches\u00a0and our\u00a0services.","breadcrumb":{"@id":"https:\/\/www.casavio.com\/fr\/notre-camping\/plan-du-camping\/#breadcrumb"},"inLanguage":"fr-FR","potentialAction":[{"@type":"ReadAction","target":["https:\/\/www.casavio.com\/fr\/notre-camping\/plan-du-camping\/"]}]},{"@type":"BreadcrumbList","@id":"https:\/\/www.casavio.com\/fr\/notre-camping\/plan-du-camping\/#breadcrumb","itemListElement":[{"@type":"ListItem","position":1,"name":"Home","item":"https:\/\/www.casavio.com\/fr\/"},{"@type":"ListItem","position":2,"name":"Notre camping","item":"https:\/\/www.casavio.com\/fr\/notre-camping\/"},{"@type":"ListItem","position":3,"name":"Plan du Camping"}]},{"@type":"WebSite","@id":"https:\/\/www.casavio.com\/fr\/#website","url":"https:\/\/www.casavio.com\/fr\/","name":"Camping Ca&#039; Savio","description":"","publisher":{"@id":"https:\/\/www.casavio.com\/fr\/#organization"},"potentialAction":[{"@type":"SearchAction","target":{"@type":"EntryPoint","urlTemplate":"https:\/\/www.casavio.com\/fr\/?s={search_term_string}"},"query-input":{"@type":"PropertyValueSpecification","valueRequired":true,"valueName":"search_term_string"}}],"inLanguage":"fr-FR"},{"@type":"Organization","@id":"https:\/\/www.casavio.com\/fr\/#organization","name":"Camping Ca'Savio","url":"https:\/\/www.casavio.com\/fr\/","logo":{"@type":"ImageObject","inLanguage":"fr-FR","@id":"https:\/\/www.casavio.com\/fr\/#\/schema\/logo\/image\/","url":"https:\/\/www.casavio.com\/wp-content\/uploads\/2024\/04\/favicon.png","contentUrl":"https:\/\/www.casavio.com\/wp-content\/uploads\/2024\/04\/favicon.png","width":144,"height":144,"caption":"Camping Ca'Savio"},"image":{"@id":"https:\/\/www.casavio.com\/fr\/#\/schema\/logo\/image\/"},"sameAs":["https:\/\/www.facebook.com\/campingcasavio","https:\/\/www.instagram.com\/campingcasavio","https:\/\/www.youtube.com\/user\/campingcasavio"]}]}},"_links":{"self":[{"href":"https:\/\/www.casavio.com\/fr\/wp-json\/wp\/v2\/pages\/34941","targetHints":{"allow":["GET"]}}],"collection":[{"href":"https:\/\/www.casavio.com\/fr\/wp-json\/wp\/v2\/pages"}],"about":[{"href":"https:\/\/www.casavio.com\/fr\/wp-json\/wp\/v2\/types\/page"}],"author":[{"embeddable":true,"href":"https:\/\/www.casavio.com\/fr\/wp-json\/wp\/v2\/users\/2"}],"replies":[{"embeddable":true,"href":"https:\/\/www.casavio.com\/fr\/wp-json\/wp\/v2\/comments?post=34941"}],"version-history":[{"count":4,"href":"https:\/\/www.casavio.com\/fr\/wp-json\/wp\/v2\/pages\/34941\/revisions"}],"predecessor-version":[{"id":46661,"href":"https:\/\/www.casavio.com\/fr\/wp-json\/wp\/v2\/pages\/34941\/revisions\/46661"}],"up":[{"embeddable":true,"href":"https:\/\/www.casavio.com\/fr\/wp-json\/wp\/v2\/pages\/8774"}],"wp:attachment":[{"href":"https:\/\/www.casavio.com\/fr\/wp-json\/wp\/v2\/media?parent=34941"}],"curies":[{"name":"wp","href":"https:\/\/api.w.org\/{rel}","templated":true}]}}