{"id":40885,"date":"2025-03-31T16:36:08","date_gmt":"2025-03-31T14:36:08","guid":{"rendered":"https:\/\/www.casavio.com\/?page_id=40885"},"modified":"2026-03-25T11:08:18","modified_gmt":"2026-03-25T10:08:18","slug":"venise-eau-bois-et-pierre","status":"publish","type":"page","link":"https:\/\/www.casavio.com\/fr\/activites-au-camping\/excursions\/venise-eau-bois-et-pierre\/","title":{"rendered":"Venise &#8211; \u00ab Eau, bois et pierre \u00bb"},"content":{"rendered":"","protected":false},"excerpt":{"rendered":"<p>\u00c0 la d\u00e9couverte des 3 \u00e9l\u00e9ments qui ont fa\u00e7onn\u00e9 la ville de Venise.<\/p>\n","protected":false},"author":6,"featured_media":41351,"parent":8978,"menu_order":0,"comment_status":"closed","ping_status":"closed","template":"templates\/tpl-stepping-stones-child.php","meta":{"_acf_changed":false},"class_list":["post-40885","page","type-page","status-publish","has-post-thumbnail","hentry"],"acf":[],"yoast_head":"<!-- This site is optimized with the Yoast SEO plugin v25.3 - https:\/\/yoast.com\/wordpress\/plugins\/seo\/ -->\n<title>Venise - \u00ab Eau, bois et pierre \u00bb &#8211; Camping Ca&#039; Savio<\/title>\n<meta name=\"description\" content=\"En partant de l&#039;observation des \u00e9l\u00e9ments naturels, nous nous lancerons dans un voyage \u00e0 la d\u00e9couverte d&#039;une Venise primitive, fa\u00e7onn\u00e9e par les forces terrestres et l&#039;ing\u00e9niosit\u00e9 humaine.\" \/>\n<meta name=\"robots\" content=\"index, follow, max-snippet:-1, max-image-preview:large, max-video-preview:-1\" \/>\n<link rel=\"canonical\" href=\"https:\/\/www.casavio.com\/fr\/activites-au-camping\/excursions\/venise-eau-bois-et-pierre\/\" \/>\n<meta property=\"og:locale\" content=\"fr_FR\" \/>\n<meta property=\"og:type\" content=\"article\" \/>\n<meta property=\"og:title\" content=\"Venise - \u00ab Eau, bois et pierre \u00bb &#8211; Camping Ca&#039; Savio\" \/>\n<meta property=\"og:description\" content=\"En partant de l&#039;observation des \u00e9l\u00e9ments naturels, nous nous lancerons dans un voyage \u00e0 la d\u00e9couverte d&#039;une Venise primitive, fa\u00e7onn\u00e9e par les forces terrestres et l&#039;ing\u00e9niosit\u00e9 humaine.\" \/>\n<meta property=\"og:url\" content=\"https:\/\/www.casavio.com\/fr\/activites-au-camping\/excursions\/venise-eau-bois-et-pierre\/\" \/>\n<meta property=\"og:site_name\" content=\"Camping Ca&#039; Savio\" \/>\n<meta property=\"article:publisher\" content=\"https:\/\/www.facebook.com\/campingcasavio\" \/>\n<meta property=\"article:modified_time\" content=\"2026-03-25T10:08:18+00:00\" \/>\n<meta property=\"og:image\" content=\"https:\/\/www.casavio.com\/wp-content\/uploads\/2025\/06\/venezia-pietra-legno-acqua_e.jpg\" \/>\n\t<meta property=\"og:image:width\" content=\"440\" \/>\n\t<meta property=\"og:image:height\" content=\"600\" \/>\n\t<meta property=\"og:image:type\" content=\"image\/jpeg\" \/>\n<meta name=\"twitter:card\" content=\"summary_large_image\" \/>\n<meta name=\"twitter:label1\" content=\"Dur\u00e9e de lecture estim\u00e9e\" \/>\n\t<meta name=\"twitter:data1\" content=\"1 minute\" \/>\n<script type=\"application\/ld+json\" class=\"yoast-schema-graph\">{\"@context\":\"https:\/\/schema.org\",\"@graph\":[{\"@type\":\"WebPage\",\"@id\":\"https:\/\/www.casavio.com\/fr\/activites-au-camping\/excursions\/venise-eau-bois-et-pierre\/\",\"url\":\"https:\/\/www.casavio.com\/fr\/activites-au-camping\/excursions\/venise-eau-bois-et-pierre\/\",\"name\":\"Venise - \u00ab Eau, bois et pierre \u00bb &#8211; Camping Ca&#039; Savio\",\"isPartOf\":{\"@id\":\"https:\/\/www.casavio.com\/fr\/#website\"},\"primaryImageOfPage\":{\"@id\":\"https:\/\/www.casavio.com\/fr\/activites-au-camping\/excursions\/venise-eau-bois-et-pierre\/#primaryimage\"},\"image\":{\"@id\":\"https:\/\/www.casavio.com\/fr\/activites-au-camping\/excursions\/venise-eau-bois-et-pierre\/#primaryimage\"},\"thumbnailUrl\":\"https:\/\/www.casavio.com\/wp-content\/uploads\/2025\/06\/venezia-pietra-legno-acqua_e.jpg\",\"datePublished\":\"2025-03-31T14:36:08+00:00\",\"dateModified\":\"2026-03-25T10:08:18+00:00\",\"description\":\"En partant de l'observation des \u00e9l\u00e9ments naturels, nous nous lancerons dans un voyage \u00e0 la d\u00e9couverte d'une Venise primitive, fa\u00e7onn\u00e9e par les forces terrestres et l'ing\u00e9niosit\u00e9 humaine.\",\"breadcrumb\":{\"@id\":\"https:\/\/www.casavio.com\/fr\/activites-au-camping\/excursions\/venise-eau-bois-et-pierre\/#breadcrumb\"},\"inLanguage\":\"fr-FR\",\"potentialAction\":[{\"@type\":\"ReadAction\",\"target\":[\"https:\/\/www.casavio.com\/fr\/activites-au-camping\/excursions\/venise-eau-bois-et-pierre\/\"]}]},{\"@type\":\"ImageObject\",\"inLanguage\":\"fr-FR\",\"@id\":\"https:\/\/www.casavio.com\/fr\/activites-au-camping\/excursions\/venise-eau-bois-et-pierre\/#primaryimage\",\"url\":\"https:\/\/www.casavio.com\/wp-content\/uploads\/2025\/06\/venezia-pietra-legno-acqua_e.jpg\",\"contentUrl\":\"https:\/\/www.casavio.com\/wp-content\/uploads\/2025\/06\/venezia-pietra-legno-acqua_e.jpg\",\"width\":440,\"height\":600},{\"@type\":\"BreadcrumbList\",\"@id\":\"https:\/\/www.casavio.com\/fr\/activites-au-camping\/excursions\/venise-eau-bois-et-pierre\/#breadcrumb\",\"itemListElement\":[{\"@type\":\"ListItem\",\"position\":1,\"name\":\"Home\",\"item\":\"https:\/\/www.casavio.com\/fr\/\"},{\"@type\":\"ListItem\",\"position\":2,\"name\":\"Activit\u00e9s\",\"item\":\"https:\/\/www.casavio.com\/fr\/activites-au-camping\/\"},{\"@type\":\"ListItem\",\"position\":3,\"name\":\"Excursions\",\"item\":\"https:\/\/www.casavio.com\/fr\/activites-au-camping\/excursions\/\"},{\"@type\":\"ListItem\",\"position\":4,\"name\":\"Venise &#8211; \u00ab Eau, bois et pierre \u00bb\"}]},{\"@type\":\"WebSite\",\"@id\":\"https:\/\/www.casavio.com\/fr\/#website\",\"url\":\"https:\/\/www.casavio.com\/fr\/\",\"name\":\"Camping Ca&#039; Savio\",\"description\":\"\",\"publisher\":{\"@id\":\"https:\/\/www.casavio.com\/fr\/#organization\"},\"potentialAction\":[{\"@type\":\"SearchAction\",\"target\":{\"@type\":\"EntryPoint\",\"urlTemplate\":\"https:\/\/www.casavio.com\/fr\/?s={search_term_string}\"},\"query-input\":{\"@type\":\"PropertyValueSpecification\",\"valueRequired\":true,\"valueName\":\"search_term_string\"}}],\"inLanguage\":\"fr-FR\"},{\"@type\":\"Organization\",\"@id\":\"https:\/\/www.casavio.com\/fr\/#organization\",\"name\":\"Camping Ca'Savio\",\"url\":\"https:\/\/www.casavio.com\/fr\/\",\"logo\":{\"@type\":\"ImageObject\",\"inLanguage\":\"fr-FR\",\"@id\":\"https:\/\/www.casavio.com\/fr\/#\/schema\/logo\/image\/\",\"url\":\"https:\/\/www.casavio.com\/wp-content\/uploads\/2024\/04\/favicon.png\",\"contentUrl\":\"https:\/\/www.casavio.com\/wp-content\/uploads\/2024\/04\/favicon.png\",\"width\":144,\"height\":144,\"caption\":\"Camping Ca'Savio\"},\"image\":{\"@id\":\"https:\/\/www.casavio.com\/fr\/#\/schema\/logo\/image\/\"},\"sameAs\":[\"https:\/\/www.facebook.com\/campingcasavio\",\"https:\/\/www.instagram.com\/campingcasavio\",\"https:\/\/www.youtube.com\/user\/campingcasavio\"]}]}<\/script>\n<!-- \/ Yoast SEO plugin. -->","yoast_head_json":{"title":"Venise - \u00ab Eau, bois et pierre \u00bb &#8211; Camping Ca&#039; Savio","description":"En partant de l'observation des \u00e9l\u00e9ments naturels, nous nous lancerons dans un voyage \u00e0 la d\u00e9couverte d'une Venise primitive, fa\u00e7onn\u00e9e par les forces terrestres et l'ing\u00e9niosit\u00e9 humaine.","robots":{"index":"index","follow":"follow","max-snippet":"max-snippet:-1","max-image-preview":"max-image-preview:large","max-video-preview":"max-video-preview:-1"},"canonical":"https:\/\/www.casavio.com\/fr\/activites-au-camping\/excursions\/venise-eau-bois-et-pierre\/","og_locale":"fr_FR","og_type":"article","og_title":"Venise - \u00ab Eau, bois et pierre \u00bb &#8211; Camping Ca&#039; Savio","og_description":"En partant de l'observation des \u00e9l\u00e9ments naturels, nous nous lancerons dans un voyage \u00e0 la d\u00e9couverte d'une Venise primitive, fa\u00e7onn\u00e9e par les forces terrestres et l'ing\u00e9niosit\u00e9 humaine.","og_url":"https:\/\/www.casavio.com\/fr\/activites-au-camping\/excursions\/venise-eau-bois-et-pierre\/","og_site_name":"Camping Ca&#039; Savio","article_publisher":"https:\/\/www.facebook.com\/campingcasavio","article_modified_time":"2026-03-25T10:08:18+00:00","og_image":[{"width":440,"height":600,"url":"https:\/\/www.casavio.com\/wp-content\/uploads\/2025\/06\/venezia-pietra-legno-acqua_e.jpg","type":"image\/jpeg"}],"twitter_card":"summary_large_image","twitter_misc":{"Dur\u00e9e de lecture estim\u00e9e":"1 minute"},"schema":{"@context":"https:\/\/schema.org","@graph":[{"@type":"WebPage","@id":"https:\/\/www.casavio.com\/fr\/activites-au-camping\/excursions\/venise-eau-bois-et-pierre\/","url":"https:\/\/www.casavio.com\/fr\/activites-au-camping\/excursions\/venise-eau-bois-et-pierre\/","name":"Venise - \u00ab Eau, bois et pierre \u00bb &#8211; Camping Ca&#039; Savio","isPartOf":{"@id":"https:\/\/www.casavio.com\/fr\/#website"},"primaryImageOfPage":{"@id":"https:\/\/www.casavio.com\/fr\/activites-au-camping\/excursions\/venise-eau-bois-et-pierre\/#primaryimage"},"image":{"@id":"https:\/\/www.casavio.com\/fr\/activites-au-camping\/excursions\/venise-eau-bois-et-pierre\/#primaryimage"},"thumbnailUrl":"https:\/\/www.casavio.com\/wp-content\/uploads\/2025\/06\/venezia-pietra-legno-acqua_e.jpg","datePublished":"2025-03-31T14:36:08+00:00","dateModified":"2026-03-25T10:08:18+00:00","description":"En partant de l'observation des \u00e9l\u00e9ments naturels, nous nous lancerons dans un voyage \u00e0 la d\u00e9couverte d'une Venise primitive, fa\u00e7onn\u00e9e par les forces terrestres et l'ing\u00e9niosit\u00e9 humaine.","breadcrumb":{"@id":"https:\/\/www.casavio.com\/fr\/activites-au-camping\/excursions\/venise-eau-bois-et-pierre\/#breadcrumb"},"inLanguage":"fr-FR","potentialAction":[{"@type":"ReadAction","target":["https:\/\/www.casavio.com\/fr\/activites-au-camping\/excursions\/venise-eau-bois-et-pierre\/"]}]},{"@type":"ImageObject","inLanguage":"fr-FR","@id":"https:\/\/www.casavio.com\/fr\/activites-au-camping\/excursions\/venise-eau-bois-et-pierre\/#primaryimage","url":"https:\/\/www.casavio.com\/wp-content\/uploads\/2025\/06\/venezia-pietra-legno-acqua_e.jpg","contentUrl":"https:\/\/www.casavio.com\/wp-content\/uploads\/2025\/06\/venezia-pietra-legno-acqua_e.jpg","width":440,"height":600},{"@type":"BreadcrumbList","@id":"https:\/\/www.casavio.com\/fr\/activites-au-camping\/excursions\/venise-eau-bois-et-pierre\/#breadcrumb","itemListElement":[{"@type":"ListItem","position":1,"name":"Home","item":"https:\/\/www.casavio.com\/fr\/"},{"@type":"ListItem","position":2,"name":"Activit\u00e9s","item":"https:\/\/www.casavio.com\/fr\/activites-au-camping\/"},{"@type":"ListItem","position":3,"name":"Excursions","item":"https:\/\/www.casavio.com\/fr\/activites-au-camping\/excursions\/"},{"@type":"ListItem","position":4,"name":"Venise &#8211; \u00ab Eau, bois et pierre \u00bb"}]},{"@type":"WebSite","@id":"https:\/\/www.casavio.com\/fr\/#website","url":"https:\/\/www.casavio.com\/fr\/","name":"Camping Ca&#039; Savio","description":"","publisher":{"@id":"https:\/\/www.casavio.com\/fr\/#organization"},"potentialAction":[{"@type":"SearchAction","target":{"@type":"EntryPoint","urlTemplate":"https:\/\/www.casavio.com\/fr\/?s={search_term_string}"},"query-input":{"@type":"PropertyValueSpecification","valueRequired":true,"valueName":"search_term_string"}}],"inLanguage":"fr-FR"},{"@type":"Organization","@id":"https:\/\/www.casavio.com\/fr\/#organization","name":"Camping Ca'Savio","url":"https:\/\/www.casavio.com\/fr\/","logo":{"@type":"ImageObject","inLanguage":"fr-FR","@id":"https:\/\/www.casavio.com\/fr\/#\/schema\/logo\/image\/","url":"https:\/\/www.casavio.com\/wp-content\/uploads\/2024\/04\/favicon.png","contentUrl":"https:\/\/www.casavio.com\/wp-content\/uploads\/2024\/04\/favicon.png","width":144,"height":144,"caption":"Camping Ca'Savio"},"image":{"@id":"https:\/\/www.casavio.com\/fr\/#\/schema\/logo\/image\/"},"sameAs":["https:\/\/www.facebook.com\/campingcasavio","https:\/\/www.instagram.com\/campingcasavio","https:\/\/www.youtube.com\/user\/campingcasavio"]}]}},"_links":{"self":[{"href":"https:\/\/www.casavio.com\/fr\/wp-json\/wp\/v2\/pages\/40885","targetHints":{"allow":["GET"]}}],"collection":[{"href":"https:\/\/www.casavio.com\/fr\/wp-json\/wp\/v2\/pages"}],"about":[{"href":"https:\/\/www.casavio.com\/fr\/wp-json\/wp\/v2\/types\/page"}],"author":[{"embeddable":true,"href":"https:\/\/www.casavio.com\/fr\/wp-json\/wp\/v2\/users\/6"}],"replies":[{"embeddable":true,"href":"https:\/\/www.casavio.com\/fr\/wp-json\/wp\/v2\/comments?post=40885"}],"version-history":[{"count":2,"href":"https:\/\/www.casavio.com\/fr\/wp-json\/wp\/v2\/pages\/40885\/revisions"}],"predecessor-version":[{"id":46226,"href":"https:\/\/www.casavio.com\/fr\/wp-json\/wp\/v2\/pages\/40885\/revisions\/46226"}],"up":[{"embeddable":true,"href":"https:\/\/www.casavio.com\/fr\/wp-json\/wp\/v2\/pages\/8978"}],"wp:featuredmedia":[{"embeddable":true,"href":"https:\/\/www.casavio.com\/fr\/wp-json\/wp\/v2\/media\/41351"}],"wp:attachment":[{"href":"https:\/\/www.casavio.com\/fr\/wp-json\/wp\/v2\/media?parent=40885"}],"curies":[{"name":"wp","href":"https:\/\/api.w.org\/{rel}","templated":true}]}}