{"id":41826,"date":"2025-03-31T16:36:08","date_gmt":"2025-03-31T14:36:08","guid":{"rendered":"https:\/\/www.casavio.com\/?page_id=41826"},"modified":"2026-02-10T14:36:10","modified_gmt":"2026-02-10T13:36:10","slug":"ile-de-s-erasmo-les-saveurs-de-la-lagune-de-venise","status":"publish","type":"page","link":"https:\/\/www.casavio.com\/fr\/activites-au-camping\/excursions\/ile-de-s-erasmo-les-saveurs-de-la-lagune-de-venise\/","title":{"rendered":"\u00cele de S. Erasmo : les saveurs de la lagune de Venise"},"content":{"rendered":"","protected":false},"excerpt":{"rendered":"<p>En v\u00e9lo, pour une exp\u00e9rience gastronomique authentique<\/p>\n","protected":false},"author":6,"featured_media":42384,"parent":8978,"menu_order":0,"comment_status":"closed","ping_status":"closed","template":"templates\/tpl-stepping-stones-child.php","meta":{"_acf_changed":false},"class_list":["post-41826","page","type-page","status-publish","has-post-thumbnail","hentry"],"acf":[],"yoast_head":"<!-- This site is optimized with the Yoast SEO plugin v25.3 - https:\/\/yoast.com\/wordpress\/plugins\/seo\/ -->\n<title>\u00cele de S. Erasmo : les saveurs de la lagune de Venise &#8211; Camping Ca&#039; Savio<\/title>\n<meta name=\"description\" content=\"\u00c0 S. Erasmo, vous rencontrerez Silvia, fondatrice d&#039;Experientia, qui vous invitera \u00e0 savourer l&#039;essence de ce lieu gr\u00e2ce \u00e0 son menu d\u00e9gustation pr\u00e9par\u00e9 avec des ingr\u00e9dients saisonniers et biologiques provenant des agriculteurs de l&#039;\u00eele.\" \/>\n<meta name=\"robots\" content=\"index, follow, max-snippet:-1, max-image-preview:large, max-video-preview:-1\" \/>\n<link rel=\"canonical\" href=\"https:\/\/www.casavio.com\/fr\/activites-au-camping\/excursions\/ile-de-s-erasmo-les-saveurs-de-la-lagune-de-venise\/\" \/>\n<meta property=\"og:locale\" content=\"fr_FR\" \/>\n<meta property=\"og:type\" content=\"article\" \/>\n<meta property=\"og:title\" content=\"\u00cele de S. Erasmo : les saveurs de la lagune de Venise &#8211; Camping Ca&#039; Savio\" \/>\n<meta property=\"og:description\" content=\"\u00c0 S. Erasmo, vous rencontrerez Silvia, fondatrice d&#039;Experientia, qui vous invitera \u00e0 savourer l&#039;essence de ce lieu gr\u00e2ce \u00e0 son menu d\u00e9gustation pr\u00e9par\u00e9 avec des ingr\u00e9dients saisonniers et biologiques provenant des agriculteurs de l&#039;\u00eele.\" \/>\n<meta property=\"og:url\" content=\"https:\/\/www.casavio.com\/fr\/activites-au-camping\/excursions\/ile-de-s-erasmo-les-saveurs-de-la-lagune-de-venise\/\" \/>\n<meta property=\"og:site_name\" content=\"Camping Ca&#039; Savio\" \/>\n<meta property=\"article:publisher\" content=\"https:\/\/www.facebook.com\/campingcasavio\" \/>\n<meta property=\"article:modified_time\" content=\"2026-02-10T13:36:10+00:00\" \/>\n<meta property=\"og:image\" content=\"https:\/\/www.casavio.com\/wp-content\/uploads\/2025\/08\/sant-erasmo-esperienza.jpg\" \/>\n\t<meta property=\"og:image:width\" content=\"440\" \/>\n\t<meta property=\"og:image:height\" content=\"600\" \/>\n\t<meta property=\"og:image:type\" content=\"image\/jpeg\" \/>\n<meta name=\"twitter:card\" content=\"summary_large_image\" \/>\n<meta name=\"twitter:label1\" content=\"Dur\u00e9e de lecture estim\u00e9e\" \/>\n\t<meta name=\"twitter:data1\" content=\"1 minute\" \/>\n<script type=\"application\/ld+json\" class=\"yoast-schema-graph\">{\"@context\":\"https:\/\/schema.org\",\"@graph\":[{\"@type\":\"WebPage\",\"@id\":\"https:\/\/www.casavio.com\/fr\/activites-au-camping\/excursions\/ile-de-s-erasmo-les-saveurs-de-la-lagune-de-venise\/\",\"url\":\"https:\/\/www.casavio.com\/fr\/activites-au-camping\/excursions\/ile-de-s-erasmo-les-saveurs-de-la-lagune-de-venise\/\",\"name\":\"\u00cele de S. Erasmo : les saveurs de la lagune de Venise &#8211; Camping Ca&#039; Savio\",\"isPartOf\":{\"@id\":\"https:\/\/www.casavio.com\/fr\/#website\"},\"primaryImageOfPage\":{\"@id\":\"https:\/\/www.casavio.com\/fr\/activites-au-camping\/excursions\/ile-de-s-erasmo-les-saveurs-de-la-lagune-de-venise\/#primaryimage\"},\"image\":{\"@id\":\"https:\/\/www.casavio.com\/fr\/activites-au-camping\/excursions\/ile-de-s-erasmo-les-saveurs-de-la-lagune-de-venise\/#primaryimage\"},\"thumbnailUrl\":\"https:\/\/www.casavio.com\/wp-content\/uploads\/2025\/08\/sant-erasmo-esperienza.jpg\",\"datePublished\":\"2025-03-31T14:36:08+00:00\",\"dateModified\":\"2026-02-10T13:36:10+00:00\",\"description\":\"\u00c0 S. Erasmo, vous rencontrerez Silvia, fondatrice d'Experientia, qui vous invitera \u00e0 savourer l'essence de ce lieu gr\u00e2ce \u00e0 son menu d\u00e9gustation pr\u00e9par\u00e9 avec des ingr\u00e9dients saisonniers et biologiques provenant des agriculteurs de l'\u00eele.\",\"breadcrumb\":{\"@id\":\"https:\/\/www.casavio.com\/fr\/activites-au-camping\/excursions\/ile-de-s-erasmo-les-saveurs-de-la-lagune-de-venise\/#breadcrumb\"},\"inLanguage\":\"fr-FR\",\"potentialAction\":[{\"@type\":\"ReadAction\",\"target\":[\"https:\/\/www.casavio.com\/fr\/activites-au-camping\/excursions\/ile-de-s-erasmo-les-saveurs-de-la-lagune-de-venise\/\"]}]},{\"@type\":\"ImageObject\",\"inLanguage\":\"fr-FR\",\"@id\":\"https:\/\/www.casavio.com\/fr\/activites-au-camping\/excursions\/ile-de-s-erasmo-les-saveurs-de-la-lagune-de-venise\/#primaryimage\",\"url\":\"https:\/\/www.casavio.com\/wp-content\/uploads\/2025\/08\/sant-erasmo-esperienza.jpg\",\"contentUrl\":\"https:\/\/www.casavio.com\/wp-content\/uploads\/2025\/08\/sant-erasmo-esperienza.jpg\",\"width\":440,\"height\":600},{\"@type\":\"BreadcrumbList\",\"@id\":\"https:\/\/www.casavio.com\/fr\/activites-au-camping\/excursions\/ile-de-s-erasmo-les-saveurs-de-la-lagune-de-venise\/#breadcrumb\",\"itemListElement\":[{\"@type\":\"ListItem\",\"position\":1,\"name\":\"Home\",\"item\":\"https:\/\/www.casavio.com\/fr\/\"},{\"@type\":\"ListItem\",\"position\":2,\"name\":\"Activit\u00e9s\",\"item\":\"https:\/\/www.casavio.com\/fr\/activites-au-camping\/\"},{\"@type\":\"ListItem\",\"position\":3,\"name\":\"Excursions\",\"item\":\"https:\/\/www.casavio.com\/fr\/activites-au-camping\/excursions\/\"},{\"@type\":\"ListItem\",\"position\":4,\"name\":\"\u00cele de S. Erasmo : les saveurs de la lagune de Venise\"}]},{\"@type\":\"WebSite\",\"@id\":\"https:\/\/www.casavio.com\/fr\/#website\",\"url\":\"https:\/\/www.casavio.com\/fr\/\",\"name\":\"Camping Ca&#039; Savio\",\"description\":\"\",\"publisher\":{\"@id\":\"https:\/\/www.casavio.com\/fr\/#organization\"},\"potentialAction\":[{\"@type\":\"SearchAction\",\"target\":{\"@type\":\"EntryPoint\",\"urlTemplate\":\"https:\/\/www.casavio.com\/fr\/?s={search_term_string}\"},\"query-input\":{\"@type\":\"PropertyValueSpecification\",\"valueRequired\":true,\"valueName\":\"search_term_string\"}}],\"inLanguage\":\"fr-FR\"},{\"@type\":\"Organization\",\"@id\":\"https:\/\/www.casavio.com\/fr\/#organization\",\"name\":\"Camping Ca'Savio\",\"url\":\"https:\/\/www.casavio.com\/fr\/\",\"logo\":{\"@type\":\"ImageObject\",\"inLanguage\":\"fr-FR\",\"@id\":\"https:\/\/www.casavio.com\/fr\/#\/schema\/logo\/image\/\",\"url\":\"https:\/\/www.casavio.com\/wp-content\/uploads\/2024\/04\/favicon.png\",\"contentUrl\":\"https:\/\/www.casavio.com\/wp-content\/uploads\/2024\/04\/favicon.png\",\"width\":144,\"height\":144,\"caption\":\"Camping Ca'Savio\"},\"image\":{\"@id\":\"https:\/\/www.casavio.com\/fr\/#\/schema\/logo\/image\/\"},\"sameAs\":[\"https:\/\/www.facebook.com\/campingcasavio\",\"https:\/\/www.instagram.com\/campingcasavio\",\"https:\/\/www.youtube.com\/user\/campingcasavio\"]}]}<\/script>\n<!-- \/ Yoast SEO plugin. -->","yoast_head_json":{"title":"\u00cele de S. Erasmo : les saveurs de la lagune de Venise &#8211; Camping Ca&#039; Savio","description":"\u00c0 S. Erasmo, vous rencontrerez Silvia, fondatrice d'Experientia, qui vous invitera \u00e0 savourer l'essence de ce lieu gr\u00e2ce \u00e0 son menu d\u00e9gustation pr\u00e9par\u00e9 avec des ingr\u00e9dients saisonniers et biologiques provenant des agriculteurs de l'\u00eele.","robots":{"index":"index","follow":"follow","max-snippet":"max-snippet:-1","max-image-preview":"max-image-preview:large","max-video-preview":"max-video-preview:-1"},"canonical":"https:\/\/www.casavio.com\/fr\/activites-au-camping\/excursions\/ile-de-s-erasmo-les-saveurs-de-la-lagune-de-venise\/","og_locale":"fr_FR","og_type":"article","og_title":"\u00cele de S. Erasmo : les saveurs de la lagune de Venise &#8211; Camping Ca&#039; Savio","og_description":"\u00c0 S. Erasmo, vous rencontrerez Silvia, fondatrice d'Experientia, qui vous invitera \u00e0 savourer l'essence de ce lieu gr\u00e2ce \u00e0 son menu d\u00e9gustation pr\u00e9par\u00e9 avec des ingr\u00e9dients saisonniers et biologiques provenant des agriculteurs de l'\u00eele.","og_url":"https:\/\/www.casavio.com\/fr\/activites-au-camping\/excursions\/ile-de-s-erasmo-les-saveurs-de-la-lagune-de-venise\/","og_site_name":"Camping Ca&#039; Savio","article_publisher":"https:\/\/www.facebook.com\/campingcasavio","article_modified_time":"2026-02-10T13:36:10+00:00","og_image":[{"width":440,"height":600,"url":"https:\/\/www.casavio.com\/wp-content\/uploads\/2025\/08\/sant-erasmo-esperienza.jpg","type":"image\/jpeg"}],"twitter_card":"summary_large_image","twitter_misc":{"Dur\u00e9e de lecture estim\u00e9e":"1 minute"},"schema":{"@context":"https:\/\/schema.org","@graph":[{"@type":"WebPage","@id":"https:\/\/www.casavio.com\/fr\/activites-au-camping\/excursions\/ile-de-s-erasmo-les-saveurs-de-la-lagune-de-venise\/","url":"https:\/\/www.casavio.com\/fr\/activites-au-camping\/excursions\/ile-de-s-erasmo-les-saveurs-de-la-lagune-de-venise\/","name":"\u00cele de S. Erasmo : les saveurs de la lagune de Venise &#8211; Camping Ca&#039; Savio","isPartOf":{"@id":"https:\/\/www.casavio.com\/fr\/#website"},"primaryImageOfPage":{"@id":"https:\/\/www.casavio.com\/fr\/activites-au-camping\/excursions\/ile-de-s-erasmo-les-saveurs-de-la-lagune-de-venise\/#primaryimage"},"image":{"@id":"https:\/\/www.casavio.com\/fr\/activites-au-camping\/excursions\/ile-de-s-erasmo-les-saveurs-de-la-lagune-de-venise\/#primaryimage"},"thumbnailUrl":"https:\/\/www.casavio.com\/wp-content\/uploads\/2025\/08\/sant-erasmo-esperienza.jpg","datePublished":"2025-03-31T14:36:08+00:00","dateModified":"2026-02-10T13:36:10+00:00","description":"\u00c0 S. Erasmo, vous rencontrerez Silvia, fondatrice d'Experientia, qui vous invitera \u00e0 savourer l'essence de ce lieu gr\u00e2ce \u00e0 son menu d\u00e9gustation pr\u00e9par\u00e9 avec des ingr\u00e9dients saisonniers et biologiques provenant des agriculteurs de l'\u00eele.","breadcrumb":{"@id":"https:\/\/www.casavio.com\/fr\/activites-au-camping\/excursions\/ile-de-s-erasmo-les-saveurs-de-la-lagune-de-venise\/#breadcrumb"},"inLanguage":"fr-FR","potentialAction":[{"@type":"ReadAction","target":["https:\/\/www.casavio.com\/fr\/activites-au-camping\/excursions\/ile-de-s-erasmo-les-saveurs-de-la-lagune-de-venise\/"]}]},{"@type":"ImageObject","inLanguage":"fr-FR","@id":"https:\/\/www.casavio.com\/fr\/activites-au-camping\/excursions\/ile-de-s-erasmo-les-saveurs-de-la-lagune-de-venise\/#primaryimage","url":"https:\/\/www.casavio.com\/wp-content\/uploads\/2025\/08\/sant-erasmo-esperienza.jpg","contentUrl":"https:\/\/www.casavio.com\/wp-content\/uploads\/2025\/08\/sant-erasmo-esperienza.jpg","width":440,"height":600},{"@type":"BreadcrumbList","@id":"https:\/\/www.casavio.com\/fr\/activites-au-camping\/excursions\/ile-de-s-erasmo-les-saveurs-de-la-lagune-de-venise\/#breadcrumb","itemListElement":[{"@type":"ListItem","position":1,"name":"Home","item":"https:\/\/www.casavio.com\/fr\/"},{"@type":"ListItem","position":2,"name":"Activit\u00e9s","item":"https:\/\/www.casavio.com\/fr\/activites-au-camping\/"},{"@type":"ListItem","position":3,"name":"Excursions","item":"https:\/\/www.casavio.com\/fr\/activites-au-camping\/excursions\/"},{"@type":"ListItem","position":4,"name":"\u00cele de S. Erasmo : les saveurs de la lagune de Venise"}]},{"@type":"WebSite","@id":"https:\/\/www.casavio.com\/fr\/#website","url":"https:\/\/www.casavio.com\/fr\/","name":"Camping Ca&#039; Savio","description":"","publisher":{"@id":"https:\/\/www.casavio.com\/fr\/#organization"},"potentialAction":[{"@type":"SearchAction","target":{"@type":"EntryPoint","urlTemplate":"https:\/\/www.casavio.com\/fr\/?s={search_term_string}"},"query-input":{"@type":"PropertyValueSpecification","valueRequired":true,"valueName":"search_term_string"}}],"inLanguage":"fr-FR"},{"@type":"Organization","@id":"https:\/\/www.casavio.com\/fr\/#organization","name":"Camping Ca'Savio","url":"https:\/\/www.casavio.com\/fr\/","logo":{"@type":"ImageObject","inLanguage":"fr-FR","@id":"https:\/\/www.casavio.com\/fr\/#\/schema\/logo\/image\/","url":"https:\/\/www.casavio.com\/wp-content\/uploads\/2024\/04\/favicon.png","contentUrl":"https:\/\/www.casavio.com\/wp-content\/uploads\/2024\/04\/favicon.png","width":144,"height":144,"caption":"Camping Ca'Savio"},"image":{"@id":"https:\/\/www.casavio.com\/fr\/#\/schema\/logo\/image\/"},"sameAs":["https:\/\/www.facebook.com\/campingcasavio","https:\/\/www.instagram.com\/campingcasavio","https:\/\/www.youtube.com\/user\/campingcasavio"]}]}},"_links":{"self":[{"href":"https:\/\/www.casavio.com\/fr\/wp-json\/wp\/v2\/pages\/41826","targetHints":{"allow":["GET"]}}],"collection":[{"href":"https:\/\/www.casavio.com\/fr\/wp-json\/wp\/v2\/pages"}],"about":[{"href":"https:\/\/www.casavio.com\/fr\/wp-json\/wp\/v2\/types\/page"}],"author":[{"embeddable":true,"href":"https:\/\/www.casavio.com\/fr\/wp-json\/wp\/v2\/users\/6"}],"replies":[{"embeddable":true,"href":"https:\/\/www.casavio.com\/fr\/wp-json\/wp\/v2\/comments?post=41826"}],"version-history":[{"count":1,"href":"https:\/\/www.casavio.com\/fr\/wp-json\/wp\/v2\/pages\/41826\/revisions"}],"predecessor-version":[{"id":45970,"href":"https:\/\/www.casavio.com\/fr\/wp-json\/wp\/v2\/pages\/41826\/revisions\/45970"}],"up":[{"embeddable":true,"href":"https:\/\/www.casavio.com\/fr\/wp-json\/wp\/v2\/pages\/8978"}],"wp:featuredmedia":[{"embeddable":true,"href":"https:\/\/www.casavio.com\/fr\/wp-json\/wp\/v2\/media\/42384"}],"wp:attachment":[{"href":"https:\/\/www.casavio.com\/fr\/wp-json\/wp\/v2\/media?parent=41826"}],"curies":[{"name":"wp","href":"https:\/\/api.w.org\/{rel}","templated":true}]}}