{"id":8774,"date":"2019-10-11T11:59:34","date_gmt":"2019-10-11T09:59:34","guid":{"rendered":"https:\/\/www.casavio.com\/il-nostro-campeggio\/"},"modified":"2025-09-16T09:42:17","modified_gmt":"2025-09-16T07:42:17","slug":"notre-camping","status":"publish","type":"page","link":"https:\/\/www.casavio.com\/fr\/notre-camping\/","title":{"rendered":"Notre camping"},"content":{"rendered":"<p>Notre camping est un espace pour se reconnecter avec soit m\u00eame et retrouver un sens au temps. C\u2019est exactement pour \u00e7a que le Camping Ca\u2019Savio repr\u00e9sente quelque chose de sp\u00e9cial pour chacun d\u2019entre vous.<br \/>\nC\u2019est le lieu o\u00f9 vous \u00eates libres d\u2019\u00eatre vous-m\u00eame et de passer quand vous voulez des vacances dynamiques sur la plage aux moments de r\u00e9flexions ou de tranquillit\u00e9 au contact avec la nature.<\/p>\n","protected":false},"excerpt":{"rendered":"<p>Notre camping est un espace pour se reconnecter avec soit m\u00eame et retrouver un sens au temps. C\u2019est exactement pour \u00e7a que le Camping Ca\u2019Savio repr\u00e9sente quelque chose de sp\u00e9cial pour chacun d\u2019entre vous. C\u2019est le lieu o\u00f9 vous \u00eates libres d\u2019\u00eatre vous-m\u00eame et de passer quand vous voulez des vacances dynamiques sur la plage [&hellip;]<\/p>\n","protected":false},"author":2,"featured_media":0,"parent":0,"menu_order":1,"comment_status":"closed","ping_status":"closed","template":"templates\/tpl-dynamic-layout.php","meta":{"_acf_changed":false},"class_list":["post-8774","page","type-page","status-publish","hentry"],"acf":[],"yoast_head":"<!-- This site is optimized with the Yoast SEO plugin v25.3 - https:\/\/yoast.com\/wordpress\/plugins\/seo\/ -->\n<title>Notre camping. Notre philosophie et notre histoire &#8211; Camping Ca&#039; Savio<\/title>\n<meta name=\"description\" content=\"Le Camping Ca&#039;Savio \u00e0 Cavallino Treporti est l&#039;environnement id\u00e9al pour les familles gr\u00e2ce aux grandes aires de jeux et aux jeunes pour le divertissement et de nombreux services. D\u00e9couvrez les d\u00e9tails.\" \/>\n<meta name=\"robots\" content=\"index, follow, max-snippet:-1, max-image-preview:large, max-video-preview:-1\" \/>\n<link rel=\"canonical\" href=\"https:\/\/www.casavio.com\/fr\/notre-camping\/\" \/>\n<meta property=\"og:locale\" content=\"fr_FR\" \/>\n<meta property=\"og:type\" content=\"article\" \/>\n<meta property=\"og:title\" content=\"Notre camping. Notre philosophie et notre histoire &#8211; Camping Ca&#039; Savio\" \/>\n<meta property=\"og:description\" content=\"Le Camping Ca&#039;Savio \u00e0 Cavallino Treporti est l&#039;environnement id\u00e9al pour les familles gr\u00e2ce aux grandes aires de jeux et aux jeunes pour le divertissement et de nombreux services. D\u00e9couvrez les d\u00e9tails.\" \/>\n<meta property=\"og:url\" content=\"https:\/\/www.casavio.com\/fr\/notre-camping\/\" \/>\n<meta property=\"og:site_name\" content=\"Camping Ca&#039; Savio\" \/>\n<meta property=\"article:publisher\" content=\"https:\/\/www.facebook.com\/campingcasavio\" \/>\n<meta property=\"article:modified_time\" content=\"2025-09-16T07:42:17+00:00\" \/>\n<meta property=\"og:image\" content=\"https:\/\/www.casavio.com\/wp-content\/uploads\/2019\/11\/ca-savio-nostro-campeggio-header.jpg\" \/>\n\t<meta property=\"og:image:width\" content=\"1440\" \/>\n\t<meta property=\"og:image:height\" content=\"500\" \/>\n\t<meta property=\"og:image:type\" content=\"image\/jpeg\" \/>\n<meta name=\"twitter:card\" content=\"summary_large_image\" \/>\n<meta name=\"twitter:label1\" content=\"Dur\u00e9e de lecture estim\u00e9e\" \/>\n\t<meta name=\"twitter:data1\" content=\"1 minute\" \/>\n<script type=\"application\/ld+json\" class=\"yoast-schema-graph\">{\"@context\":\"https:\/\/schema.org\",\"@graph\":[{\"@type\":\"WebPage\",\"@id\":\"https:\/\/www.casavio.com\/fr\/notre-camping\/\",\"url\":\"https:\/\/www.casavio.com\/fr\/notre-camping\/\",\"name\":\"Notre camping. Notre philosophie et notre histoire &#8211; Camping Ca&#039; Savio\",\"isPartOf\":{\"@id\":\"https:\/\/www.casavio.com\/fr\/#website\"},\"datePublished\":\"2019-10-11T09:59:34+00:00\",\"dateModified\":\"2025-09-16T07:42:17+00:00\",\"description\":\"Le Camping Ca'Savio \u00e0 Cavallino Treporti est l'environnement id\u00e9al pour les familles gr\u00e2ce aux grandes aires de jeux et aux jeunes pour le divertissement et de nombreux services. D\u00e9couvrez les d\u00e9tails.\",\"breadcrumb\":{\"@id\":\"https:\/\/www.casavio.com\/fr\/notre-camping\/#breadcrumb\"},\"inLanguage\":\"fr-FR\",\"potentialAction\":[{\"@type\":\"ReadAction\",\"target\":[\"https:\/\/www.casavio.com\/fr\/notre-camping\/\"]}]},{\"@type\":\"BreadcrumbList\",\"@id\":\"https:\/\/www.casavio.com\/fr\/notre-camping\/#breadcrumb\",\"itemListElement\":[{\"@type\":\"ListItem\",\"position\":1,\"name\":\"Home\",\"item\":\"https:\/\/www.casavio.com\/fr\/\"},{\"@type\":\"ListItem\",\"position\":2,\"name\":\"Notre camping\"}]},{\"@type\":\"WebSite\",\"@id\":\"https:\/\/www.casavio.com\/fr\/#website\",\"url\":\"https:\/\/www.casavio.com\/fr\/\",\"name\":\"Camping Ca&#039; Savio\",\"description\":\"\",\"publisher\":{\"@id\":\"https:\/\/www.casavio.com\/fr\/#organization\"},\"potentialAction\":[{\"@type\":\"SearchAction\",\"target\":{\"@type\":\"EntryPoint\",\"urlTemplate\":\"https:\/\/www.casavio.com\/fr\/?s={search_term_string}\"},\"query-input\":{\"@type\":\"PropertyValueSpecification\",\"valueRequired\":true,\"valueName\":\"search_term_string\"}}],\"inLanguage\":\"fr-FR\"},{\"@type\":\"Organization\",\"@id\":\"https:\/\/www.casavio.com\/fr\/#organization\",\"name\":\"Camping Ca'Savio\",\"url\":\"https:\/\/www.casavio.com\/fr\/\",\"logo\":{\"@type\":\"ImageObject\",\"inLanguage\":\"fr-FR\",\"@id\":\"https:\/\/www.casavio.com\/fr\/#\/schema\/logo\/image\/\",\"url\":\"https:\/\/www.casavio.com\/wp-content\/uploads\/2024\/04\/favicon.png\",\"contentUrl\":\"https:\/\/www.casavio.com\/wp-content\/uploads\/2024\/04\/favicon.png\",\"width\":144,\"height\":144,\"caption\":\"Camping Ca'Savio\"},\"image\":{\"@id\":\"https:\/\/www.casavio.com\/fr\/#\/schema\/logo\/image\/\"},\"sameAs\":[\"https:\/\/www.facebook.com\/campingcasavio\",\"https:\/\/www.instagram.com\/campingcasavio\",\"https:\/\/www.youtube.com\/user\/campingcasavio\"]}]}<\/script>\n<!-- \/ Yoast SEO plugin. -->","yoast_head_json":{"title":"Notre camping. Notre philosophie et notre histoire &#8211; Camping Ca&#039; Savio","description":"Le Camping Ca'Savio \u00e0 Cavallino Treporti est l'environnement id\u00e9al pour les familles gr\u00e2ce aux grandes aires de jeux et aux jeunes pour le divertissement et de nombreux services. D\u00e9couvrez les d\u00e9tails.","robots":{"index":"index","follow":"follow","max-snippet":"max-snippet:-1","max-image-preview":"max-image-preview:large","max-video-preview":"max-video-preview:-1"},"canonical":"https:\/\/www.casavio.com\/fr\/notre-camping\/","og_locale":"fr_FR","og_type":"article","og_title":"Notre camping. Notre philosophie et notre histoire &#8211; Camping Ca&#039; Savio","og_description":"Le Camping Ca'Savio \u00e0 Cavallino Treporti est l'environnement id\u00e9al pour les familles gr\u00e2ce aux grandes aires de jeux et aux jeunes pour le divertissement et de nombreux services. D\u00e9couvrez les d\u00e9tails.","og_url":"https:\/\/www.casavio.com\/fr\/notre-camping\/","og_site_name":"Camping Ca&#039; Savio","article_publisher":"https:\/\/www.facebook.com\/campingcasavio","article_modified_time":"2025-09-16T07:42:17+00:00","og_image":[{"width":1440,"height":500,"url":"https:\/\/www.casavio.com\/wp-content\/uploads\/2019\/11\/ca-savio-nostro-campeggio-header.jpg","type":"image\/jpeg"}],"twitter_card":"summary_large_image","twitter_misc":{"Dur\u00e9e de lecture estim\u00e9e":"1 minute"},"schema":{"@context":"https:\/\/schema.org","@graph":[{"@type":"WebPage","@id":"https:\/\/www.casavio.com\/fr\/notre-camping\/","url":"https:\/\/www.casavio.com\/fr\/notre-camping\/","name":"Notre camping. Notre philosophie et notre histoire &#8211; Camping Ca&#039; Savio","isPartOf":{"@id":"https:\/\/www.casavio.com\/fr\/#website"},"datePublished":"2019-10-11T09:59:34+00:00","dateModified":"2025-09-16T07:42:17+00:00","description":"Le Camping Ca'Savio \u00e0 Cavallino Treporti est l'environnement id\u00e9al pour les familles gr\u00e2ce aux grandes aires de jeux et aux jeunes pour le divertissement et de nombreux services. D\u00e9couvrez les d\u00e9tails.","breadcrumb":{"@id":"https:\/\/www.casavio.com\/fr\/notre-camping\/#breadcrumb"},"inLanguage":"fr-FR","potentialAction":[{"@type":"ReadAction","target":["https:\/\/www.casavio.com\/fr\/notre-camping\/"]}]},{"@type":"BreadcrumbList","@id":"https:\/\/www.casavio.com\/fr\/notre-camping\/#breadcrumb","itemListElement":[{"@type":"ListItem","position":1,"name":"Home","item":"https:\/\/www.casavio.com\/fr\/"},{"@type":"ListItem","position":2,"name":"Notre camping"}]},{"@type":"WebSite","@id":"https:\/\/www.casavio.com\/fr\/#website","url":"https:\/\/www.casavio.com\/fr\/","name":"Camping Ca&#039; Savio","description":"","publisher":{"@id":"https:\/\/www.casavio.com\/fr\/#organization"},"potentialAction":[{"@type":"SearchAction","target":{"@type":"EntryPoint","urlTemplate":"https:\/\/www.casavio.com\/fr\/?s={search_term_string}"},"query-input":{"@type":"PropertyValueSpecification","valueRequired":true,"valueName":"search_term_string"}}],"inLanguage":"fr-FR"},{"@type":"Organization","@id":"https:\/\/www.casavio.com\/fr\/#organization","name":"Camping Ca'Savio","url":"https:\/\/www.casavio.com\/fr\/","logo":{"@type":"ImageObject","inLanguage":"fr-FR","@id":"https:\/\/www.casavio.com\/fr\/#\/schema\/logo\/image\/","url":"https:\/\/www.casavio.com\/wp-content\/uploads\/2024\/04\/favicon.png","contentUrl":"https:\/\/www.casavio.com\/wp-content\/uploads\/2024\/04\/favicon.png","width":144,"height":144,"caption":"Camping Ca'Savio"},"image":{"@id":"https:\/\/www.casavio.com\/fr\/#\/schema\/logo\/image\/"},"sameAs":["https:\/\/www.facebook.com\/campingcasavio","https:\/\/www.instagram.com\/campingcasavio","https:\/\/www.youtube.com\/user\/campingcasavio"]}]}},"_links":{"self":[{"href":"https:\/\/www.casavio.com\/fr\/wp-json\/wp\/v2\/pages\/8774","targetHints":{"allow":["GET"]}}],"collection":[{"href":"https:\/\/www.casavio.com\/fr\/wp-json\/wp\/v2\/pages"}],"about":[{"href":"https:\/\/www.casavio.com\/fr\/wp-json\/wp\/v2\/types\/page"}],"author":[{"embeddable":true,"href":"https:\/\/www.casavio.com\/fr\/wp-json\/wp\/v2\/users\/2"}],"replies":[{"embeddable":true,"href":"https:\/\/www.casavio.com\/fr\/wp-json\/wp\/v2\/comments?post=8774"}],"version-history":[{"count":2,"href":"https:\/\/www.casavio.com\/fr\/wp-json\/wp\/v2\/pages\/8774\/revisions"}],"predecessor-version":[{"id":43581,"href":"https:\/\/www.casavio.com\/fr\/wp-json\/wp\/v2\/pages\/8774\/revisions\/43581"}],"wp:attachment":[{"href":"https:\/\/www.casavio.com\/fr\/wp-json\/wp\/v2\/media?parent=8774"}],"curies":[{"name":"wp","href":"https:\/\/api.w.org\/{rel}","templated":true}]}}