{"id":8777,"date":"2019-10-21T15:24:44","date_gmt":"2019-10-21T13:24:44","guid":{"rendered":"https:\/\/www.casavio.com\/notre-camping\/filosofia\/"},"modified":"2022-09-27T12:16:35","modified_gmt":"2022-09-27T10:16:35","slug":"philosophie","status":"publish","type":"page","link":"https:\/\/www.casavio.com\/fr\/notre-camping\/philosophie\/","title":{"rendered":"Notre philosophie"},"content":{"rendered":"<p>Des vacances, c&rsquo;est bien plus que choisir un pays et un camping. C&rsquo;est une fa\u00e7on de nous exprimer et de red\u00e9couvrir notre identit\u00e9. Le camping Ca&rsquo;Savio croit que les vacances sont synonymes de <b>libert\u00e9 <\/b>et de possibilit\u00e9 <b>d&rsquo;oublier le temps<\/b>. \u00catre entour\u00e9 par la nature et respirer l&rsquo;air frais de la mer r\u00e9g\u00e9n\u00e8re l&rsquo;esprit, mais aussi l&rsquo;\u00e2me. Ne manquez pas l&rsquo;occasion de <b>vous d\u00e9tendre et <\/b>de <b>vous ressourcer <\/b>pendant votre s\u00e9jour \u00e0 Ca&rsquo;Savio.<\/p>\n<p>Nos valeurs et notre philosophie sont importantes pour nous: elles sont notre guide afin que nous puissions continuer \u00e0 offrir \u00e0 nos h\u00f4tes des vacances qui cr\u00e9ent des souvenirs. Afin que nous puissions continuer cela pendant de nombreuses ann\u00e9es, avec notre <a href=\"https:\/\/www.casavio.com\/fr\/blog\/news\/un-nouveau-partenariat\/\">partenaire Monviso Institute<\/a>, nous avons reformul\u00e9 nos valeurs les plus importantes:<\/p>\n<ol>\n<li aria-level=\"1\">nous voulons cr\u00e9er des exp\u00e9riences uniques et les partager avec nos h\u00f4tes<\/li>\n<li aria-level=\"1\">nos clients sont au centre de nos actions et nous cr\u00e9ons une culture de chaleur et d&rsquo;appartenance, dans laquelle tout le monde est le bienvenu<\/li>\n<li aria-level=\"1\">nous savons que nous laissons un empreinte dans la nature et les communaut\u00e9s locales &#8211; notre objectif est de rendre <b>une<\/b><b> empreinte<\/b> la plus <b>positive<\/b> que possible<\/li>\n<li aria-level=\"1\">l&rsquo;un de nos objectifs \u00e0 long terme est de pr\u00e9server <b>notre environnement naturel et social <\/b>et <b>de cr\u00e9er un camping r\u00e9g\u00e9n\u00e9rant<\/b><\/li>\n<li aria-level=\"1\">nous partageons les <b>Global Sustainable Development Goals<\/b> (Objectifs mondiaux de d\u00e9veloppement durable) et souhaitons qu&rsquo;ils soient int\u00e9gr\u00e9s \u00e0 notre culture.<\/li>\n<\/ol>\n<p>Une exp\u00e9rience \u00e0 Ca&rsquo;Savio en lien \u00e9troit avec le camping, la nature et les hommes se cr\u00e9e ensemble et nous souhaitons que nous tous travaillons ensemble dans le <b>voyage <\/b>pour <b>soutenir notre camping et <a href=\"https:\/\/www.casavio.com\/fr\/notre-camping\/notre-voyage-vers-le-camping-casavio-du-futur\/\">nous pr\u00e9parer pour l&rsquo;avenir<\/a>.<\/b><\/p>\n","protected":false},"excerpt":{"rendered":"<p>Les vacances c\u2019est bien plus qu\u2019une destination et qu\u2019un camping. Aujourd\u2019hui c\u2019est une fa\u00e7on de vous exprimer et red\u00e9couvrir votre identit\u00e9, pour apprendre \u00e0 faire de <strong>nouvelles exp\u00e9riences<\/strong>. Le Camping Ca\u2019savio veut faire partie int\u00e9grante de ce voyage. Nous pensons que cr\u00e9er une forte <strong>relation avec la nature<\/strong> et prendre soin de nos h\u00f4tes soit la meilleure fa\u00e7on pour offrir une <strong>exp\u00e9rience de vacances authentiques<\/strong>. Vous trouverez un contexte <strong>accueillant et familier<\/strong>, o\u00f9 tout le monde se sent le bienvenu et peut trouver la dimension la plus adapt\u00e9e pour s\u2019\u00e9loigner du quotidien et se retrouver. <\/p>\n","protected":false},"author":2,"featured_media":7848,"parent":8774,"menu_order":3,"comment_status":"closed","ping_status":"closed","template":"","meta":{"_acf_changed":false},"class_list":["post-8777","page","type-page","status-publish","has-post-thumbnail","hentry"],"acf":[],"yoast_head":"<!-- This site is optimized with the Yoast SEO plugin v25.3 - https:\/\/yoast.com\/wordpress\/plugins\/seo\/ -->\n<title>La philosophie de notre Camping &#8211; Camping Ca&#039; Savio<\/title>\n<meta name=\"description\" content=\"Notre philosophie se r\u00e9sume en quelques concepts simples: libert\u00e9, d\u00e9tente, nature et temps pour se retrouver.\" \/>\n<meta name=\"robots\" content=\"index, follow, max-snippet:-1, max-image-preview:large, max-video-preview:-1\" \/>\n<link rel=\"canonical\" href=\"https:\/\/www.casavio.com\/fr\/notre-camping\/philosophie\/\" \/>\n<meta property=\"og:locale\" content=\"fr_FR\" \/>\n<meta property=\"og:type\" content=\"article\" \/>\n<meta property=\"og:title\" content=\"La philosophie de notre Camping &#8211; Camping Ca&#039; Savio\" \/>\n<meta property=\"og:description\" content=\"Notre philosophie se r\u00e9sume en quelques concepts simples: libert\u00e9, d\u00e9tente, nature et temps pour se retrouver.\" \/>\n<meta property=\"og:url\" content=\"https:\/\/www.casavio.com\/fr\/notre-camping\/philosophie\/\" \/>\n<meta property=\"og:site_name\" content=\"Camping Ca&#039; Savio\" \/>\n<meta property=\"article:publisher\" content=\"https:\/\/www.facebook.com\/campingcasavio\" \/>\n<meta property=\"article:modified_time\" content=\"2022-09-27T10:16:35+00:00\" \/>\n<meta property=\"og:image\" content=\"https:\/\/www.casavio.com\/wp-content\/uploads\/2020\/02\/00.-Home_La-nostra-_filosofia_-900x600-copy.jpg\" \/>\n\t<meta property=\"og:image:width\" content=\"900\" \/>\n\t<meta property=\"og:image:height\" content=\"600\" \/>\n\t<meta property=\"og:image:type\" content=\"image\/jpeg\" \/>\n<meta name=\"twitter:card\" content=\"summary_large_image\" \/>\n<meta name=\"twitter:label1\" content=\"Dur\u00e9e de lecture estim\u00e9e\" \/>\n\t<meta name=\"twitter:data1\" content=\"2 minutes\" \/>\n<script type=\"application\/ld+json\" class=\"yoast-schema-graph\">{\"@context\":\"https:\/\/schema.org\",\"@graph\":[{\"@type\":\"WebPage\",\"@id\":\"https:\/\/www.casavio.com\/fr\/notre-camping\/philosophie\/\",\"url\":\"https:\/\/www.casavio.com\/fr\/notre-camping\/philosophie\/\",\"name\":\"La philosophie de notre Camping &#8211; Camping Ca&#039; Savio\",\"isPartOf\":{\"@id\":\"https:\/\/www.casavio.com\/fr\/#website\"},\"primaryImageOfPage\":{\"@id\":\"https:\/\/www.casavio.com\/fr\/notre-camping\/philosophie\/#primaryimage\"},\"image\":{\"@id\":\"https:\/\/www.casavio.com\/fr\/notre-camping\/philosophie\/#primaryimage\"},\"thumbnailUrl\":\"https:\/\/www.casavio.com\/wp-content\/uploads\/2020\/02\/00.-Home_La-nostra-_filosofia_-900x600-copy.jpg\",\"datePublished\":\"2019-10-21T13:24:44+00:00\",\"dateModified\":\"2022-09-27T10:16:35+00:00\",\"description\":\"Notre philosophie se r\u00e9sume en quelques concepts simples: libert\u00e9, d\u00e9tente, nature et temps pour se retrouver.\",\"breadcrumb\":{\"@id\":\"https:\/\/www.casavio.com\/fr\/notre-camping\/philosophie\/#breadcrumb\"},\"inLanguage\":\"fr-FR\",\"potentialAction\":[{\"@type\":\"ReadAction\",\"target\":[\"https:\/\/www.casavio.com\/fr\/notre-camping\/philosophie\/\"]}]},{\"@type\":\"ImageObject\",\"inLanguage\":\"fr-FR\",\"@id\":\"https:\/\/www.casavio.com\/fr\/notre-camping\/philosophie\/#primaryimage\",\"url\":\"https:\/\/www.casavio.com\/wp-content\/uploads\/2020\/02\/00.-Home_La-nostra-_filosofia_-900x600-copy.jpg\",\"contentUrl\":\"https:\/\/www.casavio.com\/wp-content\/uploads\/2020\/02\/00.-Home_La-nostra-_filosofia_-900x600-copy.jpg\",\"width\":900,\"height\":600},{\"@type\":\"BreadcrumbList\",\"@id\":\"https:\/\/www.casavio.com\/fr\/notre-camping\/philosophie\/#breadcrumb\",\"itemListElement\":[{\"@type\":\"ListItem\",\"position\":1,\"name\":\"Home\",\"item\":\"https:\/\/www.casavio.com\/fr\/\"},{\"@type\":\"ListItem\",\"position\":2,\"name\":\"Notre camping\",\"item\":\"https:\/\/www.casavio.com\/fr\/notre-camping\/\"},{\"@type\":\"ListItem\",\"position\":3,\"name\":\"Notre philosophie\"}]},{\"@type\":\"WebSite\",\"@id\":\"https:\/\/www.casavio.com\/fr\/#website\",\"url\":\"https:\/\/www.casavio.com\/fr\/\",\"name\":\"Camping Ca&#039; Savio\",\"description\":\"\",\"publisher\":{\"@id\":\"https:\/\/www.casavio.com\/fr\/#organization\"},\"potentialAction\":[{\"@type\":\"SearchAction\",\"target\":{\"@type\":\"EntryPoint\",\"urlTemplate\":\"https:\/\/www.casavio.com\/fr\/?s={search_term_string}\"},\"query-input\":{\"@type\":\"PropertyValueSpecification\",\"valueRequired\":true,\"valueName\":\"search_term_string\"}}],\"inLanguage\":\"fr-FR\"},{\"@type\":\"Organization\",\"@id\":\"https:\/\/www.casavio.com\/fr\/#organization\",\"name\":\"Camping Ca'Savio\",\"url\":\"https:\/\/www.casavio.com\/fr\/\",\"logo\":{\"@type\":\"ImageObject\",\"inLanguage\":\"fr-FR\",\"@id\":\"https:\/\/www.casavio.com\/fr\/#\/schema\/logo\/image\/\",\"url\":\"https:\/\/www.casavio.com\/wp-content\/uploads\/2024\/04\/favicon.png\",\"contentUrl\":\"https:\/\/www.casavio.com\/wp-content\/uploads\/2024\/04\/favicon.png\",\"width\":144,\"height\":144,\"caption\":\"Camping Ca'Savio\"},\"image\":{\"@id\":\"https:\/\/www.casavio.com\/fr\/#\/schema\/logo\/image\/\"},\"sameAs\":[\"https:\/\/www.facebook.com\/campingcasavio\",\"https:\/\/www.instagram.com\/campingcasavio\",\"https:\/\/www.youtube.com\/user\/campingcasavio\"]}]}<\/script>\n<!-- \/ Yoast SEO plugin. -->","yoast_head_json":{"title":"La philosophie de notre Camping &#8211; Camping Ca&#039; Savio","description":"Notre philosophie se r\u00e9sume en quelques concepts simples: libert\u00e9, d\u00e9tente, nature et temps pour se retrouver.","robots":{"index":"index","follow":"follow","max-snippet":"max-snippet:-1","max-image-preview":"max-image-preview:large","max-video-preview":"max-video-preview:-1"},"canonical":"https:\/\/www.casavio.com\/fr\/notre-camping\/philosophie\/","og_locale":"fr_FR","og_type":"article","og_title":"La philosophie de notre Camping &#8211; Camping Ca&#039; Savio","og_description":"Notre philosophie se r\u00e9sume en quelques concepts simples: libert\u00e9, d\u00e9tente, nature et temps pour se retrouver.","og_url":"https:\/\/www.casavio.com\/fr\/notre-camping\/philosophie\/","og_site_name":"Camping Ca&#039; Savio","article_publisher":"https:\/\/www.facebook.com\/campingcasavio","article_modified_time":"2022-09-27T10:16:35+00:00","og_image":[{"width":900,"height":600,"url":"https:\/\/www.casavio.com\/wp-content\/uploads\/2020\/02\/00.-Home_La-nostra-_filosofia_-900x600-copy.jpg","type":"image\/jpeg"}],"twitter_card":"summary_large_image","twitter_misc":{"Dur\u00e9e de lecture estim\u00e9e":"2 minutes"},"schema":{"@context":"https:\/\/schema.org","@graph":[{"@type":"WebPage","@id":"https:\/\/www.casavio.com\/fr\/notre-camping\/philosophie\/","url":"https:\/\/www.casavio.com\/fr\/notre-camping\/philosophie\/","name":"La philosophie de notre Camping &#8211; Camping Ca&#039; Savio","isPartOf":{"@id":"https:\/\/www.casavio.com\/fr\/#website"},"primaryImageOfPage":{"@id":"https:\/\/www.casavio.com\/fr\/notre-camping\/philosophie\/#primaryimage"},"image":{"@id":"https:\/\/www.casavio.com\/fr\/notre-camping\/philosophie\/#primaryimage"},"thumbnailUrl":"https:\/\/www.casavio.com\/wp-content\/uploads\/2020\/02\/00.-Home_La-nostra-_filosofia_-900x600-copy.jpg","datePublished":"2019-10-21T13:24:44+00:00","dateModified":"2022-09-27T10:16:35+00:00","description":"Notre philosophie se r\u00e9sume en quelques concepts simples: libert\u00e9, d\u00e9tente, nature et temps pour se retrouver.","breadcrumb":{"@id":"https:\/\/www.casavio.com\/fr\/notre-camping\/philosophie\/#breadcrumb"},"inLanguage":"fr-FR","potentialAction":[{"@type":"ReadAction","target":["https:\/\/www.casavio.com\/fr\/notre-camping\/philosophie\/"]}]},{"@type":"ImageObject","inLanguage":"fr-FR","@id":"https:\/\/www.casavio.com\/fr\/notre-camping\/philosophie\/#primaryimage","url":"https:\/\/www.casavio.com\/wp-content\/uploads\/2020\/02\/00.-Home_La-nostra-_filosofia_-900x600-copy.jpg","contentUrl":"https:\/\/www.casavio.com\/wp-content\/uploads\/2020\/02\/00.-Home_La-nostra-_filosofia_-900x600-copy.jpg","width":900,"height":600},{"@type":"BreadcrumbList","@id":"https:\/\/www.casavio.com\/fr\/notre-camping\/philosophie\/#breadcrumb","itemListElement":[{"@type":"ListItem","position":1,"name":"Home","item":"https:\/\/www.casavio.com\/fr\/"},{"@type":"ListItem","position":2,"name":"Notre camping","item":"https:\/\/www.casavio.com\/fr\/notre-camping\/"},{"@type":"ListItem","position":3,"name":"Notre philosophie"}]},{"@type":"WebSite","@id":"https:\/\/www.casavio.com\/fr\/#website","url":"https:\/\/www.casavio.com\/fr\/","name":"Camping Ca&#039; Savio","description":"","publisher":{"@id":"https:\/\/www.casavio.com\/fr\/#organization"},"potentialAction":[{"@type":"SearchAction","target":{"@type":"EntryPoint","urlTemplate":"https:\/\/www.casavio.com\/fr\/?s={search_term_string}"},"query-input":{"@type":"PropertyValueSpecification","valueRequired":true,"valueName":"search_term_string"}}],"inLanguage":"fr-FR"},{"@type":"Organization","@id":"https:\/\/www.casavio.com\/fr\/#organization","name":"Camping Ca'Savio","url":"https:\/\/www.casavio.com\/fr\/","logo":{"@type":"ImageObject","inLanguage":"fr-FR","@id":"https:\/\/www.casavio.com\/fr\/#\/schema\/logo\/image\/","url":"https:\/\/www.casavio.com\/wp-content\/uploads\/2024\/04\/favicon.png","contentUrl":"https:\/\/www.casavio.com\/wp-content\/uploads\/2024\/04\/favicon.png","width":144,"height":144,"caption":"Camping Ca'Savio"},"image":{"@id":"https:\/\/www.casavio.com\/fr\/#\/schema\/logo\/image\/"},"sameAs":["https:\/\/www.facebook.com\/campingcasavio","https:\/\/www.instagram.com\/campingcasavio","https:\/\/www.youtube.com\/user\/campingcasavio"]}]}},"_links":{"self":[{"href":"https:\/\/www.casavio.com\/fr\/wp-json\/wp\/v2\/pages\/8777","targetHints":{"allow":["GET"]}}],"collection":[{"href":"https:\/\/www.casavio.com\/fr\/wp-json\/wp\/v2\/pages"}],"about":[{"href":"https:\/\/www.casavio.com\/fr\/wp-json\/wp\/v2\/types\/page"}],"author":[{"embeddable":true,"href":"https:\/\/www.casavio.com\/fr\/wp-json\/wp\/v2\/users\/2"}],"replies":[{"embeddable":true,"href":"https:\/\/www.casavio.com\/fr\/wp-json\/wp\/v2\/comments?post=8777"}],"version-history":[{"count":2,"href":"https:\/\/www.casavio.com\/fr\/wp-json\/wp\/v2\/pages\/8777\/revisions"}],"predecessor-version":[{"id":25533,"href":"https:\/\/www.casavio.com\/fr\/wp-json\/wp\/v2\/pages\/8777\/revisions\/25533"}],"up":[{"embeddable":true,"href":"https:\/\/www.casavio.com\/fr\/wp-json\/wp\/v2\/pages\/8774"}],"wp:featuredmedia":[{"embeddable":true,"href":"https:\/\/www.casavio.com\/fr\/wp-json\/wp\/v2\/media\/7848"}],"wp:attachment":[{"href":"https:\/\/www.casavio.com\/fr\/wp-json\/wp\/v2\/media?parent=8777"}],"curies":[{"name":"wp","href":"https:\/\/api.w.org\/{rel}","templated":true}]}}