{"id":8807,"date":"2019-11-07T10:46:27","date_gmt":"2019-11-07T09:46:27","guid":{"rendered":"https:\/\/www.casavio.com\/servizi\/servizi-inclusi\/"},"modified":"2026-02-17T12:34:37","modified_gmt":"2026-02-17T11:34:37","slug":"services-inclus","status":"publish","type":"page","link":"https:\/\/www.casavio.com\/fr\/services\/services-inclus\/","title":{"rendered":"Services inclus"},"content":{"rendered":"<p>Le Camping Ca\u2019Savio met \u00e0 disposition de tous ses h\u00f4tes tous ses services qui avec l\u2019utilisation de la <a href=\"https:\/\/www.casavio.com\/fr\/services\/piscines-ca-savio\/\">piscine<\/a>, de la <a href=\"https:\/\/www.casavio.com\/fr\/services\/plage-ca-savio\/\">plage<\/a> et des activit\u00e9s d\u2019<a href=\"https:\/\/www.casavio.com\/fr\/activites-au-camping\/animations\/\">animation<\/a> sont inclus et ne pr\u00e9voient aucun co\u00fbt suppl\u00e9mentaire.<\/p>\n","protected":false},"excerpt":{"rendered":"<p>Toutes les informations sur les services qui sont inclus dans le prix, du service camping-car aux recharges pour la voiture \u00e9lectrique. <\/p>\n","protected":false},"author":3,"featured_media":3052,"parent":8804,"menu_order":32,"comment_status":"closed","ping_status":"closed","template":"templates\/tpl-children-with-intro.php","meta":{"_acf_changed":false},"class_list":["post-8807","page","type-page","status-publish","has-post-thumbnail","hentry"],"acf":[],"yoast_head":"<!-- This site is optimized with the Yoast SEO plugin v25.3 - https:\/\/yoast.com\/wordpress\/plugins\/seo\/ -->\n<title>Les Services inclus du Camping &#8211; Camping Ca&#039; Savio<\/title>\n<meta name=\"description\" content=\"Le camping Ca\u2019Savio met \u00e0 disposition de tous ses h\u00f4tes tous ses services qui avec l\u2019utilisation de la piscine, de la plage et des activit\u00e9s d\u2019animation sont inclus et ne pr\u00e9voient aucun co\u00fbt suppl\u00e9mentaire.\" \/>\n<meta name=\"robots\" content=\"index, follow, max-snippet:-1, max-image-preview:large, max-video-preview:-1\" \/>\n<link rel=\"canonical\" href=\"https:\/\/www.casavio.com\/fr\/services\/services-inclus\/\" \/>\n<meta property=\"og:locale\" content=\"fr_FR\" \/>\n<meta property=\"og:type\" content=\"article\" \/>\n<meta property=\"og:title\" content=\"Les Services inclus du Camping &#8211; Camping Ca&#039; Savio\" \/>\n<meta property=\"og:description\" content=\"Le camping Ca\u2019Savio met \u00e0 disposition de tous ses h\u00f4tes tous ses services qui avec l\u2019utilisation de la piscine, de la plage et des activit\u00e9s d\u2019animation sont inclus et ne pr\u00e9voient aucun co\u00fbt suppl\u00e9mentaire.\" \/>\n<meta property=\"og:url\" content=\"https:\/\/www.casavio.com\/fr\/services\/services-inclus\/\" \/>\n<meta property=\"og:site_name\" content=\"Camping Ca&#039; Savio\" \/>\n<meta property=\"article:publisher\" content=\"https:\/\/www.facebook.com\/campingcasavio\" \/>\n<meta property=\"article:modified_time\" content=\"2026-02-17T11:34:37+00:00\" \/>\n<meta property=\"og:image\" content=\"https:\/\/www.casavio.com\/wp-content\/uploads\/2019\/11\/ca-savio-servizi-inclusi.jpg\" \/>\n\t<meta property=\"og:image:width\" content=\"440\" \/>\n\t<meta property=\"og:image:height\" content=\"600\" \/>\n\t<meta property=\"og:image:type\" content=\"image\/jpeg\" \/>\n<meta name=\"twitter:card\" content=\"summary_large_image\" \/>\n<meta name=\"twitter:label1\" content=\"Dur\u00e9e de lecture estim\u00e9e\" \/>\n\t<meta name=\"twitter:data1\" content=\"1 minute\" \/>\n<script type=\"application\/ld+json\" class=\"yoast-schema-graph\">{\"@context\":\"https:\/\/schema.org\",\"@graph\":[{\"@type\":\"WebPage\",\"@id\":\"https:\/\/www.casavio.com\/fr\/services\/services-inclus\/\",\"url\":\"https:\/\/www.casavio.com\/fr\/services\/services-inclus\/\",\"name\":\"Les Services inclus du Camping &#8211; Camping Ca&#039; Savio\",\"isPartOf\":{\"@id\":\"https:\/\/www.casavio.com\/fr\/#website\"},\"primaryImageOfPage\":{\"@id\":\"https:\/\/www.casavio.com\/fr\/services\/services-inclus\/#primaryimage\"},\"image\":{\"@id\":\"https:\/\/www.casavio.com\/fr\/services\/services-inclus\/#primaryimage\"},\"thumbnailUrl\":\"https:\/\/www.casavio.com\/wp-content\/uploads\/2019\/11\/ca-savio-servizi-inclusi.jpg\",\"datePublished\":\"2019-11-07T09:46:27+00:00\",\"dateModified\":\"2026-02-17T11:34:37+00:00\",\"description\":\"Le camping Ca\u2019Savio met \u00e0 disposition de tous ses h\u00f4tes tous ses services qui avec l\u2019utilisation de la piscine, de la plage et des activit\u00e9s d\u2019animation sont inclus et ne pr\u00e9voient aucun co\u00fbt suppl\u00e9mentaire.\",\"breadcrumb\":{\"@id\":\"https:\/\/www.casavio.com\/fr\/services\/services-inclus\/#breadcrumb\"},\"inLanguage\":\"fr-FR\",\"potentialAction\":[{\"@type\":\"ReadAction\",\"target\":[\"https:\/\/www.casavio.com\/fr\/services\/services-inclus\/\"]}]},{\"@type\":\"ImageObject\",\"inLanguage\":\"fr-FR\",\"@id\":\"https:\/\/www.casavio.com\/fr\/services\/services-inclus\/#primaryimage\",\"url\":\"https:\/\/www.casavio.com\/wp-content\/uploads\/2019\/11\/ca-savio-servizi-inclusi.jpg\",\"contentUrl\":\"https:\/\/www.casavio.com\/wp-content\/uploads\/2019\/11\/ca-savio-servizi-inclusi.jpg\",\"width\":440,\"height\":600},{\"@type\":\"BreadcrumbList\",\"@id\":\"https:\/\/www.casavio.com\/fr\/services\/services-inclus\/#breadcrumb\",\"itemListElement\":[{\"@type\":\"ListItem\",\"position\":1,\"name\":\"Home\",\"item\":\"https:\/\/www.casavio.com\/fr\/\"},{\"@type\":\"ListItem\",\"position\":2,\"name\":\"Services\",\"item\":\"https:\/\/www.casavio.com\/fr\/services\/\"},{\"@type\":\"ListItem\",\"position\":3,\"name\":\"Services inclus\"}]},{\"@type\":\"WebSite\",\"@id\":\"https:\/\/www.casavio.com\/fr\/#website\",\"url\":\"https:\/\/www.casavio.com\/fr\/\",\"name\":\"Camping Ca&#039; Savio\",\"description\":\"\",\"publisher\":{\"@id\":\"https:\/\/www.casavio.com\/fr\/#organization\"},\"potentialAction\":[{\"@type\":\"SearchAction\",\"target\":{\"@type\":\"EntryPoint\",\"urlTemplate\":\"https:\/\/www.casavio.com\/fr\/?s={search_term_string}\"},\"query-input\":{\"@type\":\"PropertyValueSpecification\",\"valueRequired\":true,\"valueName\":\"search_term_string\"}}],\"inLanguage\":\"fr-FR\"},{\"@type\":\"Organization\",\"@id\":\"https:\/\/www.casavio.com\/fr\/#organization\",\"name\":\"Camping Ca'Savio\",\"url\":\"https:\/\/www.casavio.com\/fr\/\",\"logo\":{\"@type\":\"ImageObject\",\"inLanguage\":\"fr-FR\",\"@id\":\"https:\/\/www.casavio.com\/fr\/#\/schema\/logo\/image\/\",\"url\":\"https:\/\/www.casavio.com\/wp-content\/uploads\/2024\/04\/favicon.png\",\"contentUrl\":\"https:\/\/www.casavio.com\/wp-content\/uploads\/2024\/04\/favicon.png\",\"width\":144,\"height\":144,\"caption\":\"Camping Ca'Savio\"},\"image\":{\"@id\":\"https:\/\/www.casavio.com\/fr\/#\/schema\/logo\/image\/\"},\"sameAs\":[\"https:\/\/www.facebook.com\/campingcasavio\",\"https:\/\/www.instagram.com\/campingcasavio\",\"https:\/\/www.youtube.com\/user\/campingcasavio\"]}]}<\/script>\n<!-- \/ Yoast SEO plugin. -->","yoast_head_json":{"title":"Les Services inclus du Camping &#8211; Camping Ca&#039; Savio","description":"Le camping Ca\u2019Savio met \u00e0 disposition de tous ses h\u00f4tes tous ses services qui avec l\u2019utilisation de la piscine, de la plage et des activit\u00e9s d\u2019animation sont inclus et ne pr\u00e9voient aucun co\u00fbt suppl\u00e9mentaire.","robots":{"index":"index","follow":"follow","max-snippet":"max-snippet:-1","max-image-preview":"max-image-preview:large","max-video-preview":"max-video-preview:-1"},"canonical":"https:\/\/www.casavio.com\/fr\/services\/services-inclus\/","og_locale":"fr_FR","og_type":"article","og_title":"Les Services inclus du Camping &#8211; Camping Ca&#039; Savio","og_description":"Le camping Ca\u2019Savio met \u00e0 disposition de tous ses h\u00f4tes tous ses services qui avec l\u2019utilisation de la piscine, de la plage et des activit\u00e9s d\u2019animation sont inclus et ne pr\u00e9voient aucun co\u00fbt suppl\u00e9mentaire.","og_url":"https:\/\/www.casavio.com\/fr\/services\/services-inclus\/","og_site_name":"Camping Ca&#039; Savio","article_publisher":"https:\/\/www.facebook.com\/campingcasavio","article_modified_time":"2026-02-17T11:34:37+00:00","og_image":[{"width":440,"height":600,"url":"https:\/\/www.casavio.com\/wp-content\/uploads\/2019\/11\/ca-savio-servizi-inclusi.jpg","type":"image\/jpeg"}],"twitter_card":"summary_large_image","twitter_misc":{"Dur\u00e9e de lecture estim\u00e9e":"1 minute"},"schema":{"@context":"https:\/\/schema.org","@graph":[{"@type":"WebPage","@id":"https:\/\/www.casavio.com\/fr\/services\/services-inclus\/","url":"https:\/\/www.casavio.com\/fr\/services\/services-inclus\/","name":"Les Services inclus du Camping &#8211; Camping Ca&#039; Savio","isPartOf":{"@id":"https:\/\/www.casavio.com\/fr\/#website"},"primaryImageOfPage":{"@id":"https:\/\/www.casavio.com\/fr\/services\/services-inclus\/#primaryimage"},"image":{"@id":"https:\/\/www.casavio.com\/fr\/services\/services-inclus\/#primaryimage"},"thumbnailUrl":"https:\/\/www.casavio.com\/wp-content\/uploads\/2019\/11\/ca-savio-servizi-inclusi.jpg","datePublished":"2019-11-07T09:46:27+00:00","dateModified":"2026-02-17T11:34:37+00:00","description":"Le camping Ca\u2019Savio met \u00e0 disposition de tous ses h\u00f4tes tous ses services qui avec l\u2019utilisation de la piscine, de la plage et des activit\u00e9s d\u2019animation sont inclus et ne pr\u00e9voient aucun co\u00fbt suppl\u00e9mentaire.","breadcrumb":{"@id":"https:\/\/www.casavio.com\/fr\/services\/services-inclus\/#breadcrumb"},"inLanguage":"fr-FR","potentialAction":[{"@type":"ReadAction","target":["https:\/\/www.casavio.com\/fr\/services\/services-inclus\/"]}]},{"@type":"ImageObject","inLanguage":"fr-FR","@id":"https:\/\/www.casavio.com\/fr\/services\/services-inclus\/#primaryimage","url":"https:\/\/www.casavio.com\/wp-content\/uploads\/2019\/11\/ca-savio-servizi-inclusi.jpg","contentUrl":"https:\/\/www.casavio.com\/wp-content\/uploads\/2019\/11\/ca-savio-servizi-inclusi.jpg","width":440,"height":600},{"@type":"BreadcrumbList","@id":"https:\/\/www.casavio.com\/fr\/services\/services-inclus\/#breadcrumb","itemListElement":[{"@type":"ListItem","position":1,"name":"Home","item":"https:\/\/www.casavio.com\/fr\/"},{"@type":"ListItem","position":2,"name":"Services","item":"https:\/\/www.casavio.com\/fr\/services\/"},{"@type":"ListItem","position":3,"name":"Services inclus"}]},{"@type":"WebSite","@id":"https:\/\/www.casavio.com\/fr\/#website","url":"https:\/\/www.casavio.com\/fr\/","name":"Camping Ca&#039; Savio","description":"","publisher":{"@id":"https:\/\/www.casavio.com\/fr\/#organization"},"potentialAction":[{"@type":"SearchAction","target":{"@type":"EntryPoint","urlTemplate":"https:\/\/www.casavio.com\/fr\/?s={search_term_string}"},"query-input":{"@type":"PropertyValueSpecification","valueRequired":true,"valueName":"search_term_string"}}],"inLanguage":"fr-FR"},{"@type":"Organization","@id":"https:\/\/www.casavio.com\/fr\/#organization","name":"Camping Ca'Savio","url":"https:\/\/www.casavio.com\/fr\/","logo":{"@type":"ImageObject","inLanguage":"fr-FR","@id":"https:\/\/www.casavio.com\/fr\/#\/schema\/logo\/image\/","url":"https:\/\/www.casavio.com\/wp-content\/uploads\/2024\/04\/favicon.png","contentUrl":"https:\/\/www.casavio.com\/wp-content\/uploads\/2024\/04\/favicon.png","width":144,"height":144,"caption":"Camping Ca'Savio"},"image":{"@id":"https:\/\/www.casavio.com\/fr\/#\/schema\/logo\/image\/"},"sameAs":["https:\/\/www.facebook.com\/campingcasavio","https:\/\/www.instagram.com\/campingcasavio","https:\/\/www.youtube.com\/user\/campingcasavio"]}]}},"_links":{"self":[{"href":"https:\/\/www.casavio.com\/fr\/wp-json\/wp\/v2\/pages\/8807","targetHints":{"allow":["GET"]}}],"collection":[{"href":"https:\/\/www.casavio.com\/fr\/wp-json\/wp\/v2\/pages"}],"about":[{"href":"https:\/\/www.casavio.com\/fr\/wp-json\/wp\/v2\/types\/page"}],"author":[{"embeddable":true,"href":"https:\/\/www.casavio.com\/fr\/wp-json\/wp\/v2\/users\/3"}],"replies":[{"embeddable":true,"href":"https:\/\/www.casavio.com\/fr\/wp-json\/wp\/v2\/comments?post=8807"}],"version-history":[{"count":2,"href":"https:\/\/www.casavio.com\/fr\/wp-json\/wp\/v2\/pages\/8807\/revisions"}],"predecessor-version":[{"id":46037,"href":"https:\/\/www.casavio.com\/fr\/wp-json\/wp\/v2\/pages\/8807\/revisions\/46037"}],"up":[{"embeddable":true,"href":"https:\/\/www.casavio.com\/fr\/wp-json\/wp\/v2\/pages\/8804"}],"wp:featuredmedia":[{"embeddable":true,"href":"https:\/\/www.casavio.com\/fr\/wp-json\/wp\/v2\/media\/3052"}],"wp:attachment":[{"href":"https:\/\/www.casavio.com\/fr\/wp-json\/wp\/v2\/media?parent=8807"}],"curies":[{"name":"wp","href":"https:\/\/api.w.org\/{rel}","templated":true}]}}