{"id":8817,"date":"2019-11-07T10:48:31","date_gmt":"2019-11-07T09:48:31","guid":{"rendered":"https:\/\/www.casavio.com\/services\/services-inclus\/sorveglianza-notturna\/"},"modified":"2022-11-21T11:03:32","modified_gmt":"2022-11-21T10:03:32","slug":"surveillance-nocturne","status":"publish","type":"page","link":"https:\/\/www.casavio.com\/fr\/services\/services-inclus\/surveillance-nocturne\/","title":{"rendered":"Surveillance nocturne"},"content":{"rendered":"<p>Pendant l\u2019horaire nocturne, quand la <a href=\"https:\/\/www.casavio.com\/fr\/services\/services-inclus\/reception\/\">r\u00e9ception<\/a> est ferm\u00e9e, vous trouverez du personnel agr\u00e9able et disponible, capable de vous fournir de l\u2019assistance et du support durant vos vacances au Camping Ca\u2019Savio.<\/p>\n<p>Si vous \u00eates arriv\u00e9s en retard, apr\u00e8s l\u2019horaire de fermeture de la r\u00e9ception, vous trouverez \u00e0 l\u2019entr\u00e9e, notre personnel nocturne tout pr\u00e8s de la r\u00e9ception qui vous accueillera, v\u00e9rifiera votre r\u00e9servation, effectuera un check-in rapide et vous aidera \u00e0 rejoindre le logement r\u00e9serv\u00e9.<\/p>\n","protected":false},"excerpt":{"rendered":"<p>Un service d\u2019assistance durant la nuit avec du personnel \u00e0 votre disposition m\u00eame quand la r\u00e9ception est ferm\u00e9e. <\/p>\n","protected":false},"author":3,"featured_media":14978,"parent":8807,"menu_order":34,"comment_status":"closed","ping_status":"closed","template":"","meta":{"_acf_changed":false},"class_list":["post-8817","page","type-page","status-publish","has-post-thumbnail","hentry"],"acf":[],"yoast_head":"<!-- This site is optimized with the Yoast SEO plugin v25.3 - https:\/\/yoast.com\/wordpress\/plugins\/seo\/ -->\n<title>Surveillance nocturne durant vos vacances au camping &#8211; Camping Ca&#039; Savio<\/title>\n<meta name=\"description\" content=\"Au camping Ca&#039;Savio, vous trouverez \u00e9galement un personnel aimable et serviable pendant la nuit, capable de vous aider et de vous soutenir pendant vos vacances au Camping Ca&#039;Savio.\" \/>\n<meta name=\"robots\" content=\"index, follow, max-snippet:-1, max-image-preview:large, max-video-preview:-1\" \/>\n<link rel=\"canonical\" href=\"https:\/\/www.casavio.com\/fr\/services\/services-inclus\/surveillance-nocturne\/\" \/>\n<meta property=\"og:locale\" content=\"fr_FR\" \/>\n<meta property=\"og:type\" content=\"article\" \/>\n<meta property=\"og:title\" content=\"Surveillance nocturne durant vos vacances au camping &#8211; Camping Ca&#039; Savio\" \/>\n<meta property=\"og:description\" content=\"Au camping Ca&#039;Savio, vous trouverez \u00e9galement un personnel aimable et serviable pendant la nuit, capable de vous aider et de vous soutenir pendant vos vacances au Camping Ca&#039;Savio.\" \/>\n<meta property=\"og:url\" content=\"https:\/\/www.casavio.com\/fr\/services\/services-inclus\/surveillance-nocturne\/\" \/>\n<meta property=\"og:site_name\" content=\"Camping Ca&#039; Savio\" \/>\n<meta property=\"article:publisher\" content=\"https:\/\/www.facebook.com\/campingcasavio\" \/>\n<meta property=\"article:modified_time\" content=\"2022-11-21T10:03:32+00:00\" \/>\n<meta property=\"og:image\" content=\"https:\/\/www.casavio.com\/wp-content\/uploads\/2020\/10\/ca-savio-sorveglianza-notturna-box-dx.jpg\" \/>\n\t<meta property=\"og:image:width\" content=\"440\" \/>\n\t<meta property=\"og:image:height\" content=\"600\" \/>\n\t<meta property=\"og:image:type\" content=\"image\/jpeg\" \/>\n<meta name=\"twitter:card\" content=\"summary_large_image\" \/>\n<script type=\"application\/ld+json\" class=\"yoast-schema-graph\">{\"@context\":\"https:\/\/schema.org\",\"@graph\":[{\"@type\":\"WebPage\",\"@id\":\"https:\/\/www.casavio.com\/fr\/services\/services-inclus\/surveillance-nocturne\/\",\"url\":\"https:\/\/www.casavio.com\/fr\/services\/services-inclus\/surveillance-nocturne\/\",\"name\":\"Surveillance nocturne durant vos vacances au camping &#8211; Camping Ca&#039; Savio\",\"isPartOf\":{\"@id\":\"https:\/\/www.casavio.com\/fr\/#website\"},\"primaryImageOfPage\":{\"@id\":\"https:\/\/www.casavio.com\/fr\/services\/services-inclus\/surveillance-nocturne\/#primaryimage\"},\"image\":{\"@id\":\"https:\/\/www.casavio.com\/fr\/services\/services-inclus\/surveillance-nocturne\/#primaryimage\"},\"thumbnailUrl\":\"https:\/\/www.casavio.com\/wp-content\/uploads\/2020\/10\/ca-savio-sorveglianza-notturna-box-dx.jpg\",\"datePublished\":\"2019-11-07T09:48:31+00:00\",\"dateModified\":\"2022-11-21T10:03:32+00:00\",\"description\":\"Au camping Ca'Savio, vous trouverez \u00e9galement un personnel aimable et serviable pendant la nuit, capable de vous aider et de vous soutenir pendant vos vacances au Camping Ca'Savio.\",\"breadcrumb\":{\"@id\":\"https:\/\/www.casavio.com\/fr\/services\/services-inclus\/surveillance-nocturne\/#breadcrumb\"},\"inLanguage\":\"fr-FR\",\"potentialAction\":[{\"@type\":\"ReadAction\",\"target\":[\"https:\/\/www.casavio.com\/fr\/services\/services-inclus\/surveillance-nocturne\/\"]}]},{\"@type\":\"ImageObject\",\"inLanguage\":\"fr-FR\",\"@id\":\"https:\/\/www.casavio.com\/fr\/services\/services-inclus\/surveillance-nocturne\/#primaryimage\",\"url\":\"https:\/\/www.casavio.com\/wp-content\/uploads\/2020\/10\/ca-savio-sorveglianza-notturna-box-dx.jpg\",\"contentUrl\":\"https:\/\/www.casavio.com\/wp-content\/uploads\/2020\/10\/ca-savio-sorveglianza-notturna-box-dx.jpg\",\"width\":440,\"height\":600},{\"@type\":\"BreadcrumbList\",\"@id\":\"https:\/\/www.casavio.com\/fr\/services\/services-inclus\/surveillance-nocturne\/#breadcrumb\",\"itemListElement\":[{\"@type\":\"ListItem\",\"position\":1,\"name\":\"Home\",\"item\":\"https:\/\/www.casavio.com\/fr\/\"},{\"@type\":\"ListItem\",\"position\":2,\"name\":\"Services\",\"item\":\"https:\/\/www.casavio.com\/fr\/services\/\"},{\"@type\":\"ListItem\",\"position\":3,\"name\":\"Services inclus\",\"item\":\"https:\/\/www.casavio.com\/fr\/services\/services-inclus\/\"},{\"@type\":\"ListItem\",\"position\":4,\"name\":\"Surveillance nocturne\"}]},{\"@type\":\"WebSite\",\"@id\":\"https:\/\/www.casavio.com\/fr\/#website\",\"url\":\"https:\/\/www.casavio.com\/fr\/\",\"name\":\"Camping Ca&#039; Savio\",\"description\":\"\",\"publisher\":{\"@id\":\"https:\/\/www.casavio.com\/fr\/#organization\"},\"potentialAction\":[{\"@type\":\"SearchAction\",\"target\":{\"@type\":\"EntryPoint\",\"urlTemplate\":\"https:\/\/www.casavio.com\/fr\/?s={search_term_string}\"},\"query-input\":{\"@type\":\"PropertyValueSpecification\",\"valueRequired\":true,\"valueName\":\"search_term_string\"}}],\"inLanguage\":\"fr-FR\"},{\"@type\":\"Organization\",\"@id\":\"https:\/\/www.casavio.com\/fr\/#organization\",\"name\":\"Camping Ca'Savio\",\"url\":\"https:\/\/www.casavio.com\/fr\/\",\"logo\":{\"@type\":\"ImageObject\",\"inLanguage\":\"fr-FR\",\"@id\":\"https:\/\/www.casavio.com\/fr\/#\/schema\/logo\/image\/\",\"url\":\"https:\/\/www.casavio.com\/wp-content\/uploads\/2024\/04\/favicon.png\",\"contentUrl\":\"https:\/\/www.casavio.com\/wp-content\/uploads\/2024\/04\/favicon.png\",\"width\":144,\"height\":144,\"caption\":\"Camping Ca'Savio\"},\"image\":{\"@id\":\"https:\/\/www.casavio.com\/fr\/#\/schema\/logo\/image\/\"},\"sameAs\":[\"https:\/\/www.facebook.com\/campingcasavio\",\"https:\/\/www.instagram.com\/campingcasavio\",\"https:\/\/www.youtube.com\/user\/campingcasavio\"]}]}<\/script>\n<!-- \/ Yoast SEO plugin. -->","yoast_head_json":{"title":"Surveillance nocturne durant vos vacances au camping &#8211; Camping Ca&#039; Savio","description":"Au camping Ca'Savio, vous trouverez \u00e9galement un personnel aimable et serviable pendant la nuit, capable de vous aider et de vous soutenir pendant vos vacances au Camping Ca'Savio.","robots":{"index":"index","follow":"follow","max-snippet":"max-snippet:-1","max-image-preview":"max-image-preview:large","max-video-preview":"max-video-preview:-1"},"canonical":"https:\/\/www.casavio.com\/fr\/services\/services-inclus\/surveillance-nocturne\/","og_locale":"fr_FR","og_type":"article","og_title":"Surveillance nocturne durant vos vacances au camping &#8211; Camping Ca&#039; Savio","og_description":"Au camping Ca'Savio, vous trouverez \u00e9galement un personnel aimable et serviable pendant la nuit, capable de vous aider et de vous soutenir pendant vos vacances au Camping Ca'Savio.","og_url":"https:\/\/www.casavio.com\/fr\/services\/services-inclus\/surveillance-nocturne\/","og_site_name":"Camping Ca&#039; Savio","article_publisher":"https:\/\/www.facebook.com\/campingcasavio","article_modified_time":"2022-11-21T10:03:32+00:00","og_image":[{"width":440,"height":600,"url":"https:\/\/www.casavio.com\/wp-content\/uploads\/2020\/10\/ca-savio-sorveglianza-notturna-box-dx.jpg","type":"image\/jpeg"}],"twitter_card":"summary_large_image","schema":{"@context":"https:\/\/schema.org","@graph":[{"@type":"WebPage","@id":"https:\/\/www.casavio.com\/fr\/services\/services-inclus\/surveillance-nocturne\/","url":"https:\/\/www.casavio.com\/fr\/services\/services-inclus\/surveillance-nocturne\/","name":"Surveillance nocturne durant vos vacances au camping &#8211; Camping Ca&#039; Savio","isPartOf":{"@id":"https:\/\/www.casavio.com\/fr\/#website"},"primaryImageOfPage":{"@id":"https:\/\/www.casavio.com\/fr\/services\/services-inclus\/surveillance-nocturne\/#primaryimage"},"image":{"@id":"https:\/\/www.casavio.com\/fr\/services\/services-inclus\/surveillance-nocturne\/#primaryimage"},"thumbnailUrl":"https:\/\/www.casavio.com\/wp-content\/uploads\/2020\/10\/ca-savio-sorveglianza-notturna-box-dx.jpg","datePublished":"2019-11-07T09:48:31+00:00","dateModified":"2022-11-21T10:03:32+00:00","description":"Au camping Ca'Savio, vous trouverez \u00e9galement un personnel aimable et serviable pendant la nuit, capable de vous aider et de vous soutenir pendant vos vacances au Camping Ca'Savio.","breadcrumb":{"@id":"https:\/\/www.casavio.com\/fr\/services\/services-inclus\/surveillance-nocturne\/#breadcrumb"},"inLanguage":"fr-FR","potentialAction":[{"@type":"ReadAction","target":["https:\/\/www.casavio.com\/fr\/services\/services-inclus\/surveillance-nocturne\/"]}]},{"@type":"ImageObject","inLanguage":"fr-FR","@id":"https:\/\/www.casavio.com\/fr\/services\/services-inclus\/surveillance-nocturne\/#primaryimage","url":"https:\/\/www.casavio.com\/wp-content\/uploads\/2020\/10\/ca-savio-sorveglianza-notturna-box-dx.jpg","contentUrl":"https:\/\/www.casavio.com\/wp-content\/uploads\/2020\/10\/ca-savio-sorveglianza-notturna-box-dx.jpg","width":440,"height":600},{"@type":"BreadcrumbList","@id":"https:\/\/www.casavio.com\/fr\/services\/services-inclus\/surveillance-nocturne\/#breadcrumb","itemListElement":[{"@type":"ListItem","position":1,"name":"Home","item":"https:\/\/www.casavio.com\/fr\/"},{"@type":"ListItem","position":2,"name":"Services","item":"https:\/\/www.casavio.com\/fr\/services\/"},{"@type":"ListItem","position":3,"name":"Services inclus","item":"https:\/\/www.casavio.com\/fr\/services\/services-inclus\/"},{"@type":"ListItem","position":4,"name":"Surveillance nocturne"}]},{"@type":"WebSite","@id":"https:\/\/www.casavio.com\/fr\/#website","url":"https:\/\/www.casavio.com\/fr\/","name":"Camping Ca&#039; Savio","description":"","publisher":{"@id":"https:\/\/www.casavio.com\/fr\/#organization"},"potentialAction":[{"@type":"SearchAction","target":{"@type":"EntryPoint","urlTemplate":"https:\/\/www.casavio.com\/fr\/?s={search_term_string}"},"query-input":{"@type":"PropertyValueSpecification","valueRequired":true,"valueName":"search_term_string"}}],"inLanguage":"fr-FR"},{"@type":"Organization","@id":"https:\/\/www.casavio.com\/fr\/#organization","name":"Camping Ca'Savio","url":"https:\/\/www.casavio.com\/fr\/","logo":{"@type":"ImageObject","inLanguage":"fr-FR","@id":"https:\/\/www.casavio.com\/fr\/#\/schema\/logo\/image\/","url":"https:\/\/www.casavio.com\/wp-content\/uploads\/2024\/04\/favicon.png","contentUrl":"https:\/\/www.casavio.com\/wp-content\/uploads\/2024\/04\/favicon.png","width":144,"height":144,"caption":"Camping Ca'Savio"},"image":{"@id":"https:\/\/www.casavio.com\/fr\/#\/schema\/logo\/image\/"},"sameAs":["https:\/\/www.facebook.com\/campingcasavio","https:\/\/www.instagram.com\/campingcasavio","https:\/\/www.youtube.com\/user\/campingcasavio"]}]}},"_links":{"self":[{"href":"https:\/\/www.casavio.com\/fr\/wp-json\/wp\/v2\/pages\/8817","targetHints":{"allow":["GET"]}}],"collection":[{"href":"https:\/\/www.casavio.com\/fr\/wp-json\/wp\/v2\/pages"}],"about":[{"href":"https:\/\/www.casavio.com\/fr\/wp-json\/wp\/v2\/types\/page"}],"author":[{"embeddable":true,"href":"https:\/\/www.casavio.com\/fr\/wp-json\/wp\/v2\/users\/3"}],"replies":[{"embeddable":true,"href":"https:\/\/www.casavio.com\/fr\/wp-json\/wp\/v2\/comments?post=8817"}],"version-history":[{"count":2,"href":"https:\/\/www.casavio.com\/fr\/wp-json\/wp\/v2\/pages\/8817\/revisions"}],"predecessor-version":[{"id":26009,"href":"https:\/\/www.casavio.com\/fr\/wp-json\/wp\/v2\/pages\/8817\/revisions\/26009"}],"up":[{"embeddable":true,"href":"https:\/\/www.casavio.com\/fr\/wp-json\/wp\/v2\/pages\/8807"}],"wp:featuredmedia":[{"embeddable":true,"href":"https:\/\/www.casavio.com\/fr\/wp-json\/wp\/v2\/media\/14978"}],"wp:attachment":[{"href":"https:\/\/www.casavio.com\/fr\/wp-json\/wp\/v2\/media?parent=8817"}],"curies":[{"name":"wp","href":"https:\/\/api.w.org\/{rel}","templated":true}]}}