{"id":8825,"date":"2019-11-07T10:49:30","date_gmt":"2019-11-07T09:49:30","guid":{"rendered":"https:\/\/www.casavio.com\/services\/services-inclus\/ricarica-auto-elettriche\/"},"modified":"2025-06-06T10:38:41","modified_gmt":"2025-06-06T08:38:41","slug":"recharge-voitures-electriques","status":"publish","type":"page","link":"https:\/\/www.casavio.com\/fr\/services\/services-supplementaires\/recharge-voitures-electriques\/","title":{"rendered":"Recharge voitures \u00e9lectriques"},"content":{"rendered":"<p>La mobilit\u00e9 \u00e9coresponsable et le respect de l\u2019environnement sont depuis toujours deux \u00e9l\u00e9ments tr\u00e8s importants pour le Camping Ca\u2019Savio. Durant les derni\u00e8res ann\u00e9es, nous nous sommes efforc\u00e9s de r\u00e9duire les \u00e9missions et de pr\u00e9server le patrimoine naturel qui nous entoure. Dans cette optique, afin de faciliter les h\u00f4tes qui voyagent avec un v\u00e9hicule \u00e0 faible impact environnemental, nous avons choisi d&rsquo;installer des stations de recharge pour les voitures \u00e9lectriques ou hybrides.<\/p>\n<h3><strong>O\u00f9 recharger votre voiture \u00e9lectrique ?<\/strong><\/h3>\n<p><a href=\"https:\/\/www.casavio.com\/fr\/notre-camping\/plan-du-camping\/\"><strong><u>Deux zones du camping sont \u00e9quip\u00e9es de stations de recharge<\/u><\/strong><\/a>, con\u00e7ues pour vous permettre d&rsquo;utiliser ce service facilement et en toute s\u00e9curit\u00e9. Les v\u00e9hicules \u00e9lectriques ne doivent jamais \u00eatre recharg\u00e9s ailleurs qu&rsquo;aux stations de recharge. Pour des raisons de s\u00e9curit\u00e9 et pour \u00e9viter tout risque d&rsquo;incendie, il est interdit d&rsquo;utiliser les prises \u00e9lectriques des emplacements ou des logements \u00e0 cette fin.<\/p>\n","protected":false},"excerpt":{"rendered":"<p>Une colonne de recharge pour qui comme vous voyage avec une voiture \u00e9lectrique. Demandez au bureau d\u2019informations Customer Care comment l\u2019utiliser et o\u00f9 elle se trouve.  <\/p>\n","protected":false},"author":3,"featured_media":37968,"parent":8840,"menu_order":11,"comment_status":"closed","ping_status":"closed","template":"","meta":{"_acf_changed":false},"class_list":["post-8825","page","type-page","status-publish","has-post-thumbnail","hentry"],"acf":[],"yoast_head":"<!-- This site is optimized with the Yoast SEO plugin v25.3 - https:\/\/yoast.com\/wordpress\/plugins\/seo\/ -->\n<title>Recharge voitures \u00e9lectriques au Camping &#8211; Camping Ca&#039; Savio<\/title>\n<meta name=\"description\" content=\"Une colonne de recharge pour qui comme vous voyage avec une voiture \u00e9lectrique. Demandez au bureau d\u2019informations Customer Care comment l\u2019utiliser et o\u00f9 elle se trouve.\" \/>\n<meta name=\"robots\" content=\"index, follow, max-snippet:-1, max-image-preview:large, max-video-preview:-1\" \/>\n<link rel=\"canonical\" href=\"https:\/\/www.casavio.com\/fr\/services\/services-supplementaires\/recharge-voitures-electriques\/\" \/>\n<meta property=\"og:locale\" content=\"fr_FR\" \/>\n<meta property=\"og:type\" content=\"article\" \/>\n<meta property=\"og:title\" content=\"Recharge voitures \u00e9lectriques au Camping &#8211; Camping Ca&#039; Savio\" \/>\n<meta property=\"og:description\" content=\"Une colonne de recharge pour qui comme vous voyage avec une voiture \u00e9lectrique. Demandez au bureau d\u2019informations Customer Care comment l\u2019utiliser et o\u00f9 elle se trouve.\" \/>\n<meta property=\"og:url\" content=\"https:\/\/www.casavio.com\/fr\/services\/services-supplementaires\/recharge-voitures-electriques\/\" \/>\n<meta property=\"og:site_name\" content=\"Camping Ca&#039; Savio\" \/>\n<meta property=\"article:publisher\" content=\"https:\/\/www.facebook.com\/campingcasavio\" \/>\n<meta property=\"article:modified_time\" content=\"2025-06-06T08:38:41+00:00\" \/>\n<meta property=\"og:image\" content=\"https:\/\/www.casavio.com\/wp-content\/uploads\/2025\/02\/ricarica-auto-elettrica.jpg\" \/>\n\t<meta property=\"og:image:width\" content=\"440\" \/>\n\t<meta property=\"og:image:height\" content=\"600\" \/>\n\t<meta property=\"og:image:type\" content=\"image\/jpeg\" \/>\n<meta name=\"twitter:card\" content=\"summary_large_image\" \/>\n<meta name=\"twitter:label1\" content=\"Dur\u00e9e de lecture estim\u00e9e\" \/>\n\t<meta name=\"twitter:data1\" content=\"1 minute\" \/>\n<script type=\"application\/ld+json\" class=\"yoast-schema-graph\">{\"@context\":\"https:\/\/schema.org\",\"@graph\":[{\"@type\":\"WebPage\",\"@id\":\"https:\/\/www.casavio.com\/fr\/services\/services-supplementaires\/recharge-voitures-electriques\/\",\"url\":\"https:\/\/www.casavio.com\/fr\/services\/services-supplementaires\/recharge-voitures-electriques\/\",\"name\":\"Recharge voitures \u00e9lectriques au Camping &#8211; Camping Ca&#039; Savio\",\"isPartOf\":{\"@id\":\"https:\/\/www.casavio.com\/fr\/#website\"},\"primaryImageOfPage\":{\"@id\":\"https:\/\/www.casavio.com\/fr\/services\/services-supplementaires\/recharge-voitures-electriques\/#primaryimage\"},\"image\":{\"@id\":\"https:\/\/www.casavio.com\/fr\/services\/services-supplementaires\/recharge-voitures-electriques\/#primaryimage\"},\"thumbnailUrl\":\"https:\/\/www.casavio.com\/wp-content\/uploads\/2025\/02\/ricarica-auto-elettrica.jpg\",\"datePublished\":\"2019-11-07T09:49:30+00:00\",\"dateModified\":\"2025-06-06T08:38:41+00:00\",\"description\":\"Une colonne de recharge pour qui comme vous voyage avec une voiture \u00e9lectrique. Demandez au bureau d\u2019informations Customer Care comment l\u2019utiliser et o\u00f9 elle se trouve.\",\"breadcrumb\":{\"@id\":\"https:\/\/www.casavio.com\/fr\/services\/services-supplementaires\/recharge-voitures-electriques\/#breadcrumb\"},\"inLanguage\":\"fr-FR\",\"potentialAction\":[{\"@type\":\"ReadAction\",\"target\":[\"https:\/\/www.casavio.com\/fr\/services\/services-supplementaires\/recharge-voitures-electriques\/\"]}]},{\"@type\":\"ImageObject\",\"inLanguage\":\"fr-FR\",\"@id\":\"https:\/\/www.casavio.com\/fr\/services\/services-supplementaires\/recharge-voitures-electriques\/#primaryimage\",\"url\":\"https:\/\/www.casavio.com\/wp-content\/uploads\/2025\/02\/ricarica-auto-elettrica.jpg\",\"contentUrl\":\"https:\/\/www.casavio.com\/wp-content\/uploads\/2025\/02\/ricarica-auto-elettrica.jpg\",\"width\":440,\"height\":600},{\"@type\":\"BreadcrumbList\",\"@id\":\"https:\/\/www.casavio.com\/fr\/services\/services-supplementaires\/recharge-voitures-electriques\/#breadcrumb\",\"itemListElement\":[{\"@type\":\"ListItem\",\"position\":1,\"name\":\"Home\",\"item\":\"https:\/\/www.casavio.com\/fr\/\"},{\"@type\":\"ListItem\",\"position\":2,\"name\":\"Services\",\"item\":\"https:\/\/www.casavio.com\/fr\/services\/\"},{\"@type\":\"ListItem\",\"position\":3,\"name\":\"Services suppl\u00e9mentaires\",\"item\":\"https:\/\/www.casavio.com\/fr\/services\/services-supplementaires\/\"},{\"@type\":\"ListItem\",\"position\":4,\"name\":\"Recharge voitures \u00e9lectriques\"}]},{\"@type\":\"WebSite\",\"@id\":\"https:\/\/www.casavio.com\/fr\/#website\",\"url\":\"https:\/\/www.casavio.com\/fr\/\",\"name\":\"Camping Ca&#039; Savio\",\"description\":\"\",\"publisher\":{\"@id\":\"https:\/\/www.casavio.com\/fr\/#organization\"},\"potentialAction\":[{\"@type\":\"SearchAction\",\"target\":{\"@type\":\"EntryPoint\",\"urlTemplate\":\"https:\/\/www.casavio.com\/fr\/?s={search_term_string}\"},\"query-input\":{\"@type\":\"PropertyValueSpecification\",\"valueRequired\":true,\"valueName\":\"search_term_string\"}}],\"inLanguage\":\"fr-FR\"},{\"@type\":\"Organization\",\"@id\":\"https:\/\/www.casavio.com\/fr\/#organization\",\"name\":\"Camping Ca'Savio\",\"url\":\"https:\/\/www.casavio.com\/fr\/\",\"logo\":{\"@type\":\"ImageObject\",\"inLanguage\":\"fr-FR\",\"@id\":\"https:\/\/www.casavio.com\/fr\/#\/schema\/logo\/image\/\",\"url\":\"https:\/\/www.casavio.com\/wp-content\/uploads\/2024\/04\/favicon.png\",\"contentUrl\":\"https:\/\/www.casavio.com\/wp-content\/uploads\/2024\/04\/favicon.png\",\"width\":144,\"height\":144,\"caption\":\"Camping Ca'Savio\"},\"image\":{\"@id\":\"https:\/\/www.casavio.com\/fr\/#\/schema\/logo\/image\/\"},\"sameAs\":[\"https:\/\/www.facebook.com\/campingcasavio\",\"https:\/\/www.instagram.com\/campingcasavio\",\"https:\/\/www.youtube.com\/user\/campingcasavio\"]}]}<\/script>\n<!-- \/ Yoast SEO plugin. -->","yoast_head_json":{"title":"Recharge voitures \u00e9lectriques au Camping &#8211; Camping Ca&#039; Savio","description":"Une colonne de recharge pour qui comme vous voyage avec une voiture \u00e9lectrique. Demandez au bureau d\u2019informations Customer Care comment l\u2019utiliser et o\u00f9 elle se trouve.","robots":{"index":"index","follow":"follow","max-snippet":"max-snippet:-1","max-image-preview":"max-image-preview:large","max-video-preview":"max-video-preview:-1"},"canonical":"https:\/\/www.casavio.com\/fr\/services\/services-supplementaires\/recharge-voitures-electriques\/","og_locale":"fr_FR","og_type":"article","og_title":"Recharge voitures \u00e9lectriques au Camping &#8211; Camping Ca&#039; Savio","og_description":"Une colonne de recharge pour qui comme vous voyage avec une voiture \u00e9lectrique. Demandez au bureau d\u2019informations Customer Care comment l\u2019utiliser et o\u00f9 elle se trouve.","og_url":"https:\/\/www.casavio.com\/fr\/services\/services-supplementaires\/recharge-voitures-electriques\/","og_site_name":"Camping Ca&#039; Savio","article_publisher":"https:\/\/www.facebook.com\/campingcasavio","article_modified_time":"2025-06-06T08:38:41+00:00","og_image":[{"width":440,"height":600,"url":"https:\/\/www.casavio.com\/wp-content\/uploads\/2025\/02\/ricarica-auto-elettrica.jpg","type":"image\/jpeg"}],"twitter_card":"summary_large_image","twitter_misc":{"Dur\u00e9e de lecture estim\u00e9e":"1 minute"},"schema":{"@context":"https:\/\/schema.org","@graph":[{"@type":"WebPage","@id":"https:\/\/www.casavio.com\/fr\/services\/services-supplementaires\/recharge-voitures-electriques\/","url":"https:\/\/www.casavio.com\/fr\/services\/services-supplementaires\/recharge-voitures-electriques\/","name":"Recharge voitures \u00e9lectriques au Camping &#8211; Camping Ca&#039; Savio","isPartOf":{"@id":"https:\/\/www.casavio.com\/fr\/#website"},"primaryImageOfPage":{"@id":"https:\/\/www.casavio.com\/fr\/services\/services-supplementaires\/recharge-voitures-electriques\/#primaryimage"},"image":{"@id":"https:\/\/www.casavio.com\/fr\/services\/services-supplementaires\/recharge-voitures-electriques\/#primaryimage"},"thumbnailUrl":"https:\/\/www.casavio.com\/wp-content\/uploads\/2025\/02\/ricarica-auto-elettrica.jpg","datePublished":"2019-11-07T09:49:30+00:00","dateModified":"2025-06-06T08:38:41+00:00","description":"Une colonne de recharge pour qui comme vous voyage avec une voiture \u00e9lectrique. Demandez au bureau d\u2019informations Customer Care comment l\u2019utiliser et o\u00f9 elle se trouve.","breadcrumb":{"@id":"https:\/\/www.casavio.com\/fr\/services\/services-supplementaires\/recharge-voitures-electriques\/#breadcrumb"},"inLanguage":"fr-FR","potentialAction":[{"@type":"ReadAction","target":["https:\/\/www.casavio.com\/fr\/services\/services-supplementaires\/recharge-voitures-electriques\/"]}]},{"@type":"ImageObject","inLanguage":"fr-FR","@id":"https:\/\/www.casavio.com\/fr\/services\/services-supplementaires\/recharge-voitures-electriques\/#primaryimage","url":"https:\/\/www.casavio.com\/wp-content\/uploads\/2025\/02\/ricarica-auto-elettrica.jpg","contentUrl":"https:\/\/www.casavio.com\/wp-content\/uploads\/2025\/02\/ricarica-auto-elettrica.jpg","width":440,"height":600},{"@type":"BreadcrumbList","@id":"https:\/\/www.casavio.com\/fr\/services\/services-supplementaires\/recharge-voitures-electriques\/#breadcrumb","itemListElement":[{"@type":"ListItem","position":1,"name":"Home","item":"https:\/\/www.casavio.com\/fr\/"},{"@type":"ListItem","position":2,"name":"Services","item":"https:\/\/www.casavio.com\/fr\/services\/"},{"@type":"ListItem","position":3,"name":"Services suppl\u00e9mentaires","item":"https:\/\/www.casavio.com\/fr\/services\/services-supplementaires\/"},{"@type":"ListItem","position":4,"name":"Recharge voitures \u00e9lectriques"}]},{"@type":"WebSite","@id":"https:\/\/www.casavio.com\/fr\/#website","url":"https:\/\/www.casavio.com\/fr\/","name":"Camping Ca&#039; Savio","description":"","publisher":{"@id":"https:\/\/www.casavio.com\/fr\/#organization"},"potentialAction":[{"@type":"SearchAction","target":{"@type":"EntryPoint","urlTemplate":"https:\/\/www.casavio.com\/fr\/?s={search_term_string}"},"query-input":{"@type":"PropertyValueSpecification","valueRequired":true,"valueName":"search_term_string"}}],"inLanguage":"fr-FR"},{"@type":"Organization","@id":"https:\/\/www.casavio.com\/fr\/#organization","name":"Camping Ca'Savio","url":"https:\/\/www.casavio.com\/fr\/","logo":{"@type":"ImageObject","inLanguage":"fr-FR","@id":"https:\/\/www.casavio.com\/fr\/#\/schema\/logo\/image\/","url":"https:\/\/www.casavio.com\/wp-content\/uploads\/2024\/04\/favicon.png","contentUrl":"https:\/\/www.casavio.com\/wp-content\/uploads\/2024\/04\/favicon.png","width":144,"height":144,"caption":"Camping Ca'Savio"},"image":{"@id":"https:\/\/www.casavio.com\/fr\/#\/schema\/logo\/image\/"},"sameAs":["https:\/\/www.facebook.com\/campingcasavio","https:\/\/www.instagram.com\/campingcasavio","https:\/\/www.youtube.com\/user\/campingcasavio"]}]}},"_links":{"self":[{"href":"https:\/\/www.casavio.com\/fr\/wp-json\/wp\/v2\/pages\/8825","targetHints":{"allow":["GET"]}}],"collection":[{"href":"https:\/\/www.casavio.com\/fr\/wp-json\/wp\/v2\/pages"}],"about":[{"href":"https:\/\/www.casavio.com\/fr\/wp-json\/wp\/v2\/types\/page"}],"author":[{"embeddable":true,"href":"https:\/\/www.casavio.com\/fr\/wp-json\/wp\/v2\/users\/3"}],"replies":[{"embeddable":true,"href":"https:\/\/www.casavio.com\/fr\/wp-json\/wp\/v2\/comments?post=8825"}],"version-history":[{"count":2,"href":"https:\/\/www.casavio.com\/fr\/wp-json\/wp\/v2\/pages\/8825\/revisions"}],"predecessor-version":[{"id":40461,"href":"https:\/\/www.casavio.com\/fr\/wp-json\/wp\/v2\/pages\/8825\/revisions\/40461"}],"up":[{"embeddable":true,"href":"https:\/\/www.casavio.com\/fr\/wp-json\/wp\/v2\/pages\/8840"}],"wp:featuredmedia":[{"embeddable":true,"href":"https:\/\/www.casavio.com\/fr\/wp-json\/wp\/v2\/media\/37968"}],"wp:attachment":[{"href":"https:\/\/www.casavio.com\/fr\/wp-json\/wp\/v2\/media?parent=8825"}],"curies":[{"name":"wp","href":"https:\/\/api.w.org\/{rel}","templated":true}]}}