{"id":8836,"date":"2019-11-07T10:50:48","date_gmt":"2019-11-07T09:50:48","guid":{"rendered":"https:\/\/www.casavio.com\/services\/services-inclus\/infermeria\/"},"modified":"2020-10-19T15:10:05","modified_gmt":"2020-10-19T13:10:05","slug":"infirmerie","status":"publish","type":"page","link":"https:\/\/www.casavio.com\/fr\/services\/services-inclus\/infirmerie\/","title":{"rendered":"Infirmerie"},"content":{"rendered":"<p>Pour garantir \u00e0 nos h\u00f4tes un agr\u00e9able s\u00e9jour et sans soucis, notre infirmi\u00e8re bienveillante et comp\u00e9tente est \u00e0 votre disposition pour n\u2019importe quel probl\u00e8me de sant\u00e9 aupr\u00e8s de l\u2019<strong>infirmerie<\/strong> du camping, situ\u00e9e dans le b\u00e2timent principal, \u00e0 c\u00f4t\u00e9 de la r\u00e9ception.<\/p>\n<p>N\u2019h\u00e9sitez pas \u00e0 la consulter pour un simple conseil! Vous ne parlez ni italien ni anglais?<\/p>\n<p>Pas de probl\u00e8me. Demandez \u00e0 la <a href=\"https:\/\/www.casavio.com\/fr\/services\/services-inclus\/reception\/\">R\u00e9ception<\/a> ou au bureau d\u2019informations <a href=\"https:\/\/www.casavio.com\/fr\/services\/services-inclus\/customer-care\/\">Customer Care<\/a>: notre personnel sera heureux de vous assister.<\/p>\n","protected":false},"excerpt":{"rendered":"<p>Un service gratuit \u00e0 votre disposition en cas de n\u00e9cessit\u00e9, pour rester tranquille m\u00eame loin de chez vous. <\/p>\n","protected":false},"author":3,"featured_media":14612,"parent":8807,"menu_order":39,"comment_status":"closed","ping_status":"closed","template":"","meta":{"_acf_changed":false},"class_list":["post-8836","page","type-page","status-publish","has-post-thumbnail","hentry"],"acf":[],"yoast_head":"<!-- This site is optimized with the Yoast SEO plugin v25.3 - https:\/\/yoast.com\/wordpress\/plugins\/seo\/ -->\n<title>Infirmerie du Camping &#8211; Camping Ca&#039; Savio<\/title>\n<meta name=\"description\" content=\"Pour garantir \u00e0 nos h\u00f4tes un agr\u00e9able s\u00e9jour et sans soucis, notre infirmi\u00e8re bienveillante et comp\u00e9tente est \u00e0 votre disposition pour n\u2019importe quel probl\u00e8me de sant\u00e9 aupr\u00e8s de l\u2019infirmerie du camping.\" \/>\n<meta name=\"robots\" content=\"index, follow, max-snippet:-1, max-image-preview:large, max-video-preview:-1\" \/>\n<link rel=\"canonical\" href=\"https:\/\/www.casavio.com\/fr\/services\/services-inclus\/infirmerie\/\" \/>\n<meta property=\"og:locale\" content=\"fr_FR\" \/>\n<meta property=\"og:type\" content=\"article\" \/>\n<meta property=\"og:title\" content=\"Infirmerie du Camping &#8211; Camping Ca&#039; Savio\" \/>\n<meta property=\"og:description\" content=\"Pour garantir \u00e0 nos h\u00f4tes un agr\u00e9able s\u00e9jour et sans soucis, notre infirmi\u00e8re bienveillante et comp\u00e9tente est \u00e0 votre disposition pour n\u2019importe quel probl\u00e8me de sant\u00e9 aupr\u00e8s de l\u2019infirmerie du camping.\" \/>\n<meta property=\"og:url\" content=\"https:\/\/www.casavio.com\/fr\/services\/services-inclus\/infirmerie\/\" \/>\n<meta property=\"og:site_name\" content=\"Camping Ca&#039; Savio\" \/>\n<meta property=\"article:publisher\" content=\"https:\/\/www.facebook.com\/campingcasavio\" \/>\n<meta property=\"article:modified_time\" content=\"2020-10-19T13:10:05+00:00\" \/>\n<meta property=\"og:image\" content=\"https:\/\/www.casavio.com\/wp-content\/uploads\/2020\/10\/ca-savio-infermeria-anteprima.jpg\" \/>\n\t<meta property=\"og:image:width\" content=\"440\" \/>\n\t<meta property=\"og:image:height\" content=\"600\" \/>\n\t<meta property=\"og:image:type\" content=\"image\/jpeg\" \/>\n<meta name=\"twitter:card\" content=\"summary_large_image\" \/>\n<script type=\"application\/ld+json\" class=\"yoast-schema-graph\">{\"@context\":\"https:\/\/schema.org\",\"@graph\":[{\"@type\":\"WebPage\",\"@id\":\"https:\/\/www.casavio.com\/fr\/services\/services-inclus\/infirmerie\/\",\"url\":\"https:\/\/www.casavio.com\/fr\/services\/services-inclus\/infirmerie\/\",\"name\":\"Infirmerie du Camping &#8211; Camping Ca&#039; Savio\",\"isPartOf\":{\"@id\":\"https:\/\/www.casavio.com\/fr\/#website\"},\"primaryImageOfPage\":{\"@id\":\"https:\/\/www.casavio.com\/fr\/services\/services-inclus\/infirmerie\/#primaryimage\"},\"image\":{\"@id\":\"https:\/\/www.casavio.com\/fr\/services\/services-inclus\/infirmerie\/#primaryimage\"},\"thumbnailUrl\":\"https:\/\/www.casavio.com\/wp-content\/uploads\/2020\/10\/ca-savio-infermeria-anteprima.jpg\",\"datePublished\":\"2019-11-07T09:50:48+00:00\",\"dateModified\":\"2020-10-19T13:10:05+00:00\",\"description\":\"Pour garantir \u00e0 nos h\u00f4tes un agr\u00e9able s\u00e9jour et sans soucis, notre infirmi\u00e8re bienveillante et comp\u00e9tente est \u00e0 votre disposition pour n\u2019importe quel probl\u00e8me de sant\u00e9 aupr\u00e8s de l\u2019infirmerie du camping.\",\"breadcrumb\":{\"@id\":\"https:\/\/www.casavio.com\/fr\/services\/services-inclus\/infirmerie\/#breadcrumb\"},\"inLanguage\":\"fr-FR\",\"potentialAction\":[{\"@type\":\"ReadAction\",\"target\":[\"https:\/\/www.casavio.com\/fr\/services\/services-inclus\/infirmerie\/\"]}]},{\"@type\":\"ImageObject\",\"inLanguage\":\"fr-FR\",\"@id\":\"https:\/\/www.casavio.com\/fr\/services\/services-inclus\/infirmerie\/#primaryimage\",\"url\":\"https:\/\/www.casavio.com\/wp-content\/uploads\/2020\/10\/ca-savio-infermeria-anteprima.jpg\",\"contentUrl\":\"https:\/\/www.casavio.com\/wp-content\/uploads\/2020\/10\/ca-savio-infermeria-anteprima.jpg\",\"width\":440,\"height\":600},{\"@type\":\"BreadcrumbList\",\"@id\":\"https:\/\/www.casavio.com\/fr\/services\/services-inclus\/infirmerie\/#breadcrumb\",\"itemListElement\":[{\"@type\":\"ListItem\",\"position\":1,\"name\":\"Home\",\"item\":\"https:\/\/www.casavio.com\/fr\/\"},{\"@type\":\"ListItem\",\"position\":2,\"name\":\"Services\",\"item\":\"https:\/\/www.casavio.com\/fr\/services\/\"},{\"@type\":\"ListItem\",\"position\":3,\"name\":\"Services inclus\",\"item\":\"https:\/\/www.casavio.com\/fr\/services\/services-inclus\/\"},{\"@type\":\"ListItem\",\"position\":4,\"name\":\"Infirmerie\"}]},{\"@type\":\"WebSite\",\"@id\":\"https:\/\/www.casavio.com\/fr\/#website\",\"url\":\"https:\/\/www.casavio.com\/fr\/\",\"name\":\"Camping Ca&#039; Savio\",\"description\":\"\",\"publisher\":{\"@id\":\"https:\/\/www.casavio.com\/fr\/#organization\"},\"potentialAction\":[{\"@type\":\"SearchAction\",\"target\":{\"@type\":\"EntryPoint\",\"urlTemplate\":\"https:\/\/www.casavio.com\/fr\/?s={search_term_string}\"},\"query-input\":{\"@type\":\"PropertyValueSpecification\",\"valueRequired\":true,\"valueName\":\"search_term_string\"}}],\"inLanguage\":\"fr-FR\"},{\"@type\":\"Organization\",\"@id\":\"https:\/\/www.casavio.com\/fr\/#organization\",\"name\":\"Camping Ca'Savio\",\"url\":\"https:\/\/www.casavio.com\/fr\/\",\"logo\":{\"@type\":\"ImageObject\",\"inLanguage\":\"fr-FR\",\"@id\":\"https:\/\/www.casavio.com\/fr\/#\/schema\/logo\/image\/\",\"url\":\"https:\/\/www.casavio.com\/wp-content\/uploads\/2024\/04\/favicon.png\",\"contentUrl\":\"https:\/\/www.casavio.com\/wp-content\/uploads\/2024\/04\/favicon.png\",\"width\":144,\"height\":144,\"caption\":\"Camping Ca'Savio\"},\"image\":{\"@id\":\"https:\/\/www.casavio.com\/fr\/#\/schema\/logo\/image\/\"},\"sameAs\":[\"https:\/\/www.facebook.com\/campingcasavio\",\"https:\/\/www.instagram.com\/campingcasavio\",\"https:\/\/www.youtube.com\/user\/campingcasavio\"]}]}<\/script>\n<!-- \/ Yoast SEO plugin. -->","yoast_head_json":{"title":"Infirmerie du Camping &#8211; Camping Ca&#039; Savio","description":"Pour garantir \u00e0 nos h\u00f4tes un agr\u00e9able s\u00e9jour et sans soucis, notre infirmi\u00e8re bienveillante et comp\u00e9tente est \u00e0 votre disposition pour n\u2019importe quel probl\u00e8me de sant\u00e9 aupr\u00e8s de l\u2019infirmerie du camping.","robots":{"index":"index","follow":"follow","max-snippet":"max-snippet:-1","max-image-preview":"max-image-preview:large","max-video-preview":"max-video-preview:-1"},"canonical":"https:\/\/www.casavio.com\/fr\/services\/services-inclus\/infirmerie\/","og_locale":"fr_FR","og_type":"article","og_title":"Infirmerie du Camping &#8211; Camping Ca&#039; Savio","og_description":"Pour garantir \u00e0 nos h\u00f4tes un agr\u00e9able s\u00e9jour et sans soucis, notre infirmi\u00e8re bienveillante et comp\u00e9tente est \u00e0 votre disposition pour n\u2019importe quel probl\u00e8me de sant\u00e9 aupr\u00e8s de l\u2019infirmerie du camping.","og_url":"https:\/\/www.casavio.com\/fr\/services\/services-inclus\/infirmerie\/","og_site_name":"Camping Ca&#039; Savio","article_publisher":"https:\/\/www.facebook.com\/campingcasavio","article_modified_time":"2020-10-19T13:10:05+00:00","og_image":[{"width":440,"height":600,"url":"https:\/\/www.casavio.com\/wp-content\/uploads\/2020\/10\/ca-savio-infermeria-anteprima.jpg","type":"image\/jpeg"}],"twitter_card":"summary_large_image","schema":{"@context":"https:\/\/schema.org","@graph":[{"@type":"WebPage","@id":"https:\/\/www.casavio.com\/fr\/services\/services-inclus\/infirmerie\/","url":"https:\/\/www.casavio.com\/fr\/services\/services-inclus\/infirmerie\/","name":"Infirmerie du Camping &#8211; Camping Ca&#039; Savio","isPartOf":{"@id":"https:\/\/www.casavio.com\/fr\/#website"},"primaryImageOfPage":{"@id":"https:\/\/www.casavio.com\/fr\/services\/services-inclus\/infirmerie\/#primaryimage"},"image":{"@id":"https:\/\/www.casavio.com\/fr\/services\/services-inclus\/infirmerie\/#primaryimage"},"thumbnailUrl":"https:\/\/www.casavio.com\/wp-content\/uploads\/2020\/10\/ca-savio-infermeria-anteprima.jpg","datePublished":"2019-11-07T09:50:48+00:00","dateModified":"2020-10-19T13:10:05+00:00","description":"Pour garantir \u00e0 nos h\u00f4tes un agr\u00e9able s\u00e9jour et sans soucis, notre infirmi\u00e8re bienveillante et comp\u00e9tente est \u00e0 votre disposition pour n\u2019importe quel probl\u00e8me de sant\u00e9 aupr\u00e8s de l\u2019infirmerie du camping.","breadcrumb":{"@id":"https:\/\/www.casavio.com\/fr\/services\/services-inclus\/infirmerie\/#breadcrumb"},"inLanguage":"fr-FR","potentialAction":[{"@type":"ReadAction","target":["https:\/\/www.casavio.com\/fr\/services\/services-inclus\/infirmerie\/"]}]},{"@type":"ImageObject","inLanguage":"fr-FR","@id":"https:\/\/www.casavio.com\/fr\/services\/services-inclus\/infirmerie\/#primaryimage","url":"https:\/\/www.casavio.com\/wp-content\/uploads\/2020\/10\/ca-savio-infermeria-anteprima.jpg","contentUrl":"https:\/\/www.casavio.com\/wp-content\/uploads\/2020\/10\/ca-savio-infermeria-anteprima.jpg","width":440,"height":600},{"@type":"BreadcrumbList","@id":"https:\/\/www.casavio.com\/fr\/services\/services-inclus\/infirmerie\/#breadcrumb","itemListElement":[{"@type":"ListItem","position":1,"name":"Home","item":"https:\/\/www.casavio.com\/fr\/"},{"@type":"ListItem","position":2,"name":"Services","item":"https:\/\/www.casavio.com\/fr\/services\/"},{"@type":"ListItem","position":3,"name":"Services inclus","item":"https:\/\/www.casavio.com\/fr\/services\/services-inclus\/"},{"@type":"ListItem","position":4,"name":"Infirmerie"}]},{"@type":"WebSite","@id":"https:\/\/www.casavio.com\/fr\/#website","url":"https:\/\/www.casavio.com\/fr\/","name":"Camping Ca&#039; Savio","description":"","publisher":{"@id":"https:\/\/www.casavio.com\/fr\/#organization"},"potentialAction":[{"@type":"SearchAction","target":{"@type":"EntryPoint","urlTemplate":"https:\/\/www.casavio.com\/fr\/?s={search_term_string}"},"query-input":{"@type":"PropertyValueSpecification","valueRequired":true,"valueName":"search_term_string"}}],"inLanguage":"fr-FR"},{"@type":"Organization","@id":"https:\/\/www.casavio.com\/fr\/#organization","name":"Camping Ca'Savio","url":"https:\/\/www.casavio.com\/fr\/","logo":{"@type":"ImageObject","inLanguage":"fr-FR","@id":"https:\/\/www.casavio.com\/fr\/#\/schema\/logo\/image\/","url":"https:\/\/www.casavio.com\/wp-content\/uploads\/2024\/04\/favicon.png","contentUrl":"https:\/\/www.casavio.com\/wp-content\/uploads\/2024\/04\/favicon.png","width":144,"height":144,"caption":"Camping Ca'Savio"},"image":{"@id":"https:\/\/www.casavio.com\/fr\/#\/schema\/logo\/image\/"},"sameAs":["https:\/\/www.facebook.com\/campingcasavio","https:\/\/www.instagram.com\/campingcasavio","https:\/\/www.youtube.com\/user\/campingcasavio"]}]}},"_links":{"self":[{"href":"https:\/\/www.casavio.com\/fr\/wp-json\/wp\/v2\/pages\/8836","targetHints":{"allow":["GET"]}}],"collection":[{"href":"https:\/\/www.casavio.com\/fr\/wp-json\/wp\/v2\/pages"}],"about":[{"href":"https:\/\/www.casavio.com\/fr\/wp-json\/wp\/v2\/types\/page"}],"author":[{"embeddable":true,"href":"https:\/\/www.casavio.com\/fr\/wp-json\/wp\/v2\/users\/3"}],"replies":[{"embeddable":true,"href":"https:\/\/www.casavio.com\/fr\/wp-json\/wp\/v2\/comments?post=8836"}],"version-history":[{"count":2,"href":"https:\/\/www.casavio.com\/fr\/wp-json\/wp\/v2\/pages\/8836\/revisions"}],"predecessor-version":[{"id":14660,"href":"https:\/\/www.casavio.com\/fr\/wp-json\/wp\/v2\/pages\/8836\/revisions\/14660"}],"up":[{"embeddable":true,"href":"https:\/\/www.casavio.com\/fr\/wp-json\/wp\/v2\/pages\/8807"}],"wp:featuredmedia":[{"embeddable":true,"href":"https:\/\/www.casavio.com\/fr\/wp-json\/wp\/v2\/media\/14612"}],"wp:attachment":[{"href":"https:\/\/www.casavio.com\/fr\/wp-json\/wp\/v2\/media?parent=8836"}],"curies":[{"name":"wp","href":"https:\/\/api.w.org\/{rel}","templated":true}]}}