{"id":8846,"date":"2019-11-28T17:10:30","date_gmt":"2019-11-28T16:10:30","guid":{"rendered":"https:\/\/www.casavio.com\/services\/services-supplementaires\/transfer-aeroporto\/"},"modified":"2026-01-28T11:56:10","modified_gmt":"2026-01-28T10:56:10","slug":"transfert-aeroport","status":"publish","type":"page","link":"https:\/\/www.casavio.com\/fr\/services\/services-supplementaires\/transfert-aeroport\/","title":{"rendered":"Transfert a\u00e9roport (Venise \/ Tr\u00e9vise)"},"content":{"rendered":"<p>Tarifs sp\u00e9ciaux clients Camping Ca\u2019Savio.<\/p>\n<p><strong>A\u00e9roport \u00ab\u00a0Marco Polo\u00a0\u00bb (Venise)<\/strong> &#8211; Camping Ca\u2019Savio, ou Camping Ca\u2019Savio &#8211; A\u00e9roport Marco Polo (Venise):<\/p>\n<ul>\n<li>Taxi jusqu&rsquo;\u00e0 4 personnes \u20ac 105,00<\/li>\n<li>Taxi pour 5 personnes \u20ac 110,00<\/li>\n<li>Taxi pour 6 personnes \u20ac 115,00<\/li>\n<li>Taxi pour 7 personnes \u20ac 120,00<\/li>\n<li>Taxi pour 8 personnes \u20ac 125,00.<\/li>\n<\/ul>\n<p><strong>A\u00e9roport de Tr\u00e9vise<\/strong> &#8211; Camping Ca\u2019Savio, ou Camping Ca\u2019Savio &#8211; A\u00e9roport de Tr\u00e9vise:<\/p>\n<ul>\n<li>Taxi jusqu&rsquo;\u00e0 4 personnes \u20ac 120,00<\/li>\n<li>Taxi pour 5 personnes \u20ac 125,00<\/li>\n<li>Taxi pour 6 personnes \u20ac 130,00<\/li>\n<li>Taxi pour 7 personnes \u20ac 135,00<\/li>\n<li>Taxi pour 8 personnes \u20ac 140,00.<\/li>\n<\/ul>\n<p>Si\u00e8ges pour enfants <a href=\"https:\/\/reservations.casavio.com\/contact\">sur demande<\/a>.<\/p>\n<p>Transfer de 22h00 \u00e0 7h00, dimanche et jours f\u00e9ri\u00e9s: 20% de suppl\u00e9ment.<br \/>\n1 bagage par personne est inclus dans le prix. Bagage suppl\u00e9mentaire : 3\u20ac.<\/p>\n<p>Le chauffeur de taxi vous attendra au d\u00e9barquement.<br \/>\nVous devez r\u00e9gler la course sur place directement au chauffeur.<\/p>\n<p>Demandez le service au moins 3 jours avant votre arriv\u00e9e \u00e0 l&rsquo;a\u00e9roport et nous vous r\u00e9pondront d\u2019ici 48 heures (sauf le week-end d\u2019Octobre \u00e0 Mai).<\/p>\n","protected":false},"excerpt":{"rendered":"<p>Tarifs sp\u00e9ciaux pour les transferts en taxi depuis et vers l&rsquo;a\u00e9roport de Venise Marco Polo et l&rsquo;a\u00e9roport de Tr\u00e9vise Canova.<\/p>\n","protected":false},"author":3,"featured_media":5341,"parent":8840,"menu_order":10,"comment_status":"closed","ping_status":"closed","template":"templates\/tpl-taxi-transfer.php","meta":{"_acf_changed":false},"class_list":["post-8846","page","type-page","status-publish","has-post-thumbnail","hentry"],"acf":[],"yoast_head":"<!-- This site is optimized with the Yoast SEO plugin v25.3 - https:\/\/yoast.com\/wordpress\/plugins\/seo\/ -->\n<title>Transfert a\u00e9roport \u00e0 des tarifs sp\u00e9ciaux &#8211; Camping Ca&#039; Savio<\/title>\n<meta name=\"description\" content=\"D\u00e9couvrez les tarifs sp\u00e9ciaux du Camping Ca &#039;Savio pour le service de transfert avec les a\u00e9roports de Venise et Tr\u00e9vise.\" \/>\n<meta name=\"robots\" content=\"index, follow, max-snippet:-1, max-image-preview:large, max-video-preview:-1\" \/>\n<link rel=\"canonical\" href=\"https:\/\/www.casavio.com\/fr\/services\/services-supplementaires\/transfert-aeroport\/\" \/>\n<meta property=\"og:locale\" content=\"fr_FR\" \/>\n<meta property=\"og:type\" content=\"article\" \/>\n<meta property=\"og:title\" content=\"Transfert a\u00e9roport \u00e0 des tarifs sp\u00e9ciaux &#8211; Camping Ca&#039; Savio\" \/>\n<meta property=\"og:description\" content=\"D\u00e9couvrez les tarifs sp\u00e9ciaux du Camping Ca &#039;Savio pour le service de transfert avec les a\u00e9roports de Venise et Tr\u00e9vise.\" \/>\n<meta property=\"og:url\" content=\"https:\/\/www.casavio.com\/fr\/services\/services-supplementaires\/transfert-aeroport\/\" \/>\n<meta property=\"og:site_name\" content=\"Camping Ca&#039; Savio\" \/>\n<meta property=\"article:publisher\" content=\"https:\/\/www.facebook.com\/campingcasavio\" \/>\n<meta property=\"article:modified_time\" content=\"2026-01-28T10:56:10+00:00\" \/>\n<meta property=\"og:image\" content=\"https:\/\/www.casavio.com\/wp-content\/uploads\/2019\/11\/ca-savio-transfer-aeroporto.jpg\" \/>\n\t<meta property=\"og:image:width\" content=\"440\" \/>\n\t<meta property=\"og:image:height\" content=\"600\" \/>\n\t<meta property=\"og:image:type\" content=\"image\/jpeg\" \/>\n<meta name=\"twitter:card\" content=\"summary_large_image\" \/>\n<meta name=\"twitter:label1\" content=\"Dur\u00e9e de lecture estim\u00e9e\" \/>\n\t<meta name=\"twitter:data1\" content=\"2 minutes\" \/>\n<script type=\"application\/ld+json\" class=\"yoast-schema-graph\">{\"@context\":\"https:\/\/schema.org\",\"@graph\":[{\"@type\":\"WebPage\",\"@id\":\"https:\/\/www.casavio.com\/fr\/services\/services-supplementaires\/transfert-aeroport\/\",\"url\":\"https:\/\/www.casavio.com\/fr\/services\/services-supplementaires\/transfert-aeroport\/\",\"name\":\"Transfert a\u00e9roport \u00e0 des tarifs sp\u00e9ciaux &#8211; Camping Ca&#039; Savio\",\"isPartOf\":{\"@id\":\"https:\/\/www.casavio.com\/fr\/#website\"},\"primaryImageOfPage\":{\"@id\":\"https:\/\/www.casavio.com\/fr\/services\/services-supplementaires\/transfert-aeroport\/#primaryimage\"},\"image\":{\"@id\":\"https:\/\/www.casavio.com\/fr\/services\/services-supplementaires\/transfert-aeroport\/#primaryimage\"},\"thumbnailUrl\":\"https:\/\/www.casavio.com\/wp-content\/uploads\/2019\/11\/ca-savio-transfer-aeroporto.jpg\",\"datePublished\":\"2019-11-28T16:10:30+00:00\",\"dateModified\":\"2026-01-28T10:56:10+00:00\",\"description\":\"D\u00e9couvrez les tarifs sp\u00e9ciaux du Camping Ca 'Savio pour le service de transfert avec les a\u00e9roports de Venise et Tr\u00e9vise.\",\"breadcrumb\":{\"@id\":\"https:\/\/www.casavio.com\/fr\/services\/services-supplementaires\/transfert-aeroport\/#breadcrumb\"},\"inLanguage\":\"fr-FR\",\"potentialAction\":[{\"@type\":\"ReadAction\",\"target\":[\"https:\/\/www.casavio.com\/fr\/services\/services-supplementaires\/transfert-aeroport\/\"]}]},{\"@type\":\"ImageObject\",\"inLanguage\":\"fr-FR\",\"@id\":\"https:\/\/www.casavio.com\/fr\/services\/services-supplementaires\/transfert-aeroport\/#primaryimage\",\"url\":\"https:\/\/www.casavio.com\/wp-content\/uploads\/2019\/11\/ca-savio-transfer-aeroporto.jpg\",\"contentUrl\":\"https:\/\/www.casavio.com\/wp-content\/uploads\/2019\/11\/ca-savio-transfer-aeroporto.jpg\",\"width\":440,\"height\":600},{\"@type\":\"BreadcrumbList\",\"@id\":\"https:\/\/www.casavio.com\/fr\/services\/services-supplementaires\/transfert-aeroport\/#breadcrumb\",\"itemListElement\":[{\"@type\":\"ListItem\",\"position\":1,\"name\":\"Home\",\"item\":\"https:\/\/www.casavio.com\/fr\/\"},{\"@type\":\"ListItem\",\"position\":2,\"name\":\"Services\",\"item\":\"https:\/\/www.casavio.com\/fr\/services\/\"},{\"@type\":\"ListItem\",\"position\":3,\"name\":\"Services suppl\u00e9mentaires\",\"item\":\"https:\/\/www.casavio.com\/fr\/services\/services-supplementaires\/\"},{\"@type\":\"ListItem\",\"position\":4,\"name\":\"Transfert a\u00e9roport (Venise \/ Tr\u00e9vise)\"}]},{\"@type\":\"WebSite\",\"@id\":\"https:\/\/www.casavio.com\/fr\/#website\",\"url\":\"https:\/\/www.casavio.com\/fr\/\",\"name\":\"Camping Ca&#039; Savio\",\"description\":\"\",\"publisher\":{\"@id\":\"https:\/\/www.casavio.com\/fr\/#organization\"},\"potentialAction\":[{\"@type\":\"SearchAction\",\"target\":{\"@type\":\"EntryPoint\",\"urlTemplate\":\"https:\/\/www.casavio.com\/fr\/?s={search_term_string}\"},\"query-input\":{\"@type\":\"PropertyValueSpecification\",\"valueRequired\":true,\"valueName\":\"search_term_string\"}}],\"inLanguage\":\"fr-FR\"},{\"@type\":\"Organization\",\"@id\":\"https:\/\/www.casavio.com\/fr\/#organization\",\"name\":\"Camping Ca'Savio\",\"url\":\"https:\/\/www.casavio.com\/fr\/\",\"logo\":{\"@type\":\"ImageObject\",\"inLanguage\":\"fr-FR\",\"@id\":\"https:\/\/www.casavio.com\/fr\/#\/schema\/logo\/image\/\",\"url\":\"https:\/\/www.casavio.com\/wp-content\/uploads\/2024\/04\/favicon.png\",\"contentUrl\":\"https:\/\/www.casavio.com\/wp-content\/uploads\/2024\/04\/favicon.png\",\"width\":144,\"height\":144,\"caption\":\"Camping Ca'Savio\"},\"image\":{\"@id\":\"https:\/\/www.casavio.com\/fr\/#\/schema\/logo\/image\/\"},\"sameAs\":[\"https:\/\/www.facebook.com\/campingcasavio\",\"https:\/\/www.instagram.com\/campingcasavio\",\"https:\/\/www.youtube.com\/user\/campingcasavio\"]}]}<\/script>\n<!-- \/ Yoast SEO plugin. -->","yoast_head_json":{"title":"Transfert a\u00e9roport \u00e0 des tarifs sp\u00e9ciaux &#8211; Camping Ca&#039; Savio","description":"D\u00e9couvrez les tarifs sp\u00e9ciaux du Camping Ca 'Savio pour le service de transfert avec les a\u00e9roports de Venise et Tr\u00e9vise.","robots":{"index":"index","follow":"follow","max-snippet":"max-snippet:-1","max-image-preview":"max-image-preview:large","max-video-preview":"max-video-preview:-1"},"canonical":"https:\/\/www.casavio.com\/fr\/services\/services-supplementaires\/transfert-aeroport\/","og_locale":"fr_FR","og_type":"article","og_title":"Transfert a\u00e9roport \u00e0 des tarifs sp\u00e9ciaux &#8211; Camping Ca&#039; Savio","og_description":"D\u00e9couvrez les tarifs sp\u00e9ciaux du Camping Ca 'Savio pour le service de transfert avec les a\u00e9roports de Venise et Tr\u00e9vise.","og_url":"https:\/\/www.casavio.com\/fr\/services\/services-supplementaires\/transfert-aeroport\/","og_site_name":"Camping Ca&#039; Savio","article_publisher":"https:\/\/www.facebook.com\/campingcasavio","article_modified_time":"2026-01-28T10:56:10+00:00","og_image":[{"width":440,"height":600,"url":"https:\/\/www.casavio.com\/wp-content\/uploads\/2019\/11\/ca-savio-transfer-aeroporto.jpg","type":"image\/jpeg"}],"twitter_card":"summary_large_image","twitter_misc":{"Dur\u00e9e de lecture estim\u00e9e":"2 minutes"},"schema":{"@context":"https:\/\/schema.org","@graph":[{"@type":"WebPage","@id":"https:\/\/www.casavio.com\/fr\/services\/services-supplementaires\/transfert-aeroport\/","url":"https:\/\/www.casavio.com\/fr\/services\/services-supplementaires\/transfert-aeroport\/","name":"Transfert a\u00e9roport \u00e0 des tarifs sp\u00e9ciaux &#8211; Camping Ca&#039; Savio","isPartOf":{"@id":"https:\/\/www.casavio.com\/fr\/#website"},"primaryImageOfPage":{"@id":"https:\/\/www.casavio.com\/fr\/services\/services-supplementaires\/transfert-aeroport\/#primaryimage"},"image":{"@id":"https:\/\/www.casavio.com\/fr\/services\/services-supplementaires\/transfert-aeroport\/#primaryimage"},"thumbnailUrl":"https:\/\/www.casavio.com\/wp-content\/uploads\/2019\/11\/ca-savio-transfer-aeroporto.jpg","datePublished":"2019-11-28T16:10:30+00:00","dateModified":"2026-01-28T10:56:10+00:00","description":"D\u00e9couvrez les tarifs sp\u00e9ciaux du Camping Ca 'Savio pour le service de transfert avec les a\u00e9roports de Venise et Tr\u00e9vise.","breadcrumb":{"@id":"https:\/\/www.casavio.com\/fr\/services\/services-supplementaires\/transfert-aeroport\/#breadcrumb"},"inLanguage":"fr-FR","potentialAction":[{"@type":"ReadAction","target":["https:\/\/www.casavio.com\/fr\/services\/services-supplementaires\/transfert-aeroport\/"]}]},{"@type":"ImageObject","inLanguage":"fr-FR","@id":"https:\/\/www.casavio.com\/fr\/services\/services-supplementaires\/transfert-aeroport\/#primaryimage","url":"https:\/\/www.casavio.com\/wp-content\/uploads\/2019\/11\/ca-savio-transfer-aeroporto.jpg","contentUrl":"https:\/\/www.casavio.com\/wp-content\/uploads\/2019\/11\/ca-savio-transfer-aeroporto.jpg","width":440,"height":600},{"@type":"BreadcrumbList","@id":"https:\/\/www.casavio.com\/fr\/services\/services-supplementaires\/transfert-aeroport\/#breadcrumb","itemListElement":[{"@type":"ListItem","position":1,"name":"Home","item":"https:\/\/www.casavio.com\/fr\/"},{"@type":"ListItem","position":2,"name":"Services","item":"https:\/\/www.casavio.com\/fr\/services\/"},{"@type":"ListItem","position":3,"name":"Services suppl\u00e9mentaires","item":"https:\/\/www.casavio.com\/fr\/services\/services-supplementaires\/"},{"@type":"ListItem","position":4,"name":"Transfert a\u00e9roport (Venise \/ Tr\u00e9vise)"}]},{"@type":"WebSite","@id":"https:\/\/www.casavio.com\/fr\/#website","url":"https:\/\/www.casavio.com\/fr\/","name":"Camping Ca&#039; Savio","description":"","publisher":{"@id":"https:\/\/www.casavio.com\/fr\/#organization"},"potentialAction":[{"@type":"SearchAction","target":{"@type":"EntryPoint","urlTemplate":"https:\/\/www.casavio.com\/fr\/?s={search_term_string}"},"query-input":{"@type":"PropertyValueSpecification","valueRequired":true,"valueName":"search_term_string"}}],"inLanguage":"fr-FR"},{"@type":"Organization","@id":"https:\/\/www.casavio.com\/fr\/#organization","name":"Camping Ca'Savio","url":"https:\/\/www.casavio.com\/fr\/","logo":{"@type":"ImageObject","inLanguage":"fr-FR","@id":"https:\/\/www.casavio.com\/fr\/#\/schema\/logo\/image\/","url":"https:\/\/www.casavio.com\/wp-content\/uploads\/2024\/04\/favicon.png","contentUrl":"https:\/\/www.casavio.com\/wp-content\/uploads\/2024\/04\/favicon.png","width":144,"height":144,"caption":"Camping Ca'Savio"},"image":{"@id":"https:\/\/www.casavio.com\/fr\/#\/schema\/logo\/image\/"},"sameAs":["https:\/\/www.facebook.com\/campingcasavio","https:\/\/www.instagram.com\/campingcasavio","https:\/\/www.youtube.com\/user\/campingcasavio"]}]}},"_links":{"self":[{"href":"https:\/\/www.casavio.com\/fr\/wp-json\/wp\/v2\/pages\/8846","targetHints":{"allow":["GET"]}}],"collection":[{"href":"https:\/\/www.casavio.com\/fr\/wp-json\/wp\/v2\/pages"}],"about":[{"href":"https:\/\/www.casavio.com\/fr\/wp-json\/wp\/v2\/types\/page"}],"author":[{"embeddable":true,"href":"https:\/\/www.casavio.com\/fr\/wp-json\/wp\/v2\/users\/3"}],"replies":[{"embeddable":true,"href":"https:\/\/www.casavio.com\/fr\/wp-json\/wp\/v2\/comments?post=8846"}],"version-history":[{"count":2,"href":"https:\/\/www.casavio.com\/fr\/wp-json\/wp\/v2\/pages\/8846\/revisions"}],"predecessor-version":[{"id":45613,"href":"https:\/\/www.casavio.com\/fr\/wp-json\/wp\/v2\/pages\/8846\/revisions\/45613"}],"up":[{"embeddable":true,"href":"https:\/\/www.casavio.com\/fr\/wp-json\/wp\/v2\/pages\/8840"}],"wp:featuredmedia":[{"embeddable":true,"href":"https:\/\/www.casavio.com\/fr\/wp-json\/wp\/v2\/media\/5341"}],"wp:attachment":[{"href":"https:\/\/www.casavio.com\/fr\/wp-json\/wp\/v2\/media?parent=8846"}],"curies":[{"name":"wp","href":"https:\/\/api.w.org\/{rel}","templated":true}]}}