{"id":8862,"date":"2019-11-07T10:52:15","date_gmt":"2019-11-07T09:52:15","guid":{"rendered":"https:\/\/www.casavio.com\/services\/services-supplementaires\/noleggio-lenzuola-asciugamani\/"},"modified":"2025-01-31T10:34:09","modified_gmt":"2025-01-31T09:34:09","slug":"location-de-draps-et-serviettes","status":"publish","type":"page","link":"https:\/\/www.casavio.com\/fr\/services\/services-supplementaires\/location-de-draps-et-serviettes\/","title":{"rendered":"Location de draps et serviettes"},"content":{"rendered":"<p>Gagnez de la place dans votre voiture ou all\u00e9gez vos bagages en r\u00e9servant le linge de lit, les draps de bain pour toute la famille! Lors de votre arriv\u00e9e vous trouverez les kits r\u00e9serv\u00e9s dans votre logement et lesquels utilis\u00e9s seront collect\u00e9s par le personnel d&rsquo;entretien \u00e0 la fin de vos vacances.<\/p>\n<ul>\n<li><strong>Kit double <\/strong>(22 \u20ac): 1 paire de draps pour lit \u00e0 deux places, 2 taies d&rsquo;oreiller et 2 draps de bain<\/li>\n<li><strong>Kit simple<\/strong> (16 \u20ac): 1 paire de draps pour lit \u00e0 une place, 1 taie d&rsquo;oreiller et 1 drap de bain<\/li>\n<li><strong>Drap <\/strong>de bain<strong> suppl\u00e9mentaire <\/strong>(5 \u20ac).<\/li>\n<\/ul>\n<p>Le linge de lit et les draps peuvent \u00eatre <a href=\"https:\/\/reservations.casavio.com\/search\" target=\"_blank\" rel=\"noopener noreferrer\"><strong><u>demand\u00e9s lors de la r\u00e9servation<\/u><\/strong><\/a> ou \u00e0 tout moment (jusqu&rsquo;\u00e0 une semaine avant l&rsquo;arriv\u00e9e), en utilisant ce <a href=\"https:\/\/reservations.casavio.com\/contact\" target=\"_blank\" rel=\"noopener noreferrer\"><u>formulaire de demande<\/u><\/a>.<\/p>\n<p>Les <strong>couvertures<\/strong> peuvent \u00eatre demand\u00e9es gratuitement \u00e0 la R\u00e9ception du camping. Puisque nous ne pouvons pas toujours garantir le nombre de couvertures requis, nous vous recommandons d&rsquo;apporter vos propres couvertures, surtout si vous s\u00e9journez en avril, mai et septembre ou si vous voyagez avec des petits enfants.<\/p>\n<p>Ces services sont disponibles que pour les h\u00f4tes qui ont r\u00e9serv\u00e9 directement par le camping et pas pour lesquels ils ont r\u00e9serv\u00e9 par les agences de voyages ou les tour-op\u00e9rateurs.<\/p>\n","protected":false},"excerpt":{"rendered":"<p>Draps doubles et simples, kit draps de la plage et serviettes.<br \/>\nLe service peut \u00eatre demand\u00e9 lors de la r\u00e9servation ou jusqu&rsquo;\u00e0 une semaine avant l&rsquo;arriv\u00e9e.<\/p>\n","protected":false},"author":3,"featured_media":3129,"parent":8840,"menu_order":1,"comment_status":"closed","ping_status":"closed","template":"","meta":{"_acf_changed":false},"class_list":["post-8862","page","type-page","status-publish","has-post-thumbnail","hentry"],"acf":[],"yoast_head":"<!-- This site is optimized with the Yoast SEO plugin v25.3 - https:\/\/yoast.com\/wordpress\/plugins\/seo\/ -->\n<title>Location de draps et serviettes &#8211; Camping Ca&#039; Savio<\/title>\n<meta name=\"description\" content=\"Pour tous vos besoins de confort pendant vos vacances \u00e0 Cavallino Treporti, le Camping Ca&#039;Savio vous assure le service de location de linge de lit. D\u00e9couvrez les d\u00e9tails.\" \/>\n<meta name=\"robots\" content=\"index, follow, max-snippet:-1, max-image-preview:large, max-video-preview:-1\" \/>\n<link rel=\"canonical\" href=\"https:\/\/www.casavio.com\/fr\/services\/services-supplementaires\/location-de-draps-et-serviettes\/\" \/>\n<meta property=\"og:locale\" content=\"fr_FR\" \/>\n<meta property=\"og:type\" content=\"article\" \/>\n<meta property=\"og:title\" content=\"Location de draps et serviettes &#8211; Camping Ca&#039; Savio\" \/>\n<meta property=\"og:description\" content=\"Pour tous vos besoins de confort pendant vos vacances \u00e0 Cavallino Treporti, le Camping Ca&#039;Savio vous assure le service de location de linge de lit. D\u00e9couvrez les d\u00e9tails.\" \/>\n<meta property=\"og:url\" content=\"https:\/\/www.casavio.com\/fr\/services\/services-supplementaires\/location-de-draps-et-serviettes\/\" \/>\n<meta property=\"og:site_name\" content=\"Camping Ca&#039; Savio\" \/>\n<meta property=\"article:publisher\" content=\"https:\/\/www.facebook.com\/campingcasavio\" \/>\n<meta property=\"article:modified_time\" content=\"2025-01-31T09:34:09+00:00\" \/>\n<meta property=\"og:image\" content=\"https:\/\/www.casavio.com\/wp-content\/uploads\/2019\/11\/ca-savio-noleggio-lenzuola.jpg\" \/>\n\t<meta property=\"og:image:width\" content=\"440\" \/>\n\t<meta property=\"og:image:height\" content=\"600\" \/>\n\t<meta property=\"og:image:type\" content=\"image\/jpeg\" \/>\n<meta name=\"twitter:card\" content=\"summary_large_image\" \/>\n<meta name=\"twitter:label1\" content=\"Dur\u00e9e de lecture estim\u00e9e\" \/>\n\t<meta name=\"twitter:data1\" content=\"2 minutes\" \/>\n<script type=\"application\/ld+json\" class=\"yoast-schema-graph\">{\"@context\":\"https:\/\/schema.org\",\"@graph\":[{\"@type\":\"WebPage\",\"@id\":\"https:\/\/www.casavio.com\/fr\/services\/services-supplementaires\/location-de-draps-et-serviettes\/\",\"url\":\"https:\/\/www.casavio.com\/fr\/services\/services-supplementaires\/location-de-draps-et-serviettes\/\",\"name\":\"Location de draps et serviettes &#8211; Camping Ca&#039; Savio\",\"isPartOf\":{\"@id\":\"https:\/\/www.casavio.com\/fr\/#website\"},\"primaryImageOfPage\":{\"@id\":\"https:\/\/www.casavio.com\/fr\/services\/services-supplementaires\/location-de-draps-et-serviettes\/#primaryimage\"},\"image\":{\"@id\":\"https:\/\/www.casavio.com\/fr\/services\/services-supplementaires\/location-de-draps-et-serviettes\/#primaryimage\"},\"thumbnailUrl\":\"https:\/\/www.casavio.com\/wp-content\/uploads\/2019\/11\/ca-savio-noleggio-lenzuola.jpg\",\"datePublished\":\"2019-11-07T09:52:15+00:00\",\"dateModified\":\"2025-01-31T09:34:09+00:00\",\"description\":\"Pour tous vos besoins de confort pendant vos vacances \u00e0 Cavallino Treporti, le Camping Ca'Savio vous assure le service de location de linge de lit. D\u00e9couvrez les d\u00e9tails.\",\"breadcrumb\":{\"@id\":\"https:\/\/www.casavio.com\/fr\/services\/services-supplementaires\/location-de-draps-et-serviettes\/#breadcrumb\"},\"inLanguage\":\"fr-FR\",\"potentialAction\":[{\"@type\":\"ReadAction\",\"target\":[\"https:\/\/www.casavio.com\/fr\/services\/services-supplementaires\/location-de-draps-et-serviettes\/\"]}]},{\"@type\":\"ImageObject\",\"inLanguage\":\"fr-FR\",\"@id\":\"https:\/\/www.casavio.com\/fr\/services\/services-supplementaires\/location-de-draps-et-serviettes\/#primaryimage\",\"url\":\"https:\/\/www.casavio.com\/wp-content\/uploads\/2019\/11\/ca-savio-noleggio-lenzuola.jpg\",\"contentUrl\":\"https:\/\/www.casavio.com\/wp-content\/uploads\/2019\/11\/ca-savio-noleggio-lenzuola.jpg\",\"width\":440,\"height\":600},{\"@type\":\"BreadcrumbList\",\"@id\":\"https:\/\/www.casavio.com\/fr\/services\/services-supplementaires\/location-de-draps-et-serviettes\/#breadcrumb\",\"itemListElement\":[{\"@type\":\"ListItem\",\"position\":1,\"name\":\"Home\",\"item\":\"https:\/\/www.casavio.com\/fr\/\"},{\"@type\":\"ListItem\",\"position\":2,\"name\":\"Services\",\"item\":\"https:\/\/www.casavio.com\/fr\/services\/\"},{\"@type\":\"ListItem\",\"position\":3,\"name\":\"Services suppl\u00e9mentaires\",\"item\":\"https:\/\/www.casavio.com\/fr\/services\/services-supplementaires\/\"},{\"@type\":\"ListItem\",\"position\":4,\"name\":\"Location de draps et serviettes\"}]},{\"@type\":\"WebSite\",\"@id\":\"https:\/\/www.casavio.com\/fr\/#website\",\"url\":\"https:\/\/www.casavio.com\/fr\/\",\"name\":\"Camping Ca&#039; Savio\",\"description\":\"\",\"publisher\":{\"@id\":\"https:\/\/www.casavio.com\/fr\/#organization\"},\"potentialAction\":[{\"@type\":\"SearchAction\",\"target\":{\"@type\":\"EntryPoint\",\"urlTemplate\":\"https:\/\/www.casavio.com\/fr\/?s={search_term_string}\"},\"query-input\":{\"@type\":\"PropertyValueSpecification\",\"valueRequired\":true,\"valueName\":\"search_term_string\"}}],\"inLanguage\":\"fr-FR\"},{\"@type\":\"Organization\",\"@id\":\"https:\/\/www.casavio.com\/fr\/#organization\",\"name\":\"Camping Ca'Savio\",\"url\":\"https:\/\/www.casavio.com\/fr\/\",\"logo\":{\"@type\":\"ImageObject\",\"inLanguage\":\"fr-FR\",\"@id\":\"https:\/\/www.casavio.com\/fr\/#\/schema\/logo\/image\/\",\"url\":\"https:\/\/www.casavio.com\/wp-content\/uploads\/2024\/04\/favicon.png\",\"contentUrl\":\"https:\/\/www.casavio.com\/wp-content\/uploads\/2024\/04\/favicon.png\",\"width\":144,\"height\":144,\"caption\":\"Camping Ca'Savio\"},\"image\":{\"@id\":\"https:\/\/www.casavio.com\/fr\/#\/schema\/logo\/image\/\"},\"sameAs\":[\"https:\/\/www.facebook.com\/campingcasavio\",\"https:\/\/www.instagram.com\/campingcasavio\",\"https:\/\/www.youtube.com\/user\/campingcasavio\"]}]}<\/script>\n<!-- \/ Yoast SEO plugin. -->","yoast_head_json":{"title":"Location de draps et serviettes &#8211; Camping Ca&#039; Savio","description":"Pour tous vos besoins de confort pendant vos vacances \u00e0 Cavallino Treporti, le Camping Ca'Savio vous assure le service de location de linge de lit. D\u00e9couvrez les d\u00e9tails.","robots":{"index":"index","follow":"follow","max-snippet":"max-snippet:-1","max-image-preview":"max-image-preview:large","max-video-preview":"max-video-preview:-1"},"canonical":"https:\/\/www.casavio.com\/fr\/services\/services-supplementaires\/location-de-draps-et-serviettes\/","og_locale":"fr_FR","og_type":"article","og_title":"Location de draps et serviettes &#8211; Camping Ca&#039; Savio","og_description":"Pour tous vos besoins de confort pendant vos vacances \u00e0 Cavallino Treporti, le Camping Ca'Savio vous assure le service de location de linge de lit. D\u00e9couvrez les d\u00e9tails.","og_url":"https:\/\/www.casavio.com\/fr\/services\/services-supplementaires\/location-de-draps-et-serviettes\/","og_site_name":"Camping Ca&#039; Savio","article_publisher":"https:\/\/www.facebook.com\/campingcasavio","article_modified_time":"2025-01-31T09:34:09+00:00","og_image":[{"width":440,"height":600,"url":"https:\/\/www.casavio.com\/wp-content\/uploads\/2019\/11\/ca-savio-noleggio-lenzuola.jpg","type":"image\/jpeg"}],"twitter_card":"summary_large_image","twitter_misc":{"Dur\u00e9e de lecture estim\u00e9e":"2 minutes"},"schema":{"@context":"https:\/\/schema.org","@graph":[{"@type":"WebPage","@id":"https:\/\/www.casavio.com\/fr\/services\/services-supplementaires\/location-de-draps-et-serviettes\/","url":"https:\/\/www.casavio.com\/fr\/services\/services-supplementaires\/location-de-draps-et-serviettes\/","name":"Location de draps et serviettes &#8211; Camping Ca&#039; Savio","isPartOf":{"@id":"https:\/\/www.casavio.com\/fr\/#website"},"primaryImageOfPage":{"@id":"https:\/\/www.casavio.com\/fr\/services\/services-supplementaires\/location-de-draps-et-serviettes\/#primaryimage"},"image":{"@id":"https:\/\/www.casavio.com\/fr\/services\/services-supplementaires\/location-de-draps-et-serviettes\/#primaryimage"},"thumbnailUrl":"https:\/\/www.casavio.com\/wp-content\/uploads\/2019\/11\/ca-savio-noleggio-lenzuola.jpg","datePublished":"2019-11-07T09:52:15+00:00","dateModified":"2025-01-31T09:34:09+00:00","description":"Pour tous vos besoins de confort pendant vos vacances \u00e0 Cavallino Treporti, le Camping Ca'Savio vous assure le service de location de linge de lit. D\u00e9couvrez les d\u00e9tails.","breadcrumb":{"@id":"https:\/\/www.casavio.com\/fr\/services\/services-supplementaires\/location-de-draps-et-serviettes\/#breadcrumb"},"inLanguage":"fr-FR","potentialAction":[{"@type":"ReadAction","target":["https:\/\/www.casavio.com\/fr\/services\/services-supplementaires\/location-de-draps-et-serviettes\/"]}]},{"@type":"ImageObject","inLanguage":"fr-FR","@id":"https:\/\/www.casavio.com\/fr\/services\/services-supplementaires\/location-de-draps-et-serviettes\/#primaryimage","url":"https:\/\/www.casavio.com\/wp-content\/uploads\/2019\/11\/ca-savio-noleggio-lenzuola.jpg","contentUrl":"https:\/\/www.casavio.com\/wp-content\/uploads\/2019\/11\/ca-savio-noleggio-lenzuola.jpg","width":440,"height":600},{"@type":"BreadcrumbList","@id":"https:\/\/www.casavio.com\/fr\/services\/services-supplementaires\/location-de-draps-et-serviettes\/#breadcrumb","itemListElement":[{"@type":"ListItem","position":1,"name":"Home","item":"https:\/\/www.casavio.com\/fr\/"},{"@type":"ListItem","position":2,"name":"Services","item":"https:\/\/www.casavio.com\/fr\/services\/"},{"@type":"ListItem","position":3,"name":"Services suppl\u00e9mentaires","item":"https:\/\/www.casavio.com\/fr\/services\/services-supplementaires\/"},{"@type":"ListItem","position":4,"name":"Location de draps et serviettes"}]},{"@type":"WebSite","@id":"https:\/\/www.casavio.com\/fr\/#website","url":"https:\/\/www.casavio.com\/fr\/","name":"Camping Ca&#039; Savio","description":"","publisher":{"@id":"https:\/\/www.casavio.com\/fr\/#organization"},"potentialAction":[{"@type":"SearchAction","target":{"@type":"EntryPoint","urlTemplate":"https:\/\/www.casavio.com\/fr\/?s={search_term_string}"},"query-input":{"@type":"PropertyValueSpecification","valueRequired":true,"valueName":"search_term_string"}}],"inLanguage":"fr-FR"},{"@type":"Organization","@id":"https:\/\/www.casavio.com\/fr\/#organization","name":"Camping Ca'Savio","url":"https:\/\/www.casavio.com\/fr\/","logo":{"@type":"ImageObject","inLanguage":"fr-FR","@id":"https:\/\/www.casavio.com\/fr\/#\/schema\/logo\/image\/","url":"https:\/\/www.casavio.com\/wp-content\/uploads\/2024\/04\/favicon.png","contentUrl":"https:\/\/www.casavio.com\/wp-content\/uploads\/2024\/04\/favicon.png","width":144,"height":144,"caption":"Camping Ca'Savio"},"image":{"@id":"https:\/\/www.casavio.com\/fr\/#\/schema\/logo\/image\/"},"sameAs":["https:\/\/www.facebook.com\/campingcasavio","https:\/\/www.instagram.com\/campingcasavio","https:\/\/www.youtube.com\/user\/campingcasavio"]}]}},"_links":{"self":[{"href":"https:\/\/www.casavio.com\/fr\/wp-json\/wp\/v2\/pages\/8862","targetHints":{"allow":["GET"]}}],"collection":[{"href":"https:\/\/www.casavio.com\/fr\/wp-json\/wp\/v2\/pages"}],"about":[{"href":"https:\/\/www.casavio.com\/fr\/wp-json\/wp\/v2\/types\/page"}],"author":[{"embeddable":true,"href":"https:\/\/www.casavio.com\/fr\/wp-json\/wp\/v2\/users\/3"}],"replies":[{"embeddable":true,"href":"https:\/\/www.casavio.com\/fr\/wp-json\/wp\/v2\/comments?post=8862"}],"version-history":[{"count":2,"href":"https:\/\/www.casavio.com\/fr\/wp-json\/wp\/v2\/pages\/8862\/revisions"}],"predecessor-version":[{"id":37547,"href":"https:\/\/www.casavio.com\/fr\/wp-json\/wp\/v2\/pages\/8862\/revisions\/37547"}],"up":[{"embeddable":true,"href":"https:\/\/www.casavio.com\/fr\/wp-json\/wp\/v2\/pages\/8840"}],"wp:featuredmedia":[{"embeddable":true,"href":"https:\/\/www.casavio.com\/fr\/wp-json\/wp\/v2\/media\/3129"}],"wp:attachment":[{"href":"https:\/\/www.casavio.com\/fr\/wp-json\/wp\/v2\/media?parent=8862"}],"curies":[{"name":"wp","href":"https:\/\/api.w.org\/{rel}","templated":true}]}}