{"id":8880,"date":"2019-11-07T10:54:18","date_gmt":"2019-11-07T09:54:18","guid":{"rendered":"https:\/\/www.casavio.com\/services\/services-supplementaires\/assistenza-medica\/"},"modified":"2024-11-13T15:02:22","modified_gmt":"2024-11-13T14:02:22","slug":"assistance-medicale","status":"publish","type":"page","link":"https:\/\/www.casavio.com\/fr\/services\/services-supplementaires\/assistance-medicale\/","title":{"rendered":"Assistance m\u00e9dicale"},"content":{"rendered":"<p>Le camping Ca\u2019Savio offre durant les mois de juin, juillet et ao\u00fbt la pr\u00e9sence au camping d\u2019un\u00a0<strong>m\u00e9decin priv\u00e9<\/strong>, qui effectue des\u00a0<strong>visites payantes<\/strong>, \u00e0 des horaires d\u00e9finis et disponible pr\u00e8s de la\u00a0<a href=\"https:\/\/www.casavio.com\/fr\/services\/services-inclus\/reception\/\">R\u00e9ception<\/a>\u00a0et du\u00a0<a href=\"https:\/\/www.casavio.com\/fr\/services\/services-inclus\/customer-care\/\">Bureau Customer Care<\/a>.<\/p>\n<p>Dans le <strong>centre de Ca&rsquo;Savio<\/strong>, \u00e0 environ 1,5 km du camping, il y a \u00e9galement un <strong>point de premiers soins<\/strong> ouvert de mai \u00e0 septembre 24 heures sur 24 et d&rsquo;octobre \u00e0 avril avec des horaires r\u00e9duits.<\/p>\n<p>Les\u00a0<strong>h\u00f4pitaux<\/strong>\u00a0les plus proches sont ceux de Jesolo Lido, via Levantina 104, \u00e0 une distance de 20 km du camping et celui de Venise, joignable en bateau.<\/p>\n<h4><strong>Pharmacies \u00e0 Cavallino-Treporti<\/strong><\/h4>\n<p>Il y a \u00e9galement\u00a0<strong>4 pharmacies<\/strong>\u00a0pr\u00e9sentes sur le territoire de Cavallino-Treporti: une dans le centre de\u00a0<strong>Ca\u2019Savio<\/strong>\u00a0\u00e0 une distance d\u2019environ\u00a0<strong>1,5 km du camping<\/strong>\u00a0et joignable \u00e0 pieds en 10-15 minutes et trois autres qui se trouvent respectivement dans les lieux-dits de <strong>Treporti<\/strong>, \u00a0<strong>Ca\u2019Ballarin<\/strong>\u00a0et au centre de\u00a0<strong>Cavallino.<\/strong><\/p>\n<p>Au\u00a0<a href=\"https:\/\/www.casavio.com\/fr\/services\/services-inclus\/customer-care\/\">bureau Customer Care<\/a>\u00a0du camping, vous pourrez connaitre les horaires d\u2019ouverture de la pharmacie du lundi au vendredi ainsi que la pharmacie de garde pour les week-ends.<\/p>\n<p>&nbsp;<\/p>\n","protected":false},"excerpt":{"rendered":"<p>Toutes les informations sur l&rsquo;assistance m\u00e9dicale dans le camping et dans la r\u00e9gion de Cavallino-Treporti.<\/p>\n","protected":false},"author":3,"featured_media":3031,"parent":8840,"menu_order":8,"comment_status":"closed","ping_status":"closed","template":"","meta":{"_acf_changed":false},"class_list":["post-8880","page","type-page","status-publish","has-post-thumbnail","hentry"],"acf":[],"yoast_head":"<!-- This site is optimized with the Yoast SEO plugin v25.3 - https:\/\/yoast.com\/wordpress\/plugins\/seo\/ -->\n<title>Assistance m\u00e9dicale du camping &#8211; Camping Ca&#039; Savio<\/title>\n<meta name=\"description\" content=\"Le camping Ca &#039;Savio propose un service d&#039;assistance m\u00e9dicale pendant toute la saison estivale \u00e0 ses clients.\" \/>\n<meta name=\"robots\" content=\"index, follow, max-snippet:-1, max-image-preview:large, max-video-preview:-1\" \/>\n<link rel=\"canonical\" href=\"https:\/\/www.casavio.com\/fr\/services\/services-supplementaires\/assistance-medicale\/\" \/>\n<meta property=\"og:locale\" content=\"fr_FR\" \/>\n<meta property=\"og:type\" content=\"article\" \/>\n<meta property=\"og:title\" content=\"Assistance m\u00e9dicale du camping &#8211; Camping Ca&#039; Savio\" \/>\n<meta property=\"og:description\" content=\"Le camping Ca &#039;Savio propose un service d&#039;assistance m\u00e9dicale pendant toute la saison estivale \u00e0 ses clients.\" \/>\n<meta property=\"og:url\" content=\"https:\/\/www.casavio.com\/fr\/services\/services-supplementaires\/assistance-medicale\/\" \/>\n<meta property=\"og:site_name\" content=\"Camping Ca&#039; Savio\" \/>\n<meta property=\"article:publisher\" content=\"https:\/\/www.facebook.com\/campingcasavio\" \/>\n<meta property=\"article:modified_time\" content=\"2024-11-13T14:02:22+00:00\" \/>\n<meta property=\"og:image\" content=\"https:\/\/www.casavio.com\/wp-content\/uploads\/2019\/11\/ca-savio-assistenza-medica.jpg\" \/>\n\t<meta property=\"og:image:width\" content=\"440\" \/>\n\t<meta property=\"og:image:height\" content=\"600\" \/>\n\t<meta property=\"og:image:type\" content=\"image\/jpeg\" \/>\n<meta name=\"twitter:card\" content=\"summary_large_image\" \/>\n<meta name=\"twitter:label1\" content=\"Dur\u00e9e de lecture estim\u00e9e\" \/>\n\t<meta name=\"twitter:data1\" content=\"2 minutes\" \/>\n<script type=\"application\/ld+json\" class=\"yoast-schema-graph\">{\"@context\":\"https:\/\/schema.org\",\"@graph\":[{\"@type\":\"WebPage\",\"@id\":\"https:\/\/www.casavio.com\/fr\/services\/services-supplementaires\/assistance-medicale\/\",\"url\":\"https:\/\/www.casavio.com\/fr\/services\/services-supplementaires\/assistance-medicale\/\",\"name\":\"Assistance m\u00e9dicale du camping &#8211; Camping Ca&#039; Savio\",\"isPartOf\":{\"@id\":\"https:\/\/www.casavio.com\/fr\/#website\"},\"primaryImageOfPage\":{\"@id\":\"https:\/\/www.casavio.com\/fr\/services\/services-supplementaires\/assistance-medicale\/#primaryimage\"},\"image\":{\"@id\":\"https:\/\/www.casavio.com\/fr\/services\/services-supplementaires\/assistance-medicale\/#primaryimage\"},\"thumbnailUrl\":\"https:\/\/www.casavio.com\/wp-content\/uploads\/2019\/11\/ca-savio-assistenza-medica.jpg\",\"datePublished\":\"2019-11-07T09:54:18+00:00\",\"dateModified\":\"2024-11-13T14:02:22+00:00\",\"description\":\"Le camping Ca 'Savio propose un service d'assistance m\u00e9dicale pendant toute la saison estivale \u00e0 ses clients.\",\"breadcrumb\":{\"@id\":\"https:\/\/www.casavio.com\/fr\/services\/services-supplementaires\/assistance-medicale\/#breadcrumb\"},\"inLanguage\":\"fr-FR\",\"potentialAction\":[{\"@type\":\"ReadAction\",\"target\":[\"https:\/\/www.casavio.com\/fr\/services\/services-supplementaires\/assistance-medicale\/\"]}]},{\"@type\":\"ImageObject\",\"inLanguage\":\"fr-FR\",\"@id\":\"https:\/\/www.casavio.com\/fr\/services\/services-supplementaires\/assistance-medicale\/#primaryimage\",\"url\":\"https:\/\/www.casavio.com\/wp-content\/uploads\/2019\/11\/ca-savio-assistenza-medica.jpg\",\"contentUrl\":\"https:\/\/www.casavio.com\/wp-content\/uploads\/2019\/11\/ca-savio-assistenza-medica.jpg\",\"width\":440,\"height\":600},{\"@type\":\"BreadcrumbList\",\"@id\":\"https:\/\/www.casavio.com\/fr\/services\/services-supplementaires\/assistance-medicale\/#breadcrumb\",\"itemListElement\":[{\"@type\":\"ListItem\",\"position\":1,\"name\":\"Home\",\"item\":\"https:\/\/www.casavio.com\/fr\/\"},{\"@type\":\"ListItem\",\"position\":2,\"name\":\"Services\",\"item\":\"https:\/\/www.casavio.com\/fr\/services\/\"},{\"@type\":\"ListItem\",\"position\":3,\"name\":\"Services suppl\u00e9mentaires\",\"item\":\"https:\/\/www.casavio.com\/fr\/services\/services-supplementaires\/\"},{\"@type\":\"ListItem\",\"position\":4,\"name\":\"Assistance m\u00e9dicale\"}]},{\"@type\":\"WebSite\",\"@id\":\"https:\/\/www.casavio.com\/fr\/#website\",\"url\":\"https:\/\/www.casavio.com\/fr\/\",\"name\":\"Camping Ca&#039; Savio\",\"description\":\"\",\"publisher\":{\"@id\":\"https:\/\/www.casavio.com\/fr\/#organization\"},\"potentialAction\":[{\"@type\":\"SearchAction\",\"target\":{\"@type\":\"EntryPoint\",\"urlTemplate\":\"https:\/\/www.casavio.com\/fr\/?s={search_term_string}\"},\"query-input\":{\"@type\":\"PropertyValueSpecification\",\"valueRequired\":true,\"valueName\":\"search_term_string\"}}],\"inLanguage\":\"fr-FR\"},{\"@type\":\"Organization\",\"@id\":\"https:\/\/www.casavio.com\/fr\/#organization\",\"name\":\"Camping Ca'Savio\",\"url\":\"https:\/\/www.casavio.com\/fr\/\",\"logo\":{\"@type\":\"ImageObject\",\"inLanguage\":\"fr-FR\",\"@id\":\"https:\/\/www.casavio.com\/fr\/#\/schema\/logo\/image\/\",\"url\":\"https:\/\/www.casavio.com\/wp-content\/uploads\/2024\/04\/favicon.png\",\"contentUrl\":\"https:\/\/www.casavio.com\/wp-content\/uploads\/2024\/04\/favicon.png\",\"width\":144,\"height\":144,\"caption\":\"Camping Ca'Savio\"},\"image\":{\"@id\":\"https:\/\/www.casavio.com\/fr\/#\/schema\/logo\/image\/\"},\"sameAs\":[\"https:\/\/www.facebook.com\/campingcasavio\",\"https:\/\/www.instagram.com\/campingcasavio\",\"https:\/\/www.youtube.com\/user\/campingcasavio\"]}]}<\/script>\n<!-- \/ Yoast SEO plugin. -->","yoast_head_json":{"title":"Assistance m\u00e9dicale du camping &#8211; Camping Ca&#039; Savio","description":"Le camping Ca 'Savio propose un service d'assistance m\u00e9dicale pendant toute la saison estivale \u00e0 ses clients.","robots":{"index":"index","follow":"follow","max-snippet":"max-snippet:-1","max-image-preview":"max-image-preview:large","max-video-preview":"max-video-preview:-1"},"canonical":"https:\/\/www.casavio.com\/fr\/services\/services-supplementaires\/assistance-medicale\/","og_locale":"fr_FR","og_type":"article","og_title":"Assistance m\u00e9dicale du camping &#8211; Camping Ca&#039; Savio","og_description":"Le camping Ca 'Savio propose un service d'assistance m\u00e9dicale pendant toute la saison estivale \u00e0 ses clients.","og_url":"https:\/\/www.casavio.com\/fr\/services\/services-supplementaires\/assistance-medicale\/","og_site_name":"Camping Ca&#039; Savio","article_publisher":"https:\/\/www.facebook.com\/campingcasavio","article_modified_time":"2024-11-13T14:02:22+00:00","og_image":[{"width":440,"height":600,"url":"https:\/\/www.casavio.com\/wp-content\/uploads\/2019\/11\/ca-savio-assistenza-medica.jpg","type":"image\/jpeg"}],"twitter_card":"summary_large_image","twitter_misc":{"Dur\u00e9e de lecture estim\u00e9e":"2 minutes"},"schema":{"@context":"https:\/\/schema.org","@graph":[{"@type":"WebPage","@id":"https:\/\/www.casavio.com\/fr\/services\/services-supplementaires\/assistance-medicale\/","url":"https:\/\/www.casavio.com\/fr\/services\/services-supplementaires\/assistance-medicale\/","name":"Assistance m\u00e9dicale du camping &#8211; Camping Ca&#039; Savio","isPartOf":{"@id":"https:\/\/www.casavio.com\/fr\/#website"},"primaryImageOfPage":{"@id":"https:\/\/www.casavio.com\/fr\/services\/services-supplementaires\/assistance-medicale\/#primaryimage"},"image":{"@id":"https:\/\/www.casavio.com\/fr\/services\/services-supplementaires\/assistance-medicale\/#primaryimage"},"thumbnailUrl":"https:\/\/www.casavio.com\/wp-content\/uploads\/2019\/11\/ca-savio-assistenza-medica.jpg","datePublished":"2019-11-07T09:54:18+00:00","dateModified":"2024-11-13T14:02:22+00:00","description":"Le camping Ca 'Savio propose un service d'assistance m\u00e9dicale pendant toute la saison estivale \u00e0 ses clients.","breadcrumb":{"@id":"https:\/\/www.casavio.com\/fr\/services\/services-supplementaires\/assistance-medicale\/#breadcrumb"},"inLanguage":"fr-FR","potentialAction":[{"@type":"ReadAction","target":["https:\/\/www.casavio.com\/fr\/services\/services-supplementaires\/assistance-medicale\/"]}]},{"@type":"ImageObject","inLanguage":"fr-FR","@id":"https:\/\/www.casavio.com\/fr\/services\/services-supplementaires\/assistance-medicale\/#primaryimage","url":"https:\/\/www.casavio.com\/wp-content\/uploads\/2019\/11\/ca-savio-assistenza-medica.jpg","contentUrl":"https:\/\/www.casavio.com\/wp-content\/uploads\/2019\/11\/ca-savio-assistenza-medica.jpg","width":440,"height":600},{"@type":"BreadcrumbList","@id":"https:\/\/www.casavio.com\/fr\/services\/services-supplementaires\/assistance-medicale\/#breadcrumb","itemListElement":[{"@type":"ListItem","position":1,"name":"Home","item":"https:\/\/www.casavio.com\/fr\/"},{"@type":"ListItem","position":2,"name":"Services","item":"https:\/\/www.casavio.com\/fr\/services\/"},{"@type":"ListItem","position":3,"name":"Services suppl\u00e9mentaires","item":"https:\/\/www.casavio.com\/fr\/services\/services-supplementaires\/"},{"@type":"ListItem","position":4,"name":"Assistance m\u00e9dicale"}]},{"@type":"WebSite","@id":"https:\/\/www.casavio.com\/fr\/#website","url":"https:\/\/www.casavio.com\/fr\/","name":"Camping Ca&#039; Savio","description":"","publisher":{"@id":"https:\/\/www.casavio.com\/fr\/#organization"},"potentialAction":[{"@type":"SearchAction","target":{"@type":"EntryPoint","urlTemplate":"https:\/\/www.casavio.com\/fr\/?s={search_term_string}"},"query-input":{"@type":"PropertyValueSpecification","valueRequired":true,"valueName":"search_term_string"}}],"inLanguage":"fr-FR"},{"@type":"Organization","@id":"https:\/\/www.casavio.com\/fr\/#organization","name":"Camping Ca'Savio","url":"https:\/\/www.casavio.com\/fr\/","logo":{"@type":"ImageObject","inLanguage":"fr-FR","@id":"https:\/\/www.casavio.com\/fr\/#\/schema\/logo\/image\/","url":"https:\/\/www.casavio.com\/wp-content\/uploads\/2024\/04\/favicon.png","contentUrl":"https:\/\/www.casavio.com\/wp-content\/uploads\/2024\/04\/favicon.png","width":144,"height":144,"caption":"Camping Ca'Savio"},"image":{"@id":"https:\/\/www.casavio.com\/fr\/#\/schema\/logo\/image\/"},"sameAs":["https:\/\/www.facebook.com\/campingcasavio","https:\/\/www.instagram.com\/campingcasavio","https:\/\/www.youtube.com\/user\/campingcasavio"]}]}},"_links":{"self":[{"href":"https:\/\/www.casavio.com\/fr\/wp-json\/wp\/v2\/pages\/8880","targetHints":{"allow":["GET"]}}],"collection":[{"href":"https:\/\/www.casavio.com\/fr\/wp-json\/wp\/v2\/pages"}],"about":[{"href":"https:\/\/www.casavio.com\/fr\/wp-json\/wp\/v2\/types\/page"}],"author":[{"embeddable":true,"href":"https:\/\/www.casavio.com\/fr\/wp-json\/wp\/v2\/users\/3"}],"replies":[{"embeddable":true,"href":"https:\/\/www.casavio.com\/fr\/wp-json\/wp\/v2\/comments?post=8880"}],"version-history":[{"count":2,"href":"https:\/\/www.casavio.com\/fr\/wp-json\/wp\/v2\/pages\/8880\/revisions"}],"predecessor-version":[{"id":8882,"href":"https:\/\/www.casavio.com\/fr\/wp-json\/wp\/v2\/pages\/8880\/revisions\/8882"}],"up":[{"embeddable":true,"href":"https:\/\/www.casavio.com\/fr\/wp-json\/wp\/v2\/pages\/8840"}],"wp:featuredmedia":[{"embeddable":true,"href":"https:\/\/www.casavio.com\/fr\/wp-json\/wp\/v2\/media\/3031"}],"wp:attachment":[{"href":"https:\/\/www.casavio.com\/fr\/wp-json\/wp\/v2\/media?parent=8880"}],"curies":[{"name":"wp","href":"https:\/\/api.w.org\/{rel}","templated":true}]}}