{"id":8889,"date":"2019-11-07T10:55:15","date_gmt":"2019-11-07T09:55:15","guid":{"rendered":"https:\/\/www.casavio.com\/services\/spiaggia-ca-savio\/"},"modified":"2026-02-17T14:40:12","modified_gmt":"2026-02-17T13:40:12","slug":"plage-ca-savio","status":"publish","type":"page","link":"https:\/\/www.casavio.com\/fr\/services\/plage-ca-savio\/","title":{"rendered":"La plage du Ca&rsquo;Savio"},"content":{"rendered":"","protected":false},"excerpt":{"rendered":"<p>Le camping Ca\u2019Savio donne directement sur la mer et dispose d\u2019une plage de sable fin de presque 1 kilom\u00e8tre de long. <\/p>\n","protected":false},"author":3,"featured_media":20431,"parent":8804,"menu_order":49,"comment_status":"closed","ping_status":"closed","template":"templates\/tpl-dynamic-layout.php","meta":{"_acf_changed":false},"class_list":["post-8889","page","type-page","status-publish","has-post-thumbnail","hentry"],"acf":[],"yoast_head":"<!-- This site is optimized with the Yoast SEO plugin v25.3 - https:\/\/yoast.com\/wordpress\/plugins\/seo\/ -->\n<title>Ca&#039; Savio Plage &#8211; Camping Ca&#039; Savio<\/title>\n<meta name=\"description\" content=\"Le Camping Ca\u2019Savio offre \u00e0 ses h\u00f4tes une tr\u00e8s grande plage libre, nettoy\u00e9e quotidiennement et pr\u00eate \u00e0 vous accueillir pour des journ\u00e9es parfaites \u00e0 la mer.\" \/>\n<meta name=\"robots\" content=\"index, follow, max-snippet:-1, max-image-preview:large, max-video-preview:-1\" \/>\n<link rel=\"canonical\" href=\"https:\/\/www.casavio.com\/fr\/services\/plage-ca-savio\/\" \/>\n<meta property=\"og:locale\" content=\"fr_FR\" \/>\n<meta property=\"og:type\" content=\"article\" \/>\n<meta property=\"og:title\" content=\"Ca&#039; Savio Plage &#8211; Camping Ca&#039; Savio\" \/>\n<meta property=\"og:description\" content=\"Le Camping Ca\u2019Savio offre \u00e0 ses h\u00f4tes une tr\u00e8s grande plage libre, nettoy\u00e9e quotidiennement et pr\u00eate \u00e0 vous accueillir pour des journ\u00e9es parfaites \u00e0 la mer.\" \/>\n<meta property=\"og:url\" content=\"https:\/\/www.casavio.com\/fr\/services\/plage-ca-savio\/\" \/>\n<meta property=\"og:site_name\" content=\"Camping Ca&#039; Savio\" \/>\n<meta property=\"article:publisher\" content=\"https:\/\/www.facebook.com\/campingcasavio\" \/>\n<meta property=\"article:modified_time\" content=\"2026-02-17T13:40:12+00:00\" \/>\n<meta property=\"og:image\" content=\"https:\/\/www.casavio.com\/wp-content\/uploads\/2021\/10\/CaSavio_spiaggia-ev.jpg\" \/>\n\t<meta property=\"og:image:width\" content=\"440\" \/>\n\t<meta property=\"og:image:height\" content=\"600\" \/>\n\t<meta property=\"og:image:type\" content=\"image\/jpeg\" \/>\n<meta name=\"twitter:card\" content=\"summary_large_image\" \/>\n<meta name=\"twitter:label1\" content=\"Dur\u00e9e de lecture estim\u00e9e\" \/>\n\t<meta name=\"twitter:data1\" content=\"1 minute\" \/>\n<script type=\"application\/ld+json\" class=\"yoast-schema-graph\">{\"@context\":\"https:\/\/schema.org\",\"@graph\":[{\"@type\":\"WebPage\",\"@id\":\"https:\/\/www.casavio.com\/fr\/services\/plage-ca-savio\/\",\"url\":\"https:\/\/www.casavio.com\/fr\/services\/plage-ca-savio\/\",\"name\":\"Ca' Savio Plage &#8211; Camping Ca&#039; Savio\",\"isPartOf\":{\"@id\":\"https:\/\/www.casavio.com\/fr\/#website\"},\"primaryImageOfPage\":{\"@id\":\"https:\/\/www.casavio.com\/fr\/services\/plage-ca-savio\/#primaryimage\"},\"image\":{\"@id\":\"https:\/\/www.casavio.com\/fr\/services\/plage-ca-savio\/#primaryimage\"},\"thumbnailUrl\":\"https:\/\/www.casavio.com\/wp-content\/uploads\/2021\/10\/CaSavio_spiaggia-ev.jpg\",\"datePublished\":\"2019-11-07T09:55:15+00:00\",\"dateModified\":\"2026-02-17T13:40:12+00:00\",\"description\":\"Le Camping Ca\u2019Savio offre \u00e0 ses h\u00f4tes une tr\u00e8s grande plage libre, nettoy\u00e9e quotidiennement et pr\u00eate \u00e0 vous accueillir pour des journ\u00e9es parfaites \u00e0 la mer.\",\"breadcrumb\":{\"@id\":\"https:\/\/www.casavio.com\/fr\/services\/plage-ca-savio\/#breadcrumb\"},\"inLanguage\":\"fr-FR\",\"potentialAction\":[{\"@type\":\"ReadAction\",\"target\":[\"https:\/\/www.casavio.com\/fr\/services\/plage-ca-savio\/\"]}]},{\"@type\":\"ImageObject\",\"inLanguage\":\"fr-FR\",\"@id\":\"https:\/\/www.casavio.com\/fr\/services\/plage-ca-savio\/#primaryimage\",\"url\":\"https:\/\/www.casavio.com\/wp-content\/uploads\/2021\/10\/CaSavio_spiaggia-ev.jpg\",\"contentUrl\":\"https:\/\/www.casavio.com\/wp-content\/uploads\/2021\/10\/CaSavio_spiaggia-ev.jpg\",\"width\":440,\"height\":600},{\"@type\":\"BreadcrumbList\",\"@id\":\"https:\/\/www.casavio.com\/fr\/services\/plage-ca-savio\/#breadcrumb\",\"itemListElement\":[{\"@type\":\"ListItem\",\"position\":1,\"name\":\"Home\",\"item\":\"https:\/\/www.casavio.com\/fr\/\"},{\"@type\":\"ListItem\",\"position\":2,\"name\":\"Services\",\"item\":\"https:\/\/www.casavio.com\/fr\/services\/\"},{\"@type\":\"ListItem\",\"position\":3,\"name\":\"La plage du Ca&#8217;Savio\"}]},{\"@type\":\"WebSite\",\"@id\":\"https:\/\/www.casavio.com\/fr\/#website\",\"url\":\"https:\/\/www.casavio.com\/fr\/\",\"name\":\"Camping Ca&#039; Savio\",\"description\":\"\",\"publisher\":{\"@id\":\"https:\/\/www.casavio.com\/fr\/#organization\"},\"potentialAction\":[{\"@type\":\"SearchAction\",\"target\":{\"@type\":\"EntryPoint\",\"urlTemplate\":\"https:\/\/www.casavio.com\/fr\/?s={search_term_string}\"},\"query-input\":{\"@type\":\"PropertyValueSpecification\",\"valueRequired\":true,\"valueName\":\"search_term_string\"}}],\"inLanguage\":\"fr-FR\"},{\"@type\":\"Organization\",\"@id\":\"https:\/\/www.casavio.com\/fr\/#organization\",\"name\":\"Camping Ca'Savio\",\"url\":\"https:\/\/www.casavio.com\/fr\/\",\"logo\":{\"@type\":\"ImageObject\",\"inLanguage\":\"fr-FR\",\"@id\":\"https:\/\/www.casavio.com\/fr\/#\/schema\/logo\/image\/\",\"url\":\"https:\/\/www.casavio.com\/wp-content\/uploads\/2024\/04\/favicon.png\",\"contentUrl\":\"https:\/\/www.casavio.com\/wp-content\/uploads\/2024\/04\/favicon.png\",\"width\":144,\"height\":144,\"caption\":\"Camping Ca'Savio\"},\"image\":{\"@id\":\"https:\/\/www.casavio.com\/fr\/#\/schema\/logo\/image\/\"},\"sameAs\":[\"https:\/\/www.facebook.com\/campingcasavio\",\"https:\/\/www.instagram.com\/campingcasavio\",\"https:\/\/www.youtube.com\/user\/campingcasavio\"]}]}<\/script>\n<!-- \/ Yoast SEO plugin. -->","yoast_head_json":{"title":"Ca' Savio Plage &#8211; Camping Ca&#039; Savio","description":"Le Camping Ca\u2019Savio offre \u00e0 ses h\u00f4tes une tr\u00e8s grande plage libre, nettoy\u00e9e quotidiennement et pr\u00eate \u00e0 vous accueillir pour des journ\u00e9es parfaites \u00e0 la mer.","robots":{"index":"index","follow":"follow","max-snippet":"max-snippet:-1","max-image-preview":"max-image-preview:large","max-video-preview":"max-video-preview:-1"},"canonical":"https:\/\/www.casavio.com\/fr\/services\/plage-ca-savio\/","og_locale":"fr_FR","og_type":"article","og_title":"Ca' Savio Plage &#8211; Camping Ca&#039; Savio","og_description":"Le Camping Ca\u2019Savio offre \u00e0 ses h\u00f4tes une tr\u00e8s grande plage libre, nettoy\u00e9e quotidiennement et pr\u00eate \u00e0 vous accueillir pour des journ\u00e9es parfaites \u00e0 la mer.","og_url":"https:\/\/www.casavio.com\/fr\/services\/plage-ca-savio\/","og_site_name":"Camping Ca&#039; Savio","article_publisher":"https:\/\/www.facebook.com\/campingcasavio","article_modified_time":"2026-02-17T13:40:12+00:00","og_image":[{"width":440,"height":600,"url":"https:\/\/www.casavio.com\/wp-content\/uploads\/2021\/10\/CaSavio_spiaggia-ev.jpg","type":"image\/jpeg"}],"twitter_card":"summary_large_image","twitter_misc":{"Dur\u00e9e de lecture estim\u00e9e":"1 minute"},"schema":{"@context":"https:\/\/schema.org","@graph":[{"@type":"WebPage","@id":"https:\/\/www.casavio.com\/fr\/services\/plage-ca-savio\/","url":"https:\/\/www.casavio.com\/fr\/services\/plage-ca-savio\/","name":"Ca' Savio Plage &#8211; Camping Ca&#039; Savio","isPartOf":{"@id":"https:\/\/www.casavio.com\/fr\/#website"},"primaryImageOfPage":{"@id":"https:\/\/www.casavio.com\/fr\/services\/plage-ca-savio\/#primaryimage"},"image":{"@id":"https:\/\/www.casavio.com\/fr\/services\/plage-ca-savio\/#primaryimage"},"thumbnailUrl":"https:\/\/www.casavio.com\/wp-content\/uploads\/2021\/10\/CaSavio_spiaggia-ev.jpg","datePublished":"2019-11-07T09:55:15+00:00","dateModified":"2026-02-17T13:40:12+00:00","description":"Le Camping Ca\u2019Savio offre \u00e0 ses h\u00f4tes une tr\u00e8s grande plage libre, nettoy\u00e9e quotidiennement et pr\u00eate \u00e0 vous accueillir pour des journ\u00e9es parfaites \u00e0 la mer.","breadcrumb":{"@id":"https:\/\/www.casavio.com\/fr\/services\/plage-ca-savio\/#breadcrumb"},"inLanguage":"fr-FR","potentialAction":[{"@type":"ReadAction","target":["https:\/\/www.casavio.com\/fr\/services\/plage-ca-savio\/"]}]},{"@type":"ImageObject","inLanguage":"fr-FR","@id":"https:\/\/www.casavio.com\/fr\/services\/plage-ca-savio\/#primaryimage","url":"https:\/\/www.casavio.com\/wp-content\/uploads\/2021\/10\/CaSavio_spiaggia-ev.jpg","contentUrl":"https:\/\/www.casavio.com\/wp-content\/uploads\/2021\/10\/CaSavio_spiaggia-ev.jpg","width":440,"height":600},{"@type":"BreadcrumbList","@id":"https:\/\/www.casavio.com\/fr\/services\/plage-ca-savio\/#breadcrumb","itemListElement":[{"@type":"ListItem","position":1,"name":"Home","item":"https:\/\/www.casavio.com\/fr\/"},{"@type":"ListItem","position":2,"name":"Services","item":"https:\/\/www.casavio.com\/fr\/services\/"},{"@type":"ListItem","position":3,"name":"La plage du Ca&#8217;Savio"}]},{"@type":"WebSite","@id":"https:\/\/www.casavio.com\/fr\/#website","url":"https:\/\/www.casavio.com\/fr\/","name":"Camping Ca&#039; Savio","description":"","publisher":{"@id":"https:\/\/www.casavio.com\/fr\/#organization"},"potentialAction":[{"@type":"SearchAction","target":{"@type":"EntryPoint","urlTemplate":"https:\/\/www.casavio.com\/fr\/?s={search_term_string}"},"query-input":{"@type":"PropertyValueSpecification","valueRequired":true,"valueName":"search_term_string"}}],"inLanguage":"fr-FR"},{"@type":"Organization","@id":"https:\/\/www.casavio.com\/fr\/#organization","name":"Camping Ca'Savio","url":"https:\/\/www.casavio.com\/fr\/","logo":{"@type":"ImageObject","inLanguage":"fr-FR","@id":"https:\/\/www.casavio.com\/fr\/#\/schema\/logo\/image\/","url":"https:\/\/www.casavio.com\/wp-content\/uploads\/2024\/04\/favicon.png","contentUrl":"https:\/\/www.casavio.com\/wp-content\/uploads\/2024\/04\/favicon.png","width":144,"height":144,"caption":"Camping Ca'Savio"},"image":{"@id":"https:\/\/www.casavio.com\/fr\/#\/schema\/logo\/image\/"},"sameAs":["https:\/\/www.facebook.com\/campingcasavio","https:\/\/www.instagram.com\/campingcasavio","https:\/\/www.youtube.com\/user\/campingcasavio"]}]}},"_links":{"self":[{"href":"https:\/\/www.casavio.com\/fr\/wp-json\/wp\/v2\/pages\/8889","targetHints":{"allow":["GET"]}}],"collection":[{"href":"https:\/\/www.casavio.com\/fr\/wp-json\/wp\/v2\/pages"}],"about":[{"href":"https:\/\/www.casavio.com\/fr\/wp-json\/wp\/v2\/types\/page"}],"author":[{"embeddable":true,"href":"https:\/\/www.casavio.com\/fr\/wp-json\/wp\/v2\/users\/3"}],"replies":[{"embeddable":true,"href":"https:\/\/www.casavio.com\/fr\/wp-json\/wp\/v2\/comments?post=8889"}],"version-history":[{"count":2,"href":"https:\/\/www.casavio.com\/fr\/wp-json\/wp\/v2\/pages\/8889\/revisions"}],"predecessor-version":[{"id":46076,"href":"https:\/\/www.casavio.com\/fr\/wp-json\/wp\/v2\/pages\/8889\/revisions\/46076"}],"up":[{"embeddable":true,"href":"https:\/\/www.casavio.com\/fr\/wp-json\/wp\/v2\/pages\/8804"}],"wp:featuredmedia":[{"embeddable":true,"href":"https:\/\/www.casavio.com\/fr\/wp-json\/wp\/v2\/media\/20431"}],"wp:attachment":[{"href":"https:\/\/www.casavio.com\/fr\/wp-json\/wp\/v2\/media?parent=8889"}],"curies":[{"name":"wp","href":"https:\/\/api.w.org\/{rel}","templated":true}]}}