{"id":8898,"date":"2019-11-07T10:57:43","date_gmt":"2019-11-07T09:57:43","guid":{"rendered":"https:\/\/www.casavio.com\/services\/supermercati-ca-savio\/"},"modified":"2025-12-09T12:33:21","modified_gmt":"2025-12-09T11:33:21","slug":"supermarche-ca-savio","status":"publish","type":"page","link":"https:\/\/www.casavio.com\/fr\/services\/supermarche-ca-savio\/","title":{"rendered":"Supermarch\u00e9"},"content":{"rendered":"<p>Le supermarch\u00e9 \u00e0 l\u2019int\u00e9rieur du Camping Ca\u2019Savio exclusivement d\u00e9di\u00e9 aux h\u00f4tes, est situ\u00e9 pr\u00e8s de la r\u00e9ception et entour\u00e9 de vert, d\u00e9cor\u00e9 de bois et couleurs qui rappellent la nature, ainsi, faire ses courses devient aussi une exp\u00e9rience de vacances.<\/p>\n","protected":false},"excerpt":{"rendered":"<p>Fruits, l\u00e9gumes, pain frais, charcuterie, vins, pizzas, plats \u00e0 emporter et plus encore.<\/p>\n","protected":false},"author":3,"featured_media":14475,"parent":8804,"menu_order":52,"comment_status":"closed","ping_status":"closed","template":"","meta":{"_acf_changed":false},"class_list":["post-8898","page","type-page","status-publish","has-post-thumbnail","hentry"],"acf":[],"yoast_head":"<!-- This site is optimized with the Yoast SEO plugin v25.3 - https:\/\/yoast.com\/wordpress\/plugins\/seo\/ -->\n<title>Le supermarch\u00e9 \u00e0 Cavallino Treporti &#8211; Camping Ca&#039; Savio<\/title>\n<meta name=\"description\" content=\"Le supermarch\u00e9 \u00e0 l\u2019int\u00e9rieur du Camping Ca\u2019Savio exclusivement d\u00e9di\u00e9 aux h\u00f4tes, est situ\u00e9 pr\u00e8s de la r\u00e9ception et entour\u00e9 de vert, ainsi, faire ses courses devient aussi une exp\u00e9rience de vacances.\" \/>\n<meta name=\"robots\" content=\"index, follow, max-snippet:-1, max-image-preview:large, max-video-preview:-1\" \/>\n<link rel=\"canonical\" href=\"https:\/\/www.casavio.com\/fr\/services\/supermarche-ca-savio\/\" \/>\n<meta property=\"og:locale\" content=\"fr_FR\" \/>\n<meta property=\"og:type\" content=\"article\" \/>\n<meta property=\"og:title\" content=\"Le supermarch\u00e9 \u00e0 Cavallino Treporti &#8211; Camping Ca&#039; Savio\" \/>\n<meta property=\"og:description\" content=\"Le supermarch\u00e9 \u00e0 l\u2019int\u00e9rieur du Camping Ca\u2019Savio exclusivement d\u00e9di\u00e9 aux h\u00f4tes, est situ\u00e9 pr\u00e8s de la r\u00e9ception et entour\u00e9 de vert, ainsi, faire ses courses devient aussi une exp\u00e9rience de vacances.\" \/>\n<meta property=\"og:url\" content=\"https:\/\/www.casavio.com\/fr\/services\/supermarche-ca-savio\/\" \/>\n<meta property=\"og:site_name\" content=\"Camping Ca&#039; Savio\" \/>\n<meta property=\"article:publisher\" content=\"https:\/\/www.facebook.com\/campingcasavio\" \/>\n<meta property=\"article:modified_time\" content=\"2025-12-09T11:33:21+00:00\" \/>\n<meta property=\"og:image\" content=\"https:\/\/www.casavio.com\/wp-content\/uploads\/2020\/10\/ca-savio-supermarket-immagine-evidenza.jpg\" \/>\n\t<meta property=\"og:image:width\" content=\"440\" \/>\n\t<meta property=\"og:image:height\" content=\"600\" \/>\n\t<meta property=\"og:image:type\" content=\"image\/jpeg\" \/>\n<meta name=\"twitter:card\" content=\"summary_large_image\" \/>\n<meta name=\"twitter:label1\" content=\"Dur\u00e9e de lecture estim\u00e9e\" \/>\n\t<meta name=\"twitter:data1\" content=\"1 minute\" \/>\n<script type=\"application\/ld+json\" class=\"yoast-schema-graph\">{\"@context\":\"https:\/\/schema.org\",\"@graph\":[{\"@type\":\"WebPage\",\"@id\":\"https:\/\/www.casavio.com\/fr\/services\/supermarche-ca-savio\/\",\"url\":\"https:\/\/www.casavio.com\/fr\/services\/supermarche-ca-savio\/\",\"name\":\"Le supermarch\u00e9 \u00e0 Cavallino Treporti &#8211; Camping Ca&#039; Savio\",\"isPartOf\":{\"@id\":\"https:\/\/www.casavio.com\/fr\/#website\"},\"primaryImageOfPage\":{\"@id\":\"https:\/\/www.casavio.com\/fr\/services\/supermarche-ca-savio\/#primaryimage\"},\"image\":{\"@id\":\"https:\/\/www.casavio.com\/fr\/services\/supermarche-ca-savio\/#primaryimage\"},\"thumbnailUrl\":\"https:\/\/www.casavio.com\/wp-content\/uploads\/2020\/10\/ca-savio-supermarket-immagine-evidenza.jpg\",\"datePublished\":\"2019-11-07T09:57:43+00:00\",\"dateModified\":\"2025-12-09T11:33:21+00:00\",\"description\":\"Le supermarch\u00e9 \u00e0 l\u2019int\u00e9rieur du Camping Ca\u2019Savio exclusivement d\u00e9di\u00e9 aux h\u00f4tes, est situ\u00e9 pr\u00e8s de la r\u00e9ception et entour\u00e9 de vert, ainsi, faire ses courses devient aussi une exp\u00e9rience de vacances.\",\"breadcrumb\":{\"@id\":\"https:\/\/www.casavio.com\/fr\/services\/supermarche-ca-savio\/#breadcrumb\"},\"inLanguage\":\"fr-FR\",\"potentialAction\":[{\"@type\":\"ReadAction\",\"target\":[\"https:\/\/www.casavio.com\/fr\/services\/supermarche-ca-savio\/\"]}]},{\"@type\":\"ImageObject\",\"inLanguage\":\"fr-FR\",\"@id\":\"https:\/\/www.casavio.com\/fr\/services\/supermarche-ca-savio\/#primaryimage\",\"url\":\"https:\/\/www.casavio.com\/wp-content\/uploads\/2020\/10\/ca-savio-supermarket-immagine-evidenza.jpg\",\"contentUrl\":\"https:\/\/www.casavio.com\/wp-content\/uploads\/2020\/10\/ca-savio-supermarket-immagine-evidenza.jpg\",\"width\":440,\"height\":600},{\"@type\":\"BreadcrumbList\",\"@id\":\"https:\/\/www.casavio.com\/fr\/services\/supermarche-ca-savio\/#breadcrumb\",\"itemListElement\":[{\"@type\":\"ListItem\",\"position\":1,\"name\":\"Home\",\"item\":\"https:\/\/www.casavio.com\/fr\/\"},{\"@type\":\"ListItem\",\"position\":2,\"name\":\"Services\",\"item\":\"https:\/\/www.casavio.com\/fr\/services\/\"},{\"@type\":\"ListItem\",\"position\":3,\"name\":\"Supermarch\u00e9\"}]},{\"@type\":\"WebSite\",\"@id\":\"https:\/\/www.casavio.com\/fr\/#website\",\"url\":\"https:\/\/www.casavio.com\/fr\/\",\"name\":\"Camping Ca&#039; Savio\",\"description\":\"\",\"publisher\":{\"@id\":\"https:\/\/www.casavio.com\/fr\/#organization\"},\"potentialAction\":[{\"@type\":\"SearchAction\",\"target\":{\"@type\":\"EntryPoint\",\"urlTemplate\":\"https:\/\/www.casavio.com\/fr\/?s={search_term_string}\"},\"query-input\":{\"@type\":\"PropertyValueSpecification\",\"valueRequired\":true,\"valueName\":\"search_term_string\"}}],\"inLanguage\":\"fr-FR\"},{\"@type\":\"Organization\",\"@id\":\"https:\/\/www.casavio.com\/fr\/#organization\",\"name\":\"Camping Ca'Savio\",\"url\":\"https:\/\/www.casavio.com\/fr\/\",\"logo\":{\"@type\":\"ImageObject\",\"inLanguage\":\"fr-FR\",\"@id\":\"https:\/\/www.casavio.com\/fr\/#\/schema\/logo\/image\/\",\"url\":\"https:\/\/www.casavio.com\/wp-content\/uploads\/2024\/04\/favicon.png\",\"contentUrl\":\"https:\/\/www.casavio.com\/wp-content\/uploads\/2024\/04\/favicon.png\",\"width\":144,\"height\":144,\"caption\":\"Camping Ca'Savio\"},\"image\":{\"@id\":\"https:\/\/www.casavio.com\/fr\/#\/schema\/logo\/image\/\"},\"sameAs\":[\"https:\/\/www.facebook.com\/campingcasavio\",\"https:\/\/www.instagram.com\/campingcasavio\",\"https:\/\/www.youtube.com\/user\/campingcasavio\"]}]}<\/script>\n<!-- \/ Yoast SEO plugin. -->","yoast_head_json":{"title":"Le supermarch\u00e9 \u00e0 Cavallino Treporti &#8211; Camping Ca&#039; Savio","description":"Le supermarch\u00e9 \u00e0 l\u2019int\u00e9rieur du Camping Ca\u2019Savio exclusivement d\u00e9di\u00e9 aux h\u00f4tes, est situ\u00e9 pr\u00e8s de la r\u00e9ception et entour\u00e9 de vert, ainsi, faire ses courses devient aussi une exp\u00e9rience de vacances.","robots":{"index":"index","follow":"follow","max-snippet":"max-snippet:-1","max-image-preview":"max-image-preview:large","max-video-preview":"max-video-preview:-1"},"canonical":"https:\/\/www.casavio.com\/fr\/services\/supermarche-ca-savio\/","og_locale":"fr_FR","og_type":"article","og_title":"Le supermarch\u00e9 \u00e0 Cavallino Treporti &#8211; Camping Ca&#039; Savio","og_description":"Le supermarch\u00e9 \u00e0 l\u2019int\u00e9rieur du Camping Ca\u2019Savio exclusivement d\u00e9di\u00e9 aux h\u00f4tes, est situ\u00e9 pr\u00e8s de la r\u00e9ception et entour\u00e9 de vert, ainsi, faire ses courses devient aussi une exp\u00e9rience de vacances.","og_url":"https:\/\/www.casavio.com\/fr\/services\/supermarche-ca-savio\/","og_site_name":"Camping Ca&#039; Savio","article_publisher":"https:\/\/www.facebook.com\/campingcasavio","article_modified_time":"2025-12-09T11:33:21+00:00","og_image":[{"width":440,"height":600,"url":"https:\/\/www.casavio.com\/wp-content\/uploads\/2020\/10\/ca-savio-supermarket-immagine-evidenza.jpg","type":"image\/jpeg"}],"twitter_card":"summary_large_image","twitter_misc":{"Dur\u00e9e de lecture estim\u00e9e":"1 minute"},"schema":{"@context":"https:\/\/schema.org","@graph":[{"@type":"WebPage","@id":"https:\/\/www.casavio.com\/fr\/services\/supermarche-ca-savio\/","url":"https:\/\/www.casavio.com\/fr\/services\/supermarche-ca-savio\/","name":"Le supermarch\u00e9 \u00e0 Cavallino Treporti &#8211; Camping Ca&#039; Savio","isPartOf":{"@id":"https:\/\/www.casavio.com\/fr\/#website"},"primaryImageOfPage":{"@id":"https:\/\/www.casavio.com\/fr\/services\/supermarche-ca-savio\/#primaryimage"},"image":{"@id":"https:\/\/www.casavio.com\/fr\/services\/supermarche-ca-savio\/#primaryimage"},"thumbnailUrl":"https:\/\/www.casavio.com\/wp-content\/uploads\/2020\/10\/ca-savio-supermarket-immagine-evidenza.jpg","datePublished":"2019-11-07T09:57:43+00:00","dateModified":"2025-12-09T11:33:21+00:00","description":"Le supermarch\u00e9 \u00e0 l\u2019int\u00e9rieur du Camping Ca\u2019Savio exclusivement d\u00e9di\u00e9 aux h\u00f4tes, est situ\u00e9 pr\u00e8s de la r\u00e9ception et entour\u00e9 de vert, ainsi, faire ses courses devient aussi une exp\u00e9rience de vacances.","breadcrumb":{"@id":"https:\/\/www.casavio.com\/fr\/services\/supermarche-ca-savio\/#breadcrumb"},"inLanguage":"fr-FR","potentialAction":[{"@type":"ReadAction","target":["https:\/\/www.casavio.com\/fr\/services\/supermarche-ca-savio\/"]}]},{"@type":"ImageObject","inLanguage":"fr-FR","@id":"https:\/\/www.casavio.com\/fr\/services\/supermarche-ca-savio\/#primaryimage","url":"https:\/\/www.casavio.com\/wp-content\/uploads\/2020\/10\/ca-savio-supermarket-immagine-evidenza.jpg","contentUrl":"https:\/\/www.casavio.com\/wp-content\/uploads\/2020\/10\/ca-savio-supermarket-immagine-evidenza.jpg","width":440,"height":600},{"@type":"BreadcrumbList","@id":"https:\/\/www.casavio.com\/fr\/services\/supermarche-ca-savio\/#breadcrumb","itemListElement":[{"@type":"ListItem","position":1,"name":"Home","item":"https:\/\/www.casavio.com\/fr\/"},{"@type":"ListItem","position":2,"name":"Services","item":"https:\/\/www.casavio.com\/fr\/services\/"},{"@type":"ListItem","position":3,"name":"Supermarch\u00e9"}]},{"@type":"WebSite","@id":"https:\/\/www.casavio.com\/fr\/#website","url":"https:\/\/www.casavio.com\/fr\/","name":"Camping Ca&#039; Savio","description":"","publisher":{"@id":"https:\/\/www.casavio.com\/fr\/#organization"},"potentialAction":[{"@type":"SearchAction","target":{"@type":"EntryPoint","urlTemplate":"https:\/\/www.casavio.com\/fr\/?s={search_term_string}"},"query-input":{"@type":"PropertyValueSpecification","valueRequired":true,"valueName":"search_term_string"}}],"inLanguage":"fr-FR"},{"@type":"Organization","@id":"https:\/\/www.casavio.com\/fr\/#organization","name":"Camping Ca'Savio","url":"https:\/\/www.casavio.com\/fr\/","logo":{"@type":"ImageObject","inLanguage":"fr-FR","@id":"https:\/\/www.casavio.com\/fr\/#\/schema\/logo\/image\/","url":"https:\/\/www.casavio.com\/wp-content\/uploads\/2024\/04\/favicon.png","contentUrl":"https:\/\/www.casavio.com\/wp-content\/uploads\/2024\/04\/favicon.png","width":144,"height":144,"caption":"Camping Ca'Savio"},"image":{"@id":"https:\/\/www.casavio.com\/fr\/#\/schema\/logo\/image\/"},"sameAs":["https:\/\/www.facebook.com\/campingcasavio","https:\/\/www.instagram.com\/campingcasavio","https:\/\/www.youtube.com\/user\/campingcasavio"]}]}},"_links":{"self":[{"href":"https:\/\/www.casavio.com\/fr\/wp-json\/wp\/v2\/pages\/8898","targetHints":{"allow":["GET"]}}],"collection":[{"href":"https:\/\/www.casavio.com\/fr\/wp-json\/wp\/v2\/pages"}],"about":[{"href":"https:\/\/www.casavio.com\/fr\/wp-json\/wp\/v2\/types\/page"}],"author":[{"embeddable":true,"href":"https:\/\/www.casavio.com\/fr\/wp-json\/wp\/v2\/users\/3"}],"replies":[{"embeddable":true,"href":"https:\/\/www.casavio.com\/fr\/wp-json\/wp\/v2\/comments?post=8898"}],"version-history":[{"count":1,"href":"https:\/\/www.casavio.com\/fr\/wp-json\/wp\/v2\/pages\/8898\/revisions"}],"predecessor-version":[{"id":44774,"href":"https:\/\/www.casavio.com\/fr\/wp-json\/wp\/v2\/pages\/8898\/revisions\/44774"}],"up":[{"embeddable":true,"href":"https:\/\/www.casavio.com\/fr\/wp-json\/wp\/v2\/pages\/8804"}],"wp:featuredmedia":[{"embeddable":true,"href":"https:\/\/www.casavio.com\/fr\/wp-json\/wp\/v2\/media\/14475"}],"wp:attachment":[{"href":"https:\/\/www.casavio.com\/fr\/wp-json\/wp\/v2\/media?parent=8898"}],"curies":[{"name":"wp","href":"https:\/\/api.w.org\/{rel}","templated":true}]}}