{"id":8915,"date":"2019-11-07T11:00:52","date_gmt":"2019-11-07T10:00:52","guid":{"rendered":"https:\/\/www.casavio.com\/activites-au-camping\/sport-e-fitness\/"},"modified":"2020-02-26T10:15:18","modified_gmt":"2020-02-26T09:15:18","slug":"sport-et-fitness","status":"publish","type":"page","link":"https:\/\/www.casavio.com\/fr\/activites-au-camping\/sport-et-fitness\/","title":{"rendered":"Sport et Fitness"},"content":{"rendered":"<p>Plein d\u2019activit\u00e9s en plein air vous attendent au Camping Ca\u2019Savio pour vous maintenir en forme et vous divertir. Des vacances r\u00e9g\u00e9n\u00e9ratrices et amusantes est ce \u00e0 quoi nous avons pens\u00e9 pour vous\u2026<\/p>\n","protected":false},"excerpt":{"rendered":"<p>Beaucoup d\u2019activit\u00e9s en plein air pour des vacances au nom du sport et du bien-\u00eatre. <\/p>\n","protected":false},"author":3,"featured_media":3279,"parent":8912,"menu_order":54,"comment_status":"closed","ping_status":"closed","template":"templates\/tpl-children-with-intro.php","meta":{"_acf_changed":false},"class_list":["post-8915","page","type-page","status-publish","has-post-thumbnail","hentry"],"acf":[],"yoast_head":"<!-- This site is optimized with the Yoast SEO plugin v25.3 - https:\/\/yoast.com\/wordpress\/plugins\/seo\/ -->\n<title>Sport et Fitness au Camping &#8211; Camping Ca&#039; Savio<\/title>\n<meta name=\"description\" content=\"Du sport pour vos enfants et pour vous au camping Ca&#039; Savio \u00e0 Cavallino Treporti. Tournois et stages pour garder la forme et vous divertir vous attendent au camping. D\u00e9couvrez les d\u00e9tails et contactez-nous!\" \/>\n<meta name=\"robots\" content=\"index, follow, max-snippet:-1, max-image-preview:large, max-video-preview:-1\" \/>\n<link rel=\"canonical\" href=\"https:\/\/www.casavio.com\/fr\/activites-au-camping\/sport-et-fitness\/\" \/>\n<meta property=\"og:locale\" content=\"fr_FR\" \/>\n<meta property=\"og:type\" content=\"article\" \/>\n<meta property=\"og:title\" content=\"Sport et Fitness au Camping &#8211; Camping Ca&#039; Savio\" \/>\n<meta property=\"og:description\" content=\"Du sport pour vos enfants et pour vous au camping Ca&#039; Savio \u00e0 Cavallino Treporti. Tournois et stages pour garder la forme et vous divertir vous attendent au camping. D\u00e9couvrez les d\u00e9tails et contactez-nous!\" \/>\n<meta property=\"og:url\" content=\"https:\/\/www.casavio.com\/fr\/activites-au-camping\/sport-et-fitness\/\" \/>\n<meta property=\"og:site_name\" content=\"Camping Ca&#039; Savio\" \/>\n<meta property=\"article:publisher\" content=\"https:\/\/www.facebook.com\/campingcasavio\" \/>\n<meta property=\"article:modified_time\" content=\"2020-02-26T09:15:18+00:00\" \/>\n<meta property=\"og:image\" content=\"https:\/\/www.casavio.com\/wp-content\/uploads\/2019\/11\/ca-savio-attivit\u00e0-sport-fitness.jpg\" \/>\n\t<meta property=\"og:image:width\" content=\"440\" \/>\n\t<meta property=\"og:image:height\" content=\"600\" \/>\n\t<meta property=\"og:image:type\" content=\"image\/jpeg\" \/>\n<meta name=\"twitter:card\" content=\"summary_large_image\" \/>\n<script type=\"application\/ld+json\" class=\"yoast-schema-graph\">{\"@context\":\"https:\/\/schema.org\",\"@graph\":[{\"@type\":\"WebPage\",\"@id\":\"https:\/\/www.casavio.com\/fr\/activites-au-camping\/sport-et-fitness\/\",\"url\":\"https:\/\/www.casavio.com\/fr\/activites-au-camping\/sport-et-fitness\/\",\"name\":\"Sport et Fitness au Camping &#8211; Camping Ca&#039; Savio\",\"isPartOf\":{\"@id\":\"https:\/\/www.casavio.com\/fr\/#website\"},\"primaryImageOfPage\":{\"@id\":\"https:\/\/www.casavio.com\/fr\/activites-au-camping\/sport-et-fitness\/#primaryimage\"},\"image\":{\"@id\":\"https:\/\/www.casavio.com\/fr\/activites-au-camping\/sport-et-fitness\/#primaryimage\"},\"thumbnailUrl\":\"https:\/\/www.casavio.com\/wp-content\/uploads\/2019\/11\/ca-savio-attivit\u00e0-sport-fitness.jpg\",\"datePublished\":\"2019-11-07T10:00:52+00:00\",\"dateModified\":\"2020-02-26T09:15:18+00:00\",\"description\":\"Du sport pour vos enfants et pour vous au camping Ca' Savio \u00e0 Cavallino Treporti. Tournois et stages pour garder la forme et vous divertir vous attendent au camping. D\u00e9couvrez les d\u00e9tails et contactez-nous!\",\"breadcrumb\":{\"@id\":\"https:\/\/www.casavio.com\/fr\/activites-au-camping\/sport-et-fitness\/#breadcrumb\"},\"inLanguage\":\"fr-FR\",\"potentialAction\":[{\"@type\":\"ReadAction\",\"target\":[\"https:\/\/www.casavio.com\/fr\/activites-au-camping\/sport-et-fitness\/\"]}]},{\"@type\":\"ImageObject\",\"inLanguage\":\"fr-FR\",\"@id\":\"https:\/\/www.casavio.com\/fr\/activites-au-camping\/sport-et-fitness\/#primaryimage\",\"url\":\"https:\/\/www.casavio.com\/wp-content\/uploads\/2019\/11\/ca-savio-attivit\u00e0-sport-fitness.jpg\",\"contentUrl\":\"https:\/\/www.casavio.com\/wp-content\/uploads\/2019\/11\/ca-savio-attivit\u00e0-sport-fitness.jpg\",\"width\":440,\"height\":600},{\"@type\":\"BreadcrumbList\",\"@id\":\"https:\/\/www.casavio.com\/fr\/activites-au-camping\/sport-et-fitness\/#breadcrumb\",\"itemListElement\":[{\"@type\":\"ListItem\",\"position\":1,\"name\":\"Home\",\"item\":\"https:\/\/www.casavio.com\/fr\/\"},{\"@type\":\"ListItem\",\"position\":2,\"name\":\"Activit\u00e9s\",\"item\":\"https:\/\/www.casavio.com\/fr\/activites-au-camping\/\"},{\"@type\":\"ListItem\",\"position\":3,\"name\":\"Sport et Fitness\"}]},{\"@type\":\"WebSite\",\"@id\":\"https:\/\/www.casavio.com\/fr\/#website\",\"url\":\"https:\/\/www.casavio.com\/fr\/\",\"name\":\"Camping Ca&#039; Savio\",\"description\":\"\",\"publisher\":{\"@id\":\"https:\/\/www.casavio.com\/fr\/#organization\"},\"potentialAction\":[{\"@type\":\"SearchAction\",\"target\":{\"@type\":\"EntryPoint\",\"urlTemplate\":\"https:\/\/www.casavio.com\/fr\/?s={search_term_string}\"},\"query-input\":{\"@type\":\"PropertyValueSpecification\",\"valueRequired\":true,\"valueName\":\"search_term_string\"}}],\"inLanguage\":\"fr-FR\"},{\"@type\":\"Organization\",\"@id\":\"https:\/\/www.casavio.com\/fr\/#organization\",\"name\":\"Camping Ca'Savio\",\"url\":\"https:\/\/www.casavio.com\/fr\/\",\"logo\":{\"@type\":\"ImageObject\",\"inLanguage\":\"fr-FR\",\"@id\":\"https:\/\/www.casavio.com\/fr\/#\/schema\/logo\/image\/\",\"url\":\"https:\/\/www.casavio.com\/wp-content\/uploads\/2024\/04\/favicon.png\",\"contentUrl\":\"https:\/\/www.casavio.com\/wp-content\/uploads\/2024\/04\/favicon.png\",\"width\":144,\"height\":144,\"caption\":\"Camping Ca'Savio\"},\"image\":{\"@id\":\"https:\/\/www.casavio.com\/fr\/#\/schema\/logo\/image\/\"},\"sameAs\":[\"https:\/\/www.facebook.com\/campingcasavio\",\"https:\/\/www.instagram.com\/campingcasavio\",\"https:\/\/www.youtube.com\/user\/campingcasavio\"]}]}<\/script>\n<!-- \/ Yoast SEO plugin. -->","yoast_head_json":{"title":"Sport et Fitness au Camping &#8211; Camping Ca&#039; Savio","description":"Du sport pour vos enfants et pour vous au camping Ca' Savio \u00e0 Cavallino Treporti. Tournois et stages pour garder la forme et vous divertir vous attendent au camping. D\u00e9couvrez les d\u00e9tails et contactez-nous!","robots":{"index":"index","follow":"follow","max-snippet":"max-snippet:-1","max-image-preview":"max-image-preview:large","max-video-preview":"max-video-preview:-1"},"canonical":"https:\/\/www.casavio.com\/fr\/activites-au-camping\/sport-et-fitness\/","og_locale":"fr_FR","og_type":"article","og_title":"Sport et Fitness au Camping &#8211; Camping Ca&#039; Savio","og_description":"Du sport pour vos enfants et pour vous au camping Ca' Savio \u00e0 Cavallino Treporti. Tournois et stages pour garder la forme et vous divertir vous attendent au camping. D\u00e9couvrez les d\u00e9tails et contactez-nous!","og_url":"https:\/\/www.casavio.com\/fr\/activites-au-camping\/sport-et-fitness\/","og_site_name":"Camping Ca&#039; Savio","article_publisher":"https:\/\/www.facebook.com\/campingcasavio","article_modified_time":"2020-02-26T09:15:18+00:00","og_image":[{"width":440,"height":600,"url":"https:\/\/www.casavio.com\/wp-content\/uploads\/2019\/11\/ca-savio-attivit\u00e0-sport-fitness.jpg","type":"image\/jpeg"}],"twitter_card":"summary_large_image","schema":{"@context":"https:\/\/schema.org","@graph":[{"@type":"WebPage","@id":"https:\/\/www.casavio.com\/fr\/activites-au-camping\/sport-et-fitness\/","url":"https:\/\/www.casavio.com\/fr\/activites-au-camping\/sport-et-fitness\/","name":"Sport et Fitness au Camping &#8211; Camping Ca&#039; Savio","isPartOf":{"@id":"https:\/\/www.casavio.com\/fr\/#website"},"primaryImageOfPage":{"@id":"https:\/\/www.casavio.com\/fr\/activites-au-camping\/sport-et-fitness\/#primaryimage"},"image":{"@id":"https:\/\/www.casavio.com\/fr\/activites-au-camping\/sport-et-fitness\/#primaryimage"},"thumbnailUrl":"https:\/\/www.casavio.com\/wp-content\/uploads\/2019\/11\/ca-savio-attivit\u00e0-sport-fitness.jpg","datePublished":"2019-11-07T10:00:52+00:00","dateModified":"2020-02-26T09:15:18+00:00","description":"Du sport pour vos enfants et pour vous au camping Ca' Savio \u00e0 Cavallino Treporti. Tournois et stages pour garder la forme et vous divertir vous attendent au camping. D\u00e9couvrez les d\u00e9tails et contactez-nous!","breadcrumb":{"@id":"https:\/\/www.casavio.com\/fr\/activites-au-camping\/sport-et-fitness\/#breadcrumb"},"inLanguage":"fr-FR","potentialAction":[{"@type":"ReadAction","target":["https:\/\/www.casavio.com\/fr\/activites-au-camping\/sport-et-fitness\/"]}]},{"@type":"ImageObject","inLanguage":"fr-FR","@id":"https:\/\/www.casavio.com\/fr\/activites-au-camping\/sport-et-fitness\/#primaryimage","url":"https:\/\/www.casavio.com\/wp-content\/uploads\/2019\/11\/ca-savio-attivit\u00e0-sport-fitness.jpg","contentUrl":"https:\/\/www.casavio.com\/wp-content\/uploads\/2019\/11\/ca-savio-attivit\u00e0-sport-fitness.jpg","width":440,"height":600},{"@type":"BreadcrumbList","@id":"https:\/\/www.casavio.com\/fr\/activites-au-camping\/sport-et-fitness\/#breadcrumb","itemListElement":[{"@type":"ListItem","position":1,"name":"Home","item":"https:\/\/www.casavio.com\/fr\/"},{"@type":"ListItem","position":2,"name":"Activit\u00e9s","item":"https:\/\/www.casavio.com\/fr\/activites-au-camping\/"},{"@type":"ListItem","position":3,"name":"Sport et Fitness"}]},{"@type":"WebSite","@id":"https:\/\/www.casavio.com\/fr\/#website","url":"https:\/\/www.casavio.com\/fr\/","name":"Camping Ca&#039; Savio","description":"","publisher":{"@id":"https:\/\/www.casavio.com\/fr\/#organization"},"potentialAction":[{"@type":"SearchAction","target":{"@type":"EntryPoint","urlTemplate":"https:\/\/www.casavio.com\/fr\/?s={search_term_string}"},"query-input":{"@type":"PropertyValueSpecification","valueRequired":true,"valueName":"search_term_string"}}],"inLanguage":"fr-FR"},{"@type":"Organization","@id":"https:\/\/www.casavio.com\/fr\/#organization","name":"Camping Ca'Savio","url":"https:\/\/www.casavio.com\/fr\/","logo":{"@type":"ImageObject","inLanguage":"fr-FR","@id":"https:\/\/www.casavio.com\/fr\/#\/schema\/logo\/image\/","url":"https:\/\/www.casavio.com\/wp-content\/uploads\/2024\/04\/favicon.png","contentUrl":"https:\/\/www.casavio.com\/wp-content\/uploads\/2024\/04\/favicon.png","width":144,"height":144,"caption":"Camping Ca'Savio"},"image":{"@id":"https:\/\/www.casavio.com\/fr\/#\/schema\/logo\/image\/"},"sameAs":["https:\/\/www.facebook.com\/campingcasavio","https:\/\/www.instagram.com\/campingcasavio","https:\/\/www.youtube.com\/user\/campingcasavio"]}]}},"_links":{"self":[{"href":"https:\/\/www.casavio.com\/fr\/wp-json\/wp\/v2\/pages\/8915","targetHints":{"allow":["GET"]}}],"collection":[{"href":"https:\/\/www.casavio.com\/fr\/wp-json\/wp\/v2\/pages"}],"about":[{"href":"https:\/\/www.casavio.com\/fr\/wp-json\/wp\/v2\/types\/page"}],"author":[{"embeddable":true,"href":"https:\/\/www.casavio.com\/fr\/wp-json\/wp\/v2\/users\/3"}],"replies":[{"embeddable":true,"href":"https:\/\/www.casavio.com\/fr\/wp-json\/wp\/v2\/comments?post=8915"}],"version-history":[{"count":2,"href":"https:\/\/www.casavio.com\/fr\/wp-json\/wp\/v2\/pages\/8915\/revisions"}],"predecessor-version":[{"id":8918,"href":"https:\/\/www.casavio.com\/fr\/wp-json\/wp\/v2\/pages\/8915\/revisions\/8918"}],"up":[{"embeddable":true,"href":"https:\/\/www.casavio.com\/fr\/wp-json\/wp\/v2\/pages\/8912"}],"wp:featuredmedia":[{"embeddable":true,"href":"https:\/\/www.casavio.com\/fr\/wp-json\/wp\/v2\/media\/3279"}],"wp:attachment":[{"href":"https:\/\/www.casavio.com\/fr\/wp-json\/wp\/v2\/media?parent=8915"}],"curies":[{"name":"wp","href":"https:\/\/api.w.org\/{rel}","templated":true}]}}