{"id":8932,"date":"2019-11-07T11:04:11","date_gmt":"2019-11-07T10:04:11","guid":{"rendered":"https:\/\/www.casavio.com\/activites-au-camping\/sport-et-fitness\/scuola-volley\/"},"modified":"2024-06-06T11:41:56","modified_gmt":"2024-06-06T09:41:56","slug":"ecole-de-beach-volley","status":"publish","type":"page","link":"https:\/\/www.casavio.com\/fr\/activites-au-camping\/sport-et-fitness\/ecole-de-beach-volley\/","title":{"rendered":"Beach-Volley"},"content":{"rendered":"<p>La large <a href=\"https:\/\/www.casavio.com\/fr\/services\/plage-ca-savio\/\">plage<\/a> de fin sable dor\u00e9e sur laquelle face au Camping Ca&rsquo;Savio est l&rsquo;endroit id\u00e9al non seulement pour se d\u00e9tendre face la mer, mais aussi pour pratiquer le sport du beach-volley.<\/p>\n<p>Chaque semaine, vous pouvez participer aux nombreux\u00a0<strong>tournois<\/strong>\u00a0organis\u00e9s par nos animateurs, tant pour les enfants (le matin) que pour les adultes (l&rsquo;apr\u00e8s-midi).<\/p>\n<p>Le rendez-vous est sur la plage (sortie de plage n\u00b0 3), o\u00f9 se trouvent des filets de volley-ball.<\/p>\n","protected":false},"excerpt":{"rendered":"<p>D\u00e9di\u00e9e \u00e0 tous les jeunes qui souhaitent apprendre les bases du Beach Volley. <\/p>\n","protected":false},"author":3,"featured_media":3320,"parent":8915,"menu_order":56,"comment_status":"closed","ping_status":"closed","template":"","meta":{"_acf_changed":false},"class_list":["post-8932","page","type-page","status-publish","has-post-thumbnail","hentry"],"acf":[],"yoast_head":"<!-- This site is optimized with the Yoast SEO plugin v25.3 - https:\/\/yoast.com\/wordpress\/plugins\/seo\/ -->\n<title>\u00c9cole de Beach-Volley | Sport et Fitness au Camping &#8211; Camping Ca&#039; Savio<\/title>\n<meta name=\"description\" content=\"Vous pouvez jouer ou apprendre \u00e0 jouer au beach-volley gr\u00e2ce \u00e0 nos instructeurs. D\u00e9couvrez les d\u00e9tails et contactez-nous!\" \/>\n<meta name=\"robots\" content=\"index, follow, max-snippet:-1, max-image-preview:large, max-video-preview:-1\" \/>\n<link rel=\"canonical\" href=\"https:\/\/www.casavio.com\/fr\/activites-au-camping\/sport-et-fitness\/ecole-de-beach-volley\/\" \/>\n<meta property=\"og:locale\" content=\"fr_FR\" \/>\n<meta property=\"og:type\" content=\"article\" \/>\n<meta property=\"og:title\" content=\"\u00c9cole de Beach-Volley | Sport et Fitness au Camping &#8211; Camping Ca&#039; Savio\" \/>\n<meta property=\"og:description\" content=\"Vous pouvez jouer ou apprendre \u00e0 jouer au beach-volley gr\u00e2ce \u00e0 nos instructeurs. D\u00e9couvrez les d\u00e9tails et contactez-nous!\" \/>\n<meta property=\"og:url\" content=\"https:\/\/www.casavio.com\/fr\/activites-au-camping\/sport-et-fitness\/ecole-de-beach-volley\/\" \/>\n<meta property=\"og:site_name\" content=\"Camping Ca&#039; Savio\" \/>\n<meta property=\"article:publisher\" content=\"https:\/\/www.facebook.com\/campingcasavio\" \/>\n<meta property=\"article:modified_time\" content=\"2024-06-06T09:41:56+00:00\" \/>\n<meta property=\"og:image\" content=\"https:\/\/www.casavio.com\/wp-content\/uploads\/2019\/11\/ca-savio-sport-fitness-scuola-volley.jpg\" \/>\n\t<meta property=\"og:image:width\" content=\"440\" \/>\n\t<meta property=\"og:image:height\" content=\"600\" \/>\n\t<meta property=\"og:image:type\" content=\"image\/jpeg\" \/>\n<meta name=\"twitter:card\" content=\"summary_large_image\" \/>\n<meta name=\"twitter:label1\" content=\"Dur\u00e9e de lecture estim\u00e9e\" \/>\n\t<meta name=\"twitter:data1\" content=\"1 minute\" \/>\n<script type=\"application\/ld+json\" class=\"yoast-schema-graph\">{\"@context\":\"https:\/\/schema.org\",\"@graph\":[{\"@type\":\"WebPage\",\"@id\":\"https:\/\/www.casavio.com\/fr\/activites-au-camping\/sport-et-fitness\/ecole-de-beach-volley\/\",\"url\":\"https:\/\/www.casavio.com\/fr\/activites-au-camping\/sport-et-fitness\/ecole-de-beach-volley\/\",\"name\":\"\u00c9cole de Beach-Volley | Sport et Fitness au Camping &#8211; Camping Ca&#039; Savio\",\"isPartOf\":{\"@id\":\"https:\/\/www.casavio.com\/fr\/#website\"},\"primaryImageOfPage\":{\"@id\":\"https:\/\/www.casavio.com\/fr\/activites-au-camping\/sport-et-fitness\/ecole-de-beach-volley\/#primaryimage\"},\"image\":{\"@id\":\"https:\/\/www.casavio.com\/fr\/activites-au-camping\/sport-et-fitness\/ecole-de-beach-volley\/#primaryimage\"},\"thumbnailUrl\":\"https:\/\/www.casavio.com\/wp-content\/uploads\/2019\/11\/ca-savio-sport-fitness-scuola-volley.jpg\",\"datePublished\":\"2019-11-07T10:04:11+00:00\",\"dateModified\":\"2024-06-06T09:41:56+00:00\",\"description\":\"Vous pouvez jouer ou apprendre \u00e0 jouer au beach-volley gr\u00e2ce \u00e0 nos instructeurs. D\u00e9couvrez les d\u00e9tails et contactez-nous!\",\"breadcrumb\":{\"@id\":\"https:\/\/www.casavio.com\/fr\/activites-au-camping\/sport-et-fitness\/ecole-de-beach-volley\/#breadcrumb\"},\"inLanguage\":\"fr-FR\",\"potentialAction\":[{\"@type\":\"ReadAction\",\"target\":[\"https:\/\/www.casavio.com\/fr\/activites-au-camping\/sport-et-fitness\/ecole-de-beach-volley\/\"]}]},{\"@type\":\"ImageObject\",\"inLanguage\":\"fr-FR\",\"@id\":\"https:\/\/www.casavio.com\/fr\/activites-au-camping\/sport-et-fitness\/ecole-de-beach-volley\/#primaryimage\",\"url\":\"https:\/\/www.casavio.com\/wp-content\/uploads\/2019\/11\/ca-savio-sport-fitness-scuola-volley.jpg\",\"contentUrl\":\"https:\/\/www.casavio.com\/wp-content\/uploads\/2019\/11\/ca-savio-sport-fitness-scuola-volley.jpg\",\"width\":440,\"height\":600},{\"@type\":\"BreadcrumbList\",\"@id\":\"https:\/\/www.casavio.com\/fr\/activites-au-camping\/sport-et-fitness\/ecole-de-beach-volley\/#breadcrumb\",\"itemListElement\":[{\"@type\":\"ListItem\",\"position\":1,\"name\":\"Home\",\"item\":\"https:\/\/www.casavio.com\/fr\/\"},{\"@type\":\"ListItem\",\"position\":2,\"name\":\"Activit\u00e9s\",\"item\":\"https:\/\/www.casavio.com\/fr\/activites-au-camping\/\"},{\"@type\":\"ListItem\",\"position\":3,\"name\":\"Sport et Fitness\",\"item\":\"https:\/\/www.casavio.com\/fr\/activites-au-camping\/sport-et-fitness\/\"},{\"@type\":\"ListItem\",\"position\":4,\"name\":\"Beach-Volley\"}]},{\"@type\":\"WebSite\",\"@id\":\"https:\/\/www.casavio.com\/fr\/#website\",\"url\":\"https:\/\/www.casavio.com\/fr\/\",\"name\":\"Camping Ca&#039; Savio\",\"description\":\"\",\"publisher\":{\"@id\":\"https:\/\/www.casavio.com\/fr\/#organization\"},\"potentialAction\":[{\"@type\":\"SearchAction\",\"target\":{\"@type\":\"EntryPoint\",\"urlTemplate\":\"https:\/\/www.casavio.com\/fr\/?s={search_term_string}\"},\"query-input\":{\"@type\":\"PropertyValueSpecification\",\"valueRequired\":true,\"valueName\":\"search_term_string\"}}],\"inLanguage\":\"fr-FR\"},{\"@type\":\"Organization\",\"@id\":\"https:\/\/www.casavio.com\/fr\/#organization\",\"name\":\"Camping Ca'Savio\",\"url\":\"https:\/\/www.casavio.com\/fr\/\",\"logo\":{\"@type\":\"ImageObject\",\"inLanguage\":\"fr-FR\",\"@id\":\"https:\/\/www.casavio.com\/fr\/#\/schema\/logo\/image\/\",\"url\":\"https:\/\/www.casavio.com\/wp-content\/uploads\/2024\/04\/favicon.png\",\"contentUrl\":\"https:\/\/www.casavio.com\/wp-content\/uploads\/2024\/04\/favicon.png\",\"width\":144,\"height\":144,\"caption\":\"Camping Ca'Savio\"},\"image\":{\"@id\":\"https:\/\/www.casavio.com\/fr\/#\/schema\/logo\/image\/\"},\"sameAs\":[\"https:\/\/www.facebook.com\/campingcasavio\",\"https:\/\/www.instagram.com\/campingcasavio\",\"https:\/\/www.youtube.com\/user\/campingcasavio\"]}]}<\/script>\n<!-- \/ Yoast SEO plugin. -->","yoast_head_json":{"title":"\u00c9cole de Beach-Volley | Sport et Fitness au Camping &#8211; Camping Ca&#039; Savio","description":"Vous pouvez jouer ou apprendre \u00e0 jouer au beach-volley gr\u00e2ce \u00e0 nos instructeurs. D\u00e9couvrez les d\u00e9tails et contactez-nous!","robots":{"index":"index","follow":"follow","max-snippet":"max-snippet:-1","max-image-preview":"max-image-preview:large","max-video-preview":"max-video-preview:-1"},"canonical":"https:\/\/www.casavio.com\/fr\/activites-au-camping\/sport-et-fitness\/ecole-de-beach-volley\/","og_locale":"fr_FR","og_type":"article","og_title":"\u00c9cole de Beach-Volley | Sport et Fitness au Camping &#8211; Camping Ca&#039; Savio","og_description":"Vous pouvez jouer ou apprendre \u00e0 jouer au beach-volley gr\u00e2ce \u00e0 nos instructeurs. D\u00e9couvrez les d\u00e9tails et contactez-nous!","og_url":"https:\/\/www.casavio.com\/fr\/activites-au-camping\/sport-et-fitness\/ecole-de-beach-volley\/","og_site_name":"Camping Ca&#039; Savio","article_publisher":"https:\/\/www.facebook.com\/campingcasavio","article_modified_time":"2024-06-06T09:41:56+00:00","og_image":[{"width":440,"height":600,"url":"https:\/\/www.casavio.com\/wp-content\/uploads\/2019\/11\/ca-savio-sport-fitness-scuola-volley.jpg","type":"image\/jpeg"}],"twitter_card":"summary_large_image","twitter_misc":{"Dur\u00e9e de lecture estim\u00e9e":"1 minute"},"schema":{"@context":"https:\/\/schema.org","@graph":[{"@type":"WebPage","@id":"https:\/\/www.casavio.com\/fr\/activites-au-camping\/sport-et-fitness\/ecole-de-beach-volley\/","url":"https:\/\/www.casavio.com\/fr\/activites-au-camping\/sport-et-fitness\/ecole-de-beach-volley\/","name":"\u00c9cole de Beach-Volley | Sport et Fitness au Camping &#8211; Camping Ca&#039; Savio","isPartOf":{"@id":"https:\/\/www.casavio.com\/fr\/#website"},"primaryImageOfPage":{"@id":"https:\/\/www.casavio.com\/fr\/activites-au-camping\/sport-et-fitness\/ecole-de-beach-volley\/#primaryimage"},"image":{"@id":"https:\/\/www.casavio.com\/fr\/activites-au-camping\/sport-et-fitness\/ecole-de-beach-volley\/#primaryimage"},"thumbnailUrl":"https:\/\/www.casavio.com\/wp-content\/uploads\/2019\/11\/ca-savio-sport-fitness-scuola-volley.jpg","datePublished":"2019-11-07T10:04:11+00:00","dateModified":"2024-06-06T09:41:56+00:00","description":"Vous pouvez jouer ou apprendre \u00e0 jouer au beach-volley gr\u00e2ce \u00e0 nos instructeurs. D\u00e9couvrez les d\u00e9tails et contactez-nous!","breadcrumb":{"@id":"https:\/\/www.casavio.com\/fr\/activites-au-camping\/sport-et-fitness\/ecole-de-beach-volley\/#breadcrumb"},"inLanguage":"fr-FR","potentialAction":[{"@type":"ReadAction","target":["https:\/\/www.casavio.com\/fr\/activites-au-camping\/sport-et-fitness\/ecole-de-beach-volley\/"]}]},{"@type":"ImageObject","inLanguage":"fr-FR","@id":"https:\/\/www.casavio.com\/fr\/activites-au-camping\/sport-et-fitness\/ecole-de-beach-volley\/#primaryimage","url":"https:\/\/www.casavio.com\/wp-content\/uploads\/2019\/11\/ca-savio-sport-fitness-scuola-volley.jpg","contentUrl":"https:\/\/www.casavio.com\/wp-content\/uploads\/2019\/11\/ca-savio-sport-fitness-scuola-volley.jpg","width":440,"height":600},{"@type":"BreadcrumbList","@id":"https:\/\/www.casavio.com\/fr\/activites-au-camping\/sport-et-fitness\/ecole-de-beach-volley\/#breadcrumb","itemListElement":[{"@type":"ListItem","position":1,"name":"Home","item":"https:\/\/www.casavio.com\/fr\/"},{"@type":"ListItem","position":2,"name":"Activit\u00e9s","item":"https:\/\/www.casavio.com\/fr\/activites-au-camping\/"},{"@type":"ListItem","position":3,"name":"Sport et Fitness","item":"https:\/\/www.casavio.com\/fr\/activites-au-camping\/sport-et-fitness\/"},{"@type":"ListItem","position":4,"name":"Beach-Volley"}]},{"@type":"WebSite","@id":"https:\/\/www.casavio.com\/fr\/#website","url":"https:\/\/www.casavio.com\/fr\/","name":"Camping Ca&#039; Savio","description":"","publisher":{"@id":"https:\/\/www.casavio.com\/fr\/#organization"},"potentialAction":[{"@type":"SearchAction","target":{"@type":"EntryPoint","urlTemplate":"https:\/\/www.casavio.com\/fr\/?s={search_term_string}"},"query-input":{"@type":"PropertyValueSpecification","valueRequired":true,"valueName":"search_term_string"}}],"inLanguage":"fr-FR"},{"@type":"Organization","@id":"https:\/\/www.casavio.com\/fr\/#organization","name":"Camping Ca'Savio","url":"https:\/\/www.casavio.com\/fr\/","logo":{"@type":"ImageObject","inLanguage":"fr-FR","@id":"https:\/\/www.casavio.com\/fr\/#\/schema\/logo\/image\/","url":"https:\/\/www.casavio.com\/wp-content\/uploads\/2024\/04\/favicon.png","contentUrl":"https:\/\/www.casavio.com\/wp-content\/uploads\/2024\/04\/favicon.png","width":144,"height":144,"caption":"Camping Ca'Savio"},"image":{"@id":"https:\/\/www.casavio.com\/fr\/#\/schema\/logo\/image\/"},"sameAs":["https:\/\/www.facebook.com\/campingcasavio","https:\/\/www.instagram.com\/campingcasavio","https:\/\/www.youtube.com\/user\/campingcasavio"]}]}},"_links":{"self":[{"href":"https:\/\/www.casavio.com\/fr\/wp-json\/wp\/v2\/pages\/8932","targetHints":{"allow":["GET"]}}],"collection":[{"href":"https:\/\/www.casavio.com\/fr\/wp-json\/wp\/v2\/pages"}],"about":[{"href":"https:\/\/www.casavio.com\/fr\/wp-json\/wp\/v2\/types\/page"}],"author":[{"embeddable":true,"href":"https:\/\/www.casavio.com\/fr\/wp-json\/wp\/v2\/users\/3"}],"replies":[{"embeddable":true,"href":"https:\/\/www.casavio.com\/fr\/wp-json\/wp\/v2\/comments?post=8932"}],"version-history":[{"count":2,"href":"https:\/\/www.casavio.com\/fr\/wp-json\/wp\/v2\/pages\/8932\/revisions"}],"predecessor-version":[{"id":32777,"href":"https:\/\/www.casavio.com\/fr\/wp-json\/wp\/v2\/pages\/8932\/revisions\/32777"}],"up":[{"embeddable":true,"href":"https:\/\/www.casavio.com\/fr\/wp-json\/wp\/v2\/pages\/8915"}],"wp:featuredmedia":[{"embeddable":true,"href":"https:\/\/www.casavio.com\/fr\/wp-json\/wp\/v2\/media\/3320"}],"wp:attachment":[{"href":"https:\/\/www.casavio.com\/fr\/wp-json\/wp\/v2\/media?parent=8932"}],"curies":[{"name":"wp","href":"https:\/\/api.w.org\/{rel}","templated":true}]}}