{"id":8949,"date":"2019-11-07T11:05:29","date_gmt":"2019-11-07T10:05:29","guid":{"rendered":"https:\/\/www.casavio.com\/activites-au-camping\/animations\/miniclub\/"},"modified":"2020-03-21T10:46:20","modified_gmt":"2020-03-21T09:46:20","slug":"miniclub","status":"publish","type":"page","link":"https:\/\/www.casavio.com\/fr\/activites-au-camping\/animations\/miniclub\/","title":{"rendered":"Miniclub"},"content":{"rendered":"<p>La r\u00e9f\u00e9rence en mati\u00e8re d\u2019amusement pour les plus petits dans le camping est le <strong>Miniclub<\/strong>, situ\u00e9 pr\u00e8s du <a href=\"https:\/\/www.casavio.com\/fr\/services\/restaurant-ca-savio\/\">restaurant<\/a> et de la <a href=\"https:\/\/www.casavio.com\/fr\/services\/piscines-ca-savio\/\">piscine<\/a> principale.<br \/>\nIci, chaque jour, une \u00e9quipe <strong>d\u2019animateurs experts et polyglottes<\/strong> accueille tous les <strong>enfants<\/strong> de <strong>4 \u00e0 12 <\/strong>ans pour jouer dans la joie et la bonne humeur et pour se faire plein de nouveaux amis.<\/p>\n","protected":false},"excerpt":{"rendered":"<p>Beaucoup d\u2019activit\u00e9s passionnantes pens\u00e9es pour les plus petits.<\/p>\n","protected":false},"author":3,"featured_media":5140,"parent":8942,"menu_order":61,"comment_status":"closed","ping_status":"closed","template":"","meta":{"_acf_changed":false},"class_list":["post-8949","page","type-page","status-publish","has-post-thumbnail","hentry"],"acf":[],"yoast_head":"<!-- This site is optimized with the Yoast SEO plugin v25.3 - https:\/\/yoast.com\/wordpress\/plugins\/seo\/ -->\n<title>Miniclub: Jeux et animations au Camping &#8211; Camping Ca&#039; Savio<\/title>\n<meta name=\"description\" content=\"La r\u00e9f\u00e9rence en mati\u00e8re d\u2019amusement pour les plus petits dans le camping est le Miniclub, situ\u00e9 pr\u00e8s du restaurant et de la piscine principale.\" \/>\n<meta name=\"robots\" content=\"index, follow, max-snippet:-1, max-image-preview:large, max-video-preview:-1\" \/>\n<link rel=\"canonical\" href=\"https:\/\/www.casavio.com\/fr\/activites-au-camping\/animations\/miniclub\/\" \/>\n<meta property=\"og:locale\" content=\"fr_FR\" \/>\n<meta property=\"og:type\" content=\"article\" \/>\n<meta property=\"og:title\" content=\"Miniclub: Jeux et animations au Camping &#8211; Camping Ca&#039; Savio\" \/>\n<meta property=\"og:description\" content=\"La r\u00e9f\u00e9rence en mati\u00e8re d\u2019amusement pour les plus petits dans le camping est le Miniclub, situ\u00e9 pr\u00e8s du restaurant et de la piscine principale.\" \/>\n<meta property=\"og:url\" content=\"https:\/\/www.casavio.com\/fr\/activites-au-camping\/animations\/miniclub\/\" \/>\n<meta property=\"og:site_name\" content=\"Camping Ca&#039; Savio\" \/>\n<meta property=\"article:publisher\" content=\"https:\/\/www.facebook.com\/campingcasavio\" \/>\n<meta property=\"article:modified_time\" content=\"2020-03-21T09:46:20+00:00\" \/>\n<meta property=\"og:image\" content=\"https:\/\/www.casavio.com\/wp-content\/uploads\/2019\/11\/ca-savio-giochi-animazione-miniclub-box-1.jpg\" \/>\n\t<meta property=\"og:image:width\" content=\"440\" \/>\n\t<meta property=\"og:image:height\" content=\"600\" \/>\n\t<meta property=\"og:image:type\" content=\"image\/jpeg\" \/>\n<meta name=\"twitter:card\" content=\"summary_large_image\" \/>\n<script type=\"application\/ld+json\" class=\"yoast-schema-graph\">{\"@context\":\"https:\/\/schema.org\",\"@graph\":[{\"@type\":\"WebPage\",\"@id\":\"https:\/\/www.casavio.com\/fr\/activites-au-camping\/animations\/miniclub\/\",\"url\":\"https:\/\/www.casavio.com\/fr\/activites-au-camping\/animations\/miniclub\/\",\"name\":\"Miniclub: Jeux et animations au Camping &#8211; Camping Ca&#039; Savio\",\"isPartOf\":{\"@id\":\"https:\/\/www.casavio.com\/fr\/#website\"},\"primaryImageOfPage\":{\"@id\":\"https:\/\/www.casavio.com\/fr\/activites-au-camping\/animations\/miniclub\/#primaryimage\"},\"image\":{\"@id\":\"https:\/\/www.casavio.com\/fr\/activites-au-camping\/animations\/miniclub\/#primaryimage\"},\"thumbnailUrl\":\"https:\/\/www.casavio.com\/wp-content\/uploads\/2019\/11\/ca-savio-giochi-animazione-miniclub-box-1.jpg\",\"datePublished\":\"2019-11-07T10:05:29+00:00\",\"dateModified\":\"2020-03-21T09:46:20+00:00\",\"description\":\"La r\u00e9f\u00e9rence en mati\u00e8re d\u2019amusement pour les plus petits dans le camping est le Miniclub, situ\u00e9 pr\u00e8s du restaurant et de la piscine principale.\",\"breadcrumb\":{\"@id\":\"https:\/\/www.casavio.com\/fr\/activites-au-camping\/animations\/miniclub\/#breadcrumb\"},\"inLanguage\":\"fr-FR\",\"potentialAction\":[{\"@type\":\"ReadAction\",\"target\":[\"https:\/\/www.casavio.com\/fr\/activites-au-camping\/animations\/miniclub\/\"]}]},{\"@type\":\"ImageObject\",\"inLanguage\":\"fr-FR\",\"@id\":\"https:\/\/www.casavio.com\/fr\/activites-au-camping\/animations\/miniclub\/#primaryimage\",\"url\":\"https:\/\/www.casavio.com\/wp-content\/uploads\/2019\/11\/ca-savio-giochi-animazione-miniclub-box-1.jpg\",\"contentUrl\":\"https:\/\/www.casavio.com\/wp-content\/uploads\/2019\/11\/ca-savio-giochi-animazione-miniclub-box-1.jpg\",\"width\":440,\"height\":600},{\"@type\":\"BreadcrumbList\",\"@id\":\"https:\/\/www.casavio.com\/fr\/activites-au-camping\/animations\/miniclub\/#breadcrumb\",\"itemListElement\":[{\"@type\":\"ListItem\",\"position\":1,\"name\":\"Home\",\"item\":\"https:\/\/www.casavio.com\/fr\/\"},{\"@type\":\"ListItem\",\"position\":2,\"name\":\"Activit\u00e9s\",\"item\":\"https:\/\/www.casavio.com\/fr\/activites-au-camping\/\"},{\"@type\":\"ListItem\",\"position\":3,\"name\":\"Jeux et animations\",\"item\":\"https:\/\/www.casavio.com\/fr\/activites-au-camping\/animations\/\"},{\"@type\":\"ListItem\",\"position\":4,\"name\":\"Miniclub\"}]},{\"@type\":\"WebSite\",\"@id\":\"https:\/\/www.casavio.com\/fr\/#website\",\"url\":\"https:\/\/www.casavio.com\/fr\/\",\"name\":\"Camping Ca&#039; Savio\",\"description\":\"\",\"publisher\":{\"@id\":\"https:\/\/www.casavio.com\/fr\/#organization\"},\"potentialAction\":[{\"@type\":\"SearchAction\",\"target\":{\"@type\":\"EntryPoint\",\"urlTemplate\":\"https:\/\/www.casavio.com\/fr\/?s={search_term_string}\"},\"query-input\":{\"@type\":\"PropertyValueSpecification\",\"valueRequired\":true,\"valueName\":\"search_term_string\"}}],\"inLanguage\":\"fr-FR\"},{\"@type\":\"Organization\",\"@id\":\"https:\/\/www.casavio.com\/fr\/#organization\",\"name\":\"Camping Ca'Savio\",\"url\":\"https:\/\/www.casavio.com\/fr\/\",\"logo\":{\"@type\":\"ImageObject\",\"inLanguage\":\"fr-FR\",\"@id\":\"https:\/\/www.casavio.com\/fr\/#\/schema\/logo\/image\/\",\"url\":\"https:\/\/www.casavio.com\/wp-content\/uploads\/2024\/04\/favicon.png\",\"contentUrl\":\"https:\/\/www.casavio.com\/wp-content\/uploads\/2024\/04\/favicon.png\",\"width\":144,\"height\":144,\"caption\":\"Camping Ca'Savio\"},\"image\":{\"@id\":\"https:\/\/www.casavio.com\/fr\/#\/schema\/logo\/image\/\"},\"sameAs\":[\"https:\/\/www.facebook.com\/campingcasavio\",\"https:\/\/www.instagram.com\/campingcasavio\",\"https:\/\/www.youtube.com\/user\/campingcasavio\"]}]}<\/script>\n<!-- \/ Yoast SEO plugin. -->","yoast_head_json":{"title":"Miniclub: Jeux et animations au Camping &#8211; Camping Ca&#039; Savio","description":"La r\u00e9f\u00e9rence en mati\u00e8re d\u2019amusement pour les plus petits dans le camping est le Miniclub, situ\u00e9 pr\u00e8s du restaurant et de la piscine principale.","robots":{"index":"index","follow":"follow","max-snippet":"max-snippet:-1","max-image-preview":"max-image-preview:large","max-video-preview":"max-video-preview:-1"},"canonical":"https:\/\/www.casavio.com\/fr\/activites-au-camping\/animations\/miniclub\/","og_locale":"fr_FR","og_type":"article","og_title":"Miniclub: Jeux et animations au Camping &#8211; Camping Ca&#039; Savio","og_description":"La r\u00e9f\u00e9rence en mati\u00e8re d\u2019amusement pour les plus petits dans le camping est le Miniclub, situ\u00e9 pr\u00e8s du restaurant et de la piscine principale.","og_url":"https:\/\/www.casavio.com\/fr\/activites-au-camping\/animations\/miniclub\/","og_site_name":"Camping Ca&#039; Savio","article_publisher":"https:\/\/www.facebook.com\/campingcasavio","article_modified_time":"2020-03-21T09:46:20+00:00","og_image":[{"width":440,"height":600,"url":"https:\/\/www.casavio.com\/wp-content\/uploads\/2019\/11\/ca-savio-giochi-animazione-miniclub-box-1.jpg","type":"image\/jpeg"}],"twitter_card":"summary_large_image","schema":{"@context":"https:\/\/schema.org","@graph":[{"@type":"WebPage","@id":"https:\/\/www.casavio.com\/fr\/activites-au-camping\/animations\/miniclub\/","url":"https:\/\/www.casavio.com\/fr\/activites-au-camping\/animations\/miniclub\/","name":"Miniclub: Jeux et animations au Camping &#8211; Camping Ca&#039; Savio","isPartOf":{"@id":"https:\/\/www.casavio.com\/fr\/#website"},"primaryImageOfPage":{"@id":"https:\/\/www.casavio.com\/fr\/activites-au-camping\/animations\/miniclub\/#primaryimage"},"image":{"@id":"https:\/\/www.casavio.com\/fr\/activites-au-camping\/animations\/miniclub\/#primaryimage"},"thumbnailUrl":"https:\/\/www.casavio.com\/wp-content\/uploads\/2019\/11\/ca-savio-giochi-animazione-miniclub-box-1.jpg","datePublished":"2019-11-07T10:05:29+00:00","dateModified":"2020-03-21T09:46:20+00:00","description":"La r\u00e9f\u00e9rence en mati\u00e8re d\u2019amusement pour les plus petits dans le camping est le Miniclub, situ\u00e9 pr\u00e8s du restaurant et de la piscine principale.","breadcrumb":{"@id":"https:\/\/www.casavio.com\/fr\/activites-au-camping\/animations\/miniclub\/#breadcrumb"},"inLanguage":"fr-FR","potentialAction":[{"@type":"ReadAction","target":["https:\/\/www.casavio.com\/fr\/activites-au-camping\/animations\/miniclub\/"]}]},{"@type":"ImageObject","inLanguage":"fr-FR","@id":"https:\/\/www.casavio.com\/fr\/activites-au-camping\/animations\/miniclub\/#primaryimage","url":"https:\/\/www.casavio.com\/wp-content\/uploads\/2019\/11\/ca-savio-giochi-animazione-miniclub-box-1.jpg","contentUrl":"https:\/\/www.casavio.com\/wp-content\/uploads\/2019\/11\/ca-savio-giochi-animazione-miniclub-box-1.jpg","width":440,"height":600},{"@type":"BreadcrumbList","@id":"https:\/\/www.casavio.com\/fr\/activites-au-camping\/animations\/miniclub\/#breadcrumb","itemListElement":[{"@type":"ListItem","position":1,"name":"Home","item":"https:\/\/www.casavio.com\/fr\/"},{"@type":"ListItem","position":2,"name":"Activit\u00e9s","item":"https:\/\/www.casavio.com\/fr\/activites-au-camping\/"},{"@type":"ListItem","position":3,"name":"Jeux et animations","item":"https:\/\/www.casavio.com\/fr\/activites-au-camping\/animations\/"},{"@type":"ListItem","position":4,"name":"Miniclub"}]},{"@type":"WebSite","@id":"https:\/\/www.casavio.com\/fr\/#website","url":"https:\/\/www.casavio.com\/fr\/","name":"Camping Ca&#039; Savio","description":"","publisher":{"@id":"https:\/\/www.casavio.com\/fr\/#organization"},"potentialAction":[{"@type":"SearchAction","target":{"@type":"EntryPoint","urlTemplate":"https:\/\/www.casavio.com\/fr\/?s={search_term_string}"},"query-input":{"@type":"PropertyValueSpecification","valueRequired":true,"valueName":"search_term_string"}}],"inLanguage":"fr-FR"},{"@type":"Organization","@id":"https:\/\/www.casavio.com\/fr\/#organization","name":"Camping Ca'Savio","url":"https:\/\/www.casavio.com\/fr\/","logo":{"@type":"ImageObject","inLanguage":"fr-FR","@id":"https:\/\/www.casavio.com\/fr\/#\/schema\/logo\/image\/","url":"https:\/\/www.casavio.com\/wp-content\/uploads\/2024\/04\/favicon.png","contentUrl":"https:\/\/www.casavio.com\/wp-content\/uploads\/2024\/04\/favicon.png","width":144,"height":144,"caption":"Camping Ca'Savio"},"image":{"@id":"https:\/\/www.casavio.com\/fr\/#\/schema\/logo\/image\/"},"sameAs":["https:\/\/www.facebook.com\/campingcasavio","https:\/\/www.instagram.com\/campingcasavio","https:\/\/www.youtube.com\/user\/campingcasavio"]}]}},"_links":{"self":[{"href":"https:\/\/www.casavio.com\/fr\/wp-json\/wp\/v2\/pages\/8949","targetHints":{"allow":["GET"]}}],"collection":[{"href":"https:\/\/www.casavio.com\/fr\/wp-json\/wp\/v2\/pages"}],"about":[{"href":"https:\/\/www.casavio.com\/fr\/wp-json\/wp\/v2\/types\/page"}],"author":[{"embeddable":true,"href":"https:\/\/www.casavio.com\/fr\/wp-json\/wp\/v2\/users\/3"}],"replies":[{"embeddable":true,"href":"https:\/\/www.casavio.com\/fr\/wp-json\/wp\/v2\/comments?post=8949"}],"version-history":[{"count":2,"href":"https:\/\/www.casavio.com\/fr\/wp-json\/wp\/v2\/pages\/8949\/revisions"}],"predecessor-version":[{"id":10068,"href":"https:\/\/www.casavio.com\/fr\/wp-json\/wp\/v2\/pages\/8949\/revisions\/10068"}],"up":[{"embeddable":true,"href":"https:\/\/www.casavio.com\/fr\/wp-json\/wp\/v2\/pages\/8942"}],"wp:featuredmedia":[{"embeddable":true,"href":"https:\/\/www.casavio.com\/fr\/wp-json\/wp\/v2\/media\/5140"}],"wp:attachment":[{"href":"https:\/\/www.casavio.com\/fr\/wp-json\/wp\/v2\/media?parent=8949"}],"curies":[{"name":"wp","href":"https:\/\/api.w.org\/{rel}","templated":true}]}}