{"id":8957,"date":"2019-11-07T11:05:57","date_gmt":"2019-11-07T10:05:57","guid":{"rendered":"https:\/\/www.casavio.com\/activites-au-camping\/animations\/minigolf-ping-pong\/"},"modified":"2024-03-21T14:58:19","modified_gmt":"2024-03-21T13:58:19","slug":"minigolf-ping-pong","status":"publish","type":"page","link":"https:\/\/www.casavio.com\/fr\/activites-au-camping\/animations\/minigolf-ping-pong\/","title":{"rendered":"Minigolf et Ping-pong"},"content":{"rendered":"<p>Situ\u00e9 \u00e0 quelques pas du <a href=\"https:\/\/www.casavio.com\/fr\/services\/restaurant-ca-savio\/\">restaurant<\/a> principal, le Fun Park du camping offre diverses possibilit\u00e9s d\u2019animation pour toute la famille. Une aire d\u00e9di\u00e9e aux jeux et au divertissement des grands et des plus petits, o\u00f9 vous pourrez passer quelques heures de rigolade, m\u00eame apr\u00e8s manger.<\/p>\n","protected":false},"excerpt":{"rendered":"<p>Pour le divertissement de toute la famille. Qui sera le vainqueur? <\/p>\n","protected":false},"author":3,"featured_media":3500,"parent":8942,"menu_order":62,"comment_status":"closed","ping_status":"closed","template":"","meta":{"_acf_changed":false},"class_list":["post-8957","page","type-page","status-publish","has-post-thumbnail","hentry"],"acf":[],"yoast_head":"<!-- This site is optimized with the Yoast SEO plugin v25.3 - https:\/\/yoast.com\/wordpress\/plugins\/seo\/ -->\n<title>Minigolf et Ping Pong au Camping &#8211; Camping Ca&#039; Savio<\/title>\n<meta name=\"description\" content=\"Situ\u00e9 \u00e0 quelques pas du restaurant principal, le Fun Park du camping offre diverses possibilit\u00e9s d\u2019animation pour toute la famille. Une aire d\u00e9di\u00e9e aux jeux et au divertissement des grands et des plus petits, o\u00f9 vous pourrez passer quelques heures de rigolade, m\u00eame apr\u00e8s manger.\" \/>\n<meta name=\"robots\" content=\"index, follow, max-snippet:-1, max-image-preview:large, max-video-preview:-1\" \/>\n<link rel=\"canonical\" href=\"https:\/\/www.casavio.com\/fr\/activites-au-camping\/animations\/minigolf-ping-pong\/\" \/>\n<meta property=\"og:locale\" content=\"fr_FR\" \/>\n<meta property=\"og:type\" content=\"article\" \/>\n<meta property=\"og:title\" content=\"Minigolf et Ping Pong au Camping &#8211; Camping Ca&#039; Savio\" \/>\n<meta property=\"og:description\" content=\"Situ\u00e9 \u00e0 quelques pas du restaurant principal, le Fun Park du camping offre diverses possibilit\u00e9s d\u2019animation pour toute la famille. Une aire d\u00e9di\u00e9e aux jeux et au divertissement des grands et des plus petits, o\u00f9 vous pourrez passer quelques heures de rigolade, m\u00eame apr\u00e8s manger.\" \/>\n<meta property=\"og:url\" content=\"https:\/\/www.casavio.com\/fr\/activites-au-camping\/animations\/minigolf-ping-pong\/\" \/>\n<meta property=\"og:site_name\" content=\"Camping Ca&#039; Savio\" \/>\n<meta property=\"article:publisher\" content=\"https:\/\/www.facebook.com\/campingcasavio\" \/>\n<meta property=\"article:modified_time\" content=\"2024-03-21T13:58:19+00:00\" \/>\n<meta property=\"og:image\" content=\"https:\/\/www.casavio.com\/wp-content\/uploads\/2019\/11\/ca-savio-giochi-animazione-minigolf-box.jpg\" \/>\n\t<meta property=\"og:image:width\" content=\"440\" \/>\n\t<meta property=\"og:image:height\" content=\"600\" \/>\n\t<meta property=\"og:image:type\" content=\"image\/jpeg\" \/>\n<meta name=\"twitter:card\" content=\"summary_large_image\" \/>\n<meta name=\"twitter:label1\" content=\"Dur\u00e9e de lecture estim\u00e9e\" \/>\n\t<meta name=\"twitter:data1\" content=\"1 minute\" \/>\n<script type=\"application\/ld+json\" class=\"yoast-schema-graph\">{\"@context\":\"https:\/\/schema.org\",\"@graph\":[{\"@type\":\"WebPage\",\"@id\":\"https:\/\/www.casavio.com\/fr\/activites-au-camping\/animations\/minigolf-ping-pong\/\",\"url\":\"https:\/\/www.casavio.com\/fr\/activites-au-camping\/animations\/minigolf-ping-pong\/\",\"name\":\"Minigolf et Ping Pong au Camping &#8211; Camping Ca&#039; Savio\",\"isPartOf\":{\"@id\":\"https:\/\/www.casavio.com\/fr\/#website\"},\"primaryImageOfPage\":{\"@id\":\"https:\/\/www.casavio.com\/fr\/activites-au-camping\/animations\/minigolf-ping-pong\/#primaryimage\"},\"image\":{\"@id\":\"https:\/\/www.casavio.com\/fr\/activites-au-camping\/animations\/minigolf-ping-pong\/#primaryimage\"},\"thumbnailUrl\":\"https:\/\/www.casavio.com\/wp-content\/uploads\/2019\/11\/ca-savio-giochi-animazione-minigolf-box.jpg\",\"datePublished\":\"2019-11-07T10:05:57+00:00\",\"dateModified\":\"2024-03-21T13:58:19+00:00\",\"description\":\"Situ\u00e9 \u00e0 quelques pas du restaurant principal, le Fun Park du camping offre diverses possibilit\u00e9s d\u2019animation pour toute la famille. Une aire d\u00e9di\u00e9e aux jeux et au divertissement des grands et des plus petits, o\u00f9 vous pourrez passer quelques heures de rigolade, m\u00eame apr\u00e8s manger.\",\"breadcrumb\":{\"@id\":\"https:\/\/www.casavio.com\/fr\/activites-au-camping\/animations\/minigolf-ping-pong\/#breadcrumb\"},\"inLanguage\":\"fr-FR\",\"potentialAction\":[{\"@type\":\"ReadAction\",\"target\":[\"https:\/\/www.casavio.com\/fr\/activites-au-camping\/animations\/minigolf-ping-pong\/\"]}]},{\"@type\":\"ImageObject\",\"inLanguage\":\"fr-FR\",\"@id\":\"https:\/\/www.casavio.com\/fr\/activites-au-camping\/animations\/minigolf-ping-pong\/#primaryimage\",\"url\":\"https:\/\/www.casavio.com\/wp-content\/uploads\/2019\/11\/ca-savio-giochi-animazione-minigolf-box.jpg\",\"contentUrl\":\"https:\/\/www.casavio.com\/wp-content\/uploads\/2019\/11\/ca-savio-giochi-animazione-minigolf-box.jpg\",\"width\":440,\"height\":600},{\"@type\":\"BreadcrumbList\",\"@id\":\"https:\/\/www.casavio.com\/fr\/activites-au-camping\/animations\/minigolf-ping-pong\/#breadcrumb\",\"itemListElement\":[{\"@type\":\"ListItem\",\"position\":1,\"name\":\"Home\",\"item\":\"https:\/\/www.casavio.com\/fr\/\"},{\"@type\":\"ListItem\",\"position\":2,\"name\":\"Activit\u00e9s\",\"item\":\"https:\/\/www.casavio.com\/fr\/activites-au-camping\/\"},{\"@type\":\"ListItem\",\"position\":3,\"name\":\"Jeux et animations\",\"item\":\"https:\/\/www.casavio.com\/fr\/activites-au-camping\/animations\/\"},{\"@type\":\"ListItem\",\"position\":4,\"name\":\"Minigolf et Ping-pong\"}]},{\"@type\":\"WebSite\",\"@id\":\"https:\/\/www.casavio.com\/fr\/#website\",\"url\":\"https:\/\/www.casavio.com\/fr\/\",\"name\":\"Camping Ca&#039; Savio\",\"description\":\"\",\"publisher\":{\"@id\":\"https:\/\/www.casavio.com\/fr\/#organization\"},\"potentialAction\":[{\"@type\":\"SearchAction\",\"target\":{\"@type\":\"EntryPoint\",\"urlTemplate\":\"https:\/\/www.casavio.com\/fr\/?s={search_term_string}\"},\"query-input\":{\"@type\":\"PropertyValueSpecification\",\"valueRequired\":true,\"valueName\":\"search_term_string\"}}],\"inLanguage\":\"fr-FR\"},{\"@type\":\"Organization\",\"@id\":\"https:\/\/www.casavio.com\/fr\/#organization\",\"name\":\"Camping Ca'Savio\",\"url\":\"https:\/\/www.casavio.com\/fr\/\",\"logo\":{\"@type\":\"ImageObject\",\"inLanguage\":\"fr-FR\",\"@id\":\"https:\/\/www.casavio.com\/fr\/#\/schema\/logo\/image\/\",\"url\":\"https:\/\/www.casavio.com\/wp-content\/uploads\/2024\/04\/favicon.png\",\"contentUrl\":\"https:\/\/www.casavio.com\/wp-content\/uploads\/2024\/04\/favicon.png\",\"width\":144,\"height\":144,\"caption\":\"Camping Ca'Savio\"},\"image\":{\"@id\":\"https:\/\/www.casavio.com\/fr\/#\/schema\/logo\/image\/\"},\"sameAs\":[\"https:\/\/www.facebook.com\/campingcasavio\",\"https:\/\/www.instagram.com\/campingcasavio\",\"https:\/\/www.youtube.com\/user\/campingcasavio\"]}]}<\/script>\n<!-- \/ Yoast SEO plugin. -->","yoast_head_json":{"title":"Minigolf et Ping Pong au Camping &#8211; Camping Ca&#039; Savio","description":"Situ\u00e9 \u00e0 quelques pas du restaurant principal, le Fun Park du camping offre diverses possibilit\u00e9s d\u2019animation pour toute la famille. Une aire d\u00e9di\u00e9e aux jeux et au divertissement des grands et des plus petits, o\u00f9 vous pourrez passer quelques heures de rigolade, m\u00eame apr\u00e8s manger.","robots":{"index":"index","follow":"follow","max-snippet":"max-snippet:-1","max-image-preview":"max-image-preview:large","max-video-preview":"max-video-preview:-1"},"canonical":"https:\/\/www.casavio.com\/fr\/activites-au-camping\/animations\/minigolf-ping-pong\/","og_locale":"fr_FR","og_type":"article","og_title":"Minigolf et Ping Pong au Camping &#8211; Camping Ca&#039; Savio","og_description":"Situ\u00e9 \u00e0 quelques pas du restaurant principal, le Fun Park du camping offre diverses possibilit\u00e9s d\u2019animation pour toute la famille. Une aire d\u00e9di\u00e9e aux jeux et au divertissement des grands et des plus petits, o\u00f9 vous pourrez passer quelques heures de rigolade, m\u00eame apr\u00e8s manger.","og_url":"https:\/\/www.casavio.com\/fr\/activites-au-camping\/animations\/minigolf-ping-pong\/","og_site_name":"Camping Ca&#039; Savio","article_publisher":"https:\/\/www.facebook.com\/campingcasavio","article_modified_time":"2024-03-21T13:58:19+00:00","og_image":[{"width":440,"height":600,"url":"https:\/\/www.casavio.com\/wp-content\/uploads\/2019\/11\/ca-savio-giochi-animazione-minigolf-box.jpg","type":"image\/jpeg"}],"twitter_card":"summary_large_image","twitter_misc":{"Dur\u00e9e de lecture estim\u00e9e":"1 minute"},"schema":{"@context":"https:\/\/schema.org","@graph":[{"@type":"WebPage","@id":"https:\/\/www.casavio.com\/fr\/activites-au-camping\/animations\/minigolf-ping-pong\/","url":"https:\/\/www.casavio.com\/fr\/activites-au-camping\/animations\/minigolf-ping-pong\/","name":"Minigolf et Ping Pong au Camping &#8211; Camping Ca&#039; Savio","isPartOf":{"@id":"https:\/\/www.casavio.com\/fr\/#website"},"primaryImageOfPage":{"@id":"https:\/\/www.casavio.com\/fr\/activites-au-camping\/animations\/minigolf-ping-pong\/#primaryimage"},"image":{"@id":"https:\/\/www.casavio.com\/fr\/activites-au-camping\/animations\/minigolf-ping-pong\/#primaryimage"},"thumbnailUrl":"https:\/\/www.casavio.com\/wp-content\/uploads\/2019\/11\/ca-savio-giochi-animazione-minigolf-box.jpg","datePublished":"2019-11-07T10:05:57+00:00","dateModified":"2024-03-21T13:58:19+00:00","description":"Situ\u00e9 \u00e0 quelques pas du restaurant principal, le Fun Park du camping offre diverses possibilit\u00e9s d\u2019animation pour toute la famille. Une aire d\u00e9di\u00e9e aux jeux et au divertissement des grands et des plus petits, o\u00f9 vous pourrez passer quelques heures de rigolade, m\u00eame apr\u00e8s manger.","breadcrumb":{"@id":"https:\/\/www.casavio.com\/fr\/activites-au-camping\/animations\/minigolf-ping-pong\/#breadcrumb"},"inLanguage":"fr-FR","potentialAction":[{"@type":"ReadAction","target":["https:\/\/www.casavio.com\/fr\/activites-au-camping\/animations\/minigolf-ping-pong\/"]}]},{"@type":"ImageObject","inLanguage":"fr-FR","@id":"https:\/\/www.casavio.com\/fr\/activites-au-camping\/animations\/minigolf-ping-pong\/#primaryimage","url":"https:\/\/www.casavio.com\/wp-content\/uploads\/2019\/11\/ca-savio-giochi-animazione-minigolf-box.jpg","contentUrl":"https:\/\/www.casavio.com\/wp-content\/uploads\/2019\/11\/ca-savio-giochi-animazione-minigolf-box.jpg","width":440,"height":600},{"@type":"BreadcrumbList","@id":"https:\/\/www.casavio.com\/fr\/activites-au-camping\/animations\/minigolf-ping-pong\/#breadcrumb","itemListElement":[{"@type":"ListItem","position":1,"name":"Home","item":"https:\/\/www.casavio.com\/fr\/"},{"@type":"ListItem","position":2,"name":"Activit\u00e9s","item":"https:\/\/www.casavio.com\/fr\/activites-au-camping\/"},{"@type":"ListItem","position":3,"name":"Jeux et animations","item":"https:\/\/www.casavio.com\/fr\/activites-au-camping\/animations\/"},{"@type":"ListItem","position":4,"name":"Minigolf et Ping-pong"}]},{"@type":"WebSite","@id":"https:\/\/www.casavio.com\/fr\/#website","url":"https:\/\/www.casavio.com\/fr\/","name":"Camping Ca&#039; Savio","description":"","publisher":{"@id":"https:\/\/www.casavio.com\/fr\/#organization"},"potentialAction":[{"@type":"SearchAction","target":{"@type":"EntryPoint","urlTemplate":"https:\/\/www.casavio.com\/fr\/?s={search_term_string}"},"query-input":{"@type":"PropertyValueSpecification","valueRequired":true,"valueName":"search_term_string"}}],"inLanguage":"fr-FR"},{"@type":"Organization","@id":"https:\/\/www.casavio.com\/fr\/#organization","name":"Camping Ca'Savio","url":"https:\/\/www.casavio.com\/fr\/","logo":{"@type":"ImageObject","inLanguage":"fr-FR","@id":"https:\/\/www.casavio.com\/fr\/#\/schema\/logo\/image\/","url":"https:\/\/www.casavio.com\/wp-content\/uploads\/2024\/04\/favicon.png","contentUrl":"https:\/\/www.casavio.com\/wp-content\/uploads\/2024\/04\/favicon.png","width":144,"height":144,"caption":"Camping Ca'Savio"},"image":{"@id":"https:\/\/www.casavio.com\/fr\/#\/schema\/logo\/image\/"},"sameAs":["https:\/\/www.facebook.com\/campingcasavio","https:\/\/www.instagram.com\/campingcasavio","https:\/\/www.youtube.com\/user\/campingcasavio"]}]}},"_links":{"self":[{"href":"https:\/\/www.casavio.com\/fr\/wp-json\/wp\/v2\/pages\/8957","targetHints":{"allow":["GET"]}}],"collection":[{"href":"https:\/\/www.casavio.com\/fr\/wp-json\/wp\/v2\/pages"}],"about":[{"href":"https:\/\/www.casavio.com\/fr\/wp-json\/wp\/v2\/types\/page"}],"author":[{"embeddable":true,"href":"https:\/\/www.casavio.com\/fr\/wp-json\/wp\/v2\/users\/3"}],"replies":[{"embeddable":true,"href":"https:\/\/www.casavio.com\/fr\/wp-json\/wp\/v2\/comments?post=8957"}],"version-history":[{"count":2,"href":"https:\/\/www.casavio.com\/fr\/wp-json\/wp\/v2\/pages\/8957\/revisions"}],"predecessor-version":[{"id":30761,"href":"https:\/\/www.casavio.com\/fr\/wp-json\/wp\/v2\/pages\/8957\/revisions\/30761"}],"up":[{"embeddable":true,"href":"https:\/\/www.casavio.com\/fr\/wp-json\/wp\/v2\/pages\/8942"}],"wp:featuredmedia":[{"embeddable":true,"href":"https:\/\/www.casavio.com\/fr\/wp-json\/wp\/v2\/media\/3500"}],"wp:attachment":[{"href":"https:\/\/www.casavio.com\/fr\/wp-json\/wp\/v2\/media?parent=8957"}],"curies":[{"name":"wp","href":"https:\/\/api.w.org\/{rel}","templated":true}]}}