{"id":8968,"date":"2019-11-07T11:08:55","date_gmt":"2019-11-07T10:08:55","guid":{"rendered":"https:\/\/www.casavio.com\/activites-au-camping\/animations\/happy-disco\/"},"modified":"2026-02-10T12:12:16","modified_gmt":"2026-02-10T11:12:16","slug":"happy-disco","status":"publish","type":"page","link":"https:\/\/www.casavio.com\/fr\/activites-au-camping\/animations\/happy-disco\/","title":{"rendered":"Happy disco"},"content":{"rendered":"<p>La <strong>sc\u00e8ne<\/strong>, situ\u00e9e pr\u00e8s du restaurant principal et du <a href=\"https:\/\/www.casavio.com\/fr\/activites-au-camping\/animations\/miniclub\/\">MiniClub<\/a>, est le point de rencontre chaque soir pour beaucoup de familles qui se r\u00e9unissent ici apr\u00e8s le d\u00eener pour passer quelques heures en bonne compagnie. Vous \u00eates pr\u00eats pour vous amuser avec nos <strong>animateurs professionnels polyglottes<\/strong>? Plein d\u2019activit\u00e9s vous attendent\u2026<\/p>\n","protected":false},"excerpt":{"rendered":"<p>Venez danser sur notre playlist! <\/p>\n","protected":false},"author":3,"featured_media":14244,"parent":8942,"menu_order":63,"comment_status":"closed","ping_status":"closed","template":"","meta":{"_acf_changed":false},"class_list":["post-8968","page","type-page","status-publish","has-post-thumbnail","hentry"],"acf":[],"yoast_head":"<!-- This site is optimized with the Yoast SEO plugin v25.3 - https:\/\/yoast.com\/wordpress\/plugins\/seo\/ -->\n<title>Happy Disco: les spectacles au Camping &#8211; Camping Ca&#039; Savio<\/title>\n<meta name=\"description\" content=\"L\u2019Happy Disco, qui chaque soir pr\u00e9c\u00e8de le spectacle, est certainement le moment pr\u00e9f\u00e9r\u00e9 de nos petits h\u00f4tes. Un rendez-vous qu\u2019ils ne peuvent pas manquer pour se d\u00e9chainer au rythme de la musique et danser sur toutes les chansons de notre playlist sous le regard attentif de maman et papa.\" \/>\n<meta name=\"robots\" content=\"index, follow, max-snippet:-1, max-image-preview:large, max-video-preview:-1\" \/>\n<link rel=\"canonical\" href=\"https:\/\/www.casavio.com\/fr\/activites-au-camping\/animations\/happy-disco\/\" \/>\n<meta property=\"og:locale\" content=\"fr_FR\" \/>\n<meta property=\"og:type\" content=\"article\" \/>\n<meta property=\"og:title\" content=\"Happy Disco: les spectacles au Camping &#8211; Camping Ca&#039; Savio\" \/>\n<meta property=\"og:description\" content=\"L\u2019Happy Disco, qui chaque soir pr\u00e9c\u00e8de le spectacle, est certainement le moment pr\u00e9f\u00e9r\u00e9 de nos petits h\u00f4tes. Un rendez-vous qu\u2019ils ne peuvent pas manquer pour se d\u00e9chainer au rythme de la musique et danser sur toutes les chansons de notre playlist sous le regard attentif de maman et papa.\" \/>\n<meta property=\"og:url\" content=\"https:\/\/www.casavio.com\/fr\/activites-au-camping\/animations\/happy-disco\/\" \/>\n<meta property=\"og:site_name\" content=\"Camping Ca&#039; Savio\" \/>\n<meta property=\"article:publisher\" content=\"https:\/\/www.facebook.com\/campingcasavio\" \/>\n<meta property=\"article:modified_time\" content=\"2026-02-10T11:12:16+00:00\" \/>\n<meta property=\"og:image\" content=\"https:\/\/www.casavio.com\/wp-content\/uploads\/2020\/10\/ca-savio-giochi-animazione-happydisco.jpg\" \/>\n\t<meta property=\"og:image:width\" content=\"440\" \/>\n\t<meta property=\"og:image:height\" content=\"600\" \/>\n\t<meta property=\"og:image:type\" content=\"image\/jpeg\" \/>\n<meta name=\"twitter:card\" content=\"summary_large_image\" \/>\n<meta name=\"twitter:label1\" content=\"Dur\u00e9e de lecture estim\u00e9e\" \/>\n\t<meta name=\"twitter:data1\" content=\"1 minute\" \/>\n<script type=\"application\/ld+json\" class=\"yoast-schema-graph\">{\"@context\":\"https:\/\/schema.org\",\"@graph\":[{\"@type\":\"WebPage\",\"@id\":\"https:\/\/www.casavio.com\/fr\/activites-au-camping\/animations\/happy-disco\/\",\"url\":\"https:\/\/www.casavio.com\/fr\/activites-au-camping\/animations\/happy-disco\/\",\"name\":\"Happy Disco: les spectacles au Camping &#8211; Camping Ca&#039; Savio\",\"isPartOf\":{\"@id\":\"https:\/\/www.casavio.com\/fr\/#website\"},\"primaryImageOfPage\":{\"@id\":\"https:\/\/www.casavio.com\/fr\/activites-au-camping\/animations\/happy-disco\/#primaryimage\"},\"image\":{\"@id\":\"https:\/\/www.casavio.com\/fr\/activites-au-camping\/animations\/happy-disco\/#primaryimage\"},\"thumbnailUrl\":\"https:\/\/www.casavio.com\/wp-content\/uploads\/2020\/10\/ca-savio-giochi-animazione-happydisco.jpg\",\"datePublished\":\"2019-11-07T10:08:55+00:00\",\"dateModified\":\"2026-02-10T11:12:16+00:00\",\"description\":\"L\u2019Happy Disco, qui chaque soir pr\u00e9c\u00e8de le spectacle, est certainement le moment pr\u00e9f\u00e9r\u00e9 de nos petits h\u00f4tes. Un rendez-vous qu\u2019ils ne peuvent pas manquer pour se d\u00e9chainer au rythme de la musique et danser sur toutes les chansons de notre playlist sous le regard attentif de maman et papa.\",\"breadcrumb\":{\"@id\":\"https:\/\/www.casavio.com\/fr\/activites-au-camping\/animations\/happy-disco\/#breadcrumb\"},\"inLanguage\":\"fr-FR\",\"potentialAction\":[{\"@type\":\"ReadAction\",\"target\":[\"https:\/\/www.casavio.com\/fr\/activites-au-camping\/animations\/happy-disco\/\"]}]},{\"@type\":\"ImageObject\",\"inLanguage\":\"fr-FR\",\"@id\":\"https:\/\/www.casavio.com\/fr\/activites-au-camping\/animations\/happy-disco\/#primaryimage\",\"url\":\"https:\/\/www.casavio.com\/wp-content\/uploads\/2020\/10\/ca-savio-giochi-animazione-happydisco.jpg\",\"contentUrl\":\"https:\/\/www.casavio.com\/wp-content\/uploads\/2020\/10\/ca-savio-giochi-animazione-happydisco.jpg\",\"width\":440,\"height\":600},{\"@type\":\"BreadcrumbList\",\"@id\":\"https:\/\/www.casavio.com\/fr\/activites-au-camping\/animations\/happy-disco\/#breadcrumb\",\"itemListElement\":[{\"@type\":\"ListItem\",\"position\":1,\"name\":\"Home\",\"item\":\"https:\/\/www.casavio.com\/fr\/\"},{\"@type\":\"ListItem\",\"position\":2,\"name\":\"Activit\u00e9s\",\"item\":\"https:\/\/www.casavio.com\/fr\/activites-au-camping\/\"},{\"@type\":\"ListItem\",\"position\":3,\"name\":\"Jeux et animations\",\"item\":\"https:\/\/www.casavio.com\/fr\/activites-au-camping\/animations\/\"},{\"@type\":\"ListItem\",\"position\":4,\"name\":\"Happy disco\"}]},{\"@type\":\"WebSite\",\"@id\":\"https:\/\/www.casavio.com\/fr\/#website\",\"url\":\"https:\/\/www.casavio.com\/fr\/\",\"name\":\"Camping Ca&#039; Savio\",\"description\":\"\",\"publisher\":{\"@id\":\"https:\/\/www.casavio.com\/fr\/#organization\"},\"potentialAction\":[{\"@type\":\"SearchAction\",\"target\":{\"@type\":\"EntryPoint\",\"urlTemplate\":\"https:\/\/www.casavio.com\/fr\/?s={search_term_string}\"},\"query-input\":{\"@type\":\"PropertyValueSpecification\",\"valueRequired\":true,\"valueName\":\"search_term_string\"}}],\"inLanguage\":\"fr-FR\"},{\"@type\":\"Organization\",\"@id\":\"https:\/\/www.casavio.com\/fr\/#organization\",\"name\":\"Camping Ca'Savio\",\"url\":\"https:\/\/www.casavio.com\/fr\/\",\"logo\":{\"@type\":\"ImageObject\",\"inLanguage\":\"fr-FR\",\"@id\":\"https:\/\/www.casavio.com\/fr\/#\/schema\/logo\/image\/\",\"url\":\"https:\/\/www.casavio.com\/wp-content\/uploads\/2024\/04\/favicon.png\",\"contentUrl\":\"https:\/\/www.casavio.com\/wp-content\/uploads\/2024\/04\/favicon.png\",\"width\":144,\"height\":144,\"caption\":\"Camping Ca'Savio\"},\"image\":{\"@id\":\"https:\/\/www.casavio.com\/fr\/#\/schema\/logo\/image\/\"},\"sameAs\":[\"https:\/\/www.facebook.com\/campingcasavio\",\"https:\/\/www.instagram.com\/campingcasavio\",\"https:\/\/www.youtube.com\/user\/campingcasavio\"]}]}<\/script>\n<!-- \/ Yoast SEO plugin. -->","yoast_head_json":{"title":"Happy Disco: les spectacles au Camping &#8211; Camping Ca&#039; Savio","description":"L\u2019Happy Disco, qui chaque soir pr\u00e9c\u00e8de le spectacle, est certainement le moment pr\u00e9f\u00e9r\u00e9 de nos petits h\u00f4tes. Un rendez-vous qu\u2019ils ne peuvent pas manquer pour se d\u00e9chainer au rythme de la musique et danser sur toutes les chansons de notre playlist sous le regard attentif de maman et papa.","robots":{"index":"index","follow":"follow","max-snippet":"max-snippet:-1","max-image-preview":"max-image-preview:large","max-video-preview":"max-video-preview:-1"},"canonical":"https:\/\/www.casavio.com\/fr\/activites-au-camping\/animations\/happy-disco\/","og_locale":"fr_FR","og_type":"article","og_title":"Happy Disco: les spectacles au Camping &#8211; Camping Ca&#039; Savio","og_description":"L\u2019Happy Disco, qui chaque soir pr\u00e9c\u00e8de le spectacle, est certainement le moment pr\u00e9f\u00e9r\u00e9 de nos petits h\u00f4tes. Un rendez-vous qu\u2019ils ne peuvent pas manquer pour se d\u00e9chainer au rythme de la musique et danser sur toutes les chansons de notre playlist sous le regard attentif de maman et papa.","og_url":"https:\/\/www.casavio.com\/fr\/activites-au-camping\/animations\/happy-disco\/","og_site_name":"Camping Ca&#039; Savio","article_publisher":"https:\/\/www.facebook.com\/campingcasavio","article_modified_time":"2026-02-10T11:12:16+00:00","og_image":[{"width":440,"height":600,"url":"https:\/\/www.casavio.com\/wp-content\/uploads\/2020\/10\/ca-savio-giochi-animazione-happydisco.jpg","type":"image\/jpeg"}],"twitter_card":"summary_large_image","twitter_misc":{"Dur\u00e9e de lecture estim\u00e9e":"1 minute"},"schema":{"@context":"https:\/\/schema.org","@graph":[{"@type":"WebPage","@id":"https:\/\/www.casavio.com\/fr\/activites-au-camping\/animations\/happy-disco\/","url":"https:\/\/www.casavio.com\/fr\/activites-au-camping\/animations\/happy-disco\/","name":"Happy Disco: les spectacles au Camping &#8211; Camping Ca&#039; Savio","isPartOf":{"@id":"https:\/\/www.casavio.com\/fr\/#website"},"primaryImageOfPage":{"@id":"https:\/\/www.casavio.com\/fr\/activites-au-camping\/animations\/happy-disco\/#primaryimage"},"image":{"@id":"https:\/\/www.casavio.com\/fr\/activites-au-camping\/animations\/happy-disco\/#primaryimage"},"thumbnailUrl":"https:\/\/www.casavio.com\/wp-content\/uploads\/2020\/10\/ca-savio-giochi-animazione-happydisco.jpg","datePublished":"2019-11-07T10:08:55+00:00","dateModified":"2026-02-10T11:12:16+00:00","description":"L\u2019Happy Disco, qui chaque soir pr\u00e9c\u00e8de le spectacle, est certainement le moment pr\u00e9f\u00e9r\u00e9 de nos petits h\u00f4tes. Un rendez-vous qu\u2019ils ne peuvent pas manquer pour se d\u00e9chainer au rythme de la musique et danser sur toutes les chansons de notre playlist sous le regard attentif de maman et papa.","breadcrumb":{"@id":"https:\/\/www.casavio.com\/fr\/activites-au-camping\/animations\/happy-disco\/#breadcrumb"},"inLanguage":"fr-FR","potentialAction":[{"@type":"ReadAction","target":["https:\/\/www.casavio.com\/fr\/activites-au-camping\/animations\/happy-disco\/"]}]},{"@type":"ImageObject","inLanguage":"fr-FR","@id":"https:\/\/www.casavio.com\/fr\/activites-au-camping\/animations\/happy-disco\/#primaryimage","url":"https:\/\/www.casavio.com\/wp-content\/uploads\/2020\/10\/ca-savio-giochi-animazione-happydisco.jpg","contentUrl":"https:\/\/www.casavio.com\/wp-content\/uploads\/2020\/10\/ca-savio-giochi-animazione-happydisco.jpg","width":440,"height":600},{"@type":"BreadcrumbList","@id":"https:\/\/www.casavio.com\/fr\/activites-au-camping\/animations\/happy-disco\/#breadcrumb","itemListElement":[{"@type":"ListItem","position":1,"name":"Home","item":"https:\/\/www.casavio.com\/fr\/"},{"@type":"ListItem","position":2,"name":"Activit\u00e9s","item":"https:\/\/www.casavio.com\/fr\/activites-au-camping\/"},{"@type":"ListItem","position":3,"name":"Jeux et animations","item":"https:\/\/www.casavio.com\/fr\/activites-au-camping\/animations\/"},{"@type":"ListItem","position":4,"name":"Happy disco"}]},{"@type":"WebSite","@id":"https:\/\/www.casavio.com\/fr\/#website","url":"https:\/\/www.casavio.com\/fr\/","name":"Camping Ca&#039; Savio","description":"","publisher":{"@id":"https:\/\/www.casavio.com\/fr\/#organization"},"potentialAction":[{"@type":"SearchAction","target":{"@type":"EntryPoint","urlTemplate":"https:\/\/www.casavio.com\/fr\/?s={search_term_string}"},"query-input":{"@type":"PropertyValueSpecification","valueRequired":true,"valueName":"search_term_string"}}],"inLanguage":"fr-FR"},{"@type":"Organization","@id":"https:\/\/www.casavio.com\/fr\/#organization","name":"Camping Ca'Savio","url":"https:\/\/www.casavio.com\/fr\/","logo":{"@type":"ImageObject","inLanguage":"fr-FR","@id":"https:\/\/www.casavio.com\/fr\/#\/schema\/logo\/image\/","url":"https:\/\/www.casavio.com\/wp-content\/uploads\/2024\/04\/favicon.png","contentUrl":"https:\/\/www.casavio.com\/wp-content\/uploads\/2024\/04\/favicon.png","width":144,"height":144,"caption":"Camping Ca'Savio"},"image":{"@id":"https:\/\/www.casavio.com\/fr\/#\/schema\/logo\/image\/"},"sameAs":["https:\/\/www.facebook.com\/campingcasavio","https:\/\/www.instagram.com\/campingcasavio","https:\/\/www.youtube.com\/user\/campingcasavio"]}]}},"_links":{"self":[{"href":"https:\/\/www.casavio.com\/fr\/wp-json\/wp\/v2\/pages\/8968","targetHints":{"allow":["GET"]}}],"collection":[{"href":"https:\/\/www.casavio.com\/fr\/wp-json\/wp\/v2\/pages"}],"about":[{"href":"https:\/\/www.casavio.com\/fr\/wp-json\/wp\/v2\/types\/page"}],"author":[{"embeddable":true,"href":"https:\/\/www.casavio.com\/fr\/wp-json\/wp\/v2\/users\/3"}],"replies":[{"embeddable":true,"href":"https:\/\/www.casavio.com\/fr\/wp-json\/wp\/v2\/comments?post=8968"}],"version-history":[{"count":2,"href":"https:\/\/www.casavio.com\/fr\/wp-json\/wp\/v2\/pages\/8968\/revisions"}],"predecessor-version":[{"id":45955,"href":"https:\/\/www.casavio.com\/fr\/wp-json\/wp\/v2\/pages\/8968\/revisions\/45955"}],"up":[{"embeddable":true,"href":"https:\/\/www.casavio.com\/fr\/wp-json\/wp\/v2\/pages\/8942"}],"wp:featuredmedia":[{"embeddable":true,"href":"https:\/\/www.casavio.com\/fr\/wp-json\/wp\/v2\/media\/14244"}],"wp:attachment":[{"href":"https:\/\/www.casavio.com\/fr\/wp-json\/wp\/v2\/media?parent=8968"}],"curies":[{"name":"wp","href":"https:\/\/api.w.org\/{rel}","templated":true}]}}