{"id":9026,"date":"2019-11-07T11:11:29","date_gmt":"2019-11-07T10:11:29","guid":{"rendered":"https:\/\/www.casavio.com\/activites-au-camping\/excursions\/kayak-experience-laguna-di-venezia\/"},"modified":"2026-03-04T11:25:38","modified_gmt":"2026-03-04T10:25:38","slug":"kayak-dans-la-lagune-venise","status":"publish","type":"page","link":"https:\/\/www.casavio.com\/fr\/activites-au-camping\/excursions\/kayak-dans-la-lagune-venise\/","title":{"rendered":"Kayak dans la lagune"},"content":{"rendered":"<p>Silencieux, \u00e9cologique et amusant, le <b>kayak <\/b>est un moyen tr\u00e8s sp\u00e9cial de d\u00e9couvrir l&rsquo;\u00e9cosyst\u00e8me unique de la <b>lagune de Venise<\/b> d&rsquo;un point de vue diff\u00e9rent. En kayak vous pourrez vous d\u00e9placer parmi les bancs de sable et les eaux peu profondes, observer de pr\u00e8s les oiseaux aquatiques, d\u00e9couvrir les couleurs et les parfums des herbes de la lagune, admirer les reflets des couchers de soleil en glissant sur l&rsquo;eau.<\/p>\n<p>Une <b>exp\u00e9rience inoubliable<\/b>, adapt\u00e9e \u00e0 tous, que vous pouvez vivre de diff\u00e9rentes mani\u00e8res en fonction de vos capacit\u00e9s.<\/p>\n","protected":false},"excerpt":{"rendered":"<p>En kayak entour\u00e9 par le silence de la lagune, \u00e0 deux pas du camping.<\/p>\n","protected":false},"author":3,"featured_media":35140,"parent":8978,"menu_order":69,"comment_status":"closed","ping_status":"closed","template":"","meta":{"_acf_changed":false},"class_list":["post-9026","page","type-page","status-publish","has-post-thumbnail","hentry"],"acf":[],"yoast_head":"<!-- This site is optimized with the Yoast SEO plugin v25.3 - https:\/\/yoast.com\/wordpress\/plugins\/seo\/ -->\n<title>Excursion en kayak dans la lagune de Venise &#8211; Camping Ca&#039; Savio<\/title>\n<meta name=\"description\" content=\"Un tour unique pour d\u00e9couvrir les coins cach\u00e9s de la lagune v\u00e9nitienne avec ces paysages et animaux typiques.\" \/>\n<meta name=\"robots\" content=\"index, follow, max-snippet:-1, max-image-preview:large, max-video-preview:-1\" \/>\n<link rel=\"canonical\" href=\"https:\/\/www.casavio.com\/fr\/activites-au-camping\/excursions\/kayak-dans-la-lagune-venise\/\" \/>\n<meta property=\"og:locale\" content=\"fr_FR\" \/>\n<meta property=\"og:type\" content=\"article\" \/>\n<meta property=\"og:title\" content=\"Excursion en kayak dans la lagune de Venise &#8211; Camping Ca&#039; Savio\" \/>\n<meta property=\"og:description\" content=\"Un tour unique pour d\u00e9couvrir les coins cach\u00e9s de la lagune v\u00e9nitienne avec ces paysages et animaux typiques.\" \/>\n<meta property=\"og:url\" content=\"https:\/\/www.casavio.com\/fr\/activites-au-camping\/excursions\/kayak-dans-la-lagune-venise\/\" \/>\n<meta property=\"og:site_name\" content=\"Camping Ca&#039; Savio\" \/>\n<meta property=\"article:publisher\" content=\"https:\/\/www.facebook.com\/campingcasavio\" \/>\n<meta property=\"article:modified_time\" content=\"2026-03-04T10:25:38+00:00\" \/>\n<meta property=\"og:image\" content=\"https:\/\/www.casavio.com\/wp-content\/uploads\/2024\/09\/kayak-laguna-venezia.jpg\" \/>\n\t<meta property=\"og:image:width\" content=\"440\" \/>\n\t<meta property=\"og:image:height\" content=\"600\" \/>\n\t<meta property=\"og:image:type\" content=\"image\/jpeg\" \/>\n<meta name=\"twitter:card\" content=\"summary_large_image\" \/>\n<meta name=\"twitter:label1\" content=\"Dur\u00e9e de lecture estim\u00e9e\" \/>\n\t<meta name=\"twitter:data1\" content=\"1 minute\" \/>\n<script type=\"application\/ld+json\" class=\"yoast-schema-graph\">{\"@context\":\"https:\/\/schema.org\",\"@graph\":[{\"@type\":\"WebPage\",\"@id\":\"https:\/\/www.casavio.com\/fr\/activites-au-camping\/excursions\/kayak-dans-la-lagune-venise\/\",\"url\":\"https:\/\/www.casavio.com\/fr\/activites-au-camping\/excursions\/kayak-dans-la-lagune-venise\/\",\"name\":\"Excursion en kayak dans la lagune de Venise &#8211; Camping Ca&#039; Savio\",\"isPartOf\":{\"@id\":\"https:\/\/www.casavio.com\/fr\/#website\"},\"primaryImageOfPage\":{\"@id\":\"https:\/\/www.casavio.com\/fr\/activites-au-camping\/excursions\/kayak-dans-la-lagune-venise\/#primaryimage\"},\"image\":{\"@id\":\"https:\/\/www.casavio.com\/fr\/activites-au-camping\/excursions\/kayak-dans-la-lagune-venise\/#primaryimage\"},\"thumbnailUrl\":\"https:\/\/www.casavio.com\/wp-content\/uploads\/2024\/09\/kayak-laguna-venezia.jpg\",\"datePublished\":\"2019-11-07T10:11:29+00:00\",\"dateModified\":\"2026-03-04T10:25:38+00:00\",\"description\":\"Un tour unique pour d\u00e9couvrir les coins cach\u00e9s de la lagune v\u00e9nitienne avec ces paysages et animaux typiques.\",\"breadcrumb\":{\"@id\":\"https:\/\/www.casavio.com\/fr\/activites-au-camping\/excursions\/kayak-dans-la-lagune-venise\/#breadcrumb\"},\"inLanguage\":\"fr-FR\",\"potentialAction\":[{\"@type\":\"ReadAction\",\"target\":[\"https:\/\/www.casavio.com\/fr\/activites-au-camping\/excursions\/kayak-dans-la-lagune-venise\/\"]}]},{\"@type\":\"ImageObject\",\"inLanguage\":\"fr-FR\",\"@id\":\"https:\/\/www.casavio.com\/fr\/activites-au-camping\/excursions\/kayak-dans-la-lagune-venise\/#primaryimage\",\"url\":\"https:\/\/www.casavio.com\/wp-content\/uploads\/2024\/09\/kayak-laguna-venezia.jpg\",\"contentUrl\":\"https:\/\/www.casavio.com\/wp-content\/uploads\/2024\/09\/kayak-laguna-venezia.jpg\",\"width\":440,\"height\":600},{\"@type\":\"BreadcrumbList\",\"@id\":\"https:\/\/www.casavio.com\/fr\/activites-au-camping\/excursions\/kayak-dans-la-lagune-venise\/#breadcrumb\",\"itemListElement\":[{\"@type\":\"ListItem\",\"position\":1,\"name\":\"Home\",\"item\":\"https:\/\/www.casavio.com\/fr\/\"},{\"@type\":\"ListItem\",\"position\":2,\"name\":\"Activit\u00e9s\",\"item\":\"https:\/\/www.casavio.com\/fr\/activites-au-camping\/\"},{\"@type\":\"ListItem\",\"position\":3,\"name\":\"Excursions\",\"item\":\"https:\/\/www.casavio.com\/fr\/activites-au-camping\/excursions\/\"},{\"@type\":\"ListItem\",\"position\":4,\"name\":\"Kayak dans la lagune\"}]},{\"@type\":\"WebSite\",\"@id\":\"https:\/\/www.casavio.com\/fr\/#website\",\"url\":\"https:\/\/www.casavio.com\/fr\/\",\"name\":\"Camping Ca&#039; Savio\",\"description\":\"\",\"publisher\":{\"@id\":\"https:\/\/www.casavio.com\/fr\/#organization\"},\"potentialAction\":[{\"@type\":\"SearchAction\",\"target\":{\"@type\":\"EntryPoint\",\"urlTemplate\":\"https:\/\/www.casavio.com\/fr\/?s={search_term_string}\"},\"query-input\":{\"@type\":\"PropertyValueSpecification\",\"valueRequired\":true,\"valueName\":\"search_term_string\"}}],\"inLanguage\":\"fr-FR\"},{\"@type\":\"Organization\",\"@id\":\"https:\/\/www.casavio.com\/fr\/#organization\",\"name\":\"Camping Ca'Savio\",\"url\":\"https:\/\/www.casavio.com\/fr\/\",\"logo\":{\"@type\":\"ImageObject\",\"inLanguage\":\"fr-FR\",\"@id\":\"https:\/\/www.casavio.com\/fr\/#\/schema\/logo\/image\/\",\"url\":\"https:\/\/www.casavio.com\/wp-content\/uploads\/2024\/04\/favicon.png\",\"contentUrl\":\"https:\/\/www.casavio.com\/wp-content\/uploads\/2024\/04\/favicon.png\",\"width\":144,\"height\":144,\"caption\":\"Camping Ca'Savio\"},\"image\":{\"@id\":\"https:\/\/www.casavio.com\/fr\/#\/schema\/logo\/image\/\"},\"sameAs\":[\"https:\/\/www.facebook.com\/campingcasavio\",\"https:\/\/www.instagram.com\/campingcasavio\",\"https:\/\/www.youtube.com\/user\/campingcasavio\"]}]}<\/script>\n<!-- \/ Yoast SEO plugin. -->","yoast_head_json":{"title":"Excursion en kayak dans la lagune de Venise &#8211; Camping Ca&#039; Savio","description":"Un tour unique pour d\u00e9couvrir les coins cach\u00e9s de la lagune v\u00e9nitienne avec ces paysages et animaux typiques.","robots":{"index":"index","follow":"follow","max-snippet":"max-snippet:-1","max-image-preview":"max-image-preview:large","max-video-preview":"max-video-preview:-1"},"canonical":"https:\/\/www.casavio.com\/fr\/activites-au-camping\/excursions\/kayak-dans-la-lagune-venise\/","og_locale":"fr_FR","og_type":"article","og_title":"Excursion en kayak dans la lagune de Venise &#8211; Camping Ca&#039; Savio","og_description":"Un tour unique pour d\u00e9couvrir les coins cach\u00e9s de la lagune v\u00e9nitienne avec ces paysages et animaux typiques.","og_url":"https:\/\/www.casavio.com\/fr\/activites-au-camping\/excursions\/kayak-dans-la-lagune-venise\/","og_site_name":"Camping Ca&#039; Savio","article_publisher":"https:\/\/www.facebook.com\/campingcasavio","article_modified_time":"2026-03-04T10:25:38+00:00","og_image":[{"width":440,"height":600,"url":"https:\/\/www.casavio.com\/wp-content\/uploads\/2024\/09\/kayak-laguna-venezia.jpg","type":"image\/jpeg"}],"twitter_card":"summary_large_image","twitter_misc":{"Dur\u00e9e de lecture estim\u00e9e":"1 minute"},"schema":{"@context":"https:\/\/schema.org","@graph":[{"@type":"WebPage","@id":"https:\/\/www.casavio.com\/fr\/activites-au-camping\/excursions\/kayak-dans-la-lagune-venise\/","url":"https:\/\/www.casavio.com\/fr\/activites-au-camping\/excursions\/kayak-dans-la-lagune-venise\/","name":"Excursion en kayak dans la lagune de Venise &#8211; Camping Ca&#039; Savio","isPartOf":{"@id":"https:\/\/www.casavio.com\/fr\/#website"},"primaryImageOfPage":{"@id":"https:\/\/www.casavio.com\/fr\/activites-au-camping\/excursions\/kayak-dans-la-lagune-venise\/#primaryimage"},"image":{"@id":"https:\/\/www.casavio.com\/fr\/activites-au-camping\/excursions\/kayak-dans-la-lagune-venise\/#primaryimage"},"thumbnailUrl":"https:\/\/www.casavio.com\/wp-content\/uploads\/2024\/09\/kayak-laguna-venezia.jpg","datePublished":"2019-11-07T10:11:29+00:00","dateModified":"2026-03-04T10:25:38+00:00","description":"Un tour unique pour d\u00e9couvrir les coins cach\u00e9s de la lagune v\u00e9nitienne avec ces paysages et animaux typiques.","breadcrumb":{"@id":"https:\/\/www.casavio.com\/fr\/activites-au-camping\/excursions\/kayak-dans-la-lagune-venise\/#breadcrumb"},"inLanguage":"fr-FR","potentialAction":[{"@type":"ReadAction","target":["https:\/\/www.casavio.com\/fr\/activites-au-camping\/excursions\/kayak-dans-la-lagune-venise\/"]}]},{"@type":"ImageObject","inLanguage":"fr-FR","@id":"https:\/\/www.casavio.com\/fr\/activites-au-camping\/excursions\/kayak-dans-la-lagune-venise\/#primaryimage","url":"https:\/\/www.casavio.com\/wp-content\/uploads\/2024\/09\/kayak-laguna-venezia.jpg","contentUrl":"https:\/\/www.casavio.com\/wp-content\/uploads\/2024\/09\/kayak-laguna-venezia.jpg","width":440,"height":600},{"@type":"BreadcrumbList","@id":"https:\/\/www.casavio.com\/fr\/activites-au-camping\/excursions\/kayak-dans-la-lagune-venise\/#breadcrumb","itemListElement":[{"@type":"ListItem","position":1,"name":"Home","item":"https:\/\/www.casavio.com\/fr\/"},{"@type":"ListItem","position":2,"name":"Activit\u00e9s","item":"https:\/\/www.casavio.com\/fr\/activites-au-camping\/"},{"@type":"ListItem","position":3,"name":"Excursions","item":"https:\/\/www.casavio.com\/fr\/activites-au-camping\/excursions\/"},{"@type":"ListItem","position":4,"name":"Kayak dans la lagune"}]},{"@type":"WebSite","@id":"https:\/\/www.casavio.com\/fr\/#website","url":"https:\/\/www.casavio.com\/fr\/","name":"Camping Ca&#039; Savio","description":"","publisher":{"@id":"https:\/\/www.casavio.com\/fr\/#organization"},"potentialAction":[{"@type":"SearchAction","target":{"@type":"EntryPoint","urlTemplate":"https:\/\/www.casavio.com\/fr\/?s={search_term_string}"},"query-input":{"@type":"PropertyValueSpecification","valueRequired":true,"valueName":"search_term_string"}}],"inLanguage":"fr-FR"},{"@type":"Organization","@id":"https:\/\/www.casavio.com\/fr\/#organization","name":"Camping Ca'Savio","url":"https:\/\/www.casavio.com\/fr\/","logo":{"@type":"ImageObject","inLanguage":"fr-FR","@id":"https:\/\/www.casavio.com\/fr\/#\/schema\/logo\/image\/","url":"https:\/\/www.casavio.com\/wp-content\/uploads\/2024\/04\/favicon.png","contentUrl":"https:\/\/www.casavio.com\/wp-content\/uploads\/2024\/04\/favicon.png","width":144,"height":144,"caption":"Camping Ca'Savio"},"image":{"@id":"https:\/\/www.casavio.com\/fr\/#\/schema\/logo\/image\/"},"sameAs":["https:\/\/www.facebook.com\/campingcasavio","https:\/\/www.instagram.com\/campingcasavio","https:\/\/www.youtube.com\/user\/campingcasavio"]}]}},"_links":{"self":[{"href":"https:\/\/www.casavio.com\/fr\/wp-json\/wp\/v2\/pages\/9026","targetHints":{"allow":["GET"]}}],"collection":[{"href":"https:\/\/www.casavio.com\/fr\/wp-json\/wp\/v2\/pages"}],"about":[{"href":"https:\/\/www.casavio.com\/fr\/wp-json\/wp\/v2\/types\/page"}],"author":[{"embeddable":true,"href":"https:\/\/www.casavio.com\/fr\/wp-json\/wp\/v2\/users\/3"}],"replies":[{"embeddable":true,"href":"https:\/\/www.casavio.com\/fr\/wp-json\/wp\/v2\/comments?post=9026"}],"version-history":[{"count":1,"href":"https:\/\/www.casavio.com\/fr\/wp-json\/wp\/v2\/pages\/9026\/revisions"}],"predecessor-version":[{"id":46148,"href":"https:\/\/www.casavio.com\/fr\/wp-json\/wp\/v2\/pages\/9026\/revisions\/46148"}],"up":[{"embeddable":true,"href":"https:\/\/www.casavio.com\/fr\/wp-json\/wp\/v2\/pages\/8978"}],"wp:featuredmedia":[{"embeddable":true,"href":"https:\/\/www.casavio.com\/fr\/wp-json\/wp\/v2\/media\/35140"}],"wp:attachment":[{"href":"https:\/\/www.casavio.com\/fr\/wp-json\/wp\/v2\/media?parent=9026"}],"curies":[{"name":"wp","href":"https:\/\/api.w.org\/{rel}","templated":true}]}}