{"id":9073,"date":"2019-11-07T11:16:16","date_gmt":"2019-11-07T10:16:16","guid":{"rendered":"https:\/\/www.casavio.com\/dintorni\/"},"modified":"2020-06-23T09:45:26","modified_gmt":"2020-06-23T07:45:26","slug":"environs","status":"publish","type":"page","link":"https:\/\/www.casavio.com\/fr\/environs\/","title":{"rendered":"Environs"},"content":{"rendered":"<p>Nous vous invitons \u00e0 d\u00e9couvrir la beaut\u00e9 de notre territoire, la V\u00e9n\u00e9tie. Dans les environs du camping vous pourrez s\u00fbrement trouver quelque chose d\u2019int\u00e9ressant \u00e0 faire ou \u00e0 voir.<\/p>\n","protected":false},"excerpt":{"rendered":"<p>Nous vous invitons \u00e0 d\u00e9couvrir la beaut\u00e9 de notre territoire, la V\u00e9n\u00e9tie. Dans les environs du camping vous pourrez s\u00fbrement trouver quelque chose d\u2019int\u00e9ressant \u00e0 faire ou \u00e0 voir.<\/p>\n","protected":false},"author":3,"featured_media":0,"parent":0,"menu_order":77,"comment_status":"closed","ping_status":"closed","template":"templates\/tpl-children-with-intro.php","meta":{"_acf_changed":false},"class_list":["post-9073","page","type-page","status-publish","hentry"],"acf":[],"yoast_head":"<!-- This site is optimized with the Yoast SEO plugin v25.3 - https:\/\/yoast.com\/wordpress\/plugins\/seo\/ -->\n<title>D\u00e9couvrez le territoire de Venise &#8211; Camping Ca&#039; Savio<\/title>\n<meta name=\"description\" content=\"M\u00eame si vous d\u00e9sirez passer vos vacances en bord de mer, nous vous invitons \u00e0 d\u00e9couvrir la beaut\u00e9 de la V\u00e9n\u00e9tie: Cavallino, Venise, Tr\u00e9vise, Padoue, V\u00e9rone.\" \/>\n<meta name=\"robots\" content=\"index, follow, max-snippet:-1, max-image-preview:large, max-video-preview:-1\" \/>\n<link rel=\"canonical\" href=\"https:\/\/www.casavio.com\/fr\/environs\/\" \/>\n<meta property=\"og:locale\" content=\"fr_FR\" \/>\n<meta property=\"og:type\" content=\"article\" \/>\n<meta property=\"og:title\" content=\"D\u00e9couvrez le territoire de Venise &#8211; Camping Ca&#039; Savio\" \/>\n<meta property=\"og:description\" content=\"M\u00eame si vous d\u00e9sirez passer vos vacances en bord de mer, nous vous invitons \u00e0 d\u00e9couvrir la beaut\u00e9 de la V\u00e9n\u00e9tie: Cavallino, Venise, Tr\u00e9vise, Padoue, V\u00e9rone.\" \/>\n<meta property=\"og:url\" content=\"https:\/\/www.casavio.com\/fr\/environs\/\" \/>\n<meta property=\"og:site_name\" content=\"Camping Ca&#039; Savio\" \/>\n<meta property=\"article:publisher\" content=\"https:\/\/www.facebook.com\/campingcasavio\" \/>\n<meta property=\"article:modified_time\" content=\"2020-06-23T07:45:26+00:00\" \/>\n<meta property=\"og:image\" content=\"https:\/\/www.casavio.com\/wp-content\/uploads\/2019\/11\/ca-savio-home-2-territorio_1.jpg\" \/>\n\t<meta property=\"og:image:width\" content=\"1440\" \/>\n\t<meta property=\"og:image:height\" content=\"740\" \/>\n\t<meta property=\"og:image:type\" content=\"image\/jpeg\" \/>\n<meta name=\"twitter:card\" content=\"summary_large_image\" \/>\n<script type=\"application\/ld+json\" class=\"yoast-schema-graph\">{\"@context\":\"https:\/\/schema.org\",\"@graph\":[{\"@type\":\"WebPage\",\"@id\":\"https:\/\/www.casavio.com\/fr\/environs\/\",\"url\":\"https:\/\/www.casavio.com\/fr\/environs\/\",\"name\":\"D\u00e9couvrez le territoire de Venise &#8211; Camping Ca&#039; Savio\",\"isPartOf\":{\"@id\":\"https:\/\/www.casavio.com\/fr\/#website\"},\"datePublished\":\"2019-11-07T10:16:16+00:00\",\"dateModified\":\"2020-06-23T07:45:26+00:00\",\"description\":\"M\u00eame si vous d\u00e9sirez passer vos vacances en bord de mer, nous vous invitons \u00e0 d\u00e9couvrir la beaut\u00e9 de la V\u00e9n\u00e9tie: Cavallino, Venise, Tr\u00e9vise, Padoue, V\u00e9rone.\",\"breadcrumb\":{\"@id\":\"https:\/\/www.casavio.com\/fr\/environs\/#breadcrumb\"},\"inLanguage\":\"fr-FR\",\"potentialAction\":[{\"@type\":\"ReadAction\",\"target\":[\"https:\/\/www.casavio.com\/fr\/environs\/\"]}]},{\"@type\":\"BreadcrumbList\",\"@id\":\"https:\/\/www.casavio.com\/fr\/environs\/#breadcrumb\",\"itemListElement\":[{\"@type\":\"ListItem\",\"position\":1,\"name\":\"Home\",\"item\":\"https:\/\/www.casavio.com\/fr\/\"},{\"@type\":\"ListItem\",\"position\":2,\"name\":\"Environs\"}]},{\"@type\":\"WebSite\",\"@id\":\"https:\/\/www.casavio.com\/fr\/#website\",\"url\":\"https:\/\/www.casavio.com\/fr\/\",\"name\":\"Camping Ca&#039; Savio\",\"description\":\"\",\"publisher\":{\"@id\":\"https:\/\/www.casavio.com\/fr\/#organization\"},\"potentialAction\":[{\"@type\":\"SearchAction\",\"target\":{\"@type\":\"EntryPoint\",\"urlTemplate\":\"https:\/\/www.casavio.com\/fr\/?s={search_term_string}\"},\"query-input\":{\"@type\":\"PropertyValueSpecification\",\"valueRequired\":true,\"valueName\":\"search_term_string\"}}],\"inLanguage\":\"fr-FR\"},{\"@type\":\"Organization\",\"@id\":\"https:\/\/www.casavio.com\/fr\/#organization\",\"name\":\"Camping Ca'Savio\",\"url\":\"https:\/\/www.casavio.com\/fr\/\",\"logo\":{\"@type\":\"ImageObject\",\"inLanguage\":\"fr-FR\",\"@id\":\"https:\/\/www.casavio.com\/fr\/#\/schema\/logo\/image\/\",\"url\":\"https:\/\/www.casavio.com\/wp-content\/uploads\/2024\/04\/favicon.png\",\"contentUrl\":\"https:\/\/www.casavio.com\/wp-content\/uploads\/2024\/04\/favicon.png\",\"width\":144,\"height\":144,\"caption\":\"Camping Ca'Savio\"},\"image\":{\"@id\":\"https:\/\/www.casavio.com\/fr\/#\/schema\/logo\/image\/\"},\"sameAs\":[\"https:\/\/www.facebook.com\/campingcasavio\",\"https:\/\/www.instagram.com\/campingcasavio\",\"https:\/\/www.youtube.com\/user\/campingcasavio\"]}]}<\/script>\n<!-- \/ Yoast SEO plugin. -->","yoast_head_json":{"title":"D\u00e9couvrez le territoire de Venise &#8211; Camping Ca&#039; Savio","description":"M\u00eame si vous d\u00e9sirez passer vos vacances en bord de mer, nous vous invitons \u00e0 d\u00e9couvrir la beaut\u00e9 de la V\u00e9n\u00e9tie: Cavallino, Venise, Tr\u00e9vise, Padoue, V\u00e9rone.","robots":{"index":"index","follow":"follow","max-snippet":"max-snippet:-1","max-image-preview":"max-image-preview:large","max-video-preview":"max-video-preview:-1"},"canonical":"https:\/\/www.casavio.com\/fr\/environs\/","og_locale":"fr_FR","og_type":"article","og_title":"D\u00e9couvrez le territoire de Venise &#8211; Camping Ca&#039; Savio","og_description":"M\u00eame si vous d\u00e9sirez passer vos vacances en bord de mer, nous vous invitons \u00e0 d\u00e9couvrir la beaut\u00e9 de la V\u00e9n\u00e9tie: Cavallino, Venise, Tr\u00e9vise, Padoue, V\u00e9rone.","og_url":"https:\/\/www.casavio.com\/fr\/environs\/","og_site_name":"Camping Ca&#039; Savio","article_publisher":"https:\/\/www.facebook.com\/campingcasavio","article_modified_time":"2020-06-23T07:45:26+00:00","og_image":[{"width":1440,"height":740,"url":"https:\/\/www.casavio.com\/wp-content\/uploads\/2019\/11\/ca-savio-home-2-territorio_1.jpg","type":"image\/jpeg"}],"twitter_card":"summary_large_image","schema":{"@context":"https:\/\/schema.org","@graph":[{"@type":"WebPage","@id":"https:\/\/www.casavio.com\/fr\/environs\/","url":"https:\/\/www.casavio.com\/fr\/environs\/","name":"D\u00e9couvrez le territoire de Venise &#8211; Camping Ca&#039; Savio","isPartOf":{"@id":"https:\/\/www.casavio.com\/fr\/#website"},"datePublished":"2019-11-07T10:16:16+00:00","dateModified":"2020-06-23T07:45:26+00:00","description":"M\u00eame si vous d\u00e9sirez passer vos vacances en bord de mer, nous vous invitons \u00e0 d\u00e9couvrir la beaut\u00e9 de la V\u00e9n\u00e9tie: Cavallino, Venise, Tr\u00e9vise, Padoue, V\u00e9rone.","breadcrumb":{"@id":"https:\/\/www.casavio.com\/fr\/environs\/#breadcrumb"},"inLanguage":"fr-FR","potentialAction":[{"@type":"ReadAction","target":["https:\/\/www.casavio.com\/fr\/environs\/"]}]},{"@type":"BreadcrumbList","@id":"https:\/\/www.casavio.com\/fr\/environs\/#breadcrumb","itemListElement":[{"@type":"ListItem","position":1,"name":"Home","item":"https:\/\/www.casavio.com\/fr\/"},{"@type":"ListItem","position":2,"name":"Environs"}]},{"@type":"WebSite","@id":"https:\/\/www.casavio.com\/fr\/#website","url":"https:\/\/www.casavio.com\/fr\/","name":"Camping Ca&#039; Savio","description":"","publisher":{"@id":"https:\/\/www.casavio.com\/fr\/#organization"},"potentialAction":[{"@type":"SearchAction","target":{"@type":"EntryPoint","urlTemplate":"https:\/\/www.casavio.com\/fr\/?s={search_term_string}"},"query-input":{"@type":"PropertyValueSpecification","valueRequired":true,"valueName":"search_term_string"}}],"inLanguage":"fr-FR"},{"@type":"Organization","@id":"https:\/\/www.casavio.com\/fr\/#organization","name":"Camping Ca'Savio","url":"https:\/\/www.casavio.com\/fr\/","logo":{"@type":"ImageObject","inLanguage":"fr-FR","@id":"https:\/\/www.casavio.com\/fr\/#\/schema\/logo\/image\/","url":"https:\/\/www.casavio.com\/wp-content\/uploads\/2024\/04\/favicon.png","contentUrl":"https:\/\/www.casavio.com\/wp-content\/uploads\/2024\/04\/favicon.png","width":144,"height":144,"caption":"Camping Ca'Savio"},"image":{"@id":"https:\/\/www.casavio.com\/fr\/#\/schema\/logo\/image\/"},"sameAs":["https:\/\/www.facebook.com\/campingcasavio","https:\/\/www.instagram.com\/campingcasavio","https:\/\/www.youtube.com\/user\/campingcasavio"]}]}},"_links":{"self":[{"href":"https:\/\/www.casavio.com\/fr\/wp-json\/wp\/v2\/pages\/9073","targetHints":{"allow":["GET"]}}],"collection":[{"href":"https:\/\/www.casavio.com\/fr\/wp-json\/wp\/v2\/pages"}],"about":[{"href":"https:\/\/www.casavio.com\/fr\/wp-json\/wp\/v2\/types\/page"}],"author":[{"embeddable":true,"href":"https:\/\/www.casavio.com\/fr\/wp-json\/wp\/v2\/users\/3"}],"replies":[{"embeddable":true,"href":"https:\/\/www.casavio.com\/fr\/wp-json\/wp\/v2\/comments?post=9073"}],"version-history":[{"count":1,"href":"https:\/\/www.casavio.com\/fr\/wp-json\/wp\/v2\/pages\/9073\/revisions"}],"predecessor-version":[{"id":11614,"href":"https:\/\/www.casavio.com\/fr\/wp-json\/wp\/v2\/pages\/9073\/revisions\/11614"}],"wp:attachment":[{"href":"https:\/\/www.casavio.com\/fr\/wp-json\/wp\/v2\/media?parent=9073"}],"curies":[{"name":"wp","href":"https:\/\/api.w.org\/{rel}","templated":true}]}}