{"id":9075,"date":"2019-11-07T11:17:29","date_gmt":"2019-11-07T10:17:29","guid":{"rendered":"https:\/\/www.casavio.com\/environs\/cavallino-e-laguna\/"},"modified":"2020-02-27T11:41:53","modified_gmt":"2020-02-27T10:41:53","slug":"cavallino-treporti-lagune","status":"publish","type":"page","link":"https:\/\/www.casavio.com\/fr\/environs\/cavallino-treporti-lagune\/","title":{"rendered":"Cavallino Treporti et la lagune"},"content":{"rendered":"<p>Une mince bande de terre entre la mer et la lagune, toute \u00e0 d\u00e9couvrir. Voil\u00e0 nos indications pour explorer ce territoire particulier, des traditions les plus anciennes aux \u00e9v\u00e9nements aujourd\u2019hui tr\u00e8s appr\u00e9ci\u00e9s, comme le Beach on Fire.<\/p>\n","protected":false},"excerpt":{"rendered":"<p>Villages suggestifs situ\u00e9s entre la lagune et la campagne, march\u00e9s et produits typiques.<\/p>\n","protected":false},"author":3,"featured_media":4440,"parent":9073,"menu_order":78,"comment_status":"closed","ping_status":"closed","template":"templates\/tpl-children-with-intro.php","meta":{"_acf_changed":false},"class_list":["post-9075","page","type-page","status-publish","has-post-thumbnail","hentry"],"acf":[],"yoast_head":"<!-- This site is optimized with the Yoast SEO plugin v25.3 - https:\/\/yoast.com\/wordpress\/plugins\/seo\/ -->\n<title>Visitez Cavallino Treporti. Itin\u00e9raires, curiosit\u00e9s et histoire &#8211; Camping Ca&#039; Savio<\/title>\n<meta name=\"description\" content=\"Cavallino Treporti, c&#039;est aussi culture, histoire, tradition. Excursions et visites \u00e0 la connaissance de votre lieu de vacances. Demandez des informations \u00e0 la r\u00e9ception.\" \/>\n<meta name=\"robots\" content=\"index, follow, max-snippet:-1, max-image-preview:large, max-video-preview:-1\" \/>\n<link rel=\"canonical\" href=\"https:\/\/www.casavio.com\/fr\/environs\/cavallino-treporti-lagune\/\" \/>\n<meta property=\"og:locale\" content=\"fr_FR\" \/>\n<meta property=\"og:type\" content=\"article\" \/>\n<meta property=\"og:title\" content=\"Visitez Cavallino Treporti. Itin\u00e9raires, curiosit\u00e9s et histoire &#8211; Camping Ca&#039; Savio\" \/>\n<meta property=\"og:description\" content=\"Cavallino Treporti, c&#039;est aussi culture, histoire, tradition. Excursions et visites \u00e0 la connaissance de votre lieu de vacances. Demandez des informations \u00e0 la r\u00e9ception.\" \/>\n<meta property=\"og:url\" content=\"https:\/\/www.casavio.com\/fr\/environs\/cavallino-treporti-lagune\/\" \/>\n<meta property=\"og:site_name\" content=\"Camping Ca&#039; Savio\" \/>\n<meta property=\"article:publisher\" content=\"https:\/\/www.facebook.com\/campingcasavio\" \/>\n<meta property=\"article:modified_time\" content=\"2020-02-27T10:41:53+00:00\" \/>\n<meta property=\"og:image\" content=\"https:\/\/www.casavio.com\/wp-content\/uploads\/2019\/11\/ca-savio-territorio-cavallino.jpg\" \/>\n\t<meta property=\"og:image:width\" content=\"440\" \/>\n\t<meta property=\"og:image:height\" content=\"600\" \/>\n\t<meta property=\"og:image:type\" content=\"image\/jpeg\" \/>\n<meta name=\"twitter:card\" content=\"summary_large_image\" \/>\n<script type=\"application\/ld+json\" class=\"yoast-schema-graph\">{\"@context\":\"https:\/\/schema.org\",\"@graph\":[{\"@type\":\"WebPage\",\"@id\":\"https:\/\/www.casavio.com\/fr\/environs\/cavallino-treporti-lagune\/\",\"url\":\"https:\/\/www.casavio.com\/fr\/environs\/cavallino-treporti-lagune\/\",\"name\":\"Visitez Cavallino Treporti. Itin\u00e9raires, curiosit\u00e9s et histoire &#8211; Camping Ca&#039; Savio\",\"isPartOf\":{\"@id\":\"https:\/\/www.casavio.com\/fr\/#website\"},\"primaryImageOfPage\":{\"@id\":\"https:\/\/www.casavio.com\/fr\/environs\/cavallino-treporti-lagune\/#primaryimage\"},\"image\":{\"@id\":\"https:\/\/www.casavio.com\/fr\/environs\/cavallino-treporti-lagune\/#primaryimage\"},\"thumbnailUrl\":\"https:\/\/www.casavio.com\/wp-content\/uploads\/2019\/11\/ca-savio-territorio-cavallino.jpg\",\"datePublished\":\"2019-11-07T10:17:29+00:00\",\"dateModified\":\"2020-02-27T10:41:53+00:00\",\"description\":\"Cavallino Treporti, c'est aussi culture, histoire, tradition. Excursions et visites \u00e0 la connaissance de votre lieu de vacances. Demandez des informations \u00e0 la r\u00e9ception.\",\"breadcrumb\":{\"@id\":\"https:\/\/www.casavio.com\/fr\/environs\/cavallino-treporti-lagune\/#breadcrumb\"},\"inLanguage\":\"fr-FR\",\"potentialAction\":[{\"@type\":\"ReadAction\",\"target\":[\"https:\/\/www.casavio.com\/fr\/environs\/cavallino-treporti-lagune\/\"]}]},{\"@type\":\"ImageObject\",\"inLanguage\":\"fr-FR\",\"@id\":\"https:\/\/www.casavio.com\/fr\/environs\/cavallino-treporti-lagune\/#primaryimage\",\"url\":\"https:\/\/www.casavio.com\/wp-content\/uploads\/2019\/11\/ca-savio-territorio-cavallino.jpg\",\"contentUrl\":\"https:\/\/www.casavio.com\/wp-content\/uploads\/2019\/11\/ca-savio-territorio-cavallino.jpg\",\"width\":440,\"height\":600},{\"@type\":\"BreadcrumbList\",\"@id\":\"https:\/\/www.casavio.com\/fr\/environs\/cavallino-treporti-lagune\/#breadcrumb\",\"itemListElement\":[{\"@type\":\"ListItem\",\"position\":1,\"name\":\"Home\",\"item\":\"https:\/\/www.casavio.com\/fr\/\"},{\"@type\":\"ListItem\",\"position\":2,\"name\":\"Environs\",\"item\":\"https:\/\/www.casavio.com\/fr\/environs\/\"},{\"@type\":\"ListItem\",\"position\":3,\"name\":\"Cavallino Treporti et la lagune\"}]},{\"@type\":\"WebSite\",\"@id\":\"https:\/\/www.casavio.com\/fr\/#website\",\"url\":\"https:\/\/www.casavio.com\/fr\/\",\"name\":\"Camping Ca&#039; Savio\",\"description\":\"\",\"publisher\":{\"@id\":\"https:\/\/www.casavio.com\/fr\/#organization\"},\"potentialAction\":[{\"@type\":\"SearchAction\",\"target\":{\"@type\":\"EntryPoint\",\"urlTemplate\":\"https:\/\/www.casavio.com\/fr\/?s={search_term_string}\"},\"query-input\":{\"@type\":\"PropertyValueSpecification\",\"valueRequired\":true,\"valueName\":\"search_term_string\"}}],\"inLanguage\":\"fr-FR\"},{\"@type\":\"Organization\",\"@id\":\"https:\/\/www.casavio.com\/fr\/#organization\",\"name\":\"Camping Ca'Savio\",\"url\":\"https:\/\/www.casavio.com\/fr\/\",\"logo\":{\"@type\":\"ImageObject\",\"inLanguage\":\"fr-FR\",\"@id\":\"https:\/\/www.casavio.com\/fr\/#\/schema\/logo\/image\/\",\"url\":\"https:\/\/www.casavio.com\/wp-content\/uploads\/2024\/04\/favicon.png\",\"contentUrl\":\"https:\/\/www.casavio.com\/wp-content\/uploads\/2024\/04\/favicon.png\",\"width\":144,\"height\":144,\"caption\":\"Camping Ca'Savio\"},\"image\":{\"@id\":\"https:\/\/www.casavio.com\/fr\/#\/schema\/logo\/image\/\"},\"sameAs\":[\"https:\/\/www.facebook.com\/campingcasavio\",\"https:\/\/www.instagram.com\/campingcasavio\",\"https:\/\/www.youtube.com\/user\/campingcasavio\"]}]}<\/script>\n<!-- \/ Yoast SEO plugin. -->","yoast_head_json":{"title":"Visitez Cavallino Treporti. Itin\u00e9raires, curiosit\u00e9s et histoire &#8211; Camping Ca&#039; Savio","description":"Cavallino Treporti, c'est aussi culture, histoire, tradition. Excursions et visites \u00e0 la connaissance de votre lieu de vacances. Demandez des informations \u00e0 la r\u00e9ception.","robots":{"index":"index","follow":"follow","max-snippet":"max-snippet:-1","max-image-preview":"max-image-preview:large","max-video-preview":"max-video-preview:-1"},"canonical":"https:\/\/www.casavio.com\/fr\/environs\/cavallino-treporti-lagune\/","og_locale":"fr_FR","og_type":"article","og_title":"Visitez Cavallino Treporti. Itin\u00e9raires, curiosit\u00e9s et histoire &#8211; Camping Ca&#039; Savio","og_description":"Cavallino Treporti, c'est aussi culture, histoire, tradition. Excursions et visites \u00e0 la connaissance de votre lieu de vacances. Demandez des informations \u00e0 la r\u00e9ception.","og_url":"https:\/\/www.casavio.com\/fr\/environs\/cavallino-treporti-lagune\/","og_site_name":"Camping Ca&#039; Savio","article_publisher":"https:\/\/www.facebook.com\/campingcasavio","article_modified_time":"2020-02-27T10:41:53+00:00","og_image":[{"width":440,"height":600,"url":"https:\/\/www.casavio.com\/wp-content\/uploads\/2019\/11\/ca-savio-territorio-cavallino.jpg","type":"image\/jpeg"}],"twitter_card":"summary_large_image","schema":{"@context":"https:\/\/schema.org","@graph":[{"@type":"WebPage","@id":"https:\/\/www.casavio.com\/fr\/environs\/cavallino-treporti-lagune\/","url":"https:\/\/www.casavio.com\/fr\/environs\/cavallino-treporti-lagune\/","name":"Visitez Cavallino Treporti. Itin\u00e9raires, curiosit\u00e9s et histoire &#8211; Camping Ca&#039; Savio","isPartOf":{"@id":"https:\/\/www.casavio.com\/fr\/#website"},"primaryImageOfPage":{"@id":"https:\/\/www.casavio.com\/fr\/environs\/cavallino-treporti-lagune\/#primaryimage"},"image":{"@id":"https:\/\/www.casavio.com\/fr\/environs\/cavallino-treporti-lagune\/#primaryimage"},"thumbnailUrl":"https:\/\/www.casavio.com\/wp-content\/uploads\/2019\/11\/ca-savio-territorio-cavallino.jpg","datePublished":"2019-11-07T10:17:29+00:00","dateModified":"2020-02-27T10:41:53+00:00","description":"Cavallino Treporti, c'est aussi culture, histoire, tradition. Excursions et visites \u00e0 la connaissance de votre lieu de vacances. Demandez des informations \u00e0 la r\u00e9ception.","breadcrumb":{"@id":"https:\/\/www.casavio.com\/fr\/environs\/cavallino-treporti-lagune\/#breadcrumb"},"inLanguage":"fr-FR","potentialAction":[{"@type":"ReadAction","target":["https:\/\/www.casavio.com\/fr\/environs\/cavallino-treporti-lagune\/"]}]},{"@type":"ImageObject","inLanguage":"fr-FR","@id":"https:\/\/www.casavio.com\/fr\/environs\/cavallino-treporti-lagune\/#primaryimage","url":"https:\/\/www.casavio.com\/wp-content\/uploads\/2019\/11\/ca-savio-territorio-cavallino.jpg","contentUrl":"https:\/\/www.casavio.com\/wp-content\/uploads\/2019\/11\/ca-savio-territorio-cavallino.jpg","width":440,"height":600},{"@type":"BreadcrumbList","@id":"https:\/\/www.casavio.com\/fr\/environs\/cavallino-treporti-lagune\/#breadcrumb","itemListElement":[{"@type":"ListItem","position":1,"name":"Home","item":"https:\/\/www.casavio.com\/fr\/"},{"@type":"ListItem","position":2,"name":"Environs","item":"https:\/\/www.casavio.com\/fr\/environs\/"},{"@type":"ListItem","position":3,"name":"Cavallino Treporti et la lagune"}]},{"@type":"WebSite","@id":"https:\/\/www.casavio.com\/fr\/#website","url":"https:\/\/www.casavio.com\/fr\/","name":"Camping Ca&#039; Savio","description":"","publisher":{"@id":"https:\/\/www.casavio.com\/fr\/#organization"},"potentialAction":[{"@type":"SearchAction","target":{"@type":"EntryPoint","urlTemplate":"https:\/\/www.casavio.com\/fr\/?s={search_term_string}"},"query-input":{"@type":"PropertyValueSpecification","valueRequired":true,"valueName":"search_term_string"}}],"inLanguage":"fr-FR"},{"@type":"Organization","@id":"https:\/\/www.casavio.com\/fr\/#organization","name":"Camping Ca'Savio","url":"https:\/\/www.casavio.com\/fr\/","logo":{"@type":"ImageObject","inLanguage":"fr-FR","@id":"https:\/\/www.casavio.com\/fr\/#\/schema\/logo\/image\/","url":"https:\/\/www.casavio.com\/wp-content\/uploads\/2024\/04\/favicon.png","contentUrl":"https:\/\/www.casavio.com\/wp-content\/uploads\/2024\/04\/favicon.png","width":144,"height":144,"caption":"Camping Ca'Savio"},"image":{"@id":"https:\/\/www.casavio.com\/fr\/#\/schema\/logo\/image\/"},"sameAs":["https:\/\/www.facebook.com\/campingcasavio","https:\/\/www.instagram.com\/campingcasavio","https:\/\/www.youtube.com\/user\/campingcasavio"]}]}},"_links":{"self":[{"href":"https:\/\/www.casavio.com\/fr\/wp-json\/wp\/v2\/pages\/9075","targetHints":{"allow":["GET"]}}],"collection":[{"href":"https:\/\/www.casavio.com\/fr\/wp-json\/wp\/v2\/pages"}],"about":[{"href":"https:\/\/www.casavio.com\/fr\/wp-json\/wp\/v2\/types\/page"}],"author":[{"embeddable":true,"href":"https:\/\/www.casavio.com\/fr\/wp-json\/wp\/v2\/users\/3"}],"replies":[{"embeddable":true,"href":"https:\/\/www.casavio.com\/fr\/wp-json\/wp\/v2\/comments?post=9075"}],"version-history":[{"count":2,"href":"https:\/\/www.casavio.com\/fr\/wp-json\/wp\/v2\/pages\/9075\/revisions"}],"predecessor-version":[{"id":9077,"href":"https:\/\/www.casavio.com\/fr\/wp-json\/wp\/v2\/pages\/9075\/revisions\/9077"}],"up":[{"embeddable":true,"href":"https:\/\/www.casavio.com\/fr\/wp-json\/wp\/v2\/pages\/9073"}],"wp:featuredmedia":[{"embeddable":true,"href":"https:\/\/www.casavio.com\/fr\/wp-json\/wp\/v2\/media\/4440"}],"wp:attachment":[{"href":"https:\/\/www.casavio.com\/fr\/wp-json\/wp\/v2\/media?parent=9075"}],"curies":[{"name":"wp","href":"https:\/\/api.w.org\/{rel}","templated":true}]}}