{"id":9078,"date":"2019-11-26T11:53:00","date_gmt":"2019-11-26T10:53:00","guid":{"rendered":"https:\/\/www.casavio.com\/environs\/cavallino-treporti-lagune\/beach-on-fire-al-ca-savio\/"},"modified":"2025-04-03T10:56:28","modified_gmt":"2025-04-03T08:56:28","slug":"beach-on-fire-au-ca-savio","status":"publish","type":"page","link":"https:\/\/www.casavio.com\/fr\/environs\/cavallino-treporti-lagune\/beach-on-fire-au-ca-savio\/","title":{"rendered":"Beach on Fire au Camping Ca\u2019Savio"},"content":{"rendered":"<p>L\u2019\u00e9v\u00e8nement le plus attendu de l\u2019\u00e9t\u00e9 \u00e0 Cavallino-Treporti est surement il Beach on Fire.<\/p>\n<p>Le Beach on Fire est bien plus qu\u2019un simple spectacle pyrotechnique, c\u2019est un v\u00e9ritable \u00e9v\u00e8nement qui ne trouve pas d\u2019\u00e9quivalent dans le monde et qui fait venir des milliers de visiteurs de chaque coin de l\u2019Italie et d\u2019Europe.<\/p>\n<p>Beach on Fire est un spectacle \u00e9mouvant, suggestif\u2026 et m\u00e9rite un prix au Guinness (ce n\u2019est pas pour rien qu\u2019il est connu comme <strong>le plus long spectacle pyrotechnique du monde<\/strong>).<\/p>\n<p>Le ciel, <strong>au-dessus des 13 kilom\u00e8tres du littoral de Cavallino-Treporti<\/strong> s\u2019illumine de mille feux d\u2019artifice d\u00e9clench\u00e9s en parfaite synchronie, depuis une dizaine de postes diss\u00e9min\u00e9s dans une s\u00e9rie de points strat\u00e9giques entre Punta Sabbioni et le phare de Cavallino.<\/p>\n<p>Le r\u00e9sultat de cette incroyable synchronie est pour peu dire \u00e9poustouflant. Le ciel de Cavallino-Treporti se transforme en une toile couleur de la nuit et se pr\u00e9pare \u00e0 accueillir de merveilleuses s\u00e9quences lumineuses et des jeux de lumi\u00e8re suggestifs.<\/p>\n<p>Le Beach on Fire est un des \u00e9v\u00e8nements les plus attendus et les plus aim\u00e9s du littoral Veneto: beaucoup de touristes font co\u00efncider leurs vacances avec celle du spectacle. Et en fait, quelle meilleure fa\u00e7on y-t-il pour f\u00eater quelques jours \u00e0 la plage?<\/p>\n<p>Encore cette ann\u00e9e, comme par coutume, le Beach on Fire se d\u00e9roulera vers la fin du mois d\u2019aout (le rendez-vous pour cette \u00e9dition <strong>2025<\/strong> est pour <strong>Samedi 23 aout<\/strong>).<\/p>\n<p>Du \u00e0 la configuration naturelle particuli\u00e8re du littoral de Cavallino-Treporti, il sera possible d\u2019admirer le spectacle de toute sa splendeur de chaque coin de la lagune.<\/p>\n<p>Le lieu pr\u00e9f\u00e9r\u00e9 de tant de visiteurs est la plage, mais qui souhaite admirer le show d\u2019un prospective inhabituelle peut d\u00e9cider de profiter du spectacle depuis la mer, pourquoi pas en louant une barque. Depuis une barque, le show pyrotechnique est particuli\u00e8rement \u00e9mouvant et romantique: difficile de r\u00e9sister \u00e0 ce triomphe de couleurs qui se jette dans la mer, en cr\u00e9ant des nuances d\u2019une beaut\u00e9 indescriptible.<\/p>\n<p>Le <strong>Camping Ca\u2019Savio est l\u2019endroit id\u00e9al<\/strong> pour profiter du spectacle, avec ses larges espaces et <strong>1 kilom\u00e8tre de plage<\/strong> \u00e0 disposition de ses h\u00f4tes.<\/p>\n<p>Le Beach on Fire est r\u00e9alis\u00e9 par certains des plus grands experts de spectacles pyrotechniques. L\u2019\u00e9v\u00e8nement est promu par le Parc Touristique de Cavallino-Treporti (importante association des complexes touristiques r\u00e9ceptifs), avec la pr\u00e9cieuse collaboration de la Mairie, de l\u2019Assocamping et de diverses agences du littoral.<\/p>\n","protected":false},"excerpt":{"rendered":"<p>L&rsquo;\u00e9v\u00e9nement le plus attendu sur la c\u00f4te.<\/p>\n","protected":false},"author":4,"featured_media":4474,"parent":9075,"menu_order":0,"comment_status":"closed","ping_status":"closed","template":"","meta":{"_acf_changed":false},"class_list":["post-9078","page","type-page","status-publish","has-post-thumbnail","hentry"],"acf":[],"yoast_head":"<!-- This site is optimized with the Yoast SEO plugin v25.3 - https:\/\/yoast.com\/wordpress\/plugins\/seo\/ -->\n<title>Spectacle de feux d&#039;artifice Beach on Fire Ao\u00fbt - Cavallino &#8211; Camping Ca&#039; Savio<\/title>\n<meta name=\"description\" content=\"L&#039;\u00e9v\u00e9nement le plus attendu de l&#039;\u00e9t\u00e9 de Cavallino est sans aucun doute la plage en feu: la plage de Cavallino s&#039;illumine de feux d&#039;artifice. Venez le voir au Camping Ca&#039; Savio.\" \/>\n<meta name=\"robots\" content=\"index, follow, max-snippet:-1, max-image-preview:large, max-video-preview:-1\" \/>\n<link rel=\"canonical\" href=\"https:\/\/www.casavio.com\/fr\/environs\/cavallino-treporti-lagune\/beach-on-fire-au-ca-savio\/\" \/>\n<meta property=\"og:locale\" content=\"fr_FR\" \/>\n<meta property=\"og:type\" content=\"article\" \/>\n<meta property=\"og:title\" content=\"Spectacle de feux d&#039;artifice Beach on Fire Ao\u00fbt - Cavallino &#8211; Camping Ca&#039; Savio\" \/>\n<meta property=\"og:description\" content=\"L&#039;\u00e9v\u00e9nement le plus attendu de l&#039;\u00e9t\u00e9 de Cavallino est sans aucun doute la plage en feu: la plage de Cavallino s&#039;illumine de feux d&#039;artifice. Venez le voir au Camping Ca&#039; Savio.\" \/>\n<meta property=\"og:url\" content=\"https:\/\/www.casavio.com\/fr\/environs\/cavallino-treporti-lagune\/beach-on-fire-au-ca-savio\/\" \/>\n<meta property=\"og:site_name\" content=\"Camping Ca&#039; Savio\" \/>\n<meta property=\"article:publisher\" content=\"https:\/\/www.facebook.com\/campingcasavio\" \/>\n<meta property=\"article:modified_time\" content=\"2025-04-03T08:56:28+00:00\" \/>\n<meta property=\"og:image\" content=\"https:\/\/www.casavio.com\/wp-content\/uploads\/2019\/11\/ca-savio-cavallino-treporti-beach-on-fire-box-1.jpg\" \/>\n\t<meta property=\"og:image:width\" content=\"440\" \/>\n\t<meta property=\"og:image:height\" content=\"600\" \/>\n\t<meta property=\"og:image:type\" content=\"image\/jpeg\" \/>\n<meta name=\"twitter:card\" content=\"summary_large_image\" \/>\n<meta name=\"twitter:label1\" content=\"Dur\u00e9e de lecture estim\u00e9e\" \/>\n\t<meta name=\"twitter:data1\" content=\"3 minutes\" \/>\n<script type=\"application\/ld+json\" class=\"yoast-schema-graph\">{\"@context\":\"https:\/\/schema.org\",\"@graph\":[{\"@type\":\"WebPage\",\"@id\":\"https:\/\/www.casavio.com\/fr\/environs\/cavallino-treporti-lagune\/beach-on-fire-au-ca-savio\/\",\"url\":\"https:\/\/www.casavio.com\/fr\/environs\/cavallino-treporti-lagune\/beach-on-fire-au-ca-savio\/\",\"name\":\"Spectacle de feux d'artifice Beach on Fire Ao\u00fbt - Cavallino &#8211; Camping Ca&#039; Savio\",\"isPartOf\":{\"@id\":\"https:\/\/www.casavio.com\/fr\/#website\"},\"primaryImageOfPage\":{\"@id\":\"https:\/\/www.casavio.com\/fr\/environs\/cavallino-treporti-lagune\/beach-on-fire-au-ca-savio\/#primaryimage\"},\"image\":{\"@id\":\"https:\/\/www.casavio.com\/fr\/environs\/cavallino-treporti-lagune\/beach-on-fire-au-ca-savio\/#primaryimage\"},\"thumbnailUrl\":\"https:\/\/www.casavio.com\/wp-content\/uploads\/2019\/11\/ca-savio-cavallino-treporti-beach-on-fire-box-1.jpg\",\"datePublished\":\"2019-11-26T10:53:00+00:00\",\"dateModified\":\"2025-04-03T08:56:28+00:00\",\"description\":\"L'\u00e9v\u00e9nement le plus attendu de l'\u00e9t\u00e9 de Cavallino est sans aucun doute la plage en feu: la plage de Cavallino s'illumine de feux d'artifice. Venez le voir au Camping Ca' Savio.\",\"breadcrumb\":{\"@id\":\"https:\/\/www.casavio.com\/fr\/environs\/cavallino-treporti-lagune\/beach-on-fire-au-ca-savio\/#breadcrumb\"},\"inLanguage\":\"fr-FR\",\"potentialAction\":[{\"@type\":\"ReadAction\",\"target\":[\"https:\/\/www.casavio.com\/fr\/environs\/cavallino-treporti-lagune\/beach-on-fire-au-ca-savio\/\"]}]},{\"@type\":\"ImageObject\",\"inLanguage\":\"fr-FR\",\"@id\":\"https:\/\/www.casavio.com\/fr\/environs\/cavallino-treporti-lagune\/beach-on-fire-au-ca-savio\/#primaryimage\",\"url\":\"https:\/\/www.casavio.com\/wp-content\/uploads\/2019\/11\/ca-savio-cavallino-treporti-beach-on-fire-box-1.jpg\",\"contentUrl\":\"https:\/\/www.casavio.com\/wp-content\/uploads\/2019\/11\/ca-savio-cavallino-treporti-beach-on-fire-box-1.jpg\",\"width\":440,\"height\":600},{\"@type\":\"BreadcrumbList\",\"@id\":\"https:\/\/www.casavio.com\/fr\/environs\/cavallino-treporti-lagune\/beach-on-fire-au-ca-savio\/#breadcrumb\",\"itemListElement\":[{\"@type\":\"ListItem\",\"position\":1,\"name\":\"Home\",\"item\":\"https:\/\/www.casavio.com\/fr\/\"},{\"@type\":\"ListItem\",\"position\":2,\"name\":\"Environs\",\"item\":\"https:\/\/www.casavio.com\/fr\/environs\/\"},{\"@type\":\"ListItem\",\"position\":3,\"name\":\"Cavallino Treporti et la lagune\",\"item\":\"https:\/\/www.casavio.com\/fr\/environs\/cavallino-treporti-lagune\/\"},{\"@type\":\"ListItem\",\"position\":4,\"name\":\"Beach on Fire au Camping Ca\u2019Savio\"}]},{\"@type\":\"WebSite\",\"@id\":\"https:\/\/www.casavio.com\/fr\/#website\",\"url\":\"https:\/\/www.casavio.com\/fr\/\",\"name\":\"Camping Ca&#039; Savio\",\"description\":\"\",\"publisher\":{\"@id\":\"https:\/\/www.casavio.com\/fr\/#organization\"},\"potentialAction\":[{\"@type\":\"SearchAction\",\"target\":{\"@type\":\"EntryPoint\",\"urlTemplate\":\"https:\/\/www.casavio.com\/fr\/?s={search_term_string}\"},\"query-input\":{\"@type\":\"PropertyValueSpecification\",\"valueRequired\":true,\"valueName\":\"search_term_string\"}}],\"inLanguage\":\"fr-FR\"},{\"@type\":\"Organization\",\"@id\":\"https:\/\/www.casavio.com\/fr\/#organization\",\"name\":\"Camping Ca'Savio\",\"url\":\"https:\/\/www.casavio.com\/fr\/\",\"logo\":{\"@type\":\"ImageObject\",\"inLanguage\":\"fr-FR\",\"@id\":\"https:\/\/www.casavio.com\/fr\/#\/schema\/logo\/image\/\",\"url\":\"https:\/\/www.casavio.com\/wp-content\/uploads\/2024\/04\/favicon.png\",\"contentUrl\":\"https:\/\/www.casavio.com\/wp-content\/uploads\/2024\/04\/favicon.png\",\"width\":144,\"height\":144,\"caption\":\"Camping Ca'Savio\"},\"image\":{\"@id\":\"https:\/\/www.casavio.com\/fr\/#\/schema\/logo\/image\/\"},\"sameAs\":[\"https:\/\/www.facebook.com\/campingcasavio\",\"https:\/\/www.instagram.com\/campingcasavio\",\"https:\/\/www.youtube.com\/user\/campingcasavio\"]}]}<\/script>\n<!-- \/ Yoast SEO plugin. -->","yoast_head_json":{"title":"Spectacle de feux d'artifice Beach on Fire Ao\u00fbt - Cavallino &#8211; Camping Ca&#039; Savio","description":"L'\u00e9v\u00e9nement le plus attendu de l'\u00e9t\u00e9 de Cavallino est sans aucun doute la plage en feu: la plage de Cavallino s'illumine de feux d'artifice. Venez le voir au Camping Ca' Savio.","robots":{"index":"index","follow":"follow","max-snippet":"max-snippet:-1","max-image-preview":"max-image-preview:large","max-video-preview":"max-video-preview:-1"},"canonical":"https:\/\/www.casavio.com\/fr\/environs\/cavallino-treporti-lagune\/beach-on-fire-au-ca-savio\/","og_locale":"fr_FR","og_type":"article","og_title":"Spectacle de feux d'artifice Beach on Fire Ao\u00fbt - Cavallino &#8211; Camping Ca&#039; Savio","og_description":"L'\u00e9v\u00e9nement le plus attendu de l'\u00e9t\u00e9 de Cavallino est sans aucun doute la plage en feu: la plage de Cavallino s'illumine de feux d'artifice. Venez le voir au Camping Ca' Savio.","og_url":"https:\/\/www.casavio.com\/fr\/environs\/cavallino-treporti-lagune\/beach-on-fire-au-ca-savio\/","og_site_name":"Camping Ca&#039; Savio","article_publisher":"https:\/\/www.facebook.com\/campingcasavio","article_modified_time":"2025-04-03T08:56:28+00:00","og_image":[{"width":440,"height":600,"url":"https:\/\/www.casavio.com\/wp-content\/uploads\/2019\/11\/ca-savio-cavallino-treporti-beach-on-fire-box-1.jpg","type":"image\/jpeg"}],"twitter_card":"summary_large_image","twitter_misc":{"Dur\u00e9e de lecture estim\u00e9e":"3 minutes"},"schema":{"@context":"https:\/\/schema.org","@graph":[{"@type":"WebPage","@id":"https:\/\/www.casavio.com\/fr\/environs\/cavallino-treporti-lagune\/beach-on-fire-au-ca-savio\/","url":"https:\/\/www.casavio.com\/fr\/environs\/cavallino-treporti-lagune\/beach-on-fire-au-ca-savio\/","name":"Spectacle de feux d'artifice Beach on Fire Ao\u00fbt - Cavallino &#8211; Camping Ca&#039; Savio","isPartOf":{"@id":"https:\/\/www.casavio.com\/fr\/#website"},"primaryImageOfPage":{"@id":"https:\/\/www.casavio.com\/fr\/environs\/cavallino-treporti-lagune\/beach-on-fire-au-ca-savio\/#primaryimage"},"image":{"@id":"https:\/\/www.casavio.com\/fr\/environs\/cavallino-treporti-lagune\/beach-on-fire-au-ca-savio\/#primaryimage"},"thumbnailUrl":"https:\/\/www.casavio.com\/wp-content\/uploads\/2019\/11\/ca-savio-cavallino-treporti-beach-on-fire-box-1.jpg","datePublished":"2019-11-26T10:53:00+00:00","dateModified":"2025-04-03T08:56:28+00:00","description":"L'\u00e9v\u00e9nement le plus attendu de l'\u00e9t\u00e9 de Cavallino est sans aucun doute la plage en feu: la plage de Cavallino s'illumine de feux d'artifice. Venez le voir au Camping Ca' Savio.","breadcrumb":{"@id":"https:\/\/www.casavio.com\/fr\/environs\/cavallino-treporti-lagune\/beach-on-fire-au-ca-savio\/#breadcrumb"},"inLanguage":"fr-FR","potentialAction":[{"@type":"ReadAction","target":["https:\/\/www.casavio.com\/fr\/environs\/cavallino-treporti-lagune\/beach-on-fire-au-ca-savio\/"]}]},{"@type":"ImageObject","inLanguage":"fr-FR","@id":"https:\/\/www.casavio.com\/fr\/environs\/cavallino-treporti-lagune\/beach-on-fire-au-ca-savio\/#primaryimage","url":"https:\/\/www.casavio.com\/wp-content\/uploads\/2019\/11\/ca-savio-cavallino-treporti-beach-on-fire-box-1.jpg","contentUrl":"https:\/\/www.casavio.com\/wp-content\/uploads\/2019\/11\/ca-savio-cavallino-treporti-beach-on-fire-box-1.jpg","width":440,"height":600},{"@type":"BreadcrumbList","@id":"https:\/\/www.casavio.com\/fr\/environs\/cavallino-treporti-lagune\/beach-on-fire-au-ca-savio\/#breadcrumb","itemListElement":[{"@type":"ListItem","position":1,"name":"Home","item":"https:\/\/www.casavio.com\/fr\/"},{"@type":"ListItem","position":2,"name":"Environs","item":"https:\/\/www.casavio.com\/fr\/environs\/"},{"@type":"ListItem","position":3,"name":"Cavallino Treporti et la lagune","item":"https:\/\/www.casavio.com\/fr\/environs\/cavallino-treporti-lagune\/"},{"@type":"ListItem","position":4,"name":"Beach on Fire au Camping Ca\u2019Savio"}]},{"@type":"WebSite","@id":"https:\/\/www.casavio.com\/fr\/#website","url":"https:\/\/www.casavio.com\/fr\/","name":"Camping Ca&#039; Savio","description":"","publisher":{"@id":"https:\/\/www.casavio.com\/fr\/#organization"},"potentialAction":[{"@type":"SearchAction","target":{"@type":"EntryPoint","urlTemplate":"https:\/\/www.casavio.com\/fr\/?s={search_term_string}"},"query-input":{"@type":"PropertyValueSpecification","valueRequired":true,"valueName":"search_term_string"}}],"inLanguage":"fr-FR"},{"@type":"Organization","@id":"https:\/\/www.casavio.com\/fr\/#organization","name":"Camping Ca'Savio","url":"https:\/\/www.casavio.com\/fr\/","logo":{"@type":"ImageObject","inLanguage":"fr-FR","@id":"https:\/\/www.casavio.com\/fr\/#\/schema\/logo\/image\/","url":"https:\/\/www.casavio.com\/wp-content\/uploads\/2024\/04\/favicon.png","contentUrl":"https:\/\/www.casavio.com\/wp-content\/uploads\/2024\/04\/favicon.png","width":144,"height":144,"caption":"Camping Ca'Savio"},"image":{"@id":"https:\/\/www.casavio.com\/fr\/#\/schema\/logo\/image\/"},"sameAs":["https:\/\/www.facebook.com\/campingcasavio","https:\/\/www.instagram.com\/campingcasavio","https:\/\/www.youtube.com\/user\/campingcasavio"]}]}},"_links":{"self":[{"href":"https:\/\/www.casavio.com\/fr\/wp-json\/wp\/v2\/pages\/9078","targetHints":{"allow":["GET"]}}],"collection":[{"href":"https:\/\/www.casavio.com\/fr\/wp-json\/wp\/v2\/pages"}],"about":[{"href":"https:\/\/www.casavio.com\/fr\/wp-json\/wp\/v2\/types\/page"}],"author":[{"embeddable":true,"href":"https:\/\/www.casavio.com\/fr\/wp-json\/wp\/v2\/users\/4"}],"replies":[{"embeddable":true,"href":"https:\/\/www.casavio.com\/fr\/wp-json\/wp\/v2\/comments?post=9078"}],"version-history":[{"count":2,"href":"https:\/\/www.casavio.com\/fr\/wp-json\/wp\/v2\/pages\/9078\/revisions"}],"predecessor-version":[{"id":38633,"href":"https:\/\/www.casavio.com\/fr\/wp-json\/wp\/v2\/pages\/9078\/revisions\/38633"}],"up":[{"embeddable":true,"href":"https:\/\/www.casavio.com\/fr\/wp-json\/wp\/v2\/pages\/9075"}],"wp:featuredmedia":[{"embeddable":true,"href":"https:\/\/www.casavio.com\/fr\/wp-json\/wp\/v2\/media\/4474"}],"wp:attachment":[{"href":"https:\/\/www.casavio.com\/fr\/wp-json\/wp\/v2\/media?parent=9078"}],"curies":[{"name":"wp","href":"https:\/\/api.w.org\/{rel}","templated":true}]}}