{"id":9080,"date":"2019-11-26T11:59:38","date_gmt":"2019-11-26T10:59:38","guid":{"rendered":"https:\/\/www.casavio.com\/environs\/cavallino-treporti-lagune\/da-vedere\/"},"modified":"2026-03-03T14:31:09","modified_gmt":"2026-03-03T13:31:09","slug":"a-voir","status":"publish","type":"page","link":"https:\/\/www.casavio.com\/fr\/environs\/cavallino-treporti-lagune\/a-voir\/","title":{"rendered":"\u00c0 voir"},"content":{"rendered":"","protected":false},"excerpt":{"rendered":"<p>Que faire et voir \u00e0 Cavallino Treporti.<\/p>\n","protected":false},"author":4,"featured_media":4484,"parent":9075,"menu_order":0,"comment_status":"closed","ping_status":"closed","template":"templates\/tpl-dynamic-layout.php","meta":{"_acf_changed":false},"class_list":["post-9080","page","type-page","status-publish","has-post-thumbnail","hentry"],"acf":[],"yoast_head":"<!-- This site is optimized with the Yoast SEO plugin v25.3 - https:\/\/yoast.com\/wordpress\/plugins\/seo\/ -->\n<title>Que faire et voir \u00e0 Cavallino Treporti? &#8211; Camping Ca&#039; Savio<\/title>\n<meta name=\"description\" content=\"Vous vous demandez quels sont les lieux d&#039;int\u00e9r\u00eat pr\u00e8s de Cavallino Treporti? Suivez nos conseils.\" \/>\n<meta name=\"robots\" content=\"index, follow, max-snippet:-1, max-image-preview:large, max-video-preview:-1\" \/>\n<link rel=\"canonical\" href=\"https:\/\/www.casavio.com\/fr\/environs\/cavallino-treporti-lagune\/a-voir\/\" \/>\n<meta property=\"og:locale\" content=\"fr_FR\" \/>\n<meta property=\"og:type\" content=\"article\" \/>\n<meta property=\"og:title\" content=\"Que faire et voir \u00e0 Cavallino Treporti? &#8211; Camping Ca&#039; Savio\" \/>\n<meta property=\"og:description\" content=\"Vous vous demandez quels sont les lieux d&#039;int\u00e9r\u00eat pr\u00e8s de Cavallino Treporti? Suivez nos conseils.\" \/>\n<meta property=\"og:url\" content=\"https:\/\/www.casavio.com\/fr\/environs\/cavallino-treporti-lagune\/a-voir\/\" \/>\n<meta property=\"og:site_name\" content=\"Camping Ca&#039; Savio\" \/>\n<meta property=\"article:publisher\" content=\"https:\/\/www.facebook.com\/campingcasavio\" \/>\n<meta property=\"article:modified_time\" content=\"2026-03-03T13:31:09+00:00\" \/>\n<meta property=\"og:image\" content=\"https:\/\/www.casavio.com\/wp-content\/uploads\/2019\/11\/ca-savio-cavallino-treporti-da-vedere-box.jpg\" \/>\n\t<meta property=\"og:image:width\" content=\"440\" \/>\n\t<meta property=\"og:image:height\" content=\"600\" \/>\n\t<meta property=\"og:image:type\" content=\"image\/jpeg\" \/>\n<meta name=\"twitter:card\" content=\"summary_large_image\" \/>\n<meta name=\"twitter:label1\" content=\"Dur\u00e9e de lecture estim\u00e9e\" \/>\n\t<meta name=\"twitter:data1\" content=\"1 minute\" \/>\n<script type=\"application\/ld+json\" class=\"yoast-schema-graph\">{\"@context\":\"https:\/\/schema.org\",\"@graph\":[{\"@type\":\"WebPage\",\"@id\":\"https:\/\/www.casavio.com\/fr\/environs\/cavallino-treporti-lagune\/a-voir\/\",\"url\":\"https:\/\/www.casavio.com\/fr\/environs\/cavallino-treporti-lagune\/a-voir\/\",\"name\":\"Que faire et voir \u00e0 Cavallino Treporti? &#8211; Camping Ca&#039; Savio\",\"isPartOf\":{\"@id\":\"https:\/\/www.casavio.com\/fr\/#website\"},\"primaryImageOfPage\":{\"@id\":\"https:\/\/www.casavio.com\/fr\/environs\/cavallino-treporti-lagune\/a-voir\/#primaryimage\"},\"image\":{\"@id\":\"https:\/\/www.casavio.com\/fr\/environs\/cavallino-treporti-lagune\/a-voir\/#primaryimage\"},\"thumbnailUrl\":\"https:\/\/www.casavio.com\/wp-content\/uploads\/2019\/11\/ca-savio-cavallino-treporti-da-vedere-box.jpg\",\"datePublished\":\"2019-11-26T10:59:38+00:00\",\"dateModified\":\"2026-03-03T13:31:09+00:00\",\"description\":\"Vous vous demandez quels sont les lieux d'int\u00e9r\u00eat pr\u00e8s de Cavallino Treporti? Suivez nos conseils.\",\"breadcrumb\":{\"@id\":\"https:\/\/www.casavio.com\/fr\/environs\/cavallino-treporti-lagune\/a-voir\/#breadcrumb\"},\"inLanguage\":\"fr-FR\",\"potentialAction\":[{\"@type\":\"ReadAction\",\"target\":[\"https:\/\/www.casavio.com\/fr\/environs\/cavallino-treporti-lagune\/a-voir\/\"]}]},{\"@type\":\"ImageObject\",\"inLanguage\":\"fr-FR\",\"@id\":\"https:\/\/www.casavio.com\/fr\/environs\/cavallino-treporti-lagune\/a-voir\/#primaryimage\",\"url\":\"https:\/\/www.casavio.com\/wp-content\/uploads\/2019\/11\/ca-savio-cavallino-treporti-da-vedere-box.jpg\",\"contentUrl\":\"https:\/\/www.casavio.com\/wp-content\/uploads\/2019\/11\/ca-savio-cavallino-treporti-da-vedere-box.jpg\",\"width\":440,\"height\":600},{\"@type\":\"BreadcrumbList\",\"@id\":\"https:\/\/www.casavio.com\/fr\/environs\/cavallino-treporti-lagune\/a-voir\/#breadcrumb\",\"itemListElement\":[{\"@type\":\"ListItem\",\"position\":1,\"name\":\"Home\",\"item\":\"https:\/\/www.casavio.com\/fr\/\"},{\"@type\":\"ListItem\",\"position\":2,\"name\":\"Environs\",\"item\":\"https:\/\/www.casavio.com\/fr\/environs\/\"},{\"@type\":\"ListItem\",\"position\":3,\"name\":\"Cavallino Treporti et la lagune\",\"item\":\"https:\/\/www.casavio.com\/fr\/environs\/cavallino-treporti-lagune\/\"},{\"@type\":\"ListItem\",\"position\":4,\"name\":\"\u00c0 voir\"}]},{\"@type\":\"WebSite\",\"@id\":\"https:\/\/www.casavio.com\/fr\/#website\",\"url\":\"https:\/\/www.casavio.com\/fr\/\",\"name\":\"Camping Ca&#039; Savio\",\"description\":\"\",\"publisher\":{\"@id\":\"https:\/\/www.casavio.com\/fr\/#organization\"},\"potentialAction\":[{\"@type\":\"SearchAction\",\"target\":{\"@type\":\"EntryPoint\",\"urlTemplate\":\"https:\/\/www.casavio.com\/fr\/?s={search_term_string}\"},\"query-input\":{\"@type\":\"PropertyValueSpecification\",\"valueRequired\":true,\"valueName\":\"search_term_string\"}}],\"inLanguage\":\"fr-FR\"},{\"@type\":\"Organization\",\"@id\":\"https:\/\/www.casavio.com\/fr\/#organization\",\"name\":\"Camping Ca'Savio\",\"url\":\"https:\/\/www.casavio.com\/fr\/\",\"logo\":{\"@type\":\"ImageObject\",\"inLanguage\":\"fr-FR\",\"@id\":\"https:\/\/www.casavio.com\/fr\/#\/schema\/logo\/image\/\",\"url\":\"https:\/\/www.casavio.com\/wp-content\/uploads\/2024\/04\/favicon.png\",\"contentUrl\":\"https:\/\/www.casavio.com\/wp-content\/uploads\/2024\/04\/favicon.png\",\"width\":144,\"height\":144,\"caption\":\"Camping Ca'Savio\"},\"image\":{\"@id\":\"https:\/\/www.casavio.com\/fr\/#\/schema\/logo\/image\/\"},\"sameAs\":[\"https:\/\/www.facebook.com\/campingcasavio\",\"https:\/\/www.instagram.com\/campingcasavio\",\"https:\/\/www.youtube.com\/user\/campingcasavio\"]}]}<\/script>\n<!-- \/ Yoast SEO plugin. -->","yoast_head_json":{"title":"Que faire et voir \u00e0 Cavallino Treporti? &#8211; Camping Ca&#039; Savio","description":"Vous vous demandez quels sont les lieux d'int\u00e9r\u00eat pr\u00e8s de Cavallino Treporti? Suivez nos conseils.","robots":{"index":"index","follow":"follow","max-snippet":"max-snippet:-1","max-image-preview":"max-image-preview:large","max-video-preview":"max-video-preview:-1"},"canonical":"https:\/\/www.casavio.com\/fr\/environs\/cavallino-treporti-lagune\/a-voir\/","og_locale":"fr_FR","og_type":"article","og_title":"Que faire et voir \u00e0 Cavallino Treporti? &#8211; Camping Ca&#039; Savio","og_description":"Vous vous demandez quels sont les lieux d'int\u00e9r\u00eat pr\u00e8s de Cavallino Treporti? Suivez nos conseils.","og_url":"https:\/\/www.casavio.com\/fr\/environs\/cavallino-treporti-lagune\/a-voir\/","og_site_name":"Camping Ca&#039; Savio","article_publisher":"https:\/\/www.facebook.com\/campingcasavio","article_modified_time":"2026-03-03T13:31:09+00:00","og_image":[{"width":440,"height":600,"url":"https:\/\/www.casavio.com\/wp-content\/uploads\/2019\/11\/ca-savio-cavallino-treporti-da-vedere-box.jpg","type":"image\/jpeg"}],"twitter_card":"summary_large_image","twitter_misc":{"Dur\u00e9e de lecture estim\u00e9e":"1 minute"},"schema":{"@context":"https:\/\/schema.org","@graph":[{"@type":"WebPage","@id":"https:\/\/www.casavio.com\/fr\/environs\/cavallino-treporti-lagune\/a-voir\/","url":"https:\/\/www.casavio.com\/fr\/environs\/cavallino-treporti-lagune\/a-voir\/","name":"Que faire et voir \u00e0 Cavallino Treporti? &#8211; Camping Ca&#039; Savio","isPartOf":{"@id":"https:\/\/www.casavio.com\/fr\/#website"},"primaryImageOfPage":{"@id":"https:\/\/www.casavio.com\/fr\/environs\/cavallino-treporti-lagune\/a-voir\/#primaryimage"},"image":{"@id":"https:\/\/www.casavio.com\/fr\/environs\/cavallino-treporti-lagune\/a-voir\/#primaryimage"},"thumbnailUrl":"https:\/\/www.casavio.com\/wp-content\/uploads\/2019\/11\/ca-savio-cavallino-treporti-da-vedere-box.jpg","datePublished":"2019-11-26T10:59:38+00:00","dateModified":"2026-03-03T13:31:09+00:00","description":"Vous vous demandez quels sont les lieux d'int\u00e9r\u00eat pr\u00e8s de Cavallino Treporti? Suivez nos conseils.","breadcrumb":{"@id":"https:\/\/www.casavio.com\/fr\/environs\/cavallino-treporti-lagune\/a-voir\/#breadcrumb"},"inLanguage":"fr-FR","potentialAction":[{"@type":"ReadAction","target":["https:\/\/www.casavio.com\/fr\/environs\/cavallino-treporti-lagune\/a-voir\/"]}]},{"@type":"ImageObject","inLanguage":"fr-FR","@id":"https:\/\/www.casavio.com\/fr\/environs\/cavallino-treporti-lagune\/a-voir\/#primaryimage","url":"https:\/\/www.casavio.com\/wp-content\/uploads\/2019\/11\/ca-savio-cavallino-treporti-da-vedere-box.jpg","contentUrl":"https:\/\/www.casavio.com\/wp-content\/uploads\/2019\/11\/ca-savio-cavallino-treporti-da-vedere-box.jpg","width":440,"height":600},{"@type":"BreadcrumbList","@id":"https:\/\/www.casavio.com\/fr\/environs\/cavallino-treporti-lagune\/a-voir\/#breadcrumb","itemListElement":[{"@type":"ListItem","position":1,"name":"Home","item":"https:\/\/www.casavio.com\/fr\/"},{"@type":"ListItem","position":2,"name":"Environs","item":"https:\/\/www.casavio.com\/fr\/environs\/"},{"@type":"ListItem","position":3,"name":"Cavallino Treporti et la lagune","item":"https:\/\/www.casavio.com\/fr\/environs\/cavallino-treporti-lagune\/"},{"@type":"ListItem","position":4,"name":"\u00c0 voir"}]},{"@type":"WebSite","@id":"https:\/\/www.casavio.com\/fr\/#website","url":"https:\/\/www.casavio.com\/fr\/","name":"Camping Ca&#039; Savio","description":"","publisher":{"@id":"https:\/\/www.casavio.com\/fr\/#organization"},"potentialAction":[{"@type":"SearchAction","target":{"@type":"EntryPoint","urlTemplate":"https:\/\/www.casavio.com\/fr\/?s={search_term_string}"},"query-input":{"@type":"PropertyValueSpecification","valueRequired":true,"valueName":"search_term_string"}}],"inLanguage":"fr-FR"},{"@type":"Organization","@id":"https:\/\/www.casavio.com\/fr\/#organization","name":"Camping Ca'Savio","url":"https:\/\/www.casavio.com\/fr\/","logo":{"@type":"ImageObject","inLanguage":"fr-FR","@id":"https:\/\/www.casavio.com\/fr\/#\/schema\/logo\/image\/","url":"https:\/\/www.casavio.com\/wp-content\/uploads\/2024\/04\/favicon.png","contentUrl":"https:\/\/www.casavio.com\/wp-content\/uploads\/2024\/04\/favicon.png","width":144,"height":144,"caption":"Camping Ca'Savio"},"image":{"@id":"https:\/\/www.casavio.com\/fr\/#\/schema\/logo\/image\/"},"sameAs":["https:\/\/www.facebook.com\/campingcasavio","https:\/\/www.instagram.com\/campingcasavio","https:\/\/www.youtube.com\/user\/campingcasavio"]}]}},"_links":{"self":[{"href":"https:\/\/www.casavio.com\/fr\/wp-json\/wp\/v2\/pages\/9080","targetHints":{"allow":["GET"]}}],"collection":[{"href":"https:\/\/www.casavio.com\/fr\/wp-json\/wp\/v2\/pages"}],"about":[{"href":"https:\/\/www.casavio.com\/fr\/wp-json\/wp\/v2\/types\/page"}],"author":[{"embeddable":true,"href":"https:\/\/www.casavio.com\/fr\/wp-json\/wp\/v2\/users\/4"}],"replies":[{"embeddable":true,"href":"https:\/\/www.casavio.com\/fr\/wp-json\/wp\/v2\/comments?post=9080"}],"version-history":[{"count":3,"href":"https:\/\/www.casavio.com\/fr\/wp-json\/wp\/v2\/pages\/9080\/revisions"}],"predecessor-version":[{"id":46137,"href":"https:\/\/www.casavio.com\/fr\/wp-json\/wp\/v2\/pages\/9080\/revisions\/46137"}],"up":[{"embeddable":true,"href":"https:\/\/www.casavio.com\/fr\/wp-json\/wp\/v2\/pages\/9075"}],"wp:featuredmedia":[{"embeddable":true,"href":"https:\/\/www.casavio.com\/fr\/wp-json\/wp\/v2\/media\/4484"}],"wp:attachment":[{"href":"https:\/\/www.casavio.com\/fr\/wp-json\/wp\/v2\/media?parent=9080"}],"curies":[{"name":"wp","href":"https:\/\/api.w.org\/{rel}","templated":true}]}}