{"id":9085,"date":"2019-11-26T12:06:38","date_gmt":"2019-11-26T11:06:38","guid":{"rendered":"https:\/\/www.casavio.com\/environs\/cavallino-treporti-lagune\/mercati-settimanali-a-cavallino-treporti\/"},"modified":"2023-12-01T10:08:06","modified_gmt":"2023-12-01T09:08:06","slug":"marches-hebdomadaires-cavallino-treporti","status":"publish","type":"page","link":"https:\/\/www.casavio.com\/fr\/environs\/cavallino-treporti-lagune\/marches-hebdomadaires-cavallino-treporti\/","title":{"rendered":"March\u00e9 de Cavallino-Treporti"},"content":{"rendered":"<p>Les <strong>march\u00e9s hebdomadaires de Cavallino Treporti<\/strong> sont un must pour ceux qui souhaitent d\u00e9couvrir les traditions et les saveurs de cette c\u00f4te fascinante et vivre l&rsquo;atmosph\u00e8re authentique de la vie locale.<\/p>\n<p>Les <strong>trois principaux march\u00e9s<\/strong> de la ville, situ\u00e9s \u00e0 <strong>Cavallino<\/strong>, <strong>Treporti <\/strong>et <strong>Ca&rsquo;Savio<\/strong>, sont fr\u00e9quent\u00e9s \u00e0 la fois par les r\u00e9sidents et par de nombreux touristes et proposent chacun leurs propres sp\u00e9cialit\u00e9s et produits uniques.<\/p>\n<p>Les zones du march\u00e9s sont<strong> joignables en bus ou en v\u00e9lo<\/strong>, parcourant la piste cyclable Via Fausta jusqu\u2019\u00e0 <a href=\"https:\/\/www.casavio.com\/fr\/environs\/cavallino-treporti-lagune\/\">Cavallino<\/a> ou alors celle de Via Treportina qui conduit au centre de Treporti et continue jusqu\u2019au port de la Ricevitoria, pour profiter d\u2019une magnifique vue sur la lagune.<\/p>\n","protected":false},"excerpt":{"rendered":"<p>Toutes les indications pratiques.<\/p>\n","protected":false},"author":4,"featured_media":4559,"parent":9075,"menu_order":0,"comment_status":"closed","ping_status":"closed","template":"","meta":{"_acf_changed":false},"class_list":["post-9085","page","type-page","status-publish","has-post-thumbnail","hentry"],"acf":[],"yoast_head":"<!-- This site is optimized with the Yoast SEO plugin v25.3 - https:\/\/yoast.com\/wordpress\/plugins\/seo\/ -->\n<title>March\u00e9s hebdomadaires \u00e0 Cavallino-Treporti &#8211; Camping Ca&#039; Savio<\/title>\n<meta name=\"description\" content=\"Explorez les march\u00e9s de Cavallino-Treporti pour d\u00e9couvrir la tradition et go\u00fbter les saveurs locales. D\u00e9couvrez ici les horaires, les informations utiles et les lieux des trois march\u00e9s hebdomadaires !\" \/>\n<meta name=\"robots\" content=\"index, follow, max-snippet:-1, max-image-preview:large, max-video-preview:-1\" \/>\n<link rel=\"canonical\" href=\"https:\/\/www.casavio.com\/fr\/environs\/cavallino-treporti-lagune\/marches-hebdomadaires-cavallino-treporti\/\" \/>\n<meta property=\"og:locale\" content=\"fr_FR\" \/>\n<meta property=\"og:type\" content=\"article\" \/>\n<meta property=\"og:title\" content=\"March\u00e9s hebdomadaires \u00e0 Cavallino-Treporti &#8211; Camping Ca&#039; Savio\" \/>\n<meta property=\"og:description\" content=\"Explorez les march\u00e9s de Cavallino-Treporti pour d\u00e9couvrir la tradition et go\u00fbter les saveurs locales. D\u00e9couvrez ici les horaires, les informations utiles et les lieux des trois march\u00e9s hebdomadaires !\" \/>\n<meta property=\"og:url\" content=\"https:\/\/www.casavio.com\/fr\/environs\/cavallino-treporti-lagune\/marches-hebdomadaires-cavallino-treporti\/\" \/>\n<meta property=\"og:site_name\" content=\"Camping Ca&#039; Savio\" \/>\n<meta property=\"article:publisher\" content=\"https:\/\/www.facebook.com\/campingcasavio\" \/>\n<meta property=\"article:modified_time\" content=\"2023-12-01T09:08:06+00:00\" \/>\n<meta property=\"og:image\" content=\"https:\/\/www.casavio.com\/wp-content\/uploads\/2019\/11\/ca-savio-cavallino-treporti-shopping-box-1.jpg\" \/>\n\t<meta property=\"og:image:width\" content=\"440\" \/>\n\t<meta property=\"og:image:height\" content=\"600\" \/>\n\t<meta property=\"og:image:type\" content=\"image\/jpeg\" \/>\n<meta name=\"twitter:card\" content=\"summary_large_image\" \/>\n<meta name=\"twitter:label1\" content=\"Dur\u00e9e de lecture estim\u00e9e\" \/>\n\t<meta name=\"twitter:data1\" content=\"1 minute\" \/>\n<script type=\"application\/ld+json\" class=\"yoast-schema-graph\">{\"@context\":\"https:\/\/schema.org\",\"@graph\":[{\"@type\":\"WebPage\",\"@id\":\"https:\/\/www.casavio.com\/fr\/environs\/cavallino-treporti-lagune\/marches-hebdomadaires-cavallino-treporti\/\",\"url\":\"https:\/\/www.casavio.com\/fr\/environs\/cavallino-treporti-lagune\/marches-hebdomadaires-cavallino-treporti\/\",\"name\":\"March\u00e9s hebdomadaires \u00e0 Cavallino-Treporti &#8211; Camping Ca&#039; Savio\",\"isPartOf\":{\"@id\":\"https:\/\/www.casavio.com\/fr\/#website\"},\"primaryImageOfPage\":{\"@id\":\"https:\/\/www.casavio.com\/fr\/environs\/cavallino-treporti-lagune\/marches-hebdomadaires-cavallino-treporti\/#primaryimage\"},\"image\":{\"@id\":\"https:\/\/www.casavio.com\/fr\/environs\/cavallino-treporti-lagune\/marches-hebdomadaires-cavallino-treporti\/#primaryimage\"},\"thumbnailUrl\":\"https:\/\/www.casavio.com\/wp-content\/uploads\/2019\/11\/ca-savio-cavallino-treporti-shopping-box-1.jpg\",\"datePublished\":\"2019-11-26T11:06:38+00:00\",\"dateModified\":\"2023-12-01T09:08:06+00:00\",\"description\":\"Explorez les march\u00e9s de Cavallino-Treporti pour d\u00e9couvrir la tradition et go\u00fbter les saveurs locales. D\u00e9couvrez ici les horaires, les informations utiles et les lieux des trois march\u00e9s hebdomadaires !\",\"breadcrumb\":{\"@id\":\"https:\/\/www.casavio.com\/fr\/environs\/cavallino-treporti-lagune\/marches-hebdomadaires-cavallino-treporti\/#breadcrumb\"},\"inLanguage\":\"fr-FR\",\"potentialAction\":[{\"@type\":\"ReadAction\",\"target\":[\"https:\/\/www.casavio.com\/fr\/environs\/cavallino-treporti-lagune\/marches-hebdomadaires-cavallino-treporti\/\"]}]},{\"@type\":\"ImageObject\",\"inLanguage\":\"fr-FR\",\"@id\":\"https:\/\/www.casavio.com\/fr\/environs\/cavallino-treporti-lagune\/marches-hebdomadaires-cavallino-treporti\/#primaryimage\",\"url\":\"https:\/\/www.casavio.com\/wp-content\/uploads\/2019\/11\/ca-savio-cavallino-treporti-shopping-box-1.jpg\",\"contentUrl\":\"https:\/\/www.casavio.com\/wp-content\/uploads\/2019\/11\/ca-savio-cavallino-treporti-shopping-box-1.jpg\",\"width\":440,\"height\":600},{\"@type\":\"BreadcrumbList\",\"@id\":\"https:\/\/www.casavio.com\/fr\/environs\/cavallino-treporti-lagune\/marches-hebdomadaires-cavallino-treporti\/#breadcrumb\",\"itemListElement\":[{\"@type\":\"ListItem\",\"position\":1,\"name\":\"Home\",\"item\":\"https:\/\/www.casavio.com\/fr\/\"},{\"@type\":\"ListItem\",\"position\":2,\"name\":\"Environs\",\"item\":\"https:\/\/www.casavio.com\/fr\/environs\/\"},{\"@type\":\"ListItem\",\"position\":3,\"name\":\"Cavallino Treporti et la lagune\",\"item\":\"https:\/\/www.casavio.com\/fr\/environs\/cavallino-treporti-lagune\/\"},{\"@type\":\"ListItem\",\"position\":4,\"name\":\"March\u00e9 de Cavallino-Treporti\"}]},{\"@type\":\"WebSite\",\"@id\":\"https:\/\/www.casavio.com\/fr\/#website\",\"url\":\"https:\/\/www.casavio.com\/fr\/\",\"name\":\"Camping Ca&#039; Savio\",\"description\":\"\",\"publisher\":{\"@id\":\"https:\/\/www.casavio.com\/fr\/#organization\"},\"potentialAction\":[{\"@type\":\"SearchAction\",\"target\":{\"@type\":\"EntryPoint\",\"urlTemplate\":\"https:\/\/www.casavio.com\/fr\/?s={search_term_string}\"},\"query-input\":{\"@type\":\"PropertyValueSpecification\",\"valueRequired\":true,\"valueName\":\"search_term_string\"}}],\"inLanguage\":\"fr-FR\"},{\"@type\":\"Organization\",\"@id\":\"https:\/\/www.casavio.com\/fr\/#organization\",\"name\":\"Camping Ca'Savio\",\"url\":\"https:\/\/www.casavio.com\/fr\/\",\"logo\":{\"@type\":\"ImageObject\",\"inLanguage\":\"fr-FR\",\"@id\":\"https:\/\/www.casavio.com\/fr\/#\/schema\/logo\/image\/\",\"url\":\"https:\/\/www.casavio.com\/wp-content\/uploads\/2024\/04\/favicon.png\",\"contentUrl\":\"https:\/\/www.casavio.com\/wp-content\/uploads\/2024\/04\/favicon.png\",\"width\":144,\"height\":144,\"caption\":\"Camping Ca'Savio\"},\"image\":{\"@id\":\"https:\/\/www.casavio.com\/fr\/#\/schema\/logo\/image\/\"},\"sameAs\":[\"https:\/\/www.facebook.com\/campingcasavio\",\"https:\/\/www.instagram.com\/campingcasavio\",\"https:\/\/www.youtube.com\/user\/campingcasavio\"]}]}<\/script>\n<!-- \/ Yoast SEO plugin. -->","yoast_head_json":{"title":"March\u00e9s hebdomadaires \u00e0 Cavallino-Treporti &#8211; Camping Ca&#039; Savio","description":"Explorez les march\u00e9s de Cavallino-Treporti pour d\u00e9couvrir la tradition et go\u00fbter les saveurs locales. D\u00e9couvrez ici les horaires, les informations utiles et les lieux des trois march\u00e9s hebdomadaires !","robots":{"index":"index","follow":"follow","max-snippet":"max-snippet:-1","max-image-preview":"max-image-preview:large","max-video-preview":"max-video-preview:-1"},"canonical":"https:\/\/www.casavio.com\/fr\/environs\/cavallino-treporti-lagune\/marches-hebdomadaires-cavallino-treporti\/","og_locale":"fr_FR","og_type":"article","og_title":"March\u00e9s hebdomadaires \u00e0 Cavallino-Treporti &#8211; Camping Ca&#039; Savio","og_description":"Explorez les march\u00e9s de Cavallino-Treporti pour d\u00e9couvrir la tradition et go\u00fbter les saveurs locales. D\u00e9couvrez ici les horaires, les informations utiles et les lieux des trois march\u00e9s hebdomadaires !","og_url":"https:\/\/www.casavio.com\/fr\/environs\/cavallino-treporti-lagune\/marches-hebdomadaires-cavallino-treporti\/","og_site_name":"Camping Ca&#039; Savio","article_publisher":"https:\/\/www.facebook.com\/campingcasavio","article_modified_time":"2023-12-01T09:08:06+00:00","og_image":[{"width":440,"height":600,"url":"https:\/\/www.casavio.com\/wp-content\/uploads\/2019\/11\/ca-savio-cavallino-treporti-shopping-box-1.jpg","type":"image\/jpeg"}],"twitter_card":"summary_large_image","twitter_misc":{"Dur\u00e9e de lecture estim\u00e9e":"1 minute"},"schema":{"@context":"https:\/\/schema.org","@graph":[{"@type":"WebPage","@id":"https:\/\/www.casavio.com\/fr\/environs\/cavallino-treporti-lagune\/marches-hebdomadaires-cavallino-treporti\/","url":"https:\/\/www.casavio.com\/fr\/environs\/cavallino-treporti-lagune\/marches-hebdomadaires-cavallino-treporti\/","name":"March\u00e9s hebdomadaires \u00e0 Cavallino-Treporti &#8211; Camping Ca&#039; Savio","isPartOf":{"@id":"https:\/\/www.casavio.com\/fr\/#website"},"primaryImageOfPage":{"@id":"https:\/\/www.casavio.com\/fr\/environs\/cavallino-treporti-lagune\/marches-hebdomadaires-cavallino-treporti\/#primaryimage"},"image":{"@id":"https:\/\/www.casavio.com\/fr\/environs\/cavallino-treporti-lagune\/marches-hebdomadaires-cavallino-treporti\/#primaryimage"},"thumbnailUrl":"https:\/\/www.casavio.com\/wp-content\/uploads\/2019\/11\/ca-savio-cavallino-treporti-shopping-box-1.jpg","datePublished":"2019-11-26T11:06:38+00:00","dateModified":"2023-12-01T09:08:06+00:00","description":"Explorez les march\u00e9s de Cavallino-Treporti pour d\u00e9couvrir la tradition et go\u00fbter les saveurs locales. D\u00e9couvrez ici les horaires, les informations utiles et les lieux des trois march\u00e9s hebdomadaires !","breadcrumb":{"@id":"https:\/\/www.casavio.com\/fr\/environs\/cavallino-treporti-lagune\/marches-hebdomadaires-cavallino-treporti\/#breadcrumb"},"inLanguage":"fr-FR","potentialAction":[{"@type":"ReadAction","target":["https:\/\/www.casavio.com\/fr\/environs\/cavallino-treporti-lagune\/marches-hebdomadaires-cavallino-treporti\/"]}]},{"@type":"ImageObject","inLanguage":"fr-FR","@id":"https:\/\/www.casavio.com\/fr\/environs\/cavallino-treporti-lagune\/marches-hebdomadaires-cavallino-treporti\/#primaryimage","url":"https:\/\/www.casavio.com\/wp-content\/uploads\/2019\/11\/ca-savio-cavallino-treporti-shopping-box-1.jpg","contentUrl":"https:\/\/www.casavio.com\/wp-content\/uploads\/2019\/11\/ca-savio-cavallino-treporti-shopping-box-1.jpg","width":440,"height":600},{"@type":"BreadcrumbList","@id":"https:\/\/www.casavio.com\/fr\/environs\/cavallino-treporti-lagune\/marches-hebdomadaires-cavallino-treporti\/#breadcrumb","itemListElement":[{"@type":"ListItem","position":1,"name":"Home","item":"https:\/\/www.casavio.com\/fr\/"},{"@type":"ListItem","position":2,"name":"Environs","item":"https:\/\/www.casavio.com\/fr\/environs\/"},{"@type":"ListItem","position":3,"name":"Cavallino Treporti et la lagune","item":"https:\/\/www.casavio.com\/fr\/environs\/cavallino-treporti-lagune\/"},{"@type":"ListItem","position":4,"name":"March\u00e9 de Cavallino-Treporti"}]},{"@type":"WebSite","@id":"https:\/\/www.casavio.com\/fr\/#website","url":"https:\/\/www.casavio.com\/fr\/","name":"Camping Ca&#039; Savio","description":"","publisher":{"@id":"https:\/\/www.casavio.com\/fr\/#organization"},"potentialAction":[{"@type":"SearchAction","target":{"@type":"EntryPoint","urlTemplate":"https:\/\/www.casavio.com\/fr\/?s={search_term_string}"},"query-input":{"@type":"PropertyValueSpecification","valueRequired":true,"valueName":"search_term_string"}}],"inLanguage":"fr-FR"},{"@type":"Organization","@id":"https:\/\/www.casavio.com\/fr\/#organization","name":"Camping Ca'Savio","url":"https:\/\/www.casavio.com\/fr\/","logo":{"@type":"ImageObject","inLanguage":"fr-FR","@id":"https:\/\/www.casavio.com\/fr\/#\/schema\/logo\/image\/","url":"https:\/\/www.casavio.com\/wp-content\/uploads\/2024\/04\/favicon.png","contentUrl":"https:\/\/www.casavio.com\/wp-content\/uploads\/2024\/04\/favicon.png","width":144,"height":144,"caption":"Camping Ca'Savio"},"image":{"@id":"https:\/\/www.casavio.com\/fr\/#\/schema\/logo\/image\/"},"sameAs":["https:\/\/www.facebook.com\/campingcasavio","https:\/\/www.instagram.com\/campingcasavio","https:\/\/www.youtube.com\/user\/campingcasavio"]}]}},"_links":{"self":[{"href":"https:\/\/www.casavio.com\/fr\/wp-json\/wp\/v2\/pages\/9085","targetHints":{"allow":["GET"]}}],"collection":[{"href":"https:\/\/www.casavio.com\/fr\/wp-json\/wp\/v2\/pages"}],"about":[{"href":"https:\/\/www.casavio.com\/fr\/wp-json\/wp\/v2\/types\/page"}],"author":[{"embeddable":true,"href":"https:\/\/www.casavio.com\/fr\/wp-json\/wp\/v2\/users\/4"}],"replies":[{"embeddable":true,"href":"https:\/\/www.casavio.com\/fr\/wp-json\/wp\/v2\/comments?post=9085"}],"version-history":[{"count":1,"href":"https:\/\/www.casavio.com\/fr\/wp-json\/wp\/v2\/pages\/9085\/revisions"}],"predecessor-version":[{"id":29459,"href":"https:\/\/www.casavio.com\/fr\/wp-json\/wp\/v2\/pages\/9085\/revisions\/29459"}],"up":[{"embeddable":true,"href":"https:\/\/www.casavio.com\/fr\/wp-json\/wp\/v2\/pages\/9075"}],"wp:featuredmedia":[{"embeddable":true,"href":"https:\/\/www.casavio.com\/fr\/wp-json\/wp\/v2\/media\/4559"}],"wp:attachment":[{"href":"https:\/\/www.casavio.com\/fr\/wp-json\/wp\/v2\/media?parent=9085"}],"curies":[{"name":"wp","href":"https:\/\/api.w.org\/{rel}","templated":true}]}}