{"id":9091,"date":"2019-11-26T12:54:43","date_gmt":"2019-11-26T11:54:43","guid":{"rendered":"https:\/\/www.casavio.com\/environs\/venise-et-les-iles\/come-raggiungere-le-isole\/"},"modified":"2023-11-29T11:39:21","modified_gmt":"2023-11-29T10:39:21","slug":"comment-rejoindre-les-iles","status":"publish","type":"page","link":"https:\/\/www.casavio.com\/fr\/environs\/venise-et-les-iles\/comment-rejoindre-les-iles\/","title":{"rendered":"Comment rejoindre les \u00eeles"},"content":{"rendered":"<p><strong>Le port de Treporti <\/strong>(loin du camping environs 5 Km)<\/p>\n<p>D\u2019ici vous pouvez rejoindre les \u00eeles suivantes:<strong> Vignole &#8211; S. Erasmo<\/strong>, <strong>Burano<\/strong> &#8211; <strong>Mazzorbo<\/strong>\u2013 <strong>Murano<\/strong>.<br \/>\nVous pouvez rejoindre le port en <a href=\"https:\/\/www.casavio.com\/fr\/services\/services-supplementaires\/location-de-velos\/\"><u>v\u00e9lo<\/u><\/a>, en voiture ou en car.<\/p>\n<p><strong>Itin\u00e9raire:<\/strong><br \/>\nEn voiture ou en v\u00e9lo, allez tout droit jusqu\u2019\u00e0 la fin de la route de Ca\u2019Savio, passez le pont de Treporti et suivez les indications pour le Bureau \u201c<strong>Ricevitoria<\/strong>\u201d.<\/p>\n<p>Autrement, vous pouvez prendre le car, qui parte pr\u00e8s le parking dehors du camping.<\/p>\n<p><strong>Tickets:<\/strong><br \/>\nVous pouvez acheter les tickets directement dans le camping chez le Bureau Customer Care.<\/p>\n<ul>\n<li>Tickets pour les enfants jusqu&rsquo;\u00e0 6 ans: gratuit.<\/li>\n<li>Tickets combin\u00e9s (car + bateau + vaporetti) valable 24 h: 30 \u20ac.<\/li>\n<\/ul>\n<p>Si vous pr\u00e9f\u00e9rer rejoindre le port avec votre voiture ou en v\u00e9lo, vous pouvez acheter les tickets directement chez le Bureau ACTV \u00e0 Punta Sabbioni et payer seulement le prix du bateau.<\/p>\n<ul>\n<li>Ticket simple: 9.50 \u20ac.<\/li>\n<\/ul>\n<p><strong>Excursion:<\/strong><br \/>\n<a href=\"https:\/\/www.casavio.com\/fr\/activites-au-camping\/excursions\/venise-et-aux-iles-en-bateau\/\"><u>En vedette \u00e0 Venise et aux \u00eeles de la Lagune<\/u><\/a><\/p>\n","protected":false},"excerpt":{"rendered":"<p>Toutes les directions pour rejoindre Burano, Murano et Torcello.<\/p>\n","protected":false},"author":4,"featured_media":4665,"parent":9088,"menu_order":0,"comment_status":"closed","ping_status":"closed","template":"","meta":{"_acf_changed":false},"class_list":["post-9091","page","type-page","status-publish","has-post-thumbnail","hentry"],"acf":[],"yoast_head":"<!-- This site is optimized with the Yoast SEO plugin v25.3 - https:\/\/yoast.com\/wordpress\/plugins\/seo\/ -->\n<title>Comment rejoindre les \u00eeles de la lagune v\u00e9nitienne &#8211; Camping Ca&#039; Savio<\/title>\n<meta name=\"description\" content=\"Visitez Murano, Burano et Torcello. Amenez vos enfants et votre famille pour admirer la beaut\u00e9 de ces trois \u00eeles c\u00e9l\u00e8bres de Venise!\" \/>\n<meta name=\"robots\" content=\"index, follow, max-snippet:-1, max-image-preview:large, max-video-preview:-1\" \/>\n<link rel=\"canonical\" href=\"https:\/\/www.casavio.com\/fr\/environs\/venise-et-les-iles\/comment-rejoindre-les-iles\/\" \/>\n<meta property=\"og:locale\" content=\"fr_FR\" \/>\n<meta property=\"og:type\" content=\"article\" \/>\n<meta property=\"og:title\" content=\"Comment rejoindre les \u00eeles de la lagune v\u00e9nitienne &#8211; Camping Ca&#039; Savio\" \/>\n<meta property=\"og:description\" content=\"Visitez Murano, Burano et Torcello. Amenez vos enfants et votre famille pour admirer la beaut\u00e9 de ces trois \u00eeles c\u00e9l\u00e8bres de Venise!\" \/>\n<meta property=\"og:url\" content=\"https:\/\/www.casavio.com\/fr\/environs\/venise-et-les-iles\/comment-rejoindre-les-iles\/\" \/>\n<meta property=\"og:site_name\" content=\"Camping Ca&#039; Savio\" \/>\n<meta property=\"article:publisher\" content=\"https:\/\/www.facebook.com\/campingcasavio\" \/>\n<meta property=\"article:modified_time\" content=\"2023-11-29T10:39:21+00:00\" \/>\n<meta property=\"og:image\" content=\"https:\/\/www.casavio.com\/wp-content\/uploads\/2019\/11\/ca-savio-territorio-venezia-raggiungere-isole.jpg\" \/>\n\t<meta property=\"og:image:width\" content=\"440\" \/>\n\t<meta property=\"og:image:height\" content=\"600\" \/>\n\t<meta property=\"og:image:type\" content=\"image\/jpeg\" \/>\n<meta name=\"twitter:card\" content=\"summary_large_image\" \/>\n<meta name=\"twitter:label1\" content=\"Dur\u00e9e de lecture estim\u00e9e\" \/>\n\t<meta name=\"twitter:data1\" content=\"1 minute\" \/>\n<script type=\"application\/ld+json\" class=\"yoast-schema-graph\">{\"@context\":\"https:\/\/schema.org\",\"@graph\":[{\"@type\":\"WebPage\",\"@id\":\"https:\/\/www.casavio.com\/fr\/environs\/venise-et-les-iles\/comment-rejoindre-les-iles\/\",\"url\":\"https:\/\/www.casavio.com\/fr\/environs\/venise-et-les-iles\/comment-rejoindre-les-iles\/\",\"name\":\"Comment rejoindre les \u00eeles de la lagune v\u00e9nitienne &#8211; Camping Ca&#039; Savio\",\"isPartOf\":{\"@id\":\"https:\/\/www.casavio.com\/fr\/#website\"},\"primaryImageOfPage\":{\"@id\":\"https:\/\/www.casavio.com\/fr\/environs\/venise-et-les-iles\/comment-rejoindre-les-iles\/#primaryimage\"},\"image\":{\"@id\":\"https:\/\/www.casavio.com\/fr\/environs\/venise-et-les-iles\/comment-rejoindre-les-iles\/#primaryimage\"},\"thumbnailUrl\":\"https:\/\/www.casavio.com\/wp-content\/uploads\/2019\/11\/ca-savio-territorio-venezia-raggiungere-isole.jpg\",\"datePublished\":\"2019-11-26T11:54:43+00:00\",\"dateModified\":\"2023-11-29T10:39:21+00:00\",\"description\":\"Visitez Murano, Burano et Torcello. Amenez vos enfants et votre famille pour admirer la beaut\u00e9 de ces trois \u00eeles c\u00e9l\u00e8bres de Venise!\",\"breadcrumb\":{\"@id\":\"https:\/\/www.casavio.com\/fr\/environs\/venise-et-les-iles\/comment-rejoindre-les-iles\/#breadcrumb\"},\"inLanguage\":\"fr-FR\",\"potentialAction\":[{\"@type\":\"ReadAction\",\"target\":[\"https:\/\/www.casavio.com\/fr\/environs\/venise-et-les-iles\/comment-rejoindre-les-iles\/\"]}]},{\"@type\":\"ImageObject\",\"inLanguage\":\"fr-FR\",\"@id\":\"https:\/\/www.casavio.com\/fr\/environs\/venise-et-les-iles\/comment-rejoindre-les-iles\/#primaryimage\",\"url\":\"https:\/\/www.casavio.com\/wp-content\/uploads\/2019\/11\/ca-savio-territorio-venezia-raggiungere-isole.jpg\",\"contentUrl\":\"https:\/\/www.casavio.com\/wp-content\/uploads\/2019\/11\/ca-savio-territorio-venezia-raggiungere-isole.jpg\",\"width\":440,\"height\":600},{\"@type\":\"BreadcrumbList\",\"@id\":\"https:\/\/www.casavio.com\/fr\/environs\/venise-et-les-iles\/comment-rejoindre-les-iles\/#breadcrumb\",\"itemListElement\":[{\"@type\":\"ListItem\",\"position\":1,\"name\":\"Home\",\"item\":\"https:\/\/www.casavio.com\/fr\/\"},{\"@type\":\"ListItem\",\"position\":2,\"name\":\"Environs\",\"item\":\"https:\/\/www.casavio.com\/fr\/environs\/\"},{\"@type\":\"ListItem\",\"position\":3,\"name\":\"Venise et les \u00eeles\",\"item\":\"https:\/\/www.casavio.com\/fr\/environs\/venise-et-les-iles\/\"},{\"@type\":\"ListItem\",\"position\":4,\"name\":\"Comment rejoindre les \u00eeles\"}]},{\"@type\":\"WebSite\",\"@id\":\"https:\/\/www.casavio.com\/fr\/#website\",\"url\":\"https:\/\/www.casavio.com\/fr\/\",\"name\":\"Camping Ca&#039; Savio\",\"description\":\"\",\"publisher\":{\"@id\":\"https:\/\/www.casavio.com\/fr\/#organization\"},\"potentialAction\":[{\"@type\":\"SearchAction\",\"target\":{\"@type\":\"EntryPoint\",\"urlTemplate\":\"https:\/\/www.casavio.com\/fr\/?s={search_term_string}\"},\"query-input\":{\"@type\":\"PropertyValueSpecification\",\"valueRequired\":true,\"valueName\":\"search_term_string\"}}],\"inLanguage\":\"fr-FR\"},{\"@type\":\"Organization\",\"@id\":\"https:\/\/www.casavio.com\/fr\/#organization\",\"name\":\"Camping Ca'Savio\",\"url\":\"https:\/\/www.casavio.com\/fr\/\",\"logo\":{\"@type\":\"ImageObject\",\"inLanguage\":\"fr-FR\",\"@id\":\"https:\/\/www.casavio.com\/fr\/#\/schema\/logo\/image\/\",\"url\":\"https:\/\/www.casavio.com\/wp-content\/uploads\/2024\/04\/favicon.png\",\"contentUrl\":\"https:\/\/www.casavio.com\/wp-content\/uploads\/2024\/04\/favicon.png\",\"width\":144,\"height\":144,\"caption\":\"Camping Ca'Savio\"},\"image\":{\"@id\":\"https:\/\/www.casavio.com\/fr\/#\/schema\/logo\/image\/\"},\"sameAs\":[\"https:\/\/www.facebook.com\/campingcasavio\",\"https:\/\/www.instagram.com\/campingcasavio\",\"https:\/\/www.youtube.com\/user\/campingcasavio\"]}]}<\/script>\n<!-- \/ Yoast SEO plugin. -->","yoast_head_json":{"title":"Comment rejoindre les \u00eeles de la lagune v\u00e9nitienne &#8211; Camping Ca&#039; Savio","description":"Visitez Murano, Burano et Torcello. Amenez vos enfants et votre famille pour admirer la beaut\u00e9 de ces trois \u00eeles c\u00e9l\u00e8bres de Venise!","robots":{"index":"index","follow":"follow","max-snippet":"max-snippet:-1","max-image-preview":"max-image-preview:large","max-video-preview":"max-video-preview:-1"},"canonical":"https:\/\/www.casavio.com\/fr\/environs\/venise-et-les-iles\/comment-rejoindre-les-iles\/","og_locale":"fr_FR","og_type":"article","og_title":"Comment rejoindre les \u00eeles de la lagune v\u00e9nitienne &#8211; Camping Ca&#039; Savio","og_description":"Visitez Murano, Burano et Torcello. Amenez vos enfants et votre famille pour admirer la beaut\u00e9 de ces trois \u00eeles c\u00e9l\u00e8bres de Venise!","og_url":"https:\/\/www.casavio.com\/fr\/environs\/venise-et-les-iles\/comment-rejoindre-les-iles\/","og_site_name":"Camping Ca&#039; Savio","article_publisher":"https:\/\/www.facebook.com\/campingcasavio","article_modified_time":"2023-11-29T10:39:21+00:00","og_image":[{"width":440,"height":600,"url":"https:\/\/www.casavio.com\/wp-content\/uploads\/2019\/11\/ca-savio-territorio-venezia-raggiungere-isole.jpg","type":"image\/jpeg"}],"twitter_card":"summary_large_image","twitter_misc":{"Dur\u00e9e de lecture estim\u00e9e":"1 minute"},"schema":{"@context":"https:\/\/schema.org","@graph":[{"@type":"WebPage","@id":"https:\/\/www.casavio.com\/fr\/environs\/venise-et-les-iles\/comment-rejoindre-les-iles\/","url":"https:\/\/www.casavio.com\/fr\/environs\/venise-et-les-iles\/comment-rejoindre-les-iles\/","name":"Comment rejoindre les \u00eeles de la lagune v\u00e9nitienne &#8211; Camping Ca&#039; Savio","isPartOf":{"@id":"https:\/\/www.casavio.com\/fr\/#website"},"primaryImageOfPage":{"@id":"https:\/\/www.casavio.com\/fr\/environs\/venise-et-les-iles\/comment-rejoindre-les-iles\/#primaryimage"},"image":{"@id":"https:\/\/www.casavio.com\/fr\/environs\/venise-et-les-iles\/comment-rejoindre-les-iles\/#primaryimage"},"thumbnailUrl":"https:\/\/www.casavio.com\/wp-content\/uploads\/2019\/11\/ca-savio-territorio-venezia-raggiungere-isole.jpg","datePublished":"2019-11-26T11:54:43+00:00","dateModified":"2023-11-29T10:39:21+00:00","description":"Visitez Murano, Burano et Torcello. Amenez vos enfants et votre famille pour admirer la beaut\u00e9 de ces trois \u00eeles c\u00e9l\u00e8bres de Venise!","breadcrumb":{"@id":"https:\/\/www.casavio.com\/fr\/environs\/venise-et-les-iles\/comment-rejoindre-les-iles\/#breadcrumb"},"inLanguage":"fr-FR","potentialAction":[{"@type":"ReadAction","target":["https:\/\/www.casavio.com\/fr\/environs\/venise-et-les-iles\/comment-rejoindre-les-iles\/"]}]},{"@type":"ImageObject","inLanguage":"fr-FR","@id":"https:\/\/www.casavio.com\/fr\/environs\/venise-et-les-iles\/comment-rejoindre-les-iles\/#primaryimage","url":"https:\/\/www.casavio.com\/wp-content\/uploads\/2019\/11\/ca-savio-territorio-venezia-raggiungere-isole.jpg","contentUrl":"https:\/\/www.casavio.com\/wp-content\/uploads\/2019\/11\/ca-savio-territorio-venezia-raggiungere-isole.jpg","width":440,"height":600},{"@type":"BreadcrumbList","@id":"https:\/\/www.casavio.com\/fr\/environs\/venise-et-les-iles\/comment-rejoindre-les-iles\/#breadcrumb","itemListElement":[{"@type":"ListItem","position":1,"name":"Home","item":"https:\/\/www.casavio.com\/fr\/"},{"@type":"ListItem","position":2,"name":"Environs","item":"https:\/\/www.casavio.com\/fr\/environs\/"},{"@type":"ListItem","position":3,"name":"Venise et les \u00eeles","item":"https:\/\/www.casavio.com\/fr\/environs\/venise-et-les-iles\/"},{"@type":"ListItem","position":4,"name":"Comment rejoindre les \u00eeles"}]},{"@type":"WebSite","@id":"https:\/\/www.casavio.com\/fr\/#website","url":"https:\/\/www.casavio.com\/fr\/","name":"Camping Ca&#039; Savio","description":"","publisher":{"@id":"https:\/\/www.casavio.com\/fr\/#organization"},"potentialAction":[{"@type":"SearchAction","target":{"@type":"EntryPoint","urlTemplate":"https:\/\/www.casavio.com\/fr\/?s={search_term_string}"},"query-input":{"@type":"PropertyValueSpecification","valueRequired":true,"valueName":"search_term_string"}}],"inLanguage":"fr-FR"},{"@type":"Organization","@id":"https:\/\/www.casavio.com\/fr\/#organization","name":"Camping Ca'Savio","url":"https:\/\/www.casavio.com\/fr\/","logo":{"@type":"ImageObject","inLanguage":"fr-FR","@id":"https:\/\/www.casavio.com\/fr\/#\/schema\/logo\/image\/","url":"https:\/\/www.casavio.com\/wp-content\/uploads\/2024\/04\/favicon.png","contentUrl":"https:\/\/www.casavio.com\/wp-content\/uploads\/2024\/04\/favicon.png","width":144,"height":144,"caption":"Camping Ca'Savio"},"image":{"@id":"https:\/\/www.casavio.com\/fr\/#\/schema\/logo\/image\/"},"sameAs":["https:\/\/www.facebook.com\/campingcasavio","https:\/\/www.instagram.com\/campingcasavio","https:\/\/www.youtube.com\/user\/campingcasavio"]}]}},"_links":{"self":[{"href":"https:\/\/www.casavio.com\/fr\/wp-json\/wp\/v2\/pages\/9091","targetHints":{"allow":["GET"]}}],"collection":[{"href":"https:\/\/www.casavio.com\/fr\/wp-json\/wp\/v2\/pages"}],"about":[{"href":"https:\/\/www.casavio.com\/fr\/wp-json\/wp\/v2\/types\/page"}],"author":[{"embeddable":true,"href":"https:\/\/www.casavio.com\/fr\/wp-json\/wp\/v2\/users\/4"}],"replies":[{"embeddable":true,"href":"https:\/\/www.casavio.com\/fr\/wp-json\/wp\/v2\/comments?post=9091"}],"version-history":[{"count":2,"href":"https:\/\/www.casavio.com\/fr\/wp-json\/wp\/v2\/pages\/9091\/revisions"}],"predecessor-version":[{"id":29441,"href":"https:\/\/www.casavio.com\/fr\/wp-json\/wp\/v2\/pages\/9091\/revisions\/29441"}],"up":[{"embeddable":true,"href":"https:\/\/www.casavio.com\/fr\/wp-json\/wp\/v2\/pages\/9088"}],"wp:featuredmedia":[{"embeddable":true,"href":"https:\/\/www.casavio.com\/fr\/wp-json\/wp\/v2\/media\/4665"}],"wp:attachment":[{"href":"https:\/\/www.casavio.com\/fr\/wp-json\/wp\/v2\/media?parent=9091"}],"curies":[{"name":"wp","href":"https:\/\/api.w.org\/{rel}","templated":true}]}}