{"id":9094,"date":"2019-11-27T09:38:20","date_gmt":"2019-11-27T08:38:20","guid":{"rendered":"https:\/\/www.casavio.com\/environs\/venise-et-les-iles\/come-raggiungere-venezia\/"},"modified":"2023-11-29T11:37:24","modified_gmt":"2023-11-29T10:37:24","slug":"comment-rejoindre-venise","status":"publish","type":"page","link":"https:\/\/www.casavio.com\/fr\/environs\/venise-et-les-iles\/comment-rejoindre-venise\/","title":{"rendered":"Comment rejoindre Venise"},"content":{"rendered":"<p><strong>Rejoignez l\u2019embarcad\u00e8re de Punta Sabbioni<\/strong> (<strong>5 km<\/strong> loin du camping). L\u00e0-bas il y a des bateaux qui partent pour Venise toutes les demi-heures <span class=\"VIiyi\" lang=\"nl\"><span class=\"JLqJ4b ChMk0b\" data-language-for-alternatives=\"nl\" data-language-to-translate-into=\"da\" data-phrase-index=\"0\">(minutes 00 et 30).<\/span><\/span> Le voyage dure environs 40 minutes et vous passerez en proximit\u00e9 des Jardins de la Biennale, vous a traverserez le bassin de S. Marc et admirerez l&rsquo;\u00eele de S. Giorgio sur la c\u00f4t\u00e9 gauche de la lagune et \u00e0 la fin vous rejoindrez le Palais Ducal.<\/p>\n<p>Du Camping Ca&rsquo;Savio vous pouvez rejoindre Punta Sabbioni:<\/p>\n<ul>\n<li>avec le <strong>car<\/strong>: l&rsquo;arr\u00eat se trouve dans le centre de Ca&rsquo;Savio, pr\u00e8s du rond-point qu&rsquo;on peut rejoindre \u00e0 pieds en seuls 10 minutes.<\/li>\n<li>en <a href=\"https:\/\/www.casavio.com\/fr\/services\/services-supplementaires\/location-de-velos\/\"><strong><u>v\u00e9lo<\/u><\/strong><\/a>: allez tout droit jusqu\u2019\u00e0 la fin de la route de Ca\u2019Savio, puis tournez \u00e0 gauche et allez tout droit dans la route Fausta en direction Punta Sabbioni. La piste cyclable vous conduit jusqu\u2019au port.<\/li>\n<li>en <strong>voiture<\/strong>: aller tout droit le long de la Via di Ca\u2019Savio jusqu\u2019au croisement avec Via Brenta et tourner \u00e0 gauche. En suite aller tout droit et tournez \u00e0 droite dans la Via Tagliamento. Aller tout droit et au croisement avec Via Fausta tourner \u00e0 gauche. Suivre la route principale jusqu\u2019\u00e0 l\u2019embarcad\u00e8re de Punta Sabbioni. Vous pouvez garer votre voiture dans les environs de l\u2019embarcad\u00e8re.<\/li>\n<\/ul>\n<p><strong>Tickets:<\/strong><\/p>\n<p>Vous pouvez acheter les tickets directement chez le bureau Customer Care du camping.<\/p>\n<ul>\n<li>Tickets pour les enfants jusqu&rsquo;au 6 ans: gratuits.<\/li>\n<li>Ticket all\u00e9\/retour car + bateau: 24 \u20ac<\/li>\n<li>Tickets combin\u00e9s (car + bateau + vaporetti dans le Canal Grand et pour les \u00eeles environ) valable 24h: 30 \u20ac.<\/li>\n<\/ul>\n<p>Si vous voulez vous pouvez rejoindre Punta Sabbioni avec votre voiture ou en v\u00e9lo et acheter le ticket pour le bateau directement avant de partir chez le baureau ACTV.<\/p>\n<ul>\n<li>Ticket aller simple: 9.50 \u20ac.<\/li>\n<\/ul>\n","protected":false},"excerpt":{"rendered":"<p>Informations pour se rendre \u00e0 la cit\u00e9 lagunaire.<\/p>\n","protected":false},"author":4,"featured_media":4684,"parent":9088,"menu_order":0,"comment_status":"closed","ping_status":"closed","template":"","meta":{"_acf_changed":false},"class_list":["post-9094","page","type-page","status-publish","has-post-thumbnail","hentry"],"acf":[],"yoast_head":"<!-- This site is optimized with the Yoast SEO plugin v25.3 - https:\/\/yoast.com\/wordpress\/plugins\/seo\/ -->\n<title>Comment rejoindre Venise en bateau du camping Ca&#039;Savio &#8211; Camping Ca&#039; Savio<\/title>\n<meta name=\"description\" content=\"Informations utiles pour ceux qui souhaitent rejoindre Venise \u00e0 partir du camping Ca &#039;Savio. Un bateau \u00e0 moteur part toutes les demi-heures. A votre arriv\u00e9e, demandez \u00e0 la r\u00e9ception.\" \/>\n<meta name=\"robots\" content=\"index, follow, max-snippet:-1, max-image-preview:large, max-video-preview:-1\" \/>\n<link rel=\"canonical\" href=\"https:\/\/www.casavio.com\/fr\/environs\/venise-et-les-iles\/comment-rejoindre-venise\/\" \/>\n<meta property=\"og:locale\" content=\"fr_FR\" \/>\n<meta property=\"og:type\" content=\"article\" \/>\n<meta property=\"og:title\" content=\"Comment rejoindre Venise en bateau du camping Ca&#039;Savio &#8211; Camping Ca&#039; Savio\" \/>\n<meta property=\"og:description\" content=\"Informations utiles pour ceux qui souhaitent rejoindre Venise \u00e0 partir du camping Ca &#039;Savio. Un bateau \u00e0 moteur part toutes les demi-heures. A votre arriv\u00e9e, demandez \u00e0 la r\u00e9ception.\" \/>\n<meta property=\"og:url\" content=\"https:\/\/www.casavio.com\/fr\/environs\/venise-et-les-iles\/comment-rejoindre-venise\/\" \/>\n<meta property=\"og:site_name\" content=\"Camping Ca&#039; Savio\" \/>\n<meta property=\"article:publisher\" content=\"https:\/\/www.facebook.com\/campingcasavio\" \/>\n<meta property=\"article:modified_time\" content=\"2023-11-29T10:37:24+00:00\" \/>\n<meta property=\"og:image\" content=\"https:\/\/www.casavio.com\/wp-content\/uploads\/2019\/11\/ca-savio-territorio-venezia-raggiungere-venezia.jpg\" \/>\n\t<meta property=\"og:image:width\" content=\"440\" \/>\n\t<meta property=\"og:image:height\" content=\"600\" \/>\n\t<meta property=\"og:image:type\" content=\"image\/jpeg\" \/>\n<meta name=\"twitter:card\" content=\"summary_large_image\" \/>\n<meta name=\"twitter:label1\" content=\"Dur\u00e9e de lecture estim\u00e9e\" \/>\n\t<meta name=\"twitter:data1\" content=\"2 minutes\" \/>\n<script type=\"application\/ld+json\" class=\"yoast-schema-graph\">{\"@context\":\"https:\/\/schema.org\",\"@graph\":[{\"@type\":\"WebPage\",\"@id\":\"https:\/\/www.casavio.com\/fr\/environs\/venise-et-les-iles\/comment-rejoindre-venise\/\",\"url\":\"https:\/\/www.casavio.com\/fr\/environs\/venise-et-les-iles\/comment-rejoindre-venise\/\",\"name\":\"Comment rejoindre Venise en bateau du camping Ca'Savio &#8211; Camping Ca&#039; Savio\",\"isPartOf\":{\"@id\":\"https:\/\/www.casavio.com\/fr\/#website\"},\"primaryImageOfPage\":{\"@id\":\"https:\/\/www.casavio.com\/fr\/environs\/venise-et-les-iles\/comment-rejoindre-venise\/#primaryimage\"},\"image\":{\"@id\":\"https:\/\/www.casavio.com\/fr\/environs\/venise-et-les-iles\/comment-rejoindre-venise\/#primaryimage\"},\"thumbnailUrl\":\"https:\/\/www.casavio.com\/wp-content\/uploads\/2019\/11\/ca-savio-territorio-venezia-raggiungere-venezia.jpg\",\"datePublished\":\"2019-11-27T08:38:20+00:00\",\"dateModified\":\"2023-11-29T10:37:24+00:00\",\"description\":\"Informations utiles pour ceux qui souhaitent rejoindre Venise \u00e0 partir du camping Ca 'Savio. Un bateau \u00e0 moteur part toutes les demi-heures. A votre arriv\u00e9e, demandez \u00e0 la r\u00e9ception.\",\"breadcrumb\":{\"@id\":\"https:\/\/www.casavio.com\/fr\/environs\/venise-et-les-iles\/comment-rejoindre-venise\/#breadcrumb\"},\"inLanguage\":\"fr-FR\",\"potentialAction\":[{\"@type\":\"ReadAction\",\"target\":[\"https:\/\/www.casavio.com\/fr\/environs\/venise-et-les-iles\/comment-rejoindre-venise\/\"]}]},{\"@type\":\"ImageObject\",\"inLanguage\":\"fr-FR\",\"@id\":\"https:\/\/www.casavio.com\/fr\/environs\/venise-et-les-iles\/comment-rejoindre-venise\/#primaryimage\",\"url\":\"https:\/\/www.casavio.com\/wp-content\/uploads\/2019\/11\/ca-savio-territorio-venezia-raggiungere-venezia.jpg\",\"contentUrl\":\"https:\/\/www.casavio.com\/wp-content\/uploads\/2019\/11\/ca-savio-territorio-venezia-raggiungere-venezia.jpg\",\"width\":440,\"height\":600},{\"@type\":\"BreadcrumbList\",\"@id\":\"https:\/\/www.casavio.com\/fr\/environs\/venise-et-les-iles\/comment-rejoindre-venise\/#breadcrumb\",\"itemListElement\":[{\"@type\":\"ListItem\",\"position\":1,\"name\":\"Home\",\"item\":\"https:\/\/www.casavio.com\/fr\/\"},{\"@type\":\"ListItem\",\"position\":2,\"name\":\"Environs\",\"item\":\"https:\/\/www.casavio.com\/fr\/environs\/\"},{\"@type\":\"ListItem\",\"position\":3,\"name\":\"Venise et les \u00eeles\",\"item\":\"https:\/\/www.casavio.com\/fr\/environs\/venise-et-les-iles\/\"},{\"@type\":\"ListItem\",\"position\":4,\"name\":\"Comment rejoindre Venise\"}]},{\"@type\":\"WebSite\",\"@id\":\"https:\/\/www.casavio.com\/fr\/#website\",\"url\":\"https:\/\/www.casavio.com\/fr\/\",\"name\":\"Camping Ca&#039; Savio\",\"description\":\"\",\"publisher\":{\"@id\":\"https:\/\/www.casavio.com\/fr\/#organization\"},\"potentialAction\":[{\"@type\":\"SearchAction\",\"target\":{\"@type\":\"EntryPoint\",\"urlTemplate\":\"https:\/\/www.casavio.com\/fr\/?s={search_term_string}\"},\"query-input\":{\"@type\":\"PropertyValueSpecification\",\"valueRequired\":true,\"valueName\":\"search_term_string\"}}],\"inLanguage\":\"fr-FR\"},{\"@type\":\"Organization\",\"@id\":\"https:\/\/www.casavio.com\/fr\/#organization\",\"name\":\"Camping Ca'Savio\",\"url\":\"https:\/\/www.casavio.com\/fr\/\",\"logo\":{\"@type\":\"ImageObject\",\"inLanguage\":\"fr-FR\",\"@id\":\"https:\/\/www.casavio.com\/fr\/#\/schema\/logo\/image\/\",\"url\":\"https:\/\/www.casavio.com\/wp-content\/uploads\/2024\/04\/favicon.png\",\"contentUrl\":\"https:\/\/www.casavio.com\/wp-content\/uploads\/2024\/04\/favicon.png\",\"width\":144,\"height\":144,\"caption\":\"Camping Ca'Savio\"},\"image\":{\"@id\":\"https:\/\/www.casavio.com\/fr\/#\/schema\/logo\/image\/\"},\"sameAs\":[\"https:\/\/www.facebook.com\/campingcasavio\",\"https:\/\/www.instagram.com\/campingcasavio\",\"https:\/\/www.youtube.com\/user\/campingcasavio\"]}]}<\/script>\n<!-- \/ Yoast SEO plugin. -->","yoast_head_json":{"title":"Comment rejoindre Venise en bateau du camping Ca'Savio &#8211; Camping Ca&#039; Savio","description":"Informations utiles pour ceux qui souhaitent rejoindre Venise \u00e0 partir du camping Ca 'Savio. Un bateau \u00e0 moteur part toutes les demi-heures. A votre arriv\u00e9e, demandez \u00e0 la r\u00e9ception.","robots":{"index":"index","follow":"follow","max-snippet":"max-snippet:-1","max-image-preview":"max-image-preview:large","max-video-preview":"max-video-preview:-1"},"canonical":"https:\/\/www.casavio.com\/fr\/environs\/venise-et-les-iles\/comment-rejoindre-venise\/","og_locale":"fr_FR","og_type":"article","og_title":"Comment rejoindre Venise en bateau du camping Ca'Savio &#8211; Camping Ca&#039; Savio","og_description":"Informations utiles pour ceux qui souhaitent rejoindre Venise \u00e0 partir du camping Ca 'Savio. Un bateau \u00e0 moteur part toutes les demi-heures. A votre arriv\u00e9e, demandez \u00e0 la r\u00e9ception.","og_url":"https:\/\/www.casavio.com\/fr\/environs\/venise-et-les-iles\/comment-rejoindre-venise\/","og_site_name":"Camping Ca&#039; Savio","article_publisher":"https:\/\/www.facebook.com\/campingcasavio","article_modified_time":"2023-11-29T10:37:24+00:00","og_image":[{"width":440,"height":600,"url":"https:\/\/www.casavio.com\/wp-content\/uploads\/2019\/11\/ca-savio-territorio-venezia-raggiungere-venezia.jpg","type":"image\/jpeg"}],"twitter_card":"summary_large_image","twitter_misc":{"Dur\u00e9e de lecture estim\u00e9e":"2 minutes"},"schema":{"@context":"https:\/\/schema.org","@graph":[{"@type":"WebPage","@id":"https:\/\/www.casavio.com\/fr\/environs\/venise-et-les-iles\/comment-rejoindre-venise\/","url":"https:\/\/www.casavio.com\/fr\/environs\/venise-et-les-iles\/comment-rejoindre-venise\/","name":"Comment rejoindre Venise en bateau du camping Ca'Savio &#8211; Camping Ca&#039; Savio","isPartOf":{"@id":"https:\/\/www.casavio.com\/fr\/#website"},"primaryImageOfPage":{"@id":"https:\/\/www.casavio.com\/fr\/environs\/venise-et-les-iles\/comment-rejoindre-venise\/#primaryimage"},"image":{"@id":"https:\/\/www.casavio.com\/fr\/environs\/venise-et-les-iles\/comment-rejoindre-venise\/#primaryimage"},"thumbnailUrl":"https:\/\/www.casavio.com\/wp-content\/uploads\/2019\/11\/ca-savio-territorio-venezia-raggiungere-venezia.jpg","datePublished":"2019-11-27T08:38:20+00:00","dateModified":"2023-11-29T10:37:24+00:00","description":"Informations utiles pour ceux qui souhaitent rejoindre Venise \u00e0 partir du camping Ca 'Savio. Un bateau \u00e0 moteur part toutes les demi-heures. A votre arriv\u00e9e, demandez \u00e0 la r\u00e9ception.","breadcrumb":{"@id":"https:\/\/www.casavio.com\/fr\/environs\/venise-et-les-iles\/comment-rejoindre-venise\/#breadcrumb"},"inLanguage":"fr-FR","potentialAction":[{"@type":"ReadAction","target":["https:\/\/www.casavio.com\/fr\/environs\/venise-et-les-iles\/comment-rejoindre-venise\/"]}]},{"@type":"ImageObject","inLanguage":"fr-FR","@id":"https:\/\/www.casavio.com\/fr\/environs\/venise-et-les-iles\/comment-rejoindre-venise\/#primaryimage","url":"https:\/\/www.casavio.com\/wp-content\/uploads\/2019\/11\/ca-savio-territorio-venezia-raggiungere-venezia.jpg","contentUrl":"https:\/\/www.casavio.com\/wp-content\/uploads\/2019\/11\/ca-savio-territorio-venezia-raggiungere-venezia.jpg","width":440,"height":600},{"@type":"BreadcrumbList","@id":"https:\/\/www.casavio.com\/fr\/environs\/venise-et-les-iles\/comment-rejoindre-venise\/#breadcrumb","itemListElement":[{"@type":"ListItem","position":1,"name":"Home","item":"https:\/\/www.casavio.com\/fr\/"},{"@type":"ListItem","position":2,"name":"Environs","item":"https:\/\/www.casavio.com\/fr\/environs\/"},{"@type":"ListItem","position":3,"name":"Venise et les \u00eeles","item":"https:\/\/www.casavio.com\/fr\/environs\/venise-et-les-iles\/"},{"@type":"ListItem","position":4,"name":"Comment rejoindre Venise"}]},{"@type":"WebSite","@id":"https:\/\/www.casavio.com\/fr\/#website","url":"https:\/\/www.casavio.com\/fr\/","name":"Camping Ca&#039; Savio","description":"","publisher":{"@id":"https:\/\/www.casavio.com\/fr\/#organization"},"potentialAction":[{"@type":"SearchAction","target":{"@type":"EntryPoint","urlTemplate":"https:\/\/www.casavio.com\/fr\/?s={search_term_string}"},"query-input":{"@type":"PropertyValueSpecification","valueRequired":true,"valueName":"search_term_string"}}],"inLanguage":"fr-FR"},{"@type":"Organization","@id":"https:\/\/www.casavio.com\/fr\/#organization","name":"Camping Ca'Savio","url":"https:\/\/www.casavio.com\/fr\/","logo":{"@type":"ImageObject","inLanguage":"fr-FR","@id":"https:\/\/www.casavio.com\/fr\/#\/schema\/logo\/image\/","url":"https:\/\/www.casavio.com\/wp-content\/uploads\/2024\/04\/favicon.png","contentUrl":"https:\/\/www.casavio.com\/wp-content\/uploads\/2024\/04\/favicon.png","width":144,"height":144,"caption":"Camping Ca'Savio"},"image":{"@id":"https:\/\/www.casavio.com\/fr\/#\/schema\/logo\/image\/"},"sameAs":["https:\/\/www.facebook.com\/campingcasavio","https:\/\/www.instagram.com\/campingcasavio","https:\/\/www.youtube.com\/user\/campingcasavio"]}]}},"_links":{"self":[{"href":"https:\/\/www.casavio.com\/fr\/wp-json\/wp\/v2\/pages\/9094","targetHints":{"allow":["GET"]}}],"collection":[{"href":"https:\/\/www.casavio.com\/fr\/wp-json\/wp\/v2\/pages"}],"about":[{"href":"https:\/\/www.casavio.com\/fr\/wp-json\/wp\/v2\/types\/page"}],"author":[{"embeddable":true,"href":"https:\/\/www.casavio.com\/fr\/wp-json\/wp\/v2\/users\/4"}],"replies":[{"embeddable":true,"href":"https:\/\/www.casavio.com\/fr\/wp-json\/wp\/v2\/comments?post=9094"}],"version-history":[{"count":2,"href":"https:\/\/www.casavio.com\/fr\/wp-json\/wp\/v2\/pages\/9094\/revisions"}],"predecessor-version":[{"id":29433,"href":"https:\/\/www.casavio.com\/fr\/wp-json\/wp\/v2\/pages\/9094\/revisions\/29433"}],"up":[{"embeddable":true,"href":"https:\/\/www.casavio.com\/fr\/wp-json\/wp\/v2\/pages\/9088"}],"wp:featuredmedia":[{"embeddable":true,"href":"https:\/\/www.casavio.com\/fr\/wp-json\/wp\/v2\/media\/4684"}],"wp:attachment":[{"href":"https:\/\/www.casavio.com\/fr\/wp-json\/wp\/v2\/media?parent=9094"}],"curies":[{"name":"wp","href":"https:\/\/api.w.org\/{rel}","templated":true}]}}