{"id":9100,"date":"2019-11-27T09:42:14","date_gmt":"2019-11-27T08:42:14","guid":{"rendered":"https:\/\/www.casavio.com\/environs\/venise-et-les-iles\/venezia-con-i-bambini\/"},"modified":"2024-05-31T13:07:22","modified_gmt":"2024-05-31T11:07:22","slug":"venise-avec-vos-enfants","status":"publish","type":"page","link":"https:\/\/www.casavio.com\/fr\/environs\/venise-et-les-iles\/venise-avec-vos-enfants\/","title":{"rendered":"Venise avec vos enfants"},"content":{"rendered":"<p>Si vous visitez Venise avec vos enfants, nous vous conseillons de:<\/p>\n<ul>\n<li>Visiter le <strong>Palais des Doges<\/strong>, le d\u00e9p\u00f4t d\u2019armes, le Pont des Soupirs et les Prisons. Visite des Itin\u00e9raires secrets sur demande. Toutes les informations sur le site internet Musei Civici Veneziani.<\/li>\n<li>Participer au Kids Day \u00e0 la Collection Peggy Guggenheim: activit\u00e9s organis\u00e9es g\u00e9n\u00e9ralement le dimanche pour les enfants de 4 \u00e0 10 ans.<\/li>\n<li>Faire un tour en <strong>gondole<\/strong>: \u00e0 partir de 80 euro. Une alternative est la gondole \u201ctraghetto\u201d, utilis\u00e9e par les V\u00e9nitiens pour traverser le Canal Grande (2.00\u20ac par personne). D\u00e9parts: San Tom\u00e0, San Samuele, Punta della Dogana, San Marco.<\/li>\n<li>Visiter le Mus\u00e9e d&rsquo;Histoire Naturelle: aquarium, jeux interactifs et le squelette d\u2019un dinosaure!<\/li>\n<\/ul>\n<p>\u00c0 tous nos h\u00f4tes, nous recommandons de visiter l&rsquo;\u00eele de <strong>Murano<\/strong>, connue dans tout le monde pour son verre v\u00e9nitien; l&rsquo;\u00eele de <strong>Burano<\/strong>, c\u00e9l\u00e8bre pour ses maisons color\u00e9es caract\u00e9ristiques et pour la fabrication de la dentelle et l&rsquo;\u00eele de <strong>Torcello <\/strong>&#8211; maison de nombreuses b\u00e2timents qui t\u00e9moignent les origines antiques de l\u2019\u00eele.<\/p>\n","protected":false},"excerpt":{"rendered":"<p>Suggestions utiles pour visiter Venise avec des enfants.<\/p>\n","protected":false},"author":4,"featured_media":4703,"parent":9088,"menu_order":0,"comment_status":"closed","ping_status":"closed","template":"","meta":{"_acf_changed":false},"class_list":["post-9100","page","type-page","status-publish","has-post-thumbnail","hentry"],"acf":[],"yoast_head":"<!-- This site is optimized with the Yoast SEO plugin v25.3 - https:\/\/yoast.com\/wordpress\/plugins\/seo\/ -->\n<title>Venise avec vos enfants: nos conseils &#8211; Camping Ca&#039; Savio<\/title>\n<meta name=\"description\" content=\"Suggestions utiles pour visiter Venise avec des enfants: le Palais des Doges, la Collection Peggy Guggenheim ou le Mus\u00e9e d&#039;Histoire Naturelle. D\u00e9couvrez les d\u00e9tails.\" \/>\n<meta name=\"robots\" content=\"index, follow, max-snippet:-1, max-image-preview:large, max-video-preview:-1\" \/>\n<link rel=\"canonical\" href=\"https:\/\/www.casavio.com\/fr\/environs\/venise-et-les-iles\/venise-avec-vos-enfants\/\" \/>\n<meta property=\"og:locale\" content=\"fr_FR\" \/>\n<meta property=\"og:type\" content=\"article\" \/>\n<meta property=\"og:title\" content=\"Venise avec vos enfants: nos conseils &#8211; Camping Ca&#039; Savio\" \/>\n<meta property=\"og:description\" content=\"Suggestions utiles pour visiter Venise avec des enfants: le Palais des Doges, la Collection Peggy Guggenheim ou le Mus\u00e9e d&#039;Histoire Naturelle. D\u00e9couvrez les d\u00e9tails.\" \/>\n<meta property=\"og:url\" content=\"https:\/\/www.casavio.com\/fr\/environs\/venise-et-les-iles\/venise-avec-vos-enfants\/\" \/>\n<meta property=\"og:site_name\" content=\"Camping Ca&#039; Savio\" \/>\n<meta property=\"article:publisher\" content=\"https:\/\/www.facebook.com\/campingcasavio\" \/>\n<meta property=\"article:modified_time\" content=\"2024-05-31T11:07:22+00:00\" \/>\n<meta property=\"og:image\" content=\"https:\/\/www.casavio.com\/wp-content\/uploads\/2019\/11\/ca-savio-territorio-venezia-venezia-bambini.jpg\" \/>\n\t<meta property=\"og:image:width\" content=\"440\" \/>\n\t<meta property=\"og:image:height\" content=\"600\" \/>\n\t<meta property=\"og:image:type\" content=\"image\/jpeg\" \/>\n<meta name=\"twitter:card\" content=\"summary_large_image\" \/>\n<meta name=\"twitter:label1\" content=\"Dur\u00e9e de lecture estim\u00e9e\" \/>\n\t<meta name=\"twitter:data1\" content=\"2 minutes\" \/>\n<script type=\"application\/ld+json\" class=\"yoast-schema-graph\">{\"@context\":\"https:\/\/schema.org\",\"@graph\":[{\"@type\":\"WebPage\",\"@id\":\"https:\/\/www.casavio.com\/fr\/environs\/venise-et-les-iles\/venise-avec-vos-enfants\/\",\"url\":\"https:\/\/www.casavio.com\/fr\/environs\/venise-et-les-iles\/venise-avec-vos-enfants\/\",\"name\":\"Venise avec vos enfants: nos conseils &#8211; Camping Ca&#039; Savio\",\"isPartOf\":{\"@id\":\"https:\/\/www.casavio.com\/fr\/#website\"},\"primaryImageOfPage\":{\"@id\":\"https:\/\/www.casavio.com\/fr\/environs\/venise-et-les-iles\/venise-avec-vos-enfants\/#primaryimage\"},\"image\":{\"@id\":\"https:\/\/www.casavio.com\/fr\/environs\/venise-et-les-iles\/venise-avec-vos-enfants\/#primaryimage\"},\"thumbnailUrl\":\"https:\/\/www.casavio.com\/wp-content\/uploads\/2019\/11\/ca-savio-territorio-venezia-venezia-bambini.jpg\",\"datePublished\":\"2019-11-27T08:42:14+00:00\",\"dateModified\":\"2024-05-31T11:07:22+00:00\",\"description\":\"Suggestions utiles pour visiter Venise avec des enfants: le Palais des Doges, la Collection Peggy Guggenheim ou le Mus\u00e9e d'Histoire Naturelle. D\u00e9couvrez les d\u00e9tails.\",\"breadcrumb\":{\"@id\":\"https:\/\/www.casavio.com\/fr\/environs\/venise-et-les-iles\/venise-avec-vos-enfants\/#breadcrumb\"},\"inLanguage\":\"fr-FR\",\"potentialAction\":[{\"@type\":\"ReadAction\",\"target\":[\"https:\/\/www.casavio.com\/fr\/environs\/venise-et-les-iles\/venise-avec-vos-enfants\/\"]}]},{\"@type\":\"ImageObject\",\"inLanguage\":\"fr-FR\",\"@id\":\"https:\/\/www.casavio.com\/fr\/environs\/venise-et-les-iles\/venise-avec-vos-enfants\/#primaryimage\",\"url\":\"https:\/\/www.casavio.com\/wp-content\/uploads\/2019\/11\/ca-savio-territorio-venezia-venezia-bambini.jpg\",\"contentUrl\":\"https:\/\/www.casavio.com\/wp-content\/uploads\/2019\/11\/ca-savio-territorio-venezia-venezia-bambini.jpg\",\"width\":440,\"height\":600},{\"@type\":\"BreadcrumbList\",\"@id\":\"https:\/\/www.casavio.com\/fr\/environs\/venise-et-les-iles\/venise-avec-vos-enfants\/#breadcrumb\",\"itemListElement\":[{\"@type\":\"ListItem\",\"position\":1,\"name\":\"Home\",\"item\":\"https:\/\/www.casavio.com\/fr\/\"},{\"@type\":\"ListItem\",\"position\":2,\"name\":\"Environs\",\"item\":\"https:\/\/www.casavio.com\/fr\/environs\/\"},{\"@type\":\"ListItem\",\"position\":3,\"name\":\"Venise et les \u00eeles\",\"item\":\"https:\/\/www.casavio.com\/fr\/environs\/venise-et-les-iles\/\"},{\"@type\":\"ListItem\",\"position\":4,\"name\":\"Venise avec vos enfants\"}]},{\"@type\":\"WebSite\",\"@id\":\"https:\/\/www.casavio.com\/fr\/#website\",\"url\":\"https:\/\/www.casavio.com\/fr\/\",\"name\":\"Camping Ca&#039; Savio\",\"description\":\"\",\"publisher\":{\"@id\":\"https:\/\/www.casavio.com\/fr\/#organization\"},\"potentialAction\":[{\"@type\":\"SearchAction\",\"target\":{\"@type\":\"EntryPoint\",\"urlTemplate\":\"https:\/\/www.casavio.com\/fr\/?s={search_term_string}\"},\"query-input\":{\"@type\":\"PropertyValueSpecification\",\"valueRequired\":true,\"valueName\":\"search_term_string\"}}],\"inLanguage\":\"fr-FR\"},{\"@type\":\"Organization\",\"@id\":\"https:\/\/www.casavio.com\/fr\/#organization\",\"name\":\"Camping Ca'Savio\",\"url\":\"https:\/\/www.casavio.com\/fr\/\",\"logo\":{\"@type\":\"ImageObject\",\"inLanguage\":\"fr-FR\",\"@id\":\"https:\/\/www.casavio.com\/fr\/#\/schema\/logo\/image\/\",\"url\":\"https:\/\/www.casavio.com\/wp-content\/uploads\/2024\/04\/favicon.png\",\"contentUrl\":\"https:\/\/www.casavio.com\/wp-content\/uploads\/2024\/04\/favicon.png\",\"width\":144,\"height\":144,\"caption\":\"Camping Ca'Savio\"},\"image\":{\"@id\":\"https:\/\/www.casavio.com\/fr\/#\/schema\/logo\/image\/\"},\"sameAs\":[\"https:\/\/www.facebook.com\/campingcasavio\",\"https:\/\/www.instagram.com\/campingcasavio\",\"https:\/\/www.youtube.com\/user\/campingcasavio\"]}]}<\/script>\n<!-- \/ Yoast SEO plugin. -->","yoast_head_json":{"title":"Venise avec vos enfants: nos conseils &#8211; Camping Ca&#039; Savio","description":"Suggestions utiles pour visiter Venise avec des enfants: le Palais des Doges, la Collection Peggy Guggenheim ou le Mus\u00e9e d'Histoire Naturelle. D\u00e9couvrez les d\u00e9tails.","robots":{"index":"index","follow":"follow","max-snippet":"max-snippet:-1","max-image-preview":"max-image-preview:large","max-video-preview":"max-video-preview:-1"},"canonical":"https:\/\/www.casavio.com\/fr\/environs\/venise-et-les-iles\/venise-avec-vos-enfants\/","og_locale":"fr_FR","og_type":"article","og_title":"Venise avec vos enfants: nos conseils &#8211; Camping Ca&#039; Savio","og_description":"Suggestions utiles pour visiter Venise avec des enfants: le Palais des Doges, la Collection Peggy Guggenheim ou le Mus\u00e9e d'Histoire Naturelle. D\u00e9couvrez les d\u00e9tails.","og_url":"https:\/\/www.casavio.com\/fr\/environs\/venise-et-les-iles\/venise-avec-vos-enfants\/","og_site_name":"Camping Ca&#039; Savio","article_publisher":"https:\/\/www.facebook.com\/campingcasavio","article_modified_time":"2024-05-31T11:07:22+00:00","og_image":[{"width":440,"height":600,"url":"https:\/\/www.casavio.com\/wp-content\/uploads\/2019\/11\/ca-savio-territorio-venezia-venezia-bambini.jpg","type":"image\/jpeg"}],"twitter_card":"summary_large_image","twitter_misc":{"Dur\u00e9e de lecture estim\u00e9e":"2 minutes"},"schema":{"@context":"https:\/\/schema.org","@graph":[{"@type":"WebPage","@id":"https:\/\/www.casavio.com\/fr\/environs\/venise-et-les-iles\/venise-avec-vos-enfants\/","url":"https:\/\/www.casavio.com\/fr\/environs\/venise-et-les-iles\/venise-avec-vos-enfants\/","name":"Venise avec vos enfants: nos conseils &#8211; Camping Ca&#039; Savio","isPartOf":{"@id":"https:\/\/www.casavio.com\/fr\/#website"},"primaryImageOfPage":{"@id":"https:\/\/www.casavio.com\/fr\/environs\/venise-et-les-iles\/venise-avec-vos-enfants\/#primaryimage"},"image":{"@id":"https:\/\/www.casavio.com\/fr\/environs\/venise-et-les-iles\/venise-avec-vos-enfants\/#primaryimage"},"thumbnailUrl":"https:\/\/www.casavio.com\/wp-content\/uploads\/2019\/11\/ca-savio-territorio-venezia-venezia-bambini.jpg","datePublished":"2019-11-27T08:42:14+00:00","dateModified":"2024-05-31T11:07:22+00:00","description":"Suggestions utiles pour visiter Venise avec des enfants: le Palais des Doges, la Collection Peggy Guggenheim ou le Mus\u00e9e d'Histoire Naturelle. D\u00e9couvrez les d\u00e9tails.","breadcrumb":{"@id":"https:\/\/www.casavio.com\/fr\/environs\/venise-et-les-iles\/venise-avec-vos-enfants\/#breadcrumb"},"inLanguage":"fr-FR","potentialAction":[{"@type":"ReadAction","target":["https:\/\/www.casavio.com\/fr\/environs\/venise-et-les-iles\/venise-avec-vos-enfants\/"]}]},{"@type":"ImageObject","inLanguage":"fr-FR","@id":"https:\/\/www.casavio.com\/fr\/environs\/venise-et-les-iles\/venise-avec-vos-enfants\/#primaryimage","url":"https:\/\/www.casavio.com\/wp-content\/uploads\/2019\/11\/ca-savio-territorio-venezia-venezia-bambini.jpg","contentUrl":"https:\/\/www.casavio.com\/wp-content\/uploads\/2019\/11\/ca-savio-territorio-venezia-venezia-bambini.jpg","width":440,"height":600},{"@type":"BreadcrumbList","@id":"https:\/\/www.casavio.com\/fr\/environs\/venise-et-les-iles\/venise-avec-vos-enfants\/#breadcrumb","itemListElement":[{"@type":"ListItem","position":1,"name":"Home","item":"https:\/\/www.casavio.com\/fr\/"},{"@type":"ListItem","position":2,"name":"Environs","item":"https:\/\/www.casavio.com\/fr\/environs\/"},{"@type":"ListItem","position":3,"name":"Venise et les \u00eeles","item":"https:\/\/www.casavio.com\/fr\/environs\/venise-et-les-iles\/"},{"@type":"ListItem","position":4,"name":"Venise avec vos enfants"}]},{"@type":"WebSite","@id":"https:\/\/www.casavio.com\/fr\/#website","url":"https:\/\/www.casavio.com\/fr\/","name":"Camping Ca&#039; Savio","description":"","publisher":{"@id":"https:\/\/www.casavio.com\/fr\/#organization"},"potentialAction":[{"@type":"SearchAction","target":{"@type":"EntryPoint","urlTemplate":"https:\/\/www.casavio.com\/fr\/?s={search_term_string}"},"query-input":{"@type":"PropertyValueSpecification","valueRequired":true,"valueName":"search_term_string"}}],"inLanguage":"fr-FR"},{"@type":"Organization","@id":"https:\/\/www.casavio.com\/fr\/#organization","name":"Camping Ca'Savio","url":"https:\/\/www.casavio.com\/fr\/","logo":{"@type":"ImageObject","inLanguage":"fr-FR","@id":"https:\/\/www.casavio.com\/fr\/#\/schema\/logo\/image\/","url":"https:\/\/www.casavio.com\/wp-content\/uploads\/2024\/04\/favicon.png","contentUrl":"https:\/\/www.casavio.com\/wp-content\/uploads\/2024\/04\/favicon.png","width":144,"height":144,"caption":"Camping Ca'Savio"},"image":{"@id":"https:\/\/www.casavio.com\/fr\/#\/schema\/logo\/image\/"},"sameAs":["https:\/\/www.facebook.com\/campingcasavio","https:\/\/www.instagram.com\/campingcasavio","https:\/\/www.youtube.com\/user\/campingcasavio"]}]}},"_links":{"self":[{"href":"https:\/\/www.casavio.com\/fr\/wp-json\/wp\/v2\/pages\/9100","targetHints":{"allow":["GET"]}}],"collection":[{"href":"https:\/\/www.casavio.com\/fr\/wp-json\/wp\/v2\/pages"}],"about":[{"href":"https:\/\/www.casavio.com\/fr\/wp-json\/wp\/v2\/types\/page"}],"author":[{"embeddable":true,"href":"https:\/\/www.casavio.com\/fr\/wp-json\/wp\/v2\/users\/4"}],"replies":[{"embeddable":true,"href":"https:\/\/www.casavio.com\/fr\/wp-json\/wp\/v2\/comments?post=9100"}],"version-history":[{"count":2,"href":"https:\/\/www.casavio.com\/fr\/wp-json\/wp\/v2\/pages\/9100\/revisions"}],"predecessor-version":[{"id":32623,"href":"https:\/\/www.casavio.com\/fr\/wp-json\/wp\/v2\/pages\/9100\/revisions\/32623"}],"up":[{"embeddable":true,"href":"https:\/\/www.casavio.com\/fr\/wp-json\/wp\/v2\/pages\/9088"}],"wp:featuredmedia":[{"embeddable":true,"href":"https:\/\/www.casavio.com\/fr\/wp-json\/wp\/v2\/media\/4703"}],"wp:attachment":[{"href":"https:\/\/www.casavio.com\/fr\/wp-json\/wp\/v2\/media?parent=9100"}],"curies":[{"name":"wp","href":"https:\/\/api.w.org\/{rel}","templated":true}]}}