{"id":9106,"date":"2019-11-07T11:18:30","date_gmt":"2019-11-07T10:18:30","guid":{"rendered":"https:\/\/www.casavio.com\/environs\/citta-darte\/"},"modified":"2020-02-27T12:49:40","modified_gmt":"2020-02-27T11:49:40","slug":"villes-dart","status":"publish","type":"page","link":"https:\/\/www.casavio.com\/fr\/environs\/villes-dart\/","title":{"rendered":"Villes d\u2019art"},"content":{"rendered":"<p>Pendant vos vacances \u00e0 Ca\u2019Savio vous pourrez visiter certaines des plus belles villes d\u2019Italie, situ\u00e9es \u00e0 peu de distance du camping et qu\u2019on peut rejoindre en quelques heures.<\/p>\n<p>A part <a href=\"https:\/\/www.casavio.com\/fr\/environs\/venise-et-les-iles\/\">Venise<\/a>, vous pouvez visiter <strong>Tr\u00e9vise <\/strong>et ses environs (fameux pour le Prosecco et les maisons de campagne) ou <strong>Padoue<\/strong>, la ville de Saint Antoine et de Giotto, ou <strong>V\u00e9rone<\/strong>, avec l&rsquo;Ar\u00e8na et le balcon de Juliette.<\/p>\n","protected":false},"excerpt":{"rendered":"<p>Nous vous sugg\u00e9rons un tour \u00e0 Trieste, V\u00e9rone, Vicence, Tr\u00e9vise et Padoue.<\/p>\n","protected":false},"author":3,"featured_media":4569,"parent":9073,"menu_order":80,"comment_status":"closed","ping_status":"closed","template":"","meta":{"_acf_changed":false},"class_list":["post-9106","page","type-page","status-publish","has-post-thumbnail","hentry"],"acf":[],"yoast_head":"<!-- This site is optimized with the Yoast SEO plugin v25.3 - https:\/\/yoast.com\/wordpress\/plugins\/seo\/ -->\n<title>D\u00e9couvrez les villes d&#039;art de la V\u00e9n\u00e9tie: tours et visites &#8211; Camping Ca&#039; Savio<\/title>\n<meta name=\"description\" content=\"A partir du Camping, visitez les villes d&#039;art de l&#039;Italie du Nord: Venise, Tr\u00e9vise, Padoue, Vicence et V\u00e9rone en V\u00e9n\u00e9tie, Trieste en Frioul-V\u00e9n\u00e9tie julienne.\" \/>\n<meta name=\"robots\" content=\"index, follow, max-snippet:-1, max-image-preview:large, max-video-preview:-1\" \/>\n<link rel=\"canonical\" href=\"https:\/\/www.casavio.com\/fr\/environs\/villes-dart\/\" \/>\n<meta property=\"og:locale\" content=\"fr_FR\" \/>\n<meta property=\"og:type\" content=\"article\" \/>\n<meta property=\"og:title\" content=\"D\u00e9couvrez les villes d&#039;art de la V\u00e9n\u00e9tie: tours et visites &#8211; Camping Ca&#039; Savio\" \/>\n<meta property=\"og:description\" content=\"A partir du Camping, visitez les villes d&#039;art de l&#039;Italie du Nord: Venise, Tr\u00e9vise, Padoue, Vicence et V\u00e9rone en V\u00e9n\u00e9tie, Trieste en Frioul-V\u00e9n\u00e9tie julienne.\" \/>\n<meta property=\"og:url\" content=\"https:\/\/www.casavio.com\/fr\/environs\/villes-dart\/\" \/>\n<meta property=\"og:site_name\" content=\"Camping Ca&#039; Savio\" \/>\n<meta property=\"article:publisher\" content=\"https:\/\/www.facebook.com\/campingcasavio\" \/>\n<meta property=\"article:modified_time\" content=\"2020-02-27T11:49:40+00:00\" \/>\n<meta property=\"og:image\" content=\"https:\/\/www.casavio.com\/wp-content\/uploads\/2019\/11\/ca-savio-territorio-citt\u00e0-arte.jpg\" \/>\n\t<meta property=\"og:image:width\" content=\"440\" \/>\n\t<meta property=\"og:image:height\" content=\"600\" \/>\n\t<meta property=\"og:image:type\" content=\"image\/jpeg\" \/>\n<meta name=\"twitter:card\" content=\"summary_large_image\" \/>\n<script type=\"application\/ld+json\" class=\"yoast-schema-graph\">{\"@context\":\"https:\/\/schema.org\",\"@graph\":[{\"@type\":\"WebPage\",\"@id\":\"https:\/\/www.casavio.com\/fr\/environs\/villes-dart\/\",\"url\":\"https:\/\/www.casavio.com\/fr\/environs\/villes-dart\/\",\"name\":\"D\u00e9couvrez les villes d'art de la V\u00e9n\u00e9tie: tours et visites &#8211; Camping Ca&#039; Savio\",\"isPartOf\":{\"@id\":\"https:\/\/www.casavio.com\/fr\/#website\"},\"primaryImageOfPage\":{\"@id\":\"https:\/\/www.casavio.com\/fr\/environs\/villes-dart\/#primaryimage\"},\"image\":{\"@id\":\"https:\/\/www.casavio.com\/fr\/environs\/villes-dart\/#primaryimage\"},\"thumbnailUrl\":\"https:\/\/www.casavio.com\/wp-content\/uploads\/2019\/11\/ca-savio-territorio-citt\u00e0-arte.jpg\",\"datePublished\":\"2019-11-07T10:18:30+00:00\",\"dateModified\":\"2020-02-27T11:49:40+00:00\",\"description\":\"A partir du Camping, visitez les villes d'art de l'Italie du Nord: Venise, Tr\u00e9vise, Padoue, Vicence et V\u00e9rone en V\u00e9n\u00e9tie, Trieste en Frioul-V\u00e9n\u00e9tie julienne.\",\"breadcrumb\":{\"@id\":\"https:\/\/www.casavio.com\/fr\/environs\/villes-dart\/#breadcrumb\"},\"inLanguage\":\"fr-FR\",\"potentialAction\":[{\"@type\":\"ReadAction\",\"target\":[\"https:\/\/www.casavio.com\/fr\/environs\/villes-dart\/\"]}]},{\"@type\":\"ImageObject\",\"inLanguage\":\"fr-FR\",\"@id\":\"https:\/\/www.casavio.com\/fr\/environs\/villes-dart\/#primaryimage\",\"url\":\"https:\/\/www.casavio.com\/wp-content\/uploads\/2019\/11\/ca-savio-territorio-citt\u00e0-arte.jpg\",\"contentUrl\":\"https:\/\/www.casavio.com\/wp-content\/uploads\/2019\/11\/ca-savio-territorio-citt\u00e0-arte.jpg\",\"width\":440,\"height\":600},{\"@type\":\"BreadcrumbList\",\"@id\":\"https:\/\/www.casavio.com\/fr\/environs\/villes-dart\/#breadcrumb\",\"itemListElement\":[{\"@type\":\"ListItem\",\"position\":1,\"name\":\"Home\",\"item\":\"https:\/\/www.casavio.com\/fr\/\"},{\"@type\":\"ListItem\",\"position\":2,\"name\":\"Environs\",\"item\":\"https:\/\/www.casavio.com\/fr\/environs\/\"},{\"@type\":\"ListItem\",\"position\":3,\"name\":\"Villes d\u2019art\"}]},{\"@type\":\"WebSite\",\"@id\":\"https:\/\/www.casavio.com\/fr\/#website\",\"url\":\"https:\/\/www.casavio.com\/fr\/\",\"name\":\"Camping Ca&#039; Savio\",\"description\":\"\",\"publisher\":{\"@id\":\"https:\/\/www.casavio.com\/fr\/#organization\"},\"potentialAction\":[{\"@type\":\"SearchAction\",\"target\":{\"@type\":\"EntryPoint\",\"urlTemplate\":\"https:\/\/www.casavio.com\/fr\/?s={search_term_string}\"},\"query-input\":{\"@type\":\"PropertyValueSpecification\",\"valueRequired\":true,\"valueName\":\"search_term_string\"}}],\"inLanguage\":\"fr-FR\"},{\"@type\":\"Organization\",\"@id\":\"https:\/\/www.casavio.com\/fr\/#organization\",\"name\":\"Camping Ca'Savio\",\"url\":\"https:\/\/www.casavio.com\/fr\/\",\"logo\":{\"@type\":\"ImageObject\",\"inLanguage\":\"fr-FR\",\"@id\":\"https:\/\/www.casavio.com\/fr\/#\/schema\/logo\/image\/\",\"url\":\"https:\/\/www.casavio.com\/wp-content\/uploads\/2024\/04\/favicon.png\",\"contentUrl\":\"https:\/\/www.casavio.com\/wp-content\/uploads\/2024\/04\/favicon.png\",\"width\":144,\"height\":144,\"caption\":\"Camping Ca'Savio\"},\"image\":{\"@id\":\"https:\/\/www.casavio.com\/fr\/#\/schema\/logo\/image\/\"},\"sameAs\":[\"https:\/\/www.facebook.com\/campingcasavio\",\"https:\/\/www.instagram.com\/campingcasavio\",\"https:\/\/www.youtube.com\/user\/campingcasavio\"]}]}<\/script>\n<!-- \/ Yoast SEO plugin. -->","yoast_head_json":{"title":"D\u00e9couvrez les villes d'art de la V\u00e9n\u00e9tie: tours et visites &#8211; Camping Ca&#039; Savio","description":"A partir du Camping, visitez les villes d'art de l'Italie du Nord: Venise, Tr\u00e9vise, Padoue, Vicence et V\u00e9rone en V\u00e9n\u00e9tie, Trieste en Frioul-V\u00e9n\u00e9tie julienne.","robots":{"index":"index","follow":"follow","max-snippet":"max-snippet:-1","max-image-preview":"max-image-preview:large","max-video-preview":"max-video-preview:-1"},"canonical":"https:\/\/www.casavio.com\/fr\/environs\/villes-dart\/","og_locale":"fr_FR","og_type":"article","og_title":"D\u00e9couvrez les villes d'art de la V\u00e9n\u00e9tie: tours et visites &#8211; Camping Ca&#039; Savio","og_description":"A partir du Camping, visitez les villes d'art de l'Italie du Nord: Venise, Tr\u00e9vise, Padoue, Vicence et V\u00e9rone en V\u00e9n\u00e9tie, Trieste en Frioul-V\u00e9n\u00e9tie julienne.","og_url":"https:\/\/www.casavio.com\/fr\/environs\/villes-dart\/","og_site_name":"Camping Ca&#039; Savio","article_publisher":"https:\/\/www.facebook.com\/campingcasavio","article_modified_time":"2020-02-27T11:49:40+00:00","og_image":[{"width":440,"height":600,"url":"https:\/\/www.casavio.com\/wp-content\/uploads\/2019\/11\/ca-savio-territorio-citt\u00e0-arte.jpg","type":"image\/jpeg"}],"twitter_card":"summary_large_image","schema":{"@context":"https:\/\/schema.org","@graph":[{"@type":"WebPage","@id":"https:\/\/www.casavio.com\/fr\/environs\/villes-dart\/","url":"https:\/\/www.casavio.com\/fr\/environs\/villes-dart\/","name":"D\u00e9couvrez les villes d'art de la V\u00e9n\u00e9tie: tours et visites &#8211; Camping Ca&#039; Savio","isPartOf":{"@id":"https:\/\/www.casavio.com\/fr\/#website"},"primaryImageOfPage":{"@id":"https:\/\/www.casavio.com\/fr\/environs\/villes-dart\/#primaryimage"},"image":{"@id":"https:\/\/www.casavio.com\/fr\/environs\/villes-dart\/#primaryimage"},"thumbnailUrl":"https:\/\/www.casavio.com\/wp-content\/uploads\/2019\/11\/ca-savio-territorio-citt\u00e0-arte.jpg","datePublished":"2019-11-07T10:18:30+00:00","dateModified":"2020-02-27T11:49:40+00:00","description":"A partir du Camping, visitez les villes d'art de l'Italie du Nord: Venise, Tr\u00e9vise, Padoue, Vicence et V\u00e9rone en V\u00e9n\u00e9tie, Trieste en Frioul-V\u00e9n\u00e9tie julienne.","breadcrumb":{"@id":"https:\/\/www.casavio.com\/fr\/environs\/villes-dart\/#breadcrumb"},"inLanguage":"fr-FR","potentialAction":[{"@type":"ReadAction","target":["https:\/\/www.casavio.com\/fr\/environs\/villes-dart\/"]}]},{"@type":"ImageObject","inLanguage":"fr-FR","@id":"https:\/\/www.casavio.com\/fr\/environs\/villes-dart\/#primaryimage","url":"https:\/\/www.casavio.com\/wp-content\/uploads\/2019\/11\/ca-savio-territorio-citt\u00e0-arte.jpg","contentUrl":"https:\/\/www.casavio.com\/wp-content\/uploads\/2019\/11\/ca-savio-territorio-citt\u00e0-arte.jpg","width":440,"height":600},{"@type":"BreadcrumbList","@id":"https:\/\/www.casavio.com\/fr\/environs\/villes-dart\/#breadcrumb","itemListElement":[{"@type":"ListItem","position":1,"name":"Home","item":"https:\/\/www.casavio.com\/fr\/"},{"@type":"ListItem","position":2,"name":"Environs","item":"https:\/\/www.casavio.com\/fr\/environs\/"},{"@type":"ListItem","position":3,"name":"Villes d\u2019art"}]},{"@type":"WebSite","@id":"https:\/\/www.casavio.com\/fr\/#website","url":"https:\/\/www.casavio.com\/fr\/","name":"Camping Ca&#039; Savio","description":"","publisher":{"@id":"https:\/\/www.casavio.com\/fr\/#organization"},"potentialAction":[{"@type":"SearchAction","target":{"@type":"EntryPoint","urlTemplate":"https:\/\/www.casavio.com\/fr\/?s={search_term_string}"},"query-input":{"@type":"PropertyValueSpecification","valueRequired":true,"valueName":"search_term_string"}}],"inLanguage":"fr-FR"},{"@type":"Organization","@id":"https:\/\/www.casavio.com\/fr\/#organization","name":"Camping Ca'Savio","url":"https:\/\/www.casavio.com\/fr\/","logo":{"@type":"ImageObject","inLanguage":"fr-FR","@id":"https:\/\/www.casavio.com\/fr\/#\/schema\/logo\/image\/","url":"https:\/\/www.casavio.com\/wp-content\/uploads\/2024\/04\/favicon.png","contentUrl":"https:\/\/www.casavio.com\/wp-content\/uploads\/2024\/04\/favicon.png","width":144,"height":144,"caption":"Camping Ca'Savio"},"image":{"@id":"https:\/\/www.casavio.com\/fr\/#\/schema\/logo\/image\/"},"sameAs":["https:\/\/www.facebook.com\/campingcasavio","https:\/\/www.instagram.com\/campingcasavio","https:\/\/www.youtube.com\/user\/campingcasavio"]}]}},"_links":{"self":[{"href":"https:\/\/www.casavio.com\/fr\/wp-json\/wp\/v2\/pages\/9106","targetHints":{"allow":["GET"]}}],"collection":[{"href":"https:\/\/www.casavio.com\/fr\/wp-json\/wp\/v2\/pages"}],"about":[{"href":"https:\/\/www.casavio.com\/fr\/wp-json\/wp\/v2\/types\/page"}],"author":[{"embeddable":true,"href":"https:\/\/www.casavio.com\/fr\/wp-json\/wp\/v2\/users\/3"}],"replies":[{"embeddable":true,"href":"https:\/\/www.casavio.com\/fr\/wp-json\/wp\/v2\/comments?post=9106"}],"version-history":[{"count":2,"href":"https:\/\/www.casavio.com\/fr\/wp-json\/wp\/v2\/pages\/9106\/revisions"}],"predecessor-version":[{"id":9108,"href":"https:\/\/www.casavio.com\/fr\/wp-json\/wp\/v2\/pages\/9106\/revisions\/9108"}],"up":[{"embeddable":true,"href":"https:\/\/www.casavio.com\/fr\/wp-json\/wp\/v2\/pages\/9073"}],"wp:featuredmedia":[{"embeddable":true,"href":"https:\/\/www.casavio.com\/fr\/wp-json\/wp\/v2\/media\/4569"}],"wp:attachment":[{"href":"https:\/\/www.casavio.com\/fr\/wp-json\/wp\/v2\/media?parent=9106"}],"curies":[{"name":"wp","href":"https:\/\/api.w.org\/{rel}","templated":true}]}}