{"id":9109,"date":"2019-11-07T11:19:08","date_gmt":"2019-11-07T10:19:08","guid":{"rendered":"https:\/\/www.casavio.com\/environs\/dolomiti\/"},"modified":"2022-11-21T12:05:23","modified_gmt":"2022-11-21T11:05:23","slug":"dolomites","status":"publish","type":"page","link":"https:\/\/www.casavio.com\/fr\/environs\/dolomites\/","title":{"rendered":"Dolomites"},"content":{"rendered":"<p>Les Dolomites ne sont pas tr\u00e8s loin du camping.<br \/>\nDirigez-vous jusqu\u2019\u00e0 Tr\u00e9vise et l\u00e0-bas prenez l\u2019autoroute P\u00e9age de Tr\u00e9vise sud: continuez en direction de Belluno et apr\u00e8s 1 heure vous rejoindrez les montagnes! <a href=\"http:\/\/maps.google.com\/maps?f=q&amp;source=s_q&amp;hl=it&amp;geocode=&amp;q=Cortina+d'Ampezzo,+Italia&amp;aq=0&amp;sll=46.537383,12.138922&amp;sspn=0.204991,0.438766&amp;ie=UTF8&amp;hq=&amp;hnear=Cortina+d'Ampezzo+Belluno,+Veneto,+Italia&amp;ll=46.13417,12.32666&amp;spn=1.652073,3.510132&amp;t=h&amp;z=8&amp;iwloc=lyrftr:h,6517560472340122226,46.183634,12.041016\"><br \/>\n<\/a><\/p>\n","protected":false},"excerpt":{"rendered":"<p>Quelques id\u00e9es pour passer une journ\u00e9e au frais des montagnes.<\/p>\n","protected":false},"author":3,"featured_media":4644,"parent":9073,"menu_order":81,"comment_status":"closed","ping_status":"closed","template":"","meta":{"_acf_changed":false},"class_list":["post-9109","page","type-page","status-publish","has-post-thumbnail","hentry"],"acf":[],"yoast_head":"<!-- This site is optimized with the Yoast SEO plugin v25.3 - https:\/\/yoast.com\/wordpress\/plugins\/seo\/ -->\n<title>Randonn\u00e9e dans les Dolomites: de la mer \u00e0 la montagne &#8211; Camping Ca&#039; Savio<\/title>\n<meta name=\"description\" content=\"Un tour en montagne? Pourquoi pas? Les Dolomites ne sont pas tr\u00e8s loin du Camping Ca\u2019Savio, qui se trouve au bord de la mer Adriatique en Italie du Nord.\" \/>\n<meta name=\"robots\" content=\"index, follow, max-snippet:-1, max-image-preview:large, max-video-preview:-1\" \/>\n<link rel=\"canonical\" href=\"https:\/\/www.casavio.com\/fr\/environs\/dolomites\/\" \/>\n<meta property=\"og:locale\" content=\"fr_FR\" \/>\n<meta property=\"og:type\" content=\"article\" \/>\n<meta property=\"og:title\" content=\"Randonn\u00e9e dans les Dolomites: de la mer \u00e0 la montagne &#8211; Camping Ca&#039; Savio\" \/>\n<meta property=\"og:description\" content=\"Un tour en montagne? Pourquoi pas? Les Dolomites ne sont pas tr\u00e8s loin du Camping Ca\u2019Savio, qui se trouve au bord de la mer Adriatique en Italie du Nord.\" \/>\n<meta property=\"og:url\" content=\"https:\/\/www.casavio.com\/fr\/environs\/dolomites\/\" \/>\n<meta property=\"og:site_name\" content=\"Camping Ca&#039; Savio\" \/>\n<meta property=\"article:publisher\" content=\"https:\/\/www.facebook.com\/campingcasavio\" \/>\n<meta property=\"article:modified_time\" content=\"2022-11-21T11:05:23+00:00\" \/>\n<meta property=\"og:image\" content=\"https:\/\/www.casavio.com\/wp-content\/uploads\/2019\/11\/ca-savio-territorio-dolomiti.jpg\" \/>\n\t<meta property=\"og:image:width\" content=\"440\" \/>\n\t<meta property=\"og:image:height\" content=\"600\" \/>\n\t<meta property=\"og:image:type\" content=\"image\/jpeg\" \/>\n<meta name=\"twitter:card\" content=\"summary_large_image\" \/>\n<script type=\"application\/ld+json\" class=\"yoast-schema-graph\">{\"@context\":\"https:\/\/schema.org\",\"@graph\":[{\"@type\":\"WebPage\",\"@id\":\"https:\/\/www.casavio.com\/fr\/environs\/dolomites\/\",\"url\":\"https:\/\/www.casavio.com\/fr\/environs\/dolomites\/\",\"name\":\"Randonn\u00e9e dans les Dolomites: de la mer \u00e0 la montagne &#8211; Camping Ca&#039; Savio\",\"isPartOf\":{\"@id\":\"https:\/\/www.casavio.com\/fr\/#website\"},\"primaryImageOfPage\":{\"@id\":\"https:\/\/www.casavio.com\/fr\/environs\/dolomites\/#primaryimage\"},\"image\":{\"@id\":\"https:\/\/www.casavio.com\/fr\/environs\/dolomites\/#primaryimage\"},\"thumbnailUrl\":\"https:\/\/www.casavio.com\/wp-content\/uploads\/2019\/11\/ca-savio-territorio-dolomiti.jpg\",\"datePublished\":\"2019-11-07T10:19:08+00:00\",\"dateModified\":\"2022-11-21T11:05:23+00:00\",\"description\":\"Un tour en montagne? Pourquoi pas? Les Dolomites ne sont pas tr\u00e8s loin du Camping Ca\u2019Savio, qui se trouve au bord de la mer Adriatique en Italie du Nord.\",\"breadcrumb\":{\"@id\":\"https:\/\/www.casavio.com\/fr\/environs\/dolomites\/#breadcrumb\"},\"inLanguage\":\"fr-FR\",\"potentialAction\":[{\"@type\":\"ReadAction\",\"target\":[\"https:\/\/www.casavio.com\/fr\/environs\/dolomites\/\"]}]},{\"@type\":\"ImageObject\",\"inLanguage\":\"fr-FR\",\"@id\":\"https:\/\/www.casavio.com\/fr\/environs\/dolomites\/#primaryimage\",\"url\":\"https:\/\/www.casavio.com\/wp-content\/uploads\/2019\/11\/ca-savio-territorio-dolomiti.jpg\",\"contentUrl\":\"https:\/\/www.casavio.com\/wp-content\/uploads\/2019\/11\/ca-savio-territorio-dolomiti.jpg\",\"width\":440,\"height\":600},{\"@type\":\"BreadcrumbList\",\"@id\":\"https:\/\/www.casavio.com\/fr\/environs\/dolomites\/#breadcrumb\",\"itemListElement\":[{\"@type\":\"ListItem\",\"position\":1,\"name\":\"Home\",\"item\":\"https:\/\/www.casavio.com\/fr\/\"},{\"@type\":\"ListItem\",\"position\":2,\"name\":\"Environs\",\"item\":\"https:\/\/www.casavio.com\/fr\/environs\/\"},{\"@type\":\"ListItem\",\"position\":3,\"name\":\"Dolomites\"}]},{\"@type\":\"WebSite\",\"@id\":\"https:\/\/www.casavio.com\/fr\/#website\",\"url\":\"https:\/\/www.casavio.com\/fr\/\",\"name\":\"Camping Ca&#039; Savio\",\"description\":\"\",\"publisher\":{\"@id\":\"https:\/\/www.casavio.com\/fr\/#organization\"},\"potentialAction\":[{\"@type\":\"SearchAction\",\"target\":{\"@type\":\"EntryPoint\",\"urlTemplate\":\"https:\/\/www.casavio.com\/fr\/?s={search_term_string}\"},\"query-input\":{\"@type\":\"PropertyValueSpecification\",\"valueRequired\":true,\"valueName\":\"search_term_string\"}}],\"inLanguage\":\"fr-FR\"},{\"@type\":\"Organization\",\"@id\":\"https:\/\/www.casavio.com\/fr\/#organization\",\"name\":\"Camping Ca'Savio\",\"url\":\"https:\/\/www.casavio.com\/fr\/\",\"logo\":{\"@type\":\"ImageObject\",\"inLanguage\":\"fr-FR\",\"@id\":\"https:\/\/www.casavio.com\/fr\/#\/schema\/logo\/image\/\",\"url\":\"https:\/\/www.casavio.com\/wp-content\/uploads\/2024\/04\/favicon.png\",\"contentUrl\":\"https:\/\/www.casavio.com\/wp-content\/uploads\/2024\/04\/favicon.png\",\"width\":144,\"height\":144,\"caption\":\"Camping Ca'Savio\"},\"image\":{\"@id\":\"https:\/\/www.casavio.com\/fr\/#\/schema\/logo\/image\/\"},\"sameAs\":[\"https:\/\/www.facebook.com\/campingcasavio\",\"https:\/\/www.instagram.com\/campingcasavio\",\"https:\/\/www.youtube.com\/user\/campingcasavio\"]}]}<\/script>\n<!-- \/ Yoast SEO plugin. -->","yoast_head_json":{"title":"Randonn\u00e9e dans les Dolomites: de la mer \u00e0 la montagne &#8211; Camping Ca&#039; Savio","description":"Un tour en montagne? Pourquoi pas? Les Dolomites ne sont pas tr\u00e8s loin du Camping Ca\u2019Savio, qui se trouve au bord de la mer Adriatique en Italie du Nord.","robots":{"index":"index","follow":"follow","max-snippet":"max-snippet:-1","max-image-preview":"max-image-preview:large","max-video-preview":"max-video-preview:-1"},"canonical":"https:\/\/www.casavio.com\/fr\/environs\/dolomites\/","og_locale":"fr_FR","og_type":"article","og_title":"Randonn\u00e9e dans les Dolomites: de la mer \u00e0 la montagne &#8211; Camping Ca&#039; Savio","og_description":"Un tour en montagne? Pourquoi pas? Les Dolomites ne sont pas tr\u00e8s loin du Camping Ca\u2019Savio, qui se trouve au bord de la mer Adriatique en Italie du Nord.","og_url":"https:\/\/www.casavio.com\/fr\/environs\/dolomites\/","og_site_name":"Camping Ca&#039; Savio","article_publisher":"https:\/\/www.facebook.com\/campingcasavio","article_modified_time":"2022-11-21T11:05:23+00:00","og_image":[{"width":440,"height":600,"url":"https:\/\/www.casavio.com\/wp-content\/uploads\/2019\/11\/ca-savio-territorio-dolomiti.jpg","type":"image\/jpeg"}],"twitter_card":"summary_large_image","schema":{"@context":"https:\/\/schema.org","@graph":[{"@type":"WebPage","@id":"https:\/\/www.casavio.com\/fr\/environs\/dolomites\/","url":"https:\/\/www.casavio.com\/fr\/environs\/dolomites\/","name":"Randonn\u00e9e dans les Dolomites: de la mer \u00e0 la montagne &#8211; Camping Ca&#039; Savio","isPartOf":{"@id":"https:\/\/www.casavio.com\/fr\/#website"},"primaryImageOfPage":{"@id":"https:\/\/www.casavio.com\/fr\/environs\/dolomites\/#primaryimage"},"image":{"@id":"https:\/\/www.casavio.com\/fr\/environs\/dolomites\/#primaryimage"},"thumbnailUrl":"https:\/\/www.casavio.com\/wp-content\/uploads\/2019\/11\/ca-savio-territorio-dolomiti.jpg","datePublished":"2019-11-07T10:19:08+00:00","dateModified":"2022-11-21T11:05:23+00:00","description":"Un tour en montagne? Pourquoi pas? Les Dolomites ne sont pas tr\u00e8s loin du Camping Ca\u2019Savio, qui se trouve au bord de la mer Adriatique en Italie du Nord.","breadcrumb":{"@id":"https:\/\/www.casavio.com\/fr\/environs\/dolomites\/#breadcrumb"},"inLanguage":"fr-FR","potentialAction":[{"@type":"ReadAction","target":["https:\/\/www.casavio.com\/fr\/environs\/dolomites\/"]}]},{"@type":"ImageObject","inLanguage":"fr-FR","@id":"https:\/\/www.casavio.com\/fr\/environs\/dolomites\/#primaryimage","url":"https:\/\/www.casavio.com\/wp-content\/uploads\/2019\/11\/ca-savio-territorio-dolomiti.jpg","contentUrl":"https:\/\/www.casavio.com\/wp-content\/uploads\/2019\/11\/ca-savio-territorio-dolomiti.jpg","width":440,"height":600},{"@type":"BreadcrumbList","@id":"https:\/\/www.casavio.com\/fr\/environs\/dolomites\/#breadcrumb","itemListElement":[{"@type":"ListItem","position":1,"name":"Home","item":"https:\/\/www.casavio.com\/fr\/"},{"@type":"ListItem","position":2,"name":"Environs","item":"https:\/\/www.casavio.com\/fr\/environs\/"},{"@type":"ListItem","position":3,"name":"Dolomites"}]},{"@type":"WebSite","@id":"https:\/\/www.casavio.com\/fr\/#website","url":"https:\/\/www.casavio.com\/fr\/","name":"Camping Ca&#039; Savio","description":"","publisher":{"@id":"https:\/\/www.casavio.com\/fr\/#organization"},"potentialAction":[{"@type":"SearchAction","target":{"@type":"EntryPoint","urlTemplate":"https:\/\/www.casavio.com\/fr\/?s={search_term_string}"},"query-input":{"@type":"PropertyValueSpecification","valueRequired":true,"valueName":"search_term_string"}}],"inLanguage":"fr-FR"},{"@type":"Organization","@id":"https:\/\/www.casavio.com\/fr\/#organization","name":"Camping Ca'Savio","url":"https:\/\/www.casavio.com\/fr\/","logo":{"@type":"ImageObject","inLanguage":"fr-FR","@id":"https:\/\/www.casavio.com\/fr\/#\/schema\/logo\/image\/","url":"https:\/\/www.casavio.com\/wp-content\/uploads\/2024\/04\/favicon.png","contentUrl":"https:\/\/www.casavio.com\/wp-content\/uploads\/2024\/04\/favicon.png","width":144,"height":144,"caption":"Camping Ca'Savio"},"image":{"@id":"https:\/\/www.casavio.com\/fr\/#\/schema\/logo\/image\/"},"sameAs":["https:\/\/www.facebook.com\/campingcasavio","https:\/\/www.instagram.com\/campingcasavio","https:\/\/www.youtube.com\/user\/campingcasavio"]}]}},"_links":{"self":[{"href":"https:\/\/www.casavio.com\/fr\/wp-json\/wp\/v2\/pages\/9109","targetHints":{"allow":["GET"]}}],"collection":[{"href":"https:\/\/www.casavio.com\/fr\/wp-json\/wp\/v2\/pages"}],"about":[{"href":"https:\/\/www.casavio.com\/fr\/wp-json\/wp\/v2\/types\/page"}],"author":[{"embeddable":true,"href":"https:\/\/www.casavio.com\/fr\/wp-json\/wp\/v2\/users\/3"}],"replies":[{"embeddable":true,"href":"https:\/\/www.casavio.com\/fr\/wp-json\/wp\/v2\/comments?post=9109"}],"version-history":[{"count":2,"href":"https:\/\/www.casavio.com\/fr\/wp-json\/wp\/v2\/pages\/9109\/revisions"}],"predecessor-version":[{"id":9110,"href":"https:\/\/www.casavio.com\/fr\/wp-json\/wp\/v2\/pages\/9109\/revisions\/9110"}],"up":[{"embeddable":true,"href":"https:\/\/www.casavio.com\/fr\/wp-json\/wp\/v2\/pages\/9073"}],"wp:featuredmedia":[{"embeddable":true,"href":"https:\/\/www.casavio.com\/fr\/wp-json\/wp\/v2\/media\/4644"}],"wp:attachment":[{"href":"https:\/\/www.casavio.com\/fr\/wp-json\/wp\/v2\/media?parent=9109"}],"curies":[{"name":"wp","href":"https:\/\/api.w.org\/{rel}","templated":true}]}}