{"id":9132,"date":"2019-11-07T11:32:36","date_gmt":"2019-11-07T10:32:36","guid":{"rendered":"https:\/\/www.casavio.com\/contactez-nous\/come-prenotare\/"},"modified":"2026-02-06T14:13:27","modified_gmt":"2026-02-06T13:13:27","slug":"comment-reserver","status":"publish","type":"page","link":"https:\/\/www.casavio.com\/fr\/contactez-nous\/comment-reserver\/","title":{"rendered":"Comment r\u00e9server"},"content":{"rendered":"<p>Vous voulez r\u00e9server vos vacances au Camping Ca&rsquo;Savio? Voici comment faire!<\/p>\n<h4><a href=\"https:\/\/reservations.casavio.com\/\" target=\"_blank\" rel=\"noopener noreferrer\">R\u00e9server en ligne<\/a><\/h4>\n<p>V\u00e9rifiez rapidement et facilement la <strong>disponibilit\u00e9<\/strong> du logement ou de l&#8217;emplacement que vous pr\u00e9f\u00e9rez, r\u00e9servez votre s\u00e9jour en <strong>quelques clics<\/strong>, payez l&rsquo;acompte en toute s\u00e9curit\u00e9 par <strong>carte de cr\u00e9dit \/ Paypal<\/strong> et votre r\u00e9servation sera<strong> imm\u00e9diatement confirm\u00e9e<\/strong>. Si vous choisissez le <strong>virement bancaire<\/strong> comme moyen de paiement, vous recevrez un <strong>email<\/strong> avec toutes les indications: montant, expiration et d\u00e9tails pour effectuer le paiement.<\/p>\n<h4><a href=\"https:\/\/reservations.casavio.com\/contact\" target=\"_blank\" rel=\"noopener noreferrer\">Demande via <u>formulaire<\/u> <\/a><\/h4>\n<p>Si vous souhaitez recevoir un devis sans engagement ou plus d&rsquo;informations, remplissez le formulaire et indiquez le nombre de personnes, la typologie du logement ou de l&#8217;emplacement.<\/p>\n<p>Si vous souhaitez r\u00e9server, nous v\u00e9rifierons la disponibilit\u00e9 de nouveau et transformerons votre devis en r\u00e9servation, que vous pourrez confirmer avec le moyen de paiement que vous pr\u00e9f\u00e9rez.<\/p>\n<p><strong>Nous vous rappelons que:<\/strong><\/p>\n<ul>\n<li>L&rsquo;<strong>acompte<\/strong> demand\u00e9 pour confirmer votre r\u00e9servation correspond au <strong>30% de la valeur totale<\/strong> du s\u00e9jour et vous paierez le solde directement au camping pendant votre s\u00e9jour.<\/li>\n<li>Dans le cas de paiements par <strong>virement bancaire<\/strong> sur le compte de l&rsquo;entreprise \u00ab\u00a0Vianello Vittorio S.p.A.\u00a0\u00bb, d\u2019\u00e9ventuels frais de commission pour l&rsquo;op\u00e9ration peuvent s\u2019appliquer selon votre banque.<\/li>\n<li>Le <strong>nom d&rsquo;utilisateur et mot de passe<\/strong> utilis\u00e9s lors de la r\u00e9servation sont strictement personnels et peuvent \u00eatre li\u00e9s \u00e0 un seul titulaire de la r\u00e9servation.<\/li>\n<li>Vous pourrez utiliser votre nom d&rsquo;utilisateur et mot de passe \u00e0 l&rsquo;avenir pour d&rsquo;autres r\u00e9servations et pour acc\u00e9der \u00e0 <a href=\"https:\/\/reservations.casavio.com\/search\" target=\"_blank\" rel=\"noopener noreferrer\"><u>l\u2019espace r\u00e9serv\u00e9<\/u><\/a>, o\u00f9 vous pouvez modifier vos donn\u00e9es, voir les d\u00e9tails de vos r\u00e9servations et changer le moyen de paiement pr\u00e9c\u00e9demment choisi (du virement bancaire \u00e0 la carte de cr\u00e9dit \/ Paypal et vice versa).<\/li>\n<\/ul>\n","protected":false},"excerpt":{"rendered":"<p>Toutes les indications, \u00e9tape par \u00e9tape.<\/p>\n","protected":false},"author":3,"featured_media":4387,"parent":9128,"menu_order":89,"comment_status":"closed","ping_status":"closed","template":"","meta":{"_acf_changed":false},"class_list":["post-9132","page","type-page","status-publish","has-post-thumbnail","hentry"],"acf":[],"yoast_head":"<!-- This site is optimized with the Yoast SEO plugin v25.3 - https:\/\/yoast.com\/wordpress\/plugins\/seo\/ -->\n<title>R\u00e9servez le camping en ligne &#8211; Camping Ca&#039; Savio<\/title>\n<meta name=\"description\" content=\"Vous souhaitez r\u00e9server des vacances au Camping Ca \u2019Savio? Voici comment proc\u00e9der!\" \/>\n<meta name=\"robots\" content=\"index, follow, max-snippet:-1, max-image-preview:large, max-video-preview:-1\" \/>\n<link rel=\"canonical\" href=\"https:\/\/www.casavio.com\/fr\/contactez-nous\/comment-reserver\/\" \/>\n<meta property=\"og:locale\" content=\"fr_FR\" \/>\n<meta property=\"og:type\" content=\"article\" \/>\n<meta property=\"og:title\" content=\"R\u00e9servez le camping en ligne &#8211; Camping Ca&#039; Savio\" \/>\n<meta property=\"og:description\" content=\"Vous souhaitez r\u00e9server des vacances au Camping Ca \u2019Savio? Voici comment proc\u00e9der!\" \/>\n<meta property=\"og:url\" content=\"https:\/\/www.casavio.com\/fr\/contactez-nous\/comment-reserver\/\" \/>\n<meta property=\"og:site_name\" content=\"Camping Ca&#039; Savio\" \/>\n<meta property=\"article:publisher\" content=\"https:\/\/www.facebook.com\/campingcasavio\" \/>\n<meta property=\"article:modified_time\" content=\"2026-02-06T13:13:27+00:00\" \/>\n<meta property=\"og:image\" content=\"https:\/\/www.casavio.com\/wp-content\/uploads\/2019\/11\/ca-savio-contatti-come-prenotare.jpg\" \/>\n\t<meta property=\"og:image:width\" content=\"440\" \/>\n\t<meta property=\"og:image:height\" content=\"600\" \/>\n\t<meta property=\"og:image:type\" content=\"image\/jpeg\" \/>\n<meta name=\"twitter:card\" content=\"summary_large_image\" \/>\n<meta name=\"twitter:label1\" content=\"Dur\u00e9e de lecture estim\u00e9e\" \/>\n\t<meta name=\"twitter:data1\" content=\"2 minutes\" \/>\n<script type=\"application\/ld+json\" class=\"yoast-schema-graph\">{\"@context\":\"https:\/\/schema.org\",\"@graph\":[{\"@type\":\"WebPage\",\"@id\":\"https:\/\/www.casavio.com\/fr\/contactez-nous\/comment-reserver\/\",\"url\":\"https:\/\/www.casavio.com\/fr\/contactez-nous\/comment-reserver\/\",\"name\":\"R\u00e9servez le camping en ligne &#8211; Camping Ca&#039; Savio\",\"isPartOf\":{\"@id\":\"https:\/\/www.casavio.com\/fr\/#website\"},\"primaryImageOfPage\":{\"@id\":\"https:\/\/www.casavio.com\/fr\/contactez-nous\/comment-reserver\/#primaryimage\"},\"image\":{\"@id\":\"https:\/\/www.casavio.com\/fr\/contactez-nous\/comment-reserver\/#primaryimage\"},\"thumbnailUrl\":\"https:\/\/www.casavio.com\/wp-content\/uploads\/2019\/11\/ca-savio-contatti-come-prenotare.jpg\",\"datePublished\":\"2019-11-07T10:32:36+00:00\",\"dateModified\":\"2026-02-06T13:13:27+00:00\",\"description\":\"Vous souhaitez r\u00e9server des vacances au Camping Ca \u2019Savio? Voici comment proc\u00e9der!\",\"breadcrumb\":{\"@id\":\"https:\/\/www.casavio.com\/fr\/contactez-nous\/comment-reserver\/#breadcrumb\"},\"inLanguage\":\"fr-FR\",\"potentialAction\":[{\"@type\":\"ReadAction\",\"target\":[\"https:\/\/www.casavio.com\/fr\/contactez-nous\/comment-reserver\/\"]}]},{\"@type\":\"ImageObject\",\"inLanguage\":\"fr-FR\",\"@id\":\"https:\/\/www.casavio.com\/fr\/contactez-nous\/comment-reserver\/#primaryimage\",\"url\":\"https:\/\/www.casavio.com\/wp-content\/uploads\/2019\/11\/ca-savio-contatti-come-prenotare.jpg\",\"contentUrl\":\"https:\/\/www.casavio.com\/wp-content\/uploads\/2019\/11\/ca-savio-contatti-come-prenotare.jpg\",\"width\":440,\"height\":600},{\"@type\":\"BreadcrumbList\",\"@id\":\"https:\/\/www.casavio.com\/fr\/contactez-nous\/comment-reserver\/#breadcrumb\",\"itemListElement\":[{\"@type\":\"ListItem\",\"position\":1,\"name\":\"Home\",\"item\":\"https:\/\/www.casavio.com\/fr\/\"},{\"@type\":\"ListItem\",\"position\":2,\"name\":\"Contactez-nous\",\"item\":\"https:\/\/www.casavio.com\/fr\/contactez-nous\/\"},{\"@type\":\"ListItem\",\"position\":3,\"name\":\"Comment r\u00e9server\"}]},{\"@type\":\"WebSite\",\"@id\":\"https:\/\/www.casavio.com\/fr\/#website\",\"url\":\"https:\/\/www.casavio.com\/fr\/\",\"name\":\"Camping Ca&#039; Savio\",\"description\":\"\",\"publisher\":{\"@id\":\"https:\/\/www.casavio.com\/fr\/#organization\"},\"potentialAction\":[{\"@type\":\"SearchAction\",\"target\":{\"@type\":\"EntryPoint\",\"urlTemplate\":\"https:\/\/www.casavio.com\/fr\/?s={search_term_string}\"},\"query-input\":{\"@type\":\"PropertyValueSpecification\",\"valueRequired\":true,\"valueName\":\"search_term_string\"}}],\"inLanguage\":\"fr-FR\"},{\"@type\":\"Organization\",\"@id\":\"https:\/\/www.casavio.com\/fr\/#organization\",\"name\":\"Camping Ca'Savio\",\"url\":\"https:\/\/www.casavio.com\/fr\/\",\"logo\":{\"@type\":\"ImageObject\",\"inLanguage\":\"fr-FR\",\"@id\":\"https:\/\/www.casavio.com\/fr\/#\/schema\/logo\/image\/\",\"url\":\"https:\/\/www.casavio.com\/wp-content\/uploads\/2024\/04\/favicon.png\",\"contentUrl\":\"https:\/\/www.casavio.com\/wp-content\/uploads\/2024\/04\/favicon.png\",\"width\":144,\"height\":144,\"caption\":\"Camping Ca'Savio\"},\"image\":{\"@id\":\"https:\/\/www.casavio.com\/fr\/#\/schema\/logo\/image\/\"},\"sameAs\":[\"https:\/\/www.facebook.com\/campingcasavio\",\"https:\/\/www.instagram.com\/campingcasavio\",\"https:\/\/www.youtube.com\/user\/campingcasavio\"]}]}<\/script>\n<!-- \/ Yoast SEO plugin. -->","yoast_head_json":{"title":"R\u00e9servez le camping en ligne &#8211; Camping Ca&#039; Savio","description":"Vous souhaitez r\u00e9server des vacances au Camping Ca \u2019Savio? Voici comment proc\u00e9der!","robots":{"index":"index","follow":"follow","max-snippet":"max-snippet:-1","max-image-preview":"max-image-preview:large","max-video-preview":"max-video-preview:-1"},"canonical":"https:\/\/www.casavio.com\/fr\/contactez-nous\/comment-reserver\/","og_locale":"fr_FR","og_type":"article","og_title":"R\u00e9servez le camping en ligne &#8211; Camping Ca&#039; Savio","og_description":"Vous souhaitez r\u00e9server des vacances au Camping Ca \u2019Savio? Voici comment proc\u00e9der!","og_url":"https:\/\/www.casavio.com\/fr\/contactez-nous\/comment-reserver\/","og_site_name":"Camping Ca&#039; Savio","article_publisher":"https:\/\/www.facebook.com\/campingcasavio","article_modified_time":"2026-02-06T13:13:27+00:00","og_image":[{"width":440,"height":600,"url":"https:\/\/www.casavio.com\/wp-content\/uploads\/2019\/11\/ca-savio-contatti-come-prenotare.jpg","type":"image\/jpeg"}],"twitter_card":"summary_large_image","twitter_misc":{"Dur\u00e9e de lecture estim\u00e9e":"2 minutes"},"schema":{"@context":"https:\/\/schema.org","@graph":[{"@type":"WebPage","@id":"https:\/\/www.casavio.com\/fr\/contactez-nous\/comment-reserver\/","url":"https:\/\/www.casavio.com\/fr\/contactez-nous\/comment-reserver\/","name":"R\u00e9servez le camping en ligne &#8211; Camping Ca&#039; Savio","isPartOf":{"@id":"https:\/\/www.casavio.com\/fr\/#website"},"primaryImageOfPage":{"@id":"https:\/\/www.casavio.com\/fr\/contactez-nous\/comment-reserver\/#primaryimage"},"image":{"@id":"https:\/\/www.casavio.com\/fr\/contactez-nous\/comment-reserver\/#primaryimage"},"thumbnailUrl":"https:\/\/www.casavio.com\/wp-content\/uploads\/2019\/11\/ca-savio-contatti-come-prenotare.jpg","datePublished":"2019-11-07T10:32:36+00:00","dateModified":"2026-02-06T13:13:27+00:00","description":"Vous souhaitez r\u00e9server des vacances au Camping Ca \u2019Savio? Voici comment proc\u00e9der!","breadcrumb":{"@id":"https:\/\/www.casavio.com\/fr\/contactez-nous\/comment-reserver\/#breadcrumb"},"inLanguage":"fr-FR","potentialAction":[{"@type":"ReadAction","target":["https:\/\/www.casavio.com\/fr\/contactez-nous\/comment-reserver\/"]}]},{"@type":"ImageObject","inLanguage":"fr-FR","@id":"https:\/\/www.casavio.com\/fr\/contactez-nous\/comment-reserver\/#primaryimage","url":"https:\/\/www.casavio.com\/wp-content\/uploads\/2019\/11\/ca-savio-contatti-come-prenotare.jpg","contentUrl":"https:\/\/www.casavio.com\/wp-content\/uploads\/2019\/11\/ca-savio-contatti-come-prenotare.jpg","width":440,"height":600},{"@type":"BreadcrumbList","@id":"https:\/\/www.casavio.com\/fr\/contactez-nous\/comment-reserver\/#breadcrumb","itemListElement":[{"@type":"ListItem","position":1,"name":"Home","item":"https:\/\/www.casavio.com\/fr\/"},{"@type":"ListItem","position":2,"name":"Contactez-nous","item":"https:\/\/www.casavio.com\/fr\/contactez-nous\/"},{"@type":"ListItem","position":3,"name":"Comment r\u00e9server"}]},{"@type":"WebSite","@id":"https:\/\/www.casavio.com\/fr\/#website","url":"https:\/\/www.casavio.com\/fr\/","name":"Camping Ca&#039; Savio","description":"","publisher":{"@id":"https:\/\/www.casavio.com\/fr\/#organization"},"potentialAction":[{"@type":"SearchAction","target":{"@type":"EntryPoint","urlTemplate":"https:\/\/www.casavio.com\/fr\/?s={search_term_string}"},"query-input":{"@type":"PropertyValueSpecification","valueRequired":true,"valueName":"search_term_string"}}],"inLanguage":"fr-FR"},{"@type":"Organization","@id":"https:\/\/www.casavio.com\/fr\/#organization","name":"Camping Ca'Savio","url":"https:\/\/www.casavio.com\/fr\/","logo":{"@type":"ImageObject","inLanguage":"fr-FR","@id":"https:\/\/www.casavio.com\/fr\/#\/schema\/logo\/image\/","url":"https:\/\/www.casavio.com\/wp-content\/uploads\/2024\/04\/favicon.png","contentUrl":"https:\/\/www.casavio.com\/wp-content\/uploads\/2024\/04\/favicon.png","width":144,"height":144,"caption":"Camping Ca'Savio"},"image":{"@id":"https:\/\/www.casavio.com\/fr\/#\/schema\/logo\/image\/"},"sameAs":["https:\/\/www.facebook.com\/campingcasavio","https:\/\/www.instagram.com\/campingcasavio","https:\/\/www.youtube.com\/user\/campingcasavio"]}]}},"_links":{"self":[{"href":"https:\/\/www.casavio.com\/fr\/wp-json\/wp\/v2\/pages\/9132","targetHints":{"allow":["GET"]}}],"collection":[{"href":"https:\/\/www.casavio.com\/fr\/wp-json\/wp\/v2\/pages"}],"about":[{"href":"https:\/\/www.casavio.com\/fr\/wp-json\/wp\/v2\/types\/page"}],"author":[{"embeddable":true,"href":"https:\/\/www.casavio.com\/fr\/wp-json\/wp\/v2\/users\/3"}],"replies":[{"embeddable":true,"href":"https:\/\/www.casavio.com\/fr\/wp-json\/wp\/v2\/comments?post=9132"}],"version-history":[{"count":2,"href":"https:\/\/www.casavio.com\/fr\/wp-json\/wp\/v2\/pages\/9132\/revisions"}],"predecessor-version":[{"id":45882,"href":"https:\/\/www.casavio.com\/fr\/wp-json\/wp\/v2\/pages\/9132\/revisions\/45882"}],"up":[{"embeddable":true,"href":"https:\/\/www.casavio.com\/fr\/wp-json\/wp\/v2\/pages\/9128"}],"wp:featuredmedia":[{"embeddable":true,"href":"https:\/\/www.casavio.com\/fr\/wp-json\/wp\/v2\/media\/4387"}],"wp:attachment":[{"href":"https:\/\/www.casavio.com\/fr\/wp-json\/wp\/v2\/media?parent=9132"}],"curies":[{"name":"wp","href":"https:\/\/api.w.org\/{rel}","templated":true}]}}