{"id":9144,"date":"2019-11-27T11:54:29","date_gmt":"2019-11-27T10:54:29","guid":{"rendered":"https:\/\/www.casavio.com\/ou-sommes-nous\/come-raggiungerci-in-treno\/"},"modified":"2024-05-03T11:50:16","modified_gmt":"2024-05-03T09:50:16","slug":"comment-nous-rejoindre-en-train","status":"publish","type":"page","link":"https:\/\/www.casavio.com\/fr\/ou-sommes-nous\/comment-nous-rejoindre-en-train\/","title":{"rendered":"En train"},"content":{"rendered":"<p>Choisissez le train pour rejoindre le Camping Ca&rsquo;Savio : c&rsquo;est l&rsquo;un des moyens les plus <strong>respectueux de l&rsquo;environnement<\/strong>. Vous nous aiderez \u00e0 soutenir notre engagement pour un tourisme r\u00e9g\u00e9n\u00e9rateur et vous pourrez voyager de mani\u00e8re plus <strong>relaxante<\/strong>.<\/p>\n<p><strong>Comment se rendre au Camping Ca&rsquo;Savio en train<\/strong><\/p>\n<p>Vous pouvez arriver \u00e0 la <strong>gare de Venise St. Lucia<\/strong> ou \u00e0 la gare de <strong>Venise-Mestre<\/strong>.<\/p>\n<p>L&rsquo;arriv\u00e9e \u00e0 la gare de Venise St. Lucia est plus pittoresque, mais vous devrez changer deux lignes de bateau et vous rendre ensuite au camping en bus.<br \/>\nL&rsquo;arriv\u00e9e \u00e0 Venise-Mestre est certainement <strong>plus pratique<\/strong> et <strong>nous la recommandons<\/strong>.<\/p>\n<p>Une fois arriv\u00e9 \u00e0 la gare de Venise-Mestre, si vous souhaitez utiliser les transports publics, vous devrez :<\/p>\n<ul>\n<li>Pr\u00e8s de la gare ferroviaire, prendre un bus ATVO jusqu\u2019\u00e0 la gare routi\u00e8re de\u00a0<strong>Jesolo Lido-Autostazione\u00a0\u00a0<\/strong><\/li>\n<li>\u00c0 Jesolo prendre le bus n.<strong>5<\/strong>\u00a0ATVO pour\u00a0<strong>Punta Sabbioni<\/strong> et descendre au centre de Ca\u2019Savio<\/li>\n<li>Vous trouverez le camping environ \u00e0\u00a0<strong>800 m<\/strong>\u00a0du centre de Ca\u2019Savio (direction plage). Vous pouvez rejoindre le camping \u00e0 pied en 10 minutes.<\/li>\n<\/ul>\n<p>Nous pouvons \u00e9galement organiser un <strong>transfert en taxi de la gare de Venise-Mestre<\/strong> au camping. Demandez le service en remplissant le formulaire ci-dessous.<\/p>\n<p>&nbsp;<\/p>\n","protected":false},"excerpt":{"rendered":"<p>De la gare ferroviaire de Venise-Mestre et Venise-S. Lucia.<\/p>\n","protected":false},"author":4,"featured_media":29761,"parent":9135,"menu_order":0,"comment_status":"closed","ping_status":"closed","template":"templates\/tpl-taxi-transfer-train.php","meta":{"_acf_changed":false},"class_list":["post-9144","page","type-page","status-publish","has-post-thumbnail","hentry"],"acf":[],"yoast_head":"<!-- This site is optimized with the Yoast SEO plugin v25.3 - https:\/\/yoast.com\/wordpress\/plugins\/seo\/ -->\n<title>O\u00f9 sommes-nous et comment nous rejoindre en train &#8211; Camping Ca&#039; Savio<\/title>\n<meta name=\"description\" content=\"Indications et informations point par point pour nous rejoindre si vous arrivez en train. Ca &#039;Savio est disponible pour vous aider. Contactez-nous pour plus d&#039;informations.\" \/>\n<meta name=\"robots\" content=\"index, follow, max-snippet:-1, max-image-preview:large, max-video-preview:-1\" \/>\n<link rel=\"canonical\" href=\"https:\/\/www.casavio.com\/fr\/ou-sommes-nous\/comment-nous-rejoindre-en-train\/\" \/>\n<meta property=\"og:locale\" content=\"fr_FR\" \/>\n<meta property=\"og:type\" content=\"article\" \/>\n<meta property=\"og:title\" content=\"O\u00f9 sommes-nous et comment nous rejoindre en train &#8211; Camping Ca&#039; Savio\" \/>\n<meta property=\"og:description\" content=\"Indications et informations point par point pour nous rejoindre si vous arrivez en train. Ca &#039;Savio est disponible pour vous aider. Contactez-nous pour plus d&#039;informations.\" \/>\n<meta property=\"og:url\" content=\"https:\/\/www.casavio.com\/fr\/ou-sommes-nous\/comment-nous-rejoindre-en-train\/\" \/>\n<meta property=\"og:site_name\" content=\"Camping Ca&#039; Savio\" \/>\n<meta property=\"article:publisher\" content=\"https:\/\/www.facebook.com\/campingcasavio\" \/>\n<meta property=\"article:modified_time\" content=\"2024-05-03T09:50:16+00:00\" \/>\n<meta property=\"og:image\" content=\"https:\/\/www.casavio.com\/wp-content\/uploads\/2024\/02\/treno_v.jpg\" \/>\n\t<meta property=\"og:image:width\" content=\"440\" \/>\n\t<meta property=\"og:image:height\" content=\"600\" \/>\n\t<meta property=\"og:image:type\" content=\"image\/jpeg\" \/>\n<meta name=\"twitter:card\" content=\"summary_large_image\" \/>\n<meta name=\"twitter:label1\" content=\"Dur\u00e9e de lecture estim\u00e9e\" \/>\n\t<meta name=\"twitter:data1\" content=\"2 minutes\" \/>\n<script type=\"application\/ld+json\" class=\"yoast-schema-graph\">{\"@context\":\"https:\/\/schema.org\",\"@graph\":[{\"@type\":\"WebPage\",\"@id\":\"https:\/\/www.casavio.com\/fr\/ou-sommes-nous\/comment-nous-rejoindre-en-train\/\",\"url\":\"https:\/\/www.casavio.com\/fr\/ou-sommes-nous\/comment-nous-rejoindre-en-train\/\",\"name\":\"O\u00f9 sommes-nous et comment nous rejoindre en train &#8211; Camping Ca&#039; Savio\",\"isPartOf\":{\"@id\":\"https:\/\/www.casavio.com\/fr\/#website\"},\"primaryImageOfPage\":{\"@id\":\"https:\/\/www.casavio.com\/fr\/ou-sommes-nous\/comment-nous-rejoindre-en-train\/#primaryimage\"},\"image\":{\"@id\":\"https:\/\/www.casavio.com\/fr\/ou-sommes-nous\/comment-nous-rejoindre-en-train\/#primaryimage\"},\"thumbnailUrl\":\"https:\/\/www.casavio.com\/wp-content\/uploads\/2024\/02\/treno_v.jpg\",\"datePublished\":\"2019-11-27T10:54:29+00:00\",\"dateModified\":\"2024-05-03T09:50:16+00:00\",\"description\":\"Indications et informations point par point pour nous rejoindre si vous arrivez en train. Ca 'Savio est disponible pour vous aider. Contactez-nous pour plus d'informations.\",\"breadcrumb\":{\"@id\":\"https:\/\/www.casavio.com\/fr\/ou-sommes-nous\/comment-nous-rejoindre-en-train\/#breadcrumb\"},\"inLanguage\":\"fr-FR\",\"potentialAction\":[{\"@type\":\"ReadAction\",\"target\":[\"https:\/\/www.casavio.com\/fr\/ou-sommes-nous\/comment-nous-rejoindre-en-train\/\"]}]},{\"@type\":\"ImageObject\",\"inLanguage\":\"fr-FR\",\"@id\":\"https:\/\/www.casavio.com\/fr\/ou-sommes-nous\/comment-nous-rejoindre-en-train\/#primaryimage\",\"url\":\"https:\/\/www.casavio.com\/wp-content\/uploads\/2024\/02\/treno_v.jpg\",\"contentUrl\":\"https:\/\/www.casavio.com\/wp-content\/uploads\/2024\/02\/treno_v.jpg\",\"width\":440,\"height\":600},{\"@type\":\"BreadcrumbList\",\"@id\":\"https:\/\/www.casavio.com\/fr\/ou-sommes-nous\/comment-nous-rejoindre-en-train\/#breadcrumb\",\"itemListElement\":[{\"@type\":\"ListItem\",\"position\":1,\"name\":\"Home\",\"item\":\"https:\/\/www.casavio.com\/fr\/\"},{\"@type\":\"ListItem\",\"position\":2,\"name\":\"O\u00f9 sommes-nous\",\"item\":\"https:\/\/www.casavio.com\/fr\/ou-sommes-nous\/\"},{\"@type\":\"ListItem\",\"position\":3,\"name\":\"En train\"}]},{\"@type\":\"WebSite\",\"@id\":\"https:\/\/www.casavio.com\/fr\/#website\",\"url\":\"https:\/\/www.casavio.com\/fr\/\",\"name\":\"Camping Ca&#039; Savio\",\"description\":\"\",\"publisher\":{\"@id\":\"https:\/\/www.casavio.com\/fr\/#organization\"},\"potentialAction\":[{\"@type\":\"SearchAction\",\"target\":{\"@type\":\"EntryPoint\",\"urlTemplate\":\"https:\/\/www.casavio.com\/fr\/?s={search_term_string}\"},\"query-input\":{\"@type\":\"PropertyValueSpecification\",\"valueRequired\":true,\"valueName\":\"search_term_string\"}}],\"inLanguage\":\"fr-FR\"},{\"@type\":\"Organization\",\"@id\":\"https:\/\/www.casavio.com\/fr\/#organization\",\"name\":\"Camping Ca'Savio\",\"url\":\"https:\/\/www.casavio.com\/fr\/\",\"logo\":{\"@type\":\"ImageObject\",\"inLanguage\":\"fr-FR\",\"@id\":\"https:\/\/www.casavio.com\/fr\/#\/schema\/logo\/image\/\",\"url\":\"https:\/\/www.casavio.com\/wp-content\/uploads\/2024\/04\/favicon.png\",\"contentUrl\":\"https:\/\/www.casavio.com\/wp-content\/uploads\/2024\/04\/favicon.png\",\"width\":144,\"height\":144,\"caption\":\"Camping Ca'Savio\"},\"image\":{\"@id\":\"https:\/\/www.casavio.com\/fr\/#\/schema\/logo\/image\/\"},\"sameAs\":[\"https:\/\/www.facebook.com\/campingcasavio\",\"https:\/\/www.instagram.com\/campingcasavio\",\"https:\/\/www.youtube.com\/user\/campingcasavio\"]}]}<\/script>\n<!-- \/ Yoast SEO plugin. -->","yoast_head_json":{"title":"O\u00f9 sommes-nous et comment nous rejoindre en train &#8211; Camping Ca&#039; Savio","description":"Indications et informations point par point pour nous rejoindre si vous arrivez en train. Ca 'Savio est disponible pour vous aider. Contactez-nous pour plus d'informations.","robots":{"index":"index","follow":"follow","max-snippet":"max-snippet:-1","max-image-preview":"max-image-preview:large","max-video-preview":"max-video-preview:-1"},"canonical":"https:\/\/www.casavio.com\/fr\/ou-sommes-nous\/comment-nous-rejoindre-en-train\/","og_locale":"fr_FR","og_type":"article","og_title":"O\u00f9 sommes-nous et comment nous rejoindre en train &#8211; Camping Ca&#039; Savio","og_description":"Indications et informations point par point pour nous rejoindre si vous arrivez en train. Ca 'Savio est disponible pour vous aider. Contactez-nous pour plus d'informations.","og_url":"https:\/\/www.casavio.com\/fr\/ou-sommes-nous\/comment-nous-rejoindre-en-train\/","og_site_name":"Camping Ca&#039; Savio","article_publisher":"https:\/\/www.facebook.com\/campingcasavio","article_modified_time":"2024-05-03T09:50:16+00:00","og_image":[{"width":440,"height":600,"url":"https:\/\/www.casavio.com\/wp-content\/uploads\/2024\/02\/treno_v.jpg","type":"image\/jpeg"}],"twitter_card":"summary_large_image","twitter_misc":{"Dur\u00e9e de lecture estim\u00e9e":"2 minutes"},"schema":{"@context":"https:\/\/schema.org","@graph":[{"@type":"WebPage","@id":"https:\/\/www.casavio.com\/fr\/ou-sommes-nous\/comment-nous-rejoindre-en-train\/","url":"https:\/\/www.casavio.com\/fr\/ou-sommes-nous\/comment-nous-rejoindre-en-train\/","name":"O\u00f9 sommes-nous et comment nous rejoindre en train &#8211; Camping Ca&#039; Savio","isPartOf":{"@id":"https:\/\/www.casavio.com\/fr\/#website"},"primaryImageOfPage":{"@id":"https:\/\/www.casavio.com\/fr\/ou-sommes-nous\/comment-nous-rejoindre-en-train\/#primaryimage"},"image":{"@id":"https:\/\/www.casavio.com\/fr\/ou-sommes-nous\/comment-nous-rejoindre-en-train\/#primaryimage"},"thumbnailUrl":"https:\/\/www.casavio.com\/wp-content\/uploads\/2024\/02\/treno_v.jpg","datePublished":"2019-11-27T10:54:29+00:00","dateModified":"2024-05-03T09:50:16+00:00","description":"Indications et informations point par point pour nous rejoindre si vous arrivez en train. Ca 'Savio est disponible pour vous aider. Contactez-nous pour plus d'informations.","breadcrumb":{"@id":"https:\/\/www.casavio.com\/fr\/ou-sommes-nous\/comment-nous-rejoindre-en-train\/#breadcrumb"},"inLanguage":"fr-FR","potentialAction":[{"@type":"ReadAction","target":["https:\/\/www.casavio.com\/fr\/ou-sommes-nous\/comment-nous-rejoindre-en-train\/"]}]},{"@type":"ImageObject","inLanguage":"fr-FR","@id":"https:\/\/www.casavio.com\/fr\/ou-sommes-nous\/comment-nous-rejoindre-en-train\/#primaryimage","url":"https:\/\/www.casavio.com\/wp-content\/uploads\/2024\/02\/treno_v.jpg","contentUrl":"https:\/\/www.casavio.com\/wp-content\/uploads\/2024\/02\/treno_v.jpg","width":440,"height":600},{"@type":"BreadcrumbList","@id":"https:\/\/www.casavio.com\/fr\/ou-sommes-nous\/comment-nous-rejoindre-en-train\/#breadcrumb","itemListElement":[{"@type":"ListItem","position":1,"name":"Home","item":"https:\/\/www.casavio.com\/fr\/"},{"@type":"ListItem","position":2,"name":"O\u00f9 sommes-nous","item":"https:\/\/www.casavio.com\/fr\/ou-sommes-nous\/"},{"@type":"ListItem","position":3,"name":"En train"}]},{"@type":"WebSite","@id":"https:\/\/www.casavio.com\/fr\/#website","url":"https:\/\/www.casavio.com\/fr\/","name":"Camping Ca&#039; Savio","description":"","publisher":{"@id":"https:\/\/www.casavio.com\/fr\/#organization"},"potentialAction":[{"@type":"SearchAction","target":{"@type":"EntryPoint","urlTemplate":"https:\/\/www.casavio.com\/fr\/?s={search_term_string}"},"query-input":{"@type":"PropertyValueSpecification","valueRequired":true,"valueName":"search_term_string"}}],"inLanguage":"fr-FR"},{"@type":"Organization","@id":"https:\/\/www.casavio.com\/fr\/#organization","name":"Camping Ca'Savio","url":"https:\/\/www.casavio.com\/fr\/","logo":{"@type":"ImageObject","inLanguage":"fr-FR","@id":"https:\/\/www.casavio.com\/fr\/#\/schema\/logo\/image\/","url":"https:\/\/www.casavio.com\/wp-content\/uploads\/2024\/04\/favicon.png","contentUrl":"https:\/\/www.casavio.com\/wp-content\/uploads\/2024\/04\/favicon.png","width":144,"height":144,"caption":"Camping Ca'Savio"},"image":{"@id":"https:\/\/www.casavio.com\/fr\/#\/schema\/logo\/image\/"},"sameAs":["https:\/\/www.facebook.com\/campingcasavio","https:\/\/www.instagram.com\/campingcasavio","https:\/\/www.youtube.com\/user\/campingcasavio"]}]}},"_links":{"self":[{"href":"https:\/\/www.casavio.com\/fr\/wp-json\/wp\/v2\/pages\/9144","targetHints":{"allow":["GET"]}}],"collection":[{"href":"https:\/\/www.casavio.com\/fr\/wp-json\/wp\/v2\/pages"}],"about":[{"href":"https:\/\/www.casavio.com\/fr\/wp-json\/wp\/v2\/types\/page"}],"author":[{"embeddable":true,"href":"https:\/\/www.casavio.com\/fr\/wp-json\/wp\/v2\/users\/4"}],"replies":[{"embeddable":true,"href":"https:\/\/www.casavio.com\/fr\/wp-json\/wp\/v2\/comments?post=9144"}],"version-history":[{"count":2,"href":"https:\/\/www.casavio.com\/fr\/wp-json\/wp\/v2\/pages\/9144\/revisions"}],"predecessor-version":[{"id":32010,"href":"https:\/\/www.casavio.com\/fr\/wp-json\/wp\/v2\/pages\/9144\/revisions\/32010"}],"up":[{"embeddable":true,"href":"https:\/\/www.casavio.com\/fr\/wp-json\/wp\/v2\/pages\/9135"}],"wp:featuredmedia":[{"embeddable":true,"href":"https:\/\/www.casavio.com\/fr\/wp-json\/wp\/v2\/media\/29761"}],"wp:attachment":[{"href":"https:\/\/www.casavio.com\/fr\/wp-json\/wp\/v2\/media?parent=9144"}],"curies":[{"name":"wp","href":"https:\/\/api.w.org\/{rel}","templated":true}]}}