{"id":9168,"date":"2019-11-27T11:59:47","date_gmt":"2019-11-27T10:59:47","guid":{"rendered":"https:\/\/www.casavio.com\/come-raggiungere-il-campeggio-casavio-evitando-il-traffico\/"},"modified":"2022-11-21T12:37:23","modified_gmt":"2022-11-21T11:37:23","slug":"comment-rejoindre-le-camping-en-evitant-le-trafic","status":"publish","type":"page","link":"https:\/\/www.casavio.com\/fr\/comment-rejoindre-le-camping-en-evitant-le-trafic\/","title":{"rendered":"Comment rejoindre le Camping Ca&rsquo;Savio en \u00e9vitant le trafic"},"content":{"rendered":"<p>Le Camping Ca&rsquo;Savio se trouve sur la p\u00e9ninsule de Cavallino-Treporti et est accessible en voiture. \u00c0 la sortie de l&rsquo;autoroute, vous devez avant tout rejoindre Jesolo Lido et continuez ensuite en direction de Cavallino-Treporti.<\/p>\n<p>Durant la fin de semaine, vous pouvez rencontrer des ralentissements et queue \u00e0 Jesolo; c&rsquo;est pourquoi, en cas de <strong>trafic<\/strong> intense, au lieu de parcourir Via Roma Destra en direction de Punta Sabbioni, nous vous sugg\u00e9rons d&#8217;emprunter la route parall\u00e8le qui depuis Piazza Brescia, continuant le long de Viale Padania, conduit au pied du <strong>pont<\/strong> qui relie Jesolo \u00e0 Cavallino.<\/p>\n<p><strong>Apr\u00e8s le pont de Cavallino-Treporti<\/strong><\/p>\n<p>Une fois le pont sur le fleuve Sile d\u00e9pass\u00e9, vous pourrez choisir d&#8217;emprunter la Via Fausta, l&rsquo;avenue bois\u00e9e qui longe toute la p\u00e9ninsule de Cavallino et qui traverse les lieux-dits de Ca&rsquo;Ballarin, Ca&rsquo;di Valle, Ca&rsquo;Pasquali jusqu&rsquo;\u00e0 Punta Sabbioni.<\/p>\n<p>En alternative, nous vous sugg\u00e9rons de parcourir Via Pordelio, qui longe la lagune, arrivant \u00e0 Treporti.<\/p>\n<p>Cette route \u00e0 la vue attrayante est plut\u00f4t \u00e9troite et pourrait \u00eatre inconfortable si vous voyagez en camping-car ou avec une caravane, mais est normalement moins fr\u00e9quent\u00e9e.<\/p>\n<p><strong>Quand vous arrivez au camping<\/strong><\/p>\n<p>Nous vous d\u00e9conseillons d&rsquo;arriver le samedi, mais si vous devez voyager durant le week-end, il est pr\u00e9f\u00e9rable d&rsquo;arriver le matin.<\/p>\n<p>Pour garantir aux h\u00f4tes un maximum de libert\u00e9 dans l&rsquo;organisation du voyage, nous donnons la possibilit\u00e9 depuis plusieurs ann\u00e9es d&rsquo;arriver au camping tous les jours de la semaine et pas seulement le samedi!<\/p>\n<p>De plus, la <a href=\"https:\/\/www.casavio.com\/fr\/services\/services-inclus\/reception\/\">r\u00e9ception<\/a> du camping est ouverte de 7h00 du matin et vous pouvez d\u00e9j\u00e0 effectuer le check-in dans le cours de la matin\u00e9e et commencer directement \u00e0 profiter de vos vacances.<\/p>\n<p><strong>Pr\u00eats pour les vacances!<\/strong><\/p>\n<p>Dans l&rsquo;attente d&rsquo;entrer dans vos <a href=\"https:\/\/www.casavio.com\/fr\/camping\/bungalows-chalets-fr\/\">bungalows, chalets<\/a>, <a href=\"https:\/\/www.casavio.com\/fr\/camping\/mobil-homes\/\">mobil-homes<\/a>, <a href=\"https:\/\/www.casavio.com\/fr\/camping\/lodge-fr\/\">lodge<\/a>, tentes <a href=\"https:\/\/www.casavio.com\/fr\/camping\/glamping-camping-fr\/\">Glamping<\/a> et <a href=\"https:\/\/www.casavio.com\/fr\/camping\/glamping-camping-fr\/airstream\/\">Airstreams<\/a>, vous pourrez vous baigner dans la <a href=\"https:\/\/www.casavio.com\/fr\/services\/piscines-ca-savio\/\">piscine<\/a> ou vous baladez \u00e0 la <a href=\"https:\/\/www.casavio.com\/fr\/services\/plage-ca-savio\/\">plage<\/a>, boire un cappuccino au bar ou d\u00e9jeuner au <a href=\"https:\/\/www.casavio.com\/fr\/services\/restaurant-ca-savio\/\">restaurant<\/a>&#8230;<\/p>\n","protected":false},"excerpt":{"rendered":"<p>Voici toutes les indications et quelques conseils pour rejoindre Camping Ca&rsquo;Savio et \u00e9viter le trafic.<\/p>\n","protected":false},"author":4,"featured_media":4900,"parent":0,"menu_order":305,"comment_status":"closed","ping_status":"closed","template":"","meta":{"_acf_changed":false},"class_list":["post-9168","page","type-page","status-publish","has-post-thumbnail","hentry"],"acf":[],"yoast_head":"<!-- This site is optimized with the Yoast SEO plugin v25.3 - https:\/\/yoast.com\/wordpress\/plugins\/seo\/ -->\n<title>Comment rejoindre le camping Ca&#039;savio en \u00e9vitant le trafic &#8211; Camping Ca&#039; Savio<\/title>\n<meta name=\"description\" content=\"En cas de forte circulation \u00e0 Jesolo le week-end, vous pouvez rejoindre notre camping pr\u00e8s de Venise en suivant nos indications! Nous vous attendons!\" \/>\n<meta name=\"robots\" content=\"index, follow, max-snippet:-1, max-image-preview:large, max-video-preview:-1\" \/>\n<link rel=\"canonical\" href=\"https:\/\/www.casavio.com\/fr\/comment-rejoindre-le-camping-en-evitant-le-trafic\/\" \/>\n<meta property=\"og:locale\" content=\"fr_FR\" \/>\n<meta property=\"og:type\" content=\"article\" \/>\n<meta property=\"og:title\" content=\"Comment rejoindre le camping Ca&#039;savio en \u00e9vitant le trafic &#8211; Camping Ca&#039; Savio\" \/>\n<meta property=\"og:description\" content=\"En cas de forte circulation \u00e0 Jesolo le week-end, vous pouvez rejoindre notre camping pr\u00e8s de Venise en suivant nos indications! Nous vous attendons!\" \/>\n<meta property=\"og:url\" content=\"https:\/\/www.casavio.com\/fr\/comment-rejoindre-le-camping-en-evitant-le-trafic\/\" \/>\n<meta property=\"og:site_name\" content=\"Camping Ca&#039; Savio\" \/>\n<meta property=\"article:publisher\" content=\"https:\/\/www.facebook.com\/campingcasavio\" \/>\n<meta property=\"article:modified_time\" content=\"2022-11-21T11:37:23+00:00\" \/>\n<meta property=\"og:image\" content=\"https:\/\/www.casavio.com\/wp-content\/uploads\/2019\/11\/ca-savio-evita-traffico-box.jpg\" \/>\n\t<meta property=\"og:image:width\" content=\"440\" \/>\n\t<meta property=\"og:image:height\" content=\"600\" \/>\n\t<meta property=\"og:image:type\" content=\"image\/jpeg\" \/>\n<meta name=\"twitter:card\" content=\"summary_large_image\" \/>\n<meta name=\"twitter:label1\" content=\"Dur\u00e9e de lecture estim\u00e9e\" \/>\n\t<meta name=\"twitter:data1\" content=\"2 minutes\" \/>\n<script type=\"application\/ld+json\" class=\"yoast-schema-graph\">{\"@context\":\"https:\/\/schema.org\",\"@graph\":[{\"@type\":\"WebPage\",\"@id\":\"https:\/\/www.casavio.com\/fr\/comment-rejoindre-le-camping-en-evitant-le-trafic\/\",\"url\":\"https:\/\/www.casavio.com\/fr\/comment-rejoindre-le-camping-en-evitant-le-trafic\/\",\"name\":\"Comment rejoindre le camping Ca'savio en \u00e9vitant le trafic &#8211; Camping Ca&#039; Savio\",\"isPartOf\":{\"@id\":\"https:\/\/www.casavio.com\/fr\/#website\"},\"primaryImageOfPage\":{\"@id\":\"https:\/\/www.casavio.com\/fr\/comment-rejoindre-le-camping-en-evitant-le-trafic\/#primaryimage\"},\"image\":{\"@id\":\"https:\/\/www.casavio.com\/fr\/comment-rejoindre-le-camping-en-evitant-le-trafic\/#primaryimage\"},\"thumbnailUrl\":\"https:\/\/www.casavio.com\/wp-content\/uploads\/2019\/11\/ca-savio-evita-traffico-box.jpg\",\"datePublished\":\"2019-11-27T10:59:47+00:00\",\"dateModified\":\"2022-11-21T11:37:23+00:00\",\"description\":\"En cas de forte circulation \u00e0 Jesolo le week-end, vous pouvez rejoindre notre camping pr\u00e8s de Venise en suivant nos indications! Nous vous attendons!\",\"breadcrumb\":{\"@id\":\"https:\/\/www.casavio.com\/fr\/comment-rejoindre-le-camping-en-evitant-le-trafic\/#breadcrumb\"},\"inLanguage\":\"fr-FR\",\"potentialAction\":[{\"@type\":\"ReadAction\",\"target\":[\"https:\/\/www.casavio.com\/fr\/comment-rejoindre-le-camping-en-evitant-le-trafic\/\"]}]},{\"@type\":\"ImageObject\",\"inLanguage\":\"fr-FR\",\"@id\":\"https:\/\/www.casavio.com\/fr\/comment-rejoindre-le-camping-en-evitant-le-trafic\/#primaryimage\",\"url\":\"https:\/\/www.casavio.com\/wp-content\/uploads\/2019\/11\/ca-savio-evita-traffico-box.jpg\",\"contentUrl\":\"https:\/\/www.casavio.com\/wp-content\/uploads\/2019\/11\/ca-savio-evita-traffico-box.jpg\",\"width\":440,\"height\":600},{\"@type\":\"BreadcrumbList\",\"@id\":\"https:\/\/www.casavio.com\/fr\/comment-rejoindre-le-camping-en-evitant-le-trafic\/#breadcrumb\",\"itemListElement\":[{\"@type\":\"ListItem\",\"position\":1,\"name\":\"Home\",\"item\":\"https:\/\/www.casavio.com\/fr\/\"},{\"@type\":\"ListItem\",\"position\":2,\"name\":\"Comment rejoindre le Camping Ca&#8217;Savio en \u00e9vitant le trafic\"}]},{\"@type\":\"WebSite\",\"@id\":\"https:\/\/www.casavio.com\/fr\/#website\",\"url\":\"https:\/\/www.casavio.com\/fr\/\",\"name\":\"Camping Ca&#039; Savio\",\"description\":\"\",\"publisher\":{\"@id\":\"https:\/\/www.casavio.com\/fr\/#organization\"},\"potentialAction\":[{\"@type\":\"SearchAction\",\"target\":{\"@type\":\"EntryPoint\",\"urlTemplate\":\"https:\/\/www.casavio.com\/fr\/?s={search_term_string}\"},\"query-input\":{\"@type\":\"PropertyValueSpecification\",\"valueRequired\":true,\"valueName\":\"search_term_string\"}}],\"inLanguage\":\"fr-FR\"},{\"@type\":\"Organization\",\"@id\":\"https:\/\/www.casavio.com\/fr\/#organization\",\"name\":\"Camping Ca'Savio\",\"url\":\"https:\/\/www.casavio.com\/fr\/\",\"logo\":{\"@type\":\"ImageObject\",\"inLanguage\":\"fr-FR\",\"@id\":\"https:\/\/www.casavio.com\/fr\/#\/schema\/logo\/image\/\",\"url\":\"https:\/\/www.casavio.com\/wp-content\/uploads\/2024\/04\/favicon.png\",\"contentUrl\":\"https:\/\/www.casavio.com\/wp-content\/uploads\/2024\/04\/favicon.png\",\"width\":144,\"height\":144,\"caption\":\"Camping Ca'Savio\"},\"image\":{\"@id\":\"https:\/\/www.casavio.com\/fr\/#\/schema\/logo\/image\/\"},\"sameAs\":[\"https:\/\/www.facebook.com\/campingcasavio\",\"https:\/\/www.instagram.com\/campingcasavio\",\"https:\/\/www.youtube.com\/user\/campingcasavio\"]}]}<\/script>\n<!-- \/ Yoast SEO plugin. -->","yoast_head_json":{"title":"Comment rejoindre le camping Ca'savio en \u00e9vitant le trafic &#8211; Camping Ca&#039; Savio","description":"En cas de forte circulation \u00e0 Jesolo le week-end, vous pouvez rejoindre notre camping pr\u00e8s de Venise en suivant nos indications! Nous vous attendons!","robots":{"index":"index","follow":"follow","max-snippet":"max-snippet:-1","max-image-preview":"max-image-preview:large","max-video-preview":"max-video-preview:-1"},"canonical":"https:\/\/www.casavio.com\/fr\/comment-rejoindre-le-camping-en-evitant-le-trafic\/","og_locale":"fr_FR","og_type":"article","og_title":"Comment rejoindre le camping Ca'savio en \u00e9vitant le trafic &#8211; Camping Ca&#039; Savio","og_description":"En cas de forte circulation \u00e0 Jesolo le week-end, vous pouvez rejoindre notre camping pr\u00e8s de Venise en suivant nos indications! Nous vous attendons!","og_url":"https:\/\/www.casavio.com\/fr\/comment-rejoindre-le-camping-en-evitant-le-trafic\/","og_site_name":"Camping Ca&#039; Savio","article_publisher":"https:\/\/www.facebook.com\/campingcasavio","article_modified_time":"2022-11-21T11:37:23+00:00","og_image":[{"width":440,"height":600,"url":"https:\/\/www.casavio.com\/wp-content\/uploads\/2019\/11\/ca-savio-evita-traffico-box.jpg","type":"image\/jpeg"}],"twitter_card":"summary_large_image","twitter_misc":{"Dur\u00e9e de lecture estim\u00e9e":"2 minutes"},"schema":{"@context":"https:\/\/schema.org","@graph":[{"@type":"WebPage","@id":"https:\/\/www.casavio.com\/fr\/comment-rejoindre-le-camping-en-evitant-le-trafic\/","url":"https:\/\/www.casavio.com\/fr\/comment-rejoindre-le-camping-en-evitant-le-trafic\/","name":"Comment rejoindre le camping Ca'savio en \u00e9vitant le trafic &#8211; Camping Ca&#039; Savio","isPartOf":{"@id":"https:\/\/www.casavio.com\/fr\/#website"},"primaryImageOfPage":{"@id":"https:\/\/www.casavio.com\/fr\/comment-rejoindre-le-camping-en-evitant-le-trafic\/#primaryimage"},"image":{"@id":"https:\/\/www.casavio.com\/fr\/comment-rejoindre-le-camping-en-evitant-le-trafic\/#primaryimage"},"thumbnailUrl":"https:\/\/www.casavio.com\/wp-content\/uploads\/2019\/11\/ca-savio-evita-traffico-box.jpg","datePublished":"2019-11-27T10:59:47+00:00","dateModified":"2022-11-21T11:37:23+00:00","description":"En cas de forte circulation \u00e0 Jesolo le week-end, vous pouvez rejoindre notre camping pr\u00e8s de Venise en suivant nos indications! Nous vous attendons!","breadcrumb":{"@id":"https:\/\/www.casavio.com\/fr\/comment-rejoindre-le-camping-en-evitant-le-trafic\/#breadcrumb"},"inLanguage":"fr-FR","potentialAction":[{"@type":"ReadAction","target":["https:\/\/www.casavio.com\/fr\/comment-rejoindre-le-camping-en-evitant-le-trafic\/"]}]},{"@type":"ImageObject","inLanguage":"fr-FR","@id":"https:\/\/www.casavio.com\/fr\/comment-rejoindre-le-camping-en-evitant-le-trafic\/#primaryimage","url":"https:\/\/www.casavio.com\/wp-content\/uploads\/2019\/11\/ca-savio-evita-traffico-box.jpg","contentUrl":"https:\/\/www.casavio.com\/wp-content\/uploads\/2019\/11\/ca-savio-evita-traffico-box.jpg","width":440,"height":600},{"@type":"BreadcrumbList","@id":"https:\/\/www.casavio.com\/fr\/comment-rejoindre-le-camping-en-evitant-le-trafic\/#breadcrumb","itemListElement":[{"@type":"ListItem","position":1,"name":"Home","item":"https:\/\/www.casavio.com\/fr\/"},{"@type":"ListItem","position":2,"name":"Comment rejoindre le Camping Ca&#8217;Savio en \u00e9vitant le trafic"}]},{"@type":"WebSite","@id":"https:\/\/www.casavio.com\/fr\/#website","url":"https:\/\/www.casavio.com\/fr\/","name":"Camping Ca&#039; Savio","description":"","publisher":{"@id":"https:\/\/www.casavio.com\/fr\/#organization"},"potentialAction":[{"@type":"SearchAction","target":{"@type":"EntryPoint","urlTemplate":"https:\/\/www.casavio.com\/fr\/?s={search_term_string}"},"query-input":{"@type":"PropertyValueSpecification","valueRequired":true,"valueName":"search_term_string"}}],"inLanguage":"fr-FR"},{"@type":"Organization","@id":"https:\/\/www.casavio.com\/fr\/#organization","name":"Camping Ca'Savio","url":"https:\/\/www.casavio.com\/fr\/","logo":{"@type":"ImageObject","inLanguage":"fr-FR","@id":"https:\/\/www.casavio.com\/fr\/#\/schema\/logo\/image\/","url":"https:\/\/www.casavio.com\/wp-content\/uploads\/2024\/04\/favicon.png","contentUrl":"https:\/\/www.casavio.com\/wp-content\/uploads\/2024\/04\/favicon.png","width":144,"height":144,"caption":"Camping Ca'Savio"},"image":{"@id":"https:\/\/www.casavio.com\/fr\/#\/schema\/logo\/image\/"},"sameAs":["https:\/\/www.facebook.com\/campingcasavio","https:\/\/www.instagram.com\/campingcasavio","https:\/\/www.youtube.com\/user\/campingcasavio"]}]}},"_links":{"self":[{"href":"https:\/\/www.casavio.com\/fr\/wp-json\/wp\/v2\/pages\/9168","targetHints":{"allow":["GET"]}}],"collection":[{"href":"https:\/\/www.casavio.com\/fr\/wp-json\/wp\/v2\/pages"}],"about":[{"href":"https:\/\/www.casavio.com\/fr\/wp-json\/wp\/v2\/types\/page"}],"author":[{"embeddable":true,"href":"https:\/\/www.casavio.com\/fr\/wp-json\/wp\/v2\/users\/4"}],"replies":[{"embeddable":true,"href":"https:\/\/www.casavio.com\/fr\/wp-json\/wp\/v2\/comments?post=9168"}],"version-history":[{"count":2,"href":"https:\/\/www.casavio.com\/fr\/wp-json\/wp\/v2\/pages\/9168\/revisions"}],"predecessor-version":[{"id":26062,"href":"https:\/\/www.casavio.com\/fr\/wp-json\/wp\/v2\/pages\/9168\/revisions\/26062"}],"wp:featuredmedia":[{"embeddable":true,"href":"https:\/\/www.casavio.com\/fr\/wp-json\/wp\/v2\/media\/4900"}],"wp:attachment":[{"href":"https:\/\/www.casavio.com\/fr\/wp-json\/wp\/v2\/media?parent=9168"}],"curies":[{"name":"wp","href":"https:\/\/api.w.org\/{rel}","templated":true}]}}