{"id":9261,"date":"2019-10-01T15:00:17","date_gmt":"2019-10-01T13:00:17","guid":{"rendered":"https:\/\/www.casavio.com\/home\/"},"modified":"2026-04-10T10:13:07","modified_gmt":"2026-04-10T08:13:07","slug":"home","status":"publish","type":"page","link":"https:\/\/www.casavio.com\/fr\/","title":{"rendered":"Home"},"content":{"rendered":"<h1 class=\"h2\">Camping pour familles \u00e0 <strong>Cavallino<\/strong><\/h1>\n<p>Le camping id\u00e9al pour vos vacances dans la nature avec la famille et les amis, o\u00f9 vous serez libre de marcher pieds nus sur le sable et de vous d\u00e9tendre \u00e0 l&rsquo;ombre de notre pin\u00e8de, ou de d\u00e9couvrir l&rsquo;environnement unique de la lagune qui vous entoure et de visiter la ville enchanteresse de Venise et ses \u00eeles. Voici vos vacances en plein air avec tout le confort que vous d\u00e9sirez!<\/p>\n","protected":false},"excerpt":{"rendered":"<p>Camping pour familles \u00e0 Cavallino Le camping id\u00e9al pour vos vacances dans la nature avec la famille et les amis, o\u00f9 vous serez libre de marcher pieds nus sur le sable et de vous d\u00e9tendre \u00e0 l&rsquo;ombre de notre pin\u00e8de, ou de d\u00e9couvrir l&rsquo;environnement unique de la lagune qui vous entoure et de visiter la [&hellip;]<\/p>\n","protected":false},"author":2,"featured_media":0,"parent":0,"menu_order":0,"comment_status":"closed","ping_status":"closed","template":"templates\/tpl-homepage.php","meta":{"_acf_changed":false},"class_list":["post-9261","page","type-page","status-publish","hentry"],"acf":[],"yoast_head":"<!-- This site is optimized with the Yoast SEO plugin v25.3 - https:\/\/yoast.com\/wordpress\/plugins\/seo\/ -->\n<title>Camping Ca&#039; Savio - Camping Italie du nord bord de mer<\/title>\n<meta name=\"description\" content=\"Bienvenue au Camping Ca &#039;Savio \u00e0 Cavallino Treporti! Camping pr\u00e8s de Venise bord de la plage. Choisissez entre des emplacements dans la pin\u00e8de, des bungalows pr\u00e8s de la mer et bien plus encore!\" \/>\n<meta name=\"robots\" content=\"index, follow, max-snippet:-1, max-image-preview:large, max-video-preview:-1\" \/>\n<link rel=\"canonical\" href=\"https:\/\/www.casavio.com\/fr\/\" \/>\n<meta property=\"og:locale\" content=\"fr_FR\" \/>\n<meta property=\"og:type\" content=\"article\" \/>\n<meta property=\"og:title\" content=\"Camping Ca&#039; Savio - Camping Italie du nord bord de mer\" \/>\n<meta property=\"og:description\" content=\"Bienvenue au Camping Ca &#039;Savio \u00e0 Cavallino Treporti! Camping pr\u00e8s de Venise bord de la plage. Choisissez entre des emplacements dans la pin\u00e8de, des bungalows pr\u00e8s de la mer et bien plus encore!\" \/>\n<meta property=\"og:url\" content=\"https:\/\/www.casavio.com\/fr\/\" \/>\n<meta property=\"og:site_name\" content=\"Camping Ca&#039; Savio\" \/>\n<meta property=\"article:publisher\" content=\"https:\/\/www.facebook.com\/campingcasavio\" \/>\n<meta property=\"article:modified_time\" content=\"2026-04-10T08:13:07+00:00\" \/>\n<meta property=\"og:image\" content=\"https:\/\/www.casavio.com\/wp-content\/uploads\/2019\/11\/ca-savio-home-1-chi-siamo.jpg\" \/>\n\t<meta property=\"og:image:width\" content=\"1440\" \/>\n\t<meta property=\"og:image:height\" content=\"740\" \/>\n\t<meta property=\"og:image:type\" content=\"image\/jpeg\" \/>\n<meta name=\"twitter:card\" content=\"summary_large_image\" \/>\n<meta name=\"twitter:label1\" content=\"Dur\u00e9e de lecture estim\u00e9e\" \/>\n\t<meta name=\"twitter:data1\" content=\"1 minute\" \/>\n<script type=\"application\/ld+json\" class=\"yoast-schema-graph\">{\"@context\":\"https:\/\/schema.org\",\"@graph\":[{\"@type\":\"WebPage\",\"@id\":\"https:\/\/www.casavio.com\/fr\/\",\"url\":\"https:\/\/www.casavio.com\/fr\/\",\"name\":\"Camping Ca' Savio - Camping Italie du nord bord de mer\",\"isPartOf\":{\"@id\":\"https:\/\/www.casavio.com\/fr\/#website\"},\"datePublished\":\"2019-10-01T13:00:17+00:00\",\"dateModified\":\"2026-04-10T08:13:07+00:00\",\"description\":\"Bienvenue au Camping Ca 'Savio \u00e0 Cavallino Treporti! Camping pr\u00e8s de Venise bord de la plage. Choisissez entre des emplacements dans la pin\u00e8de, des bungalows pr\u00e8s de la mer et bien plus encore!\",\"breadcrumb\":{\"@id\":\"https:\/\/www.casavio.com\/fr\/#breadcrumb\"},\"inLanguage\":\"fr-FR\",\"potentialAction\":[{\"@type\":\"ReadAction\",\"target\":[\"https:\/\/www.casavio.com\/fr\/\"]}]},{\"@type\":\"BreadcrumbList\",\"@id\":\"https:\/\/www.casavio.com\/fr\/#breadcrumb\",\"itemListElement\":[{\"@type\":\"ListItem\",\"position\":1,\"name\":\"Home\",\"item\":\"https:\/\/www.casavio.com\/fr\/\"},{\"@type\":\"ListItem\",\"position\":2,\"name\":\"Home\"}]},{\"@type\":\"WebSite\",\"@id\":\"https:\/\/www.casavio.com\/fr\/#website\",\"url\":\"https:\/\/www.casavio.com\/fr\/\",\"name\":\"Camping Ca&#039; Savio\",\"description\":\"\",\"publisher\":{\"@id\":\"https:\/\/www.casavio.com\/fr\/#organization\"},\"potentialAction\":[{\"@type\":\"SearchAction\",\"target\":{\"@type\":\"EntryPoint\",\"urlTemplate\":\"https:\/\/www.casavio.com\/fr\/?s={search_term_string}\"},\"query-input\":{\"@type\":\"PropertyValueSpecification\",\"valueRequired\":true,\"valueName\":\"search_term_string\"}}],\"inLanguage\":\"fr-FR\"},{\"@type\":\"Organization\",\"@id\":\"https:\/\/www.casavio.com\/fr\/#organization\",\"name\":\"Camping Ca'Savio\",\"url\":\"https:\/\/www.casavio.com\/fr\/\",\"logo\":{\"@type\":\"ImageObject\",\"inLanguage\":\"fr-FR\",\"@id\":\"https:\/\/www.casavio.com\/fr\/#\/schema\/logo\/image\/\",\"url\":\"https:\/\/www.casavio.com\/wp-content\/uploads\/2024\/04\/favicon.png\",\"contentUrl\":\"https:\/\/www.casavio.com\/wp-content\/uploads\/2024\/04\/favicon.png\",\"width\":144,\"height\":144,\"caption\":\"Camping Ca'Savio\"},\"image\":{\"@id\":\"https:\/\/www.casavio.com\/fr\/#\/schema\/logo\/image\/\"},\"sameAs\":[\"https:\/\/www.facebook.com\/campingcasavio\",\"https:\/\/www.instagram.com\/campingcasavio\",\"https:\/\/www.youtube.com\/user\/campingcasavio\"]}]}<\/script>\n<!-- \/ Yoast SEO plugin. -->","yoast_head_json":{"title":"Camping Ca' Savio - Camping Italie du nord bord de mer","description":"Bienvenue au Camping Ca 'Savio \u00e0 Cavallino Treporti! Camping pr\u00e8s de Venise bord de la plage. Choisissez entre des emplacements dans la pin\u00e8de, des bungalows pr\u00e8s de la mer et bien plus encore!","robots":{"index":"index","follow":"follow","max-snippet":"max-snippet:-1","max-image-preview":"max-image-preview:large","max-video-preview":"max-video-preview:-1"},"canonical":"https:\/\/www.casavio.com\/fr\/","og_locale":"fr_FR","og_type":"article","og_title":"Camping Ca' Savio - Camping Italie du nord bord de mer","og_description":"Bienvenue au Camping Ca 'Savio \u00e0 Cavallino Treporti! Camping pr\u00e8s de Venise bord de la plage. Choisissez entre des emplacements dans la pin\u00e8de, des bungalows pr\u00e8s de la mer et bien plus encore!","og_url":"https:\/\/www.casavio.com\/fr\/","og_site_name":"Camping Ca&#039; Savio","article_publisher":"https:\/\/www.facebook.com\/campingcasavio","article_modified_time":"2026-04-10T08:13:07+00:00","og_image":[{"width":1440,"height":740,"url":"https:\/\/www.casavio.com\/wp-content\/uploads\/2019\/11\/ca-savio-home-1-chi-siamo.jpg","type":"image\/jpeg"}],"twitter_card":"summary_large_image","twitter_misc":{"Dur\u00e9e de lecture estim\u00e9e":"1 minute"},"schema":{"@context":"https:\/\/schema.org","@graph":[{"@type":"WebPage","@id":"https:\/\/www.casavio.com\/fr\/","url":"https:\/\/www.casavio.com\/fr\/","name":"Camping Ca' Savio - Camping Italie du nord bord de mer","isPartOf":{"@id":"https:\/\/www.casavio.com\/fr\/#website"},"datePublished":"2019-10-01T13:00:17+00:00","dateModified":"2026-04-10T08:13:07+00:00","description":"Bienvenue au Camping Ca 'Savio \u00e0 Cavallino Treporti! Camping pr\u00e8s de Venise bord de la plage. Choisissez entre des emplacements dans la pin\u00e8de, des bungalows pr\u00e8s de la mer et bien plus encore!","breadcrumb":{"@id":"https:\/\/www.casavio.com\/fr\/#breadcrumb"},"inLanguage":"fr-FR","potentialAction":[{"@type":"ReadAction","target":["https:\/\/www.casavio.com\/fr\/"]}]},{"@type":"BreadcrumbList","@id":"https:\/\/www.casavio.com\/fr\/#breadcrumb","itemListElement":[{"@type":"ListItem","position":1,"name":"Home","item":"https:\/\/www.casavio.com\/fr\/"},{"@type":"ListItem","position":2,"name":"Home"}]},{"@type":"WebSite","@id":"https:\/\/www.casavio.com\/fr\/#website","url":"https:\/\/www.casavio.com\/fr\/","name":"Camping Ca&#039; Savio","description":"","publisher":{"@id":"https:\/\/www.casavio.com\/fr\/#organization"},"potentialAction":[{"@type":"SearchAction","target":{"@type":"EntryPoint","urlTemplate":"https:\/\/www.casavio.com\/fr\/?s={search_term_string}"},"query-input":{"@type":"PropertyValueSpecification","valueRequired":true,"valueName":"search_term_string"}}],"inLanguage":"fr-FR"},{"@type":"Organization","@id":"https:\/\/www.casavio.com\/fr\/#organization","name":"Camping Ca'Savio","url":"https:\/\/www.casavio.com\/fr\/","logo":{"@type":"ImageObject","inLanguage":"fr-FR","@id":"https:\/\/www.casavio.com\/fr\/#\/schema\/logo\/image\/","url":"https:\/\/www.casavio.com\/wp-content\/uploads\/2024\/04\/favicon.png","contentUrl":"https:\/\/www.casavio.com\/wp-content\/uploads\/2024\/04\/favicon.png","width":144,"height":144,"caption":"Camping Ca'Savio"},"image":{"@id":"https:\/\/www.casavio.com\/fr\/#\/schema\/logo\/image\/"},"sameAs":["https:\/\/www.facebook.com\/campingcasavio","https:\/\/www.instagram.com\/campingcasavio","https:\/\/www.youtube.com\/user\/campingcasavio"]}]}},"_links":{"self":[{"href":"https:\/\/www.casavio.com\/fr\/wp-json\/wp\/v2\/pages\/9261","targetHints":{"allow":["GET"]}}],"collection":[{"href":"https:\/\/www.casavio.com\/fr\/wp-json\/wp\/v2\/pages"}],"about":[{"href":"https:\/\/www.casavio.com\/fr\/wp-json\/wp\/v2\/types\/page"}],"author":[{"embeddable":true,"href":"https:\/\/www.casavio.com\/fr\/wp-json\/wp\/v2\/users\/2"}],"replies":[{"embeddable":true,"href":"https:\/\/www.casavio.com\/fr\/wp-json\/wp\/v2\/comments?post=9261"}],"version-history":[{"count":1,"href":"https:\/\/www.casavio.com\/fr\/wp-json\/wp\/v2\/pages\/9261\/revisions"}],"predecessor-version":[{"id":46411,"href":"https:\/\/www.casavio.com\/fr\/wp-json\/wp\/v2\/pages\/9261\/revisions\/46411"}],"wp:attachment":[{"href":"https:\/\/www.casavio.com\/fr\/wp-json\/wp\/v2\/media?parent=9261"}],"curies":[{"name":"wp","href":"https:\/\/api.w.org\/{rel}","templated":true}]}}