{"id":10036,"date":"2019-10-11T11:59:34","date_gmt":"2019-10-11T09:59:34","guid":{"rendered":"https:\/\/www.casavio.com\/il-nostro-campeggio\/"},"modified":"2025-09-16T09:55:57","modified_gmt":"2025-09-16T07:55:57","slug":"kempingunk","status":"publish","type":"page","link":"https:\/\/www.casavio.com\/hu\/kempingunk\/","title":{"rendered":"Kemping\u00fcnk"},"content":{"rendered":"<p>Kemping\u00fcnk az a hely, ahol \u00fajb\u00f3l megtal\u00e1lhatod \u00f6nmagad \u00e9s az id\u0151 jelent\u00e9s\u00e9t. \u00c9ppen ez\u00e9rt a Ca&#8217; Savio Kemping mindegyik\u00fcnk sz\u00e1m\u00e1ra valami k\u00fcl\u00f6nlegeset jelent. Az a hely, ahol szabadon \u00f6nmagad lehetsz \u00e9s a dinamikus tengerparti nyaral\u00e1s sor\u00e1n b\u00e1rmikor v\u00e1lthatsz az elm\u00e9ly\u00fcl\u00e9s vagy a term\u00e9szettel val\u00f3 \u00e9rintkez\u00e9s nyugalmas pillanataira.<\/p>\n","protected":false},"excerpt":{"rendered":"<p>Kemping\u00fcnk az a hely, ahol \u00fajb\u00f3l megtal\u00e1lhatod \u00f6nmagad \u00e9s az id\u0151 jelent\u00e9s\u00e9t. \u00c9ppen ez\u00e9rt a Ca&#8217; Savio Kemping mindegyik\u00fcnk sz\u00e1m\u00e1ra valami k\u00fcl\u00f6nlegeset jelent. Az a hely, ahol szabadon \u00f6nmagad lehetsz \u00e9s a dinamikus tengerparti nyaral\u00e1s sor\u00e1n b\u00e1rmikor v\u00e1lthatsz az elm\u00e9ly\u00fcl\u00e9s vagy a term\u00e9szettel val\u00f3 \u00e9rintkez\u00e9s nyugalmas pillanataira.<\/p>\n","protected":false},"author":2,"featured_media":0,"parent":0,"menu_order":1,"comment_status":"closed","ping_status":"closed","template":"templates\/tpl-dynamic-layout.php","meta":{"_acf_changed":false},"class_list":["post-10036","page","type-page","status-publish","hentry"],"acf":[],"yoast_head":"<!-- This site is optimized with the Yoast SEO plugin v25.3 - https:\/\/yoast.com\/wordpress\/plugins\/seo\/ -->\n<title>Kemping\u00fcnk, Filoz\u00f3fi\u00e1nk \u00e9s T\u00f6rt\u00e9net\u00fcnk &#8211; Camping Ca&#039; Savio<\/title>\n<meta name=\"description\" content=\"A Cavallino Treporti-ban tal\u00e1lhat\u00f3 Ca\u2019 Savio Kemping t\u00e1gas j\u00e1tsz\u00f3tereinek k\u00f6sz\u00f6nhet\u0151en ide\u00e1lis k\u00f6rnyezet a csal\u00e1dok, a sz\u00f3rakoz\u00e1si lehet\u0151s\u00e9geknek \u00e9s egy\u00e9b szolg\u00e1ltat\u00e1soknak k\u00f6sz\u00f6nhet\u0151en a fiatalok sz\u00e1m\u00e1ra. Ismerd meg a r\u00e9szleteket\" \/>\n<meta name=\"robots\" content=\"index, follow, max-snippet:-1, max-image-preview:large, max-video-preview:-1\" \/>\n<link rel=\"canonical\" href=\"https:\/\/www.casavio.com\/hu\/kempingunk\/\" \/>\n<meta property=\"og:locale\" content=\"hu_HU\" \/>\n<meta property=\"og:type\" content=\"article\" \/>\n<meta property=\"og:title\" content=\"Kemping\u00fcnk, Filoz\u00f3fi\u00e1nk \u00e9s T\u00f6rt\u00e9net\u00fcnk &#8211; Camping Ca&#039; Savio\" \/>\n<meta property=\"og:description\" content=\"A Cavallino Treporti-ban tal\u00e1lhat\u00f3 Ca\u2019 Savio Kemping t\u00e1gas j\u00e1tsz\u00f3tereinek k\u00f6sz\u00f6nhet\u0151en ide\u00e1lis k\u00f6rnyezet a csal\u00e1dok, a sz\u00f3rakoz\u00e1si lehet\u0151s\u00e9geknek \u00e9s egy\u00e9b szolg\u00e1ltat\u00e1soknak k\u00f6sz\u00f6nhet\u0151en a fiatalok sz\u00e1m\u00e1ra. Ismerd meg a r\u00e9szleteket\" \/>\n<meta property=\"og:url\" content=\"https:\/\/www.casavio.com\/hu\/kempingunk\/\" \/>\n<meta property=\"og:site_name\" content=\"Camping Ca&#039; Savio\" \/>\n<meta property=\"article:publisher\" content=\"https:\/\/www.facebook.com\/campingcasavio\" \/>\n<meta property=\"article:modified_time\" content=\"2025-09-16T07:55:57+00:00\" \/>\n<meta property=\"og:image\" content=\"https:\/\/www.casavio.com\/wp-content\/uploads\/2019\/11\/ca-savio-nostro-campeggio-header.jpg\" \/>\n\t<meta property=\"og:image:width\" content=\"1440\" \/>\n\t<meta property=\"og:image:height\" content=\"500\" \/>\n\t<meta property=\"og:image:type\" content=\"image\/jpeg\" \/>\n<meta name=\"twitter:card\" content=\"summary_large_image\" \/>\n<meta name=\"twitter:label1\" content=\"Becs\u00fclt olvas\u00e1si id\u0151\" \/>\n\t<meta name=\"twitter:data1\" content=\"1 perc\" \/>\n<script type=\"application\/ld+json\" class=\"yoast-schema-graph\">{\"@context\":\"https:\/\/schema.org\",\"@graph\":[{\"@type\":\"WebPage\",\"@id\":\"https:\/\/www.casavio.com\/hu\/kempingunk\/\",\"url\":\"https:\/\/www.casavio.com\/hu\/kempingunk\/\",\"name\":\"Kemping\u00fcnk, Filoz\u00f3fi\u00e1nk \u00e9s T\u00f6rt\u00e9net\u00fcnk &#8211; Camping Ca&#039; Savio\",\"isPartOf\":{\"@id\":\"https:\/\/www.casavio.com\/hu\/#website\"},\"datePublished\":\"2019-10-11T09:59:34+00:00\",\"dateModified\":\"2025-09-16T07:55:57+00:00\",\"description\":\"A Cavallino Treporti-ban tal\u00e1lhat\u00f3 Ca\u2019 Savio Kemping t\u00e1gas j\u00e1tsz\u00f3tereinek k\u00f6sz\u00f6nhet\u0151en ide\u00e1lis k\u00f6rnyezet a csal\u00e1dok, a sz\u00f3rakoz\u00e1si lehet\u0151s\u00e9geknek \u00e9s egy\u00e9b szolg\u00e1ltat\u00e1soknak k\u00f6sz\u00f6nhet\u0151en a fiatalok sz\u00e1m\u00e1ra. Ismerd meg a r\u00e9szleteket\",\"breadcrumb\":{\"@id\":\"https:\/\/www.casavio.com\/hu\/kempingunk\/#breadcrumb\"},\"inLanguage\":\"hu\",\"potentialAction\":[{\"@type\":\"ReadAction\",\"target\":[\"https:\/\/www.casavio.com\/hu\/kempingunk\/\"]}]},{\"@type\":\"BreadcrumbList\",\"@id\":\"https:\/\/www.casavio.com\/hu\/kempingunk\/#breadcrumb\",\"itemListElement\":[{\"@type\":\"ListItem\",\"position\":1,\"name\":\"Home\",\"item\":\"https:\/\/www.casavio.com\/hu\/\"},{\"@type\":\"ListItem\",\"position\":2,\"name\":\"Kemping\u00fcnk\"}]},{\"@type\":\"WebSite\",\"@id\":\"https:\/\/www.casavio.com\/hu\/#website\",\"url\":\"https:\/\/www.casavio.com\/hu\/\",\"name\":\"Camping Ca&#039; Savio\",\"description\":\"\",\"publisher\":{\"@id\":\"https:\/\/www.casavio.com\/hu\/#organization\"},\"potentialAction\":[{\"@type\":\"SearchAction\",\"target\":{\"@type\":\"EntryPoint\",\"urlTemplate\":\"https:\/\/www.casavio.com\/hu\/?s={search_term_string}\"},\"query-input\":{\"@type\":\"PropertyValueSpecification\",\"valueRequired\":true,\"valueName\":\"search_term_string\"}}],\"inLanguage\":\"hu\"},{\"@type\":\"Organization\",\"@id\":\"https:\/\/www.casavio.com\/hu\/#organization\",\"name\":\"Camping Ca'Savio\",\"url\":\"https:\/\/www.casavio.com\/hu\/\",\"logo\":{\"@type\":\"ImageObject\",\"inLanguage\":\"hu\",\"@id\":\"https:\/\/www.casavio.com\/hu\/#\/schema\/logo\/image\/\",\"url\":\"https:\/\/www.casavio.com\/wp-content\/uploads\/2024\/04\/favicon.png\",\"contentUrl\":\"https:\/\/www.casavio.com\/wp-content\/uploads\/2024\/04\/favicon.png\",\"width\":144,\"height\":144,\"caption\":\"Camping Ca'Savio\"},\"image\":{\"@id\":\"https:\/\/www.casavio.com\/hu\/#\/schema\/logo\/image\/\"},\"sameAs\":[\"https:\/\/www.facebook.com\/campingcasavio\",\"https:\/\/www.instagram.com\/campingcasavio\",\"https:\/\/www.youtube.com\/user\/campingcasavio\"]}]}<\/script>\n<!-- \/ Yoast SEO plugin. -->","yoast_head_json":{"title":"Kemping\u00fcnk, Filoz\u00f3fi\u00e1nk \u00e9s T\u00f6rt\u00e9net\u00fcnk &#8211; Camping Ca&#039; Savio","description":"A Cavallino Treporti-ban tal\u00e1lhat\u00f3 Ca\u2019 Savio Kemping t\u00e1gas j\u00e1tsz\u00f3tereinek k\u00f6sz\u00f6nhet\u0151en ide\u00e1lis k\u00f6rnyezet a csal\u00e1dok, a sz\u00f3rakoz\u00e1si lehet\u0151s\u00e9geknek \u00e9s egy\u00e9b szolg\u00e1ltat\u00e1soknak k\u00f6sz\u00f6nhet\u0151en a fiatalok sz\u00e1m\u00e1ra. Ismerd meg a r\u00e9szleteket","robots":{"index":"index","follow":"follow","max-snippet":"max-snippet:-1","max-image-preview":"max-image-preview:large","max-video-preview":"max-video-preview:-1"},"canonical":"https:\/\/www.casavio.com\/hu\/kempingunk\/","og_locale":"hu_HU","og_type":"article","og_title":"Kemping\u00fcnk, Filoz\u00f3fi\u00e1nk \u00e9s T\u00f6rt\u00e9net\u00fcnk &#8211; Camping Ca&#039; Savio","og_description":"A Cavallino Treporti-ban tal\u00e1lhat\u00f3 Ca\u2019 Savio Kemping t\u00e1gas j\u00e1tsz\u00f3tereinek k\u00f6sz\u00f6nhet\u0151en ide\u00e1lis k\u00f6rnyezet a csal\u00e1dok, a sz\u00f3rakoz\u00e1si lehet\u0151s\u00e9geknek \u00e9s egy\u00e9b szolg\u00e1ltat\u00e1soknak k\u00f6sz\u00f6nhet\u0151en a fiatalok sz\u00e1m\u00e1ra. Ismerd meg a r\u00e9szleteket","og_url":"https:\/\/www.casavio.com\/hu\/kempingunk\/","og_site_name":"Camping Ca&#039; Savio","article_publisher":"https:\/\/www.facebook.com\/campingcasavio","article_modified_time":"2025-09-16T07:55:57+00:00","og_image":[{"width":1440,"height":500,"url":"https:\/\/www.casavio.com\/wp-content\/uploads\/2019\/11\/ca-savio-nostro-campeggio-header.jpg","type":"image\/jpeg"}],"twitter_card":"summary_large_image","twitter_misc":{"Becs\u00fclt olvas\u00e1si id\u0151":"1 perc"},"schema":{"@context":"https:\/\/schema.org","@graph":[{"@type":"WebPage","@id":"https:\/\/www.casavio.com\/hu\/kempingunk\/","url":"https:\/\/www.casavio.com\/hu\/kempingunk\/","name":"Kemping\u00fcnk, Filoz\u00f3fi\u00e1nk \u00e9s T\u00f6rt\u00e9net\u00fcnk &#8211; Camping Ca&#039; Savio","isPartOf":{"@id":"https:\/\/www.casavio.com\/hu\/#website"},"datePublished":"2019-10-11T09:59:34+00:00","dateModified":"2025-09-16T07:55:57+00:00","description":"A Cavallino Treporti-ban tal\u00e1lhat\u00f3 Ca\u2019 Savio Kemping t\u00e1gas j\u00e1tsz\u00f3tereinek k\u00f6sz\u00f6nhet\u0151en ide\u00e1lis k\u00f6rnyezet a csal\u00e1dok, a sz\u00f3rakoz\u00e1si lehet\u0151s\u00e9geknek \u00e9s egy\u00e9b szolg\u00e1ltat\u00e1soknak k\u00f6sz\u00f6nhet\u0151en a fiatalok sz\u00e1m\u00e1ra. Ismerd meg a r\u00e9szleteket","breadcrumb":{"@id":"https:\/\/www.casavio.com\/hu\/kempingunk\/#breadcrumb"},"inLanguage":"hu","potentialAction":[{"@type":"ReadAction","target":["https:\/\/www.casavio.com\/hu\/kempingunk\/"]}]},{"@type":"BreadcrumbList","@id":"https:\/\/www.casavio.com\/hu\/kempingunk\/#breadcrumb","itemListElement":[{"@type":"ListItem","position":1,"name":"Home","item":"https:\/\/www.casavio.com\/hu\/"},{"@type":"ListItem","position":2,"name":"Kemping\u00fcnk"}]},{"@type":"WebSite","@id":"https:\/\/www.casavio.com\/hu\/#website","url":"https:\/\/www.casavio.com\/hu\/","name":"Camping Ca&#039; Savio","description":"","publisher":{"@id":"https:\/\/www.casavio.com\/hu\/#organization"},"potentialAction":[{"@type":"SearchAction","target":{"@type":"EntryPoint","urlTemplate":"https:\/\/www.casavio.com\/hu\/?s={search_term_string}"},"query-input":{"@type":"PropertyValueSpecification","valueRequired":true,"valueName":"search_term_string"}}],"inLanguage":"hu"},{"@type":"Organization","@id":"https:\/\/www.casavio.com\/hu\/#organization","name":"Camping Ca'Savio","url":"https:\/\/www.casavio.com\/hu\/","logo":{"@type":"ImageObject","inLanguage":"hu","@id":"https:\/\/www.casavio.com\/hu\/#\/schema\/logo\/image\/","url":"https:\/\/www.casavio.com\/wp-content\/uploads\/2024\/04\/favicon.png","contentUrl":"https:\/\/www.casavio.com\/wp-content\/uploads\/2024\/04\/favicon.png","width":144,"height":144,"caption":"Camping Ca'Savio"},"image":{"@id":"https:\/\/www.casavio.com\/hu\/#\/schema\/logo\/image\/"},"sameAs":["https:\/\/www.facebook.com\/campingcasavio","https:\/\/www.instagram.com\/campingcasavio","https:\/\/www.youtube.com\/user\/campingcasavio"]}]}},"_links":{"self":[{"href":"https:\/\/www.casavio.com\/hu\/wp-json\/wp\/v2\/pages\/10036","targetHints":{"allow":["GET"]}}],"collection":[{"href":"https:\/\/www.casavio.com\/hu\/wp-json\/wp\/v2\/pages"}],"about":[{"href":"https:\/\/www.casavio.com\/hu\/wp-json\/wp\/v2\/types\/page"}],"author":[{"embeddable":true,"href":"https:\/\/www.casavio.com\/hu\/wp-json\/wp\/v2\/users\/2"}],"replies":[{"embeddable":true,"href":"https:\/\/www.casavio.com\/hu\/wp-json\/wp\/v2\/comments?post=10036"}],"version-history":[{"count":1,"href":"https:\/\/www.casavio.com\/hu\/wp-json\/wp\/v2\/pages\/10036\/revisions"}],"predecessor-version":[{"id":43583,"href":"https:\/\/www.casavio.com\/hu\/wp-json\/wp\/v2\/pages\/10036\/revisions\/43583"}],"wp:attachment":[{"href":"https:\/\/www.casavio.com\/hu\/wp-json\/wp\/v2\/media?parent=10036"}],"curies":[{"name":"wp","href":"https:\/\/api.w.org\/{rel}","templated":true}]}}