{"id":10039,"date":"2019-10-21T15:24:44","date_gmt":"2019-10-21T13:24:44","guid":{"rendered":"https:\/\/www.casavio.com\/kempingunk\/filosofia\/"},"modified":"2022-09-27T12:17:04","modified_gmt":"2022-09-27T10:17:04","slug":"filozofiank","status":"publish","type":"page","link":"https:\/\/www.casavio.com\/hu\/kempingunk\/filozofiank\/","title":{"rendered":"Filoz\u00f3fi\u00e1nk"},"content":{"rendered":"<p>A nyaral\u00e1s t\u00f6bb mint egy egyszer\u0171 \u00fatic\u00e9l, nek\u00fcnk a <strong>szabads\u00e1got<\/strong> jelenti, id\u0151t \u00f6nmagunk megtal\u00e1l\u00e1s\u00e1ra, a mindennapok rohan\u00e1s\u00e1t\u00f3l val\u00f3 menek\u00fcl\u00e9sre \u00e9s a csal\u00e1ddal, bar\u00e1tokkal val\u00f3 egy\u00fcttl\u00e9tre egy <strong>nyugodt<\/strong> \u00e9s <strong>bar\u00e1ti<\/strong> k\u00f6rnyezetben. A <strong>term\u00e9szet<\/strong> k\u00f6zels\u00e9ge, a hull\u00e1mok zaja \u00e9s az \u00e9rz\u00e9s, hogy <strong>gondoskodunk<\/strong> r\u00f3lad &#8211; ezek azok a l\u00e9nyeges \u00f6sszetev\u0151k, amelyek sz\u00fcks\u00e9gesek ahhoz, hogy egy igazi szabadt\u00e9ri nyaral\u00e1st \u00e9lj \u00e1t.<\/p>\n<p>We believe in our philosophy and values, they are our guideline to keep providing our guests with holidays that make memories. In order to be able to continue this for many years, we have together with our <a href=\"https:\/\/www.casavio.com\/hu\/blog\/news\/exciting-partnership-announcement\/\"><b>partner Monviso Institute<\/b><\/a> rephrased our most important values:<\/p>\n<ol>\n<li aria-level=\"1\">We want to co-create and share unique experiences with our guests.<\/li>\n<li aria-level=\"1\">Our guests are at the centre of everything we do and we create a culture of warmth and belonging, where everyone is welcome.<\/li>\n<li aria-level=\"1\">We know we leave a footprint on nature and the local communities \u2013 we aim to make it as much of a <b>positive footprint<\/b> as possible.<\/li>\n<li aria-level=\"1\">One of our long-term goals is <b>to preserve the natural and social environment here<\/b>, and to <b>design a regenerative campsite<\/b>.<\/li>\n<li aria-level=\"1\">We share the<b> Global Sustainable Development Goals <\/b>and we aim to make them part of our culture.<\/li>\n<\/ol>\n<p>A Ca\u2019Savio experience in close connection with the campsite, with nature and the people is done together and we would like all of us to collaborate on the <b>journey to sustain this campsite and make us <a href=\"https:\/\/www.casavio.com\/hu\/kempingunk\/on-a-journey-towards-a-future-ready-campsite-tourism\/\">future-ready<\/a><\/b>.<\/p>\n<p>&nbsp;<\/p>\n","protected":false},"excerpt":{"rendered":"<p>A nyaral\u00e1s t\u00f6bb mint egy egyszer\u0171 \u00fatic\u00e9l vagy kempingez\u00e9s, \u00f6nmagunk kifejez\u00e9si m\u00f3dja \u00e9s identit\u00e1sunk felfedez\u00e9se a tanul\u00e1s \u00e9s \u00faj tapasztalatok szerz\u00e9se \u00e9rdek\u00e9ben. A Ca\u2019 Savio kemping szeretn\u00e9 ennek az utaz\u00e1snak a szerves r\u00e9sz\u00e9t k\u00e9pezni. Hisz\u00fcnk abban, hogy a term\u00e9szettel val\u00f3 szoros kapcsolat \u00e9s a vend\u00e9geinkr\u0151l val\u00f3 gondoskod\u00e1s a legjobb m\u00f3dja annak, hogy autentikus nyaral\u00e1si \u00e9lm\u00e9nyt tudjunk ny\u00fajtani. Vend\u00e9gszeretet \u00e9s csal\u00e1dias hangulat fogad, ahol mindenki sz\u00edvesen l\u00e1tott vend\u00e9g \u00e9s megtal\u00e1lja a neki legmegfelel\u0151bb dimenzi\u00f3t a mindennapokt\u00f3l val\u00f3 elt\u00e1volod\u00e1s, \u00e9s \u00f6nmaga \u00fajb\u00f3li megtal\u00e1l\u00e1sa \u00e9rdek\u00e9ben. <\/p>\n","protected":false},"author":2,"featured_media":7850,"parent":10036,"menu_order":3,"comment_status":"closed","ping_status":"closed","template":"","meta":{"_acf_changed":false},"class_list":["post-10039","page","type-page","status-publish","has-post-thumbnail","hentry"],"acf":[],"yoast_head":"<!-- This site is optimized with the Yoast SEO plugin v25.3 - https:\/\/yoast.com\/wordpress\/plugins\/seo\/ -->\n<title>Kemping\u00fcnk filoz\u00f3fi\u00e1ja &#8211; Camping Ca&#039; Savio<\/title>\n<meta name=\"description\" content=\"Filoz\u00f3fi\u00e1nk n\u00e9h\u00e1ny egyszer\u0171 fogalomban \u00f6sszefoglalhat\u00f3: szabads\u00e1g, pihen\u00e9s, kapcsolat a term\u00e9szettel \u00e9s az id\u0151, hogy egy\u00fctt maradjunk.\" \/>\n<meta name=\"robots\" content=\"index, follow, max-snippet:-1, max-image-preview:large, max-video-preview:-1\" \/>\n<link rel=\"canonical\" href=\"https:\/\/www.casavio.com\/hu\/kempingunk\/filozofiank\/\" \/>\n<meta property=\"og:locale\" content=\"hu_HU\" \/>\n<meta property=\"og:type\" content=\"article\" \/>\n<meta property=\"og:title\" content=\"Kemping\u00fcnk filoz\u00f3fi\u00e1ja &#8211; Camping Ca&#039; Savio\" \/>\n<meta property=\"og:description\" content=\"Filoz\u00f3fi\u00e1nk n\u00e9h\u00e1ny egyszer\u0171 fogalomban \u00f6sszefoglalhat\u00f3: szabads\u00e1g, pihen\u00e9s, kapcsolat a term\u00e9szettel \u00e9s az id\u0151, hogy egy\u00fctt maradjunk.\" \/>\n<meta property=\"og:url\" content=\"https:\/\/www.casavio.com\/hu\/kempingunk\/filozofiank\/\" \/>\n<meta property=\"og:site_name\" content=\"Camping Ca&#039; Savio\" \/>\n<meta property=\"article:publisher\" content=\"https:\/\/www.facebook.com\/campingcasavio\" \/>\n<meta property=\"article:modified_time\" content=\"2022-09-27T10:17:04+00:00\" \/>\n<meta property=\"og:image\" content=\"https:\/\/www.casavio.com\/wp-content\/uploads\/2020\/02\/00.-Home_La-nostra-_filosofia_-900x600-copy.jpg\" \/>\n\t<meta property=\"og:image:width\" content=\"900\" \/>\n\t<meta property=\"og:image:height\" content=\"600\" \/>\n\t<meta property=\"og:image:type\" content=\"image\/jpeg\" \/>\n<meta name=\"twitter:card\" content=\"summary_large_image\" \/>\n<meta name=\"twitter:label1\" content=\"Becs\u00fclt olvas\u00e1si id\u0151\" \/>\n\t<meta name=\"twitter:data1\" content=\"2 perc\" \/>\n<script type=\"application\/ld+json\" class=\"yoast-schema-graph\">{\"@context\":\"https:\/\/schema.org\",\"@graph\":[{\"@type\":\"WebPage\",\"@id\":\"https:\/\/www.casavio.com\/hu\/kempingunk\/filozofiank\/\",\"url\":\"https:\/\/www.casavio.com\/hu\/kempingunk\/filozofiank\/\",\"name\":\"Kemping\u00fcnk filoz\u00f3fi\u00e1ja &#8211; Camping Ca&#039; Savio\",\"isPartOf\":{\"@id\":\"https:\/\/www.casavio.com\/hu\/#website\"},\"primaryImageOfPage\":{\"@id\":\"https:\/\/www.casavio.com\/hu\/kempingunk\/filozofiank\/#primaryimage\"},\"image\":{\"@id\":\"https:\/\/www.casavio.com\/hu\/kempingunk\/filozofiank\/#primaryimage\"},\"thumbnailUrl\":\"https:\/\/www.casavio.com\/wp-content\/uploads\/2020\/02\/00.-Home_La-nostra-_filosofia_-900x600-copy.jpg\",\"datePublished\":\"2019-10-21T13:24:44+00:00\",\"dateModified\":\"2022-09-27T10:17:04+00:00\",\"description\":\"Filoz\u00f3fi\u00e1nk n\u00e9h\u00e1ny egyszer\u0171 fogalomban \u00f6sszefoglalhat\u00f3: szabads\u00e1g, pihen\u00e9s, kapcsolat a term\u00e9szettel \u00e9s az id\u0151, hogy egy\u00fctt maradjunk.\",\"breadcrumb\":{\"@id\":\"https:\/\/www.casavio.com\/hu\/kempingunk\/filozofiank\/#breadcrumb\"},\"inLanguage\":\"hu\",\"potentialAction\":[{\"@type\":\"ReadAction\",\"target\":[\"https:\/\/www.casavio.com\/hu\/kempingunk\/filozofiank\/\"]}]},{\"@type\":\"ImageObject\",\"inLanguage\":\"hu\",\"@id\":\"https:\/\/www.casavio.com\/hu\/kempingunk\/filozofiank\/#primaryimage\",\"url\":\"https:\/\/www.casavio.com\/wp-content\/uploads\/2020\/02\/00.-Home_La-nostra-_filosofia_-900x600-copy.jpg\",\"contentUrl\":\"https:\/\/www.casavio.com\/wp-content\/uploads\/2020\/02\/00.-Home_La-nostra-_filosofia_-900x600-copy.jpg\",\"width\":900,\"height\":600},{\"@type\":\"BreadcrumbList\",\"@id\":\"https:\/\/www.casavio.com\/hu\/kempingunk\/filozofiank\/#breadcrumb\",\"itemListElement\":[{\"@type\":\"ListItem\",\"position\":1,\"name\":\"Home\",\"item\":\"https:\/\/www.casavio.com\/hu\/\"},{\"@type\":\"ListItem\",\"position\":2,\"name\":\"Kemping\u00fcnk\",\"item\":\"https:\/\/www.casavio.com\/hu\/kempingunk\/\"},{\"@type\":\"ListItem\",\"position\":3,\"name\":\"Filoz\u00f3fi\u00e1nk\"}]},{\"@type\":\"WebSite\",\"@id\":\"https:\/\/www.casavio.com\/hu\/#website\",\"url\":\"https:\/\/www.casavio.com\/hu\/\",\"name\":\"Camping Ca&#039; Savio\",\"description\":\"\",\"publisher\":{\"@id\":\"https:\/\/www.casavio.com\/hu\/#organization\"},\"potentialAction\":[{\"@type\":\"SearchAction\",\"target\":{\"@type\":\"EntryPoint\",\"urlTemplate\":\"https:\/\/www.casavio.com\/hu\/?s={search_term_string}\"},\"query-input\":{\"@type\":\"PropertyValueSpecification\",\"valueRequired\":true,\"valueName\":\"search_term_string\"}}],\"inLanguage\":\"hu\"},{\"@type\":\"Organization\",\"@id\":\"https:\/\/www.casavio.com\/hu\/#organization\",\"name\":\"Camping Ca'Savio\",\"url\":\"https:\/\/www.casavio.com\/hu\/\",\"logo\":{\"@type\":\"ImageObject\",\"inLanguage\":\"hu\",\"@id\":\"https:\/\/www.casavio.com\/hu\/#\/schema\/logo\/image\/\",\"url\":\"https:\/\/www.casavio.com\/wp-content\/uploads\/2024\/04\/favicon.png\",\"contentUrl\":\"https:\/\/www.casavio.com\/wp-content\/uploads\/2024\/04\/favicon.png\",\"width\":144,\"height\":144,\"caption\":\"Camping Ca'Savio\"},\"image\":{\"@id\":\"https:\/\/www.casavio.com\/hu\/#\/schema\/logo\/image\/\"},\"sameAs\":[\"https:\/\/www.facebook.com\/campingcasavio\",\"https:\/\/www.instagram.com\/campingcasavio\",\"https:\/\/www.youtube.com\/user\/campingcasavio\"]}]}<\/script>\n<!-- \/ Yoast SEO plugin. -->","yoast_head_json":{"title":"Kemping\u00fcnk filoz\u00f3fi\u00e1ja &#8211; Camping Ca&#039; Savio","description":"Filoz\u00f3fi\u00e1nk n\u00e9h\u00e1ny egyszer\u0171 fogalomban \u00f6sszefoglalhat\u00f3: szabads\u00e1g, pihen\u00e9s, kapcsolat a term\u00e9szettel \u00e9s az id\u0151, hogy egy\u00fctt maradjunk.","robots":{"index":"index","follow":"follow","max-snippet":"max-snippet:-1","max-image-preview":"max-image-preview:large","max-video-preview":"max-video-preview:-1"},"canonical":"https:\/\/www.casavio.com\/hu\/kempingunk\/filozofiank\/","og_locale":"hu_HU","og_type":"article","og_title":"Kemping\u00fcnk filoz\u00f3fi\u00e1ja &#8211; Camping Ca&#039; Savio","og_description":"Filoz\u00f3fi\u00e1nk n\u00e9h\u00e1ny egyszer\u0171 fogalomban \u00f6sszefoglalhat\u00f3: szabads\u00e1g, pihen\u00e9s, kapcsolat a term\u00e9szettel \u00e9s az id\u0151, hogy egy\u00fctt maradjunk.","og_url":"https:\/\/www.casavio.com\/hu\/kempingunk\/filozofiank\/","og_site_name":"Camping Ca&#039; Savio","article_publisher":"https:\/\/www.facebook.com\/campingcasavio","article_modified_time":"2022-09-27T10:17:04+00:00","og_image":[{"width":900,"height":600,"url":"https:\/\/www.casavio.com\/wp-content\/uploads\/2020\/02\/00.-Home_La-nostra-_filosofia_-900x600-copy.jpg","type":"image\/jpeg"}],"twitter_card":"summary_large_image","twitter_misc":{"Becs\u00fclt olvas\u00e1si id\u0151":"2 perc"},"schema":{"@context":"https:\/\/schema.org","@graph":[{"@type":"WebPage","@id":"https:\/\/www.casavio.com\/hu\/kempingunk\/filozofiank\/","url":"https:\/\/www.casavio.com\/hu\/kempingunk\/filozofiank\/","name":"Kemping\u00fcnk filoz\u00f3fi\u00e1ja &#8211; Camping Ca&#039; Savio","isPartOf":{"@id":"https:\/\/www.casavio.com\/hu\/#website"},"primaryImageOfPage":{"@id":"https:\/\/www.casavio.com\/hu\/kempingunk\/filozofiank\/#primaryimage"},"image":{"@id":"https:\/\/www.casavio.com\/hu\/kempingunk\/filozofiank\/#primaryimage"},"thumbnailUrl":"https:\/\/www.casavio.com\/wp-content\/uploads\/2020\/02\/00.-Home_La-nostra-_filosofia_-900x600-copy.jpg","datePublished":"2019-10-21T13:24:44+00:00","dateModified":"2022-09-27T10:17:04+00:00","description":"Filoz\u00f3fi\u00e1nk n\u00e9h\u00e1ny egyszer\u0171 fogalomban \u00f6sszefoglalhat\u00f3: szabads\u00e1g, pihen\u00e9s, kapcsolat a term\u00e9szettel \u00e9s az id\u0151, hogy egy\u00fctt maradjunk.","breadcrumb":{"@id":"https:\/\/www.casavio.com\/hu\/kempingunk\/filozofiank\/#breadcrumb"},"inLanguage":"hu","potentialAction":[{"@type":"ReadAction","target":["https:\/\/www.casavio.com\/hu\/kempingunk\/filozofiank\/"]}]},{"@type":"ImageObject","inLanguage":"hu","@id":"https:\/\/www.casavio.com\/hu\/kempingunk\/filozofiank\/#primaryimage","url":"https:\/\/www.casavio.com\/wp-content\/uploads\/2020\/02\/00.-Home_La-nostra-_filosofia_-900x600-copy.jpg","contentUrl":"https:\/\/www.casavio.com\/wp-content\/uploads\/2020\/02\/00.-Home_La-nostra-_filosofia_-900x600-copy.jpg","width":900,"height":600},{"@type":"BreadcrumbList","@id":"https:\/\/www.casavio.com\/hu\/kempingunk\/filozofiank\/#breadcrumb","itemListElement":[{"@type":"ListItem","position":1,"name":"Home","item":"https:\/\/www.casavio.com\/hu\/"},{"@type":"ListItem","position":2,"name":"Kemping\u00fcnk","item":"https:\/\/www.casavio.com\/hu\/kempingunk\/"},{"@type":"ListItem","position":3,"name":"Filoz\u00f3fi\u00e1nk"}]},{"@type":"WebSite","@id":"https:\/\/www.casavio.com\/hu\/#website","url":"https:\/\/www.casavio.com\/hu\/","name":"Camping Ca&#039; Savio","description":"","publisher":{"@id":"https:\/\/www.casavio.com\/hu\/#organization"},"potentialAction":[{"@type":"SearchAction","target":{"@type":"EntryPoint","urlTemplate":"https:\/\/www.casavio.com\/hu\/?s={search_term_string}"},"query-input":{"@type":"PropertyValueSpecification","valueRequired":true,"valueName":"search_term_string"}}],"inLanguage":"hu"},{"@type":"Organization","@id":"https:\/\/www.casavio.com\/hu\/#organization","name":"Camping Ca'Savio","url":"https:\/\/www.casavio.com\/hu\/","logo":{"@type":"ImageObject","inLanguage":"hu","@id":"https:\/\/www.casavio.com\/hu\/#\/schema\/logo\/image\/","url":"https:\/\/www.casavio.com\/wp-content\/uploads\/2024\/04\/favicon.png","contentUrl":"https:\/\/www.casavio.com\/wp-content\/uploads\/2024\/04\/favicon.png","width":144,"height":144,"caption":"Camping Ca'Savio"},"image":{"@id":"https:\/\/www.casavio.com\/hu\/#\/schema\/logo\/image\/"},"sameAs":["https:\/\/www.facebook.com\/campingcasavio","https:\/\/www.instagram.com\/campingcasavio","https:\/\/www.youtube.com\/user\/campingcasavio"]}]}},"_links":{"self":[{"href":"https:\/\/www.casavio.com\/hu\/wp-json\/wp\/v2\/pages\/10039","targetHints":{"allow":["GET"]}}],"collection":[{"href":"https:\/\/www.casavio.com\/hu\/wp-json\/wp\/v2\/pages"}],"about":[{"href":"https:\/\/www.casavio.com\/hu\/wp-json\/wp\/v2\/types\/page"}],"author":[{"embeddable":true,"href":"https:\/\/www.casavio.com\/hu\/wp-json\/wp\/v2\/users\/2"}],"replies":[{"embeddable":true,"href":"https:\/\/www.casavio.com\/hu\/wp-json\/wp\/v2\/comments?post=10039"}],"version-history":[{"count":1,"href":"https:\/\/www.casavio.com\/hu\/wp-json\/wp\/v2\/pages\/10039\/revisions"}],"predecessor-version":[{"id":25535,"href":"https:\/\/www.casavio.com\/hu\/wp-json\/wp\/v2\/pages\/10039\/revisions\/25535"}],"up":[{"embeddable":true,"href":"https:\/\/www.casavio.com\/hu\/wp-json\/wp\/v2\/pages\/10036"}],"wp:featuredmedia":[{"embeddable":true,"href":"https:\/\/www.casavio.com\/hu\/wp-json\/wp\/v2\/media\/7850"}],"wp:attachment":[{"href":"https:\/\/www.casavio.com\/hu\/wp-json\/wp\/v2\/media?parent=10039"}],"curies":[{"name":"wp","href":"https:\/\/api.w.org\/{rel}","templated":true}]}}