{"id":10091,"date":"2019-10-11T12:01:18","date_gmt":"2019-10-11T10:01:18","guid":{"rendered":"https:\/\/www.casavio.com\/camping\/"},"modified":"2023-09-29T14:03:08","modified_gmt":"2023-09-29T12:03:08","slug":"camping","status":"publish","type":"page","link":"https:\/\/www.casavio.com\/hu\/camping\/","title":{"rendered":"Sz\u00e1ll\u00e1sok"},"content":{"rendered":"<p>Miut\u00e1n eld\u00f6nt\u00f6tt\u00e9tek, hogy\u00a0Cavallino-ban t\u00f6ltitek a ny\u00e1ri vak\u00e1ci\u00f3t, illetve a Camping Ca\u2019Savio-t v\u00e1lasztott\u00e1tok homokos tengerpartja, k\u00f6zvetlen hangulata, szolg\u00e1ltat\u00e1sai \u00e9s programjai, valamint a\u00a0Velenc\u00e9hez\u00a0val\u00f3 k\u00f6zels\u00e9ge miatt, nincs m\u00e1s h\u00e1tra, mint a sz\u00e1motokra\u00a0<strong>legmegfelel\u0151bb lak\u00f3egys\u00e9g kiv\u00e1laszt\u00e1sa<\/strong>.<\/p>\n","protected":false},"excerpt":{"rendered":"<p>Miut\u00e1n eld\u00f6nt\u00f6tt\u00e9tek, hogy\u00a0Cavallino-ban t\u00f6ltitek a ny\u00e1ri vak\u00e1ci\u00f3t, illetve a Camping Ca\u2019Savio-t v\u00e1lasztott\u00e1tok homokos tengerpartja, k\u00f6zvetlen hangulata, szolg\u00e1ltat\u00e1sai \u00e9s programjai, valamint a\u00a0Velenc\u00e9hez\u00a0val\u00f3 k\u00f6zels\u00e9ge miatt, nincs m\u00e1s h\u00e1tra, mint a sz\u00e1motokra\u00a0legmegfelel\u0151bb lak\u00f3egys\u00e9g kiv\u00e1laszt\u00e1sa.<\/p>\n","protected":false},"author":2,"featured_media":0,"parent":0,"menu_order":5,"comment_status":"closed","ping_status":"closed","template":"templates\/tpl-accommodation.php","meta":{"_acf_changed":false},"class_list":["post-10091","page","type-page","status-publish","hentry"],"acf":[],"yoast_head":"<!-- This site is optimized with the Yoast SEO plugin v25.3 - https:\/\/yoast.com\/wordpress\/plugins\/seo\/ -->\n<title>Sz\u00e1ll\u00e1sok a Ca\u2019 Savio Kempingben: Bungal\u00f3k, Mozg\u00f3 H\u00e1zak \u00e9s Glamping &#8211; Camping Ca&#039; Savio<\/title>\n<meta name=\"description\" content=\"A Ca\u2019 Savio Kemping k\u00fcl\u00f6nb\u00f6z\u0151 t\u00edpus\u00fa sz\u00e1ll\u00e1sok sz\u00e9les v\u00e1laszt\u00e9k\u00e1val rendelkezik. Bungal\u00f3k, mozg\u00f3 h\u00e1zak \u00e9s glamping s\u00e1trak az eg\u00e9sz csal\u00e1d sz\u00e1m\u00e1ra ide\u00e1lis nyaral\u00e1shoz. Fedezd fel sz\u00e1ll\u00e1sainkat \u00e9s online foglald le nyaral\u00e1sodat Cavallino-ban.\" \/>\n<meta name=\"robots\" content=\"index, follow, max-snippet:-1, max-image-preview:large, max-video-preview:-1\" \/>\n<link rel=\"canonical\" href=\"https:\/\/www.casavio.com\/hu\/camping\/\" \/>\n<meta property=\"og:locale\" content=\"hu_HU\" \/>\n<meta property=\"og:type\" content=\"article\" \/>\n<meta property=\"og:title\" content=\"Sz\u00e1ll\u00e1sok a Ca\u2019 Savio Kempingben: Bungal\u00f3k, Mozg\u00f3 H\u00e1zak \u00e9s Glamping &#8211; Camping Ca&#039; Savio\" \/>\n<meta property=\"og:description\" content=\"A Ca\u2019 Savio Kemping k\u00fcl\u00f6nb\u00f6z\u0151 t\u00edpus\u00fa sz\u00e1ll\u00e1sok sz\u00e9les v\u00e1laszt\u00e9k\u00e1val rendelkezik. Bungal\u00f3k, mozg\u00f3 h\u00e1zak \u00e9s glamping s\u00e1trak az eg\u00e9sz csal\u00e1d sz\u00e1m\u00e1ra ide\u00e1lis nyaral\u00e1shoz. Fedezd fel sz\u00e1ll\u00e1sainkat \u00e9s online foglald le nyaral\u00e1sodat Cavallino-ban.\" \/>\n<meta property=\"og:url\" content=\"https:\/\/www.casavio.com\/hu\/camping\/\" \/>\n<meta property=\"og:site_name\" content=\"Camping Ca&#039; Savio\" \/>\n<meta property=\"article:publisher\" content=\"https:\/\/www.facebook.com\/campingcasavio\" \/>\n<meta property=\"article:modified_time\" content=\"2023-09-29T12:03:08+00:00\" \/>\n<meta property=\"og:image\" content=\"https:\/\/www.casavio.com\/wp-content\/uploads\/2019\/11\/ca-savio-alloggi-header.jpg\" \/>\n\t<meta property=\"og:image:width\" content=\"1440\" \/>\n\t<meta property=\"og:image:height\" content=\"500\" \/>\n\t<meta property=\"og:image:type\" content=\"image\/jpeg\" \/>\n<meta name=\"twitter:card\" content=\"summary_large_image\" \/>\n<meta name=\"twitter:label1\" content=\"Becs\u00fclt olvas\u00e1si id\u0151\" \/>\n\t<meta name=\"twitter:data1\" content=\"1 perc\" \/>\n<script type=\"application\/ld+json\" class=\"yoast-schema-graph\">{\"@context\":\"https:\/\/schema.org\",\"@graph\":[{\"@type\":\"WebPage\",\"@id\":\"https:\/\/www.casavio.com\/hu\/camping\/\",\"url\":\"https:\/\/www.casavio.com\/hu\/camping\/\",\"name\":\"Sz\u00e1ll\u00e1sok a Ca\u2019 Savio Kempingben: Bungal\u00f3k, Mozg\u00f3 H\u00e1zak \u00e9s Glamping &#8211; Camping Ca&#039; Savio\",\"isPartOf\":{\"@id\":\"https:\/\/www.casavio.com\/hu\/#website\"},\"datePublished\":\"2019-10-11T10:01:18+00:00\",\"dateModified\":\"2023-09-29T12:03:08+00:00\",\"description\":\"A Ca\u2019 Savio Kemping k\u00fcl\u00f6nb\u00f6z\u0151 t\u00edpus\u00fa sz\u00e1ll\u00e1sok sz\u00e9les v\u00e1laszt\u00e9k\u00e1val rendelkezik. Bungal\u00f3k, mozg\u00f3 h\u00e1zak \u00e9s glamping s\u00e1trak az eg\u00e9sz csal\u00e1d sz\u00e1m\u00e1ra ide\u00e1lis nyaral\u00e1shoz. Fedezd fel sz\u00e1ll\u00e1sainkat \u00e9s online foglald le nyaral\u00e1sodat Cavallino-ban.\",\"breadcrumb\":{\"@id\":\"https:\/\/www.casavio.com\/hu\/camping\/#breadcrumb\"},\"inLanguage\":\"hu\",\"potentialAction\":[{\"@type\":\"ReadAction\",\"target\":[\"https:\/\/www.casavio.com\/hu\/camping\/\"]}]},{\"@type\":\"BreadcrumbList\",\"@id\":\"https:\/\/www.casavio.com\/hu\/camping\/#breadcrumb\",\"itemListElement\":[{\"@type\":\"ListItem\",\"position\":1,\"name\":\"Home\",\"item\":\"https:\/\/www.casavio.com\/hu\/\"},{\"@type\":\"ListItem\",\"position\":2,\"name\":\"Sz\u00e1ll\u00e1sok\"}]},{\"@type\":\"WebSite\",\"@id\":\"https:\/\/www.casavio.com\/hu\/#website\",\"url\":\"https:\/\/www.casavio.com\/hu\/\",\"name\":\"Camping Ca&#039; Savio\",\"description\":\"\",\"publisher\":{\"@id\":\"https:\/\/www.casavio.com\/hu\/#organization\"},\"potentialAction\":[{\"@type\":\"SearchAction\",\"target\":{\"@type\":\"EntryPoint\",\"urlTemplate\":\"https:\/\/www.casavio.com\/hu\/?s={search_term_string}\"},\"query-input\":{\"@type\":\"PropertyValueSpecification\",\"valueRequired\":true,\"valueName\":\"search_term_string\"}}],\"inLanguage\":\"hu\"},{\"@type\":\"Organization\",\"@id\":\"https:\/\/www.casavio.com\/hu\/#organization\",\"name\":\"Camping Ca'Savio\",\"url\":\"https:\/\/www.casavio.com\/hu\/\",\"logo\":{\"@type\":\"ImageObject\",\"inLanguage\":\"hu\",\"@id\":\"https:\/\/www.casavio.com\/hu\/#\/schema\/logo\/image\/\",\"url\":\"https:\/\/www.casavio.com\/wp-content\/uploads\/2024\/04\/favicon.png\",\"contentUrl\":\"https:\/\/www.casavio.com\/wp-content\/uploads\/2024\/04\/favicon.png\",\"width\":144,\"height\":144,\"caption\":\"Camping Ca'Savio\"},\"image\":{\"@id\":\"https:\/\/www.casavio.com\/hu\/#\/schema\/logo\/image\/\"},\"sameAs\":[\"https:\/\/www.facebook.com\/campingcasavio\",\"https:\/\/www.instagram.com\/campingcasavio\",\"https:\/\/www.youtube.com\/user\/campingcasavio\"]}]}<\/script>\n<!-- \/ Yoast SEO plugin. -->","yoast_head_json":{"title":"Sz\u00e1ll\u00e1sok a Ca\u2019 Savio Kempingben: Bungal\u00f3k, Mozg\u00f3 H\u00e1zak \u00e9s Glamping &#8211; Camping Ca&#039; Savio","description":"A Ca\u2019 Savio Kemping k\u00fcl\u00f6nb\u00f6z\u0151 t\u00edpus\u00fa sz\u00e1ll\u00e1sok sz\u00e9les v\u00e1laszt\u00e9k\u00e1val rendelkezik. Bungal\u00f3k, mozg\u00f3 h\u00e1zak \u00e9s glamping s\u00e1trak az eg\u00e9sz csal\u00e1d sz\u00e1m\u00e1ra ide\u00e1lis nyaral\u00e1shoz. Fedezd fel sz\u00e1ll\u00e1sainkat \u00e9s online foglald le nyaral\u00e1sodat Cavallino-ban.","robots":{"index":"index","follow":"follow","max-snippet":"max-snippet:-1","max-image-preview":"max-image-preview:large","max-video-preview":"max-video-preview:-1"},"canonical":"https:\/\/www.casavio.com\/hu\/camping\/","og_locale":"hu_HU","og_type":"article","og_title":"Sz\u00e1ll\u00e1sok a Ca\u2019 Savio Kempingben: Bungal\u00f3k, Mozg\u00f3 H\u00e1zak \u00e9s Glamping &#8211; Camping Ca&#039; Savio","og_description":"A Ca\u2019 Savio Kemping k\u00fcl\u00f6nb\u00f6z\u0151 t\u00edpus\u00fa sz\u00e1ll\u00e1sok sz\u00e9les v\u00e1laszt\u00e9k\u00e1val rendelkezik. Bungal\u00f3k, mozg\u00f3 h\u00e1zak \u00e9s glamping s\u00e1trak az eg\u00e9sz csal\u00e1d sz\u00e1m\u00e1ra ide\u00e1lis nyaral\u00e1shoz. Fedezd fel sz\u00e1ll\u00e1sainkat \u00e9s online foglald le nyaral\u00e1sodat Cavallino-ban.","og_url":"https:\/\/www.casavio.com\/hu\/camping\/","og_site_name":"Camping Ca&#039; Savio","article_publisher":"https:\/\/www.facebook.com\/campingcasavio","article_modified_time":"2023-09-29T12:03:08+00:00","og_image":[{"width":1440,"height":500,"url":"https:\/\/www.casavio.com\/wp-content\/uploads\/2019\/11\/ca-savio-alloggi-header.jpg","type":"image\/jpeg"}],"twitter_card":"summary_large_image","twitter_misc":{"Becs\u00fclt olvas\u00e1si id\u0151":"1 perc"},"schema":{"@context":"https:\/\/schema.org","@graph":[{"@type":"WebPage","@id":"https:\/\/www.casavio.com\/hu\/camping\/","url":"https:\/\/www.casavio.com\/hu\/camping\/","name":"Sz\u00e1ll\u00e1sok a Ca\u2019 Savio Kempingben: Bungal\u00f3k, Mozg\u00f3 H\u00e1zak \u00e9s Glamping &#8211; Camping Ca&#039; Savio","isPartOf":{"@id":"https:\/\/www.casavio.com\/hu\/#website"},"datePublished":"2019-10-11T10:01:18+00:00","dateModified":"2023-09-29T12:03:08+00:00","description":"A Ca\u2019 Savio Kemping k\u00fcl\u00f6nb\u00f6z\u0151 t\u00edpus\u00fa sz\u00e1ll\u00e1sok sz\u00e9les v\u00e1laszt\u00e9k\u00e1val rendelkezik. Bungal\u00f3k, mozg\u00f3 h\u00e1zak \u00e9s glamping s\u00e1trak az eg\u00e9sz csal\u00e1d sz\u00e1m\u00e1ra ide\u00e1lis nyaral\u00e1shoz. Fedezd fel sz\u00e1ll\u00e1sainkat \u00e9s online foglald le nyaral\u00e1sodat Cavallino-ban.","breadcrumb":{"@id":"https:\/\/www.casavio.com\/hu\/camping\/#breadcrumb"},"inLanguage":"hu","potentialAction":[{"@type":"ReadAction","target":["https:\/\/www.casavio.com\/hu\/camping\/"]}]},{"@type":"BreadcrumbList","@id":"https:\/\/www.casavio.com\/hu\/camping\/#breadcrumb","itemListElement":[{"@type":"ListItem","position":1,"name":"Home","item":"https:\/\/www.casavio.com\/hu\/"},{"@type":"ListItem","position":2,"name":"Sz\u00e1ll\u00e1sok"}]},{"@type":"WebSite","@id":"https:\/\/www.casavio.com\/hu\/#website","url":"https:\/\/www.casavio.com\/hu\/","name":"Camping Ca&#039; Savio","description":"","publisher":{"@id":"https:\/\/www.casavio.com\/hu\/#organization"},"potentialAction":[{"@type":"SearchAction","target":{"@type":"EntryPoint","urlTemplate":"https:\/\/www.casavio.com\/hu\/?s={search_term_string}"},"query-input":{"@type":"PropertyValueSpecification","valueRequired":true,"valueName":"search_term_string"}}],"inLanguage":"hu"},{"@type":"Organization","@id":"https:\/\/www.casavio.com\/hu\/#organization","name":"Camping Ca'Savio","url":"https:\/\/www.casavio.com\/hu\/","logo":{"@type":"ImageObject","inLanguage":"hu","@id":"https:\/\/www.casavio.com\/hu\/#\/schema\/logo\/image\/","url":"https:\/\/www.casavio.com\/wp-content\/uploads\/2024\/04\/favicon.png","contentUrl":"https:\/\/www.casavio.com\/wp-content\/uploads\/2024\/04\/favicon.png","width":144,"height":144,"caption":"Camping Ca'Savio"},"image":{"@id":"https:\/\/www.casavio.com\/hu\/#\/schema\/logo\/image\/"},"sameAs":["https:\/\/www.facebook.com\/campingcasavio","https:\/\/www.instagram.com\/campingcasavio","https:\/\/www.youtube.com\/user\/campingcasavio"]}]}},"_links":{"self":[{"href":"https:\/\/www.casavio.com\/hu\/wp-json\/wp\/v2\/pages\/10091","targetHints":{"allow":["GET"]}}],"collection":[{"href":"https:\/\/www.casavio.com\/hu\/wp-json\/wp\/v2\/pages"}],"about":[{"href":"https:\/\/www.casavio.com\/hu\/wp-json\/wp\/v2\/types\/page"}],"author":[{"embeddable":true,"href":"https:\/\/www.casavio.com\/hu\/wp-json\/wp\/v2\/users\/2"}],"replies":[{"embeddable":true,"href":"https:\/\/www.casavio.com\/hu\/wp-json\/wp\/v2\/comments?post=10091"}],"version-history":[{"count":2,"href":"https:\/\/www.casavio.com\/hu\/wp-json\/wp\/v2\/pages\/10091\/revisions"}],"predecessor-version":[{"id":28818,"href":"https:\/\/www.casavio.com\/hu\/wp-json\/wp\/v2\/pages\/10091\/revisions\/28818"}],"wp:attachment":[{"href":"https:\/\/www.casavio.com\/hu\/wp-json\/wp\/v2\/media?parent=10091"}],"curies":[{"name":"wp","href":"https:\/\/api.w.org\/{rel}","templated":true}]}}