{"id":10095,"date":"2019-10-21T15:22:25","date_gmt":"2019-10-21T13:22:25","guid":{"rendered":"https:\/\/www.casavio.com\/servizi\/"},"modified":"2021-10-18T12:12:52","modified_gmt":"2021-10-18T10:12:52","slug":"szolgaltatasok","status":"publish","type":"page","link":"https:\/\/www.casavio.com\/hu\/szolgaltatasok\/","title":{"rendered":"Szolg\u00e1ltat\u00e1sok"},"content":{"rendered":"<p>Mindaz, ami a nyaral\u00e1shoz n\u00e9lk\u00fcl\u00f6zhetetlen.<\/p>\n","protected":false},"excerpt":{"rendered":"<p>Mindaz, ami a nyaral\u00e1shoz n\u00e9lk\u00fcl\u00f6zhetetlen.<\/p>\n","protected":false},"author":2,"featured_media":0,"parent":0,"menu_order":31,"comment_status":"closed","ping_status":"closed","template":"templates\/tpl-children-with-intro.php","meta":{"_acf_changed":false},"class_list":["post-10095","page","type-page","status-publish","hentry"],"acf":[],"yoast_head":"<!-- This site is optimized with the Yoast SEO plugin v25.3 - https:\/\/yoast.com\/wordpress\/plugins\/seo\/ -->\n<title>Szervezett programok, kir\u00e1ndul\u00e1sok, sz\u00f3rakoz\u00e1s a Ca\u2019 Savio kempingben&#8211; Camping Ca&#039; Savio<\/title>\n<meta name=\"description\" content=\"T\u00e1j\u00e9koz\u00f3djon az \u00d6n \u00e9s gyermekei sz\u00e1m\u00e1ra szervezett szabadid\u0151s programok lehet\u0151s\u00e9g\u00e9r\u0151l a Ca\u2019 Savio kempingben, Cavallino Treportiban: szervezett programok gyerekek \u00e9s feln\u0151ttek r\u00e9sz\u00e9re, kir\u00e1ndul\u00e1sok \u00e9s sok egy\u00e9b. L\u00e9pjen vel\u00fcnk kapcsolatba!\" \/>\n<meta name=\"robots\" content=\"index, follow, max-snippet:-1, max-image-preview:large, max-video-preview:-1\" \/>\n<link rel=\"canonical\" href=\"https:\/\/www.casavio.com\/hu\/szolgaltatasok\/\" \/>\n<meta property=\"og:locale\" content=\"hu_HU\" \/>\n<meta property=\"og:type\" content=\"article\" \/>\n<meta property=\"og:title\" content=\"Szervezett programok, kir\u00e1ndul\u00e1sok, sz\u00f3rakoz\u00e1s a Ca\u2019 Savio kempingben&#8211; Camping Ca&#039; Savio\" \/>\n<meta property=\"og:description\" content=\"T\u00e1j\u00e9koz\u00f3djon az \u00d6n \u00e9s gyermekei sz\u00e1m\u00e1ra szervezett szabadid\u0151s programok lehet\u0151s\u00e9g\u00e9r\u0151l a Ca\u2019 Savio kempingben, Cavallino Treportiban: szervezett programok gyerekek \u00e9s feln\u0151ttek r\u00e9sz\u00e9re, kir\u00e1ndul\u00e1sok \u00e9s sok egy\u00e9b. L\u00e9pjen vel\u00fcnk kapcsolatba!\" \/>\n<meta property=\"og:url\" content=\"https:\/\/www.casavio.com\/hu\/szolgaltatasok\/\" \/>\n<meta property=\"og:site_name\" content=\"Camping Ca&#039; Savio\" \/>\n<meta property=\"article:publisher\" content=\"https:\/\/www.facebook.com\/campingcasavio\" \/>\n<meta property=\"article:modified_time\" content=\"2021-10-18T10:12:52+00:00\" \/>\n<meta name=\"twitter:card\" content=\"summary_large_image\" \/>\n<script type=\"application\/ld+json\" class=\"yoast-schema-graph\">{\"@context\":\"https:\/\/schema.org\",\"@graph\":[{\"@type\":\"WebPage\",\"@id\":\"https:\/\/www.casavio.com\/hu\/szolgaltatasok\/\",\"url\":\"https:\/\/www.casavio.com\/hu\/szolgaltatasok\/\",\"name\":\"Szervezett programok, kir\u00e1ndul\u00e1sok, sz\u00f3rakoz\u00e1s a Ca\u2019 Savio kempingben&#8211; Camping Ca&#039; Savio\",\"isPartOf\":{\"@id\":\"https:\/\/www.casavio.com\/hu\/#website\"},\"datePublished\":\"2019-10-21T13:22:25+00:00\",\"dateModified\":\"2021-10-18T10:12:52+00:00\",\"description\":\"T\u00e1j\u00e9koz\u00f3djon az \u00d6n \u00e9s gyermekei sz\u00e1m\u00e1ra szervezett szabadid\u0151s programok lehet\u0151s\u00e9g\u00e9r\u0151l a Ca\u2019 Savio kempingben, Cavallino Treportiban: szervezett programok gyerekek \u00e9s feln\u0151ttek r\u00e9sz\u00e9re, kir\u00e1ndul\u00e1sok \u00e9s sok egy\u00e9b. L\u00e9pjen vel\u00fcnk kapcsolatba!\",\"breadcrumb\":{\"@id\":\"https:\/\/www.casavio.com\/hu\/szolgaltatasok\/#breadcrumb\"},\"inLanguage\":\"hu\",\"potentialAction\":[{\"@type\":\"ReadAction\",\"target\":[\"https:\/\/www.casavio.com\/hu\/szolgaltatasok\/\"]}]},{\"@type\":\"BreadcrumbList\",\"@id\":\"https:\/\/www.casavio.com\/hu\/szolgaltatasok\/#breadcrumb\",\"itemListElement\":[{\"@type\":\"ListItem\",\"position\":1,\"name\":\"Home\",\"item\":\"https:\/\/www.casavio.com\/hu\/\"},{\"@type\":\"ListItem\",\"position\":2,\"name\":\"Szolg\u00e1ltat\u00e1sok\"}]},{\"@type\":\"WebSite\",\"@id\":\"https:\/\/www.casavio.com\/hu\/#website\",\"url\":\"https:\/\/www.casavio.com\/hu\/\",\"name\":\"Camping Ca&#039; Savio\",\"description\":\"\",\"publisher\":{\"@id\":\"https:\/\/www.casavio.com\/hu\/#organization\"},\"potentialAction\":[{\"@type\":\"SearchAction\",\"target\":{\"@type\":\"EntryPoint\",\"urlTemplate\":\"https:\/\/www.casavio.com\/hu\/?s={search_term_string}\"},\"query-input\":{\"@type\":\"PropertyValueSpecification\",\"valueRequired\":true,\"valueName\":\"search_term_string\"}}],\"inLanguage\":\"hu\"},{\"@type\":\"Organization\",\"@id\":\"https:\/\/www.casavio.com\/hu\/#organization\",\"name\":\"Camping Ca'Savio\",\"url\":\"https:\/\/www.casavio.com\/hu\/\",\"logo\":{\"@type\":\"ImageObject\",\"inLanguage\":\"hu\",\"@id\":\"https:\/\/www.casavio.com\/hu\/#\/schema\/logo\/image\/\",\"url\":\"https:\/\/www.casavio.com\/wp-content\/uploads\/2024\/04\/favicon.png\",\"contentUrl\":\"https:\/\/www.casavio.com\/wp-content\/uploads\/2024\/04\/favicon.png\",\"width\":144,\"height\":144,\"caption\":\"Camping Ca'Savio\"},\"image\":{\"@id\":\"https:\/\/www.casavio.com\/hu\/#\/schema\/logo\/image\/\"},\"sameAs\":[\"https:\/\/www.facebook.com\/campingcasavio\",\"https:\/\/www.instagram.com\/campingcasavio\",\"https:\/\/www.youtube.com\/user\/campingcasavio\"]}]}<\/script>\n<!-- \/ Yoast SEO plugin. -->","yoast_head_json":{"title":"Szervezett programok, kir\u00e1ndul\u00e1sok, sz\u00f3rakoz\u00e1s a Ca\u2019 Savio kempingben&#8211; Camping Ca&#039; Savio","description":"T\u00e1j\u00e9koz\u00f3djon az \u00d6n \u00e9s gyermekei sz\u00e1m\u00e1ra szervezett szabadid\u0151s programok lehet\u0151s\u00e9g\u00e9r\u0151l a Ca\u2019 Savio kempingben, Cavallino Treportiban: szervezett programok gyerekek \u00e9s feln\u0151ttek r\u00e9sz\u00e9re, kir\u00e1ndul\u00e1sok \u00e9s sok egy\u00e9b. L\u00e9pjen vel\u00fcnk kapcsolatba!","robots":{"index":"index","follow":"follow","max-snippet":"max-snippet:-1","max-image-preview":"max-image-preview:large","max-video-preview":"max-video-preview:-1"},"canonical":"https:\/\/www.casavio.com\/hu\/szolgaltatasok\/","og_locale":"hu_HU","og_type":"article","og_title":"Szervezett programok, kir\u00e1ndul\u00e1sok, sz\u00f3rakoz\u00e1s a Ca\u2019 Savio kempingben&#8211; Camping Ca&#039; Savio","og_description":"T\u00e1j\u00e9koz\u00f3djon az \u00d6n \u00e9s gyermekei sz\u00e1m\u00e1ra szervezett szabadid\u0151s programok lehet\u0151s\u00e9g\u00e9r\u0151l a Ca\u2019 Savio kempingben, Cavallino Treportiban: szervezett programok gyerekek \u00e9s feln\u0151ttek r\u00e9sz\u00e9re, kir\u00e1ndul\u00e1sok \u00e9s sok egy\u00e9b. L\u00e9pjen vel\u00fcnk kapcsolatba!","og_url":"https:\/\/www.casavio.com\/hu\/szolgaltatasok\/","og_site_name":"Camping Ca&#039; Savio","article_publisher":"https:\/\/www.facebook.com\/campingcasavio","article_modified_time":"2021-10-18T10:12:52+00:00","twitter_card":"summary_large_image","schema":{"@context":"https:\/\/schema.org","@graph":[{"@type":"WebPage","@id":"https:\/\/www.casavio.com\/hu\/szolgaltatasok\/","url":"https:\/\/www.casavio.com\/hu\/szolgaltatasok\/","name":"Szervezett programok, kir\u00e1ndul\u00e1sok, sz\u00f3rakoz\u00e1s a Ca\u2019 Savio kempingben&#8211; Camping Ca&#039; Savio","isPartOf":{"@id":"https:\/\/www.casavio.com\/hu\/#website"},"datePublished":"2019-10-21T13:22:25+00:00","dateModified":"2021-10-18T10:12:52+00:00","description":"T\u00e1j\u00e9koz\u00f3djon az \u00d6n \u00e9s gyermekei sz\u00e1m\u00e1ra szervezett szabadid\u0151s programok lehet\u0151s\u00e9g\u00e9r\u0151l a Ca\u2019 Savio kempingben, Cavallino Treportiban: szervezett programok gyerekek \u00e9s feln\u0151ttek r\u00e9sz\u00e9re, kir\u00e1ndul\u00e1sok \u00e9s sok egy\u00e9b. L\u00e9pjen vel\u00fcnk kapcsolatba!","breadcrumb":{"@id":"https:\/\/www.casavio.com\/hu\/szolgaltatasok\/#breadcrumb"},"inLanguage":"hu","potentialAction":[{"@type":"ReadAction","target":["https:\/\/www.casavio.com\/hu\/szolgaltatasok\/"]}]},{"@type":"BreadcrumbList","@id":"https:\/\/www.casavio.com\/hu\/szolgaltatasok\/#breadcrumb","itemListElement":[{"@type":"ListItem","position":1,"name":"Home","item":"https:\/\/www.casavio.com\/hu\/"},{"@type":"ListItem","position":2,"name":"Szolg\u00e1ltat\u00e1sok"}]},{"@type":"WebSite","@id":"https:\/\/www.casavio.com\/hu\/#website","url":"https:\/\/www.casavio.com\/hu\/","name":"Camping Ca&#039; Savio","description":"","publisher":{"@id":"https:\/\/www.casavio.com\/hu\/#organization"},"potentialAction":[{"@type":"SearchAction","target":{"@type":"EntryPoint","urlTemplate":"https:\/\/www.casavio.com\/hu\/?s={search_term_string}"},"query-input":{"@type":"PropertyValueSpecification","valueRequired":true,"valueName":"search_term_string"}}],"inLanguage":"hu"},{"@type":"Organization","@id":"https:\/\/www.casavio.com\/hu\/#organization","name":"Camping Ca'Savio","url":"https:\/\/www.casavio.com\/hu\/","logo":{"@type":"ImageObject","inLanguage":"hu","@id":"https:\/\/www.casavio.com\/hu\/#\/schema\/logo\/image\/","url":"https:\/\/www.casavio.com\/wp-content\/uploads\/2024\/04\/favicon.png","contentUrl":"https:\/\/www.casavio.com\/wp-content\/uploads\/2024\/04\/favicon.png","width":144,"height":144,"caption":"Camping Ca'Savio"},"image":{"@id":"https:\/\/www.casavio.com\/hu\/#\/schema\/logo\/image\/"},"sameAs":["https:\/\/www.facebook.com\/campingcasavio","https:\/\/www.instagram.com\/campingcasavio","https:\/\/www.youtube.com\/user\/campingcasavio"]}]}},"_links":{"self":[{"href":"https:\/\/www.casavio.com\/hu\/wp-json\/wp\/v2\/pages\/10095","targetHints":{"allow":["GET"]}}],"collection":[{"href":"https:\/\/www.casavio.com\/hu\/wp-json\/wp\/v2\/pages"}],"about":[{"href":"https:\/\/www.casavio.com\/hu\/wp-json\/wp\/v2\/types\/page"}],"author":[{"embeddable":true,"href":"https:\/\/www.casavio.com\/hu\/wp-json\/wp\/v2\/users\/2"}],"replies":[{"embeddable":true,"href":"https:\/\/www.casavio.com\/hu\/wp-json\/wp\/v2\/comments?post=10095"}],"version-history":[{"count":2,"href":"https:\/\/www.casavio.com\/hu\/wp-json\/wp\/v2\/pages\/10095\/revisions"}],"predecessor-version":[{"id":20551,"href":"https:\/\/www.casavio.com\/hu\/wp-json\/wp\/v2\/pages\/10095\/revisions\/20551"}],"wp:attachment":[{"href":"https:\/\/www.casavio.com\/hu\/wp-json\/wp\/v2\/media?parent=10095"}],"curies":[{"name":"wp","href":"https:\/\/api.w.org\/{rel}","templated":true}]}}